{"id":34730,"date":"2024-04-03T08:57:10","date_gmt":"2024-04-03T06:57:10","guid":{"rendered":"https:\/\/www.electrosuisse.ch\/?page_id=34730"},"modified":"2026-03-17T12:36:53","modified_gmt":"2026-03-17T11:36:53","slug":"optimisation-energetique","status":"publish","type":"page","link":"https:\/\/www.electrosuisse.ch\/fr\/engineering\/optimisation-energetique\/","title":{"rendered":"Optimisation \u00e9nerg\u00e9tique"},"content":{"rendered":"<div class=\"wpb-content-wrapper\"><p>[vc_row][vc_column][vc_column_text]Dans de nombreuses entreprises, des mesures simples permettent d\u00e9j\u00e0 d&#8217;\u00e9conomiser une \u00e9nergie consid\u00e9rable sans pour autant porter atteinte aux proc\u00e9d\u00e9s de l&#8217;entreprise. L&#8217;optimisation \u00e9nerg\u00e9tique de l&#8217;exploitation\u00a0(O\u00e9E), activement soutenue par le programme f\u00e9d\u00e9ral \u00ab\u00a0SuisseEnergie\u00a0\u00bb, est une proc\u00e9dure reconnue et un \u00e9l\u00e9ment essentiel de l&#8217;optimisation \u00e9nerg\u00e9tique du syst\u00e8me global. Elle permet de r\u00e9duire de jusqu&#8217;\u00e0 15% la consommation \u00e9nerg\u00e9tique des entreprises, sans compromis sur le confort ou les proc\u00e9d\u00e9s de production. Vous pouvez r\u00e9duire vos co\u00fbts d&#8217;exploitation tout en agissant de mani\u00e8re plus transparente.<\/p>\n<h3>Avantages de l&#8217;optimisation \u00e9nerg\u00e9tique<\/h3>\n<ul>\n<li>R\u00e9duction de jusqu&#8217;\u00e0 15% de la consommation \u00e9nerg\u00e9tique (chaleur + \u00e9lectricit\u00e9)<\/li>\n<li>Respect des exigences l\u00e9gales pour les PME<\/li>\n<li>R\u00e9duction des \u00e9missions et de l&#8217;usure des installations<\/li>\n<li>Pr\u00e9paration aux situations de p\u00e9nurie d&#8217;\u00e9nergie<\/li>\n<li>R\u00e9alisation des objectifs d&#8217;efficacit\u00e9 et respect des directives internes<\/li>\n<\/ul>\n<p>L&#8217;optimisation \u00e9nerg\u00e9tique apporte une solution aux d\u00e9fis tels que les besoins \u00e9nerg\u00e9tiques excessifs, les op\u00e9rations inutiles ou les probl\u00e8mes de confort.[\/vc_column_text][\/vc_column][\/vc_row][vc_row el_id=&#8221;angebot&#8221;][vc_column][vc_column_text]<\/p>\n<h3>Notre offre<\/h3>\n<p>Nous proposons une optimisation \u00e9nerg\u00e9tique globale afin d&#8217;am\u00e9liorer vos processus de mani\u00e8re judicieuse et durable. Notre approche transparente comprend des mesures, des analyses d\u00e9taill\u00e9es et des mesures individuelles. Nous garantissons des avantages r\u00e9els, de la transparence, la faisabilit\u00e9 et un contr\u00f4le final des r\u00e9sultats.<\/p>\n<h3>Vos avantages<\/h3>\n<ul>\n<li>Exploitation plus efficace<\/li>\n<li>\u00c9conomies en termes d&#8217;\u00e9nergie et de co\u00fbts<\/li>\n<li>Mise en \u0153uvre simple sans surco\u00fbt<\/li>\n<li>Amortissement en quelques mois, jusqu\u2019\u00e0 deux ans au maximum<\/li>\n<\/ul>\n<h3>Possibilit\u00e9s de subventions<\/h3>\n<p>Certains cantons accordent des subventions pour les optimisations \u00e9nerg\u00e9tiques. Nous nous ferons un plaisir d\u2019examiner pour vous les possibilit\u00e9s de subvention.<\/p>\n<h3>Nos sp\u00e9cialistes<\/h3>\n<p>En tant qu&#8217;organisation professionnelle ind\u00e9pendante pour l&#8217;\u00e9lectrotechnique, les technologies de l\u2019\u00e9nergie et de l&#8217;information, nous regroupons les comp\u00e9tences de diff\u00e9rents secteurs. Nos sp\u00e9cialistes des domaines de l\u2019\u00e9lectrotechnique, des technologies de l&#8217;\u00e9nergie et de l&#8217;environnement, du CVC, du g\u00e9nie des proc\u00e9d\u00e9s, de la construction m\u00e9canique et de la science des donn\u00e9es travaillent de mani\u00e8re interdisciplinaire et cibl\u00e9e \u00e0 la recherche de solutions \u00e0 vos d\u00e9fis. Nous vous soutenons volontiers sur la voie vers une exploitation optimis\u00e9e et un avenir efficace.[\/vc_column_text][\/vc_column][\/vc_row][vc_row el_id=&#8221;kontakt&#8221;][vc_column][vc_column_text]<\/p>\n<h2>Contact<\/h2>\n<p>[\/vc_column_text]<div class=\"wpb_contact_column wpb_content_element wpb_contact_column--container\"><div class=\"wpb_wrapper\"><div class=\"contact_container_outer\"><div class=\"contact_container\"><div class=\"contact row middle-xs\"><div class=\"contact__img col-sm-5 col-xs-12\"><img decoding=\"async\" src=\"https:\/\/www.electrosuisse.ch\/wp-content\/uploads\/2024\/08\/StefanBaer_302x302.png\" alt=\"Stefan B\u00e4r - Chef d'\u00e9quipe Ing\u00e9nierie Est\" \/><\/div><div class=\"contact__info col-sm-7 col-xs-12\"><p><b>Stefan B\u00e4r<\/b><br>Chef d'\u00e9quipe Ing\u00e9nierie Est<\/p><div class=\"phone has-link\"><a href=\"tel:+41585951571\">+41 58 595 15 71<\/a><\/div><div class=\"mail has-link\"><a href=\"mailto:&#115;&#x74;&#101;&#x66;&#97;&#x6e;&#46;&#x62;a&#101;&#x72;&#64;&#x65;&#108;&#x65;c&#x74;r&#111;&#x73;&#117;&#x69;&#115;&#x73;&#101;&#x2e;c&#x68;\">&#x73;&#116;&#x65;&#x66;a&#x6e;&#46;b&#x61;&#101;r&#x40;&#101;&#x6c;&#x65;c&#x74;&#114;o&#x73;&#117;i&#x73;&#115;&#x65;&#x2e;&#99;&#x68;<\/a><\/div><\/div><\/div><\/div><\/div><div class=\"contact_container_outer\"><div class=\"contact_container\"><div class=\"contact row middle-xs\"><div class=\"contact__img col-sm-5 col-xs-12\"><img decoding=\"async\" src=\"https:\/\/www.electrosuisse.ch\/wp-content\/uploads\/2025\/09\/Felix-Bigler_320x320.png\" alt=\"Felix Bigler - Chef d'\u00e9quipe Ing\u00e9nierie Ouest\" \/><\/div><div class=\"contact__info col-sm-7 col-xs-12\"><p><b>Felix Bigler<\/b><br>Chef d'\u00e9quipe Ing\u00e9nierie Ouest<\/p><div class=\"phone has-link\"><a href=\"tel:+41585951575\">+41 58 595 15 75<\/a><\/div><div class=\"mail has-link\"><a href=\"mailto:&#x66;&#x65;&#108;&#105;x&#46;&#x62;&#x69;&#x67;&#108;er&#x40;&#x65;&#x6c;&#101;&#99;t&#x72;&#x6f;&#x73;&#117;&#105;s&#x73;&#x65;&#x2e;&#99;&#104;\">&#x66;&#101;&#x6c;&#x69;&#120;&#x2e;&#98;i&#x67;&#108;e&#x72;&#64;e&#x6c;&#101;c&#x74;&#114;&#x6f;&#x73;&#117;&#x69;&#x73;&#115;&#x65;&#46;c&#x68;<\/a><\/div><\/div><\/div><\/div><\/div><div class=\"contact_container_outer\"><div class=\"contact_container\"><div class=\"contact row middle-xs\"><div class=\"contact__img col-sm-5 col-xs-12\"><img decoding=\"async\" src=\"\/wp-content\/themes\/SCHMUCKI_child\/img\/contact_placeholder.jpg\" alt=\"Conseil, Contr\u00f4les et Ing\u00e9nierie\" \/><\/div><div class=\"contact__info col-sm-7 col-xs-12\"><p><b>Conseil, Contr\u00f4les et Ing\u00e9nierie<\/b><br>Service de Bureau<\/p><div class=\"phone has-link\"><a href=\"tel:+41585951199\">+41 58 595 11 99<\/a><\/div><div class=\"mail has-link\"><a href=\"mailto:&#98;&#x65;r&#97;&#x74;u&#110;&#x67;&#64;&#101;&#x6c;e&#99;&#x74;r&#111;&#x73;u&#105;&#x73;s&#101;&#x2e;c&#104;\">&#98;&#x65;r&#97;&#x74;u&#110;&#x67;&#64;&#101;&#x6c;e&#99;&#x74;&#114;&#x6f;&#x73;&#117;&#x69;&#x73;&#115;&#x65;&#46;&#99;&#x68;<\/a><\/div><\/div><\/div><\/div><\/div><\/div><\/div>[\/vc_column][\/vc_row]<\/p>\n<\/div>","protected":false},"excerpt":{"rendered":"<p>[vc_row][vc_column][vc_column_text]Dans de nombreuses entreprises, des mesures simples permettent d\u00e9j\u00e0 d&#8217;\u00e9conomiser une \u00e9nergie consid\u00e9rable sans pour autant porter atteinte aux proc\u00e9d\u00e9s de l&#8217;entreprise. L&#8217;optimisation \u00e9nerg\u00e9tique de l&#8217;exploitation\u00a0(O\u00e9E), activement soutenue par le programme f\u00e9d\u00e9ral \u00ab\u00a0SuisseEnergie\u00a0\u00bb, est une proc\u00e9dure reconnue et un \u00e9l\u00e9ment essentiel de l&#8217;optimisation \u00e9nerg\u00e9tique du syst\u00e8me global. Elle permet de r\u00e9duire de jusqu&#8217;\u00e0 15% la [&hellip;]<\/p>\n","protected":false},"author":38,"featured_media":0,"parent":4116,"menu_order":265,"comment_status":"closed","ping_status":"closed","template":"","meta":{"_acf_changed":false,"_monsterinsights_skip_tracking":false,"_monsterinsights_sitenote_active":false,"_monsterinsights_sitenote_note":"","_monsterinsights_sitenote_category":0,"footnotes":""},"class_list":["post-34730","page","type-page","status-publish","hentry"],"acf":[],"yoast_head":"<!-- This site is optimized with the Yoast SEO Premium plugin v26.4 (Yoast SEO v27.0) - https:\/\/yoast.com\/product\/yoast-seo-premium-wordpress\/ -->\n<title>Optimisation \u00e9nerg\u00e9tique<\/title>\n<meta name=\"description\" content=\"Mesures d&#039;\u00e9conomie d&#039;\u00e9nergie pour entreprises : jusqu&#039;\u00e0 15% de r\u00e9duction avec l&#039;O\u00e9E et \u00ab SuisseEnergie \u00bb. Am\u00e9liore efficacit\u00e9 sans compromettre production ou confort. R\u00e9duit co\u00fbts d&#039;exploitation.\" \/>\n<meta name=\"robots\" content=\"index, follow, max-snippet:-1, max-image-preview:large, max-video-preview:-1\" \/>\n<link rel=\"canonical\" href=\"https:\/\/www.electrosuisse.ch\/fr\/engineering\/optimisation-energetique\/\" \/>\n<meta property=\"og:locale\" content=\"fr_FR\" \/>\n<meta property=\"og:type\" content=\"article\" \/>\n<meta property=\"og:title\" content=\"Optimisation \u00e9nerg\u00e9tique\" \/>\n<meta property=\"og:description\" content=\"Mesures d&#039;\u00e9conomie d&#039;\u00e9nergie pour entreprises : jusqu&#039;\u00e0 15% de r\u00e9duction avec l&#039;O\u00e9E et \u00ab SuisseEnergie \u00bb. Am\u00e9liore efficacit\u00e9 sans compromettre production ou confort. R\u00e9duit co\u00fbts d&#039;exploitation.\" \/>\n<meta property=\"og:url\" content=\"https:\/\/www.electrosuisse.ch\/fr\/engineering\/optimisation-energetique\/\" \/>\n<meta property=\"og:site_name\" content=\"Electrosuisse\" \/>\n<meta property=\"article:modified_time\" content=\"2026-03-17T11:36:53+00:00\" \/>\n<meta property=\"og:image\" content=\"https:\/\/www.electrosuisse.ch\/wp-content\/uploads\/2019\/04\/Electrosuisse_Power_Quality_Netzqualitaet_iStock-588367166.jpg\" \/>\n\t<meta property=\"og:image:width\" content=\"1578\" \/>\n\t<meta property=\"og:image:height\" content=\"650\" \/>\n\t<meta property=\"og:image:type\" content=\"image\/jpeg\" \/>\n<script type=\"application\/ld+json\" class=\"yoast-schema-graph\">{\"@context\":\"https:\/\/schema.org\",\"@graph\":[{\"@type\":\"WebPage\",\"@id\":\"https:\/\/www.electrosuisse.ch\/fr\/engineering\/optimisation-energetique\/\",\"url\":\"https:\/\/www.electrosuisse.ch\/fr\/engineering\/optimisation-energetique\/\",\"name\":\"Optimisation \u00e9nerg\u00e9tique\",\"isPartOf\":{\"@id\":\"https:\/\/www.electrosuisse.ch\/fr\/#website\"},\"datePublished\":\"2024-04-03T06:57:10+00:00\",\"dateModified\":\"2026-03-17T11:36:53+00:00\",\"description\":\"Mesures d'\u00e9conomie d'\u00e9nergie pour entreprises : jusqu'\u00e0 15% de r\u00e9duction avec l'O\u00e9E et \u00ab SuisseEnergie \u00bb. Am\u00e9liore efficacit\u00e9 sans compromettre production ou confort. R\u00e9duit co\u00fbts d'exploitation.\",\"breadcrumb\":{\"@id\":\"https:\/\/www.electrosuisse.ch\/fr\/engineering\/optimisation-energetique\/#breadcrumb\"},\"inLanguage\":\"fr-FR\",\"potentialAction\":[{\"@type\":\"ReadAction\",\"target\":[\"https:\/\/www.electrosuisse.ch\/fr\/engineering\/optimisation-energetique\/\"]}]},{\"@type\":\"BreadcrumbList\",\"@id\":\"https:\/\/www.electrosuisse.ch\/fr\/engineering\/optimisation-energetique\/#breadcrumb\",\"itemListElement\":[{\"@type\":\"ListItem\",\"position\":1,\"name\":\"Engineering\",\"item\":\"https:\/\/www.electrosuisse.ch\/fr\/engineering\/\"},{\"@type\":\"ListItem\",\"position\":2,\"name\":\"Optimisation \u00e9nerg\u00e9tique\"}]},{\"@type\":\"WebSite\",\"@id\":\"https:\/\/www.electrosuisse.ch\/fr\/#website\",\"url\":\"https:\/\/www.electrosuisse.ch\/fr\/\",\"name\":\"Electrosuisse\",\"description\":\"\",\"publisher\":{\"@id\":\"https:\/\/www.electrosuisse.ch\/fr\/#organization\"},\"potentialAction\":[{\"@type\":\"SearchAction\",\"target\":{\"@type\":\"EntryPoint\",\"urlTemplate\":\"https:\/\/www.electrosuisse.ch\/fr\/?s={search_term_string}\"},\"query-input\":{\"@type\":\"PropertyValueSpecification\",\"valueRequired\":true,\"valueName\":\"search_term_string\"}}],\"inLanguage\":\"fr-FR\"},{\"@type\":\"Organization\",\"@id\":\"https:\/\/www.electrosuisse.ch\/fr\/#organization\",\"name\":\"Electrosuisse\",\"url\":\"https:\/\/www.electrosuisse.ch\/fr\/\",\"logo\":{\"@type\":\"ImageObject\",\"inLanguage\":\"fr-FR\",\"@id\":\"https:\/\/www.electrosuisse.ch\/fr\/#\/schema\/logo\/image\/\",\"url\":\"https:\/\/www.electrosuisse.ch\/wp-content\/uploads\/2025\/04\/Electrosuisse_Logo_696x696.png\",\"contentUrl\":\"https:\/\/www.electrosuisse.ch\/wp-content\/uploads\/2025\/04\/Electrosuisse_Logo_696x696.png\",\"width\":696,\"height\":696,\"caption\":\"Electrosuisse\"},\"image\":{\"@id\":\"https:\/\/www.electrosuisse.ch\/fr\/#\/schema\/logo\/image\/\"},\"sameAs\":[\"https:\/\/www.linkedin.com\/company\/electrosuisse-ag\/posts\/?feedView=all\",\"https:\/\/www.instagram.com\/electrosuisse1889\/\",\"https:\/\/www.youtube.com\/channel\/UCoOxohMiVE0Gjcdis1L09zw\"],\"description\":\"Electrosuisse ist eine anerkannte und unabh\u00e4ngige Fachorganisation, die erstklassige Dienstleistungen und Produkte in den Bereichen Inspektion, Beratung, Pr\u00fcfung, Zertifizierung, Normung und Weiterbildung anbietet. Unsere Expertise umfasst Elektrotechnik, Elektromobilit\u00e4t, Energieberatung, Geb\u00e4udeautomation und Photovoltaik in der Schweiz. Durch die Veranstaltung etablierter Branchen-Events und Fachtagungen f\u00f6rdert Electrosuisse den Wissenstransfer und den fachlichen Austausch. Im Mittelpunkt unserer T\u00e4tigkeiten steht die F\u00f6rderung der sicheren, wirtschaftlichen und umweltgerechten Anwendung der Elektrotechnik.\"}]}<\/script>\n<!-- \/ Yoast SEO Premium plugin. -->","yoast_head_json":{"title":"Optimisation \u00e9nerg\u00e9tique","description":"Mesures d'\u00e9conomie d'\u00e9nergie pour entreprises : jusqu'\u00e0 15% de r\u00e9duction avec l'O\u00e9E et \u00ab SuisseEnergie \u00bb. Am\u00e9liore efficacit\u00e9 sans compromettre production ou confort. R\u00e9duit co\u00fbts d'exploitation.","robots":{"index":"index","follow":"follow","max-snippet":"max-snippet:-1","max-image-preview":"max-image-preview:large","max-video-preview":"max-video-preview:-1"},"canonical":"https:\/\/www.electrosuisse.ch\/fr\/engineering\/optimisation-energetique\/","og_locale":"fr_FR","og_type":"article","og_title":"Optimisation \u00e9nerg\u00e9tique","og_description":"Mesures d'\u00e9conomie d'\u00e9nergie pour entreprises : jusqu'\u00e0 15% de r\u00e9duction avec l'O\u00e9E et \u00ab SuisseEnergie \u00bb. Am\u00e9liore efficacit\u00e9 sans compromettre production ou confort. R\u00e9duit co\u00fbts d'exploitation.","og_url":"https:\/\/www.electrosuisse.ch\/fr\/engineering\/optimisation-energetique\/","og_site_name":"Electrosuisse","article_modified_time":"2026-03-17T11:36:53+00:00","og_image":[{"width":1578,"height":650,"url":"https:\/\/www.electrosuisse.ch\/wp-content\/uploads\/2019\/04\/Electrosuisse_Power_Quality_Netzqualitaet_iStock-588367166.jpg","type":"image\/jpeg"}],"schema":{"@context":"https:\/\/schema.org","@graph":[{"@type":"WebPage","@id":"https:\/\/www.electrosuisse.ch\/fr\/engineering\/optimisation-energetique\/","url":"https:\/\/www.electrosuisse.ch\/fr\/engineering\/optimisation-energetique\/","name":"Optimisation \u00e9nerg\u00e9tique","isPartOf":{"@id":"https:\/\/www.electrosuisse.ch\/fr\/#website"},"datePublished":"2024-04-03T06:57:10+00:00","dateModified":"2026-03-17T11:36:53+00:00","description":"Mesures d'\u00e9conomie d'\u00e9nergie pour entreprises : jusqu'\u00e0 15% de r\u00e9duction avec l'O\u00e9E et \u00ab SuisseEnergie \u00bb. Am\u00e9liore efficacit\u00e9 sans compromettre production ou confort. R\u00e9duit co\u00fbts d'exploitation.","breadcrumb":{"@id":"https:\/\/www.electrosuisse.ch\/fr\/engineering\/optimisation-energetique\/#breadcrumb"},"inLanguage":"fr-FR","potentialAction":[{"@type":"ReadAction","target":["https:\/\/www.electrosuisse.ch\/fr\/engineering\/optimisation-energetique\/"]}]},{"@type":"BreadcrumbList","@id":"https:\/\/www.electrosuisse.ch\/fr\/engineering\/optimisation-energetique\/#breadcrumb","itemListElement":[{"@type":"ListItem","position":1,"name":"Engineering","item":"https:\/\/www.electrosuisse.ch\/fr\/engineering\/"},{"@type":"ListItem","position":2,"name":"Optimisation \u00e9nerg\u00e9tique"}]},{"@type":"WebSite","@id":"https:\/\/www.electrosuisse.ch\/fr\/#website","url":"https:\/\/www.electrosuisse.ch\/fr\/","name":"Electrosuisse","description":"","publisher":{"@id":"https:\/\/www.electrosuisse.ch\/fr\/#organization"},"potentialAction":[{"@type":"SearchAction","target":{"@type":"EntryPoint","urlTemplate":"https:\/\/www.electrosuisse.ch\/fr\/?s={search_term_string}"},"query-input":{"@type":"PropertyValueSpecification","valueRequired":true,"valueName":"search_term_string"}}],"inLanguage":"fr-FR"},{"@type":"Organization","@id":"https:\/\/www.electrosuisse.ch\/fr\/#organization","name":"Electrosuisse","url":"https:\/\/www.electrosuisse.ch\/fr\/","logo":{"@type":"ImageObject","inLanguage":"fr-FR","@id":"https:\/\/www.electrosuisse.ch\/fr\/#\/schema\/logo\/image\/","url":"https:\/\/www.electrosuisse.ch\/wp-content\/uploads\/2025\/04\/Electrosuisse_Logo_696x696.png","contentUrl":"https:\/\/www.electrosuisse.ch\/wp-content\/uploads\/2025\/04\/Electrosuisse_Logo_696x696.png","width":696,"height":696,"caption":"Electrosuisse"},"image":{"@id":"https:\/\/www.electrosuisse.ch\/fr\/#\/schema\/logo\/image\/"},"sameAs":["https:\/\/www.linkedin.com\/company\/electrosuisse-ag\/posts\/?feedView=all","https:\/\/www.instagram.com\/electrosuisse1889\/","https:\/\/www.youtube.com\/channel\/UCoOxohMiVE0Gjcdis1L09zw"],"description":"Electrosuisse ist eine anerkannte und unabh\u00e4ngige Fachorganisation, die erstklassige Dienstleistungen und Produkte in den Bereichen Inspektion, Beratung, Pr\u00fcfung, Zertifizierung, Normung und Weiterbildung anbietet. Unsere Expertise umfasst Elektrotechnik, Elektromobilit\u00e4t, Energieberatung, Geb\u00e4udeautomation und Photovoltaik in der Schweiz. Durch die Veranstaltung etablierter Branchen-Events und Fachtagungen f\u00f6rdert Electrosuisse den Wissenstransfer und den fachlichen Austausch. Im Mittelpunkt unserer T\u00e4tigkeiten steht die F\u00f6rderung der sicheren, wirtschaftlichen und umweltgerechten Anwendung der Elektrotechnik."}]}},"amp_enabled":true,"_links":{"self":[{"href":"https:\/\/www.electrosuisse.ch\/fr\/wp-json\/wp\/v2\/pages\/34730","targetHints":{"allow":["GET"]}}],"collection":[{"href":"https:\/\/www.electrosuisse.ch\/fr\/wp-json\/wp\/v2\/pages"}],"about":[{"href":"https:\/\/www.electrosuisse.ch\/fr\/wp-json\/wp\/v2\/types\/page"}],"author":[{"embeddable":true,"href":"https:\/\/www.electrosuisse.ch\/fr\/wp-json\/wp\/v2\/users\/38"}],"replies":[{"embeddable":true,"href":"https:\/\/www.electrosuisse.ch\/fr\/wp-json\/wp\/v2\/comments?post=34730"}],"version-history":[{"count":4,"href":"https:\/\/www.electrosuisse.ch\/fr\/wp-json\/wp\/v2\/pages\/34730\/revisions"}],"predecessor-version":[{"id":42970,"href":"https:\/\/www.electrosuisse.ch\/fr\/wp-json\/wp\/v2\/pages\/34730\/revisions\/42970"}],"up":[{"embeddable":true,"href":"https:\/\/www.electrosuisse.ch\/fr\/wp-json\/wp\/v2\/pages\/4116"}],"wp:attachment":[{"href":"https:\/\/www.electrosuisse.ch\/fr\/wp-json\/wp\/v2\/media?parent=34730"}],"curies":[{"name":"wp","href":"https:\/\/api.w.org\/{rel}","templated":true}]}}