{"id":34725,"date":"2024-04-03T08:50:21","date_gmt":"2024-04-03T06:50:21","guid":{"rendered":"https:\/\/www.electrosuisse.ch\/?page_id=34725"},"modified":"2026-03-17T12:37:35","modified_gmt":"2026-03-17T11:37:35","slug":"audit-energetique","status":"publish","type":"page","link":"https:\/\/www.electrosuisse.ch\/fr\/engineering\/audit-energetique\/","title":{"rendered":"Audit \u00e9nerg\u00e9tique"},"content":{"rendered":"<div class=\"wpb-content-wrapper\"><p>[vc_row][vc_column][vc_column_text]L&#8217;utilisation efficace de l&#8217;\u00e9nergie est essentielle, et ce, aussi bien dans les syst\u00e8mes \u00e9nerg\u00e9tiques actuels que futurs. Autant les \u00e9conomies en mati\u00e8re de co\u00fbts que les exigences r\u00e9glementaires et les incitations fond\u00e9es sur le march\u00e9 plaident en faveur d&#8217;une exploitation efficace. Un audit \u00e9nerg\u00e9tique peut mettre en \u00e9vidence les possibilit\u00e9s d&#8217;optimisation de mani\u00e8re m\u00e9thodique, et \u00eatre utilis\u00e9 pour une am\u00e9lioration active, structur\u00e9e et document\u00e9e de l\u2019efficacit\u00e9. Il permet d&#8217;analyser son propre syst\u00e8me \u00e9nerg\u00e9tique, de d\u00e9finir les \u00e9conomies potentielles et d&#8217;\u00e9laborer un plan de mesures concr\u00e8tes. De cette mani\u00e8re, il est possible de prendre des d\u00e9cisions bas\u00e9es sur des faits, de minimaliser les risques et d&#8217;acc\u00e9l\u00e9rer les processus de d\u00e9cision. Un audit selon la norme (SN) EN\u00a016247\u00a0(1-4) r\u00e9pond \u00e0 des standards de qualit\u00e9 \u00e9lev\u00e9es, est reconnu au niveau international (par exemple pour la certification selon la norme ISO\u00a050001) et se concentre sur les domaines des b\u00e2timents, des processus et du transport.<\/p>\n<h3>Contenu de l&#8217;audit \u00e9nerg\u00e9tique<\/h3>\n<ul>\n<li>Preuve bas\u00e9e sur des normes reconnues \u00e0 l\u2019\u00e9chelle internationale<\/li>\n<li>Analyse m\u00e9thodique et reconstituable<\/li>\n<li>Relev\u00e9 des facteurs statiques, de la performance \u00e9nerg\u00e9tique et des variables pertinentes<\/li>\n<li>Aper\u00e7u de la pertinence des consommateurs \u00e9nerg\u00e9tiques<\/li>\n<li>Base de donn\u00e9es pour les investissements dans l&#8217;efficacit\u00e9 \u00e9nerg\u00e9tique<\/li>\n<\/ul>\n<p>Un audit \u00e9nerg\u00e9tique cr\u00e9e de la transparence et constitue la base d&#8217;une am\u00e9lioration constante de l&#8217;efficacit\u00e9 \u00e9nerg\u00e9tique dans votre entreprise.[\/vc_column_text][\/vc_column][\/vc_row][vc_row el_id=&#8221;angebot&#8221;][vc_column][vc_column_text]<\/p>\n<h3>Notre offre<\/h3>\n<p>Nous r\u00e9alisons un audit \u00e9nerg\u00e9tique global et \u00e9laborons avec vous des mesures \u00e0 prendre en vue d\u2019une optimisation r\u00e9ussie. Ces derni\u00e8res reposent sur les conclusions de l&#8217;audit \u00e9nerg\u00e9tique et doivent permettre d&#8217;obtenir le plus grand b\u00e9n\u00e9fice possible.<\/p>\n<p>Pour aboutir \u00e0 une \u00e9valuation pr\u00e9cise, nous misons sur des mesures ainsi que sur une compr\u00e9hension fondamentale de votre syst\u00e8me bas\u00e9e sur des donn\u00e9es. Nous vous offrons de multiples avantages gr\u00e2ce \u00e0 une meilleure transparence et \u00e0 des solutions compr\u00e9hensibles et r\u00e9alisables.<\/p>\n<h3>Vos avantages<\/h3>\n<ul>\n<li>Analyse globale<\/li>\n<li>Transparence am\u00e9lior\u00e9e en ce qui concerne vos consommateurs et votre syst\u00e8me \u00e9nerg\u00e9tique<\/li>\n<li>Strat\u00e9gie individuelle d&#8217;am\u00e9lioration de l&#8217;efficacit\u00e9 \u00e9nerg\u00e9tique<\/li>\n<li>Augmentation de la s\u00e9curit\u00e9 en mati\u00e8re de d\u00e9cision et d&#8217;investissements<\/li>\n<li>Am\u00e9lioration de la r\u00e9putation de l&#8217;entreprise<\/li>\n<\/ul>\n<h3>Nos sp\u00e9cialistes<\/h3>\n<p>En tant qu&#8217;organisation professionnelle ind\u00e9pendante pour l&#8217;\u00e9lectrotechnique, les technologies de l\u2019\u00e9nergie et de l&#8217;information, nous regroupons les comp\u00e9tences de diff\u00e9rents secteurs. Nos sp\u00e9cialistes des domaines de l\u2019\u00e9lectrotechnique, des technologies de l&#8217;\u00e9nergie et de l&#8217;environnement, de la chimie, du CVC, du g\u00e9nie des proc\u00e9d\u00e9s, de la construction m\u00e9canique et de la science des donn\u00e9es travaillent de mani\u00e8re interdisciplinaire et cibl\u00e9e \u00e0 la recherche de solutions \u00e0 vos d\u00e9fis. Nous vous soutenons volontiers sur la voie d&#8217;un syst\u00e8me \u00e9nerg\u00e9tique durable, dont la premi\u00e8re \u00e9tape est la r\u00e9alisation d\u2019un audit \u00e9nerg\u00e9tique bien fond\u00e9.[\/vc_column_text][\/vc_column][\/vc_row][vc_row el_id=&#8221;kontakt&#8221;][vc_column][vc_column_text]<\/p>\n<h2>Contact<\/h2>\n<p>[\/vc_column_text]<div class=\"wpb_contact_column wpb_content_element wpb_contact_column--container\"><div class=\"wpb_wrapper\"><div class=\"contact_container_outer\"><div class=\"contact_container\"><div class=\"contact row middle-xs\"><div class=\"contact__img col-sm-5 col-xs-12\"><img decoding=\"async\" src=\"https:\/\/www.electrosuisse.ch\/wp-content\/uploads\/2024\/08\/StefanBaer_302x302.png\" alt=\"Stefan B\u00e4r - Chef d'\u00e9quipe Ing\u00e9nierie Est\" \/><\/div><div class=\"contact__info col-sm-7 col-xs-12\"><p><b>Stefan B\u00e4r<\/b><br>Chef d'\u00e9quipe Ing\u00e9nierie Est<\/p><div class=\"phone has-link\"><a href=\"tel:+41585951571\">+41 58 595 15 71<\/a><\/div><div class=\"mail has-link\"><a href=\"mailto:&#115;t&#x65;f&#x61;n&#x2e;&#98;&#x61;&#101;&#x72;&#64;e&#x6c;e&#x63;t&#x72;&#111;&#x73;&#117;&#x69;&#115;&#x73;&#101;&#46;&#x63;h\">ste&#102;&#97;&#110;&#x2e;&#x62;&#x61;&#x65;&#x72;&#x40;ele&#99;&#116;&#114;&#111;&#x73;&#x75;&#x69;&#x73;&#x73;&#x65;&#46;ch<\/a><\/div><\/div><\/div><\/div><\/div><div class=\"contact_container_outer\"><div class=\"contact_container\"><div class=\"contact row middle-xs\"><div class=\"contact__img col-sm-5 col-xs-12\"><img decoding=\"async\" src=\"https:\/\/www.electrosuisse.ch\/wp-content\/uploads\/2025\/09\/Felix-Bigler_320x320.png\" alt=\"Felix Bigler - Chef d'\u00e9quipe Ing\u00e9nierie Ouest\" \/><\/div><div class=\"contact__info col-sm-7 col-xs-12\"><p><b>Felix Bigler<\/b><br>Chef d'\u00e9quipe Ing\u00e9nierie Ouest<\/p><div class=\"phone has-link\"><a href=\"tel:+41585951575\">+41 58 595 15 75<\/a><\/div><div class=\"mail has-link\"><a href=\"mailto:&#102;&#x65;l&#x69;&#x78;&#46;&#x62;i&#x67;&#x6c;&#101;&#x72;&#64;&#x65;&#x6c;&#101;&#x63;t&#x72;&#x6f;&#115;&#x75;i&#x73;&#x73;&#101;&#x2e;c&#x68;\">&#102;e&#x6c;i&#x78;&#46;&#x62;&#105;&#x67;&#108;e&#x72;&#64;&#x65;&#108;&#x65;&#99;&#x74;&#114;&#x6f;&#115;u&#x69;s&#x73;&#101;&#x2e;&#99;&#x68;<\/a><\/div><\/div><\/div><\/div><\/div><div class=\"contact_container_outer\"><div class=\"contact_container\"><div class=\"contact row middle-xs\"><div class=\"contact__img col-sm-5 col-xs-12\"><img decoding=\"async\" src=\"\/wp-content\/themes\/SCHMUCKI_child\/img\/contact_placeholder.jpg\" alt=\"Conseil, Contr\u00f4les et Ing\u00e9nierie\" \/><\/div><div class=\"contact__info col-sm-7 col-xs-12\"><p><b>Conseil, Contr\u00f4les et Ing\u00e9nierie<\/b><br>Service de Bureau<\/p><div class=\"phone has-link\"><a href=\"tel:+41585951199\">+41 58 595 11 99<\/a><\/div><div class=\"mail has-link\"><a href=\"mailto:&#98;&#x65;r&#x61;t&#117;&#x6e;&#103;&#x40;e&#108;&#x65;&#99;&#x74;r&#x6f;&#x73;&#117;&#x69;s&#x73;e&#46;&#x63;&#104;\">&#x62;&#x65;&#114;a&#x74;&#x75;&#x6e;&#103;&#64;&#x65;&#x6c;&#x65;&#99;t&#x72;&#x6f;&#x73;&#117;i&#x73;&#x73;&#x65;&#46;c&#x68;<\/a><\/div><\/div><\/div><\/div><\/div><\/div><\/div>[\/vc_column][\/vc_row]<\/p>\n<\/div>","protected":false},"excerpt":{"rendered":"<p>[vc_row][vc_column][vc_column_text]L&#8217;utilisation efficace de l&#8217;\u00e9nergie est essentielle, et ce, aussi bien dans les syst\u00e8mes \u00e9nerg\u00e9tiques actuels que futurs. Autant les \u00e9conomies en mati\u00e8re de co\u00fbts que les exigences r\u00e9glementaires et les incitations fond\u00e9es sur le march\u00e9 plaident en faveur d&#8217;une exploitation efficace. Un audit \u00e9nerg\u00e9tique peut mettre en \u00e9vidence les possibilit\u00e9s d&#8217;optimisation de mani\u00e8re m\u00e9thodique, et [&hellip;]<\/p>\n","protected":false},"author":38,"featured_media":0,"parent":4116,"menu_order":268,"comment_status":"closed","ping_status":"closed","template":"","meta":{"_acf_changed":false,"_monsterinsights_skip_tracking":false,"_monsterinsights_sitenote_active":false,"_monsterinsights_sitenote_note":"","_monsterinsights_sitenote_category":0,"footnotes":""},"class_list":["post-34725","page","type-page","status-publish","hentry"],"acf":[],"yoast_head":"<!-- This site is optimized with the Yoast SEO Premium plugin v26.4 (Yoast SEO v27.0) - https:\/\/yoast.com\/product\/yoast-seo-premium-wordpress\/ -->\n<title>Audit \u00e9nerg\u00e9tique - Electrosuisse<\/title>\n<meta name=\"description\" content=\"Efficacit\u00e9 \u00e9nerg\u00e9tique via audits selon EN 16247 (1-4) : analyse syst\u00e8mes, identifie \u00e9conomies, favorise d\u00e9cisions \u00e9clair\u00e9es. Couvre b\u00e2timents, processus, transport. Reconnu pour ISO 50001.\" \/>\n<meta name=\"robots\" content=\"index, follow, max-snippet:-1, max-image-preview:large, max-video-preview:-1\" \/>\n<link rel=\"canonical\" href=\"https:\/\/www.electrosuisse.ch\/fr\/engineering\/audit-energetique\/\" \/>\n<meta property=\"og:locale\" content=\"fr_FR\" \/>\n<meta property=\"og:type\" content=\"article\" \/>\n<meta property=\"og:title\" content=\"Audit \u00e9nerg\u00e9tique - Electrosuisse\" \/>\n<meta property=\"og:description\" content=\"Efficacit\u00e9 \u00e9nerg\u00e9tique via audits selon EN 16247 (1-4) : analyse syst\u00e8mes, identifie \u00e9conomies, favorise d\u00e9cisions \u00e9clair\u00e9es. Couvre b\u00e2timents, processus, transport. Reconnu pour ISO 50001.\" \/>\n<meta property=\"og:url\" content=\"https:\/\/www.electrosuisse.ch\/fr\/engineering\/audit-energetique\/\" \/>\n<meta property=\"og:site_name\" content=\"Electrosuisse\" \/>\n<meta property=\"article:modified_time\" content=\"2026-03-17T11:37:35+00:00\" \/>\n<meta property=\"og:image\" content=\"https:\/\/www.electrosuisse.ch\/wp-content\/uploads\/2019\/04\/Electrosuisse_Power_Quality_Netzqualitaet_iStock-588367166.jpg\" \/>\n\t<meta property=\"og:image:width\" content=\"1578\" \/>\n\t<meta property=\"og:image:height\" content=\"650\" \/>\n\t<meta property=\"og:image:type\" content=\"image\/jpeg\" \/>\n<script type=\"application\/ld+json\" class=\"yoast-schema-graph\">{\"@context\":\"https:\/\/schema.org\",\"@graph\":[{\"@type\":\"WebPage\",\"@id\":\"https:\/\/www.electrosuisse.ch\/fr\/engineering\/audit-energetique\/\",\"url\":\"https:\/\/www.electrosuisse.ch\/fr\/engineering\/audit-energetique\/\",\"name\":\"Audit \u00e9nerg\u00e9tique - Electrosuisse\",\"isPartOf\":{\"@id\":\"https:\/\/www.electrosuisse.ch\/fr\/#website\"},\"datePublished\":\"2024-04-03T06:50:21+00:00\",\"dateModified\":\"2026-03-17T11:37:35+00:00\",\"description\":\"Efficacit\u00e9 \u00e9nerg\u00e9tique via audits selon EN 16247 (1-4) : analyse syst\u00e8mes, identifie \u00e9conomies, favorise d\u00e9cisions \u00e9clair\u00e9es. Couvre b\u00e2timents, processus, transport. Reconnu pour ISO 50001.\",\"breadcrumb\":{\"@id\":\"https:\/\/www.electrosuisse.ch\/fr\/engineering\/audit-energetique\/#breadcrumb\"},\"inLanguage\":\"fr-FR\",\"potentialAction\":[{\"@type\":\"ReadAction\",\"target\":[\"https:\/\/www.electrosuisse.ch\/fr\/engineering\/audit-energetique\/\"]}]},{\"@type\":\"BreadcrumbList\",\"@id\":\"https:\/\/www.electrosuisse.ch\/fr\/engineering\/audit-energetique\/#breadcrumb\",\"itemListElement\":[{\"@type\":\"ListItem\",\"position\":1,\"name\":\"Engineering\",\"item\":\"https:\/\/www.electrosuisse.ch\/fr\/engineering\/\"},{\"@type\":\"ListItem\",\"position\":2,\"name\":\"Audit \u00e9nerg\u00e9tique\"}]},{\"@type\":\"WebSite\",\"@id\":\"https:\/\/www.electrosuisse.ch\/fr\/#website\",\"url\":\"https:\/\/www.electrosuisse.ch\/fr\/\",\"name\":\"Electrosuisse\",\"description\":\"\",\"publisher\":{\"@id\":\"https:\/\/www.electrosuisse.ch\/fr\/#organization\"},\"potentialAction\":[{\"@type\":\"SearchAction\",\"target\":{\"@type\":\"EntryPoint\",\"urlTemplate\":\"https:\/\/www.electrosuisse.ch\/fr\/?s={search_term_string}\"},\"query-input\":{\"@type\":\"PropertyValueSpecification\",\"valueRequired\":true,\"valueName\":\"search_term_string\"}}],\"inLanguage\":\"fr-FR\"},{\"@type\":\"Organization\",\"@id\":\"https:\/\/www.electrosuisse.ch\/fr\/#organization\",\"name\":\"Electrosuisse\",\"url\":\"https:\/\/www.electrosuisse.ch\/fr\/\",\"logo\":{\"@type\":\"ImageObject\",\"inLanguage\":\"fr-FR\",\"@id\":\"https:\/\/www.electrosuisse.ch\/fr\/#\/schema\/logo\/image\/\",\"url\":\"https:\/\/www.electrosuisse.ch\/wp-content\/uploads\/2025\/04\/Electrosuisse_Logo_696x696.png\",\"contentUrl\":\"https:\/\/www.electrosuisse.ch\/wp-content\/uploads\/2025\/04\/Electrosuisse_Logo_696x696.png\",\"width\":696,\"height\":696,\"caption\":\"Electrosuisse\"},\"image\":{\"@id\":\"https:\/\/www.electrosuisse.ch\/fr\/#\/schema\/logo\/image\/\"},\"sameAs\":[\"https:\/\/www.linkedin.com\/company\/electrosuisse-ag\/posts\/?feedView=all\",\"https:\/\/www.instagram.com\/electrosuisse1889\/\",\"https:\/\/www.youtube.com\/channel\/UCoOxohMiVE0Gjcdis1L09zw\"],\"description\":\"Electrosuisse ist eine anerkannte und unabh\u00e4ngige Fachorganisation, die erstklassige Dienstleistungen und Produkte in den Bereichen Inspektion, Beratung, Pr\u00fcfung, Zertifizierung, Normung und Weiterbildung anbietet. Unsere Expertise umfasst Elektrotechnik, Elektromobilit\u00e4t, Energieberatung, Geb\u00e4udeautomation und Photovoltaik in der Schweiz. Durch die Veranstaltung etablierter Branchen-Events und Fachtagungen f\u00f6rdert Electrosuisse den Wissenstransfer und den fachlichen Austausch. Im Mittelpunkt unserer T\u00e4tigkeiten steht die F\u00f6rderung der sicheren, wirtschaftlichen und umweltgerechten Anwendung der Elektrotechnik.\"}]}<\/script>\n<!-- \/ Yoast SEO Premium plugin. -->","yoast_head_json":{"title":"Audit \u00e9nerg\u00e9tique - Electrosuisse","description":"Efficacit\u00e9 \u00e9nerg\u00e9tique via audits selon EN 16247 (1-4) : analyse syst\u00e8mes, identifie \u00e9conomies, favorise d\u00e9cisions \u00e9clair\u00e9es. Couvre b\u00e2timents, processus, transport. Reconnu pour ISO 50001.","robots":{"index":"index","follow":"follow","max-snippet":"max-snippet:-1","max-image-preview":"max-image-preview:large","max-video-preview":"max-video-preview:-1"},"canonical":"https:\/\/www.electrosuisse.ch\/fr\/engineering\/audit-energetique\/","og_locale":"fr_FR","og_type":"article","og_title":"Audit \u00e9nerg\u00e9tique - Electrosuisse","og_description":"Efficacit\u00e9 \u00e9nerg\u00e9tique via audits selon EN 16247 (1-4) : analyse syst\u00e8mes, identifie \u00e9conomies, favorise d\u00e9cisions \u00e9clair\u00e9es. Couvre b\u00e2timents, processus, transport. Reconnu pour ISO 50001.","og_url":"https:\/\/www.electrosuisse.ch\/fr\/engineering\/audit-energetique\/","og_site_name":"Electrosuisse","article_modified_time":"2026-03-17T11:37:35+00:00","og_image":[{"width":1578,"height":650,"url":"https:\/\/www.electrosuisse.ch\/wp-content\/uploads\/2019\/04\/Electrosuisse_Power_Quality_Netzqualitaet_iStock-588367166.jpg","type":"image\/jpeg"}],"schema":{"@context":"https:\/\/schema.org","@graph":[{"@type":"WebPage","@id":"https:\/\/www.electrosuisse.ch\/fr\/engineering\/audit-energetique\/","url":"https:\/\/www.electrosuisse.ch\/fr\/engineering\/audit-energetique\/","name":"Audit \u00e9nerg\u00e9tique - Electrosuisse","isPartOf":{"@id":"https:\/\/www.electrosuisse.ch\/fr\/#website"},"datePublished":"2024-04-03T06:50:21+00:00","dateModified":"2026-03-17T11:37:35+00:00","description":"Efficacit\u00e9 \u00e9nerg\u00e9tique via audits selon EN 16247 (1-4) : analyse syst\u00e8mes, identifie \u00e9conomies, favorise d\u00e9cisions \u00e9clair\u00e9es. Couvre b\u00e2timents, processus, transport. Reconnu pour ISO 50001.","breadcrumb":{"@id":"https:\/\/www.electrosuisse.ch\/fr\/engineering\/audit-energetique\/#breadcrumb"},"inLanguage":"fr-FR","potentialAction":[{"@type":"ReadAction","target":["https:\/\/www.electrosuisse.ch\/fr\/engineering\/audit-energetique\/"]}]},{"@type":"BreadcrumbList","@id":"https:\/\/www.electrosuisse.ch\/fr\/engineering\/audit-energetique\/#breadcrumb","itemListElement":[{"@type":"ListItem","position":1,"name":"Engineering","item":"https:\/\/www.electrosuisse.ch\/fr\/engineering\/"},{"@type":"ListItem","position":2,"name":"Audit \u00e9nerg\u00e9tique"}]},{"@type":"WebSite","@id":"https:\/\/www.electrosuisse.ch\/fr\/#website","url":"https:\/\/www.electrosuisse.ch\/fr\/","name":"Electrosuisse","description":"","publisher":{"@id":"https:\/\/www.electrosuisse.ch\/fr\/#organization"},"potentialAction":[{"@type":"SearchAction","target":{"@type":"EntryPoint","urlTemplate":"https:\/\/www.electrosuisse.ch\/fr\/?s={search_term_string}"},"query-input":{"@type":"PropertyValueSpecification","valueRequired":true,"valueName":"search_term_string"}}],"inLanguage":"fr-FR"},{"@type":"Organization","@id":"https:\/\/www.electrosuisse.ch\/fr\/#organization","name":"Electrosuisse","url":"https:\/\/www.electrosuisse.ch\/fr\/","logo":{"@type":"ImageObject","inLanguage":"fr-FR","@id":"https:\/\/www.electrosuisse.ch\/fr\/#\/schema\/logo\/image\/","url":"https:\/\/www.electrosuisse.ch\/wp-content\/uploads\/2025\/04\/Electrosuisse_Logo_696x696.png","contentUrl":"https:\/\/www.electrosuisse.ch\/wp-content\/uploads\/2025\/04\/Electrosuisse_Logo_696x696.png","width":696,"height":696,"caption":"Electrosuisse"},"image":{"@id":"https:\/\/www.electrosuisse.ch\/fr\/#\/schema\/logo\/image\/"},"sameAs":["https:\/\/www.linkedin.com\/company\/electrosuisse-ag\/posts\/?feedView=all","https:\/\/www.instagram.com\/electrosuisse1889\/","https:\/\/www.youtube.com\/channel\/UCoOxohMiVE0Gjcdis1L09zw"],"description":"Electrosuisse ist eine anerkannte und unabh\u00e4ngige Fachorganisation, die erstklassige Dienstleistungen und Produkte in den Bereichen Inspektion, Beratung, Pr\u00fcfung, Zertifizierung, Normung und Weiterbildung anbietet. Unsere Expertise umfasst Elektrotechnik, Elektromobilit\u00e4t, Energieberatung, Geb\u00e4udeautomation und Photovoltaik in der Schweiz. Durch die Veranstaltung etablierter Branchen-Events und Fachtagungen f\u00f6rdert Electrosuisse den Wissenstransfer und den fachlichen Austausch. Im Mittelpunkt unserer T\u00e4tigkeiten steht die F\u00f6rderung der sicheren, wirtschaftlichen und umweltgerechten Anwendung der Elektrotechnik."}]}},"amp_enabled":true,"_links":{"self":[{"href":"https:\/\/www.electrosuisse.ch\/fr\/wp-json\/wp\/v2\/pages\/34725","targetHints":{"allow":["GET"]}}],"collection":[{"href":"https:\/\/www.electrosuisse.ch\/fr\/wp-json\/wp\/v2\/pages"}],"about":[{"href":"https:\/\/www.electrosuisse.ch\/fr\/wp-json\/wp\/v2\/types\/page"}],"author":[{"embeddable":true,"href":"https:\/\/www.electrosuisse.ch\/fr\/wp-json\/wp\/v2\/users\/38"}],"replies":[{"embeddable":true,"href":"https:\/\/www.electrosuisse.ch\/fr\/wp-json\/wp\/v2\/comments?post=34725"}],"version-history":[{"count":8,"href":"https:\/\/www.electrosuisse.ch\/fr\/wp-json\/wp\/v2\/pages\/34725\/revisions"}],"predecessor-version":[{"id":42971,"href":"https:\/\/www.electrosuisse.ch\/fr\/wp-json\/wp\/v2\/pages\/34725\/revisions\/42971"}],"up":[{"embeddable":true,"href":"https:\/\/www.electrosuisse.ch\/fr\/wp-json\/wp\/v2\/pages\/4116"}],"wp:attachment":[{"href":"https:\/\/www.electrosuisse.ch\/fr\/wp-json\/wp\/v2\/media?parent=34725"}],"curies":[{"name":"wp","href":"https:\/\/api.w.org\/{rel}","templated":true}]}}