{"id":34527,"date":"2024-03-15T09:08:48","date_gmt":"2024-03-15T08:08:48","guid":{"rendered":"https:\/\/www.electrosuisse.ch\/?page_id=34527"},"modified":"2026-03-17T12:37:07","modified_gmt":"2026-03-17T11:37:07","slug":"stockage-energie","status":"publish","type":"page","link":"https:\/\/www.electrosuisse.ch\/fr\/engineering\/stockage-energie\/","title":{"rendered":"Stockage d&#8217;\u00e9nergie"},"content":{"rendered":"<div class=\"wpb-content-wrapper\"><p>[vc_row][vc_column][vc_column_text el_class=&#8221;lead&#8221;]Les syst\u00e8mes de stockage d&#8217;\u00e9nergie gagnent en importance dans de nombreux cas d&#8217;application \u2013 que ce soit pour augmenter l&#8217;autoconsommation, optimiser la stabilit\u00e9 du r\u00e9seau ou r\u00e9duire l&#8217;utilisation de vecteurs \u00e9nerg\u00e9tiques \u00e0 fortes \u00e9missions. La politique, les entreprises ainsi que les entreprises d&#8217;approvisionnement en \u00e9nergie sont confront\u00e9es au d\u00e9fi d&#8217;assurer l&#8217;approvisionnement \u00e9nerg\u00e9tique et l\u2019exploitation au quotidien ainsi que de stocker l&#8217;\u00e9nergie exc\u00e9dentaire de mani\u00e8re efficace. Les syst\u00e8mes de stockage par batterie, les accumulateurs de chaleur ou de froid, les syst\u00e8mes de stockage sous forme d&#8217;\u00e9nergie m\u00e9canique et les vecteurs \u00e9nerg\u00e9tiques chimiques offrent une multitude de solutions pouvant \u00eatre combin\u00e9es de mani\u00e8re optimale dans le syst\u00e8me global pour aboutir \u00e0 une utilisation judicieuse de l&#8217;\u00e9nergie. En raison de la densit\u00e9 \u00e9nerg\u00e9tique \u00e9lev\u00e9e des grands syst\u00e8mes de stockage d&#8217;\u00e9nergie et du danger potentiel qui en d\u00e9coule, assurer la s\u00e9curit\u00e9 des installations, des accumulateurs et du personnel est d&#8217;une importance capitale. Pour ce faire, divers aspects techniques, juridiques, relatifs \u00e0 la construction ainsi qu&#8217;\u00e0 la disponibilit\u00e9 sont \u00e0 consid\u00e9rer en fonction de la technologie, de la taille du syst\u00e8me de stockage et du comportement en mati\u00e8re d&#8217;utilisation.<\/p>\n<p><strong>Avantages du stockage d&#8217;\u00e9nergie<\/strong><\/p>\n<ul>\n<li>Augmentation de l&#8217;autosuffisance et utilisation des surplus de production d&#8217;\u00e9nergie<\/li>\n<li>Optimisation de l&#8217;autoconsommation et r\u00e9duction des co\u00fbts<\/li>\n<li>Garantie de la s\u00e9curit\u00e9 d&#8217;approvisionnement ainsi que de la stabilit\u00e9 et de la qualit\u00e9 du r\u00e9seau<\/li>\n<li>\u00c9viter des \u00e9missions<\/li>\n<\/ul>\n<p>Un syst\u00e8me de stockage d&#8217;\u00e9nergie bien pens\u00e9 peut contribuer \u00e0 r\u00e9pondre aux d\u00e9fis auxquels vous \u00eates confront\u00e9s.[\/vc_column_text][\/vc_column][\/vc_row][vc_row el_id=&#8221;angebot&#8221;][vc_column][vc_column_text]<\/p>\n<h3>Notre offre<\/h3>\n<p>Nous \u00e9laborons un concept global pour l&#8217;int\u00e9gration efficace de syst\u00e8mes de stockage d&#8217;\u00e9nergie en fonction de vos exigences individuelles et vous accompagnons lors de la r\u00e9alisation. Pour ce faire, nous travaillons de mani\u00e8re interdisciplinaire et ouverte \u00e0 toute technologie, dans l&#8217;optique d&#8217;aboutir \u00e0 un concept \u00e9nerg\u00e9tique global pertinent. Une analyse approfondie de l&#8217;environnement et une comparaison des technologies utilisables permettent d&#8217;obtenir une vue d&#8217;ensemble transparente des possibilit\u00e9s et des opportunit\u00e9s. La fonctionnalit\u00e9, la s\u00e9curit\u00e9, la faisabilit\u00e9, la conformit\u00e9 \u00e0 la l\u00e9gislation, la durabilit\u00e9 et la rentabilit\u00e9 sont en tout temps au centre de notre attention.<\/p>\n<h3>Vos r\u00e9ussites<\/h3>\n<ul>\n<li>Utilisation de technologies fonctionnelles disponibles<\/li>\n<li>Solutions sur mesure et durables<\/li>\n<li>Syst\u00e8me s\u00fbr et conforme \u00e0 la l\u00e9gislation<\/li>\n<li>Clart\u00e9 sur les plans \u00e9conomique et strat\u00e9gique<\/li>\n<\/ul>\n<h3>Possibilit\u00e9s en mati\u00e8re de subventions<\/h3>\n<p>Les technologies de stockage de l&#8217;\u00e9nergie sont encourag\u00e9es par diff\u00e9rentes initiatives. Nous nous ferons un plaisir de clarifier pour vous les possibilit\u00e9s en mati\u00e8re de subventions.<\/p>\n<h3>Nos sp\u00e9cialistes<\/h3>\n<p>En tant qu&#8217;organisation sp\u00e9cialis\u00e9e ind\u00e9pendante pour l&#8217;\u00e9lectrotechnique, les technologies de l&#8217;\u00e9nergie et de l&#8217;information, nous regroupons les comp\u00e9tences de diff\u00e9rents secteurs. Nos sp\u00e9cialistes des domaines des technologies de l&#8217;environnement, de l&#8217;\u00e9nergie, de la chimie, des proc\u00e9d\u00e9s, du CVC, de l&#8217;\u00e9lectrotechnique, du g\u00e9nie m\u00e9canique et de la science des donn\u00e9es travaillent de mani\u00e8re interdisciplinaire et cibl\u00e9e pour trouver des solutions \u00e0 vos d\u00e9fis. Nous vous soutenons volontiers tout au long de votre parcours vers un syst\u00e8me \u00e9nerg\u00e9tique durable, et ce, \u00e9galement au-del\u00e0 du stockage de l&#8217;\u00e9nergie.[\/vc_column_text][\/vc_column][\/vc_row][vc_row el_id=&#8221;kontakt&#8221;][vc_column][vc_column_text]<\/p>\n<h2>Contact<\/h2>\n<p>[\/vc_column_text]<div class=\"wpb_contact_column wpb_content_element wpb_contact_column--container\"><div class=\"wpb_wrapper\"><div class=\"contact_container_outer\"><div class=\"contact_container\"><div class=\"contact row middle-xs\"><div class=\"contact__img col-sm-5 col-xs-12\"><img decoding=\"async\" src=\"https:\/\/www.electrosuisse.ch\/wp-content\/uploads\/2024\/08\/StefanBaer_302x302.png\" alt=\"Stefan B\u00e4r - Chef d'\u00e9quipe Ing\u00e9nierie Est\" \/><\/div><div class=\"contact__info col-sm-7 col-xs-12\"><p><b>Stefan B\u00e4r<\/b><br>Chef d'\u00e9quipe Ing\u00e9nierie Est<\/p><div class=\"phone has-link\"><a href=\"tel:+41585951571\">+41 58 595 15 71<\/a><\/div><div class=\"mail has-link\"><a href=\"mailto:&#x73;&#116;e&#x66;&#97;n&#x2e;&#x62;&#97;&#x65;&#x72;&#64;e&#x6c;&#101;c&#x74;&#x72;&#111;&#x73;&#x75;&#105;s&#x73;&#101;&#46;&#x63;&#x68;\">&#115;&#x74;e&#x66;a&#110;&#x2e;&#98;&#x61;e&#114;&#x40;&#101;&#x6c;e&#x63;&#x74;&#114;&#x6f;s&#x75;i&#115;&#x73;&#101;&#x2e;c&#104;<\/a><\/div><\/div><\/div><\/div><\/div><div class=\"contact_container_outer\"><div class=\"contact_container\"><div class=\"contact row middle-xs\"><div class=\"contact__img col-sm-5 col-xs-12\"><img decoding=\"async\" src=\"https:\/\/www.electrosuisse.ch\/wp-content\/uploads\/2025\/09\/Felix-Bigler_320x320.png\" alt=\"Felix Bigler - Chef d'\u00e9quipe Ing\u00e9nierie Ouest\" \/><\/div><div class=\"contact__info col-sm-7 col-xs-12\"><p><b>Felix Bigler<\/b><br>Chef d'\u00e9quipe Ing\u00e9nierie Ouest<\/p><div class=\"phone has-link\"><a href=\"tel:+41585951575\">+41 58 595 15 75<\/a><\/div><div class=\"mail has-link\"><a href=\"mailto:&#102;&#x65;&#108;&#x69;&#120;&#x2e;&#98;&#x69;&#103;&#x6c;&#101;&#x72;&#64;&#x65;l&#x65;c&#x74;r&#x6f;s&#x75;i&#115;&#x73;&#101;&#x2e;&#99;&#x68;\">&#102;&#x65;&#108;&#x69;x&#x2e;b&#105;&#x67;&#108;&#x65;&#114;&#x40;e&#x6c;e&#99;&#x74;&#114;&#x6f;s&#x75;i&#x73;&#x73;&#101;&#x2e;&#99;&#x68;<\/a><\/div><\/div><\/div><\/div><\/div><div class=\"contact_container_outer\"><div class=\"contact_container\"><div class=\"contact row middle-xs\"><div class=\"contact__img col-sm-5 col-xs-12\"><img decoding=\"async\" src=\"\/wp-content\/themes\/SCHMUCKI_child\/img\/contact_placeholder.jpg\" alt=\"Conseil, Contr\u00f4les et Ing\u00e9nierie\" \/><\/div><div class=\"contact__info col-sm-7 col-xs-12\"><p><b>Conseil, Contr\u00f4les et Ing\u00e9nierie<\/b><br>Service de Bureau<\/p><div class=\"phone has-link\"><a href=\"tel:+41585951199\">+41 58 595 11 99<\/a><\/div><div class=\"mail has-link\"><a href=\"mailto:&#x62;&#x65;&#114;&#97;&#116;u&#x6e;&#x67;&#x40;&#101;&#108;ec&#x74;&#x72;&#x6f;&#115;&#117;i&#x73;&#x73;&#x65;&#46;&#99;&#104;\">&#98;&#x65;r&#97;&#x74;u&#x6e;&#x67;&#64;&#x65;l&#101;&#x63;t&#114;&#x6f;&#115;&#x75;i&#115;&#x73;e&#46;&#x63;&#104;<\/a><\/div><\/div><\/div><\/div><\/div><\/div><\/div>[\/vc_column][\/vc_row]<\/p>\n<\/div>","protected":false},"excerpt":{"rendered":"<p>[vc_row][vc_column][vc_column_text el_class=&#8221;lead&#8221;]Les syst\u00e8mes de stockage d&#8217;\u00e9nergie gagnent en importance dans de nombreux cas d&#8217;application \u2013 que ce soit pour augmenter l&#8217;autoconsommation, optimiser la stabilit\u00e9 du r\u00e9seau ou r\u00e9duire l&#8217;utilisation de vecteurs \u00e9nerg\u00e9tiques \u00e0 fortes \u00e9missions. La politique, les entreprises ainsi que les entreprises d&#8217;approvisionnement en \u00e9nergie sont confront\u00e9es au d\u00e9fi d&#8217;assurer l&#8217;approvisionnement \u00e9nerg\u00e9tique et l\u2019exploitation [&hellip;]<\/p>\n","protected":false},"author":38,"featured_media":0,"parent":4116,"menu_order":260,"comment_status":"closed","ping_status":"closed","template":"","meta":{"_acf_changed":false,"_monsterinsights_skip_tracking":false,"_monsterinsights_sitenote_active":false,"_monsterinsights_sitenote_note":"","_monsterinsights_sitenote_category":0,"footnotes":""},"class_list":["post-34527","page","type-page","status-publish","hentry"],"acf":[],"yoast_head":"<!-- This site is optimized with the Yoast SEO Premium plugin v26.4 (Yoast SEO v27.0) - https:\/\/yoast.com\/product\/yoast-seo-premium-wordpress\/ -->\n<title>Augmenter l&#039;autosuffisance, utiliser au mieux l&#039;\u00e9nergie<\/title>\n<meta name=\"description\" content=\"Les syst\u00e8mes de stockage d&#039;\u00e9nergie deviennent cl\u00e9s pour la stabilit\u00e9 du r\u00e9seau et la r\u00e9duction des \u00e9missions. Des solutions s\u00fbres et efficaces sont prioritaires pour les politiques et fournisseurs d&#039;\u00e9nergie, tenant compte des aspects techniques, juridiques et de construction.\" \/>\n<meta name=\"robots\" content=\"index, follow, max-snippet:-1, max-image-preview:large, max-video-preview:-1\" \/>\n<link rel=\"canonical\" href=\"https:\/\/www.electrosuisse.ch\/fr\/engineering\/stockage-energie\/\" \/>\n<meta property=\"og:locale\" content=\"fr_FR\" \/>\n<meta property=\"og:type\" content=\"article\" \/>\n<meta property=\"og:title\" content=\"Augmenter l&#039;autosuffisance, utiliser au mieux l&#039;\u00e9nergie\" \/>\n<meta property=\"og:description\" content=\"Les syst\u00e8mes de stockage d&#039;\u00e9nergie deviennent cl\u00e9s pour la stabilit\u00e9 du r\u00e9seau et la r\u00e9duction des \u00e9missions. Des solutions s\u00fbres et efficaces sont prioritaires pour les politiques et fournisseurs d&#039;\u00e9nergie, tenant compte des aspects techniques, juridiques et de construction.\" \/>\n<meta property=\"og:url\" content=\"https:\/\/www.electrosuisse.ch\/fr\/engineering\/stockage-energie\/\" \/>\n<meta property=\"og:site_name\" content=\"Electrosuisse\" \/>\n<meta property=\"article:modified_time\" content=\"2026-03-17T11:37:07+00:00\" \/>\n<meta property=\"og:image\" content=\"https:\/\/www.electrosuisse.ch\/wp-content\/uploads\/2019\/04\/Electrosuisse_Power_Quality_Netzqualitaet_iStock-588367166.jpg\" \/>\n\t<meta property=\"og:image:width\" content=\"1578\" \/>\n\t<meta property=\"og:image:height\" content=\"650\" \/>\n\t<meta property=\"og:image:type\" content=\"image\/jpeg\" \/>\n<script type=\"application\/ld+json\" class=\"yoast-schema-graph\">{\"@context\":\"https:\/\/schema.org\",\"@graph\":[{\"@type\":\"WebPage\",\"@id\":\"https:\/\/www.electrosuisse.ch\/fr\/engineering\/stockage-energie\/\",\"url\":\"https:\/\/www.electrosuisse.ch\/fr\/engineering\/stockage-energie\/\",\"name\":\"Augmenter l'autosuffisance, utiliser au mieux l'\u00e9nergie\",\"isPartOf\":{\"@id\":\"https:\/\/www.electrosuisse.ch\/fr\/#website\"},\"datePublished\":\"2024-03-15T08:08:48+00:00\",\"dateModified\":\"2026-03-17T11:37:07+00:00\",\"description\":\"Les syst\u00e8mes de stockage d'\u00e9nergie deviennent cl\u00e9s pour la stabilit\u00e9 du r\u00e9seau et la r\u00e9duction des \u00e9missions. Des solutions s\u00fbres et efficaces sont prioritaires pour les politiques et fournisseurs d'\u00e9nergie, tenant compte des aspects techniques, juridiques et de construction.\",\"breadcrumb\":{\"@id\":\"https:\/\/www.electrosuisse.ch\/fr\/engineering\/stockage-energie\/#breadcrumb\"},\"inLanguage\":\"fr-FR\",\"potentialAction\":[{\"@type\":\"ReadAction\",\"target\":[\"https:\/\/www.electrosuisse.ch\/fr\/engineering\/stockage-energie\/\"]}]},{\"@type\":\"BreadcrumbList\",\"@id\":\"https:\/\/www.electrosuisse.ch\/fr\/engineering\/stockage-energie\/#breadcrumb\",\"itemListElement\":[{\"@type\":\"ListItem\",\"position\":1,\"name\":\"Engineering\",\"item\":\"https:\/\/www.electrosuisse.ch\/fr\/engineering\/\"},{\"@type\":\"ListItem\",\"position\":2,\"name\":\"Stockage d&#8217;\u00e9nergie\"}]},{\"@type\":\"WebSite\",\"@id\":\"https:\/\/www.electrosuisse.ch\/fr\/#website\",\"url\":\"https:\/\/www.electrosuisse.ch\/fr\/\",\"name\":\"Electrosuisse\",\"description\":\"\",\"publisher\":{\"@id\":\"https:\/\/www.electrosuisse.ch\/fr\/#organization\"},\"potentialAction\":[{\"@type\":\"SearchAction\",\"target\":{\"@type\":\"EntryPoint\",\"urlTemplate\":\"https:\/\/www.electrosuisse.ch\/fr\/?s={search_term_string}\"},\"query-input\":{\"@type\":\"PropertyValueSpecification\",\"valueRequired\":true,\"valueName\":\"search_term_string\"}}],\"inLanguage\":\"fr-FR\"},{\"@type\":\"Organization\",\"@id\":\"https:\/\/www.electrosuisse.ch\/fr\/#organization\",\"name\":\"Electrosuisse\",\"url\":\"https:\/\/www.electrosuisse.ch\/fr\/\",\"logo\":{\"@type\":\"ImageObject\",\"inLanguage\":\"fr-FR\",\"@id\":\"https:\/\/www.electrosuisse.ch\/fr\/#\/schema\/logo\/image\/\",\"url\":\"https:\/\/www.electrosuisse.ch\/wp-content\/uploads\/2025\/04\/Electrosuisse_Logo_696x696.png\",\"contentUrl\":\"https:\/\/www.electrosuisse.ch\/wp-content\/uploads\/2025\/04\/Electrosuisse_Logo_696x696.png\",\"width\":696,\"height\":696,\"caption\":\"Electrosuisse\"},\"image\":{\"@id\":\"https:\/\/www.electrosuisse.ch\/fr\/#\/schema\/logo\/image\/\"},\"sameAs\":[\"https:\/\/www.linkedin.com\/company\/electrosuisse-ag\/posts\/?feedView=all\",\"https:\/\/www.instagram.com\/electrosuisse1889\/\",\"https:\/\/www.youtube.com\/channel\/UCoOxohMiVE0Gjcdis1L09zw\"],\"description\":\"Electrosuisse ist eine anerkannte und unabh\u00e4ngige Fachorganisation, die erstklassige Dienstleistungen und Produkte in den Bereichen Inspektion, Beratung, Pr\u00fcfung, Zertifizierung, Normung und Weiterbildung anbietet. Unsere Expertise umfasst Elektrotechnik, Elektromobilit\u00e4t, Energieberatung, Geb\u00e4udeautomation und Photovoltaik in der Schweiz. Durch die Veranstaltung etablierter Branchen-Events und Fachtagungen f\u00f6rdert Electrosuisse den Wissenstransfer und den fachlichen Austausch. Im Mittelpunkt unserer T\u00e4tigkeiten steht die F\u00f6rderung der sicheren, wirtschaftlichen und umweltgerechten Anwendung der Elektrotechnik.\"}]}<\/script>\n<!-- \/ Yoast SEO Premium plugin. -->","yoast_head_json":{"title":"Augmenter l'autosuffisance, utiliser au mieux l'\u00e9nergie","description":"Les syst\u00e8mes de stockage d'\u00e9nergie deviennent cl\u00e9s pour la stabilit\u00e9 du r\u00e9seau et la r\u00e9duction des \u00e9missions. Des solutions s\u00fbres et efficaces sont prioritaires pour les politiques et fournisseurs d'\u00e9nergie, tenant compte des aspects techniques, juridiques et de construction.","robots":{"index":"index","follow":"follow","max-snippet":"max-snippet:-1","max-image-preview":"max-image-preview:large","max-video-preview":"max-video-preview:-1"},"canonical":"https:\/\/www.electrosuisse.ch\/fr\/engineering\/stockage-energie\/","og_locale":"fr_FR","og_type":"article","og_title":"Augmenter l'autosuffisance, utiliser au mieux l'\u00e9nergie","og_description":"Les syst\u00e8mes de stockage d'\u00e9nergie deviennent cl\u00e9s pour la stabilit\u00e9 du r\u00e9seau et la r\u00e9duction des \u00e9missions. Des solutions s\u00fbres et efficaces sont prioritaires pour les politiques et fournisseurs d'\u00e9nergie, tenant compte des aspects techniques, juridiques et de construction.","og_url":"https:\/\/www.electrosuisse.ch\/fr\/engineering\/stockage-energie\/","og_site_name":"Electrosuisse","article_modified_time":"2026-03-17T11:37:07+00:00","og_image":[{"width":1578,"height":650,"url":"https:\/\/www.electrosuisse.ch\/wp-content\/uploads\/2019\/04\/Electrosuisse_Power_Quality_Netzqualitaet_iStock-588367166.jpg","type":"image\/jpeg"}],"schema":{"@context":"https:\/\/schema.org","@graph":[{"@type":"WebPage","@id":"https:\/\/www.electrosuisse.ch\/fr\/engineering\/stockage-energie\/","url":"https:\/\/www.electrosuisse.ch\/fr\/engineering\/stockage-energie\/","name":"Augmenter l'autosuffisance, utiliser au mieux l'\u00e9nergie","isPartOf":{"@id":"https:\/\/www.electrosuisse.ch\/fr\/#website"},"datePublished":"2024-03-15T08:08:48+00:00","dateModified":"2026-03-17T11:37:07+00:00","description":"Les syst\u00e8mes de stockage d'\u00e9nergie deviennent cl\u00e9s pour la stabilit\u00e9 du r\u00e9seau et la r\u00e9duction des \u00e9missions. Des solutions s\u00fbres et efficaces sont prioritaires pour les politiques et fournisseurs d'\u00e9nergie, tenant compte des aspects techniques, juridiques et de construction.","breadcrumb":{"@id":"https:\/\/www.electrosuisse.ch\/fr\/engineering\/stockage-energie\/#breadcrumb"},"inLanguage":"fr-FR","potentialAction":[{"@type":"ReadAction","target":["https:\/\/www.electrosuisse.ch\/fr\/engineering\/stockage-energie\/"]}]},{"@type":"BreadcrumbList","@id":"https:\/\/www.electrosuisse.ch\/fr\/engineering\/stockage-energie\/#breadcrumb","itemListElement":[{"@type":"ListItem","position":1,"name":"Engineering","item":"https:\/\/www.electrosuisse.ch\/fr\/engineering\/"},{"@type":"ListItem","position":2,"name":"Stockage d&#8217;\u00e9nergie"}]},{"@type":"WebSite","@id":"https:\/\/www.electrosuisse.ch\/fr\/#website","url":"https:\/\/www.electrosuisse.ch\/fr\/","name":"Electrosuisse","description":"","publisher":{"@id":"https:\/\/www.electrosuisse.ch\/fr\/#organization"},"potentialAction":[{"@type":"SearchAction","target":{"@type":"EntryPoint","urlTemplate":"https:\/\/www.electrosuisse.ch\/fr\/?s={search_term_string}"},"query-input":{"@type":"PropertyValueSpecification","valueRequired":true,"valueName":"search_term_string"}}],"inLanguage":"fr-FR"},{"@type":"Organization","@id":"https:\/\/www.electrosuisse.ch\/fr\/#organization","name":"Electrosuisse","url":"https:\/\/www.electrosuisse.ch\/fr\/","logo":{"@type":"ImageObject","inLanguage":"fr-FR","@id":"https:\/\/www.electrosuisse.ch\/fr\/#\/schema\/logo\/image\/","url":"https:\/\/www.electrosuisse.ch\/wp-content\/uploads\/2025\/04\/Electrosuisse_Logo_696x696.png","contentUrl":"https:\/\/www.electrosuisse.ch\/wp-content\/uploads\/2025\/04\/Electrosuisse_Logo_696x696.png","width":696,"height":696,"caption":"Electrosuisse"},"image":{"@id":"https:\/\/www.electrosuisse.ch\/fr\/#\/schema\/logo\/image\/"},"sameAs":["https:\/\/www.linkedin.com\/company\/electrosuisse-ag\/posts\/?feedView=all","https:\/\/www.instagram.com\/electrosuisse1889\/","https:\/\/www.youtube.com\/channel\/UCoOxohMiVE0Gjcdis1L09zw"],"description":"Electrosuisse ist eine anerkannte und unabh\u00e4ngige Fachorganisation, die erstklassige Dienstleistungen und Produkte in den Bereichen Inspektion, Beratung, Pr\u00fcfung, Zertifizierung, Normung und Weiterbildung anbietet. Unsere Expertise umfasst Elektrotechnik, Elektromobilit\u00e4t, Energieberatung, Geb\u00e4udeautomation und Photovoltaik in der Schweiz. Durch die Veranstaltung etablierter Branchen-Events und Fachtagungen f\u00f6rdert Electrosuisse den Wissenstransfer und den fachlichen Austausch. Im Mittelpunkt unserer T\u00e4tigkeiten steht die F\u00f6rderung der sicheren, wirtschaftlichen und umweltgerechten Anwendung der Elektrotechnik."}]}},"amp_enabled":true,"_links":{"self":[{"href":"https:\/\/www.electrosuisse.ch\/fr\/wp-json\/wp\/v2\/pages\/34527","targetHints":{"allow":["GET"]}}],"collection":[{"href":"https:\/\/www.electrosuisse.ch\/fr\/wp-json\/wp\/v2\/pages"}],"about":[{"href":"https:\/\/www.electrosuisse.ch\/fr\/wp-json\/wp\/v2\/types\/page"}],"author":[{"embeddable":true,"href":"https:\/\/www.electrosuisse.ch\/fr\/wp-json\/wp\/v2\/users\/38"}],"replies":[{"embeddable":true,"href":"https:\/\/www.electrosuisse.ch\/fr\/wp-json\/wp\/v2\/comments?post=34527"}],"version-history":[{"count":6,"href":"https:\/\/www.electrosuisse.ch\/fr\/wp-json\/wp\/v2\/pages\/34527\/revisions"}],"predecessor-version":[{"id":42969,"href":"https:\/\/www.electrosuisse.ch\/fr\/wp-json\/wp\/v2\/pages\/34527\/revisions\/42969"}],"up":[{"embeddable":true,"href":"https:\/\/www.electrosuisse.ch\/fr\/wp-json\/wp\/v2\/pages\/4116"}],"wp:attachment":[{"href":"https:\/\/www.electrosuisse.ch\/fr\/wp-json\/wp\/v2\/media?parent=34527"}],"curies":[{"name":"wp","href":"https:\/\/api.w.org\/{rel}","templated":true}]}}