{"id":31403,"date":"2023-07-19T13:00:47","date_gmt":"2023-07-19T11:00:47","guid":{"rendered":"https:\/\/www.electrosuisse.ch\/?page_id=31403"},"modified":"2025-09-05T14:45:54","modified_gmt":"2025-09-05T12:45:54","slug":"efficacite-electrique-et-energetique","status":"publish","type":"page","link":"https:\/\/www.electrosuisse.ch\/fr\/engineering\/efficacite-electrique-et-energetique\/","title":{"rendered":"Efficacit\u00e9 \u00e9lectrique et \u00e9nerg\u00e9tique"},"content":{"rendered":"<div class=\"wpb-content-wrapper\"><p>[vc_row][vc_column][vc_column_text el_class=&#8221;lead&#8221;]La consommation d&#8217;\u00e9nergie \u00e9lectrique et son optimisation constituent le point de d\u00e9part id\u00e9al lorsqu\u2019il s\u2019agit de mettre en \u0153uvre des mesures relatives \u00e0 l&#8217;efficacit\u00e9 \u00e9lectrique et \u00e9nerg\u00e9tique au sein d\u2019une entreprise. Comme la consommation d&#8217;\u00e9lectricit\u00e9 repr\u00e9sente environ un quart de l&#8217;\u00e9nergie totale utilis\u00e9e en Suisse et que la majeure partie de cette consommation est due \u00e0 l&#8217;industrie, au secteur du commerce et aux entreprises de services, le potentiel d&#8217;\u00e9conomie d&#8217;\u00e9nergie r\u00e9alisable gr\u00e2ce \u00e0 des mesures d&#8217;efficacit\u00e9 est \u00e9norme dans ce domaine. Il est \u00e9galement possible d\u2019effectuer les premiers pas vers un syst\u00e8me \u00e9nerg\u00e9tique global plus efficace en changeant de syst\u00e8me de chauffage, en optimisant les processus, ou dans le cadre d&#8217;une strat\u00e9gie de d\u00e9carbonation.[\/vc_column_text][vc_column_text]Les avantages en termes de co\u00fbts li\u00e9s \u00e0 la hausse des prix de l&#8217;\u00e9nergie, ainsi qu\u2019en mati\u00e8re de comp\u00e9titivit\u00e9 et de contribution aux objectifs suisses de protection du climat ont d\u00e9j\u00e0 \u00e9t\u00e9 reconnus par de nombreuses entreprises. L\u2019efficacit\u00e9 fait \u00e9galement l\u2019objet d\u2019intenses discussions politiques et elle influencera \u00e0 long terme le march\u00e9 suisse de l&#8217;\u00e9nergie ainsi que les services des entreprises d&#8217;approvisionnement en \u00e9nergie (EAE). Ces derni\u00e8res ont l&#8217;opportunit\u00e9 de se pr\u00e9parer \u00e0 temps \u00e0 cette tendance. En proposant de nouveaux services et en cr\u00e9ant de la transparence dans le domaine de l&#8217;efficacit\u00e9 \u00e9lectrique et \u00e9nerg\u00e9tique, les EAE parviennent \u00e0 renforcer la confiance de leurs clients et \u00e0 les fid\u00e9liser ainsi \u00e0 long terme.<\/p>\n<p>Tant pour les entreprises industrielles que pour les EAE, la mise en \u0153uvre de mesures d&#8217;efficacit\u00e9 \u00e9nerg\u00e9tique ou de prestations en mati\u00e8re d&#8217;efficacit\u00e9 reste un terrain inconnu. L&#8217;analyse des donn\u00e9es n\u00e9cessite d\u00e9j\u00e0 beaucoup de travail. De plus, il faut souvent effectuer des mesures complexes sur place pour pouvoir mettre en \u0153uvre des mesures r\u00e9alistes et efficaces. D\u00e9velopper les comp\u00e9tences n\u00e9cessaires \u00e0 cet effet prend du temps et entra\u00eene des co\u00fbts \u00e9lev\u00e9s. Pour relever ces d\u00e9fis, il vaut la peine d&#8217;avoir \u00e0 ses c\u00f4t\u00e9s un partenaire exp\u00e9riment\u00e9 qui s&#8217;y conna\u00eet parfaitement en mati\u00e8re d&#8217;\u00e9nergie et d&#8217;efficacit\u00e9: Electrosuisse.[\/vc_column_text][\/vc_column][\/vc_row][vc_row el_id=&#8221;angebot&#8221;][vc_column][vc_column_text]<\/p>\n<h3>Notre offre<\/h3>\n<p>[\/vc_column_text][vc_column_text]En tant qu&#8217;organisation sp\u00e9cialis\u00e9e ind\u00e9pendante dans le domaine de l&#8217;\u00e9nergie, nous aidons les entreprises \u00e0 mettre en \u0153uvre des mesures relatives \u00e0 l&#8217;efficacit\u00e9 \u00e9lectrique et \u00e9nerg\u00e9tique, et nous tenons \u00e9galement en tant que partenaires aux c\u00f4t\u00e9s des entreprises d&#8217;approvisionnement en \u00e9nergie, en analysant les potentiels de leur base de clients et en mettant en \u0153uvre les mesures n\u00e9cessaires chez le consommateur final.<\/p>\n<p>Gr\u00e2ce \u00e0 notre expertise, \u00e0 des mesures fiables ainsi aux analyses d&#8217;exploitation et de consommation d&#8217;\u00e9nergie qui en r\u00e9sultent, il est possible de d\u00e9montrer les \u00e9conomies r\u00e9alis\u00e9es et d&#8217;\u00e9laborer des concepts de mise en \u0153uvre appropri\u00e9s \u2013 et ce, sans perte de confort pour le b\u00e9n\u00e9ficiaire. Les avantages sont \u00e9vidents: les entreprises deviennent plus efficaces, et les fournisseurs d&#8217;\u00e9nergie n&#8217;ont pas de charges suppl\u00e9mentaires, n\u2019ont pas besoin d\u2019\u00e9tendre ni leurs capacit\u00e9s ni leur savoir-faire, et peuvent simplement se fier aux sp\u00e9cialistes d&#8217;Electrosuisse. Gr\u00e2ce \u00e0 des ann\u00e9es d&#8217;exp\u00e9rience dans ce domaine, nous pouvons garantir \u00e0 chaque entreprise l&#8217;exploitation optimale de son potentiel en mati\u00e8re d&#8217;augmentation de l&#8217;efficacit\u00e9 et lui proposer des mesures adapt\u00e9es individuellement, qui sont r\u00e9alistes et rentables.<\/p>\n<p>De plus, les r\u00e9sultats des analyses et les mesures prises sont pr\u00e9sent\u00e9s dans une documentation transparente qui peut \u00e9galement \u00eatre utilis\u00e9e pour des certifications, des demandes, etc. Nous pouvons appliquer nos m\u00e9thodes d&#8217;am\u00e9lioration prouv\u00e9e de l&#8217;efficacit\u00e9 \u00e0 l&#8217;ensemble du syst\u00e8me \u00e9nerg\u00e9tique de votre entreprise, avec les sources d&#8217;\u00e9nergie les plus diverses, et mettre ensemble en \u0153uvre une optimisation globale. Electrosuisse se tient volontiers \u00e0 vos c\u00f4t\u00e9s en tant que partenaire comp\u00e9tent \u00e0 chaque \u00e9tape de l&#8217;augmentation de l&#8217;efficacit\u00e9.[\/vc_column_text][\/vc_column][\/vc_row][vc_row el_id=&#8221;kontakt&#8221;][vc_column][vc_column_text]<\/p>\n<h2>Contact<\/h2>\n<p>[\/vc_column_text]<div class=\"wpb_contact_column wpb_content_element wpb_contact_column--container\"><div class=\"wpb_wrapper\"><div class=\"contact_container_outer\"><div class=\"contact_container\"><div class=\"contact row middle-xs\"><div class=\"contact__img col-sm-5 col-xs-12\"><img decoding=\"async\" src=\"https:\/\/www.electrosuisse.ch\/wp-content\/uploads\/2024\/08\/StefanBaer_302x302.png\" alt=\"Stefan B\u00e4r - Chef d'\u00e9quipe Ing\u00e9nierie Est\" \/><\/div><div class=\"contact__info col-sm-7 col-xs-12\"><p><b>Stefan B\u00e4r<\/b><br>Chef d'\u00e9quipe Ing\u00e9nierie Est<\/p><div class=\"phone has-link\"><a href=\"tel:+41585951571\">+41 58 595 15 71<\/a><\/div><div class=\"mail has-link\"><a href=\"mailto:&#115;&#x74;&#101;&#x66;&#97;&#x6e;&#46;&#x62;&#97;&#x65;&#114;&#x40;&#101;&#x6c;&#101;&#x63;&#116;&#x72;&#111;&#x73;&#117;&#x69;&#115;&#x73;&#101;&#x2e;c&#x68;\">&#x73;&#x74;&#101;f&#x61;&#x6e;&#46;ba&#x65;&#x72;&#64;e&#x6c;&#x65;&#99;&#116;r&#x6f;&#x73;&#117;i&#x73;&#x73;&#101;&#46;c&#x68;<\/a><\/div><\/div><\/div><\/div><\/div><div class=\"contact_container_outer\"><div class=\"contact_container\"><div class=\"contact row middle-xs\"><div class=\"contact__img col-sm-5 col-xs-12\"><img decoding=\"async\" src=\"https:\/\/www.electrosuisse.ch\/wp-content\/uploads\/2025\/09\/Felix-Bigler_320x320.png\" alt=\"Felix Bigler - Chef d'\u00e9quipe Ing\u00e9nierie Ouest\" \/><\/div><div class=\"contact__info col-sm-7 col-xs-12\"><p><b>Felix Bigler<\/b><br>Chef d'\u00e9quipe Ing\u00e9nierie Ouest<\/p><div class=\"phone has-link\"><a href=\"tel:+41585951575\">+41 58 595 15 75<\/a><\/div><div class=\"mail has-link\"><a href=\"mailto:&#x66;&#101;l&#x69;&#120;&#46;&#x62;&#105;g&#x6c;&#x65;&#114;&#x40;&#x65;&#108;e&#x63;&#116;r&#x6f;&#115;u&#x69;&#x73;&#115;&#x65;&#x2e;&#99;h\">&#102;&#x65;&#108;&#x69;&#120;&#x2e;&#98;&#x69;g&#x6c;e&#x72;&#64;&#x65;l&#101;&#x63;&#116;&#x72;&#111;&#x73;&#117;&#x69;&#115;&#x73;e&#x2e;c&#x68;<\/a><\/div><\/div><\/div><\/div><\/div><div class=\"contact_container_outer\"><div class=\"contact_container\"><div class=\"contact row middle-xs\"><div class=\"contact__img col-sm-5 col-xs-12\"><img decoding=\"async\" src=\"\/wp-content\/themes\/SCHMUCKI_child\/img\/contact_placeholder.jpg\" alt=\"Conseil, Contr\u00f4les et Ing\u00e9nierie\" \/><\/div><div class=\"contact__info col-sm-7 col-xs-12\"><p><b>Conseil, Contr\u00f4les et Ing\u00e9nierie<\/b><br>Service de Bureau<\/p><div class=\"phone has-link\"><a href=\"tel:+41585951199\">+41 58 595 11 99<\/a><\/div><div class=\"mail has-link\"><a href=\"mailto:&#x62;e&#x72;&#97;&#x74;&#117;&#x6e;&#x67;&#64;&#x65;&#108;&#x65;&#99;&#x74;&#114;o&#x73;&#117;&#x69;&#115;&#x73;&#101;&#46;&#x63;&#104;\">&#x62;&#x65;&#114;a&#x74;&#x75;&#110;g&#64;&#x65;&#x6c;&#101;c&#x74;&#x72;&#111;&#115;u&#x69;&#x73;&#115;e&#x2e;&#x63;&#104;<\/a><\/div><\/div><\/div><\/div><\/div><\/div><\/div>[\/vc_column][\/vc_row]<\/p>\n<\/div>","protected":false},"excerpt":{"rendered":"<p>[vc_row][vc_column][vc_column_text el_class=&#8221;lead&#8221;]La consommation d&#8217;\u00e9nergie \u00e9lectrique et son optimisation constituent le point de d\u00e9part id\u00e9al lorsqu\u2019il s\u2019agit de mettre en \u0153uvre des mesures relatives \u00e0 l&#8217;efficacit\u00e9 \u00e9lectrique et \u00e9nerg\u00e9tique au sein d\u2019une entreprise. Comme la consommation d&#8217;\u00e9lectricit\u00e9 repr\u00e9sente environ un quart de l&#8217;\u00e9nergie totale utilis\u00e9e en Suisse et que la majeure partie de cette consommation est [&hellip;]<\/p>\n","protected":false},"author":6,"featured_media":0,"parent":4116,"menu_order":220,"comment_status":"closed","ping_status":"closed","template":"","meta":{"_acf_changed":false,"_monsterinsights_skip_tracking":false,"_monsterinsights_sitenote_active":false,"_monsterinsights_sitenote_note":"","_monsterinsights_sitenote_category":0,"footnotes":""},"class_list":["post-31403","page","type-page","status-publish","hentry"],"acf":[],"yoast_head":"<!-- This site is optimized with the Yoast SEO Premium plugin v26.4 (Yoast SEO v27.0) - https:\/\/yoast.com\/product\/yoast-seo-premium-wordpress\/ -->\n<title>Efficacit\u00e9 \u00e9lectrique et \u00e9nerg\u00e9tique - Electrosuisse<\/title>\n<meta name=\"description\" content=\"Electrosuisse se fera un plaisir de vous aider \u00e0 chaque \u00e9tape de l\u2019am\u00e9lioration de l\u2019efficacit\u00e9 \u00e9nerg\u00e9tique en tant que partenaire comp\u00e9tent.\" \/>\n<meta name=\"robots\" content=\"index, follow, max-snippet:-1, max-image-preview:large, max-video-preview:-1\" \/>\n<link rel=\"canonical\" href=\"https:\/\/www.electrosuisse.ch\/fr\/engineering\/efficacite-electrique-et-energetique\/\" \/>\n<meta property=\"og:locale\" content=\"fr_FR\" \/>\n<meta property=\"og:type\" content=\"article\" \/>\n<meta property=\"og:title\" content=\"Efficacit\u00e9 \u00e9lectrique et \u00e9nerg\u00e9tique - Electrosuisse\" \/>\n<meta property=\"og:description\" content=\"Electrosuisse se fera un plaisir de vous aider \u00e0 chaque \u00e9tape de l\u2019am\u00e9lioration de l\u2019efficacit\u00e9 \u00e9nerg\u00e9tique en tant que partenaire comp\u00e9tent.\" \/>\n<meta property=\"og:url\" content=\"https:\/\/www.electrosuisse.ch\/fr\/engineering\/efficacite-electrique-et-energetique\/\" \/>\n<meta property=\"og:site_name\" content=\"Electrosuisse\" \/>\n<meta property=\"article:modified_time\" content=\"2025-09-05T12:45:54+00:00\" \/>\n<meta property=\"og:image\" content=\"https:\/\/www.electrosuisse.ch\/wp-content\/uploads\/2022\/12\/Electrosuisse_Ueber_uns_1578x650.jpg\" \/>\n\t<meta property=\"og:image:width\" content=\"1578\" \/>\n\t<meta property=\"og:image:height\" content=\"650\" \/>\n\t<meta property=\"og:image:type\" content=\"image\/jpeg\" \/>\n<script type=\"application\/ld+json\" class=\"yoast-schema-graph\">{\"@context\":\"https:\/\/schema.org\",\"@graph\":[{\"@type\":\"WebPage\",\"@id\":\"https:\/\/www.electrosuisse.ch\/fr\/engineering\/efficacite-electrique-et-energetique\/\",\"url\":\"https:\/\/www.electrosuisse.ch\/fr\/engineering\/efficacite-electrique-et-energetique\/\",\"name\":\"Efficacit\u00e9 \u00e9lectrique et \u00e9nerg\u00e9tique - Electrosuisse\",\"isPartOf\":{\"@id\":\"https:\/\/www.electrosuisse.ch\/fr\/#website\"},\"datePublished\":\"2023-07-19T11:00:47+00:00\",\"dateModified\":\"2025-09-05T12:45:54+00:00\",\"description\":\"Electrosuisse se fera un plaisir de vous aider \u00e0 chaque \u00e9tape de l\u2019am\u00e9lioration de l\u2019efficacit\u00e9 \u00e9nerg\u00e9tique en tant que partenaire comp\u00e9tent.\",\"breadcrumb\":{\"@id\":\"https:\/\/www.electrosuisse.ch\/fr\/engineering\/efficacite-electrique-et-energetique\/#breadcrumb\"},\"inLanguage\":\"fr-FR\",\"potentialAction\":[{\"@type\":\"ReadAction\",\"target\":[\"https:\/\/www.electrosuisse.ch\/fr\/engineering\/efficacite-electrique-et-energetique\/\"]}]},{\"@type\":\"BreadcrumbList\",\"@id\":\"https:\/\/www.electrosuisse.ch\/fr\/engineering\/efficacite-electrique-et-energetique\/#breadcrumb\",\"itemListElement\":[{\"@type\":\"ListItem\",\"position\":1,\"name\":\"Engineering\",\"item\":\"https:\/\/www.electrosuisse.ch\/fr\/engineering\/\"},{\"@type\":\"ListItem\",\"position\":2,\"name\":\"Efficacit\u00e9 \u00e9lectrique et \u00e9nerg\u00e9tique\"}]},{\"@type\":\"WebSite\",\"@id\":\"https:\/\/www.electrosuisse.ch\/fr\/#website\",\"url\":\"https:\/\/www.electrosuisse.ch\/fr\/\",\"name\":\"Electrosuisse\",\"description\":\"\",\"publisher\":{\"@id\":\"https:\/\/www.electrosuisse.ch\/fr\/#organization\"},\"potentialAction\":[{\"@type\":\"SearchAction\",\"target\":{\"@type\":\"EntryPoint\",\"urlTemplate\":\"https:\/\/www.electrosuisse.ch\/fr\/?s={search_term_string}\"},\"query-input\":{\"@type\":\"PropertyValueSpecification\",\"valueRequired\":true,\"valueName\":\"search_term_string\"}}],\"inLanguage\":\"fr-FR\"},{\"@type\":\"Organization\",\"@id\":\"https:\/\/www.electrosuisse.ch\/fr\/#organization\",\"name\":\"Electrosuisse\",\"url\":\"https:\/\/www.electrosuisse.ch\/fr\/\",\"logo\":{\"@type\":\"ImageObject\",\"inLanguage\":\"fr-FR\",\"@id\":\"https:\/\/www.electrosuisse.ch\/fr\/#\/schema\/logo\/image\/\",\"url\":\"https:\/\/www.electrosuisse.ch\/wp-content\/uploads\/2025\/04\/Electrosuisse_Logo_696x696.png\",\"contentUrl\":\"https:\/\/www.electrosuisse.ch\/wp-content\/uploads\/2025\/04\/Electrosuisse_Logo_696x696.png\",\"width\":696,\"height\":696,\"caption\":\"Electrosuisse\"},\"image\":{\"@id\":\"https:\/\/www.electrosuisse.ch\/fr\/#\/schema\/logo\/image\/\"},\"sameAs\":[\"https:\/\/www.linkedin.com\/company\/electrosuisse-ag\/posts\/?feedView=all\",\"https:\/\/www.instagram.com\/electrosuisse1889\/\",\"https:\/\/www.youtube.com\/channel\/UCoOxohMiVE0Gjcdis1L09zw\"],\"description\":\"Electrosuisse ist eine anerkannte und unabh\u00e4ngige Fachorganisation, die erstklassige Dienstleistungen und Produkte in den Bereichen Inspektion, Beratung, Pr\u00fcfung, Zertifizierung, Normung und Weiterbildung anbietet. Unsere Expertise umfasst Elektrotechnik, Elektromobilit\u00e4t, Energieberatung, Geb\u00e4udeautomation und Photovoltaik in der Schweiz. Durch die Veranstaltung etablierter Branchen-Events und Fachtagungen f\u00f6rdert Electrosuisse den Wissenstransfer und den fachlichen Austausch. Im Mittelpunkt unserer T\u00e4tigkeiten steht die F\u00f6rderung der sicheren, wirtschaftlichen und umweltgerechten Anwendung der Elektrotechnik.\"}]}<\/script>\n<!-- \/ Yoast SEO Premium plugin. -->","yoast_head_json":{"title":"Efficacit\u00e9 \u00e9lectrique et \u00e9nerg\u00e9tique - Electrosuisse","description":"Electrosuisse se fera un plaisir de vous aider \u00e0 chaque \u00e9tape de l\u2019am\u00e9lioration de l\u2019efficacit\u00e9 \u00e9nerg\u00e9tique en tant que partenaire comp\u00e9tent.","robots":{"index":"index","follow":"follow","max-snippet":"max-snippet:-1","max-image-preview":"max-image-preview:large","max-video-preview":"max-video-preview:-1"},"canonical":"https:\/\/www.electrosuisse.ch\/fr\/engineering\/efficacite-electrique-et-energetique\/","og_locale":"fr_FR","og_type":"article","og_title":"Efficacit\u00e9 \u00e9lectrique et \u00e9nerg\u00e9tique - Electrosuisse","og_description":"Electrosuisse se fera un plaisir de vous aider \u00e0 chaque \u00e9tape de l\u2019am\u00e9lioration de l\u2019efficacit\u00e9 \u00e9nerg\u00e9tique en tant que partenaire comp\u00e9tent.","og_url":"https:\/\/www.electrosuisse.ch\/fr\/engineering\/efficacite-electrique-et-energetique\/","og_site_name":"Electrosuisse","article_modified_time":"2025-09-05T12:45:54+00:00","og_image":[{"width":1578,"height":650,"url":"https:\/\/www.electrosuisse.ch\/wp-content\/uploads\/2022\/12\/Electrosuisse_Ueber_uns_1578x650.jpg","type":"image\/jpeg"}],"schema":{"@context":"https:\/\/schema.org","@graph":[{"@type":"WebPage","@id":"https:\/\/www.electrosuisse.ch\/fr\/engineering\/efficacite-electrique-et-energetique\/","url":"https:\/\/www.electrosuisse.ch\/fr\/engineering\/efficacite-electrique-et-energetique\/","name":"Efficacit\u00e9 \u00e9lectrique et \u00e9nerg\u00e9tique - Electrosuisse","isPartOf":{"@id":"https:\/\/www.electrosuisse.ch\/fr\/#website"},"datePublished":"2023-07-19T11:00:47+00:00","dateModified":"2025-09-05T12:45:54+00:00","description":"Electrosuisse se fera un plaisir de vous aider \u00e0 chaque \u00e9tape de l\u2019am\u00e9lioration de l\u2019efficacit\u00e9 \u00e9nerg\u00e9tique en tant que partenaire comp\u00e9tent.","breadcrumb":{"@id":"https:\/\/www.electrosuisse.ch\/fr\/engineering\/efficacite-electrique-et-energetique\/#breadcrumb"},"inLanguage":"fr-FR","potentialAction":[{"@type":"ReadAction","target":["https:\/\/www.electrosuisse.ch\/fr\/engineering\/efficacite-electrique-et-energetique\/"]}]},{"@type":"BreadcrumbList","@id":"https:\/\/www.electrosuisse.ch\/fr\/engineering\/efficacite-electrique-et-energetique\/#breadcrumb","itemListElement":[{"@type":"ListItem","position":1,"name":"Engineering","item":"https:\/\/www.electrosuisse.ch\/fr\/engineering\/"},{"@type":"ListItem","position":2,"name":"Efficacit\u00e9 \u00e9lectrique et \u00e9nerg\u00e9tique"}]},{"@type":"WebSite","@id":"https:\/\/www.electrosuisse.ch\/fr\/#website","url":"https:\/\/www.electrosuisse.ch\/fr\/","name":"Electrosuisse","description":"","publisher":{"@id":"https:\/\/www.electrosuisse.ch\/fr\/#organization"},"potentialAction":[{"@type":"SearchAction","target":{"@type":"EntryPoint","urlTemplate":"https:\/\/www.electrosuisse.ch\/fr\/?s={search_term_string}"},"query-input":{"@type":"PropertyValueSpecification","valueRequired":true,"valueName":"search_term_string"}}],"inLanguage":"fr-FR"},{"@type":"Organization","@id":"https:\/\/www.electrosuisse.ch\/fr\/#organization","name":"Electrosuisse","url":"https:\/\/www.electrosuisse.ch\/fr\/","logo":{"@type":"ImageObject","inLanguage":"fr-FR","@id":"https:\/\/www.electrosuisse.ch\/fr\/#\/schema\/logo\/image\/","url":"https:\/\/www.electrosuisse.ch\/wp-content\/uploads\/2025\/04\/Electrosuisse_Logo_696x696.png","contentUrl":"https:\/\/www.electrosuisse.ch\/wp-content\/uploads\/2025\/04\/Electrosuisse_Logo_696x696.png","width":696,"height":696,"caption":"Electrosuisse"},"image":{"@id":"https:\/\/www.electrosuisse.ch\/fr\/#\/schema\/logo\/image\/"},"sameAs":["https:\/\/www.linkedin.com\/company\/electrosuisse-ag\/posts\/?feedView=all","https:\/\/www.instagram.com\/electrosuisse1889\/","https:\/\/www.youtube.com\/channel\/UCoOxohMiVE0Gjcdis1L09zw"],"description":"Electrosuisse ist eine anerkannte und unabh\u00e4ngige Fachorganisation, die erstklassige Dienstleistungen und Produkte in den Bereichen Inspektion, Beratung, Pr\u00fcfung, Zertifizierung, Normung und Weiterbildung anbietet. Unsere Expertise umfasst Elektrotechnik, Elektromobilit\u00e4t, Energieberatung, Geb\u00e4udeautomation und Photovoltaik in der Schweiz. Durch die Veranstaltung etablierter Branchen-Events und Fachtagungen f\u00f6rdert Electrosuisse den Wissenstransfer und den fachlichen Austausch. Im Mittelpunkt unserer T\u00e4tigkeiten steht die F\u00f6rderung der sicheren, wirtschaftlichen und umweltgerechten Anwendung der Elektrotechnik."}]}},"amp_enabled":true,"_links":{"self":[{"href":"https:\/\/www.electrosuisse.ch\/fr\/wp-json\/wp\/v2\/pages\/31403","targetHints":{"allow":["GET"]}}],"collection":[{"href":"https:\/\/www.electrosuisse.ch\/fr\/wp-json\/wp\/v2\/pages"}],"about":[{"href":"https:\/\/www.electrosuisse.ch\/fr\/wp-json\/wp\/v2\/types\/page"}],"author":[{"embeddable":true,"href":"https:\/\/www.electrosuisse.ch\/fr\/wp-json\/wp\/v2\/users\/6"}],"replies":[{"embeddable":true,"href":"https:\/\/www.electrosuisse.ch\/fr\/wp-json\/wp\/v2\/comments?post=31403"}],"version-history":[{"count":13,"href":"https:\/\/www.electrosuisse.ch\/fr\/wp-json\/wp\/v2\/pages\/31403\/revisions"}],"predecessor-version":[{"id":39936,"href":"https:\/\/www.electrosuisse.ch\/fr\/wp-json\/wp\/v2\/pages\/31403\/revisions\/39936"}],"up":[{"embeddable":true,"href":"https:\/\/www.electrosuisse.ch\/fr\/wp-json\/wp\/v2\/pages\/4116"}],"wp:attachment":[{"href":"https:\/\/www.electrosuisse.ch\/fr\/wp-json\/wp\/v2\/media?parent=31403"}],"curies":[{"name":"wp","href":"https:\/\/api.w.org\/{rel}","templated":true}]}}