{"id":31399,"date":"2023-05-23T09:57:35","date_gmt":"2023-05-23T07:57:35","guid":{"rendered":"https:\/\/www.electrosuisse.ch\/engineering\/dekarbonisierung\/"},"modified":"2025-09-05T14:44:44","modified_gmt":"2025-09-05T12:44:44","slug":"decarbonation","status":"publish","type":"page","link":"https:\/\/www.electrosuisse.ch\/fr\/engineering\/decarbonation\/","title":{"rendered":"D\u00e9carbonation"},"content":{"rendered":"<div class=\"wpb-content-wrapper\"><p>[vc_row][vc_column][vc_column_text el_class=&#8221;teaser&#8221;]La r\u00e9alisation des objectifs climatiques exige une modernisation globale de l&#8217;\u00e9conomie sur le plan environnemental et une r\u00e9duction des \u00e9missions de gaz \u00e0 effet de serre dans l&#8217;industrie. Dans ce contexte, l&#8217;optimisation de l&#8217;efficacit\u00e9 \u00e9nerg\u00e9tique et des mat\u00e9riaux est non seulement un facteur d\u00e9cisif pour atteindre les objectifs environnementaux, mais aussi un \u00e9l\u00e9ment essentiel pour la comp\u00e9titivit\u00e9 internationale des entreprises.[\/vc_column_text][vc_column_text]Les investissements dans les mesures de r\u00e9duction des \u00e9missions entra\u00eenent \u00e0 long terme des \u00e9conomies de co\u00fbts consid\u00e9rables au niveau de l&#8217;entreprise, notamment en r\u00e9duisant la consommation d&#8217;\u00e9nergie et des mati\u00e8res et en am\u00e9liorant les processus. La r\u00e9duction des \u00e9missions dans l&#8217;entreprise et le passage \u00e0 des technologies sans CO<sub>2<\/sub> sont particuli\u00e8rement lucratifs pour les industries de production \u00e0 forte consommation d&#8217;\u00e9nergie et de ressources.<\/p>\n<p>Si l&#8217;on consid\u00e8re l&#8217;ensemble de la cha\u00eene d&#8217;approvisionnement, les \u00e9missions peuvent \u00eatre r\u00e9parties en trois domaines selon le Greenhouse Gas Protocol \u2013 scope 1, 2 et 3. Le scope 1 d\u00e9signe les \u00e9missions de gaz \u00e0 effet de serre au sein de l&#8217;entreprise. Elles proviennent, par exemple, de la consommation de combustible dans le cadre de l&#8217;exploitation et de l&#8217;utilisation des v\u00e9hicules d&#8217;entreprise. Le scope 2 couvre les \u00e9missions indirectes dues \u00e0 l&#8217;achat d&#8217;\u00e9nergie. Elles sont g\u00e9n\u00e9r\u00e9es lors de la transformation des sources d&#8217;\u00e9nergie primaire en \u00e9lectricit\u00e9, vapeur, chaleur ou froid, n\u00e9cessaires au processus. Le scope 3 concerne les \u00e9missions indirectes en amont ou en aval de la cha\u00eene d&#8217;approvisionnement. Electrosuisse accompagne les entreprises dans la mise en \u0153uvre de leur strat\u00e9gie \u00ab z\u00e9ro \u00e9mission nette \u00bb \u00e0 tous les niveaux. Nous proposons des solutions et des mesures globales et interdisciplinaires pour \u00e9viter les \u00e9missions de CO<sub>2<\/sub> dans votre entreprise. Le plus grand potentiel de r\u00e9duction durable et cibl\u00e9e des \u00e9missions de CO<sub>2<\/sub> se trouve dans les scopes 1 et 2, car ils sont directement influen\u00e7ables.[\/vc_column_text]<div class=\"wpb_image_column wpb_content_element\"><div class=\"wpb_wrapper\"><div class=\"picture_container\"><picture style=\"width: 800px\"><source media=\"(min-width: 769px)\" srcset=\"https:\/\/www.electrosuisse.ch\/wp-content\/uploads\/2023\/11\/Infografik_Treibhausgas_Protokoll_FINAL_Screen_F-1024x751.png\"><source media=\"(min-width: 415px)\" srcset=\"https:\/\/www.electrosuisse.ch\/wp-content\/uploads\/2023\/11\/Infografik_Treibhausgas_Protokoll_FINAL_Screen_F-768x563.png\"><source media=\"(max-width: 414px)\" srcset=\"https:\/\/www.electrosuisse.ch\/wp-content\/uploads\/2023\/11\/Infografik_Treibhausgas_Protokoll_FINAL_Screen_F-414x303.png 1x, https:\/\/www.electrosuisse.ch\/wp-content\/uploads\/2023\/11\/Infografik_Treibhausgas_Protokoll_FINAL_Screen_F-768x563.png 2x\"><img decoding=\"async\" src=\"https:\/\/www.electrosuisse.ch\/wp-content\/uploads\/2023\/11\/Infografik_Treibhausgas_Protokoll_FINAL_Screen_F-1024x751.png\" alt=\"Protocole des gaz \u00e0 effet de serre\" \/><\/picture><\/div><\/div><\/div>[\/vc_column][\/vc_row][vc_row el_id=&#8221;angebot&#8221;][vc_column][vc_column_text]<\/p>\n<h3>Notre offre<\/h3>\n<p>[\/vc_column_text][vc_column_text css=&#8221;&#8221;]Electrosuisse effettua un&#8217;analisi olistica del sistema, prendendo in considerazione le emissioni dirette e indirette (Scope 1, 2 e 3) delle vostre attivit\u00e0. Una solida raccolta e analisi dei dati, la competenza tecnica e l&#8217;utilizzo di metodi collaudati costituiscono la base per il calcolo dell&#8217;impronta di carbonio e l&#8217;elaborazione di un piano di decarbonizzazione. Se desiderate procedere secondo l&#8217;SBTi, applichiamo questo metodo anche nell&#8217;analisi e nello sviluppo di una strategia.<\/p>\n<p>Vi forniamo un supporto completo per creare trasparenza nei vostri processi, in modo da avere la giusta base decisionale per l&#8217;ulteriore sviluppo della vostra azienda. Elaborando un bilancio di CO2 e\/o un piano di decarbonizzazione, riceverete una panoramica del potenziale tecnico ed economico di riduzione di CO2 lungo l&#8217;intera catena del valore. Insieme, adottiamo misure per ridurre in modo permanente le emissioni e aumentare l&#8217;efficienza della vostra azienda e vi supportiamo durante l&#8217;intera fase di attuazione.[\/vc_column_text][\/vc_column][\/vc_row][vc_row el_id=&#8221;kontakt&#8221;][vc_column][vc_column_text]<\/p>\n<h2>Contact<\/h2>\n<p>[\/vc_column_text]<div class=\"wpb_contact_column wpb_content_element wpb_contact_column--container\"><div class=\"wpb_wrapper\"><div class=\"contact_container_outer\"><div class=\"contact_container\"><div class=\"contact row middle-xs\"><div class=\"contact__img col-sm-5 col-xs-12\"><img decoding=\"async\" src=\"https:\/\/www.electrosuisse.ch\/wp-content\/uploads\/2024\/08\/StefanBaer_302x302.png\" alt=\"Stefan B\u00e4r - Chef d'\u00e9quipe Ing\u00e9nierie Est\" \/><\/div><div class=\"contact__info col-sm-7 col-xs-12\"><p><b>Stefan B\u00e4r<\/b><br>Chef d'\u00e9quipe Ing\u00e9nierie Est<\/p><div class=\"phone has-link\"><a href=\"tel:+41585951571\">+41 58 595 15 71<\/a><\/div><div class=\"mail has-link\"><a href=\"mailto:st&#101;&#102;&#97;&#x6e;&#x2e;&#x62;&#x61;er&#64;&#101;&#108;&#x65;&#x63;&#x74;&#x72;os&#117;&#105;&#115;&#x73;&#x65;&#x2e;&#x63;h\">&#115;&#x74;&#101;&#x66;&#97;&#x6e;&#46;&#x62;&#97;&#x65;&#114;&#x40;&#101;&#x6c;&#101;&#x63;&#116;&#x72;&#111;&#x73;&#117;&#x69;&#115;&#x73;&#101;&#x2e;c&#x68;<\/a><\/div><\/div><\/div><\/div><\/div><div class=\"contact_container_outer\"><div class=\"contact_container\"><div class=\"contact row middle-xs\"><div class=\"contact__img col-sm-5 col-xs-12\"><img decoding=\"async\" src=\"https:\/\/www.electrosuisse.ch\/wp-content\/uploads\/2025\/09\/Felix-Bigler_320x320.png\" alt=\"Felix Bigler - Chef d'\u00e9quipe Ing\u00e9nierie Ouest\" \/><\/div><div class=\"contact__info col-sm-7 col-xs-12\"><p><b>Felix Bigler<\/b><br>Chef d'\u00e9quipe Ing\u00e9nierie Ouest<\/p><div class=\"phone has-link\"><a href=\"tel:+41585951575\">+41 58 595 15 75<\/a><\/div><div class=\"mail has-link\"><a href=\"mailto:&#x66;&#x65;&#x6c;&#x69;&#x78;&#x2e;&#x62;&#x69;&#x67;&#x6c;&#x65;&#x72;&#x40;&#x65;&#x6c;&#x65;&#x63;&#x74;&#x72;&#x6f;&#x73;&#x75;&#x69;&#x73;&#x73;&#x65;&#x2e;&#x63;&#x68;\">&#102;e&#x6c;i&#x78;&#46;&#x62;&#105;&#x67;&#108;e&#x72;&#64;&#x65;&#108;&#x65;&#99;&#x74;&#114;&#x6f;&#115;u&#x69;s&#x73;&#101;&#x2e;&#99;&#x68;<\/a><\/div><\/div><\/div><\/div><\/div><div class=\"contact_container_outer\"><div class=\"contact_container\"><div class=\"contact row middle-xs\"><div class=\"contact__img col-sm-5 col-xs-12\"><img decoding=\"async\" src=\"\/wp-content\/themes\/SCHMUCKI_child\/img\/contact_placeholder.jpg\" alt=\"Conseil, Contr\u00f4les et Ing\u00e9nierie\" \/><\/div><div class=\"contact__info col-sm-7 col-xs-12\"><p><b>Conseil, Contr\u00f4les et Ing\u00e9nierie<\/b><br>Service de Bureau<\/p><div class=\"phone has-link\"><a href=\"tel:+41585951199\">+41 58 595 11 99<\/a><\/div><div class=\"mail has-link\"><a href=\"mailto:&#98;&#x65;&#114;&#x61;t&#x75;n&#103;&#x40;&#101;&#x6c;&#101;&#x63;t&#x72;o&#115;&#x75;&#105;&#x73;s&#x65;&#46;&#x63;&#x68;\">b&#101;&#114;&#x61;&#x74;&#x75;n&#103;&#64;&#x65;&#x6c;&#x65;ct&#114;&#x6f;&#x73;&#x75;is&#115;&#101;&#x2e;&#x63;&#x68;<\/a><\/div><\/div><\/div><\/div><\/div><\/div><\/div>[\/vc_column][\/vc_row]<\/p>\n<\/div>","protected":false},"excerpt":{"rendered":"<p>[vc_row][vc_column][vc_column_text el_class=&#8221;teaser&#8221;]La r\u00e9alisation des objectifs climatiques exige une modernisation globale de l&#8217;\u00e9conomie sur le plan environnemental et une r\u00e9duction des \u00e9missions de gaz \u00e0 effet de serre dans l&#8217;industrie. Dans ce contexte, l&#8217;optimisation de l&#8217;efficacit\u00e9 \u00e9nerg\u00e9tique et des mat\u00e9riaux est non seulement un facteur d\u00e9cisif pour atteindre les objectifs environnementaux, mais aussi un \u00e9l\u00e9ment essentiel [&hellip;]<\/p>\n","protected":false},"author":6,"featured_media":0,"parent":4116,"menu_order":243,"comment_status":"closed","ping_status":"closed","template":"","meta":{"_acf_changed":false,"_monsterinsights_skip_tracking":false,"_monsterinsights_sitenote_active":false,"_monsterinsights_sitenote_note":"","_monsterinsights_sitenote_category":0,"footnotes":""},"class_list":["post-31399","page","type-page","status-publish","hentry"],"acf":[],"yoast_head":"<!-- This site is optimized with the Yoast SEO Premium plugin v26.4 (Yoast SEO v27.0) - https:\/\/yoast.com\/product\/yoast-seo-premium-wordpress\/ -->\n<title>D\u00e9carbonation<\/title>\n<meta name=\"description\" content=\"Electrosuisse effectue une analyse globale du syst\u00e8me en tenant compte des \u00e9missions directes et indirectes de votre exploitation.\" \/>\n<meta name=\"robots\" content=\"index, follow, max-snippet:-1, max-image-preview:large, max-video-preview:-1\" \/>\n<link rel=\"canonical\" href=\"https:\/\/www.electrosuisse.ch\/fr\/engineering\/decarbonation\/\" \/>\n<meta property=\"og:locale\" content=\"fr_FR\" \/>\n<meta property=\"og:type\" content=\"article\" \/>\n<meta property=\"og:title\" content=\"D\u00e9carbonation\" \/>\n<meta property=\"og:description\" content=\"Electrosuisse effectue une analyse globale du syst\u00e8me en tenant compte des \u00e9missions directes et indirectes de votre exploitation.\" \/>\n<meta property=\"og:url\" content=\"https:\/\/www.electrosuisse.ch\/fr\/engineering\/decarbonation\/\" \/>\n<meta property=\"og:site_name\" content=\"Electrosuisse\" \/>\n<meta property=\"article:modified_time\" content=\"2025-09-05T12:44:44+00:00\" \/>\n<meta property=\"og:image\" content=\"https:\/\/www.electrosuisse.ch\/wp-content\/uploads\/2022\/12\/Electrosuisse_Ueber_uns_1578x650.jpg\" \/>\n\t<meta property=\"og:image:width\" content=\"1578\" \/>\n\t<meta property=\"og:image:height\" content=\"650\" \/>\n\t<meta property=\"og:image:type\" content=\"image\/jpeg\" \/>\n<script type=\"application\/ld+json\" class=\"yoast-schema-graph\">{\"@context\":\"https:\/\/schema.org\",\"@graph\":[{\"@type\":\"WebPage\",\"@id\":\"https:\/\/www.electrosuisse.ch\/fr\/engineering\/decarbonation\/\",\"url\":\"https:\/\/www.electrosuisse.ch\/fr\/engineering\/decarbonation\/\",\"name\":\"D\u00e9carbonation\",\"isPartOf\":{\"@id\":\"https:\/\/www.electrosuisse.ch\/fr\/#website\"},\"datePublished\":\"2023-05-23T07:57:35+00:00\",\"dateModified\":\"2025-09-05T12:44:44+00:00\",\"description\":\"Electrosuisse effectue une analyse globale du syst\u00e8me en tenant compte des \u00e9missions directes et indirectes de votre exploitation.\",\"breadcrumb\":{\"@id\":\"https:\/\/www.electrosuisse.ch\/fr\/engineering\/decarbonation\/#breadcrumb\"},\"inLanguage\":\"fr-FR\",\"potentialAction\":[{\"@type\":\"ReadAction\",\"target\":[\"https:\/\/www.electrosuisse.ch\/fr\/engineering\/decarbonation\/\"]}]},{\"@type\":\"BreadcrumbList\",\"@id\":\"https:\/\/www.electrosuisse.ch\/fr\/engineering\/decarbonation\/#breadcrumb\",\"itemListElement\":[{\"@type\":\"ListItem\",\"position\":1,\"name\":\"Engineering\",\"item\":\"https:\/\/www.electrosuisse.ch\/fr\/engineering\/\"},{\"@type\":\"ListItem\",\"position\":2,\"name\":\"D\u00e9carbonation\"}]},{\"@type\":\"WebSite\",\"@id\":\"https:\/\/www.electrosuisse.ch\/fr\/#website\",\"url\":\"https:\/\/www.electrosuisse.ch\/fr\/\",\"name\":\"Electrosuisse\",\"description\":\"\",\"publisher\":{\"@id\":\"https:\/\/www.electrosuisse.ch\/fr\/#organization\"},\"potentialAction\":[{\"@type\":\"SearchAction\",\"target\":{\"@type\":\"EntryPoint\",\"urlTemplate\":\"https:\/\/www.electrosuisse.ch\/fr\/?s={search_term_string}\"},\"query-input\":{\"@type\":\"PropertyValueSpecification\",\"valueRequired\":true,\"valueName\":\"search_term_string\"}}],\"inLanguage\":\"fr-FR\"},{\"@type\":\"Organization\",\"@id\":\"https:\/\/www.electrosuisse.ch\/fr\/#organization\",\"name\":\"Electrosuisse\",\"url\":\"https:\/\/www.electrosuisse.ch\/fr\/\",\"logo\":{\"@type\":\"ImageObject\",\"inLanguage\":\"fr-FR\",\"@id\":\"https:\/\/www.electrosuisse.ch\/fr\/#\/schema\/logo\/image\/\",\"url\":\"https:\/\/www.electrosuisse.ch\/wp-content\/uploads\/2025\/04\/Electrosuisse_Logo_696x696.png\",\"contentUrl\":\"https:\/\/www.electrosuisse.ch\/wp-content\/uploads\/2025\/04\/Electrosuisse_Logo_696x696.png\",\"width\":696,\"height\":696,\"caption\":\"Electrosuisse\"},\"image\":{\"@id\":\"https:\/\/www.electrosuisse.ch\/fr\/#\/schema\/logo\/image\/\"},\"sameAs\":[\"https:\/\/www.linkedin.com\/company\/electrosuisse-ag\/posts\/?feedView=all\",\"https:\/\/www.instagram.com\/electrosuisse1889\/\",\"https:\/\/www.youtube.com\/channel\/UCoOxohMiVE0Gjcdis1L09zw\"],\"description\":\"Electrosuisse ist eine anerkannte und unabh\u00e4ngige Fachorganisation, die erstklassige Dienstleistungen und Produkte in den Bereichen Inspektion, Beratung, Pr\u00fcfung, Zertifizierung, Normung und Weiterbildung anbietet. Unsere Expertise umfasst Elektrotechnik, Elektromobilit\u00e4t, Energieberatung, Geb\u00e4udeautomation und Photovoltaik in der Schweiz. Durch die Veranstaltung etablierter Branchen-Events und Fachtagungen f\u00f6rdert Electrosuisse den Wissenstransfer und den fachlichen Austausch. Im Mittelpunkt unserer T\u00e4tigkeiten steht die F\u00f6rderung der sicheren, wirtschaftlichen und umweltgerechten Anwendung der Elektrotechnik.\"}]}<\/script>\n<!-- \/ Yoast SEO Premium plugin. -->","yoast_head_json":{"title":"D\u00e9carbonation","description":"Electrosuisse effectue une analyse globale du syst\u00e8me en tenant compte des \u00e9missions directes et indirectes de votre exploitation.","robots":{"index":"index","follow":"follow","max-snippet":"max-snippet:-1","max-image-preview":"max-image-preview:large","max-video-preview":"max-video-preview:-1"},"canonical":"https:\/\/www.electrosuisse.ch\/fr\/engineering\/decarbonation\/","og_locale":"fr_FR","og_type":"article","og_title":"D\u00e9carbonation","og_description":"Electrosuisse effectue une analyse globale du syst\u00e8me en tenant compte des \u00e9missions directes et indirectes de votre exploitation.","og_url":"https:\/\/www.electrosuisse.ch\/fr\/engineering\/decarbonation\/","og_site_name":"Electrosuisse","article_modified_time":"2025-09-05T12:44:44+00:00","og_image":[{"width":1578,"height":650,"url":"https:\/\/www.electrosuisse.ch\/wp-content\/uploads\/2022\/12\/Electrosuisse_Ueber_uns_1578x650.jpg","type":"image\/jpeg"}],"schema":{"@context":"https:\/\/schema.org","@graph":[{"@type":"WebPage","@id":"https:\/\/www.electrosuisse.ch\/fr\/engineering\/decarbonation\/","url":"https:\/\/www.electrosuisse.ch\/fr\/engineering\/decarbonation\/","name":"D\u00e9carbonation","isPartOf":{"@id":"https:\/\/www.electrosuisse.ch\/fr\/#website"},"datePublished":"2023-05-23T07:57:35+00:00","dateModified":"2025-09-05T12:44:44+00:00","description":"Electrosuisse effectue une analyse globale du syst\u00e8me en tenant compte des \u00e9missions directes et indirectes de votre exploitation.","breadcrumb":{"@id":"https:\/\/www.electrosuisse.ch\/fr\/engineering\/decarbonation\/#breadcrumb"},"inLanguage":"fr-FR","potentialAction":[{"@type":"ReadAction","target":["https:\/\/www.electrosuisse.ch\/fr\/engineering\/decarbonation\/"]}]},{"@type":"BreadcrumbList","@id":"https:\/\/www.electrosuisse.ch\/fr\/engineering\/decarbonation\/#breadcrumb","itemListElement":[{"@type":"ListItem","position":1,"name":"Engineering","item":"https:\/\/www.electrosuisse.ch\/fr\/engineering\/"},{"@type":"ListItem","position":2,"name":"D\u00e9carbonation"}]},{"@type":"WebSite","@id":"https:\/\/www.electrosuisse.ch\/fr\/#website","url":"https:\/\/www.electrosuisse.ch\/fr\/","name":"Electrosuisse","description":"","publisher":{"@id":"https:\/\/www.electrosuisse.ch\/fr\/#organization"},"potentialAction":[{"@type":"SearchAction","target":{"@type":"EntryPoint","urlTemplate":"https:\/\/www.electrosuisse.ch\/fr\/?s={search_term_string}"},"query-input":{"@type":"PropertyValueSpecification","valueRequired":true,"valueName":"search_term_string"}}],"inLanguage":"fr-FR"},{"@type":"Organization","@id":"https:\/\/www.electrosuisse.ch\/fr\/#organization","name":"Electrosuisse","url":"https:\/\/www.electrosuisse.ch\/fr\/","logo":{"@type":"ImageObject","inLanguage":"fr-FR","@id":"https:\/\/www.electrosuisse.ch\/fr\/#\/schema\/logo\/image\/","url":"https:\/\/www.electrosuisse.ch\/wp-content\/uploads\/2025\/04\/Electrosuisse_Logo_696x696.png","contentUrl":"https:\/\/www.electrosuisse.ch\/wp-content\/uploads\/2025\/04\/Electrosuisse_Logo_696x696.png","width":696,"height":696,"caption":"Electrosuisse"},"image":{"@id":"https:\/\/www.electrosuisse.ch\/fr\/#\/schema\/logo\/image\/"},"sameAs":["https:\/\/www.linkedin.com\/company\/electrosuisse-ag\/posts\/?feedView=all","https:\/\/www.instagram.com\/electrosuisse1889\/","https:\/\/www.youtube.com\/channel\/UCoOxohMiVE0Gjcdis1L09zw"],"description":"Electrosuisse ist eine anerkannte und unabh\u00e4ngige Fachorganisation, die erstklassige Dienstleistungen und Produkte in den Bereichen Inspektion, Beratung, Pr\u00fcfung, Zertifizierung, Normung und Weiterbildung anbietet. Unsere Expertise umfasst Elektrotechnik, Elektromobilit\u00e4t, Energieberatung, Geb\u00e4udeautomation und Photovoltaik in der Schweiz. Durch die Veranstaltung etablierter Branchen-Events und Fachtagungen f\u00f6rdert Electrosuisse den Wissenstransfer und den fachlichen Austausch. Im Mittelpunkt unserer T\u00e4tigkeiten steht die F\u00f6rderung der sicheren, wirtschaftlichen und umweltgerechten Anwendung der Elektrotechnik."}]}},"amp_enabled":true,"_links":{"self":[{"href":"https:\/\/www.electrosuisse.ch\/fr\/wp-json\/wp\/v2\/pages\/31399","targetHints":{"allow":["GET"]}}],"collection":[{"href":"https:\/\/www.electrosuisse.ch\/fr\/wp-json\/wp\/v2\/pages"}],"about":[{"href":"https:\/\/www.electrosuisse.ch\/fr\/wp-json\/wp\/v2\/types\/page"}],"author":[{"embeddable":true,"href":"https:\/\/www.electrosuisse.ch\/fr\/wp-json\/wp\/v2\/users\/6"}],"replies":[{"embeddable":true,"href":"https:\/\/www.electrosuisse.ch\/fr\/wp-json\/wp\/v2\/comments?post=31399"}],"version-history":[{"count":12,"href":"https:\/\/www.electrosuisse.ch\/fr\/wp-json\/wp\/v2\/pages\/31399\/revisions"}],"predecessor-version":[{"id":39934,"href":"https:\/\/www.electrosuisse.ch\/fr\/wp-json\/wp\/v2\/pages\/31399\/revisions\/39934"}],"up":[{"embeddable":true,"href":"https:\/\/www.electrosuisse.ch\/fr\/wp-json\/wp\/v2\/pages\/4116"}],"wp:attachment":[{"href":"https:\/\/www.electrosuisse.ch\/fr\/wp-json\/wp\/v2\/media?parent=31399"}],"curies":[{"name":"wp","href":"https:\/\/api.w.org\/{rel}","templated":true}]}}