{"id":31269,"date":"2023-05-24T08:51:16","date_gmt":"2023-05-24T06:51:16","guid":{"rendered":"https:\/\/www.electrosuisse.ch\/engineering\/netzberechnung\/"},"modified":"2026-02-12T16:19:48","modified_gmt":"2026-02-12T15:19:48","slug":"analyse-du-reseau-electrique","status":"publish","type":"page","link":"https:\/\/www.electrosuisse.ch\/fr\/engineering\/analyse-du-reseau-electrique\/","title":{"rendered":"Analyse du r\u00e9seau \u00e9lectrique"},"content":{"rendered":"<div class=\"wpb-content-wrapper\"><p>[vc_row][vc_column][vc_column_text el_class=&#8221;teaser&#8221;]Les d\u00e9veloppements actuels dans le domaine de l&#8217;approvisionnement en \u00e9nergie et les nouvelles possibilit\u00e9s d&#8217;utilisation de l\u2019\u00e9lectricit\u00e9 placent le r\u00e9seau \u00e9lectrique devant de grands d\u00e9fis.[\/vc_column_text][vc_column_text]Les entreprises d&#8217;approvisionnement en \u00e9nergie, les entreprises industrielles ou les gros consommateurs disposant de leur propre r\u00e9seau de faible envergure sont confront\u00e9s \u00e0 la difficult\u00e9 d&#8217;int\u00e9grer de nouveaux composants dans le syst\u00e8me \u00e9nerg\u00e9tique, d&#8217;\u00e9viter les goulets d&#8217;\u00e9tranglement dans le r\u00e9seau et de garantir en permanence une bonne qualit\u00e9 du r\u00e9seau. De plus, il existe des exigences techniques en mati\u00e8re de s\u00e9curit\u00e9 qui doivent \u00eatre respect\u00e9es lors de l&#8217;exploitation de r\u00e9seaux \u00e9lectriques. Gr\u00e2ce \u00e0 la simulation num\u00e9rique du r\u00e9seau (digital twin ou jumeau num\u00e9rique), il est possible de r\u00e9pondre de mani\u00e8re cibl\u00e9e \u00e0 ces d\u00e9fis et de d\u00e9tecter les goulots d&#8217;\u00e9tranglement \u00e0 temps. Cette m\u00e9thode permet \u00e9galement de garantir la s\u00e9curit\u00e9 de l&#8217;approvisionnement ainsi que de d\u00e9finir la strat\u00e9gie \u00e0 suivre pour le d\u00e9veloppement du r\u00e9seau \u00e0 l\u2019avenir.[\/vc_column_text][\/vc_column][\/vc_row][vc_row el_id=&#8221;angebot&#8221;][vc_column][vc_column_text css=&#8221;&#8221;]<\/p>\n<h3>Notre offre<\/h3>\n<p>Electrosuisse effectue une analyse globale du r\u00e9seau \u00e9lectrique \u00e0 l&#8217;aide d&#8217;un mod\u00e8le statique (NEPLAN). Il est d\u00e8s lors possible de calculer et d&#8217;analyser les flux de charge, les puissances de court-circuit, les courbes de tension, la s\u00e9lectivit\u00e9 des organes de protection ainsi que l&#8217;\u00e9nergie des arcs \u00e9lectriques. Les flux de charge et les goulots d&#8217;\u00e9tranglement du r\u00e9seau sont visualis\u00e9s aussi bien en fonctionnement normal que dans des sc\u00e9narios d&#8217;incident. L&#8217;\u00e9valuation et l&#8217;examen des extensions de r\u00e9seau ainsi que des demandes de raccordement pour les installations photovolta\u00efques, les pompes \u00e0 chaleur et les stations de recharge s&#8217;effectuent sur la base de la mod\u00e9lisation du r\u00e9seau. Un concept de s\u00e9curit\u00e9 permet de compl\u00e9ter l&#8217;analyse du r\u00e9seau \u00e9lectrique et de garantir la poursuite de l&#8217;exploitation du r\u00e9seau de faible envergure ou du r\u00e9seau de distribution.<\/p>\n<p>Pour le d\u00e9veloppement ult\u00e9rieur du r\u00e9seau, l&#8217;\u00e9tape suivante consiste \u00e0 \u00e9laborer un mod\u00e8le dynamique du r\u00e9seau \u00e9lectrique, le digital twin. L&#8217;int\u00e9gration de donn\u00e9es en temps r\u00e9el permet de simuler d&#8217;\u00e9ventuels incidents dans l&#8217;\u00e9tat d&#8217;exploitation actuel. Des analyses de diff\u00e9rents sc\u00e9narios peuvent \u00eatre utilis\u00e9es pour le d\u00e9veloppement ult\u00e9rieur du r\u00e9seau. L&#8217;utilisation de nouvelles technologies ainsi que l&#8217;\u00e9valuation des cons\u00e9quences \u00e9conomiques, techniques et op\u00e9rationnelles sont int\u00e9gr\u00e9es dans le d\u00e9veloppement strat\u00e9gique \u00e0 long terme de votre syst\u00e8me \u00e9nerg\u00e9tique.[\/vc_column_text][vc_column_text]<\/p>\n<h3>L&#8217;essentiel en bref<\/h3>\n<ul>\n<li>L&#8217;analyse du r\u00e9seau \u00e9lectrique aide les fournisseurs d&#8217;\u00e9nergie, l&#8217;industrie et les gros consommateurs \u00e0 renforcer la s\u00e9curit\u00e9 de leur r\u00e9seau, \u00e0 \u00e9viter les congestions, \u00e0 planifier l&#8217;extension du r\u00e9seau, \u00e0 int\u00e9grer de nouvelles installations et \u00e0 garantir la qualit\u00e9 du r\u00e9seau \u00e0 long terme.<\/li>\n<li>Cependant, les nouvelles formes d&#8217;utilisation, l&#8217;\u00e9lectrification et les \u00e9volutions technologiques posent des d\u00e9fis complexes au r\u00e9seau \u00e9lectrique.<\/li>\n<li>Les exigences en mati\u00e8re de s\u00e9curit\u00e9 doivent \u00eatre syst\u00e9matiquement respect\u00e9es lors de l&#8217;exploitation des r\u00e9seaux \u00e9lectriques. Cela passe notamment par des calculs d&#8217;arcs \u00e9lectriques, des concepts de s\u00e9curit\u00e9, des marquages et des formations.<\/li>\n<li>Un jumeau num\u00e9rique (Digital Twin) permet de simuler des structures de r\u00e9seau, de d\u00e9tecter les congestions \u00e0 un stade pr\u00e9coce et de garantir la s\u00e9curit\u00e9 d&#8217;approvisionnement.<\/li>\n<li>Electrosuisse soutient les entreprises et les fournisseurs d&#8217;\u00e9nergie en leur fournissant des analyses cibl\u00e9es et compl\u00e8tes qui servent de base aux d\u00e9cisions strat\u00e9giques concernant le d\u00e9veloppement futur du r\u00e9seau.<\/li>\n<\/ul>\n<p>[\/vc_column_text][\/vc_column][\/vc_row][vc_row el_id=&#8221;kontakt&#8221;][vc_column][vc_column_text]<\/p>\n<h2>Contact<\/h2>\n<p>[\/vc_column_text]<div class=\"wpb_contact_column wpb_content_element wpb_contact_column--container\"><div class=\"wpb_wrapper\"><div class=\"contact_container_outer\"><div class=\"contact_container\"><div class=\"contact row middle-xs\"><div class=\"contact__img col-sm-5 col-xs-12\"><img decoding=\"async\" src=\"https:\/\/www.electrosuisse.ch\/wp-content\/uploads\/2024\/08\/StefanBaer_302x302.png\" alt=\"Stefan B\u00e4r - Chef d'\u00e9quipe Ing\u00e9nierie Est\" \/><\/div><div class=\"contact__info col-sm-7 col-xs-12\"><p><b>Stefan B\u00e4r<\/b><br>Chef d'\u00e9quipe Ing\u00e9nierie Est<\/p><div class=\"phone has-link\"><a href=\"tel:+41585951571\">+41 58 595 15 71<\/a><\/div><div class=\"mail has-link\"><a href=\"mailto:ste&#102;&#97;&#110;&#46;&#x62;&#x61;&#x65;&#x72;&#x40;&#x65;&#x6c;ect&#114;&#111;&#115;&#117;&#105;&#x73;&#x73;&#x65;&#x2e;&#x63;&#x68;\">&#x73;&#x74;&#101;f&#x61;&#x6e;&#x2e;&#98;a&#x65;&#x72;&#x40;&#101;l&#x65;&#x63;&#x74;&#114;o&#x73;&#x75;&#x69;&#115;s&#x65;&#x2e;&#x63;&#104;<\/a><\/div><\/div><\/div><\/div><\/div><div class=\"contact_container_outer\"><div class=\"contact_container\"><div class=\"contact row middle-xs\"><div class=\"contact__img col-sm-5 col-xs-12\"><img decoding=\"async\" src=\"https:\/\/www.electrosuisse.ch\/wp-content\/uploads\/2025\/09\/Felix-Bigler_320x320.png\" alt=\"Felix Bigler - Chef d'\u00e9quipe Ing\u00e9nierie Ouest\" \/><\/div><div class=\"contact__info col-sm-7 col-xs-12\"><p><b>Felix Bigler<\/b><br>Chef d'\u00e9quipe Ing\u00e9nierie Ouest<\/p><div class=\"phone has-link\"><a href=\"tel:+41585951575\">+41 58 595 15 75<\/a><\/div><div class=\"mail has-link\"><a href=\"mailto:fe&#108;&#105;&#120;&#x2e;&#x62;&#x69;&#x67;le&#114;&#64;&#101;&#x6c;&#x65;&#x63;&#x74;ro&#115;&#117;&#105;&#x73;&#x73;&#x65;&#x2e;ch\">f&#101;&#108;&#x69;&#x78;&#x2e;bi&#103;&#108;&#x65;&#x72;&#x40;e&#108;&#101;&#99;&#x74;&#x72;&#x6f;s&#117;&#105;&#x73;&#x73;&#x65;&#46;c&#104;<\/a><\/div><\/div><\/div><\/div><\/div><div class=\"contact_container_outer\"><div class=\"contact_container\"><div class=\"contact row middle-xs\"><div class=\"contact__img col-sm-5 col-xs-12\"><img decoding=\"async\" src=\"https:\/\/www.electrosuisse.ch\/wp-content\/uploads\/2024\/07\/Hans-Matzner-2.jpg\" alt=\"Hans Matzner - Conseil et engineering\" \/><\/div><div class=\"contact__info col-sm-7 col-xs-12\"><p><b>Hans Matzner<\/b><br>Conseil et engineering<\/p><div class=\"phone has-link\"><a href=\"tel:+41585951563\">+41 58 595 15 63<\/a><\/div><div class=\"mail has-link\"><a href=\"mailto:&#104;&#x61;&#110;&#x73;&#46;&#x6d;&#97;&#x74;z&#x6e;e&#x72;&#64;&#x65;l&#101;&#x63;&#116;&#x72;&#111;&#x73;&#117;&#x69;&#115;&#x73;e&#x2e;c&#x68;\">h&#97;&#x6e;&#x73;&#46;&#109;&#x61;&#x74;z&#110;&#101;&#x72;&#x40;e&#108;&#x65;&#x63;t&#114;&#x6f;&#x73;u&#105;&#115;&#x73;&#x65;&#46;&#99;&#x68;<\/a><\/div><\/div><\/div><\/div><\/div><div class=\"contact_container_outer\"><div class=\"contact_container\"><div class=\"contact row middle-xs\"><div class=\"contact__img col-sm-5 col-xs-12\"><img decoding=\"async\" src=\"\/wp-content\/themes\/SCHMUCKI_child\/img\/contact_placeholder.jpg\" alt=\"Conseil, Contr\u00f4les et Ing\u00e9nierie\" \/><\/div><div class=\"contact__info col-sm-7 col-xs-12\"><p><b>Conseil, Contr\u00f4les et Ing\u00e9nierie<\/b><br>Service de Bureau<\/p><div class=\"phone has-link\"><a href=\"tel:+41585951199\">+41 58 595 11 99<\/a><\/div><div class=\"mail has-link\"><a href=\"mailto:&#98;&#x65;r&#97;&#x74;u&#x6e;&#x67;&#64;&#x65;l&#101;&#x63;t&#114;&#x6f;&#115;&#x75;i&#115;&#x73;e&#46;&#x63;&#104;\">&#98;&#x65;&#x72;a&#116;&#x75;&#x6e;g&#64;&#x65;l&#101;&#x63;&#x74;r&#111;&#x73;u&#105;&#x73;&#x73;e&#46;&#x63;&#x68;<\/a><\/div><\/div><\/div><\/div><\/div><\/div><\/div>[\/vc_column][\/vc_row]<\/p>\n<\/div>","protected":false},"excerpt":{"rendered":"<p>[vc_row][vc_column][vc_column_text el_class=&#8221;teaser&#8221;]Les d\u00e9veloppements actuels dans le domaine de l&#8217;approvisionnement en \u00e9nergie et les nouvelles possibilit\u00e9s d&#8217;utilisation de l\u2019\u00e9lectricit\u00e9 placent le r\u00e9seau \u00e9lectrique devant de grands d\u00e9fis.[\/vc_column_text][vc_column_text]Les entreprises d&#8217;approvisionnement en \u00e9nergie, les entreprises industrielles ou les gros consommateurs disposant de leur propre r\u00e9seau de faible envergure sont confront\u00e9s \u00e0 la difficult\u00e9 d&#8217;int\u00e9grer de nouveaux composants dans [&hellip;]<\/p>\n","protected":false},"author":6,"featured_media":0,"parent":4116,"menu_order":243,"comment_status":"closed","ping_status":"closed","template":"","meta":{"_acf_changed":false,"_monsterinsights_skip_tracking":false,"_monsterinsights_sitenote_active":false,"_monsterinsights_sitenote_note":"","_monsterinsights_sitenote_category":0,"footnotes":""},"class_list":["post-31269","page","type-page","status-publish","hentry"],"acf":[],"yoast_head":"<!-- This site is optimized with the Yoast SEO Premium plugin v26.4 (Yoast SEO v27.0) - https:\/\/yoast.com\/product\/yoast-seo-premium-wordpress\/ -->\n<title>Netzberechnung<\/title>\n<meta name=\"description\" content=\"Netzberechnung durch Electrosuisse f\u00fcr eine kontinuierlich gute Netzqualit\u00e4t und f\u00fcr die zuk\u00fcnftige Netzentwicklung.\" \/>\n<meta name=\"robots\" content=\"index, follow, max-snippet:-1, max-image-preview:large, max-video-preview:-1\" \/>\n<link rel=\"canonical\" href=\"https:\/\/www.electrosuisse.ch\/fr\/engineering\/analyse-du-reseau-electrique\/\" \/>\n<meta property=\"og:locale\" content=\"fr_FR\" \/>\n<meta property=\"og:type\" content=\"article\" \/>\n<meta property=\"og:title\" content=\"Netzberechnung\" \/>\n<meta property=\"og:description\" content=\"Netzberechnung durch Electrosuisse f\u00fcr eine kontinuierlich gute Netzqualit\u00e4t und f\u00fcr die zuk\u00fcnftige Netzentwicklung.\" \/>\n<meta property=\"og:url\" content=\"https:\/\/www.electrosuisse.ch\/fr\/engineering\/analyse-du-reseau-electrique\/\" \/>\n<meta property=\"og:site_name\" content=\"Electrosuisse\" \/>\n<meta property=\"article:modified_time\" content=\"2026-02-12T15:19:48+00:00\" \/>\n<meta property=\"og:image\" content=\"https:\/\/www.electrosuisse.ch\/wp-content\/uploads\/2022\/12\/Electrosuisse_Ueber_uns_1578x650.jpg\" \/>\n\t<meta property=\"og:image:width\" content=\"1578\" \/>\n\t<meta property=\"og:image:height\" content=\"650\" \/>\n\t<meta property=\"og:image:type\" content=\"image\/jpeg\" \/>\n<script type=\"application\/ld+json\" class=\"yoast-schema-graph\">{\"@context\":\"https:\/\/schema.org\",\"@graph\":[{\"@type\":\"WebPage\",\"@id\":\"https:\/\/www.electrosuisse.ch\/fr\/engineering\/analyse-du-reseau-electrique\/\",\"url\":\"https:\/\/www.electrosuisse.ch\/fr\/engineering\/analyse-du-reseau-electrique\/\",\"name\":\"Netzberechnung\",\"isPartOf\":{\"@id\":\"https:\/\/www.electrosuisse.ch\/fr\/#website\"},\"datePublished\":\"2023-05-24T06:51:16+00:00\",\"dateModified\":\"2026-02-12T15:19:48+00:00\",\"description\":\"Netzberechnung durch Electrosuisse f\u00fcr eine kontinuierlich gute Netzqualit\u00e4t und f\u00fcr die zuk\u00fcnftige Netzentwicklung.\",\"breadcrumb\":{\"@id\":\"https:\/\/www.electrosuisse.ch\/fr\/engineering\/analyse-du-reseau-electrique\/#breadcrumb\"},\"inLanguage\":\"fr-FR\",\"potentialAction\":[{\"@type\":\"ReadAction\",\"target\":[\"https:\/\/www.electrosuisse.ch\/fr\/engineering\/analyse-du-reseau-electrique\/\"]}]},{\"@type\":\"BreadcrumbList\",\"@id\":\"https:\/\/www.electrosuisse.ch\/fr\/engineering\/analyse-du-reseau-electrique\/#breadcrumb\",\"itemListElement\":[{\"@type\":\"ListItem\",\"position\":1,\"name\":\"Engineering\",\"item\":\"https:\/\/www.electrosuisse.ch\/fr\/engineering\/\"},{\"@type\":\"ListItem\",\"position\":2,\"name\":\"Analyse du r\u00e9seau \u00e9lectrique\"}]},{\"@type\":\"WebSite\",\"@id\":\"https:\/\/www.electrosuisse.ch\/fr\/#website\",\"url\":\"https:\/\/www.electrosuisse.ch\/fr\/\",\"name\":\"Electrosuisse\",\"description\":\"\",\"publisher\":{\"@id\":\"https:\/\/www.electrosuisse.ch\/fr\/#organization\"},\"potentialAction\":[{\"@type\":\"SearchAction\",\"target\":{\"@type\":\"EntryPoint\",\"urlTemplate\":\"https:\/\/www.electrosuisse.ch\/fr\/?s={search_term_string}\"},\"query-input\":{\"@type\":\"PropertyValueSpecification\",\"valueRequired\":true,\"valueName\":\"search_term_string\"}}],\"inLanguage\":\"fr-FR\"},{\"@type\":\"Organization\",\"@id\":\"https:\/\/www.electrosuisse.ch\/fr\/#organization\",\"name\":\"Electrosuisse\",\"url\":\"https:\/\/www.electrosuisse.ch\/fr\/\",\"logo\":{\"@type\":\"ImageObject\",\"inLanguage\":\"fr-FR\",\"@id\":\"https:\/\/www.electrosuisse.ch\/fr\/#\/schema\/logo\/image\/\",\"url\":\"https:\/\/www.electrosuisse.ch\/wp-content\/uploads\/2025\/04\/Electrosuisse_Logo_696x696.png\",\"contentUrl\":\"https:\/\/www.electrosuisse.ch\/wp-content\/uploads\/2025\/04\/Electrosuisse_Logo_696x696.png\",\"width\":696,\"height\":696,\"caption\":\"Electrosuisse\"},\"image\":{\"@id\":\"https:\/\/www.electrosuisse.ch\/fr\/#\/schema\/logo\/image\/\"},\"sameAs\":[\"https:\/\/www.linkedin.com\/company\/electrosuisse-ag\/posts\/?feedView=all\",\"https:\/\/www.instagram.com\/electrosuisse1889\/\",\"https:\/\/www.youtube.com\/channel\/UCoOxohMiVE0Gjcdis1L09zw\"],\"description\":\"Electrosuisse ist eine anerkannte und unabh\u00e4ngige Fachorganisation, die erstklassige Dienstleistungen und Produkte in den Bereichen Inspektion, Beratung, Pr\u00fcfung, Zertifizierung, Normung und Weiterbildung anbietet. Unsere Expertise umfasst Elektrotechnik, Elektromobilit\u00e4t, Energieberatung, Geb\u00e4udeautomation und Photovoltaik in der Schweiz. Durch die Veranstaltung etablierter Branchen-Events und Fachtagungen f\u00f6rdert Electrosuisse den Wissenstransfer und den fachlichen Austausch. Im Mittelpunkt unserer T\u00e4tigkeiten steht die F\u00f6rderung der sicheren, wirtschaftlichen und umweltgerechten Anwendung der Elektrotechnik.\"}]}<\/script>\n<!-- \/ Yoast SEO Premium plugin. -->","yoast_head_json":{"title":"Netzberechnung","description":"Netzberechnung durch Electrosuisse f\u00fcr eine kontinuierlich gute Netzqualit\u00e4t und f\u00fcr die zuk\u00fcnftige Netzentwicklung.","robots":{"index":"index","follow":"follow","max-snippet":"max-snippet:-1","max-image-preview":"max-image-preview:large","max-video-preview":"max-video-preview:-1"},"canonical":"https:\/\/www.electrosuisse.ch\/fr\/engineering\/analyse-du-reseau-electrique\/","og_locale":"fr_FR","og_type":"article","og_title":"Netzberechnung","og_description":"Netzberechnung durch Electrosuisse f\u00fcr eine kontinuierlich gute Netzqualit\u00e4t und f\u00fcr die zuk\u00fcnftige Netzentwicklung.","og_url":"https:\/\/www.electrosuisse.ch\/fr\/engineering\/analyse-du-reseau-electrique\/","og_site_name":"Electrosuisse","article_modified_time":"2026-02-12T15:19:48+00:00","og_image":[{"width":1578,"height":650,"url":"https:\/\/www.electrosuisse.ch\/wp-content\/uploads\/2022\/12\/Electrosuisse_Ueber_uns_1578x650.jpg","type":"image\/jpeg"}],"schema":{"@context":"https:\/\/schema.org","@graph":[{"@type":"WebPage","@id":"https:\/\/www.electrosuisse.ch\/fr\/engineering\/analyse-du-reseau-electrique\/","url":"https:\/\/www.electrosuisse.ch\/fr\/engineering\/analyse-du-reseau-electrique\/","name":"Netzberechnung","isPartOf":{"@id":"https:\/\/www.electrosuisse.ch\/fr\/#website"},"datePublished":"2023-05-24T06:51:16+00:00","dateModified":"2026-02-12T15:19:48+00:00","description":"Netzberechnung durch Electrosuisse f\u00fcr eine kontinuierlich gute Netzqualit\u00e4t und f\u00fcr die zuk\u00fcnftige Netzentwicklung.","breadcrumb":{"@id":"https:\/\/www.electrosuisse.ch\/fr\/engineering\/analyse-du-reseau-electrique\/#breadcrumb"},"inLanguage":"fr-FR","potentialAction":[{"@type":"ReadAction","target":["https:\/\/www.electrosuisse.ch\/fr\/engineering\/analyse-du-reseau-electrique\/"]}]},{"@type":"BreadcrumbList","@id":"https:\/\/www.electrosuisse.ch\/fr\/engineering\/analyse-du-reseau-electrique\/#breadcrumb","itemListElement":[{"@type":"ListItem","position":1,"name":"Engineering","item":"https:\/\/www.electrosuisse.ch\/fr\/engineering\/"},{"@type":"ListItem","position":2,"name":"Analyse du r\u00e9seau \u00e9lectrique"}]},{"@type":"WebSite","@id":"https:\/\/www.electrosuisse.ch\/fr\/#website","url":"https:\/\/www.electrosuisse.ch\/fr\/","name":"Electrosuisse","description":"","publisher":{"@id":"https:\/\/www.electrosuisse.ch\/fr\/#organization"},"potentialAction":[{"@type":"SearchAction","target":{"@type":"EntryPoint","urlTemplate":"https:\/\/www.electrosuisse.ch\/fr\/?s={search_term_string}"},"query-input":{"@type":"PropertyValueSpecification","valueRequired":true,"valueName":"search_term_string"}}],"inLanguage":"fr-FR"},{"@type":"Organization","@id":"https:\/\/www.electrosuisse.ch\/fr\/#organization","name":"Electrosuisse","url":"https:\/\/www.electrosuisse.ch\/fr\/","logo":{"@type":"ImageObject","inLanguage":"fr-FR","@id":"https:\/\/www.electrosuisse.ch\/fr\/#\/schema\/logo\/image\/","url":"https:\/\/www.electrosuisse.ch\/wp-content\/uploads\/2025\/04\/Electrosuisse_Logo_696x696.png","contentUrl":"https:\/\/www.electrosuisse.ch\/wp-content\/uploads\/2025\/04\/Electrosuisse_Logo_696x696.png","width":696,"height":696,"caption":"Electrosuisse"},"image":{"@id":"https:\/\/www.electrosuisse.ch\/fr\/#\/schema\/logo\/image\/"},"sameAs":["https:\/\/www.linkedin.com\/company\/electrosuisse-ag\/posts\/?feedView=all","https:\/\/www.instagram.com\/electrosuisse1889\/","https:\/\/www.youtube.com\/channel\/UCoOxohMiVE0Gjcdis1L09zw"],"description":"Electrosuisse ist eine anerkannte und unabh\u00e4ngige Fachorganisation, die erstklassige Dienstleistungen und Produkte in den Bereichen Inspektion, Beratung, Pr\u00fcfung, Zertifizierung, Normung und Weiterbildung anbietet. Unsere Expertise umfasst Elektrotechnik, Elektromobilit\u00e4t, Energieberatung, Geb\u00e4udeautomation und Photovoltaik in der Schweiz. Durch die Veranstaltung etablierter Branchen-Events und Fachtagungen f\u00f6rdert Electrosuisse den Wissenstransfer und den fachlichen Austausch. Im Mittelpunkt unserer T\u00e4tigkeiten steht die F\u00f6rderung der sicheren, wirtschaftlichen und umweltgerechten Anwendung der Elektrotechnik."}]}},"amp_enabled":true,"_links":{"self":[{"href":"https:\/\/www.electrosuisse.ch\/fr\/wp-json\/wp\/v2\/pages\/31269","targetHints":{"allow":["GET"]}}],"collection":[{"href":"https:\/\/www.electrosuisse.ch\/fr\/wp-json\/wp\/v2\/pages"}],"about":[{"href":"https:\/\/www.electrosuisse.ch\/fr\/wp-json\/wp\/v2\/types\/page"}],"author":[{"embeddable":true,"href":"https:\/\/www.electrosuisse.ch\/fr\/wp-json\/wp\/v2\/users\/6"}],"replies":[{"embeddable":true,"href":"https:\/\/www.electrosuisse.ch\/fr\/wp-json\/wp\/v2\/comments?post=31269"}],"version-history":[{"count":16,"href":"https:\/\/www.electrosuisse.ch\/fr\/wp-json\/wp\/v2\/pages\/31269\/revisions"}],"predecessor-version":[{"id":41905,"href":"https:\/\/www.electrosuisse.ch\/fr\/wp-json\/wp\/v2\/pages\/31269\/revisions\/41905"}],"up":[{"embeddable":true,"href":"https:\/\/www.electrosuisse.ch\/fr\/wp-json\/wp\/v2\/pages\/4116"}],"wp:attachment":[{"href":"https:\/\/www.electrosuisse.ch\/fr\/wp-json\/wp\/v2\/media?parent=31269"}],"curies":[{"name":"wp","href":"https:\/\/api.w.org\/{rel}","templated":true}]}}