{"id":30710,"date":"2023-05-02T11:01:57","date_gmt":"2023-05-02T09:01:57","guid":{"rendered":"https:\/\/www.electrosuisse.ch\/mobilite\/e-mobilitaet-map\/"},"modified":"2026-03-16T14:34:12","modified_gmt":"2026-03-16T13:34:12","slug":"mobilite-electrique-map","status":"publish","type":"page","link":"https:\/\/www.electrosuisse.ch\/fr\/mobilite\/mobilite-electrique-map\/","title":{"rendered":"Mobilit\u00e9 \u00e9lectrique \u2013 Map, brochure et outil interactif"},"content":{"rendered":"<div class=\"wpb-content-wrapper\"><p>[vc_row][vc_column][vc_column_text css=&#8221;&#8221;]<\/p>\n<h2>\u00abMap\u00bb, brochure et outil interactif<\/h2>\n<p>Electrosuisse a d\u00e9velopp\u00e9 avec le soutien de\u00a0<a href=\"https:\/\/www.suisseenergie.ch\/mobilite\/electromobilite\/?pk_vid=c6b463a1900a815e16285135009fbfad\" target=\"_blank\" rel=\"noopener\">SuisseEnergie<\/a>\u00a0une \u00ab artmap \u00bb (carte illustr\u00e9e) et une brochure d\u00e9di\u00e9es au th\u00e8me de l\u2019\u00e9lectromobilit\u00e9, ainsi qu\u2019un outil interactif pour relier ces deux \u00e9l\u00e9ments. L\u2019artmap fournit des informations structur\u00e9es et simplifie ainsi l\u2019utilisation d\u2019un savoir abstrait pour r\u00e9pondre \u00e0 des questions concr\u00e8tes.<br \/>\nOnze sous-chapitres d\u00e9montrent pourquoi l\u2019avenir appartient \u00e0 l\u2019\u00e9lectromobilit\u00e9 : d\u2019abord, elle ne produit pas de gaz d\u2019\u00e9chappement et les \u00e9missions sonores ainsi que les vibrations sont \u00e9limin\u00e9es. Ensuite, une propulsion \u00e9lectrique est trois fois plus efficace en termes de consommation d\u2019\u00e9nergie qu\u2019un entra\u00eenement classique. De plus, de l\u2019\u00e9nergie est r\u00e9cup\u00e9r\u00e9e lors des freinages et dans les descentes. Enfin, le choix des v\u00e9hicules disponibles sur le march\u00e9 est de plus en plus vaste.<\/p>\n<p>D\u00e8s 10 000 km environ, l\u2019impact environnemental global est plus faible que celui des propulsions conventionnelles. En outre, la plus haute priorit\u00e9 est accord\u00e9e \u00e0 l\u2019utilisation de mati\u00e8res premi\u00e8res obtenues de mani\u00e8re responsable, autant du point de vue \u00e9cologique que social.<\/p>\n<p>L\u2019augmentation constante des capacit\u00e9s de charge des v\u00e9hicules individuels ainsi qu\u2019un r\u00e9seau toujours plus dense de stations de recharge permettent de rouler sans souci, m\u00eame sur de longues distances. Si n\u00e9cessaire, l\u2019utilisation du r\u00e9seau \u00e9lectrique peut \u00eatre optimis\u00e9e de mani\u00e8re intelligente (gestion de la charge). En outre, les batteries des v\u00e9hicules \u00e9lectriques peuvent \u00eatre utilis\u00e9es une seconde fois comme unit\u00e9s de stockage d\u2019\u00e9nergie dans les m\u00e9nages, avant d\u2019\u00eatre recycl\u00e9es.<\/p>\n<p>Simple, avantageuse et efficace \u2013 c\u2019est ainsi que l\u2019on explique la propulsion de demain ![\/vc_column_text][vc_column_text]<strong>Voici comment obtenir votre \u00ab Map \u00bb.<\/strong><br \/>\nLa \u00ab Map \u00bb et la brochure sont mises gratuitement \u00e0 votre disposition pour t\u00e9l\u00e9chargement:[\/vc_column_text]<div class=\"wpb_document_column wpb_content_element\"><div class=\"wpb_wrapper\"><div class=\"document document--pdf\"><a href=\"https:\/\/www.electrosuisse.ch\/wp-content\/uploads\/2023\/05\/Electrosuisse_Artmap_emobile_f_1122.pdf\" target=\"_blank\" rel=\"noopener\">Artmap \u00abe-mobile\u00bb<\/a><\/div><\/div><\/div><div class=\"wpb_document_column wpb_content_element\"><div class=\"wpb_wrapper\"><div class=\"document document--pdf\"><a href=\"https:\/\/www.electrosuisse.ch\/wp-content\/uploads\/2023\/08\/Brosch_e_Mobile_fr.pdf\" target=\"_blank\" rel=\"noopener\">Brochure \u00ab La mobilit\u00e9 \u00e9lectrique \u2013 la propulsion de demain \u00bb<\/a><\/div><\/div><\/div>[vc_column_text]Vous trouverez dans le shop la \u00ab Map \u00bb sous forme imprim\u00e9e (avec des frais).<\/p>\n<p><a href=\"https:\/\/shop.electrosuisse.ch\/de\/DV-MAPEMOBIA3D-359329.html\" target=\"_blank\" rel=\"noopener\">Sur la Map<\/a><\/p>\n<p>L\u2019outil interactif offre de plus amples informations.<\/p>\n<p><a href=\"https:\/\/edu.electrosuisse.ch\/#doc\/60619\/1\" target=\"_blank\" rel=\"noopener\">Outil interactif<\/a>[\/vc_column_text][\/vc_column][\/vc_row]<\/p>\n<\/div>","protected":false},"excerpt":{"rendered":"<p>[vc_row][vc_column][vc_column_text css=&#8221;&#8221;] \u00abMap\u00bb, brochure et outil interactif Electrosuisse a d\u00e9velopp\u00e9 avec le soutien de\u00a0SuisseEnergie\u00a0une \u00ab artmap \u00bb (carte illustr\u00e9e) et une brochure d\u00e9di\u00e9es au th\u00e8me de l\u2019\u00e9lectromobilit\u00e9, ainsi qu\u2019un outil interactif pour relier ces deux \u00e9l\u00e9ments. L\u2019artmap fournit des informations structur\u00e9es et simplifie ainsi l\u2019utilisation d\u2019un savoir abstrait pour r\u00e9pondre \u00e0 des questions concr\u00e8tes. Onze [&hellip;]<\/p>\n","protected":false},"author":6,"featured_media":0,"parent":21747,"menu_order":86,"comment_status":"closed","ping_status":"closed","template":"","meta":{"_acf_changed":false,"_monsterinsights_skip_tracking":false,"_monsterinsights_sitenote_active":false,"_monsterinsights_sitenote_note":"","_monsterinsights_sitenote_category":0,"footnotes":""},"class_list":["post-30710","page","type-page","status-publish","hentry"],"acf":[],"yoast_head":"<!-- This site is optimized with the Yoast SEO Premium plugin v26.4 (Yoast SEO v27.0) - https:\/\/yoast.com\/product\/yoast-seo-premium-wordpress\/ -->\n<title>Mobilit\u00e9 \u00e9lectrique \u2013 Map, brochure et outil interactif - Electrosuisse<\/title>\n<meta name=\"robots\" content=\"index, follow, max-snippet:-1, max-image-preview:large, max-video-preview:-1\" \/>\n<link rel=\"canonical\" href=\"https:\/\/www.electrosuisse.ch\/fr\/mobilite\/mobilite-electrique-map\/\" \/>\n<meta property=\"og:locale\" content=\"fr_FR\" \/>\n<meta property=\"og:type\" content=\"article\" \/>\n<meta property=\"og:title\" content=\"Mobilit\u00e9 \u00e9lectrique \u2013 Map, brochure et outil interactif - Electrosuisse\" \/>\n<meta property=\"og:description\" content=\"[vc_row][vc_column][vc_column_text css=&#8221;&#8221;] \u00abMap\u00bb, brochure et outil interactif Electrosuisse a d\u00e9velopp\u00e9 avec le soutien de\u00a0SuisseEnergie\u00a0une \u00ab artmap \u00bb (carte illustr\u00e9e) et une brochure d\u00e9di\u00e9es au th\u00e8me de l\u2019\u00e9lectromobilit\u00e9, ainsi qu\u2019un outil interactif pour relier ces deux \u00e9l\u00e9ments. L\u2019artmap fournit des informations structur\u00e9es et simplifie ainsi l\u2019utilisation d\u2019un savoir abstrait pour r\u00e9pondre \u00e0 des questions concr\u00e8tes. Onze [&hellip;]\" \/>\n<meta property=\"og:url\" content=\"https:\/\/www.electrosuisse.ch\/fr\/mobilite\/mobilite-electrique-map\/\" \/>\n<meta property=\"og:site_name\" content=\"Electrosuisse\" \/>\n<meta property=\"article:modified_time\" content=\"2026-03-16T13:34:12+00:00\" \/>\n<meta property=\"og:image\" content=\"https:\/\/www.electrosuisse.ch\/wp-content\/uploads\/2023\/08\/Map_Emob_FR_1660x470.jpg\" \/>\n\t<meta property=\"og:image:width\" content=\"1578\" \/>\n\t<meta property=\"og:image:height\" content=\"650\" \/>\n\t<meta property=\"og:image:type\" content=\"image\/jpeg\" \/>\n<script type=\"application\/ld+json\" class=\"yoast-schema-graph\">{\"@context\":\"https:\/\/schema.org\",\"@graph\":[{\"@type\":\"WebPage\",\"@id\":\"https:\/\/www.electrosuisse.ch\/fr\/mobilite\/mobilite-electrique-map\/\",\"url\":\"https:\/\/www.electrosuisse.ch\/fr\/mobilite\/mobilite-electrique-map\/\",\"name\":\"Mobilit\u00e9 \u00e9lectrique \u2013 Map, brochure et outil interactif - Electrosuisse\",\"isPartOf\":{\"@id\":\"https:\/\/www.electrosuisse.ch\/fr\/#website\"},\"datePublished\":\"2023-05-02T09:01:57+00:00\",\"dateModified\":\"2026-03-16T13:34:12+00:00\",\"breadcrumb\":{\"@id\":\"https:\/\/www.electrosuisse.ch\/fr\/mobilite\/mobilite-electrique-map\/#breadcrumb\"},\"inLanguage\":\"fr-FR\",\"potentialAction\":[{\"@type\":\"ReadAction\",\"target\":[\"https:\/\/www.electrosuisse.ch\/fr\/mobilite\/mobilite-electrique-map\/\"]}]},{\"@type\":\"BreadcrumbList\",\"@id\":\"https:\/\/www.electrosuisse.ch\/fr\/mobilite\/mobilite-electrique-map\/#breadcrumb\",\"itemListElement\":[{\"@type\":\"ListItem\",\"position\":1,\"name\":\"Mobilit\u00e9\",\"item\":\"https:\/\/www.electrosuisse.ch\/fr\/mobilite\/\"},{\"@type\":\"ListItem\",\"position\":2,\"name\":\"Mobilit\u00e9 \u00e9lectrique \u2013 Map, brochure et outil interactif\"}]},{\"@type\":\"WebSite\",\"@id\":\"https:\/\/www.electrosuisse.ch\/fr\/#website\",\"url\":\"https:\/\/www.electrosuisse.ch\/fr\/\",\"name\":\"Electrosuisse\",\"description\":\"\",\"publisher\":{\"@id\":\"https:\/\/www.electrosuisse.ch\/fr\/#organization\"},\"potentialAction\":[{\"@type\":\"SearchAction\",\"target\":{\"@type\":\"EntryPoint\",\"urlTemplate\":\"https:\/\/www.electrosuisse.ch\/fr\/?s={search_term_string}\"},\"query-input\":{\"@type\":\"PropertyValueSpecification\",\"valueRequired\":true,\"valueName\":\"search_term_string\"}}],\"inLanguage\":\"fr-FR\"},{\"@type\":\"Organization\",\"@id\":\"https:\/\/www.electrosuisse.ch\/fr\/#organization\",\"name\":\"Electrosuisse\",\"url\":\"https:\/\/www.electrosuisse.ch\/fr\/\",\"logo\":{\"@type\":\"ImageObject\",\"inLanguage\":\"fr-FR\",\"@id\":\"https:\/\/www.electrosuisse.ch\/fr\/#\/schema\/logo\/image\/\",\"url\":\"https:\/\/www.electrosuisse.ch\/wp-content\/uploads\/2025\/04\/Electrosuisse_Logo_696x696.png\",\"contentUrl\":\"https:\/\/www.electrosuisse.ch\/wp-content\/uploads\/2025\/04\/Electrosuisse_Logo_696x696.png\",\"width\":696,\"height\":696,\"caption\":\"Electrosuisse\"},\"image\":{\"@id\":\"https:\/\/www.electrosuisse.ch\/fr\/#\/schema\/logo\/image\/\"},\"sameAs\":[\"https:\/\/www.linkedin.com\/company\/electrosuisse-ag\/posts\/?feedView=all\",\"https:\/\/www.instagram.com\/electrosuisse1889\/\",\"https:\/\/www.youtube.com\/channel\/UCoOxohMiVE0Gjcdis1L09zw\"],\"description\":\"Electrosuisse ist eine anerkannte und unabh\u00e4ngige Fachorganisation, die erstklassige Dienstleistungen und Produkte in den Bereichen Inspektion, Beratung, Pr\u00fcfung, Zertifizierung, Normung und Weiterbildung anbietet. Unsere Expertise umfasst Elektrotechnik, Elektromobilit\u00e4t, Energieberatung, Geb\u00e4udeautomation und Photovoltaik in der Schweiz. Durch die Veranstaltung etablierter Branchen-Events und Fachtagungen f\u00f6rdert Electrosuisse den Wissenstransfer und den fachlichen Austausch. Im Mittelpunkt unserer T\u00e4tigkeiten steht die F\u00f6rderung der sicheren, wirtschaftlichen und umweltgerechten Anwendung der Elektrotechnik.\"}]}<\/script>\n<!-- \/ Yoast SEO Premium plugin. -->","yoast_head_json":{"title":"Mobilit\u00e9 \u00e9lectrique \u2013 Map, brochure et outil interactif - Electrosuisse","robots":{"index":"index","follow":"follow","max-snippet":"max-snippet:-1","max-image-preview":"max-image-preview:large","max-video-preview":"max-video-preview:-1"},"canonical":"https:\/\/www.electrosuisse.ch\/fr\/mobilite\/mobilite-electrique-map\/","og_locale":"fr_FR","og_type":"article","og_title":"Mobilit\u00e9 \u00e9lectrique \u2013 Map, brochure et outil interactif - Electrosuisse","og_description":"[vc_row][vc_column][vc_column_text css=&#8221;&#8221;] \u00abMap\u00bb, brochure et outil interactif Electrosuisse a d\u00e9velopp\u00e9 avec le soutien de\u00a0SuisseEnergie\u00a0une \u00ab artmap \u00bb (carte illustr\u00e9e) et une brochure d\u00e9di\u00e9es au th\u00e8me de l\u2019\u00e9lectromobilit\u00e9, ainsi qu\u2019un outil interactif pour relier ces deux \u00e9l\u00e9ments. L\u2019artmap fournit des informations structur\u00e9es et simplifie ainsi l\u2019utilisation d\u2019un savoir abstrait pour r\u00e9pondre \u00e0 des questions concr\u00e8tes. Onze [&hellip;]","og_url":"https:\/\/www.electrosuisse.ch\/fr\/mobilite\/mobilite-electrique-map\/","og_site_name":"Electrosuisse","article_modified_time":"2026-03-16T13:34:12+00:00","og_image":[{"width":1578,"height":650,"url":"https:\/\/www.electrosuisse.ch\/wp-content\/uploads\/2023\/08\/Map_Emob_FR_1660x470.jpg","type":"image\/jpeg"}],"schema":{"@context":"https:\/\/schema.org","@graph":[{"@type":"WebPage","@id":"https:\/\/www.electrosuisse.ch\/fr\/mobilite\/mobilite-electrique-map\/","url":"https:\/\/www.electrosuisse.ch\/fr\/mobilite\/mobilite-electrique-map\/","name":"Mobilit\u00e9 \u00e9lectrique \u2013 Map, brochure et outil interactif - Electrosuisse","isPartOf":{"@id":"https:\/\/www.electrosuisse.ch\/fr\/#website"},"datePublished":"2023-05-02T09:01:57+00:00","dateModified":"2026-03-16T13:34:12+00:00","breadcrumb":{"@id":"https:\/\/www.electrosuisse.ch\/fr\/mobilite\/mobilite-electrique-map\/#breadcrumb"},"inLanguage":"fr-FR","potentialAction":[{"@type":"ReadAction","target":["https:\/\/www.electrosuisse.ch\/fr\/mobilite\/mobilite-electrique-map\/"]}]},{"@type":"BreadcrumbList","@id":"https:\/\/www.electrosuisse.ch\/fr\/mobilite\/mobilite-electrique-map\/#breadcrumb","itemListElement":[{"@type":"ListItem","position":1,"name":"Mobilit\u00e9","item":"https:\/\/www.electrosuisse.ch\/fr\/mobilite\/"},{"@type":"ListItem","position":2,"name":"Mobilit\u00e9 \u00e9lectrique \u2013 Map, brochure et outil interactif"}]},{"@type":"WebSite","@id":"https:\/\/www.electrosuisse.ch\/fr\/#website","url":"https:\/\/www.electrosuisse.ch\/fr\/","name":"Electrosuisse","description":"","publisher":{"@id":"https:\/\/www.electrosuisse.ch\/fr\/#organization"},"potentialAction":[{"@type":"SearchAction","target":{"@type":"EntryPoint","urlTemplate":"https:\/\/www.electrosuisse.ch\/fr\/?s={search_term_string}"},"query-input":{"@type":"PropertyValueSpecification","valueRequired":true,"valueName":"search_term_string"}}],"inLanguage":"fr-FR"},{"@type":"Organization","@id":"https:\/\/www.electrosuisse.ch\/fr\/#organization","name":"Electrosuisse","url":"https:\/\/www.electrosuisse.ch\/fr\/","logo":{"@type":"ImageObject","inLanguage":"fr-FR","@id":"https:\/\/www.electrosuisse.ch\/fr\/#\/schema\/logo\/image\/","url":"https:\/\/www.electrosuisse.ch\/wp-content\/uploads\/2025\/04\/Electrosuisse_Logo_696x696.png","contentUrl":"https:\/\/www.electrosuisse.ch\/wp-content\/uploads\/2025\/04\/Electrosuisse_Logo_696x696.png","width":696,"height":696,"caption":"Electrosuisse"},"image":{"@id":"https:\/\/www.electrosuisse.ch\/fr\/#\/schema\/logo\/image\/"},"sameAs":["https:\/\/www.linkedin.com\/company\/electrosuisse-ag\/posts\/?feedView=all","https:\/\/www.instagram.com\/electrosuisse1889\/","https:\/\/www.youtube.com\/channel\/UCoOxohMiVE0Gjcdis1L09zw"],"description":"Electrosuisse ist eine anerkannte und unabh\u00e4ngige Fachorganisation, die erstklassige Dienstleistungen und Produkte in den Bereichen Inspektion, Beratung, Pr\u00fcfung, Zertifizierung, Normung und Weiterbildung anbietet. Unsere Expertise umfasst Elektrotechnik, Elektromobilit\u00e4t, Energieberatung, Geb\u00e4udeautomation und Photovoltaik in der Schweiz. Durch die Veranstaltung etablierter Branchen-Events und Fachtagungen f\u00f6rdert Electrosuisse den Wissenstransfer und den fachlichen Austausch. Im Mittelpunkt unserer T\u00e4tigkeiten steht die F\u00f6rderung der sicheren, wirtschaftlichen und umweltgerechten Anwendung der Elektrotechnik."}]}},"amp_enabled":true,"_links":{"self":[{"href":"https:\/\/www.electrosuisse.ch\/fr\/wp-json\/wp\/v2\/pages\/30710","targetHints":{"allow":["GET"]}}],"collection":[{"href":"https:\/\/www.electrosuisse.ch\/fr\/wp-json\/wp\/v2\/pages"}],"about":[{"href":"https:\/\/www.electrosuisse.ch\/fr\/wp-json\/wp\/v2\/types\/page"}],"author":[{"embeddable":true,"href":"https:\/\/www.electrosuisse.ch\/fr\/wp-json\/wp\/v2\/users\/6"}],"replies":[{"embeddable":true,"href":"https:\/\/www.electrosuisse.ch\/fr\/wp-json\/wp\/v2\/comments?post=30710"}],"version-history":[{"count":8,"href":"https:\/\/www.electrosuisse.ch\/fr\/wp-json\/wp\/v2\/pages\/30710\/revisions"}],"predecessor-version":[{"id":42957,"href":"https:\/\/www.electrosuisse.ch\/fr\/wp-json\/wp\/v2\/pages\/30710\/revisions\/42957"}],"up":[{"embeddable":true,"href":"https:\/\/www.electrosuisse.ch\/fr\/wp-json\/wp\/v2\/pages\/21747"}],"wp:attachment":[{"href":"https:\/\/www.electrosuisse.ch\/fr\/wp-json\/wp\/v2\/media?parent=30710"}],"curies":[{"name":"wp","href":"https:\/\/api.w.org\/{rel}","templated":true}]}}