{"id":28906,"date":"2022-12-07T11:54:38","date_gmt":"2022-12-07T10:54:38","guid":{"rendered":"https:\/\/www.electrosuisse.ch\/carriere\/kontakt\/"},"modified":"2024-12-20T11:51:46","modified_gmt":"2024-12-20T10:51:46","slug":"contact","status":"publish","type":"page","link":"https:\/\/www.electrosuisse.ch\/fr\/carriere\/contact\/","title":{"rendered":"Contact"},"content":{"rendered":"<div class=\"wpb-content-wrapper\"><p>[vc_row][vc_column][vc_column_text]<\/p>\n<h1>Veux-tu en savoir plus sur nos domaines professionnels, un job particulier, ou as-tu des questions relatives aux RH ? Nous sommes \u00e0 tes c\u00f4t\u00e9s et te r\u00e9pondrons volontiers.<\/h1>\n<p><strong>Human Resources<\/strong><br \/>\nElectrosuisse<br \/>\nLuppmenstrasse 1<br \/>\nCH-8320 Fehraltorf<\/p>\n<p><a href=\"&#109;&#x61;&#105;&#x6c;&#116;&#x6f;:&#x72;e&#99;&#x72;&#117;&#x69;&#116;&#x69;n&#x67;&#64;&#101;&#x6c;&#101;&#x63;&#116;&#x72;&#111;&#x73;u&#x69;s&#115;&#x65;&#46;&#x63;&#104;\">&#x72;&#x65;&#x63;&#x72;&#x75;&#x69;&#x74;&#x69;&#x6e;&#x67;&#x40;&#x65;&#x6c;&#x65;&#x63;&#x74;&#x72;&#x6f;&#x73;&#x75;&#x69;&#x73;&#x73;&#x65;&#x2e;&#x63;&#x68;<\/a>[\/vc_column_text]<div class=\"wpb_contact_column wpb_content_element wpb_content_element--\"><div class=\"wpb_wrapper\"><div class=\"contact_container\"><div class=\"contact row middle-xs\"><div class=\"contact__img col-sm-5 col-xs-12\"><img decoding=\"async\" src=\"https:\/\/www.electrosuisse.ch\/wp-content\/uploads\/2023\/03\/Mirjam_Plattner_320x320-2.jpg\" alt=\"Mirjam Plattner - Responsable RH\" \/><\/div><div class=\"contact__info col-sm-7 col-xs-12\"><p><b>Mirjam Plattner<\/b><br>Responsable RH<\/p><div class=\"phone has-link\"><a href=\"tel:+41585951225\">+41 58 595 12 25<\/a><\/div><div class=\"mail has-link\"><a href=\"mailto:&#109;&#x69;r&#106;&#x61;m&#x2e;&#x70;&#108;&#x61;t&#116;&#x6e;e&#114;&#x40;&#101;&#x6c;e&#99;&#x74;r&#111;&#x73;&#117;&#x69;&#x73;&#115;&#x65;&#46;&#99;&#x68;\">mirjam.plattner@<br>electrosuisse.ch<\/a><\/div><\/div><\/div><\/div><\/div><\/div><div class=\"wpb_contact_column wpb_content_element wpb_content_element--\"><div class=\"wpb_wrapper\"><div class=\"contact_container\"><div class=\"contact row middle-xs\"><div class=\"contact__img col-sm-5 col-xs-12\"><img decoding=\"async\" src=\"https:\/\/www.electrosuisse.ch\/wp-content\/uploads\/2022\/12\/portrait-valerie-chatelain-hr-electrosuisse.jpg\" alt=\"Val\u00e9rie Chatelain - Senior HR Manager\" \/><\/div><div class=\"contact__info col-sm-7 col-xs-12\"><p><b>Val\u00e9rie Chatelain<\/b><br>Senior HR Manager<\/p><div class=\"phone has-link\"><a href=\"tel:+41585951237\">+41 58 595 12 37<\/a><\/div><div class=\"mail has-link\"><a href=\"mailto:v&#97;&#x6c;&#x65;&#x72;i&#101;&#46;&#x63;&#x68;a&#116;&#101;&#x6c;&#x61;in&#64;&#x65;&#x6c;&#x65;c&#116;&#x72;&#x6f;&#x73;u&#105;&#115;&#x73;&#x65;&#46;&#99;&#104;\">valerie.chatelain@<br>electrosuisse.ch<\/a><\/div><\/div><\/div><\/div><\/div><\/div><div class=\"wpb_contact_column wpb_content_element wpb_content_element--\"><div class=\"wpb_wrapper\"><div class=\"contact_container\"><div class=\"contact row middle-xs\"><div class=\"contact__img col-sm-5 col-xs-12\"><img decoding=\"async\" src=\"https:\/\/www.electrosuisse.ch\/wp-content\/uploads\/2024\/12\/XeniaAvanthay_320x320.png\" alt=\"Xenia Avanthay - HR Manager\" \/><\/div><div class=\"contact__info col-sm-7 col-xs-12\"><p><b>Xenia Avanthay<\/b><br>HR Manager<\/p><div class=\"phone has-link\"><a href=\"tel:0585951238\">058 595 12 38<\/a><\/div><div class=\"mail has-link\"><a href=\"mailto:&#x78;&#101;&#x6e;&#x69;a&#x2e;&#97;v&#x61;&#110;t&#x68;&#97;&#x79;&#x40;e&#x6c;&#101;c&#x74;&#114;o&#x73;&#117;&#x69;&#x73;&#115;&#x65;&#x2e;c&#x68;\">xenia.avanthay@<br>electrosuisse.ch<\/a><\/div><\/div><\/div><\/div><\/div><\/div><div class=\"wpb_contact_column wpb_content_element wpb_content_element--\"><div class=\"wpb_wrapper\"><div class=\"contact_container\"><div class=\"contact row middle-xs\"><div class=\"contact__img col-sm-5 col-xs-12\"><img decoding=\"async\" src=\"https:\/\/www.electrosuisse.ch\/wp-content\/uploads\/2024\/07\/Karin-Buehlmann-2024-87b-fullsize_320x320.jpg\" alt=\"Karin B\u00fchlmann - Payroll Specialist\" \/><\/div><div class=\"contact__info col-sm-7 col-xs-12\"><p><b>Karin B\u00fchlmann<\/b><br>Payroll Specialist<\/p><div class=\"phone has-link\"><a href=\"tel:+41585951239\">+41 58 595 12 39<\/a><\/div><div class=\"mail has-link\"><a href=\"mailto:&#x6b;&#x61;&#x72;&#105;&#110;&#46;bu&#x65;&#x68;&#x6c;&#x6d;&#97;&#110;n&#64;&#x65;&#x6c;&#x65;&#x63;&#116;&#114;os&#x75;&#x69;&#x73;&#x73;&#101;&#46;&#99;h\">karin.buehlmann@<br>electrosuisse.ch<\/a><\/div><\/div><\/div><\/div><\/div><\/div><div class=\"wpb_contact_column wpb_content_element wpb_content_element--\"><div class=\"wpb_wrapper\"><div class=\"contact_container\"><div class=\"contact row middle-xs\"><div class=\"contact__img col-sm-5 col-xs-12\"><img decoding=\"async\" src=\"https:\/\/www.electrosuisse.ch\/wp-content\/uploads\/2024\/12\/NihalAbdiu_320x320.png\" alt=\"Nihal Abdiu - Assistante HR\" \/><\/div><div class=\"contact__info col-sm-7 col-xs-12\"><p><b>Nihal Abdiu<\/b><br>Assistante HR<\/p><div class=\"phone has-link\"><a href=\"tel:0585951226\">058 595 12 26<\/a><\/div><div class=\"mail has-link\"><a href=\"mailto:&#110;i&#104;a&#108;&#46;&#x61;b&#x64;i&#x75;&#64;&#x65;l&#x65;c&#x74;r&#x6f;s&#x75;i&#x73;s&#x65;&#46;&#x63;&#104;\">ni&#104;&#97;&#108;&#x2e;&#x61;&#x62;&#x64;&#x69;u&#64;&#101;&#108;&#101;&#x63;&#x74;&#x72;&#x6f;&#x73;ui&#115;&#115;&#101;&#x2e;&#x63;&#x68;<\/a><\/div><\/div><\/div><\/div><\/div><\/div>[\/vc_column][\/vc_row]<\/p>\n<\/div>","protected":false},"excerpt":{"rendered":"<p>[vc_row][vc_column][vc_column_text] Veux-tu en savoir plus sur nos domaines professionnels, un job particulier, ou as-tu des questions relatives aux RH ? Nous sommes \u00e0 tes c\u00f4t\u00e9s et te r\u00e9pondrons volontiers. Human Resources Electrosuisse Luppmenstrasse 1 CH-8320 Fehraltorf re&#99;&#114;&#117;&#x69;&#x74;&#x69;&#x6e;g&#64;&#101;&#108;&#101;&#x63;&#x74;&#x72;&#x6f;su&#105;&#115;&#115;&#x65;&#x2e;&#x63;&#x68;[\/vc_column_text][\/vc_column][\/vc_row]<\/p>\n","protected":false},"author":2,"featured_media":0,"parent":28744,"menu_order":31,"comment_status":"closed","ping_status":"closed","template":"","meta":{"_acf_changed":false,"_monsterinsights_skip_tracking":false,"_monsterinsights_sitenote_active":false,"_monsterinsights_sitenote_note":"","_monsterinsights_sitenote_category":0,"footnotes":""},"class_list":["post-28906","page","type-page","status-publish","hentry"],"acf":[],"yoast_head":"<!-- This site is optimized with the Yoast SEO Premium plugin v26.4 (Yoast SEO v27.0) - https:\/\/yoast.com\/product\/yoast-seo-premium-wordpress\/ -->\n<title>Tu cherches un job chez Electrosuisse ? Prends contact avec nous.<\/title>\n<meta name=\"description\" content=\"Nous r\u00e9pondrons \u00e0 toutes tes questions relatives \u00e0 nos domaines professionnels, un job particulier ou aux RH.\" \/>\n<meta name=\"robots\" content=\"index, follow, max-snippet:-1, max-image-preview:large, max-video-preview:-1\" \/>\n<link rel=\"canonical\" href=\"https:\/\/www.electrosuisse.ch\/fr\/carriere\/contact\/\" \/>\n<meta property=\"og:locale\" content=\"fr_FR\" \/>\n<meta property=\"og:type\" content=\"article\" \/>\n<meta property=\"og:title\" content=\"Tu cherches un job chez Electrosuisse ? Prends contact avec nous.\" \/>\n<meta property=\"og:description\" content=\"Nous r\u00e9pondrons \u00e0 toutes tes questions relatives \u00e0 nos domaines professionnels, un job particulier ou aux RH.\" \/>\n<meta property=\"og:url\" content=\"https:\/\/www.electrosuisse.ch\/fr\/carriere\/contact\/\" \/>\n<meta property=\"og:site_name\" content=\"Electrosuisse\" \/>\n<meta property=\"article:modified_time\" content=\"2024-12-20T10:51:46+00:00\" \/>\n<meta property=\"og:image\" content=\"https:\/\/www.electrosuisse.ch\/wp-content\/uploads\/2022\/12\/Electrosuisse_Ueber_uns_1578x650.jpg\" \/>\n\t<meta property=\"og:image:width\" content=\"1578\" \/>\n\t<meta property=\"og:image:height\" content=\"650\" \/>\n\t<meta property=\"og:image:type\" content=\"image\/jpeg\" \/>\n<script type=\"application\/ld+json\" class=\"yoast-schema-graph\">{\"@context\":\"https:\/\/schema.org\",\"@graph\":[{\"@type\":\"WebPage\",\"@id\":\"https:\/\/www.electrosuisse.ch\/fr\/carriere\/contact\/\",\"url\":\"https:\/\/www.electrosuisse.ch\/fr\/carriere\/contact\/\",\"name\":\"Tu cherches un job chez Electrosuisse ? Prends contact avec nous.\",\"isPartOf\":{\"@id\":\"https:\/\/www.electrosuisse.ch\/fr\/#website\"},\"datePublished\":\"2022-12-07T10:54:38+00:00\",\"dateModified\":\"2024-12-20T10:51:46+00:00\",\"description\":\"Nous r\u00e9pondrons \u00e0 toutes tes questions relatives \u00e0 nos domaines professionnels, un job particulier ou aux RH.\",\"breadcrumb\":{\"@id\":\"https:\/\/www.electrosuisse.ch\/fr\/carriere\/contact\/#breadcrumb\"},\"inLanguage\":\"fr-FR\",\"potentialAction\":[{\"@type\":\"ReadAction\",\"target\":[\"https:\/\/www.electrosuisse.ch\/fr\/carriere\/contact\/\"]}]},{\"@type\":\"BreadcrumbList\",\"@id\":\"https:\/\/www.electrosuisse.ch\/fr\/carriere\/contact\/#breadcrumb\",\"itemListElement\":[{\"@type\":\"ListItem\",\"position\":1,\"name\":\"Carri\u00e8re\",\"item\":\"https:\/\/www.electrosuisse.ch\/fr\/carriere\/\"},{\"@type\":\"ListItem\",\"position\":2,\"name\":\"Contact\"}]},{\"@type\":\"WebSite\",\"@id\":\"https:\/\/www.electrosuisse.ch\/fr\/#website\",\"url\":\"https:\/\/www.electrosuisse.ch\/fr\/\",\"name\":\"Electrosuisse\",\"description\":\"\",\"publisher\":{\"@id\":\"https:\/\/www.electrosuisse.ch\/fr\/#organization\"},\"potentialAction\":[{\"@type\":\"SearchAction\",\"target\":{\"@type\":\"EntryPoint\",\"urlTemplate\":\"https:\/\/www.electrosuisse.ch\/fr\/?s={search_term_string}\"},\"query-input\":{\"@type\":\"PropertyValueSpecification\",\"valueRequired\":true,\"valueName\":\"search_term_string\"}}],\"inLanguage\":\"fr-FR\"},{\"@type\":\"Organization\",\"@id\":\"https:\/\/www.electrosuisse.ch\/fr\/#organization\",\"name\":\"Electrosuisse\",\"url\":\"https:\/\/www.electrosuisse.ch\/fr\/\",\"logo\":{\"@type\":\"ImageObject\",\"inLanguage\":\"fr-FR\",\"@id\":\"https:\/\/www.electrosuisse.ch\/fr\/#\/schema\/logo\/image\/\",\"url\":\"https:\/\/www.electrosuisse.ch\/wp-content\/uploads\/2025\/04\/Electrosuisse_Logo_696x696.png\",\"contentUrl\":\"https:\/\/www.electrosuisse.ch\/wp-content\/uploads\/2025\/04\/Electrosuisse_Logo_696x696.png\",\"width\":696,\"height\":696,\"caption\":\"Electrosuisse\"},\"image\":{\"@id\":\"https:\/\/www.electrosuisse.ch\/fr\/#\/schema\/logo\/image\/\"},\"sameAs\":[\"https:\/\/www.linkedin.com\/company\/electrosuisse-ag\/posts\/?feedView=all\",\"https:\/\/www.instagram.com\/electrosuisse1889\/\",\"https:\/\/www.youtube.com\/channel\/UCoOxohMiVE0Gjcdis1L09zw\"],\"description\":\"Electrosuisse ist eine anerkannte und unabh\u00e4ngige Fachorganisation, die erstklassige Dienstleistungen und Produkte in den Bereichen Inspektion, Beratung, Pr\u00fcfung, Zertifizierung, Normung und Weiterbildung anbietet. Unsere Expertise umfasst Elektrotechnik, Elektromobilit\u00e4t, Energieberatung, Geb\u00e4udeautomation und Photovoltaik in der Schweiz. Durch die Veranstaltung etablierter Branchen-Events und Fachtagungen f\u00f6rdert Electrosuisse den Wissenstransfer und den fachlichen Austausch. Im Mittelpunkt unserer T\u00e4tigkeiten steht die F\u00f6rderung der sicheren, wirtschaftlichen und umweltgerechten Anwendung der Elektrotechnik.\"}]}<\/script>\n<!-- \/ Yoast SEO Premium plugin. -->","yoast_head_json":{"title":"Tu cherches un job chez Electrosuisse ? Prends contact avec nous.","description":"Nous r\u00e9pondrons \u00e0 toutes tes questions relatives \u00e0 nos domaines professionnels, un job particulier ou aux RH.","robots":{"index":"index","follow":"follow","max-snippet":"max-snippet:-1","max-image-preview":"max-image-preview:large","max-video-preview":"max-video-preview:-1"},"canonical":"https:\/\/www.electrosuisse.ch\/fr\/carriere\/contact\/","og_locale":"fr_FR","og_type":"article","og_title":"Tu cherches un job chez Electrosuisse ? Prends contact avec nous.","og_description":"Nous r\u00e9pondrons \u00e0 toutes tes questions relatives \u00e0 nos domaines professionnels, un job particulier ou aux RH.","og_url":"https:\/\/www.electrosuisse.ch\/fr\/carriere\/contact\/","og_site_name":"Electrosuisse","article_modified_time":"2024-12-20T10:51:46+00:00","og_image":[{"width":1578,"height":650,"url":"https:\/\/www.electrosuisse.ch\/wp-content\/uploads\/2022\/12\/Electrosuisse_Ueber_uns_1578x650.jpg","type":"image\/jpeg"}],"schema":{"@context":"https:\/\/schema.org","@graph":[{"@type":"WebPage","@id":"https:\/\/www.electrosuisse.ch\/fr\/carriere\/contact\/","url":"https:\/\/www.electrosuisse.ch\/fr\/carriere\/contact\/","name":"Tu cherches un job chez Electrosuisse ? Prends contact avec nous.","isPartOf":{"@id":"https:\/\/www.electrosuisse.ch\/fr\/#website"},"datePublished":"2022-12-07T10:54:38+00:00","dateModified":"2024-12-20T10:51:46+00:00","description":"Nous r\u00e9pondrons \u00e0 toutes tes questions relatives \u00e0 nos domaines professionnels, un job particulier ou aux RH.","breadcrumb":{"@id":"https:\/\/www.electrosuisse.ch\/fr\/carriere\/contact\/#breadcrumb"},"inLanguage":"fr-FR","potentialAction":[{"@type":"ReadAction","target":["https:\/\/www.electrosuisse.ch\/fr\/carriere\/contact\/"]}]},{"@type":"BreadcrumbList","@id":"https:\/\/www.electrosuisse.ch\/fr\/carriere\/contact\/#breadcrumb","itemListElement":[{"@type":"ListItem","position":1,"name":"Carri\u00e8re","item":"https:\/\/www.electrosuisse.ch\/fr\/carriere\/"},{"@type":"ListItem","position":2,"name":"Contact"}]},{"@type":"WebSite","@id":"https:\/\/www.electrosuisse.ch\/fr\/#website","url":"https:\/\/www.electrosuisse.ch\/fr\/","name":"Electrosuisse","description":"","publisher":{"@id":"https:\/\/www.electrosuisse.ch\/fr\/#organization"},"potentialAction":[{"@type":"SearchAction","target":{"@type":"EntryPoint","urlTemplate":"https:\/\/www.electrosuisse.ch\/fr\/?s={search_term_string}"},"query-input":{"@type":"PropertyValueSpecification","valueRequired":true,"valueName":"search_term_string"}}],"inLanguage":"fr-FR"},{"@type":"Organization","@id":"https:\/\/www.electrosuisse.ch\/fr\/#organization","name":"Electrosuisse","url":"https:\/\/www.electrosuisse.ch\/fr\/","logo":{"@type":"ImageObject","inLanguage":"fr-FR","@id":"https:\/\/www.electrosuisse.ch\/fr\/#\/schema\/logo\/image\/","url":"https:\/\/www.electrosuisse.ch\/wp-content\/uploads\/2025\/04\/Electrosuisse_Logo_696x696.png","contentUrl":"https:\/\/www.electrosuisse.ch\/wp-content\/uploads\/2025\/04\/Electrosuisse_Logo_696x696.png","width":696,"height":696,"caption":"Electrosuisse"},"image":{"@id":"https:\/\/www.electrosuisse.ch\/fr\/#\/schema\/logo\/image\/"},"sameAs":["https:\/\/www.linkedin.com\/company\/electrosuisse-ag\/posts\/?feedView=all","https:\/\/www.instagram.com\/electrosuisse1889\/","https:\/\/www.youtube.com\/channel\/UCoOxohMiVE0Gjcdis1L09zw"],"description":"Electrosuisse ist eine anerkannte und unabh\u00e4ngige Fachorganisation, die erstklassige Dienstleistungen und Produkte in den Bereichen Inspektion, Beratung, Pr\u00fcfung, Zertifizierung, Normung und Weiterbildung anbietet. Unsere Expertise umfasst Elektrotechnik, Elektromobilit\u00e4t, Energieberatung, Geb\u00e4udeautomation und Photovoltaik in der Schweiz. Durch die Veranstaltung etablierter Branchen-Events und Fachtagungen f\u00f6rdert Electrosuisse den Wissenstransfer und den fachlichen Austausch. Im Mittelpunkt unserer T\u00e4tigkeiten steht die F\u00f6rderung der sicheren, wirtschaftlichen und umweltgerechten Anwendung der Elektrotechnik."}]}},"amp_enabled":true,"_links":{"self":[{"href":"https:\/\/www.electrosuisse.ch\/fr\/wp-json\/wp\/v2\/pages\/28906","targetHints":{"allow":["GET"]}}],"collection":[{"href":"https:\/\/www.electrosuisse.ch\/fr\/wp-json\/wp\/v2\/pages"}],"about":[{"href":"https:\/\/www.electrosuisse.ch\/fr\/wp-json\/wp\/v2\/types\/page"}],"author":[{"embeddable":true,"href":"https:\/\/www.electrosuisse.ch\/fr\/wp-json\/wp\/v2\/users\/2"}],"replies":[{"embeddable":true,"href":"https:\/\/www.electrosuisse.ch\/fr\/wp-json\/wp\/v2\/comments?post=28906"}],"version-history":[{"count":16,"href":"https:\/\/www.electrosuisse.ch\/fr\/wp-json\/wp\/v2\/pages\/28906\/revisions"}],"predecessor-version":[{"id":37229,"href":"https:\/\/www.electrosuisse.ch\/fr\/wp-json\/wp\/v2\/pages\/28906\/revisions\/37229"}],"up":[{"embeddable":true,"href":"https:\/\/www.electrosuisse.ch\/fr\/wp-json\/wp\/v2\/pages\/28744"}],"wp:attachment":[{"href":"https:\/\/www.electrosuisse.ch\/fr\/wp-json\/wp\/v2\/media?parent=28906"}],"curies":[{"name":"wp","href":"https:\/\/api.w.org\/{rel}","templated":true}]}}