{"id":28896,"date":"2022-12-07T15:43:20","date_gmt":"2022-12-07T14:43:20","guid":{"rendered":"https:\/\/www.electrosuisse.ch\/carriere\/lehre-bei-electrosuisse\/"},"modified":"2025-11-06T13:02:47","modified_gmt":"2025-11-06T12:02:47","slug":"apprentissage-chez-electrosuisse","status":"publish","type":"page","link":"https:\/\/www.electrosuisse.ch\/fr\/carriere\/apprentissage-chez-electrosuisse\/","title":{"rendered":"Apprentissage chez Electrosuisse"},"content":{"rendered":"<div class=\"wpb-content-wrapper\"><p>[vc_row][vc_column][vc_column_text el_class=&#8221;lead&#8221;]<strong>Chez Electrosuisse, une formation passionnante et vari\u00e9e t\u2019attend apr\u00e8s ta scolarit\u00e9.<\/strong><\/p>\n<p>Nous proposons des places d\u2019apprentissage d\u2019employ\u00e9\u00b7e de commerce et d\u2019op\u00e9rateur ou op\u00e9ratrice en informatique. Tu y d\u00e9couvriras un environnement anim\u00e9 dans un domaine professionnel moderne. Et nous te promettons une chose : tu ne t\u2019ennuieras pas chez nous.<\/p>\n<p>Pour toi, nous avons notamment un plan de formation passionnant qui constitue la base parfaite de ta carri\u00e8re professionnelle.[\/vc_column_text]<div class=\"wpb_image_column wpb_content_element\"><div class=\"wpb_wrapper\"><div class=\"picture_container\"><picture><source media=\"(min-width: 769px)\" srcset=\"https:\/\/www.electrosuisse.ch\/wp-content\/uploads\/2025\/02\/lernende-sitzen-mit-fachkraeften-zusammen-780x440-1.png\"><source media=\"(min-width: 415px)\" srcset=\"https:\/\/www.electrosuisse.ch\/wp-content\/uploads\/2025\/02\/lernende-sitzen-mit-fachkraeften-zusammen-780x440-1-768x433.png\"><source media=\"(max-width: 414px)\" srcset=\"https:\/\/www.electrosuisse.ch\/wp-content\/uploads\/2025\/02\/lernende-sitzen-mit-fachkraeften-zusammen-780x440-1-414x234.png 1x, https:\/\/www.electrosuisse.ch\/wp-content\/uploads\/2025\/02\/lernende-sitzen-mit-fachkraeften-zusammen-780x440-1-768x433.png 2x\"><img decoding=\"async\" src=\"https:\/\/www.electrosuisse.ch\/wp-content\/uploads\/2025\/02\/lernende-sitzen-mit-fachkraeften-zusammen-780x440-1.png\" alt=\"Electrosuisse-Lernende \u00fcbergeben Dokumente\" \/><\/picture><\/div><\/div><\/div>[vc_column_text css=&#8221;&#8221;]<span data-olk-copy-source=\"MessageBody\">Nous serons ravis de recevoir ta candidature \u00e0 partir du 1er ao\u00fbt de l\u2019ann\u00e9e pr\u00e9c\u00e9dant le d\u00e9but de l\u2019apprentissage souhait\u00e9. Tu peux nous envoyer ta candidature directement via notre site internet, dans la rubrique \u201cPostes vacants\u201d.<\/span>[\/vc_column_text][\/vc_column][\/vc_row]<\/p>\n<\/div>","protected":false},"excerpt":{"rendered":"<p>[vc_row][vc_column][vc_column_text el_class=&#8221;lead&#8221;]Chez Electrosuisse, une formation passionnante et vari\u00e9e t\u2019attend apr\u00e8s ta scolarit\u00e9. Nous proposons des places d\u2019apprentissage d\u2019employ\u00e9\u00b7e de commerce et d\u2019op\u00e9rateur ou op\u00e9ratrice en informatique. Tu y d\u00e9couvriras un environnement anim\u00e9 dans un domaine professionnel moderne. Et nous te promettons une chose : tu ne t\u2019ennuieras pas chez nous. Pour toi, nous avons notamment [&hellip;]<\/p>\n","protected":false},"author":2,"featured_media":0,"parent":28744,"menu_order":30,"comment_status":"closed","ping_status":"closed","template":"","meta":{"_acf_changed":false,"_monsterinsights_skip_tracking":false,"_monsterinsights_sitenote_active":false,"_monsterinsights_sitenote_note":"","_monsterinsights_sitenote_category":0,"footnotes":""},"class_list":["post-28896","page","type-page","status-publish","hentry"],"acf":[],"yoast_head":"<!-- This site is optimized with the Yoast SEO Premium plugin v26.4 (Yoast SEO v27.0) - https:\/\/yoast.com\/product\/yoast-seo-premium-wordpress\/ -->\n<title>Fais ton apprentissage chez Electrosuisse et postule sans tarder<\/title>\n<meta name=\"description\" content=\"Nous proposons des places d\u2019apprentissage d\u2019employ\u00e9\u00b7e de commerce et d\u2019op\u00e9rateur ou op\u00e9ratrice en informatique. Pour les places d\u2019apprentissage de la rentr\u00e9e 2024, nous attendrons volontiers ta postulation d\u00e8s le mois de juillet 2023.\" \/>\n<meta name=\"robots\" content=\"index, follow, max-snippet:-1, max-image-preview:large, max-video-preview:-1\" \/>\n<link rel=\"canonical\" href=\"https:\/\/www.electrosuisse.ch\/fr\/carriere\/apprentissage-chez-electrosuisse\/\" \/>\n<meta property=\"og:locale\" content=\"fr_FR\" \/>\n<meta property=\"og:type\" content=\"article\" \/>\n<meta property=\"og:title\" content=\"Fais ton apprentissage chez Electrosuisse et postule sans tarder\" \/>\n<meta property=\"og:description\" content=\"Nous proposons des places d\u2019apprentissage d\u2019employ\u00e9\u00b7e de commerce et d\u2019op\u00e9rateur ou op\u00e9ratrice en informatique. Pour les places d\u2019apprentissage de la rentr\u00e9e 2024, nous attendrons volontiers ta postulation d\u00e8s le mois de juillet 2023.\" \/>\n<meta property=\"og:url\" content=\"https:\/\/www.electrosuisse.ch\/fr\/carriere\/apprentissage-chez-electrosuisse\/\" \/>\n<meta property=\"og:site_name\" content=\"Electrosuisse\" \/>\n<meta property=\"article:modified_time\" content=\"2025-11-06T12:02:47+00:00\" \/>\n<meta property=\"og:image\" content=\"https:\/\/www.electrosuisse.ch\/wp-content\/uploads\/2022\/12\/Electrosuisse_Ueber_uns_1578x650.jpg\" \/>\n\t<meta property=\"og:image:width\" content=\"1578\" \/>\n\t<meta property=\"og:image:height\" content=\"650\" \/>\n\t<meta property=\"og:image:type\" content=\"image\/jpeg\" \/>\n<script type=\"application\/ld+json\" class=\"yoast-schema-graph\">{\"@context\":\"https:\/\/schema.org\",\"@graph\":[{\"@type\":\"WebPage\",\"@id\":\"https:\/\/www.electrosuisse.ch\/fr\/carriere\/apprentissage-chez-electrosuisse\/\",\"url\":\"https:\/\/www.electrosuisse.ch\/fr\/carriere\/apprentissage-chez-electrosuisse\/\",\"name\":\"Fais ton apprentissage chez Electrosuisse et postule sans tarder\",\"isPartOf\":{\"@id\":\"https:\/\/www.electrosuisse.ch\/fr\/#website\"},\"datePublished\":\"2022-12-07T14:43:20+00:00\",\"dateModified\":\"2025-11-06T12:02:47+00:00\",\"description\":\"Nous proposons des places d\u2019apprentissage d\u2019employ\u00e9\u00b7e de commerce et d\u2019op\u00e9rateur ou op\u00e9ratrice en informatique. Pour les places d\u2019apprentissage de la rentr\u00e9e 2024, nous attendrons volontiers ta postulation d\u00e8s le mois de juillet 2023.\",\"breadcrumb\":{\"@id\":\"https:\/\/www.electrosuisse.ch\/fr\/carriere\/apprentissage-chez-electrosuisse\/#breadcrumb\"},\"inLanguage\":\"fr-FR\",\"potentialAction\":[{\"@type\":\"ReadAction\",\"target\":[\"https:\/\/www.electrosuisse.ch\/fr\/carriere\/apprentissage-chez-electrosuisse\/\"]}]},{\"@type\":\"BreadcrumbList\",\"@id\":\"https:\/\/www.electrosuisse.ch\/fr\/carriere\/apprentissage-chez-electrosuisse\/#breadcrumb\",\"itemListElement\":[{\"@type\":\"ListItem\",\"position\":1,\"name\":\"Carri\u00e8re\",\"item\":\"https:\/\/www.electrosuisse.ch\/fr\/carriere\/\"},{\"@type\":\"ListItem\",\"position\":2,\"name\":\"Apprentissage chez Electrosuisse\"}]},{\"@type\":\"WebSite\",\"@id\":\"https:\/\/www.electrosuisse.ch\/fr\/#website\",\"url\":\"https:\/\/www.electrosuisse.ch\/fr\/\",\"name\":\"Electrosuisse\",\"description\":\"\",\"publisher\":{\"@id\":\"https:\/\/www.electrosuisse.ch\/fr\/#organization\"},\"potentialAction\":[{\"@type\":\"SearchAction\",\"target\":{\"@type\":\"EntryPoint\",\"urlTemplate\":\"https:\/\/www.electrosuisse.ch\/fr\/?s={search_term_string}\"},\"query-input\":{\"@type\":\"PropertyValueSpecification\",\"valueRequired\":true,\"valueName\":\"search_term_string\"}}],\"inLanguage\":\"fr-FR\"},{\"@type\":\"Organization\",\"@id\":\"https:\/\/www.electrosuisse.ch\/fr\/#organization\",\"name\":\"Electrosuisse\",\"url\":\"https:\/\/www.electrosuisse.ch\/fr\/\",\"logo\":{\"@type\":\"ImageObject\",\"inLanguage\":\"fr-FR\",\"@id\":\"https:\/\/www.electrosuisse.ch\/fr\/#\/schema\/logo\/image\/\",\"url\":\"https:\/\/www.electrosuisse.ch\/wp-content\/uploads\/2025\/04\/Electrosuisse_Logo_696x696.png\",\"contentUrl\":\"https:\/\/www.electrosuisse.ch\/wp-content\/uploads\/2025\/04\/Electrosuisse_Logo_696x696.png\",\"width\":696,\"height\":696,\"caption\":\"Electrosuisse\"},\"image\":{\"@id\":\"https:\/\/www.electrosuisse.ch\/fr\/#\/schema\/logo\/image\/\"},\"sameAs\":[\"https:\/\/www.linkedin.com\/company\/electrosuisse-ag\/posts\/?feedView=all\",\"https:\/\/www.instagram.com\/electrosuisse1889\/\",\"https:\/\/www.youtube.com\/channel\/UCoOxohMiVE0Gjcdis1L09zw\"],\"description\":\"Electrosuisse ist eine anerkannte und unabh\u00e4ngige Fachorganisation, die erstklassige Dienstleistungen und Produkte in den Bereichen Inspektion, Beratung, Pr\u00fcfung, Zertifizierung, Normung und Weiterbildung anbietet. Unsere Expertise umfasst Elektrotechnik, Elektromobilit\u00e4t, Energieberatung, Geb\u00e4udeautomation und Photovoltaik in der Schweiz. Durch die Veranstaltung etablierter Branchen-Events und Fachtagungen f\u00f6rdert Electrosuisse den Wissenstransfer und den fachlichen Austausch. Im Mittelpunkt unserer T\u00e4tigkeiten steht die F\u00f6rderung der sicheren, wirtschaftlichen und umweltgerechten Anwendung der Elektrotechnik.\"}]}<\/script>\n<!-- \/ Yoast SEO Premium plugin. -->","yoast_head_json":{"title":"Fais ton apprentissage chez Electrosuisse et postule sans tarder","description":"Nous proposons des places d\u2019apprentissage d\u2019employ\u00e9\u00b7e de commerce et d\u2019op\u00e9rateur ou op\u00e9ratrice en informatique. Pour les places d\u2019apprentissage de la rentr\u00e9e 2024, nous attendrons volontiers ta postulation d\u00e8s le mois de juillet 2023.","robots":{"index":"index","follow":"follow","max-snippet":"max-snippet:-1","max-image-preview":"max-image-preview:large","max-video-preview":"max-video-preview:-1"},"canonical":"https:\/\/www.electrosuisse.ch\/fr\/carriere\/apprentissage-chez-electrosuisse\/","og_locale":"fr_FR","og_type":"article","og_title":"Fais ton apprentissage chez Electrosuisse et postule sans tarder","og_description":"Nous proposons des places d\u2019apprentissage d\u2019employ\u00e9\u00b7e de commerce et d\u2019op\u00e9rateur ou op\u00e9ratrice en informatique. Pour les places d\u2019apprentissage de la rentr\u00e9e 2024, nous attendrons volontiers ta postulation d\u00e8s le mois de juillet 2023.","og_url":"https:\/\/www.electrosuisse.ch\/fr\/carriere\/apprentissage-chez-electrosuisse\/","og_site_name":"Electrosuisse","article_modified_time":"2025-11-06T12:02:47+00:00","og_image":[{"width":1578,"height":650,"url":"https:\/\/www.electrosuisse.ch\/wp-content\/uploads\/2022\/12\/Electrosuisse_Ueber_uns_1578x650.jpg","type":"image\/jpeg"}],"schema":{"@context":"https:\/\/schema.org","@graph":[{"@type":"WebPage","@id":"https:\/\/www.electrosuisse.ch\/fr\/carriere\/apprentissage-chez-electrosuisse\/","url":"https:\/\/www.electrosuisse.ch\/fr\/carriere\/apprentissage-chez-electrosuisse\/","name":"Fais ton apprentissage chez Electrosuisse et postule sans tarder","isPartOf":{"@id":"https:\/\/www.electrosuisse.ch\/fr\/#website"},"datePublished":"2022-12-07T14:43:20+00:00","dateModified":"2025-11-06T12:02:47+00:00","description":"Nous proposons des places d\u2019apprentissage d\u2019employ\u00e9\u00b7e de commerce et d\u2019op\u00e9rateur ou op\u00e9ratrice en informatique. Pour les places d\u2019apprentissage de la rentr\u00e9e 2024, nous attendrons volontiers ta postulation d\u00e8s le mois de juillet 2023.","breadcrumb":{"@id":"https:\/\/www.electrosuisse.ch\/fr\/carriere\/apprentissage-chez-electrosuisse\/#breadcrumb"},"inLanguage":"fr-FR","potentialAction":[{"@type":"ReadAction","target":["https:\/\/www.electrosuisse.ch\/fr\/carriere\/apprentissage-chez-electrosuisse\/"]}]},{"@type":"BreadcrumbList","@id":"https:\/\/www.electrosuisse.ch\/fr\/carriere\/apprentissage-chez-electrosuisse\/#breadcrumb","itemListElement":[{"@type":"ListItem","position":1,"name":"Carri\u00e8re","item":"https:\/\/www.electrosuisse.ch\/fr\/carriere\/"},{"@type":"ListItem","position":2,"name":"Apprentissage chez Electrosuisse"}]},{"@type":"WebSite","@id":"https:\/\/www.electrosuisse.ch\/fr\/#website","url":"https:\/\/www.electrosuisse.ch\/fr\/","name":"Electrosuisse","description":"","publisher":{"@id":"https:\/\/www.electrosuisse.ch\/fr\/#organization"},"potentialAction":[{"@type":"SearchAction","target":{"@type":"EntryPoint","urlTemplate":"https:\/\/www.electrosuisse.ch\/fr\/?s={search_term_string}"},"query-input":{"@type":"PropertyValueSpecification","valueRequired":true,"valueName":"search_term_string"}}],"inLanguage":"fr-FR"},{"@type":"Organization","@id":"https:\/\/www.electrosuisse.ch\/fr\/#organization","name":"Electrosuisse","url":"https:\/\/www.electrosuisse.ch\/fr\/","logo":{"@type":"ImageObject","inLanguage":"fr-FR","@id":"https:\/\/www.electrosuisse.ch\/fr\/#\/schema\/logo\/image\/","url":"https:\/\/www.electrosuisse.ch\/wp-content\/uploads\/2025\/04\/Electrosuisse_Logo_696x696.png","contentUrl":"https:\/\/www.electrosuisse.ch\/wp-content\/uploads\/2025\/04\/Electrosuisse_Logo_696x696.png","width":696,"height":696,"caption":"Electrosuisse"},"image":{"@id":"https:\/\/www.electrosuisse.ch\/fr\/#\/schema\/logo\/image\/"},"sameAs":["https:\/\/www.linkedin.com\/company\/electrosuisse-ag\/posts\/?feedView=all","https:\/\/www.instagram.com\/electrosuisse1889\/","https:\/\/www.youtube.com\/channel\/UCoOxohMiVE0Gjcdis1L09zw"],"description":"Electrosuisse ist eine anerkannte und unabh\u00e4ngige Fachorganisation, die erstklassige Dienstleistungen und Produkte in den Bereichen Inspektion, Beratung, Pr\u00fcfung, Zertifizierung, Normung und Weiterbildung anbietet. Unsere Expertise umfasst Elektrotechnik, Elektromobilit\u00e4t, Energieberatung, Geb\u00e4udeautomation und Photovoltaik in der Schweiz. Durch die Veranstaltung etablierter Branchen-Events und Fachtagungen f\u00f6rdert Electrosuisse den Wissenstransfer und den fachlichen Austausch. Im Mittelpunkt unserer T\u00e4tigkeiten steht die F\u00f6rderung der sicheren, wirtschaftlichen und umweltgerechten Anwendung der Elektrotechnik."}]}},"amp_enabled":true,"_links":{"self":[{"href":"https:\/\/www.electrosuisse.ch\/fr\/wp-json\/wp\/v2\/pages\/28896","targetHints":{"allow":["GET"]}}],"collection":[{"href":"https:\/\/www.electrosuisse.ch\/fr\/wp-json\/wp\/v2\/pages"}],"about":[{"href":"https:\/\/www.electrosuisse.ch\/fr\/wp-json\/wp\/v2\/types\/page"}],"author":[{"embeddable":true,"href":"https:\/\/www.electrosuisse.ch\/fr\/wp-json\/wp\/v2\/users\/2"}],"replies":[{"embeddable":true,"href":"https:\/\/www.electrosuisse.ch\/fr\/wp-json\/wp\/v2\/comments?post=28896"}],"version-history":[{"count":10,"href":"https:\/\/www.electrosuisse.ch\/fr\/wp-json\/wp\/v2\/pages\/28896\/revisions"}],"predecessor-version":[{"id":40370,"href":"https:\/\/www.electrosuisse.ch\/fr\/wp-json\/wp\/v2\/pages\/28896\/revisions\/40370"}],"up":[{"embeddable":true,"href":"https:\/\/www.electrosuisse.ch\/fr\/wp-json\/wp\/v2\/pages\/28744"}],"wp:attachment":[{"href":"https:\/\/www.electrosuisse.ch\/fr\/wp-json\/wp\/v2\/media?parent=28896"}],"curies":[{"name":"wp","href":"https:\/\/api.w.org\/{rel}","templated":true}]}}