{"id":28885,"date":"2022-11-29T18:56:16","date_gmt":"2022-11-29T17:56:16","guid":{"rendered":"https:\/\/www.electrosuisse.ch\/carriere\/du-wir\/"},"modified":"2025-02-20T09:19:04","modified_gmt":"2025-02-20T08:19:04","slug":"toi-et-nous","status":"publish","type":"page","link":"https:\/\/www.electrosuisse.ch\/fr\/carriere\/toi-et-nous\/","title":{"rendered":"Toi et nous"},"content":{"rendered":"<div class=\"wpb-content-wrapper\"><p>[vc_row][vc_column][vc_column_text el_class=&#8221;lead&#8221;]Collaboratrice ou collaborateur sp\u00e9cialis\u00e9\u00b7e, social media manager ou responsable du recrutement de personnel ? Chez Electrosuisse, les domaines professionnels et les fonctions sont aussi vari\u00e9s que le travail lui-m\u00eame.<\/p>\n<p>Tu trouveras ici les places vacantes.[\/vc_column_text]<div class=\"wpb_button_column wpb_content_element wpb_content_element--left\"><div class=\"wpb_wrapper\"><div class=\"button button--normal\"><a href=\"https:\/\/www.electrosuisse.ch\/fr\/jobs\/\">Vue d\u2019ensemble des places vacantes<\/a><\/div><\/div><\/div>[\/vc_column][\/vc_row][vc_row][vc_column][vc_column_text]<\/p>\n<h4>Un job chez Electrosuisse est tout simplement plus passionnant. \u00c0 bien des \u00e9gards.<\/h4>\n<p>Nous offrons la vari\u00e9t\u00e9, un super esprit d\u2019\u00e9quipe et beaucoup de libert\u00e9. Libert\u00e9 en mati\u00e8re d\u2019id\u00e9es, d\u2019am\u00e9nagement de ton temps de travail et de ton d\u00e9veloppement personnel. Nos collaboratrices et collaborateurs disent b\u00e9n\u00e9ficier de mani\u00e8re peu courante du savoir-faire de l\u2019\u00e9quipe d\u2019Electrosuisse. Et nous pensons que lorsqu\u2019on fait un bon job, on m\u00e9rite de bonnes conditions. Par exemple 6 semaines de vacances, jours de fermeture de l\u2019entreprise inclus, une r\u00e9mun\u00e9ration \u00e9quitable et un v\u00e9hicule \u00e9lectrique si souhait\u00e9. De plus, nous r\u00e9partissons \u2153 du b\u00e9n\u00e9fice entre nos collaborateurs et collaboratrices.[\/vc_column_text][\/vc_column][\/vc_row][vc_row][vc_column]<div class=\"wpb_content_element wpb_quotes_column\"><div class=\"wpb_wrapper\"><div class=\"wpb_wrapper__inside\"><div class=\"quotes\"><div class=\"swiper swiper--quotes\"><div id=\"swiper-shuffle\" class=\"swiper-wrapper\"><div class=\"swiper-slide step\"><h3 class=\"quote--content\">Je trouve que ce travail a beaucoup de sens ! Nous sommes ind\u00e9pendants et ainsi cr\u00e9dibles.<\/h3><p class=\"quote--credits\"><\/p><\/div><div class=\"swiper-slide step\"><h3 class=\"quote--content\">Je n\u2019avais encore jamais eu de poste avec autant de d\u00e9fis sur le plan professionnel. C\u2019est tout simplement formidable.<\/h3><p class=\"quote--credits\"><\/p><\/div><div class=\"swiper-slide step\"><h3 class=\"quote--content\">Des temps de travail flexibles, la possibilit\u00e9 d\u2019effectuer du t\u00e9l\u00e9travail, l\u2019organisation libre de son temps de travail.<\/h3><p class=\"quote--credits\"><\/p><\/div><div class=\"swiper-slide step\"><h3 class=\"quote--content\">Les diff\u00e9rents d\u00e9fis et l\u2019ambiance d\u00e9contract\u00e9e.<\/h3><p class=\"quote--credits\"><\/p><\/div><div class=\"swiper-slide step\"><h3 class=\"quote--content\">L\u2019ind\u00e9pendance d\u2019Electrosuisse et la libert\u00e9 d\u2019organiser soi-m\u00eame son travail avec la client\u00e8le et son plan de travail.<\/h3><p class=\"quote--credits\"><\/p><\/div><div class=\"swiper-slide step\"><h3 class=\"quote--content\">Comp\u00e9tence technique \u00e9lev\u00e9e, temps de travail flexible, grande notori\u00e9t\u00e9.<\/h3><p class=\"quote--credits\"><\/p><\/div><div class=\"swiper-slide step\"><h3 class=\"quote--content\">Domaine tr\u00e8s int\u00e9ressant sur le plan technique pour un ing\u00e9nieur en \u00e9lectrotechnique. Electrosuisse jouit d\u2019une bonne r\u00e9putation dans toute la Suisse. Grande libert\u00e9 dans l\u2019organisation du travail.<\/h3><p class=\"quote--credits\"><\/p><\/div><\/div><\/div><\/div><\/div><div class=\"swiper-controls\"><div class=\"swiper-button-prev button button--arrow\"><div><div class=\"arrow\">Plus<\/div><\/div><\/div><div class=\"swiper-button-next button button--arrow\"><div><div class=\"arrow\">Plus<\/div><\/div><\/div><\/div><\/div><\/div>[\/vc_column][\/vc_row][vc_row el_id=&#8221;benefits&#8221;][vc_column][vc_column_text]<\/p>\n<h2>Tu le vois bien. Nous aimerions que tu travailles chez nous.<\/h2>\n<p>Voici encore deux ou trois avantages.[\/vc_column_text]<div class=\"wpb_history_column wpb_benefits_column wpb_content_element\"><div class=\"wpb_wrapper\"><div class=\"timeline benefits-timeline\"><div class=\"timeline__container\"><div class=\"timeline__block row\"><div class=\"timeline__content benefits__content col-sm-6 col-xs-12\"><h3>Tu le m\u00e9rites bien.<\/h3><p>Il nous tient \u00e0 c\u0153ur que la vie professionnelle et la vie priv\u00e9e soient compatibles. C\u2019est pour cela tu b\u00e9n\u00e9ficies de 6 semaines de vacances chez nous, jours de fermeture de l\u2019entreprise inclus.<\/p><\/div><\/div><div class=\"timeline__block row\"><div class=\"timeline__content benefits__content col-sm-6 col-xs-12\"><h3>T\u00e9l\u00e9travail<\/h3><p>Chez nous, jusqu\u2019\u00e0 2 jours de t\u00e9l\u00e9travail par semaine sont possibles. En tant que conseill\u00e8re\/ conseiller, tu travailles chez toi ou chez le client.<\/p><\/div><\/div><div class=\"timeline__block row\"><div class=\"timeline__content benefits__content col-sm-6 col-xs-12\"><h3>Reprendre v\u00e9ritablement son souffle.<\/h3><p>Lorsque tu as besoin d\u2019un cong\u00e9. Pour une naissance, pour l\u2019amour ou ta soif d\u2019aventure. Un cong\u00e9 non pay\u00e9 est possible chez nous.<\/p><\/div><\/div><div class=\"timeline__block row\"><div class=\"timeline__content benefits__content col-sm-6 col-xs-12\"><h3>Ton v\u00e9hicule<\/h3><p>Selon ta fonction, tu re\u00e7ois un v\u00e9hicule personnel : \u00e9lectrique ou conventionnel. Tu peux aussi en faire un usage priv\u00e9. Sans conditions.<\/p><\/div><\/div><div class=\"timeline__block row\"><div class=\"timeline__content benefits__content col-sm-6 col-xs-12\"><h3>Formation continue ? Bien volontiers.<\/h3><p>Nous te soutenons g\u00e9n\u00e9reusement dans ta formation continue. Nous prenons notamment en charge les frais d\u2019examen de ma\u00eetrise ou les engagements li\u00e9s \u00e0 ton emploi pr\u00e9c\u00e9dent.<\/p><\/div><\/div><div class=\"timeline__block row\"><div class=\"timeline__content benefits__content col-sm-6 col-xs-12\"><h3>La cerise sur le g\u00e2teau.<\/h3><p>Une r\u00e9mun\u00e9ration \u00e9quitable est importante \u00e0 nos yeux et adapt\u00e9e au march\u00e9. De plus, nous r\u00e9partissons \u2153 du b\u00e9n\u00e9fice parmi nos collaborateurs et collaboratrices.<\/p><\/div><\/div><div class=\"timeline__block row\"><div class=\"timeline__content benefits__content col-sm-6 col-xs-12\"><h3>Pr\u00e9voir l\u2019avenir.<\/h3><p>Ton avenir nous tient aussi \u00e0 c\u0153ur. C\u2019est pourquoi nous prenons en charge 60% de ta pr\u00e9voyance vieillesse.<\/p><\/div><\/div><div class=\"timeline__block row\"><div class=\"timeline__content benefits__content col-sm-6 col-xs-12\"><h3>En cas de p\u00e9pin.<\/h3><p>Comme on ne peut jamais tout pr\u00e9voir dans la vie, nous contractons pour toi une assurance compl\u00e9mentaire hospitalisation en cas d\u2019accident. Tu n\u2019y participes qu\u2019\u00e0 raison du montant symbolique de CHF 5.\u2013 par mois.<\/p><\/div><\/div><div class=\"timeline__block row\"><div class=\"timeline__content benefits__content col-sm-6 col-xs-12\"><h3>Des trajets agr\u00e9ables.<\/h3><p>En train, tu voyages toujours en premi\u00e8re classe lors de d\u00e9placements professionnels. Et nous t\u2019offrons dans tous les cas l\u2019abonnement demi-tarif.<\/p><\/div><\/div><div class=\"timeline__block row\"><div class=\"timeline__content benefits__content col-sm-6 col-xs-12\"><h3>Le confort des locaux.<\/h3><p>Sur le site de Bulle, nous t\u2019offrons une place de parc gratuite.<\/p><\/div><\/div><div class=\"timeline__block row\"><div class=\"timeline__content benefits__content col-sm-6 col-xs-12\"><h3>\u00bfHablas espa\u00f1ol?<\/h3><p>Si ce n\u2019est pas le cas, tu peux apprendre gratuitement ta langue pr\u00e9f\u00e9r\u00e9e au moyen de notre outil en ligne.<\/p><\/div><\/div><div class=\"timeline__block row\"><div class=\"timeline__content benefits__content col-sm-6 col-xs-12\"><h3>Argent Reka<\/h3><p>Tu profites d'un rabais de 20% \u00e0 l\u2019achat de ch\u00e8ques Reka - des loisirs attractifs et ce, toutes les ann\u00e9es. <\/p><\/div><\/div><div class=\"timeline__block row\"><div class=\"timeline__content benefits__content col-sm-6 col-xs-12\"><h3>Prime de cooptation<\/h3><p>Recommander un coll\u00e8gue \u00e0 l\u2019entreprise est r\u00e9compens\u00e9 par CHF 3000.00 net. Versement rapide et simple au cours du premier mois d'engagement de la nouvelle personne.<\/p><\/div><\/div><\/div><\/div><\/div><\/div>[\/vc_column][\/vc_row][vc_row el_id=&#8221;bewerbungsprozess&#8221;][vc_column][vc_column_text]<\/p>\n<h2>Que se passe-t-il apr\u00e8s ta postulation ?<\/h2>\n<p>Lors de ta postulation, le processus standard suivant adapt\u00e9 \u00e0 la fonction et au site se met en route :[\/vc_column_text]<div class=\"wpb_process_column wpb_content_element\"><div class=\"wpb_wrapper\"><div class=\"process_container\"><div class=\"process\"><div class=\"process__symbol process__symbol--number\"><div class=\"process__number\">1<\/div><\/div><div class=\"process__content\"><h4>Dossier int\u00e9ressant ?<\/h4><p>Si ton dossier nous int\u00e9resse, nous prenons contact avec toi rapidement et t\u2019invitons \u00e0 un premier entretien.<\/p>\n<\/div><\/div><div class=\"process\"><div class=\"process__symbol process__symbol--number\"><div class=\"process__number\">2<\/div><\/div><div class=\"process__content\"><h4>Premier entretien en ligne<\/h4><p>Le premier entretien se d\u00e9roule en ligne. Il dure environ 45 minutes. Une personne des RH et ton\/ta futur\u00b7e sup\u00e9rieur\u00b7e hi\u00e9rarchique y participent.<\/p>\n<\/div><\/div><div class=\"process\"><div class=\"process__symbol process__symbol--number\"><div class=\"process__number\">3<\/div><\/div><div class=\"process__content\"><h4>Deuxi\u00e8me entretien sur place<\/h4><p>Si le courant passe entre nous, nous poursuivons le processus. Le deuxi\u00e8me entretien se d\u00e9roule sur place chez nous. \u00c0 cette occasion, tu feras aussi la connaissance de l\u2019\u00e9quipe.<\/p>\n<\/div><\/div><div class=\"process\"><div class=\"process__symbol process__symbol--number\"><div class=\"process__number\">4<\/div><\/div><div class=\"process__content\"><h4>Engagement<\/h4><p>Si le deuxi\u00e8me entretien se passe bien, alors tu peux commencer \u00e0 travailler chez nous!<\/p>\n<\/div><\/div>\n<\/div><\/div><\/div>[\/vc_column][\/vc_row][vc_row][vc_column]<div class=\"wpb_cta_column wpb_content_element\"><div class=\"wpb_wrapper\"><div class=\"cta cta--two_rows cta--big cta--green cta--link\"><div class=\"cta__content\"><a href=\"https:\/\/www.electrosuisse.ch\/fr\/jobs\/\" class=\"full\">Vue d\u2019ensemble de tous les jobs<\/a><div class=\"cta__label\"><p>Vue d\u2019ensemble<span>de tous les jobs<\/span><\/p><\/div><\/div><\/div><\/div><\/div>[\/vc_column][\/vc_row]<\/p>\n<\/div>","protected":false},"excerpt":{"rendered":"<p>[vc_row][vc_column][vc_column_text el_class=&#8221;lead&#8221;]Collaboratrice ou collaborateur sp\u00e9cialis\u00e9\u00b7e, social media manager ou responsable du recrutement de personnel ? Chez Electrosuisse, les domaines professionnels et les fonctions sont aussi vari\u00e9s que le travail lui-m\u00eame. Tu trouveras ici les places vacantes.[\/vc_column_text][\/vc_column][\/vc_row][vc_row][vc_column][vc_column_text] Un job chez Electrosuisse est tout simplement plus passionnant. \u00c0 bien des \u00e9gards. Nous offrons la vari\u00e9t\u00e9, un super [&hellip;]<\/p>\n","protected":false},"author":2,"featured_media":0,"parent":28744,"menu_order":32,"comment_status":"closed","ping_status":"closed","template":"","meta":{"_acf_changed":false,"_monsterinsights_skip_tracking":false,"_monsterinsights_sitenote_active":false,"_monsterinsights_sitenote_note":"","_monsterinsights_sitenote_category":0,"footnotes":""},"class_list":["post-28885","page","type-page","status-publish","hentry"],"acf":[],"yoast_head":"<!-- This site is optimized with the Yoast SEO Premium plugin v26.4 (Yoast SEO v27.0) - https:\/\/yoast.com\/product\/yoast-seo-premium-wordpress\/ -->\n<title>Toi et nous \u2013 un job chez Electrosuisse est plus passionnant<\/title>\n<meta name=\"description\" content=\"Nous offrons la vari\u00e9t\u00e9, un super esprit d\u2019\u00e9quipe et beaucoup de libert\u00e9 pour l\u2019am\u00e9nagement de ton temps de travail et ton d\u00e9veloppement personnel.\" \/>\n<meta name=\"robots\" content=\"index, follow, max-snippet:-1, max-image-preview:large, max-video-preview:-1\" \/>\n<link rel=\"canonical\" href=\"https:\/\/www.electrosuisse.ch\/fr\/carriere\/toi-et-nous\/\" \/>\n<meta property=\"og:locale\" content=\"fr_FR\" \/>\n<meta property=\"og:type\" content=\"article\" \/>\n<meta property=\"og:title\" content=\"Toi et nous \u2013 un job chez Electrosuisse est plus passionnant\" \/>\n<meta property=\"og:description\" content=\"Nous offrons la vari\u00e9t\u00e9, un super esprit d\u2019\u00e9quipe et beaucoup de libert\u00e9 pour l\u2019am\u00e9nagement de ton temps de travail et ton d\u00e9veloppement personnel.\" \/>\n<meta property=\"og:url\" content=\"https:\/\/www.electrosuisse.ch\/fr\/carriere\/toi-et-nous\/\" \/>\n<meta property=\"og:site_name\" content=\"Electrosuisse\" \/>\n<meta property=\"article:modified_time\" content=\"2025-02-20T08:19:04+00:00\" \/>\n<meta property=\"og:image\" content=\"https:\/\/www.electrosuisse.ch\/wp-content\/uploads\/2022\/12\/Electrosuisse_Ueber_uns_1578x650.jpg\" \/>\n\t<meta property=\"og:image:width\" content=\"1578\" \/>\n\t<meta property=\"og:image:height\" content=\"650\" \/>\n\t<meta property=\"og:image:type\" content=\"image\/jpeg\" \/>\n<script type=\"application\/ld+json\" class=\"yoast-schema-graph\">{\"@context\":\"https:\/\/schema.org\",\"@graph\":[{\"@type\":\"WebPage\",\"@id\":\"https:\/\/www.electrosuisse.ch\/fr\/carriere\/toi-et-nous\/\",\"url\":\"https:\/\/www.electrosuisse.ch\/fr\/carriere\/toi-et-nous\/\",\"name\":\"Toi et nous \u2013 un job chez Electrosuisse est plus passionnant\",\"isPartOf\":{\"@id\":\"https:\/\/www.electrosuisse.ch\/fr\/#website\"},\"datePublished\":\"2022-11-29T17:56:16+00:00\",\"dateModified\":\"2025-02-20T08:19:04+00:00\",\"description\":\"Nous offrons la vari\u00e9t\u00e9, un super esprit d\u2019\u00e9quipe et beaucoup de libert\u00e9 pour l\u2019am\u00e9nagement de ton temps de travail et ton d\u00e9veloppement personnel.\",\"breadcrumb\":{\"@id\":\"https:\/\/www.electrosuisse.ch\/fr\/carriere\/toi-et-nous\/#breadcrumb\"},\"inLanguage\":\"fr-FR\",\"potentialAction\":[{\"@type\":\"ReadAction\",\"target\":[\"https:\/\/www.electrosuisse.ch\/fr\/carriere\/toi-et-nous\/\"]}]},{\"@type\":\"BreadcrumbList\",\"@id\":\"https:\/\/www.electrosuisse.ch\/fr\/carriere\/toi-et-nous\/#breadcrumb\",\"itemListElement\":[{\"@type\":\"ListItem\",\"position\":1,\"name\":\"Carri\u00e8re\",\"item\":\"https:\/\/www.electrosuisse.ch\/fr\/carriere\/\"},{\"@type\":\"ListItem\",\"position\":2,\"name\":\"Toi et nous\"}]},{\"@type\":\"WebSite\",\"@id\":\"https:\/\/www.electrosuisse.ch\/fr\/#website\",\"url\":\"https:\/\/www.electrosuisse.ch\/fr\/\",\"name\":\"Electrosuisse\",\"description\":\"\",\"publisher\":{\"@id\":\"https:\/\/www.electrosuisse.ch\/fr\/#organization\"},\"potentialAction\":[{\"@type\":\"SearchAction\",\"target\":{\"@type\":\"EntryPoint\",\"urlTemplate\":\"https:\/\/www.electrosuisse.ch\/fr\/?s={search_term_string}\"},\"query-input\":{\"@type\":\"PropertyValueSpecification\",\"valueRequired\":true,\"valueName\":\"search_term_string\"}}],\"inLanguage\":\"fr-FR\"},{\"@type\":\"Organization\",\"@id\":\"https:\/\/www.electrosuisse.ch\/fr\/#organization\",\"name\":\"Electrosuisse\",\"url\":\"https:\/\/www.electrosuisse.ch\/fr\/\",\"logo\":{\"@type\":\"ImageObject\",\"inLanguage\":\"fr-FR\",\"@id\":\"https:\/\/www.electrosuisse.ch\/fr\/#\/schema\/logo\/image\/\",\"url\":\"https:\/\/www.electrosuisse.ch\/wp-content\/uploads\/2025\/04\/Electrosuisse_Logo_696x696.png\",\"contentUrl\":\"https:\/\/www.electrosuisse.ch\/wp-content\/uploads\/2025\/04\/Electrosuisse_Logo_696x696.png\",\"width\":696,\"height\":696,\"caption\":\"Electrosuisse\"},\"image\":{\"@id\":\"https:\/\/www.electrosuisse.ch\/fr\/#\/schema\/logo\/image\/\"},\"sameAs\":[\"https:\/\/www.linkedin.com\/company\/electrosuisse-ag\/posts\/?feedView=all\",\"https:\/\/www.instagram.com\/electrosuisse1889\/\",\"https:\/\/www.youtube.com\/channel\/UCoOxohMiVE0Gjcdis1L09zw\"],\"description\":\"Electrosuisse ist eine anerkannte und unabh\u00e4ngige Fachorganisation, die erstklassige Dienstleistungen und Produkte in den Bereichen Inspektion, Beratung, Pr\u00fcfung, Zertifizierung, Normung und Weiterbildung anbietet. Unsere Expertise umfasst Elektrotechnik, Elektromobilit\u00e4t, Energieberatung, Geb\u00e4udeautomation und Photovoltaik in der Schweiz. Durch die Veranstaltung etablierter Branchen-Events und Fachtagungen f\u00f6rdert Electrosuisse den Wissenstransfer und den fachlichen Austausch. Im Mittelpunkt unserer T\u00e4tigkeiten steht die F\u00f6rderung der sicheren, wirtschaftlichen und umweltgerechten Anwendung der Elektrotechnik.\"}]}<\/script>\n<!-- \/ Yoast SEO Premium plugin. -->","yoast_head_json":{"title":"Toi et nous \u2013 un job chez Electrosuisse est plus passionnant","description":"Nous offrons la vari\u00e9t\u00e9, un super esprit d\u2019\u00e9quipe et beaucoup de libert\u00e9 pour l\u2019am\u00e9nagement de ton temps de travail et ton d\u00e9veloppement personnel.","robots":{"index":"index","follow":"follow","max-snippet":"max-snippet:-1","max-image-preview":"max-image-preview:large","max-video-preview":"max-video-preview:-1"},"canonical":"https:\/\/www.electrosuisse.ch\/fr\/carriere\/toi-et-nous\/","og_locale":"fr_FR","og_type":"article","og_title":"Toi et nous \u2013 un job chez Electrosuisse est plus passionnant","og_description":"Nous offrons la vari\u00e9t\u00e9, un super esprit d\u2019\u00e9quipe et beaucoup de libert\u00e9 pour l\u2019am\u00e9nagement de ton temps de travail et ton d\u00e9veloppement personnel.","og_url":"https:\/\/www.electrosuisse.ch\/fr\/carriere\/toi-et-nous\/","og_site_name":"Electrosuisse","article_modified_time":"2025-02-20T08:19:04+00:00","og_image":[{"width":1578,"height":650,"url":"https:\/\/www.electrosuisse.ch\/wp-content\/uploads\/2022\/12\/Electrosuisse_Ueber_uns_1578x650.jpg","type":"image\/jpeg"}],"schema":{"@context":"https:\/\/schema.org","@graph":[{"@type":"WebPage","@id":"https:\/\/www.electrosuisse.ch\/fr\/carriere\/toi-et-nous\/","url":"https:\/\/www.electrosuisse.ch\/fr\/carriere\/toi-et-nous\/","name":"Toi et nous \u2013 un job chez Electrosuisse est plus passionnant","isPartOf":{"@id":"https:\/\/www.electrosuisse.ch\/fr\/#website"},"datePublished":"2022-11-29T17:56:16+00:00","dateModified":"2025-02-20T08:19:04+00:00","description":"Nous offrons la vari\u00e9t\u00e9, un super esprit d\u2019\u00e9quipe et beaucoup de libert\u00e9 pour l\u2019am\u00e9nagement de ton temps de travail et ton d\u00e9veloppement personnel.","breadcrumb":{"@id":"https:\/\/www.electrosuisse.ch\/fr\/carriere\/toi-et-nous\/#breadcrumb"},"inLanguage":"fr-FR","potentialAction":[{"@type":"ReadAction","target":["https:\/\/www.electrosuisse.ch\/fr\/carriere\/toi-et-nous\/"]}]},{"@type":"BreadcrumbList","@id":"https:\/\/www.electrosuisse.ch\/fr\/carriere\/toi-et-nous\/#breadcrumb","itemListElement":[{"@type":"ListItem","position":1,"name":"Carri\u00e8re","item":"https:\/\/www.electrosuisse.ch\/fr\/carriere\/"},{"@type":"ListItem","position":2,"name":"Toi et nous"}]},{"@type":"WebSite","@id":"https:\/\/www.electrosuisse.ch\/fr\/#website","url":"https:\/\/www.electrosuisse.ch\/fr\/","name":"Electrosuisse","description":"","publisher":{"@id":"https:\/\/www.electrosuisse.ch\/fr\/#organization"},"potentialAction":[{"@type":"SearchAction","target":{"@type":"EntryPoint","urlTemplate":"https:\/\/www.electrosuisse.ch\/fr\/?s={search_term_string}"},"query-input":{"@type":"PropertyValueSpecification","valueRequired":true,"valueName":"search_term_string"}}],"inLanguage":"fr-FR"},{"@type":"Organization","@id":"https:\/\/www.electrosuisse.ch\/fr\/#organization","name":"Electrosuisse","url":"https:\/\/www.electrosuisse.ch\/fr\/","logo":{"@type":"ImageObject","inLanguage":"fr-FR","@id":"https:\/\/www.electrosuisse.ch\/fr\/#\/schema\/logo\/image\/","url":"https:\/\/www.electrosuisse.ch\/wp-content\/uploads\/2025\/04\/Electrosuisse_Logo_696x696.png","contentUrl":"https:\/\/www.electrosuisse.ch\/wp-content\/uploads\/2025\/04\/Electrosuisse_Logo_696x696.png","width":696,"height":696,"caption":"Electrosuisse"},"image":{"@id":"https:\/\/www.electrosuisse.ch\/fr\/#\/schema\/logo\/image\/"},"sameAs":["https:\/\/www.linkedin.com\/company\/electrosuisse-ag\/posts\/?feedView=all","https:\/\/www.instagram.com\/electrosuisse1889\/","https:\/\/www.youtube.com\/channel\/UCoOxohMiVE0Gjcdis1L09zw"],"description":"Electrosuisse ist eine anerkannte und unabh\u00e4ngige Fachorganisation, die erstklassige Dienstleistungen und Produkte in den Bereichen Inspektion, Beratung, Pr\u00fcfung, Zertifizierung, Normung und Weiterbildung anbietet. Unsere Expertise umfasst Elektrotechnik, Elektromobilit\u00e4t, Energieberatung, Geb\u00e4udeautomation und Photovoltaik in der Schweiz. Durch die Veranstaltung etablierter Branchen-Events und Fachtagungen f\u00f6rdert Electrosuisse den Wissenstransfer und den fachlichen Austausch. Im Mittelpunkt unserer T\u00e4tigkeiten steht die F\u00f6rderung der sicheren, wirtschaftlichen und umweltgerechten Anwendung der Elektrotechnik."}]}},"amp_enabled":true,"_links":{"self":[{"href":"https:\/\/www.electrosuisse.ch\/fr\/wp-json\/wp\/v2\/pages\/28885","targetHints":{"allow":["GET"]}}],"collection":[{"href":"https:\/\/www.electrosuisse.ch\/fr\/wp-json\/wp\/v2\/pages"}],"about":[{"href":"https:\/\/www.electrosuisse.ch\/fr\/wp-json\/wp\/v2\/types\/page"}],"author":[{"embeddable":true,"href":"https:\/\/www.electrosuisse.ch\/fr\/wp-json\/wp\/v2\/users\/2"}],"replies":[{"embeddable":true,"href":"https:\/\/www.electrosuisse.ch\/fr\/wp-json\/wp\/v2\/comments?post=28885"}],"version-history":[{"count":18,"href":"https:\/\/www.electrosuisse.ch\/fr\/wp-json\/wp\/v2\/pages\/28885\/revisions"}],"predecessor-version":[{"id":37770,"href":"https:\/\/www.electrosuisse.ch\/fr\/wp-json\/wp\/v2\/pages\/28885\/revisions\/37770"}],"up":[{"embeddable":true,"href":"https:\/\/www.electrosuisse.ch\/fr\/wp-json\/wp\/v2\/pages\/28744"}],"wp:attachment":[{"href":"https:\/\/www.electrosuisse.ch\/fr\/wp-json\/wp\/v2\/media?parent=28885"}],"curies":[{"name":"wp","href":"https:\/\/api.w.org\/{rel}","templated":true}]}}