{"id":26755,"date":"2022-11-30T08:52:18","date_gmt":"2022-11-30T07:52:18","guid":{"rendered":"https:\/\/www.electrosuisse.ch\/jobs\/"},"modified":"2026-03-24T12:56:52","modified_gmt":"2026-03-24T11:56:52","slug":"jobs","status":"publish","type":"page","link":"https:\/\/www.electrosuisse.ch\/fr\/carriere\/jobs\/","title":{"rendered":"Jobs"},"content":{"rendered":"<div class=\"wpb-content-wrapper\"><p>[vc_row][vc_column][vc_column_text]Tu as bien fait de visiter cette page. Car ici tu peux cliquer directement sur des jobs passionnants chez Electrosuisse. Plein succ\u00e8s dans tes recherches ![\/vc_column_text]<div class=\"wpb_gap_column wpb_content_element\"><div class=\"wpb_wrapper\"><div class=\"gap gap--small\"><\/div><\/div><\/div><div class=\"wpb_jobs_overview_column\"><div class=\"wpb_wrapper\"><!-- container into which all jobs are rendered -->\n      <div id=\"ostendisJobs1\" class=\"ost-jobs ost-jobs-scroll  hide-attributes\"><\/div><\/div><\/div><!-- loading ostendis jobpublisher script -->\n      <script src=\"https:\/\/odm.ostendis.com\/ojp\/assets\/loader\"\n          integrity=\"sha384-5b5wkUwcE8WHpVL\/Nv+0GlCAmaHiLlYU3xehBaxgs7txsDqu\/mcoRIsutbpt84w+\"\n          data-token=\"3bydei12tjzhiw5j4mqa85cfj4bjoud2\"\n          crossorigin=\"anonymous\"\n          id=\"ostendisLoader\">\n      <\/script><style>\n\n\/* ------------ Karriere Ostendis Schnittstelle ------------ *\/\n\/* Typografie *\/\n.ost-jobs p {\n  font-size: 19px;\n}\n\n.ost-jobs a.title {\n  font-size: 1.5rem;\n  line-height: 1.4;\n  font-family: univers, Arial, Helvetica, sans-serif;\n  font-weight: 400;\n}\n\n.ost-jobs .ost-job .ost-row, \n.ost-jobs .ost-job .ost-row .ost-column2, \n.ost-jobs .ost-job .ost-row .ost-column3 {\n  text-align: left;\n}\n\n@media screen and (min-width: 1125px) {\n  .ost-jobs .ost-job .ost-row .ost-column2 {\n    max-width: 70%;\n    margin-left: 0;\n    margin-right: auto;\n  }\n}\n\n.ost-jobs .ost-job .ost-column3 {\n  margin-top: 1.5em;\n}\n\n\/* Titel, anzahl Stellen *\/\n.ost-jobs .ost-list-header {\n  max-width: 1200px;\n  margin: 0 auto;\n}\n\n.ost-jobs .ost-noentry {\n  max-width: 1200px;\n  margin: 0 auto !important;\n}\n\n.ost-jobs .ost-list-header .ost-list-title {\n  margin-top: 0;\n}\n\n\/* abstand *\/\n\n.ost-jobs .ost-list {\n  margin-bottom: 0 !important;\n}\n\n\/* Trennlinie *\/\n\n.ost-jobs .ost-job {\n  margin-bottom: 0;\n}\n.ost-jobs .ost-job .ost-row {\n  \/* border-bottom: 2px solid rgba(102, 102, 102, 0.1); *\/\n  border: none;\n}\n\n.ost-job {\n  \/* border-bottom: 2px solid rgba(102, 102, 102, 0.1);\n  border-top: 2px solid rgba(102, 102, 102, 0.1); *\/\n  border-bottom: 1px solid rgba(102, 102, 102, 0.1);\n}\n\n.ost-job:first-child {\n  border-top: 1px solid rgba(102, 102, 102, 0.1);\n}\n\n\/* Button *\/\n.ost-jobs .ost-list button,\n.ost-list .action {\n  position: relative;\n  display: inline-block;\n  padding: 0 1.75em 0.2em 1.75em ;\n  line-height: 44px;\n  letter-spacing: 0.1px;\n  text-align: center;\n  overflow: hidden;\n  z-index: 1;\n  border: 0;\n  background-color: transparent;\n  \/*  *\/\n  font-size: 0.7777777777777778rem;\n  height: 47px;\n  color: #FFFFFF;\n  display: inline-block;\n  font-family: \"univers\", arial;\n  font-weight: normal;\n  \/*  *\/\n  border-radius: 0;\n  border: none;\n  \/* padding-bottom: 0; *\/\n  \/* padding-bottom: 3.2em; *\/\n  padding-top: 0;\n  padding-bottom: 0;\n  padding-bottom: 2px;\n  display: flex;\n  align-items: center;\n  height: 47px;\n}\n\n.ost-list .action::before,\n.ost-list .action::after,\n.ost-list .action {\n  \/*  *\/\n  -webkit-transition: 300ms ease-in-out all;\n  -o-transition: 300ms ease-in-out all;\n  transition: 300ms ease-in-out all;\n}\n\n.ost-list .action::after,\n.ost-list .action::before {\n  content: \"\";\n  position: absolute;\n  left: -1%;\n  top: 0;\n  width: 102%;\n  height: 100%;\n  z-index: -2;\n}\n\n.ost-list .action::before {\n  background-image: -webkit-linear-gradient(135deg, #88bd24, #88bd24 100%);\n  background-image: -o-linear-gradient(135deg, #88bd24, #88bd24 100%);\n  background-image: linear-gradient(-45deg, #88bd24, #88bd24 100%);\n}\n\n.ost-list .action::after {\n  -webkit-transform: scaleX(0);\n  -ms-transform: scaleX(0);\n  transform: scaleX(0);\n  background: #9ac745;\n  z-index: -1;\n}\n\n.no-touchevents .ost-list .ost-job:hover .action::after {\n  -webkit-transform: scaleX(1);\n  -ms-transform: scaleX(1);\n  transform: scaleX(1);\n}\n\n\/* reset css *\/\n\nmain ul li.ost-job {\n  padding-left: 0;\n}\n\n\/* .ost-jobs .ost-job .ost-row, *\/\n.ost-jobs .ost-job .ost-row .ost-column2,\n.ost-jobs .ost-job .ost-row .ost-column3 {\n  padding: 0;\n}\n\n\n\/* .row *\/\n.ost-filter-container.grid-row,\n.ost-jobs .ost-job .ost-row {\n  max-width: 1200px;\n  margin: 0 auto;\n  \/* n\u00f6tig? *\/\n  box-sizing: border-box;\n  display: -webkit-box;\n  display: -ms-flexbox;\n  display: flex;\n  -webkit-box-flex: 0;\n  -ms-flex: 0 1 auto;\n  flex: 0 1 auto;\n  -webkit-box-orient: horizontal;\n  -webkit-box-direction: normal;\n  -ms-flex-direction: row;\n  flex-direction: row;\n  -ms-flex-wrap: wrap;\n  flex-wrap: wrap;\n  width: 100%;\n  \/*  *\/\n  display: block;\n}\n\n\/* row  container*\/\n.ost-jobs .ost-job {\n  padding: 0;\n}\n\n\n.ost-job-teaser {\n  margin-bottom: 2rem !important;\n}\n\n.hide-attributes .ost-job-attributes {\n  display: none;\n}\n\n.ost-filter-container.grid-row,\n.ost-jobs .ost-job .ost-row,\n.ost-jobs .ost-noentry {\n  \/* padding: 2.5em 45px; *\/\n  padding: 2.5em 15px;\n}\n\n@media screen and (max-width: 1600px) {\n  .ost-filter-container.grid-row,\n  .ost-jobs .ost-job .ost-row,\n  .ost-jobs .ost-noentry {\n    \/* padding: 2.5em 45px; *\/\n    \/* padding-left: 30px;\n    padding-right: 30px; *\/\n    padding: 0 30px;\n    margin-top: 2.5em;\n    margin-bottom: 2.5em;\n  }\n\n  .ost-jobs .ost-list-header .ost-list-title {\n    padding: 0 30px;\n  }\n\n} \n\n@media screen and (max-width: 1023px) {\n  .ost-jobs .ost-job .ost-row,\n  .ost-jobs .ost-noentry {\n    \/* padding: 2.5em 15px; *\/\n    padding: 0 15px;\n  }\n\n  .ost-jobs .ost-list-header .ost-list-title {\n    padding: 0 15px;\n  }\n\n  .ost-filter-container.grid-row,\n  .ost-jobs .ost-job .ost-row,\n  .ost-jobs .ost-noentry {\n    margin-top: 1.5em;\n    margin-bottom: 1.5em;\n  }\n}\n\n\n\/* @media screen and (max-width: 1023px) {\n.ost-filter-container.grid-row,\n.ost-jobs .ost-job .ost-row {\n    padding: 0 15px;\n    padding: 2.5em 30px;\n  } \n} *\/\n\n\/* @media screen and  {\n  .ost-jobs .ost-job .ost-row {\n  } \n} *\/\n\n\/* hover *\/\n\n.ost-jobs .ost-job:hover {\n  background: none;\n}\n\n.ost-jobs .ost-job h4 {\n  margin-bottom: 0.25em;\n}\n\n.ost-jobs .ost-job-info {\n  display: none;\n}\n\n.ost-jobs .ost-job li,\n.ost-jobs .ost-job h4 a,\n.ost-jobs .ost-job p {\n  -webkit-transition: 300ms ease-in-out all;\n  -o-transition: 300ms ease-in-out all;\n  transition: 300ms ease-in-out all;\n}\n\n.no-touchevents .ost-jobs .ost-job .ost-row:hover li,\n.no-touchevents .ost-jobs .ost-job .ost-row:hover h4 a,\n.no-touchevents .ost-jobs .ost-job .ost-row:hover p {\n  color: #88bd24;\n}\n\n.ost-jobs .ost-job {\n  cursor: auto;\n}\n\n.ost-jobs .ost-job .ost-row {\n  cursor: pointer;\n}\n\n\/* Filter *\/\n\/* layout flex instead of paddings *\/\n.ost-filter-container.grid-row {\n  display: flex;\n  gap: 10px;\n  padding: 0;\n}\n\n.ost-filter-container.grid-row > .ost-form-field {\n  padding: 0;\n  width: auto;\n}\n\n.ost-filter-form {\n  display: none;\n}\n\n.ost-filter-container.grid-row hr {\n  display: none;\n}\n\n.ost-jobs .pagination.ost-hidden {\n  display: none;\n}<\/style><script>\n              <!-- render all published jobs for a publication place -->\n              document.addEventListener(\"ostendisLoaderReady\", function () {\n                  OSTENDISJOBS.embed(\n                      \"3bydei12tjzhiw5j4mqa85cfj4bjoud2\",    <!-- publication place hash    -->\n                      \"FR\",     <!-- jobpublisher language     -->\n                      \"#ostendisJobs1\",   <!-- css selector of container -->\n                      {filter: false,count: false,\n                        search: false,\n                        sort:   false\n                        \n                      }\n                    );\n                  });\n              <\/script>[\/vc_column][\/vc_row][vc_row][vc_column][vc_column_text]Si tu ne trouves ici aucun poste te correspondant, n\u2019h\u00e9site pas \u00e0 nous adresser une offre spontan\u00e9e. Nous trouverons peut-\u00eatre ensemble ton prochain job de r\u00eave.[\/vc_column_text]<div class=\"wpb_button_column wpb_content_element wpb_content_element--left\"><div class=\"wpb_wrapper\"><div class=\"button button--ghost\"><a href=\"https:\/\/link.ostendis.com\/cvdropper\/b421cccadb394e26a4227baa6252552f\/DE?src=oi3jdubvgd7yow623xe8fktr1a6u8nfdi52dxu2dyuvadl4zvoxbyh7mhsuv7xft\" target=\"_blank\" >Offre spontan\u00e9e<\/a><\/div><\/div><\/div>[\/vc_column][\/vc_row]<\/p>\n<\/div>","protected":false},"excerpt":{"rendered":"<p>[vc_row][vc_column][vc_column_text]Tu as bien fait de visiter cette page. Car ici tu peux cliquer directement sur des jobs passionnants chez Electrosuisse. Plein succ\u00e8s dans tes recherches ![\/vc_column_text][\/vc_column][\/vc_row][vc_row][vc_column][vc_column_text]Si tu ne trouves ici aucun poste te correspondant, n\u2019h\u00e9site pas \u00e0 nous adresser une offre spontan\u00e9e. Nous trouverons peut-\u00eatre ensemble ton prochain job de r\u00eave.[\/vc_column_text][\/vc_column][\/vc_row]<\/p>\n","protected":false},"author":2,"featured_media":0,"parent":28744,"menu_order":24,"comment_status":"closed","ping_status":"closed","template":"","meta":{"_acf_changed":false,"_monsterinsights_skip_tracking":false,"_monsterinsights_sitenote_active":false,"_monsterinsights_sitenote_note":"","_monsterinsights_sitenote_category":0,"footnotes":""},"class_list":["post-26755","page","type-page","status-publish","hentry"],"acf":[],"yoast_head":"<!-- This site is optimized with the Yoast SEO Premium plugin v26.4 (Yoast SEO v27.0) - https:\/\/yoast.com\/product\/yoast-seo-premium-wordpress\/ -->\n<title>Places vacantes pour des jobs passionnants chez Electrosuisse - Electrosuisse<\/title>\n<meta name=\"description\" content=\"Conseiller, responsable de cours, ing\u00e9nieur\u00b7e : si tu ne trouves ici aucun poste te correspondant, n\u2019h\u00e9site pas \u00e0 nous adresser une offre spontan\u00e9e.\" \/>\n<meta name=\"robots\" content=\"index, follow, max-snippet:-1, max-image-preview:large, max-video-preview:-1\" \/>\n<link rel=\"canonical\" href=\"https:\/\/www.electrosuisse.ch\/fr\/carriere\/jobs\/\" \/>\n<meta property=\"og:locale\" content=\"fr_FR\" \/>\n<meta property=\"og:type\" content=\"article\" \/>\n<meta property=\"og:title\" content=\"Places vacantes pour des jobs passionnants chez Electrosuisse - Electrosuisse\" \/>\n<meta property=\"og:description\" content=\"Conseiller, responsable de cours, ing\u00e9nieur\u00b7e : si tu ne trouves ici aucun poste te correspondant, n\u2019h\u00e9site pas \u00e0 nous adresser une offre spontan\u00e9e.\" \/>\n<meta property=\"og:url\" content=\"https:\/\/www.electrosuisse.ch\/fr\/carriere\/jobs\/\" \/>\n<meta property=\"og:site_name\" content=\"Electrosuisse\" \/>\n<meta property=\"article:modified_time\" content=\"2026-03-24T11:56:52+00:00\" \/>\n<meta property=\"og:image\" content=\"https:\/\/www.electrosuisse.ch\/wp-content\/uploads\/2022\/12\/Electrosuisse_Ueber_uns_1578x650.jpg\" \/>\n\t<meta property=\"og:image:width\" content=\"1578\" \/>\n\t<meta property=\"og:image:height\" content=\"650\" \/>\n\t<meta property=\"og:image:type\" content=\"image\/jpeg\" \/>\n<script type=\"application\/ld+json\" class=\"yoast-schema-graph\">{\"@context\":\"https:\/\/schema.org\",\"@graph\":[{\"@type\":\"WebPage\",\"@id\":\"https:\/\/www.electrosuisse.ch\/fr\/carriere\/jobs\/\",\"url\":\"https:\/\/www.electrosuisse.ch\/fr\/carriere\/jobs\/\",\"name\":\"Places vacantes pour des jobs passionnants chez Electrosuisse - Electrosuisse\",\"isPartOf\":{\"@id\":\"https:\/\/www.electrosuisse.ch\/fr\/#website\"},\"datePublished\":\"2022-11-30T07:52:18+00:00\",\"dateModified\":\"2026-03-24T11:56:52+00:00\",\"description\":\"Conseiller, responsable de cours, ing\u00e9nieur\u00b7e : si tu ne trouves ici aucun poste te correspondant, n\u2019h\u00e9site pas \u00e0 nous adresser une offre spontan\u00e9e.\",\"breadcrumb\":{\"@id\":\"https:\/\/www.electrosuisse.ch\/fr\/carriere\/jobs\/#breadcrumb\"},\"inLanguage\":\"fr-FR\",\"potentialAction\":[{\"@type\":\"ReadAction\",\"target\":[\"https:\/\/www.electrosuisse.ch\/fr\/carriere\/jobs\/\"]}]},{\"@type\":\"BreadcrumbList\",\"@id\":\"https:\/\/www.electrosuisse.ch\/fr\/carriere\/jobs\/#breadcrumb\",\"itemListElement\":[{\"@type\":\"ListItem\",\"position\":1,\"name\":\"Carri\u00e8re\",\"item\":\"https:\/\/www.electrosuisse.ch\/fr\/carriere\/\"},{\"@type\":\"ListItem\",\"position\":2,\"name\":\"Jobs\"}]},{\"@type\":\"WebSite\",\"@id\":\"https:\/\/www.electrosuisse.ch\/fr\/#website\",\"url\":\"https:\/\/www.electrosuisse.ch\/fr\/\",\"name\":\"Electrosuisse\",\"description\":\"\",\"publisher\":{\"@id\":\"https:\/\/www.electrosuisse.ch\/fr\/#organization\"},\"potentialAction\":[{\"@type\":\"SearchAction\",\"target\":{\"@type\":\"EntryPoint\",\"urlTemplate\":\"https:\/\/www.electrosuisse.ch\/fr\/?s={search_term_string}\"},\"query-input\":{\"@type\":\"PropertyValueSpecification\",\"valueRequired\":true,\"valueName\":\"search_term_string\"}}],\"inLanguage\":\"fr-FR\"},{\"@type\":\"Organization\",\"@id\":\"https:\/\/www.electrosuisse.ch\/fr\/#organization\",\"name\":\"Electrosuisse\",\"url\":\"https:\/\/www.electrosuisse.ch\/fr\/\",\"logo\":{\"@type\":\"ImageObject\",\"inLanguage\":\"fr-FR\",\"@id\":\"https:\/\/www.electrosuisse.ch\/fr\/#\/schema\/logo\/image\/\",\"url\":\"https:\/\/www.electrosuisse.ch\/wp-content\/uploads\/2025\/04\/Electrosuisse_Logo_696x696.png\",\"contentUrl\":\"https:\/\/www.electrosuisse.ch\/wp-content\/uploads\/2025\/04\/Electrosuisse_Logo_696x696.png\",\"width\":696,\"height\":696,\"caption\":\"Electrosuisse\"},\"image\":{\"@id\":\"https:\/\/www.electrosuisse.ch\/fr\/#\/schema\/logo\/image\/\"},\"sameAs\":[\"https:\/\/www.linkedin.com\/company\/electrosuisse-ag\/posts\/?feedView=all\",\"https:\/\/www.instagram.com\/electrosuisse1889\/\",\"https:\/\/www.youtube.com\/channel\/UCoOxohMiVE0Gjcdis1L09zw\"],\"description\":\"Electrosuisse ist eine anerkannte und unabh\u00e4ngige Fachorganisation, die erstklassige Dienstleistungen und Produkte in den Bereichen Inspektion, Beratung, Pr\u00fcfung, Zertifizierung, Normung und Weiterbildung anbietet. Unsere Expertise umfasst Elektrotechnik, Elektromobilit\u00e4t, Energieberatung, Geb\u00e4udeautomation und Photovoltaik in der Schweiz. Durch die Veranstaltung etablierter Branchen-Events und Fachtagungen f\u00f6rdert Electrosuisse den Wissenstransfer und den fachlichen Austausch. Im Mittelpunkt unserer T\u00e4tigkeiten steht die F\u00f6rderung der sicheren, wirtschaftlichen und umweltgerechten Anwendung der Elektrotechnik.\"}]}<\/script>\n<!-- \/ Yoast SEO Premium plugin. -->","yoast_head_json":{"title":"Places vacantes pour des jobs passionnants chez Electrosuisse - Electrosuisse","description":"Conseiller, responsable de cours, ing\u00e9nieur\u00b7e : si tu ne trouves ici aucun poste te correspondant, n\u2019h\u00e9site pas \u00e0 nous adresser une offre spontan\u00e9e.","robots":{"index":"index","follow":"follow","max-snippet":"max-snippet:-1","max-image-preview":"max-image-preview:large","max-video-preview":"max-video-preview:-1"},"canonical":"https:\/\/www.electrosuisse.ch\/fr\/carriere\/jobs\/","og_locale":"fr_FR","og_type":"article","og_title":"Places vacantes pour des jobs passionnants chez Electrosuisse - Electrosuisse","og_description":"Conseiller, responsable de cours, ing\u00e9nieur\u00b7e : si tu ne trouves ici aucun poste te correspondant, n\u2019h\u00e9site pas \u00e0 nous adresser une offre spontan\u00e9e.","og_url":"https:\/\/www.electrosuisse.ch\/fr\/carriere\/jobs\/","og_site_name":"Electrosuisse","article_modified_time":"2026-03-24T11:56:52+00:00","og_image":[{"width":1578,"height":650,"url":"https:\/\/www.electrosuisse.ch\/wp-content\/uploads\/2022\/12\/Electrosuisse_Ueber_uns_1578x650.jpg","type":"image\/jpeg"}],"schema":{"@context":"https:\/\/schema.org","@graph":[{"@type":"WebPage","@id":"https:\/\/www.electrosuisse.ch\/fr\/carriere\/jobs\/","url":"https:\/\/www.electrosuisse.ch\/fr\/carriere\/jobs\/","name":"Places vacantes pour des jobs passionnants chez Electrosuisse - Electrosuisse","isPartOf":{"@id":"https:\/\/www.electrosuisse.ch\/fr\/#website"},"datePublished":"2022-11-30T07:52:18+00:00","dateModified":"2026-03-24T11:56:52+00:00","description":"Conseiller, responsable de cours, ing\u00e9nieur\u00b7e : si tu ne trouves ici aucun poste te correspondant, n\u2019h\u00e9site pas \u00e0 nous adresser une offre spontan\u00e9e.","breadcrumb":{"@id":"https:\/\/www.electrosuisse.ch\/fr\/carriere\/jobs\/#breadcrumb"},"inLanguage":"fr-FR","potentialAction":[{"@type":"ReadAction","target":["https:\/\/www.electrosuisse.ch\/fr\/carriere\/jobs\/"]}]},{"@type":"BreadcrumbList","@id":"https:\/\/www.electrosuisse.ch\/fr\/carriere\/jobs\/#breadcrumb","itemListElement":[{"@type":"ListItem","position":1,"name":"Carri\u00e8re","item":"https:\/\/www.electrosuisse.ch\/fr\/carriere\/"},{"@type":"ListItem","position":2,"name":"Jobs"}]},{"@type":"WebSite","@id":"https:\/\/www.electrosuisse.ch\/fr\/#website","url":"https:\/\/www.electrosuisse.ch\/fr\/","name":"Electrosuisse","description":"","publisher":{"@id":"https:\/\/www.electrosuisse.ch\/fr\/#organization"},"potentialAction":[{"@type":"SearchAction","target":{"@type":"EntryPoint","urlTemplate":"https:\/\/www.electrosuisse.ch\/fr\/?s={search_term_string}"},"query-input":{"@type":"PropertyValueSpecification","valueRequired":true,"valueName":"search_term_string"}}],"inLanguage":"fr-FR"},{"@type":"Organization","@id":"https:\/\/www.electrosuisse.ch\/fr\/#organization","name":"Electrosuisse","url":"https:\/\/www.electrosuisse.ch\/fr\/","logo":{"@type":"ImageObject","inLanguage":"fr-FR","@id":"https:\/\/www.electrosuisse.ch\/fr\/#\/schema\/logo\/image\/","url":"https:\/\/www.electrosuisse.ch\/wp-content\/uploads\/2025\/04\/Electrosuisse_Logo_696x696.png","contentUrl":"https:\/\/www.electrosuisse.ch\/wp-content\/uploads\/2025\/04\/Electrosuisse_Logo_696x696.png","width":696,"height":696,"caption":"Electrosuisse"},"image":{"@id":"https:\/\/www.electrosuisse.ch\/fr\/#\/schema\/logo\/image\/"},"sameAs":["https:\/\/www.linkedin.com\/company\/electrosuisse-ag\/posts\/?feedView=all","https:\/\/www.instagram.com\/electrosuisse1889\/","https:\/\/www.youtube.com\/channel\/UCoOxohMiVE0Gjcdis1L09zw"],"description":"Electrosuisse ist eine anerkannte und unabh\u00e4ngige Fachorganisation, die erstklassige Dienstleistungen und Produkte in den Bereichen Inspektion, Beratung, Pr\u00fcfung, Zertifizierung, Normung und Weiterbildung anbietet. Unsere Expertise umfasst Elektrotechnik, Elektromobilit\u00e4t, Energieberatung, Geb\u00e4udeautomation und Photovoltaik in der Schweiz. Durch die Veranstaltung etablierter Branchen-Events und Fachtagungen f\u00f6rdert Electrosuisse den Wissenstransfer und den fachlichen Austausch. Im Mittelpunkt unserer T\u00e4tigkeiten steht die F\u00f6rderung der sicheren, wirtschaftlichen und umweltgerechten Anwendung der Elektrotechnik."}]}},"amp_enabled":true,"_links":{"self":[{"href":"https:\/\/www.electrosuisse.ch\/fr\/wp-json\/wp\/v2\/pages\/26755","targetHints":{"allow":["GET"]}}],"collection":[{"href":"https:\/\/www.electrosuisse.ch\/fr\/wp-json\/wp\/v2\/pages"}],"about":[{"href":"https:\/\/www.electrosuisse.ch\/fr\/wp-json\/wp\/v2\/types\/page"}],"author":[{"embeddable":true,"href":"https:\/\/www.electrosuisse.ch\/fr\/wp-json\/wp\/v2\/users\/2"}],"replies":[{"embeddable":true,"href":"https:\/\/www.electrosuisse.ch\/fr\/wp-json\/wp\/v2\/comments?post=26755"}],"version-history":[{"count":8,"href":"https:\/\/www.electrosuisse.ch\/fr\/wp-json\/wp\/v2\/pages\/26755\/revisions"}],"predecessor-version":[{"id":30257,"href":"https:\/\/www.electrosuisse.ch\/fr\/wp-json\/wp\/v2\/pages\/26755\/revisions\/30257"}],"up":[{"embeddable":true,"href":"https:\/\/www.electrosuisse.ch\/fr\/wp-json\/wp\/v2\/pages\/28744"}],"wp:attachment":[{"href":"https:\/\/www.electrosuisse.ch\/fr\/wp-json\/wp\/v2\/media?parent=26755"}],"curies":[{"name":"wp","href":"https:\/\/api.w.org\/{rel}","templated":true}]}}