{"id":23936,"date":"2022-09-22T16:11:45","date_gmt":"2022-09-22T14:11:45","guid":{"rendered":"https:\/\/www.electrosuisse.ch\/?page_id=23936"},"modified":"2025-09-05T14:42:01","modified_gmt":"2025-09-05T12:42:01","slug":"securite-de-lapprovisionnement-energetique","status":"publish","type":"page","link":"https:\/\/www.electrosuisse.ch\/fr\/engineering\/securite-de-lapprovisionnement-energetique\/","title":{"rendered":"S\u00e9curit\u00e9 de l&#8217;approvisionnement \u00e9nerg\u00e9tique"},"content":{"rendered":"<div class=\"wpb-content-wrapper\"><p>[vc_row][vc_column][vc_column_text]Jusqu&#8217;\u00e0 pr\u00e9sent, en Suisse, l&#8217;approvisionnement \u00e9nerg\u00e9tique \u00e9tait caract\u00e9ris\u00e9 par une grande s\u00e9curit\u00e9 d&#8217;approvisionnement. Des analyses de risques nationales ont toutefois montr\u00e9 que la probabilit\u00e9 d&#8217;occurrence d&#8217;une p\u00e9nurie d&#8217;\u00e9lectricit\u00e9 ou d&#8217;autres difficult\u00e9s d&#8217;approvisionnement dues au changement climatique ou \u00e0 des possibilit\u00e9s d&#8217;importation limit\u00e9es est d\u00e9j\u00e0 relativement \u00e9lev\u00e9e.<\/p>\n<p>Le commerce et le transport des mati\u00e8res premi\u00e8res \u00e0 l&#8217;\u00e9chelle mondiale, l&#8217;int\u00e9gration des \u00e9nergies renouvelables, mais aussi les surcharges ou les goulets d&#8217;\u00e9tranglement au niveau du r\u00e9seau peuvent perturber l&#8217;approvisionnement \u00e9nerg\u00e9tique \u00e0 court ou \u00e0 long terme.<\/p>\n<p>Ces \u00e9ventuelles difficult\u00e9s d&#8217;approvisionnement p\u00e8sent sur les entreprises et inqui\u00e8tent les consommateurs. C&#8217;est pourquoi il vaut la peine de se pr\u00e9parer de mani\u00e8re cibl\u00e9e.<\/p>\n<h4>La p\u00e9nurie d&#8217;\u00e9lectricit\u00e9: un d\u00e9fi particulier<\/h4>\n<p>On parle de p\u00e9nurie d&#8217;\u00e9lectricit\u00e9 lorsque plusieurs gros producteurs ne sont pas \u00e0 m\u00eame de fournir de l\u2019\u00e9lectricit\u00e9 et que l\u2019\u00e9nergie vient \u00e0 manquer sur une longue dur\u00e9e. Dans ce cas, OSTRAL \u2013 <a href=\"https:\/\/www.ostral.ch\/fr\" target=\"_blank\" rel=\"noopener\">l&#8217;organisation pour l&#8217;approvisionnement en \u00e9lectricit\u00e9 en cas de crise<\/a> \u2013 intervient, sous la surveillance de la Conf\u00e9d\u00e9ration.<\/p>\n<p>La Conf\u00e9d\u00e9ration ordonne alors des mesures de gestion des ressources qui garantissent l&#8217;\u00e9quilibre entre la production et la consommation \u00e0 un niveau r\u00e9duit. Elle souhaite que ces mesures soient planifi\u00e9es \u00e0 l&#8217;avance chez les gestionnaires de r\u00e9seau et les gros consommateurs, afin de pouvoir les activer rapidement en cas de besoin, et ce, avec des effets pr\u00e9visibles pour toutes les parties concern\u00e9es.<\/p>\n<p>Cette th\u00e9matique concerne tous les secteurs de mani\u00e8re \u00e9gale. En cas de contingentement, les entreprises qui consomment plus de 100\u2019000 kWh par an sont invit\u00e9es \u00e0 r\u00e9duire leur consommation d&#8217;\u00e9lectricit\u00e9 de 10% \u00e0 30% (jusqu\u2019\u00e0 50% au maximum) par rapport \u00e0 la m\u00eame p\u00e9riode de l&#8217;ann\u00e9e pr\u00e9c\u00e9dente.[\/vc_column_text]<div class=\"wpb_image_column wpb_content_element\"><div class=\"wpb_wrapper\"><div class=\"picture_container\"><picture style=\"width: 800px\"><source media=\"(min-width: 769px)\" srcset=\"https:\/\/www.electrosuisse.ch\/wp-content\/uploads\/2022\/09\/Ostral_Grafik_FR-1024x500.jpg\"><source media=\"(min-width: 415px)\" srcset=\"https:\/\/www.electrosuisse.ch\/wp-content\/uploads\/2022\/09\/Ostral_Grafik_FR-768x375.jpg\"><source media=\"(max-width: 414px)\" srcset=\"https:\/\/www.electrosuisse.ch\/wp-content\/uploads\/2022\/09\/Ostral_Grafik_FR-414x202.jpg 1x, https:\/\/www.electrosuisse.ch\/wp-content\/uploads\/2022\/09\/Ostral_Grafik_FR-768x375.jpg 2x\"><img decoding=\"async\" src=\"https:\/\/www.electrosuisse.ch\/wp-content\/uploads\/2022\/09\/Ostral_Grafik_FR-1024x500.jpg\" alt=\"Propre repr\u00e9sentation, d'apr\u00e8s OSTRAL.\" \/><\/picture><\/div><\/div><\/div>[vc_column_text]Propre repr\u00e9sentation, d&#8217;apr\u00e8s OSTRAL.[\/vc_column_text][\/vc_column][\/vc_row][vc_row el_id=&#8221;angebot&#8221;][vc_column][vc_column_text]<\/p>\n<h3>Notre offre: la s\u00e9curit\u00e9 d&#8217;approvisionnement, une chance pour votre entreprise<\/h3>\n<p>Pour pouvoir garantir son propre approvisionnement \u00e9nerg\u00e9tique, il est important de conna\u00eetre sa consommation d&#8217;\u00e9nergie en fonction de sa productivit\u00e9 &#8211; pour cela, il faut de la transparence. Nous analysons la situation actuelle de votre entreprise et \u00e9laborons une strat\u00e9gie pour que vous soyez pr\u00e9par\u00e9s \u00e0 l&#8217;avenir et que vous puissiez r\u00e9pondre aux exigences d&#8217;OSTRAL. Dans un second temps, nous vous soutenons lors de la mise en \u0153uvre technique et vous proposons notre assistance. Des plans d&#8217;urgence et des instructions pour les situations de crise telles que les coupures ou les pannes de r\u00e9seau garantissent \u00e9galement clart\u00e9 et s\u00e9curit\u00e9 pendant l\u2019exploitation.<\/p>\n<p>L&#8217;organisation sp\u00e9cialis\u00e9e Electrosuisse est constitu\u00e9e d&#8217;\u00e9quipes r\u00e9gionales interdisciplinaires qui travaillent en r\u00e9seau aux niveaux national et international, et dispose d&#8217;une exp\u00e9rience de longue date avec tout ce qui a trait aux entreprises industrielles et d&#8217;approvisionnement en \u00e9nergie. Gr\u00e2ce \u00e0 son solide savoir-faire technique combin\u00e9 \u00e0 des outils de pointe, l&#8217;\u00e9quipe d&#8217;Electrosuisse \u00e9labore des simulations de syst\u00e8mes en temps r\u00e9el en utilisant des donn\u00e9es de processus r\u00e9elles issues d&#8217;analyses et de mesures. Les syst\u00e8mes peuvent ainsi \u00eatre am\u00e9lior\u00e9s de mani\u00e8re significative en termes de chaleur et d&#8217;\u00e9lectricit\u00e9 mais aussi de disponibilit\u00e9 des processus et de co\u00fbts. L&#8217;\u00e9quipe Engineering d&#8217;Electrosuisse a d\u00e9j\u00e0 pu \u00e9valuer des mesures, exploiter des potentiels et \u00e9laborer des strat\u00e9gies de mise en \u0153uvre chez les clients les plus divers et les pr\u00e9parer ainsi activement aux situations de crises \u00e9nerg\u00e9tiques.<\/p>\n<p>Un plan soigneusement \u00e9labor\u00e9 vous permet non seulement d&#8217;\u00e9conomiser de l&#8217;argent, de r\u00e9duire les risques et d&#8217;assurer une plus grande efficacit\u00e9 lors de l&#8217;exploitation quotidienne, mais aussi d&#8217;\u00eatre pr\u00e9par\u00e9s de mani\u00e8re optimale en cas de crise. La vue d&#8217;ensemble des installations importantes du point de vue \u00e9nerg\u00e9tique permet en outre de profiter de multiples opportunit\u00e9s d&#8217;optimiser davantage la production. Nous conseillons volontiers les gros consommateurs ainsi que les entreprises d&#8217;approvisionnement en \u00e9nergie pour les aider \u00e0 faire face aux nouveaux d\u00e9fis.[\/vc_column_text][\/vc_column][\/vc_row][vc_row el_id=&#8221;kontakt&#8221;][vc_column][vc_column_text]<\/p>\n<h1>Contact<\/h1>\n<p>[\/vc_column_text]<div class=\"wpb_contact_column wpb_content_element wpb_contact_column--container\"><div class=\"wpb_wrapper\"><div class=\"contact_container_outer\"><div class=\"contact_container\"><div class=\"contact row middle-xs\"><div class=\"contact__img col-sm-5 col-xs-12\"><img decoding=\"async\" src=\"https:\/\/www.electrosuisse.ch\/wp-content\/uploads\/2024\/08\/StefanBaer_302x302.png\" alt=\"Stefan B\u00e4r - Chef d'\u00e9quipe Ing\u00e9nierie Est\" \/><\/div><div class=\"contact__info col-sm-7 col-xs-12\"><p><b>Stefan B\u00e4r<\/b><br>Chef d'\u00e9quipe Ing\u00e9nierie Est<\/p><div class=\"phone has-link\"><a href=\"tel:+41585951571\">+41 58 595 15 71<\/a><\/div><div class=\"mail has-link\"><a href=\"mailto:&#115;&#x74;e&#102;&#x61;&#110;&#x2e;b&#97;&#x65;r&#x40;&#x65;&#108;&#x65;c&#116;&#x72;o&#x73;&#x75;&#105;&#x73;s&#101;&#x2e;&#99;&#x68;\">&#x73;&#116;e&#x66;&#97;n&#x2e;&#x62;&#97;&#x65;&#x72;&#64;e&#x6c;&#101;c&#x74;&#x72;&#111;&#x73;&#x75;&#105;s&#x73;&#101;&#46;&#x63;&#x68;<\/a><\/div><\/div><\/div><\/div><\/div><div class=\"contact_container_outer\"><div class=\"contact_container\"><div class=\"contact row middle-xs\"><div class=\"contact__img col-sm-5 col-xs-12\"><img decoding=\"async\" src=\"https:\/\/www.electrosuisse.ch\/wp-content\/uploads\/2025\/09\/Felix-Bigler_320x320.png\" alt=\"Felix Bigler - Chef d'\u00e9quipe Ing\u00e9nierie Ouest\" \/><\/div><div class=\"contact__info col-sm-7 col-xs-12\"><p><b>Felix Bigler<\/b><br>Chef d'\u00e9quipe Ing\u00e9nierie Ouest<\/p><div class=\"phone has-link\"><a href=\"tel:+41585951575\">+41 58 595 15 75<\/a><\/div><div class=\"mail has-link\"><a href=\"mailto:&#x66;e&#x6c;&#105;&#x78;&#46;b&#x69;&#103;&#x6c;&#101;r&#x40;&#101;&#x6c;&#101;c&#x74;r&#x6f;&#115;&#x75;&#x69;s&#x73;&#101;&#x2e;&#99;h\">&#x66;e&#x6c;&#105;&#x78;&#x2e;b&#x69;&#103;&#x6c;&#x65;r&#x40;&#101;&#x6c;&#x65;c&#x74;&#114;&#x6f;&#x73;u&#x69;&#115;&#x73;&#x65;&#46;&#x63;&#104;<\/a><\/div><\/div><\/div><\/div><\/div><div class=\"contact_container_outer\"><div class=\"contact_container\"><div class=\"contact row middle-xs\"><div class=\"contact__img col-sm-5 col-xs-12\"><img decoding=\"async\" src=\"\/wp-content\/themes\/SCHMUCKI_child\/img\/contact_placeholder.jpg\" alt=\"Conseil, Contr\u00f4les et Ing\u00e9nierie\" \/><\/div><div class=\"contact__info col-sm-7 col-xs-12\"><p><b>Conseil, Contr\u00f4les et Ing\u00e9nierie<\/b><br>Service de Bureau<\/p><div class=\"phone has-link\"><a href=\"tel:+41585951199\">+41 58 595 11 99<\/a><\/div><div class=\"mail has-link\"><a href=\"mailto:&#98;e&#x72;a&#x74;u&#x6e;g&#x40;e&#x6c;e&#x63;&#116;&#x72;&#111;&#x73;&#117;&#x69;&#115;&#x73;&#101;&#x2e;&#99;&#x68;\">&#x62;&#101;&#x72;&#x61;&#116;&#x75;&#x6e;&#103;&#x40;&#x65;&#108;&#x65;&#x63;t&#x72;&#x6f;s&#x75;&#105;s&#x73;&#101;&#46;&#x63;&#104;<\/a><\/div><\/div><\/div><\/div><\/div><\/div><\/div>[\/vc_column][\/vc_row]<\/p>\n<\/div>","protected":false},"excerpt":{"rendered":"<p>[vc_row][vc_column][vc_column_text]Jusqu&#8217;\u00e0 pr\u00e9sent, en Suisse, l&#8217;approvisionnement \u00e9nerg\u00e9tique \u00e9tait caract\u00e9ris\u00e9 par une grande s\u00e9curit\u00e9 d&#8217;approvisionnement. Des analyses de risques nationales ont toutefois montr\u00e9 que la probabilit\u00e9 d&#8217;occurrence d&#8217;une p\u00e9nurie d&#8217;\u00e9lectricit\u00e9 ou d&#8217;autres difficult\u00e9s d&#8217;approvisionnement dues au changement climatique ou \u00e0 des possibilit\u00e9s d&#8217;importation limit\u00e9es est d\u00e9j\u00e0 relativement \u00e9lev\u00e9e. Le commerce et le transport des mati\u00e8res premi\u00e8res \u00e0 [&hellip;]<\/p>\n","protected":false},"author":6,"featured_media":0,"parent":4116,"menu_order":213,"comment_status":"closed","ping_status":"closed","template":"","meta":{"_acf_changed":false,"_monsterinsights_skip_tracking":false,"_monsterinsights_sitenote_active":false,"_monsterinsights_sitenote_note":"","_monsterinsights_sitenote_category":0,"footnotes":""},"class_list":["post-23936","page","type-page","status-publish","hentry"],"acf":[],"yoast_head":"<!-- This site is optimized with the Yoast SEO Premium plugin v26.4 (Yoast SEO v27.0) - https:\/\/yoast.com\/product\/yoast-seo-premium-wordpress\/ -->\n<title>Optimisation de l\u2019alimentation OSTRAL avec Electrosuisse<\/title>\n<meta name=\"description\" content=\"En cas de p\u00e9nurie d&#039;\u00e9lectricit\u00e9, OSTRAL entrera en vigueur \u00e0 l&#039;avenir \u2013 en cons\u00e9quence, Electrosuisse vous aide \u00e0 pr\u00e9parer votre approvisionnement en \u00e9nergie.\" \/>\n<meta name=\"robots\" content=\"index, follow, max-snippet:-1, max-image-preview:large, max-video-preview:-1\" \/>\n<link rel=\"canonical\" href=\"https:\/\/www.electrosuisse.ch\/fr\/engineering\/securite-de-lapprovisionnement-energetique\/\" \/>\n<meta property=\"og:locale\" content=\"fr_FR\" \/>\n<meta property=\"og:type\" content=\"article\" \/>\n<meta property=\"og:title\" content=\"Optimisation de l\u2019alimentation OSTRAL avec Electrosuisse\" \/>\n<meta property=\"og:description\" content=\"En cas de p\u00e9nurie d&#039;\u00e9lectricit\u00e9, OSTRAL entrera en vigueur \u00e0 l&#039;avenir \u2013 en cons\u00e9quence, Electrosuisse vous aide \u00e0 pr\u00e9parer votre approvisionnement en \u00e9nergie.\" \/>\n<meta property=\"og:url\" content=\"https:\/\/www.electrosuisse.ch\/fr\/engineering\/securite-de-lapprovisionnement-energetique\/\" \/>\n<meta property=\"og:site_name\" content=\"Electrosuisse\" \/>\n<meta property=\"article:modified_time\" content=\"2025-09-05T12:42:01+00:00\" \/>\n<meta property=\"og:image\" content=\"https:\/\/www.electrosuisse.ch\/wp-content\/uploads\/2022\/09\/Electrosuisse_Energienutzungskonzept_iStock-491842814-1-1660x1107-1.jpg\" \/>\n\t<meta property=\"og:image:width\" content=\"1578\" \/>\n\t<meta property=\"og:image:height\" content=\"650\" \/>\n\t<meta property=\"og:image:type\" content=\"image\/jpeg\" \/>\n<script type=\"application\/ld+json\" class=\"yoast-schema-graph\">{\"@context\":\"https:\/\/schema.org\",\"@graph\":[{\"@type\":\"WebPage\",\"@id\":\"https:\/\/www.electrosuisse.ch\/fr\/engineering\/securite-de-lapprovisionnement-energetique\/\",\"url\":\"https:\/\/www.electrosuisse.ch\/fr\/engineering\/securite-de-lapprovisionnement-energetique\/\",\"name\":\"Optimisation de l\u2019alimentation OSTRAL avec Electrosuisse\",\"isPartOf\":{\"@id\":\"https:\/\/www.electrosuisse.ch\/fr\/#website\"},\"datePublished\":\"2022-09-22T14:11:45+00:00\",\"dateModified\":\"2025-09-05T12:42:01+00:00\",\"description\":\"En cas de p\u00e9nurie d'\u00e9lectricit\u00e9, OSTRAL entrera en vigueur \u00e0 l'avenir \u2013 en cons\u00e9quence, Electrosuisse vous aide \u00e0 pr\u00e9parer votre approvisionnement en \u00e9nergie.\",\"breadcrumb\":{\"@id\":\"https:\/\/www.electrosuisse.ch\/fr\/engineering\/securite-de-lapprovisionnement-energetique\/#breadcrumb\"},\"inLanguage\":\"fr-FR\",\"potentialAction\":[{\"@type\":\"ReadAction\",\"target\":[\"https:\/\/www.electrosuisse.ch\/fr\/engineering\/securite-de-lapprovisionnement-energetique\/\"]}]},{\"@type\":\"BreadcrumbList\",\"@id\":\"https:\/\/www.electrosuisse.ch\/fr\/engineering\/securite-de-lapprovisionnement-energetique\/#breadcrumb\",\"itemListElement\":[{\"@type\":\"ListItem\",\"position\":1,\"name\":\"Engineering\",\"item\":\"https:\/\/www.electrosuisse.ch\/fr\/engineering\/\"},{\"@type\":\"ListItem\",\"position\":2,\"name\":\"S\u00e9curit\u00e9 de l&#8217;approvisionnement \u00e9nerg\u00e9tique\"}]},{\"@type\":\"WebSite\",\"@id\":\"https:\/\/www.electrosuisse.ch\/fr\/#website\",\"url\":\"https:\/\/www.electrosuisse.ch\/fr\/\",\"name\":\"Electrosuisse\",\"description\":\"\",\"publisher\":{\"@id\":\"https:\/\/www.electrosuisse.ch\/fr\/#organization\"},\"potentialAction\":[{\"@type\":\"SearchAction\",\"target\":{\"@type\":\"EntryPoint\",\"urlTemplate\":\"https:\/\/www.electrosuisse.ch\/fr\/?s={search_term_string}\"},\"query-input\":{\"@type\":\"PropertyValueSpecification\",\"valueRequired\":true,\"valueName\":\"search_term_string\"}}],\"inLanguage\":\"fr-FR\"},{\"@type\":\"Organization\",\"@id\":\"https:\/\/www.electrosuisse.ch\/fr\/#organization\",\"name\":\"Electrosuisse\",\"url\":\"https:\/\/www.electrosuisse.ch\/fr\/\",\"logo\":{\"@type\":\"ImageObject\",\"inLanguage\":\"fr-FR\",\"@id\":\"https:\/\/www.electrosuisse.ch\/fr\/#\/schema\/logo\/image\/\",\"url\":\"https:\/\/www.electrosuisse.ch\/wp-content\/uploads\/2025\/04\/Electrosuisse_Logo_696x696.png\",\"contentUrl\":\"https:\/\/www.electrosuisse.ch\/wp-content\/uploads\/2025\/04\/Electrosuisse_Logo_696x696.png\",\"width\":696,\"height\":696,\"caption\":\"Electrosuisse\"},\"image\":{\"@id\":\"https:\/\/www.electrosuisse.ch\/fr\/#\/schema\/logo\/image\/\"},\"sameAs\":[\"https:\/\/www.linkedin.com\/company\/electrosuisse-ag\/posts\/?feedView=all\",\"https:\/\/www.instagram.com\/electrosuisse1889\/\",\"https:\/\/www.youtube.com\/channel\/UCoOxohMiVE0Gjcdis1L09zw\"],\"description\":\"Electrosuisse ist eine anerkannte und unabh\u00e4ngige Fachorganisation, die erstklassige Dienstleistungen und Produkte in den Bereichen Inspektion, Beratung, Pr\u00fcfung, Zertifizierung, Normung und Weiterbildung anbietet. Unsere Expertise umfasst Elektrotechnik, Elektromobilit\u00e4t, Energieberatung, Geb\u00e4udeautomation und Photovoltaik in der Schweiz. Durch die Veranstaltung etablierter Branchen-Events und Fachtagungen f\u00f6rdert Electrosuisse den Wissenstransfer und den fachlichen Austausch. Im Mittelpunkt unserer T\u00e4tigkeiten steht die F\u00f6rderung der sicheren, wirtschaftlichen und umweltgerechten Anwendung der Elektrotechnik.\"}]}<\/script>\n<!-- \/ Yoast SEO Premium plugin. -->","yoast_head_json":{"title":"Optimisation de l\u2019alimentation OSTRAL avec Electrosuisse","description":"En cas de p\u00e9nurie d'\u00e9lectricit\u00e9, OSTRAL entrera en vigueur \u00e0 l'avenir \u2013 en cons\u00e9quence, Electrosuisse vous aide \u00e0 pr\u00e9parer votre approvisionnement en \u00e9nergie.","robots":{"index":"index","follow":"follow","max-snippet":"max-snippet:-1","max-image-preview":"max-image-preview:large","max-video-preview":"max-video-preview:-1"},"canonical":"https:\/\/www.electrosuisse.ch\/fr\/engineering\/securite-de-lapprovisionnement-energetique\/","og_locale":"fr_FR","og_type":"article","og_title":"Optimisation de l\u2019alimentation OSTRAL avec Electrosuisse","og_description":"En cas de p\u00e9nurie d'\u00e9lectricit\u00e9, OSTRAL entrera en vigueur \u00e0 l'avenir \u2013 en cons\u00e9quence, Electrosuisse vous aide \u00e0 pr\u00e9parer votre approvisionnement en \u00e9nergie.","og_url":"https:\/\/www.electrosuisse.ch\/fr\/engineering\/securite-de-lapprovisionnement-energetique\/","og_site_name":"Electrosuisse","article_modified_time":"2025-09-05T12:42:01+00:00","og_image":[{"width":1578,"height":650,"url":"https:\/\/www.electrosuisse.ch\/wp-content\/uploads\/2022\/09\/Electrosuisse_Energienutzungskonzept_iStock-491842814-1-1660x1107-1.jpg","type":"image\/jpeg"}],"schema":{"@context":"https:\/\/schema.org","@graph":[{"@type":"WebPage","@id":"https:\/\/www.electrosuisse.ch\/fr\/engineering\/securite-de-lapprovisionnement-energetique\/","url":"https:\/\/www.electrosuisse.ch\/fr\/engineering\/securite-de-lapprovisionnement-energetique\/","name":"Optimisation de l\u2019alimentation OSTRAL avec Electrosuisse","isPartOf":{"@id":"https:\/\/www.electrosuisse.ch\/fr\/#website"},"datePublished":"2022-09-22T14:11:45+00:00","dateModified":"2025-09-05T12:42:01+00:00","description":"En cas de p\u00e9nurie d'\u00e9lectricit\u00e9, OSTRAL entrera en vigueur \u00e0 l'avenir \u2013 en cons\u00e9quence, Electrosuisse vous aide \u00e0 pr\u00e9parer votre approvisionnement en \u00e9nergie.","breadcrumb":{"@id":"https:\/\/www.electrosuisse.ch\/fr\/engineering\/securite-de-lapprovisionnement-energetique\/#breadcrumb"},"inLanguage":"fr-FR","potentialAction":[{"@type":"ReadAction","target":["https:\/\/www.electrosuisse.ch\/fr\/engineering\/securite-de-lapprovisionnement-energetique\/"]}]},{"@type":"BreadcrumbList","@id":"https:\/\/www.electrosuisse.ch\/fr\/engineering\/securite-de-lapprovisionnement-energetique\/#breadcrumb","itemListElement":[{"@type":"ListItem","position":1,"name":"Engineering","item":"https:\/\/www.electrosuisse.ch\/fr\/engineering\/"},{"@type":"ListItem","position":2,"name":"S\u00e9curit\u00e9 de l&#8217;approvisionnement \u00e9nerg\u00e9tique"}]},{"@type":"WebSite","@id":"https:\/\/www.electrosuisse.ch\/fr\/#website","url":"https:\/\/www.electrosuisse.ch\/fr\/","name":"Electrosuisse","description":"","publisher":{"@id":"https:\/\/www.electrosuisse.ch\/fr\/#organization"},"potentialAction":[{"@type":"SearchAction","target":{"@type":"EntryPoint","urlTemplate":"https:\/\/www.electrosuisse.ch\/fr\/?s={search_term_string}"},"query-input":{"@type":"PropertyValueSpecification","valueRequired":true,"valueName":"search_term_string"}}],"inLanguage":"fr-FR"},{"@type":"Organization","@id":"https:\/\/www.electrosuisse.ch\/fr\/#organization","name":"Electrosuisse","url":"https:\/\/www.electrosuisse.ch\/fr\/","logo":{"@type":"ImageObject","inLanguage":"fr-FR","@id":"https:\/\/www.electrosuisse.ch\/fr\/#\/schema\/logo\/image\/","url":"https:\/\/www.electrosuisse.ch\/wp-content\/uploads\/2025\/04\/Electrosuisse_Logo_696x696.png","contentUrl":"https:\/\/www.electrosuisse.ch\/wp-content\/uploads\/2025\/04\/Electrosuisse_Logo_696x696.png","width":696,"height":696,"caption":"Electrosuisse"},"image":{"@id":"https:\/\/www.electrosuisse.ch\/fr\/#\/schema\/logo\/image\/"},"sameAs":["https:\/\/www.linkedin.com\/company\/electrosuisse-ag\/posts\/?feedView=all","https:\/\/www.instagram.com\/electrosuisse1889\/","https:\/\/www.youtube.com\/channel\/UCoOxohMiVE0Gjcdis1L09zw"],"description":"Electrosuisse ist eine anerkannte und unabh\u00e4ngige Fachorganisation, die erstklassige Dienstleistungen und Produkte in den Bereichen Inspektion, Beratung, Pr\u00fcfung, Zertifizierung, Normung und Weiterbildung anbietet. Unsere Expertise umfasst Elektrotechnik, Elektromobilit\u00e4t, Energieberatung, Geb\u00e4udeautomation und Photovoltaik in der Schweiz. Durch die Veranstaltung etablierter Branchen-Events und Fachtagungen f\u00f6rdert Electrosuisse den Wissenstransfer und den fachlichen Austausch. Im Mittelpunkt unserer T\u00e4tigkeiten steht die F\u00f6rderung der sicheren, wirtschaftlichen und umweltgerechten Anwendung der Elektrotechnik."}]}},"amp_enabled":true,"_links":{"self":[{"href":"https:\/\/www.electrosuisse.ch\/fr\/wp-json\/wp\/v2\/pages\/23936","targetHints":{"allow":["GET"]}}],"collection":[{"href":"https:\/\/www.electrosuisse.ch\/fr\/wp-json\/wp\/v2\/pages"}],"about":[{"href":"https:\/\/www.electrosuisse.ch\/fr\/wp-json\/wp\/v2\/types\/page"}],"author":[{"embeddable":true,"href":"https:\/\/www.electrosuisse.ch\/fr\/wp-json\/wp\/v2\/users\/6"}],"replies":[{"embeddable":true,"href":"https:\/\/www.electrosuisse.ch\/fr\/wp-json\/wp\/v2\/comments?post=23936"}],"version-history":[{"count":16,"href":"https:\/\/www.electrosuisse.ch\/fr\/wp-json\/wp\/v2\/pages\/23936\/revisions"}],"predecessor-version":[{"id":39930,"href":"https:\/\/www.electrosuisse.ch\/fr\/wp-json\/wp\/v2\/pages\/23936\/revisions\/39930"}],"up":[{"embeddable":true,"href":"https:\/\/www.electrosuisse.ch\/fr\/wp-json\/wp\/v2\/pages\/4116"}],"wp:attachment":[{"href":"https:\/\/www.electrosuisse.ch\/fr\/wp-json\/wp\/v2\/media?parent=23936"}],"curies":[{"name":"wp","href":"https:\/\/api.w.org\/{rel}","templated":true}]}}