{"id":22115,"date":"2022-04-06T09:06:14","date_gmt":"2022-04-06T07:06:14","guid":{"rendered":"https:\/\/www.electrosuisse.ch\/?page_id=22115"},"modified":"2026-03-18T14:05:33","modified_gmt":"2026-03-18T13:05:33","slug":"controles","status":"publish","type":"page","link":"https:\/\/www.electrosuisse.ch\/fr\/controles\/","title":{"rendered":"Contr\u00f4les"},"content":{"rendered":"<div class=\"wpb-content-wrapper\"><p>[vc_row][vc_column][vc_column_text]Au sein de l\u2019organisation professionnelle Electrosuisse, les experts du d\u00e9partement Inspection sont charg\u00e9s d\u2019assurer la s\u00e9curit\u00e9 des installations \u00e9lectriques. En tant qu\u2019organisme neutre et ind\u00e9pendant, nous r\u00e9alisons des inspections de s\u00e9curit\u00e9 avec notre personnel intervenant dans toute la Suisse et nous r\u00e9pondons aux questions techniques dans toutes les langues nationales.<\/p>\n<h3>Rentabilit\u00e9 et s\u00e9curit\u00e9<\/h3>\n<p>Nos collaborateurs exp\u00e9riment\u00e9s vous conseillent sur vos sites en mati\u00e8re de s\u00e9curit\u00e9 d\u2019exploitation sur vos installations \u00e9lectriques. Les contr\u00f4les p\u00e9riodiques et, dans le cas de nouvelles installations, les contr\u00f4les de r\u00e9ception nous permettent de garantir la qualit\u00e9 des installations \u00e9lectriques. Ainsi, nous assurons la s\u00e9curit\u00e9 de votre exploitation et nous veillons \u00e0 ce que vous obteniez ce que vous avez command\u00e9 \u00e0 vos fournisseurs. Dans le cas de questions plus complexes, notre d\u00e9partement Ing\u00e9nierie apporte son soutien et \u00e9tablit notamment des concepts de s\u00e9curit\u00e9 appropri\u00e9s.<\/p>\n<h3>Conformit\u00e9 et efficacit\u00e9<\/h3>\n<p>En tant qu\u2019organisme d\u2019inspection accr\u00e9dit\u00e9 et fort d\u2019une exp\u00e9rience centenaire, nous sommes \u00e9galement en mesure de d\u00e9finir l\u2019\u00e9tat de s\u00e9curit\u00e9 des installations dans le secteur de l\u2019industrie et de l\u2019infrastructure critique. Nous d\u00e9tectons \u00e9galement les diff\u00e9rents potentiels d\u2019optimisation et nous \u00e9tablissons les rapports de s\u00e9curit\u00e9 n\u00e9cessaires.<\/p>\n<h3>Durabilit\u00e9 et orientation vers l\u2019avenir<\/h3>\n<p>Nous sommes des auditeurs accr\u00e9dit\u00e9s et nous certifions notamment l\u2019origine \u00e9cologique des \u00e9nergies renouvelables. Les plans de mesures applicables pour la r\u00e9duction de l\u2019utilisation des ressources nous permettent d\u2019apporter une contribution importante \u00e0 la transition \u00e9nerg\u00e9tique.[\/vc_column_text][\/vc_column][\/vc_row][vc_row el_id=&#8221;sicher&#8221;][vc_column][vc_column_text]<\/p>\n<h2>Nos connaissances pour votre s\u00e9curit\u00e9<\/h2>\n<p>[\/vc_column_text]<div class=\"wpb_process_column wpb_content_element\"><div class=\"wpb_wrapper\"><div class=\"process_container\"><div class=\"process\"><div class=\"process__symbol process__symbol--round\"><\/div><div class=\"process__content\"><h4>Protection efficace contre la foudre<\/h4><p>Prenez les bonnes mesures pour vos b\u00e2timents, nous vous y aiderons.<\/p>\n<\/div><\/div><div class=\"process\"><div class=\"process__symbol process__symbol--round\"><\/div><div class=\"process__content\"><h4>D\u00e9tecter les points faibles tra\u00eetres<\/h4><p>Pour l&#8217;analyse de l&#8217;\u00e9tat de votre installation, nous disposons de sp\u00e9cialistes av\u00e9r\u00e9s de l\u2019\u00e9lectrothermographie.<\/p>\n<\/div><\/div><div class=\"process\"><div class=\"process__symbol process__symbol--round\"><\/div><div class=\"process__content\"><h4>S\u00e9curit\u00e9 des ensembles d\u2019appareillage<\/h4><p>Nous vous soutenons avec nos services pour la s\u00e9curit\u00e9 du personnel et des installations.<\/p>\n<\/div><\/div><div class=\"process\"><div class=\"process__symbol process__symbol--round\"><\/div><div class=\"process__content\"><h4>Travailler de mani\u00e8re s\u00fbre et organis\u00e9e<\/h4><p>Avec un concept de s\u00e9curit\u00e9, vous d\u00e9finissez les responsabilit\u00e9s au sein de l&#8217;entreprise et encouragez une utilisation attentive des installations \u00e9lectriques. Nous vous aidons \u00e0 l&#8217;\u00e9laborer et \u00e0 le mettre en \u0153uvre.<\/p>\n<\/div><\/div><div class=\"process\"><div class=\"process__symbol process__symbol--round\"><\/div><div class=\"process__content\"><h4>S\u00e9curit\u00e9 sur les routes nationales et dans les tunnels ferroviaires<\/h4><p>Nous assurons la s\u00e9curit\u00e9 sur les routes nationales et dans les tunnels ferroviaires gr\u00e2ce \u00e0 des tests de produits, des contr\u00f4les de qualit\u00e9, des contr\u00f4les de r\u00e9ception et des concepts de s\u00e9curit\u00e9.<\/p>\n<\/div><\/div>\n<\/div><\/div><\/div>[\/vc_column][\/vc_row][vc_row el_id=&#8221;rleiter&#8221;][vc_column][vc_column_text]<\/p>\n<h2>Vos interlocuteurs \u00e0 votre service<\/h2>\n<p>[\/vc_column_text][vc_column_text]Forte de sa centaine de sp\u00e9cialistes exp\u00e9riment\u00e9s, Electrosuisse dispose d\u2019un savoir-faire des plus solides dans le domaine de la s\u00e9curit\u00e9 et de la disponibilit\u00e9 \u00e9lectriques. N\u2019h\u00e9sitez pas \u00e0 nous contacter![\/vc_column_text]<div class=\"wpb_people_column wpb_content_element\"><div class=\"wpb_wrapper\"><div class=\"people_container\"><h3>Nos directeurs r\u00e9gionaux<\/h3><div class=\"row\"><div class=\"people col-sm-6 col-md-4\"><div class=\"people__img\"><img decoding=\"async\" src=\"https:\/\/www.electrosuisse.ch\/wp-content\/uploads\/2024\/08\/DominicKuhn_320x320.png\" alt=\"Dominic Kuhn\" \/><\/div><div class=\"people__info contact__info\"><p><b>Dominic Kuhn<\/b><br>Responsable de r\u00e9gion Berne\/Soleure\/Freiburg<\/p><div class=\"mail has-link\"><a href=\"mailto:&#100;o&#x6d;i&#x6e;i&#x63;&#46;&#x6b;&#117;&#x68;&#110;&#64;&#x65;l&#x65;c&#x74;&#114;&#x6f;&#115;&#x75;&#105;&#x73;&#115;e&#x2e;c&#x68;\">&#100;o&#x6d;i&#x6e;i&#x63;&#46;&#x6b;&#117;&#x68;&#110;&#64;&#x65;l&#x65;c&#x74;&#114;&#x6f;&#115;&#x75;&#105;&#x73;&#115;e&#x2e;c&#x68;<\/span><\/a><\/div><\/div><\/div><div class=\"people col-sm-6 col-md-4\"><div class=\"people__img\"><img decoding=\"async\" src=\"https:\/\/www.electrosuisse.ch\/wp-content\/uploads\/2023\/12\/ReinerBoettcher_320x320.jpg\" alt=\"Reiner B\u00f6ttcher\" \/><\/div><div class=\"people__info contact__info\"><p><b>Reiner B\u00f6ttcher<\/b><br>Responsable de r\u00e9gion Nord-Ouest<\/p><div class=\"mail has-link\"><a href=\"mailto:rei&#110;&#101;&#114;&#46;&#x62;&#x6f;&#x65;&#x74;&#x74;&#x63;&#x68;er&#64;&#101;&#108;&#101;&#99;&#116;&#x72;&#x6f;&#x73;&#x75;&#x69;&#x73;se&#46;c&#104;\">rei&#110;&#101;&#114;&#46;&#x62;&#x6f;&#x65;&#x74;&#x74;&#x63;&#x68;er&#64;&#101;&#108;&#101;&#99;&#116;&#x72;&#x6f;&#x73;&#x75;&#x69;&#x73;se&#46;c&#104;<\/span><\/a><\/div><\/div><\/div><div class=\"people col-sm-6 col-md-4\"><div class=\"people__img\"><img decoding=\"async\" src=\"https:\/\/www.electrosuisse.ch\/wp-content\/uploads\/2021\/09\/VanonciniAngelo_320x320.jpg\" alt=\"Angelo Vanoncini\" \/><\/div><div class=\"people__info contact__info\"><p><b>Angelo Vanoncini<\/b><br>Responsable de r\u00e9gion Ticino<\/p><div class=\"mail has-link\"><a href=\"mailto:&#x61;&#x6e;&#103;e&#x6c;&#x6f;&#46;&#118;a&#x6e;&#x6f;&#110;&#99;i&#x6e;&#x69;&#64;el&#x65;&#x63;&#116;r&#x6f;&#x73;&#117;&#105;s&#x73;&#x65;&#46;&#99;h\">&#x61;&#x6e;&#103;e&#x6c;&#x6f;&#46;&#118;a&#x6e;&#x6f;&#110;&#99;i&#x6e;&#x69;&#64;el&#x65;&#x63;&#116;r&#x6f;&#x73;&#117;&#105;s&#x73;&#x65;&#46;&#99;h<\/span><\/a><\/div><\/div><\/div><div class=\"people col-sm-6 col-md-4\"><div class=\"people__img\"><img decoding=\"async\" src=\"https:\/\/www.electrosuisse.ch\/wp-content\/uploads\/2022\/04\/BramatoRene_320x320.jpg\" alt=\"Ren\u00e9 Bramato\" \/><\/div><div class=\"people__info contact__info\"><p><b>Ren\u00e9 Bramato<\/b><br>Responsable de r\u00e9gion Argovie<\/p><div class=\"mail has-link\"><a href=\"mailto:&#x72;&#x65;&#110;e&#46;&#x62;&#x72;&#97;&#109;a&#x74;&#x6f;&#64;&#101;l&#x65;&#x63;&#x74;&#114;os&#x75;&#x69;&#115;&#115;e&#x2e;&#x63;&#104;\">&#x72;&#x65;&#110;e&#46;&#x62;&#x72;&#97;&#109;a&#x74;&#x6f;&#64;&#101;l&#x65;&#x63;&#x74;&#114;os&#x75;&#x69;&#115;&#115;e&#x2e;&#x63;&#104;<\/span><\/a><\/div><\/div><\/div><div class=\"people col-sm-6 col-md-4\"><div class=\"people__img\"><img decoding=\"async\" src=\"https:\/\/www.electrosuisse.ch\/wp-content\/uploads\/2021\/10\/BraunschweilerSimon_320x320-1.jpg\" alt=\"Simon Braunschweiler\" \/><\/div><div class=\"people__info contact__info\"><p><b>Simon Braunschweiler<\/b><br>Responsable de r\u00e9gion Zurich<\/p><div class=\"mail has-link\"><a href=\"mailto:&#x73;&#x69;&#109;o&#x6e;&#x2e;&#98;ra&#x75;&#x6e;&#115;c&#x68;&#x77;&#101;&#105;l&#x65;&#x72;&#64;e&#x6c;&#x65;&#99;&#116;r&#x6f;&#x73;&#117;i&#x73;&#x73;&#101;&#46;c&#x68;\">&#x73;&#x69;&#109;o&#x6e;&#x2e;&#98;ra&#x75;&#x6e;&#115;c&#x68;&#x77;&#101;&#105;l&#x65;&#x72;&#64;e&#x6c;&#x65;&#99;&#116;r&#x6f;&#x73;&#117;i&#x73;&#x73;&#101;&#46;c&#x68;<\/span><\/a><\/div><\/div><\/div><div class=\"people col-sm-6 col-md-4\"><div class=\"people__img\"><img decoding=\"async\" src=\"https:\/\/www.electrosuisse.ch\/wp-content\/uploads\/2023\/12\/Jareb_Samir_320x320_.jpg\" alt=\"Samir Jareb\" \/><\/div><div class=\"people__info contact__info\"><p><b>Samir Jareb<\/b><br>Responsable de r\u00e9gion Valais<\/p><div class=\"mail has-link\"><a href=\"mailto:&#115;&#x61;m&#105;&#x72;&#46;&#106;&#x61;r&#101;&#x62;&#64;&#101;&#x6c;e&#99;&#x74;r&#111;&#x73;u&#105;&#x73;s&#101;&#x2e;c&#104;\">&#115;&#x61;m&#105;&#x72;&#46;&#106;&#x61;r&#101;&#x62;&#64;&#101;&#x6c;e&#99;&#x74;r&#111;&#x73;u&#105;&#x73;s&#101;&#x2e;c&#104;<\/span><\/a><\/div><\/div><\/div><div class=\"people col-sm-6 col-md-4\"><div class=\"people__img\"><img decoding=\"async\" src=\"https:\/\/www.electrosuisse.ch\/wp-content\/uploads\/2021\/10\/KuenzliMarkus_320x320.jpg\" alt=\"Markus K\u00fcnzli\" \/><\/div><div class=\"people__info contact__info\"><p><b>Markus K\u00fcnzli<\/b><br>Responsable de r\u00e9gion Suisse centrale<\/p><div class=\"mail has-link\"><a href=\"mailto:m&#97;&#x72;&#x6b;&#x75;s&#46;&#x6b;&#x75;&#x65;n&#122;&#x6c;&#x69;&#x40;e&#108;&#x65;&#x63;&#x74;r&#111;&#x73;&#x75;&#x69;s&#115;&#x65;&#x2e;&#x63;h\">m&#97;&#x72;&#x6b;&#x75;s&#46;&#x6b;&#x75;&#x65;n&#122;&#x6c;&#x69;&#x40;e&#108;&#x65;&#x63;&#x74;r&#111;&#x73;&#x75;&#x69;s&#115;&#x65;&#x2e;&#x63;h<\/span><\/a><\/div><\/div><\/div><div class=\"people col-sm-6 col-md-4\"><div class=\"people__img\"><img decoding=\"async\" src=\"https:\/\/www.electrosuisse.ch\/wp-content\/uploads\/2024\/12\/LucasChollet_320x320.png\" alt=\"Lucas Chollet\" \/><\/div><div class=\"people__info contact__info\"><p><b>Lucas Chollet<\/b><br>Responsable de r\u00e9gion Fribourg\/Neuch\u00e2tel\/Jura<\/p><div class=\"mail has-link\"><a href=\"mailto:l&#117;&#99;&#x61;&#x73;&#x2e;&#x63;h&#111;&#108;&#108;&#x65;&#x74;&#x40;el&#101;&#99;&#x74;&#x72;&#x6f;su&#105;&#115;&#x73;&#x65;&#x2e;ch\">l&#117;&#99;&#x61;&#x73;&#x2e;&#x63;h&#111;&#108;&#108;&#x65;&#x74;&#x40;el&#101;&#99;&#x74;&#x72;&#x6f;su&#105;&#115;&#x73;&#x65;&#x2e;ch<\/span><\/a><\/div><\/div><\/div><div class=\"people col-sm-6 col-md-4\"><div class=\"people__img\"><img decoding=\"async\" src=\"https:\/\/www.electrosuisse.ch\/wp-content\/uploads\/2021\/09\/MoosbergerAndreas_320x320.jpg\" alt=\"Andreas Moosberger\" \/><\/div><div class=\"people__info contact__info\"><p><b>Andreas Moosberger<\/b><br>Responsable de r\u00e9gion Suisse oriental<\/p><div class=\"mail has-link\"><a href=\"mailto:&#97;&#x6e;&#100;&#x72;&#101;&#x61;&#115;&#x2e;&#109;&#x6f;&#111;&#x73;&#98;&#x65;&#114;&#x67;&#101;&#x72;&#64;&#x65;&#108;&#x65;&#99;&#x74;&#114;&#x6f;s&#x75;i&#x73;s&#x65;&#46;&#x63;h\">&#97;&#x6e;&#100;&#x72;&#101;&#x61;&#115;&#x2e;&#109;&#x6f;&#111;&#x73;&#98;&#x65;&#114;&#x67;&#101;&#x72;&#64;&#x65;&#108;&#x65;&#99;&#x74;&#114;&#x6f;s&#x75;i&#x73;s&#x65;&#46;&#x63;h<\/span><\/a><\/div><\/div><\/div><div class=\"people col-sm-6 col-md-4\"><div class=\"people__img\"><img decoding=\"async\" src=\"https:\/\/www.electrosuisse.ch\/wp-content\/uploads\/2021\/09\/MoraJeanMarc_320x320.jpg\" alt=\"Jean-Marc Mora\" \/><\/div><div class=\"people__info contact__info\"><p><b>Jean-Marc Mora<\/b><br>Responsable de r\u00e9gion Arc l\u00e9manique<\/p><div class=\"mail has-link\"><a href=\"mailto:&#106;&#x65;&#x61;n&#45;&#x6d;a&#114;&#x63;&#x2e;&#109;&#x6f;&#x72;a&#64;&#x65;l&#101;&#x63;&#x74;&#114;&#x6f;&#x73;u&#105;&#x73;s&#101;&#x2e;&#x63;&#104;\">&#106;&#x65;&#x61;n&#45;&#x6d;a&#114;&#x63;&#x2e;&#109;&#x6f;&#x72;a&#64;&#x65;l&#101;&#x63;&#x74;&#114;&#x6f;&#x73;u&#105;&#x73;s&#101;&#x2e;&#x63;&#104;<\/span><\/a><\/div><\/div><\/div><div class=\"people col-sm-6 col-md-4\"><div class=\"people__img\"><img decoding=\"async\" src=\"https:\/\/www.electrosuisse.ch\/wp-content\/uploads\/2021\/09\/QuinzAndreas_320x320.jpg\" alt=\"Andreas Quinz\" \/><\/div><div class=\"people__info contact__info\"><p><b>Andreas Quinz<\/b><br>Responsable de r\u00e9gion Suisse nord-est<\/p><div class=\"mail has-link\"><a href=\"mailto:andreas&#46;quinz&#64;electrosui&#115;&#115;&#101;&#46;&#99;&#104;\">andreas&#46;quinz&#64;electrosui&#115;&#115;&#101;&#46;&#99;&#104;<\/span><\/a><\/div><\/div><\/div><\/div><\/div><\/div><\/div>[\/vc_column][\/vc_row]<\/p>\n<\/div>","protected":false},"excerpt":{"rendered":"<p>[vc_row][vc_column][vc_column_text]Au sein de l\u2019organisation professionnelle Electrosuisse, les experts du d\u00e9partement Inspection sont charg\u00e9s d\u2019assurer la s\u00e9curit\u00e9 des installations \u00e9lectriques. En tant qu\u2019organisme neutre et ind\u00e9pendant, nous r\u00e9alisons des inspections de s\u00e9curit\u00e9 avec notre personnel intervenant dans toute la Suisse et nous r\u00e9pondons aux questions techniques dans toutes les langues nationales. Rentabilit\u00e9 et s\u00e9curit\u00e9 Nos collaborateurs [&hellip;]<\/p>\n","protected":false},"author":6,"featured_media":0,"parent":0,"menu_order":183,"comment_status":"closed","ping_status":"closed","template":"","meta":{"_acf_changed":false,"_monsterinsights_skip_tracking":false,"_monsterinsights_sitenote_active":false,"_monsterinsights_sitenote_note":"","_monsterinsights_sitenote_category":0,"footnotes":""},"class_list":["post-22115","page","type-page","status-publish","hentry"],"acf":[],"yoast_head":"<!-- This site is optimized with the Yoast SEO Premium plugin v26.4 (Yoast SEO v27.0) - https:\/\/yoast.com\/product\/yoast-seo-premium-wordpress\/ -->\n<title>Contr\u00f4les - Electrosuisse<\/title>\n<meta name=\"robots\" content=\"index, follow, max-snippet:-1, max-image-preview:large, max-video-preview:-1\" \/>\n<link rel=\"canonical\" href=\"https:\/\/www.electrosuisse.ch\/fr\/controles\/\" \/>\n<meta property=\"og:locale\" content=\"fr_FR\" \/>\n<meta property=\"og:type\" content=\"article\" \/>\n<meta property=\"og:title\" content=\"Contr\u00f4les - Electrosuisse\" \/>\n<meta property=\"og:description\" content=\"[vc_row][vc_column][vc_column_text]Au sein de l\u2019organisation professionnelle Electrosuisse, les experts du d\u00e9partement Inspection sont charg\u00e9s d\u2019assurer la s\u00e9curit\u00e9 des installations \u00e9lectriques. En tant qu\u2019organisme neutre et ind\u00e9pendant, nous r\u00e9alisons des inspections de s\u00e9curit\u00e9 avec notre personnel intervenant dans toute la Suisse et nous r\u00e9pondons aux questions techniques dans toutes les langues nationales. Rentabilit\u00e9 et s\u00e9curit\u00e9 Nos collaborateurs [&hellip;]\" \/>\n<meta property=\"og:url\" content=\"https:\/\/www.electrosuisse.ch\/fr\/controles\/\" \/>\n<meta property=\"og:site_name\" content=\"Electrosuisse\" \/>\n<meta property=\"article:modified_time\" content=\"2026-03-18T13:05:33+00:00\" \/>\n<meta property=\"og:image\" content=\"https:\/\/www.electrosuisse.ch\/wp-content\/uploads\/2022\/12\/Electrosuisse_Ueber_uns_1578x650.jpg\" \/>\n\t<meta property=\"og:image:width\" content=\"1578\" \/>\n\t<meta property=\"og:image:height\" content=\"650\" \/>\n\t<meta property=\"og:image:type\" content=\"image\/jpeg\" \/>\n<script type=\"application\/ld+json\" class=\"yoast-schema-graph\">{\"@context\":\"https:\/\/schema.org\",\"@graph\":[{\"@type\":\"WebPage\",\"@id\":\"https:\/\/www.electrosuisse.ch\/fr\/controles\/\",\"url\":\"https:\/\/www.electrosuisse.ch\/fr\/controles\/\",\"name\":\"Contr\u00f4les - Electrosuisse\",\"isPartOf\":{\"@id\":\"https:\/\/www.electrosuisse.ch\/fr\/#website\"},\"datePublished\":\"2022-04-06T07:06:14+00:00\",\"dateModified\":\"2026-03-18T13:05:33+00:00\",\"inLanguage\":\"fr-FR\",\"potentialAction\":[{\"@type\":\"ReadAction\",\"target\":[\"https:\/\/www.electrosuisse.ch\/fr\/controles\/\"]}]},{\"@type\":\"WebSite\",\"@id\":\"https:\/\/www.electrosuisse.ch\/fr\/#website\",\"url\":\"https:\/\/www.electrosuisse.ch\/fr\/\",\"name\":\"Electrosuisse\",\"description\":\"\",\"publisher\":{\"@id\":\"https:\/\/www.electrosuisse.ch\/fr\/#organization\"},\"potentialAction\":[{\"@type\":\"SearchAction\",\"target\":{\"@type\":\"EntryPoint\",\"urlTemplate\":\"https:\/\/www.electrosuisse.ch\/fr\/?s={search_term_string}\"},\"query-input\":{\"@type\":\"PropertyValueSpecification\",\"valueRequired\":true,\"valueName\":\"search_term_string\"}}],\"inLanguage\":\"fr-FR\"},{\"@type\":\"Organization\",\"@id\":\"https:\/\/www.electrosuisse.ch\/fr\/#organization\",\"name\":\"Electrosuisse\",\"url\":\"https:\/\/www.electrosuisse.ch\/fr\/\",\"logo\":{\"@type\":\"ImageObject\",\"inLanguage\":\"fr-FR\",\"@id\":\"https:\/\/www.electrosuisse.ch\/fr\/#\/schema\/logo\/image\/\",\"url\":\"https:\/\/www.electrosuisse.ch\/wp-content\/uploads\/2025\/04\/Electrosuisse_Logo_696x696.png\",\"contentUrl\":\"https:\/\/www.electrosuisse.ch\/wp-content\/uploads\/2025\/04\/Electrosuisse_Logo_696x696.png\",\"width\":696,\"height\":696,\"caption\":\"Electrosuisse\"},\"image\":{\"@id\":\"https:\/\/www.electrosuisse.ch\/fr\/#\/schema\/logo\/image\/\"},\"sameAs\":[\"https:\/\/www.linkedin.com\/company\/electrosuisse-ag\/posts\/?feedView=all\",\"https:\/\/www.instagram.com\/electrosuisse1889\/\",\"https:\/\/www.youtube.com\/channel\/UCoOxohMiVE0Gjcdis1L09zw\"],\"description\":\"Electrosuisse ist eine anerkannte und unabh\u00e4ngige Fachorganisation, die erstklassige Dienstleistungen und Produkte in den Bereichen Inspektion, Beratung, Pr\u00fcfung, Zertifizierung, Normung und Weiterbildung anbietet. Unsere Expertise umfasst Elektrotechnik, Elektromobilit\u00e4t, Energieberatung, Geb\u00e4udeautomation und Photovoltaik in der Schweiz. Durch die Veranstaltung etablierter Branchen-Events und Fachtagungen f\u00f6rdert Electrosuisse den Wissenstransfer und den fachlichen Austausch. Im Mittelpunkt unserer T\u00e4tigkeiten steht die F\u00f6rderung der sicheren, wirtschaftlichen und umweltgerechten Anwendung der Elektrotechnik.\"}]}<\/script>\n<!-- \/ Yoast SEO Premium plugin. -->","yoast_head_json":{"title":"Contr\u00f4les - Electrosuisse","robots":{"index":"index","follow":"follow","max-snippet":"max-snippet:-1","max-image-preview":"max-image-preview:large","max-video-preview":"max-video-preview:-1"},"canonical":"https:\/\/www.electrosuisse.ch\/fr\/controles\/","og_locale":"fr_FR","og_type":"article","og_title":"Contr\u00f4les - Electrosuisse","og_description":"[vc_row][vc_column][vc_column_text]Au sein de l\u2019organisation professionnelle Electrosuisse, les experts du d\u00e9partement Inspection sont charg\u00e9s d\u2019assurer la s\u00e9curit\u00e9 des installations \u00e9lectriques. En tant qu\u2019organisme neutre et ind\u00e9pendant, nous r\u00e9alisons des inspections de s\u00e9curit\u00e9 avec notre personnel intervenant dans toute la Suisse et nous r\u00e9pondons aux questions techniques dans toutes les langues nationales. Rentabilit\u00e9 et s\u00e9curit\u00e9 Nos collaborateurs [&hellip;]","og_url":"https:\/\/www.electrosuisse.ch\/fr\/controles\/","og_site_name":"Electrosuisse","article_modified_time":"2026-03-18T13:05:33+00:00","og_image":[{"width":1578,"height":650,"url":"https:\/\/www.electrosuisse.ch\/wp-content\/uploads\/2022\/12\/Electrosuisse_Ueber_uns_1578x650.jpg","type":"image\/jpeg"}],"schema":{"@context":"https:\/\/schema.org","@graph":[{"@type":"WebPage","@id":"https:\/\/www.electrosuisse.ch\/fr\/controles\/","url":"https:\/\/www.electrosuisse.ch\/fr\/controles\/","name":"Contr\u00f4les - Electrosuisse","isPartOf":{"@id":"https:\/\/www.electrosuisse.ch\/fr\/#website"},"datePublished":"2022-04-06T07:06:14+00:00","dateModified":"2026-03-18T13:05:33+00:00","inLanguage":"fr-FR","potentialAction":[{"@type":"ReadAction","target":["https:\/\/www.electrosuisse.ch\/fr\/controles\/"]}]},{"@type":"WebSite","@id":"https:\/\/www.electrosuisse.ch\/fr\/#website","url":"https:\/\/www.electrosuisse.ch\/fr\/","name":"Electrosuisse","description":"","publisher":{"@id":"https:\/\/www.electrosuisse.ch\/fr\/#organization"},"potentialAction":[{"@type":"SearchAction","target":{"@type":"EntryPoint","urlTemplate":"https:\/\/www.electrosuisse.ch\/fr\/?s={search_term_string}"},"query-input":{"@type":"PropertyValueSpecification","valueRequired":true,"valueName":"search_term_string"}}],"inLanguage":"fr-FR"},{"@type":"Organization","@id":"https:\/\/www.electrosuisse.ch\/fr\/#organization","name":"Electrosuisse","url":"https:\/\/www.electrosuisse.ch\/fr\/","logo":{"@type":"ImageObject","inLanguage":"fr-FR","@id":"https:\/\/www.electrosuisse.ch\/fr\/#\/schema\/logo\/image\/","url":"https:\/\/www.electrosuisse.ch\/wp-content\/uploads\/2025\/04\/Electrosuisse_Logo_696x696.png","contentUrl":"https:\/\/www.electrosuisse.ch\/wp-content\/uploads\/2025\/04\/Electrosuisse_Logo_696x696.png","width":696,"height":696,"caption":"Electrosuisse"},"image":{"@id":"https:\/\/www.electrosuisse.ch\/fr\/#\/schema\/logo\/image\/"},"sameAs":["https:\/\/www.linkedin.com\/company\/electrosuisse-ag\/posts\/?feedView=all","https:\/\/www.instagram.com\/electrosuisse1889\/","https:\/\/www.youtube.com\/channel\/UCoOxohMiVE0Gjcdis1L09zw"],"description":"Electrosuisse ist eine anerkannte und unabh\u00e4ngige Fachorganisation, die erstklassige Dienstleistungen und Produkte in den Bereichen Inspektion, Beratung, Pr\u00fcfung, Zertifizierung, Normung und Weiterbildung anbietet. Unsere Expertise umfasst Elektrotechnik, Elektromobilit\u00e4t, Energieberatung, Geb\u00e4udeautomation und Photovoltaik in der Schweiz. Durch die Veranstaltung etablierter Branchen-Events und Fachtagungen f\u00f6rdert Electrosuisse den Wissenstransfer und den fachlichen Austausch. Im Mittelpunkt unserer T\u00e4tigkeiten steht die F\u00f6rderung der sicheren, wirtschaftlichen und umweltgerechten Anwendung der Elektrotechnik."}]}},"amp_enabled":true,"_links":{"self":[{"href":"https:\/\/www.electrosuisse.ch\/fr\/wp-json\/wp\/v2\/pages\/22115","targetHints":{"allow":["GET"]}}],"collection":[{"href":"https:\/\/www.electrosuisse.ch\/fr\/wp-json\/wp\/v2\/pages"}],"about":[{"href":"https:\/\/www.electrosuisse.ch\/fr\/wp-json\/wp\/v2\/types\/page"}],"author":[{"embeddable":true,"href":"https:\/\/www.electrosuisse.ch\/fr\/wp-json\/wp\/v2\/users\/6"}],"replies":[{"embeddable":true,"href":"https:\/\/www.electrosuisse.ch\/fr\/wp-json\/wp\/v2\/comments?post=22115"}],"version-history":[{"count":12,"href":"https:\/\/www.electrosuisse.ch\/fr\/wp-json\/wp\/v2\/pages\/22115\/revisions"}],"predecessor-version":[{"id":43090,"href":"https:\/\/www.electrosuisse.ch\/fr\/wp-json\/wp\/v2\/pages\/22115\/revisions\/43090"}],"wp:attachment":[{"href":"https:\/\/www.electrosuisse.ch\/fr\/wp-json\/wp\/v2\/media?parent=22115"}],"curies":[{"name":"wp","href":"https:\/\/api.w.org\/{rel}","templated":true}]}}