{"id":21720,"date":"2022-04-07T08:35:43","date_gmt":"2022-04-07T06:35:43","guid":{"rendered":"https:\/\/www.electrosuisse.ch\/?page_id=21720"},"modified":"2026-03-24T12:38:36","modified_gmt":"2026-03-24T11:38:36","slug":"organisation","status":"publish","type":"page","link":"https:\/\/www.electrosuisse.ch\/fr\/portrait\/organisation\/","title":{"rendered":"Organisation"},"content":{"rendered":"<div class=\"wpb-content-wrapper\"><p>[vc_row el_class=&#8221;organigramm&#8221;][vc_column]<div class=\"wpb_image_column wpb_content_element\"><div class=\"wpb_wrapper\"><div class=\"picture_container\"><!-- test redux builder Arraytest ende--><img decoding=\"async\" src=\"https:\/\/www.electrosuisse.ch\/wp-content\/uploads\/2025\/01\/25_01_01-Organigramm-Electrosuisse-FR-1.png\" alt=\"Organigramm - Electrosuisse\" \/><\/div><\/div><\/div>[\/vc_column][\/vc_row][vc_row el_id=&#8221;ft&#8221;][vc_column]<div class=\"wpb_people_column wpb_content_element\"><div class=\"wpb_wrapper\"><div class=\"people_container\"><h3>L'\u00e9quipe dirigeante<\/h3><div class=\"row\"><div class=\"people col-sm-6 col-md-4\"><div class=\"people__img\"><img decoding=\"async\" src=\"https:\/\/www.electrosuisse.ch\/wp-content\/uploads\/2018\/12\/bjoern_avak_electrosuisse-585x345.jpg\" alt=\"Bj\u00f6rn Avak\" \/><\/div><div class=\"people__info contact__info\"><p><b>Bj\u00f6rn Avak<\/b><br>Directeur<\/p><\/div><\/div><div class=\"people col-sm-6 col-md-4\"><div class=\"people__img\"><img decoding=\"async\" src=\"https:\/\/www.electrosuisse.ch\/wp-content\/uploads\/2018\/12\/stephan_bugget_electrosuisse-585x345.jpg\" alt=\"Stephan Bugget\" \/><\/div><div class=\"people__info contact__info\"><p><b>Stephan Bugget<\/b><br>Responsable Finances et Administration<\/p><\/div><\/div><div class=\"people col-sm-6 col-md-4\"><div class=\"people__img\"><img decoding=\"async\" src=\"https:\/\/www.electrosuisse.ch\/wp-content\/uploads\/2018\/12\/daniel_hofmann_electrosuisse-585x345.jpg\" alt=\"Daniel Hofmann\" \/><\/div><div class=\"people__info contact__info\"><p><b>Daniel Hofmann<\/b><br>Responsable Formation continue<\/p><\/div><\/div><div class=\"people col-sm-6 col-md-4\"><div class=\"people__img\"><img decoding=\"async\" src=\"https:\/\/www.electrosuisse.ch\/wp-content\/uploads\/2025\/01\/Marc-Moser-585x345-3.jpg\" alt=\"Marc Moser\" \/><\/div><div class=\"people__info contact__info\"><p><b>Marc Moser<\/b><br>Responsable Conseil, Contr\u00f4les et Ing\u00e9nierie<\/p><\/div><\/div><div class=\"people col-sm-6 col-md-4\"><div class=\"people__img\"><img decoding=\"async\" src=\"https:\/\/www.electrosuisse.ch\/wp-content\/uploads\/2018\/12\/daniel_otti_electrosuisse-585x345.jpg\" alt=\"Daniel Otti\" \/><\/div><div class=\"people__info contact__info\"><p><b>Daniel Otti<\/b><br>Directeur Inspection des installations \u00e0 courant fort ESTI<\/p><\/div><\/div><div class=\"people col-sm-6 col-md-4\"><div class=\"people__img\"><img decoding=\"async\" src=\"https:\/\/www.electrosuisse.ch\/wp-content\/uploads\/2023\/03\/lukas_truetsch_electrosuisse-585x345.jpg\" alt=\"Lukas Tr\u00fctsch\" \/><\/div><div class=\"people__info contact__info\"><p><b>Lukas Tr\u00fctsch<\/b><br>Responsable Services aux membres<\/p><\/div><\/div><\/div><\/div><\/div><\/div>[\/vc_column][\/vc_row][vc_row el_id=&#8221;vorstand&#8221;][vc_column]<div class=\"wpb_people_column wpb_content_element\"><div class=\"wpb_wrapper\"><div class=\"people_container\"><h3>Comit\u00e9<\/h3><div class=\"row\"><div class=\"people col-sm-6 col-md-4\"><div class=\"people__info contact__info\"><p><b>Dr. Dieter Reichelt<\/b><br>Pr\u00e9sident<br \/>\r\nMembre de la commission du comit\u00e9<br \/>\r\nAxpo Grid AG<br \/>\r\nBaden<\/p><\/div><\/div><div class=\"people col-sm-6 col-md-4\"><div class=\"people__info contact__info\"><p><b>Daniel Schafer<\/b><br>Vice-pr\u00e9sident<br \/>\r\nMembre du comit\u00e9 directeur <br \/>\r\nBLS AG<br \/>\r\nBern<\/p><\/div><\/div><div class=\"people col-sm-6 col-md-4\"><div class=\"people__info contact__info\"><p><b>Daniel M\u00fcller<\/b><br>Membre de la commission du comit\u00e9<br \/>\r\nABB Schweiz AG<br \/>\r\nBaden<\/p><\/div><\/div><div class=\"people col-sm-6 col-md-4\"><div class=\"people__info contact__info\"><p><b>Marco Bigatto<\/b><br>AIL SA<br \/>\r\nLugano<\/p><\/div><\/div><div class=\"people col-sm-6 col-md-4\"><div class=\"people__info contact__info\"><p><b>Prof. Dr. Drazen Dujic<\/b><br>EPFL<br \/>\r\nLausanne<\/p><\/div><\/div><div class=\"people col-sm-6 col-md-4\"><div class=\"people__info contact__info\"><p><b>J\u00fcrg Herzog<\/b><br>Siemens Schweiz AG<br \/>\r\nZ\u00fcrich<\/p><\/div><\/div><div class=\"people col-sm-6 col-md-4\"><div class=\"people__info contact__info\"><p><b>Regula Hotz<\/b><br>J. Kowner AG<br \/>\r\nZ\u00fcrich<\/p><\/div><\/div><div class=\"people col-sm-6 col-md-4\"><div class=\"people__info contact__info\"><p><b>Prof. Dr. Gabriela Hug<\/b><br>ETH Z\u00fcrich<br \/>\r\nZ\u00fcrich<\/p><\/div><\/div><div class=\"people col-sm-6 col-md-4\"><div class=\"people__info contact__info\"><p><b>Ingrid Knott<\/b><br>Elektro-Material AG<br \/>\r\nZ\u00fcrich<\/p><\/div><\/div><div class=\"people col-sm-6 col-md-4\"><div class=\"people__info contact__info\"><p><b>Patrick Favre-Perrod<\/b><br>Haute \u00e9cole d'ing\u00e9nierie et d'architecture Fribourg<br \/>\r\nFribourg<\/p><\/div><\/div><div class=\"people col-sm-6 col-md-4\"><div class=\"people__info contact__info\"><p><b>Remy Wittwer<\/b><br>ETAVIS AG<br \/>\r\nZ\u00fcrich<\/p><\/div><\/div><\/div><\/div><\/div><\/div>[\/vc_column][\/vc_row][vc_row el_id=&#8221;fvorstand&#8221;][vc_column][vc_column_text]<\/p>\n<h2>Comit\u00e9s sp\u00e9cialis\u00e9s<\/h2>\n<p>[\/vc_column_text][vc_column_text css=&#8221;&#8221;]<\/p>\n<h4>Membres issus de l&#8217;industrie et de la recherche\/enseignement dans les domaines des technologies \u00e9nerg\u00e9tiques et de l&#8217;information ainsi que de la mobilit\u00e9 :<\/h4>\n<p>[\/vc_column_text]<div class=\"wpb_people_column wpb_content_element\"><div class=\"wpb_wrapper\"><div class=\"people_container\"><h3>Expert Board<\/h3><div class=\"row\"><div class=\"people col-sm-6 col-md-4\"><div class=\"people__info contact__info\"><p><b>Dr. Lukas K\u00fcng<\/b><br>Pr\u00e9sident<br \/>\r\nPrimeo Netz AG<br \/>\r\nM\u00fcchenstein<\/p><\/div><\/div><div class=\"people col-sm-6 col-md-4\"><div class=\"people__info contact__info\"><p><b>Martin Aeberhard<\/b><br>Railectric GmbH<br \/>\r\nBern<\/p><\/div><\/div><div class=\"people col-sm-6 col-md-4\"><div class=\"people__info contact__info\"><p><b>Tobias Balcon <\/b><br>Swisscom (Schweiz) AG<br \/>\r\nBaden<\/p><\/div><\/div><div class=\"people col-sm-6 col-md-4\"><div class=\"people__info contact__info\"><p><b>Armin Bolt<\/b><br>Siemens Schweiz AG<br \/>\r\nZ\u00fcrich<\/p><\/div><\/div><div class=\"people col-sm-6 col-md-4\"><div class=\"people__info contact__info\"><p><b>Andreas Burg<\/b><br>EPFL <br \/>\r\nLausanne<\/p><\/div><\/div><div class=\"people col-sm-6 col-md-4\"><div class=\"people__info contact__info\"><p><b>Turhan Demiray <\/b><br>ETH Z\u00fcrich<br \/>\r\nZ\u00fcrich<\/p><\/div><\/div><div class=\"people col-sm-6 col-md-4\"><div class=\"people__info contact__info\"><p><b>Roland Hasler<\/b><br>AVOLTX GmbH<br \/>\r\nM\u00f6hlin<\/p><\/div><\/div><div class=\"people col-sm-6 col-md-4\"><div class=\"people__info contact__info\"><p><b>Kurt Kriesi<\/b><br>BKW Energie AG<br \/>\r\nOstermundigen<\/p><\/div><\/div><div class=\"people col-sm-6 col-md-4\"><div class=\"people__info contact__info\"><p><b>Rudolf Meier<\/b><br>EnerTrans Switzerland AG<br \/>\r\nNiederg\u00f6sgen<\/p><\/div><\/div><div class=\"people col-sm-6 col-md-4\"><div class=\"people__info contact__info\"><p><b>Adriano Nasciuti <\/b><br>ZHAW<br \/>\r\nWinterthur<\/p><\/div><\/div><div class=\"people col-sm-6 col-md-4\"><div class=\"people__info contact__info\"><p><b>Joel Portmann <\/b><br>Siemens Schweiz AG<br \/>\r\nReinach<br \/>\r\n<\/p><\/div><\/div><div class=\"people col-sm-6 col-md-4\"><div class=\"people__info contact__info\"><p><b>Prof. Bj\u00f6rn Schrader<\/b><br>la Haute Ecole Sp\u00e9cialis\u00e9e de Lucerne \u2013 Ing\u00e9nierie et Architecture<br \/>\r\nHorw<\/p><\/div><\/div><div class=\"people col-sm-6 col-md-4\"><div class=\"people__info contact__info\"><p><b>Christoph Schreyer<\/b><br>Office f\u00e9d\u00e9ral de l'\u00e9nergie OFEN<br \/>\r\nIttigen<\/p><\/div><\/div><div class=\"people col-sm-6 col-md-4\"><div class=\"people__info contact__info\"><p><b>Christoph Steinmann<\/b><br>GE Grid (Switzerland) GmbH<br \/>\r\nOberentfelden<\/p><\/div><\/div><\/div><\/div><\/div><\/div><div class=\"wpb_people_column wpb_content_element\"><div class=\"wpb_wrapper\"><div class=\"people_container\"><h3>Comit\u00e9 sp\u00e9cialis\u00e9 CES<\/h3><div class=\"row\"><div class=\"people col-sm-6 col-md-4\"><div class=\"people__info contact__info\"><p><b>Micha R\u00f6llinghoff<\/b><br>Pr\u00e9sident<br \/>\r\nArthur Flury AG<br \/>\r\nDeitingen<\/p><\/div><\/div><div class=\"people col-sm-6 col-md-4\"><div class=\"people__info contact__info\"><p><b>Dr. Bj\u00f6rn Avak<\/b><br>Vice-pr\u00e9sident<br \/>\r\nElectrosuisse<br \/>\r\nFehraltorf<\/p><\/div><\/div><div class=\"people col-sm-6 col-md-4\"><div class=\"people__info contact__info\"><p><b>Dr. Marc-Olivier Andr\u00e9<\/b><br>Institut f\u00e9d\u00e9ral de m\u00e9trologie (METAS)<br \/>\r\nBern<\/p><\/div><\/div><div class=\"people col-sm-6 col-md-4\"><div class=\"people__info contact__info\"><p><b>Jonas Bachmann<\/b><br>Schurter AG<br \/>\r\nLuzern<\/p><\/div><\/div><div class=\"people col-sm-6 col-md-4\"><div class=\"people__info contact__info\"><p><b>Prof. Dr. Christof Bucher<\/b><br>Haute \u00e9cole sp\u00e9cialis\u00e9e bernoise<br \/>\r\nBurgdorf<\/p><\/div><\/div><div class=\"people col-sm-6 col-md-4\"><div class=\"people__info contact__info\"><p><b>Lucio Cocciantelli<\/b><br>Office f\u00e9d\u00e9ral de la communication (OFCOM)<br \/>\r\nBiel<\/p><\/div><\/div><div class=\"people col-sm-6 col-md-4\"><div class=\"people__info contact__info\"><p><b>Michael Gasser<\/b><br>Schneider Electric (Schweiz) AG<br \/>\r\nHorgen<\/p><\/div><\/div><div class=\"people col-sm-6 col-md-4\"><div class=\"people__info contact__info\"><p><b>Dr. Neviana Nikoloski<\/b><br>Phonak Communications AG<br \/>\r\nMurten<\/p><\/div><\/div><div class=\"people col-sm-6 col-md-4\"><div class=\"people__info contact__info\"><p><b>Daniel Otti<\/b><br>Inspection f\u00e9d\u00e9rale des installations \u00e0 courant fort (ESTI)<br \/>\r\nFehraltorf<\/p><\/div><\/div><div class=\"people col-sm-6 col-md-4\"><div class=\"people__info contact__info\"><p><b>Olivier St\u00f6ssel<\/b><br>Association des entreprises \u00e9lectriques suisses (AES)<br \/>\r\nAarau<\/p><\/div><\/div><div class=\"people col-sm-6 col-md-4\"><div class=\"people__info contact__info\"><p><b>Andreas Tsch\u00f6pe<\/b><br>Bureau f\u00e9d\u00e9ral de la consommation BFC<br \/>\r\nBern<\/p><\/div><\/div><div class=\"people col-sm-6 col-md-4\"><div class=\"people__info contact__info\"><p><b>Dr. Ioannis Tsoumas<\/b><br>ABB Schweiz AG<br \/>\r\nTurgi<\/p><\/div><\/div><\/div><\/div><\/div><\/div><div class=\"wpb_people_column wpb_content_element\"><div class=\"wpb_wrapper\"><div class=\"people_container\"><h3>Comit\u00e9 sp\u00e9cialis\u00e9 CIGRE \/ CIRED<\/h3><div class=\"row\"><div class=\"people col-sm-6 col-md-4\"><div class=\"people__info contact__info\"><p><b>Rudolf Meier<\/b><br>Pr\u00e9sident CIGRE NC<br \/>\r\nEnerTrans Switzerland<br \/>\r\nNiederg\u00f6sgen<br \/>\r\n<\/p><\/div><\/div><div class=\"people col-sm-6 col-md-4\"><div class=\"people__info contact__info\"><p><b>Dr. Lukas K\u00fcng<\/b><br>Pr\u00e9sident CIRED NC<br \/>\r\nPrimeo Netz AG<br \/>\r\nM\u00fcnchenstein<\/p><\/div><\/div><div class=\"people col-sm-6 col-md-4\"><div class=\"people__info contact__info\"><p><b>Nicolas Ecoffey<\/b><br>SBB Swiss National Railway<br \/>\r\nZollikofen<br \/>\r\n<\/p><\/div><\/div><div class=\"people col-sm-6 col-md-4\"><div class=\"people__info contact__info\"><p><b>Prof. Dr. Christian Franck<\/b><br>ETH Z\u00fcrich<br \/>\r\nZ\u00fcrich<\/p><\/div><\/div><div class=\"people col-sm-6 col-md-4\"><div class=\"people__info contact__info\"><p><b>Prof. Klaus Fr\u00f6hlich<\/b><br>ETH Z\u00fcrich<br \/>\r\nZ\u00fcrich<br \/>\r\n<\/p><\/div><\/div><div class=\"people col-sm-6 col-md-4\"><div class=\"people__info contact__info\"><p><b>Nicola Gariboldi<\/b><br>International Chair CIGRE SC A2<br \/>\r\nQualitrol c\/o Tektronix internat. Sales<br \/>\r\nNeuhausen<br \/>\r\n<\/p><\/div><\/div><div class=\"people col-sm-6 col-md-4\"><div class=\"people__info contact__info\"><p><b>Bruno Herzog<\/b><br>Herzogenergy GmbH<br \/>\r\nHitzkirch<br \/>\r\n<\/p><\/div><\/div><div class=\"people col-sm-6 col-md-4\"><div class=\"people__info contact__info\"><p><b>Priyanka Gugale<\/b><br>Chair CIGRE WiE Switzerland<br \/>\r\nHitachi Energy Ltd<br \/>\r\nZ\u00fcrich<br \/>\r\n<\/p><\/div><\/div><div class=\"people col-sm-6 col-md-4\"><div class=\"people__info contact__info\"><p><b>Hannah Kirchner<\/b><br>Chair CIGRE NGN Switzerland<br \/>\r\nHitachi Energy<br \/>\r\nZ\u00fcrich<br \/>\r\n<\/p><\/div><\/div><div class=\"people col-sm-6 col-md-4\"><div class=\"people__info contact__info\"><p><b>Stefan Linder<\/b><br>Brugg Lifting<br \/>\r\nBirr<br \/>\r\n<\/p><\/div><\/div><div class=\"people col-sm-6 col-md-4\"><div class=\"people__info contact__info\"><p><b>Christian Lindner<\/b><br>Axpo Power AG<br \/>\r\nBaden<br \/>\r\n<\/p><\/div><\/div><div class=\"people col-sm-6 col-md-4\"><div class=\"people__info contact__info\"><p><b>Robert L\u00fcscher<\/b><br>GE Grid (Switzerland) GmbH<br \/>\r\nOberentfelden<br \/>\r\n<\/p><\/div><\/div><div class=\"people col-sm-6 col-md-4\"><div class=\"people__info contact__info\"><p><b>Prof. Mario Paolone<\/b><br>EPFL<br \/>\r\nLausanne<br \/>\r\n<\/p><\/div><\/div><div class=\"people col-sm-6 col-md-4\"><div class=\"people__info contact__info\"><p><b>Pascal M\u00fcller<\/b><br>International Chair CIGRE SC A2<br \/>\r\nEWZ\t<br \/>\r\nZ\u00fcrich<br \/>\r\n<\/p><\/div><\/div><div class=\"people col-sm-6 col-md-4\"><div class=\"people__info contact__info\"><p><b>Roberto Pronini<\/b><br>Azienda Elettrica Ticinese<br \/>\r\nCarasso<br \/>\r\n<\/p><\/div><\/div><div class=\"people col-sm-6 col-md-4\"><div class=\"people__info contact__info\"><p><b>Marco Spinelli<\/b><br>Nexans Schweiz AG<br \/>\r\nCortaillod<br \/>\r\n<\/p><\/div><\/div><div class=\"people col-sm-6 col-md-4\"><div class=\"people__info contact__info\"><p><b>Prof. Dr. Fabrizio Sossan<\/b><br>HES-SO Valais<br \/>\r\nSion<br \/>\r\n<\/p><\/div><\/div><div class=\"people col-sm-6 col-md-4\"><div class=\"people__info contact__info\"><p><b>Patricia Sandmeier<\/b><br>Hitachi Energy<br \/>\r\nBaden<br \/>\r\n<\/p><\/div><\/div><div class=\"people col-sm-6 col-md-4\"><div class=\"people__info contact__info\"><p><b>Yves Zumwald<\/b><br>Swissgrid AG<br \/>\r\nAarau<br \/>\r\n<\/p><\/div><\/div><\/div><\/div><\/div><\/div>[\/vc_column][\/vc_row]<\/p>\n<\/div>","protected":false},"excerpt":{"rendered":"<p>[vc_row el_class=&#8221;organigramm&#8221;][vc_column][\/vc_column][\/vc_row][vc_row el_id=&#8221;ft&#8221;][vc_column][\/vc_column][\/vc_row][vc_row el_id=&#8221;vorstand&#8221;][vc_column][\/vc_column][\/vc_row][vc_row el_id=&#8221;fvorstand&#8221;][vc_column][vc_column_text] Comit\u00e9s sp\u00e9cialis\u00e9s [\/vc_column_text][vc_column_text css=&#8221;&#8221;] Membres issus de l&#8217;industrie et de la recherche\/enseignement dans les domaines des technologies \u00e9nerg\u00e9tiques et de l&#8217;information ainsi que de la mobilit\u00e9 : [\/vc_column_text][\/vc_column][\/vc_row]<\/p>\n","protected":false},"author":6,"featured_media":0,"parent":3795,"menu_order":44,"comment_status":"closed","ping_status":"closed","template":"","meta":{"_acf_changed":false,"_monsterinsights_skip_tracking":false,"_monsterinsights_sitenote_active":false,"_monsterinsights_sitenote_note":"","_monsterinsights_sitenote_category":0,"footnotes":""},"class_list":["post-21720","page","type-page","status-publish","hentry"],"acf":[],"yoast_head":"<!-- This site is optimized with the Yoast SEO Premium plugin v26.4 (Yoast SEO v27.0) - https:\/\/yoast.com\/product\/yoast-seo-premium-wordpress\/ -->\n<title>Organisation - Electrosuisse<\/title>\n<meta name=\"description\" content=\"Electrosuisse en bref : bas\u00e9s \u00e0 Fehraltorf, nous sommes actifs depuis 1989 en tant qu&#039;association professionnelle dans les domaines de l&#039;\u00e9lectrotechnique, de l&#039;\u00e9nergie et des technologies de l&#039;information.\" \/>\n<meta name=\"robots\" content=\"index, follow, max-snippet:-1, max-image-preview:large, max-video-preview:-1\" \/>\n<link rel=\"canonical\" href=\"https:\/\/www.electrosuisse.ch\/fr\/portrait\/organisation\/\" \/>\n<meta property=\"og:locale\" content=\"fr_FR\" \/>\n<meta property=\"og:type\" content=\"article\" \/>\n<meta property=\"og:title\" content=\"Organisation - Electrosuisse\" \/>\n<meta property=\"og:description\" content=\"Electrosuisse en bref : bas\u00e9s \u00e0 Fehraltorf, nous sommes actifs depuis 1989 en tant qu&#039;association professionnelle dans les domaines de l&#039;\u00e9lectrotechnique, de l&#039;\u00e9nergie et des technologies de l&#039;information.\" \/>\n<meta property=\"og:url\" content=\"https:\/\/www.electrosuisse.ch\/fr\/portrait\/organisation\/\" \/>\n<meta property=\"og:site_name\" content=\"Electrosuisse\" \/>\n<meta property=\"article:modified_time\" content=\"2026-03-24T11:38:36+00:00\" \/>\n<meta property=\"og:image\" content=\"https:\/\/www.electrosuisse.ch\/wp-content\/uploads\/2022\/12\/Electrosuisse_Ueber_uns_1578x650.jpg\" \/>\n\t<meta property=\"og:image:width\" content=\"1578\" \/>\n\t<meta property=\"og:image:height\" content=\"650\" \/>\n\t<meta property=\"og:image:type\" content=\"image\/jpeg\" \/>\n<script type=\"application\/ld+json\" class=\"yoast-schema-graph\">{\"@context\":\"https:\/\/schema.org\",\"@graph\":[{\"@type\":\"WebPage\",\"@id\":\"https:\/\/www.electrosuisse.ch\/fr\/portrait\/organisation\/\",\"url\":\"https:\/\/www.electrosuisse.ch\/fr\/portrait\/organisation\/\",\"name\":\"Organisation - Electrosuisse\",\"isPartOf\":{\"@id\":\"https:\/\/www.electrosuisse.ch\/fr\/#website\"},\"datePublished\":\"2022-04-07T06:35:43+00:00\",\"dateModified\":\"2026-03-24T11:38:36+00:00\",\"description\":\"Electrosuisse en bref : bas\u00e9s \u00e0 Fehraltorf, nous sommes actifs depuis 1989 en tant qu'association professionnelle dans les domaines de l'\u00e9lectrotechnique, de l'\u00e9nergie et des technologies de l'information.\",\"breadcrumb\":{\"@id\":\"https:\/\/www.electrosuisse.ch\/fr\/portrait\/organisation\/#breadcrumb\"},\"inLanguage\":\"fr-FR\",\"potentialAction\":[{\"@type\":\"ReadAction\",\"target\":[\"https:\/\/www.electrosuisse.ch\/fr\/portrait\/organisation\/\"]}]},{\"@type\":\"BreadcrumbList\",\"@id\":\"https:\/\/www.electrosuisse.ch\/fr\/portrait\/organisation\/#breadcrumb\",\"itemListElement\":[{\"@type\":\"ListItem\",\"position\":1,\"name\":\"Portrait\",\"item\":\"https:\/\/www.electrosuisse.ch\/fr\/portrait\/\"},{\"@type\":\"ListItem\",\"position\":2,\"name\":\"Organisation\"}]},{\"@type\":\"WebSite\",\"@id\":\"https:\/\/www.electrosuisse.ch\/fr\/#website\",\"url\":\"https:\/\/www.electrosuisse.ch\/fr\/\",\"name\":\"Electrosuisse\",\"description\":\"\",\"publisher\":{\"@id\":\"https:\/\/www.electrosuisse.ch\/fr\/#organization\"},\"potentialAction\":[{\"@type\":\"SearchAction\",\"target\":{\"@type\":\"EntryPoint\",\"urlTemplate\":\"https:\/\/www.electrosuisse.ch\/fr\/?s={search_term_string}\"},\"query-input\":{\"@type\":\"PropertyValueSpecification\",\"valueRequired\":true,\"valueName\":\"search_term_string\"}}],\"inLanguage\":\"fr-FR\"},{\"@type\":\"Organization\",\"@id\":\"https:\/\/www.electrosuisse.ch\/fr\/#organization\",\"name\":\"Electrosuisse\",\"url\":\"https:\/\/www.electrosuisse.ch\/fr\/\",\"logo\":{\"@type\":\"ImageObject\",\"inLanguage\":\"fr-FR\",\"@id\":\"https:\/\/www.electrosuisse.ch\/fr\/#\/schema\/logo\/image\/\",\"url\":\"https:\/\/www.electrosuisse.ch\/wp-content\/uploads\/2025\/04\/Electrosuisse_Logo_696x696.png\",\"contentUrl\":\"https:\/\/www.electrosuisse.ch\/wp-content\/uploads\/2025\/04\/Electrosuisse_Logo_696x696.png\",\"width\":696,\"height\":696,\"caption\":\"Electrosuisse\"},\"image\":{\"@id\":\"https:\/\/www.electrosuisse.ch\/fr\/#\/schema\/logo\/image\/\"},\"sameAs\":[\"https:\/\/www.linkedin.com\/company\/electrosuisse-ag\/posts\/?feedView=all\",\"https:\/\/www.instagram.com\/electrosuisse1889\/\",\"https:\/\/www.youtube.com\/channel\/UCoOxohMiVE0Gjcdis1L09zw\"],\"description\":\"Electrosuisse ist eine anerkannte und unabh\u00e4ngige Fachorganisation, die erstklassige Dienstleistungen und Produkte in den Bereichen Inspektion, Beratung, Pr\u00fcfung, Zertifizierung, Normung und Weiterbildung anbietet. Unsere Expertise umfasst Elektrotechnik, Elektromobilit\u00e4t, Energieberatung, Geb\u00e4udeautomation und Photovoltaik in der Schweiz. Durch die Veranstaltung etablierter Branchen-Events und Fachtagungen f\u00f6rdert Electrosuisse den Wissenstransfer und den fachlichen Austausch. Im Mittelpunkt unserer T\u00e4tigkeiten steht die F\u00f6rderung der sicheren, wirtschaftlichen und umweltgerechten Anwendung der Elektrotechnik.\"}]}<\/script>\n<!-- \/ Yoast SEO Premium plugin. -->","yoast_head_json":{"title":"Organisation - Electrosuisse","description":"Electrosuisse en bref : bas\u00e9s \u00e0 Fehraltorf, nous sommes actifs depuis 1989 en tant qu'association professionnelle dans les domaines de l'\u00e9lectrotechnique, de l'\u00e9nergie et des technologies de l'information.","robots":{"index":"index","follow":"follow","max-snippet":"max-snippet:-1","max-image-preview":"max-image-preview:large","max-video-preview":"max-video-preview:-1"},"canonical":"https:\/\/www.electrosuisse.ch\/fr\/portrait\/organisation\/","og_locale":"fr_FR","og_type":"article","og_title":"Organisation - Electrosuisse","og_description":"Electrosuisse en bref : bas\u00e9s \u00e0 Fehraltorf, nous sommes actifs depuis 1989 en tant qu'association professionnelle dans les domaines de l'\u00e9lectrotechnique, de l'\u00e9nergie et des technologies de l'information.","og_url":"https:\/\/www.electrosuisse.ch\/fr\/portrait\/organisation\/","og_site_name":"Electrosuisse","article_modified_time":"2026-03-24T11:38:36+00:00","og_image":[{"width":1578,"height":650,"url":"https:\/\/www.electrosuisse.ch\/wp-content\/uploads\/2022\/12\/Electrosuisse_Ueber_uns_1578x650.jpg","type":"image\/jpeg"}],"schema":{"@context":"https:\/\/schema.org","@graph":[{"@type":"WebPage","@id":"https:\/\/www.electrosuisse.ch\/fr\/portrait\/organisation\/","url":"https:\/\/www.electrosuisse.ch\/fr\/portrait\/organisation\/","name":"Organisation - Electrosuisse","isPartOf":{"@id":"https:\/\/www.electrosuisse.ch\/fr\/#website"},"datePublished":"2022-04-07T06:35:43+00:00","dateModified":"2026-03-24T11:38:36+00:00","description":"Electrosuisse en bref : bas\u00e9s \u00e0 Fehraltorf, nous sommes actifs depuis 1989 en tant qu'association professionnelle dans les domaines de l'\u00e9lectrotechnique, de l'\u00e9nergie et des technologies de l'information.","breadcrumb":{"@id":"https:\/\/www.electrosuisse.ch\/fr\/portrait\/organisation\/#breadcrumb"},"inLanguage":"fr-FR","potentialAction":[{"@type":"ReadAction","target":["https:\/\/www.electrosuisse.ch\/fr\/portrait\/organisation\/"]}]},{"@type":"BreadcrumbList","@id":"https:\/\/www.electrosuisse.ch\/fr\/portrait\/organisation\/#breadcrumb","itemListElement":[{"@type":"ListItem","position":1,"name":"Portrait","item":"https:\/\/www.electrosuisse.ch\/fr\/portrait\/"},{"@type":"ListItem","position":2,"name":"Organisation"}]},{"@type":"WebSite","@id":"https:\/\/www.electrosuisse.ch\/fr\/#website","url":"https:\/\/www.electrosuisse.ch\/fr\/","name":"Electrosuisse","description":"","publisher":{"@id":"https:\/\/www.electrosuisse.ch\/fr\/#organization"},"potentialAction":[{"@type":"SearchAction","target":{"@type":"EntryPoint","urlTemplate":"https:\/\/www.electrosuisse.ch\/fr\/?s={search_term_string}"},"query-input":{"@type":"PropertyValueSpecification","valueRequired":true,"valueName":"search_term_string"}}],"inLanguage":"fr-FR"},{"@type":"Organization","@id":"https:\/\/www.electrosuisse.ch\/fr\/#organization","name":"Electrosuisse","url":"https:\/\/www.electrosuisse.ch\/fr\/","logo":{"@type":"ImageObject","inLanguage":"fr-FR","@id":"https:\/\/www.electrosuisse.ch\/fr\/#\/schema\/logo\/image\/","url":"https:\/\/www.electrosuisse.ch\/wp-content\/uploads\/2025\/04\/Electrosuisse_Logo_696x696.png","contentUrl":"https:\/\/www.electrosuisse.ch\/wp-content\/uploads\/2025\/04\/Electrosuisse_Logo_696x696.png","width":696,"height":696,"caption":"Electrosuisse"},"image":{"@id":"https:\/\/www.electrosuisse.ch\/fr\/#\/schema\/logo\/image\/"},"sameAs":["https:\/\/www.linkedin.com\/company\/electrosuisse-ag\/posts\/?feedView=all","https:\/\/www.instagram.com\/electrosuisse1889\/","https:\/\/www.youtube.com\/channel\/UCoOxohMiVE0Gjcdis1L09zw"],"description":"Electrosuisse ist eine anerkannte und unabh\u00e4ngige Fachorganisation, die erstklassige Dienstleistungen und Produkte in den Bereichen Inspektion, Beratung, Pr\u00fcfung, Zertifizierung, Normung und Weiterbildung anbietet. Unsere Expertise umfasst Elektrotechnik, Elektromobilit\u00e4t, Energieberatung, Geb\u00e4udeautomation und Photovoltaik in der Schweiz. Durch die Veranstaltung etablierter Branchen-Events und Fachtagungen f\u00f6rdert Electrosuisse den Wissenstransfer und den fachlichen Austausch. Im Mittelpunkt unserer T\u00e4tigkeiten steht die F\u00f6rderung der sicheren, wirtschaftlichen und umweltgerechten Anwendung der Elektrotechnik."}]}},"amp_enabled":true,"_links":{"self":[{"href":"https:\/\/www.electrosuisse.ch\/fr\/wp-json\/wp\/v2\/pages\/21720","targetHints":{"allow":["GET"]}}],"collection":[{"href":"https:\/\/www.electrosuisse.ch\/fr\/wp-json\/wp\/v2\/pages"}],"about":[{"href":"https:\/\/www.electrosuisse.ch\/fr\/wp-json\/wp\/v2\/types\/page"}],"author":[{"embeddable":true,"href":"https:\/\/www.electrosuisse.ch\/fr\/wp-json\/wp\/v2\/users\/6"}],"replies":[{"embeddable":true,"href":"https:\/\/www.electrosuisse.ch\/fr\/wp-json\/wp\/v2\/comments?post=21720"}],"version-history":[{"count":15,"href":"https:\/\/www.electrosuisse.ch\/fr\/wp-json\/wp\/v2\/pages\/21720\/revisions"}],"predecessor-version":[{"id":40389,"href":"https:\/\/www.electrosuisse.ch\/fr\/wp-json\/wp\/v2\/pages\/21720\/revisions\/40389"}],"up":[{"embeddable":true,"href":"https:\/\/www.electrosuisse.ch\/fr\/wp-json\/wp\/v2\/pages\/3795"}],"wp:attachment":[{"href":"https:\/\/www.electrosuisse.ch\/fr\/wp-json\/wp\/v2\/media?parent=21720"}],"curies":[{"name":"wp","href":"https:\/\/api.w.org\/{rel}","templated":true}]}}