{"id":19605,"date":"2021-11-17T14:10:26","date_gmt":"2021-11-17T13:10:26","guid":{"rendered":"https:\/\/www.electrosuisse.ch\/?page_id=19605"},"modified":"2026-03-30T13:28:53","modified_gmt":"2026-03-30T11:28:53","slug":"devenez-membre","status":"publish","type":"page","link":"https:\/\/www.electrosuisse.ch\/fr\/devenez-membre\/","title":{"rendered":"Adh\u00e9sion"},"content":{"rendered":"<div class=\"wpb-content-wrapper\"><p>[vc_row][vc_column][vc_column_text el_class=&#8221;lead&#8221;]En tant qu&#8217;association professionnelle ind\u00e9pendante, nous renfor\u00e7ons le transfert de connaissances professionnelles et cr\u00e9ons des plateformes pour votre r\u00e9seau personnel ou celui de votre entreprise. Participez \u00e0 l&#8217;organisation, connectez-vous avec des professionnels de toute la Suisse et profitez, en tant que membre, de nombreux rabais sur des \u00e9v\u00e9nements, des formations continues et des produits de notre boutique &#8211; pour vous personnellement ou pour vos collaborateurs.[\/vc_column_text][vc_column_text css=&#8221;&#8221;]<\/p>\n<h3>Adh\u00e9sion personnelle<\/h3>\n<p>Notre r\u00e9seau d&#8217;experts unique r\u00e9unit plus de 4800 sp\u00e9cialistes, du praticien \u00e0 l&#8217;ing\u00e9nieur, de l&#8217;\u00e9tudiant au scientifique. En outre, plus de 2600 entreprises des secteurs de l&#8217;\u00e9lectrotechnique, des techniques de l&#8217;\u00e9nergie et de l&#8217;information font partie de notre organisation sp\u00e9cialis\u00e9e ind\u00e9pendante et neutre.[\/vc_column_text]<div class=\"wpb_button_column wpb_content_element wpb_content_element--left\"><div class=\"wpb_wrapper\"><div class=\"button button--normal\"><a href=\"https:\/\/www.electrosuisse.ch\/fr\/adhesion-personnelle\/\" target=\"_blank\" >Adh\u00e9sion personelle<\/a><\/div><\/div><\/div>[vc_column_text]<\/p>\n<h3>Adh\u00e9sion en tant qu&#8217;entreprise<\/h3>\n<p>Les entreprises membres peuvent participer en exclusivit\u00e9 \u00e0 la normalisation \u00e9lectrotechnique. Dans plus de <a href=\"https:\/\/www.electrosuisse.ch\/fr\/pourquoi-normaliser\/ces\/\">90 comit\u00e9s techniques<\/a>, elles influencent les innovations au niveau national et international avec d&#8217;autres repr\u00e9sentants de la branche. En outre, nous offrons de la publicit\u00e9 \u00e0 des conditions pr\u00e9f\u00e9rentielles dans notre magazine sp\u00e9cialis\u00e9, des tarifs r\u00e9duits pour les \u00e9v\u00e9nements et d&#8217;autres avantages.[\/vc_column_text]<div class=\"wpb_button_column wpb_content_element wpb_content_element--left\"><div class=\"wpb_wrapper\"><div class=\"button button--normal\"><a href=\"https:\/\/www.electrosuisse.ch\/fr\/membres-entreprise\/\" target=\"_blank\" >Adh\u00e9sion en tant qu'entreprise<\/a><\/div><\/div><\/div>[\/vc_column][\/vc_row][vc_row el_id=&#8221;nachwuchs&#8221;][vc_column][vc_column_text]<\/p>\n<h3>Encouragement de la rel\u00e8ve<\/h3>\n<p>TechTalents est le programme de promotion de la rel\u00e8ve destin\u00e9 aux \u00e9tudiants des hautes \u00e9coles, des hautes \u00e9coles sp\u00e9cialis\u00e9es et des \u00e9coles techniques sup\u00e9rieures. L\u2019objectif est de relier la th\u00e9orie \u00e0 la pratique. Cette offre n\u2019implique aucune contribution et l\u2019inscription n\u2019est pas contraignante. L\u2019acc\u00e8s \u00e0 cette prestation expire \u00e0 l\u2019ach\u00e8vement des \u00e9tudes.[\/vc_column_text]<div class=\"wpb_button_column wpb_content_element wpb_content_element--left\"><div class=\"wpb_wrapper\"><div class=\"button button--normal\"><a href=\"https:\/\/my.electrosuisse.ch\/fr\/register.htm?origin=KPMTGLSTUD\" target=\"_blank\" >Adh\u00e9rer \u00e0 TechTalent<\/a><\/div><\/div><\/div>[\/vc_column][\/vc_row][vc_row][vc_column][vc_row_inner][vc_column_inner width=&#8221;1\/2&#8243;]<div class=\"wpb_video_column wpb_content_element\"><div class=\"wpb_wrapper\"><div class=\"video_container video_container--embed\"><iframe src=\"https:\/\/www.youtube-nocookie.com\/embed\/Po6c_Mtmvs4?modestbranding=1&rel=0&showinfo=0&enablejsapi=1\" frameborder=\"0\" allow=\"accelerometer; autoplay; encrypted-media; gyroscope; picture-in-picture\" allowfullscreen><\/iframe><\/div><\/div><\/div>[\/vc_column_inner][vc_column_inner width=&#8221;1\/2&#8243;]<div class=\"wpb_video_column wpb_content_element\"><div class=\"wpb_wrapper\"><div class=\"video_container video_container--embed\"><iframe src=\"https:\/\/www.youtube-nocookie.com\/embed\/_MwDj73qUCE?modestbranding=1&rel=0&showinfo=0&enablejsapi=1\" frameborder=\"0\" allow=\"accelerometer; autoplay; encrypted-media; gyroscope; picture-in-picture\" allowfullscreen><\/iframe><\/div><\/div><\/div>[\/vc_column_inner][\/vc_row_inner][\/vc_column][\/vc_row][vc_row el_id=&#8221;kontakt&#8221;][vc_column][vc_column_text]<\/p>\n<h2>Contact<\/h2>\n<p>[\/vc_column_text]<div class=\"wpb_contact_column wpb_content_element wpb_content_element--\"><div class=\"wpb_wrapper\"><div class=\"contact_container\"><div class=\"contact row middle-xs\"><div class=\"contact__img col-sm-5 col-xs-12\"><img decoding=\"async\" src=\"\/wp-content\/themes\/SCHMUCKI_child\/img\/contact_placeholder.jpg\" alt=\"Services aux membres\" \/><\/div><div class=\"contact__info col-sm-7 col-xs-12\"><p><b>Services aux membres<\/b><br><\/p><div class=\"phone has-link\"><a href=\"tel:+41585951155\">+41 58 595 11 55<\/a><\/div><div class=\"mail has-link\"><a href=\"mailto:&#118;&#x65;&#114;&#x62;a&#x6e;d&#64;&#x65;&#108;&#x65;&#99;&#x74;r&#x6f;s&#117;&#x69;&#115;&#x73;e&#x2e;c&#x68;\">&#118;&#101;&#x72;&#x62;&#97;&#110;&#x64;&#x40;&#101;&#108;&#x65;&#x63;&#116;&#114;&#x6f;&#x73;&#117;&#105;&#x73;&#x73;&#101;&#46;&#x63;&#x68;<\/a><\/div><\/div><\/div><\/div><\/div><\/div>[\/vc_column][\/vc_row]<\/p>\n<\/div>","protected":false},"excerpt":{"rendered":"<p>[vc_row][vc_column][vc_column_text el_class=&#8221;lead&#8221;]En tant qu&#8217;association professionnelle ind\u00e9pendante, nous renfor\u00e7ons le transfert de connaissances professionnelles et cr\u00e9ons des plateformes pour votre r\u00e9seau personnel ou celui de votre entreprise. Participez \u00e0 l&#8217;organisation, connectez-vous avec des professionnels de toute la Suisse et profitez, en tant que membre, de nombreux rabais sur des \u00e9v\u00e9nements, des formations continues et des produits [&hellip;]<\/p>\n","protected":false},"author":6,"featured_media":0,"parent":0,"menu_order":107,"comment_status":"closed","ping_status":"closed","template":"","meta":{"_acf_changed":false,"_monsterinsights_skip_tracking":false,"_monsterinsights_sitenote_active":false,"_monsterinsights_sitenote_note":"","_monsterinsights_sitenote_category":0,"footnotes":""},"class_list":["post-19605","page","type-page","status-publish","hentry"],"acf":[],"yoast_head":"<!-- This site is optimized with the Yoast SEO Premium plugin v26.4 (Yoast SEO v27.0) - https:\/\/yoast.com\/product\/yoast-seo-premium-wordpress\/ -->\n<title>Devenir membre d\u2019Electrosuisse<\/title>\n<meta name=\"description\" content=\"Les membres profitent de nouvelles et manifestations actuelles et d\u2019un r\u00e9seau de sp\u00e9cialistes du domaine de l\u2019\u00e9lectrotechnique et des technologies de l\u2019\u00e9nergie et de l\u2019information.\" \/>\n<meta name=\"robots\" content=\"index, follow, max-snippet:-1, max-image-preview:large, max-video-preview:-1\" \/>\n<link rel=\"canonical\" href=\"https:\/\/www.electrosuisse.ch\/fr\/devenez-membre\/\" \/>\n<meta property=\"og:locale\" content=\"fr_FR\" \/>\n<meta property=\"og:type\" content=\"article\" \/>\n<meta property=\"og:title\" content=\"Devenir membre d\u2019Electrosuisse\" \/>\n<meta property=\"og:description\" content=\"Les membres profitent de nouvelles et manifestations actuelles et d\u2019un r\u00e9seau de sp\u00e9cialistes du domaine de l\u2019\u00e9lectrotechnique et des technologies de l\u2019\u00e9nergie et de l\u2019information.\" \/>\n<meta property=\"og:url\" content=\"https:\/\/www.electrosuisse.ch\/fr\/devenez-membre\/\" \/>\n<meta property=\"og:site_name\" content=\"Electrosuisse\" \/>\n<meta property=\"article:modified_time\" content=\"2026-03-30T11:28:53+00:00\" \/>\n<meta property=\"og:image\" content=\"https:\/\/www.electrosuisse.ch\/wp-content\/uploads\/2019\/04\/Electrosuisse_Mitgliedschaft_iStock_56897300.jpg\" \/>\n\t<meta property=\"og:image:width\" content=\"1578\" \/>\n\t<meta property=\"og:image:height\" content=\"650\" \/>\n\t<meta property=\"og:image:type\" content=\"image\/jpeg\" \/>\n<script type=\"application\/ld+json\" class=\"yoast-schema-graph\">{\"@context\":\"https:\/\/schema.org\",\"@graph\":[{\"@type\":\"WebPage\",\"@id\":\"https:\/\/www.electrosuisse.ch\/fr\/devenez-membre\/\",\"url\":\"https:\/\/www.electrosuisse.ch\/fr\/devenez-membre\/\",\"name\":\"Devenir membre d\u2019Electrosuisse\",\"isPartOf\":{\"@id\":\"https:\/\/www.electrosuisse.ch\/fr\/#website\"},\"datePublished\":\"2021-11-17T13:10:26+00:00\",\"dateModified\":\"2026-03-30T11:28:53+00:00\",\"description\":\"Les membres profitent de nouvelles et manifestations actuelles et d\u2019un r\u00e9seau de sp\u00e9cialistes du domaine de l\u2019\u00e9lectrotechnique et des technologies de l\u2019\u00e9nergie et de l\u2019information.\",\"inLanguage\":\"fr-FR\",\"potentialAction\":[{\"@type\":\"ReadAction\",\"target\":[\"https:\/\/www.electrosuisse.ch\/fr\/devenez-membre\/\"]}]},{\"@type\":\"WebSite\",\"@id\":\"https:\/\/www.electrosuisse.ch\/fr\/#website\",\"url\":\"https:\/\/www.electrosuisse.ch\/fr\/\",\"name\":\"Electrosuisse\",\"description\":\"\",\"publisher\":{\"@id\":\"https:\/\/www.electrosuisse.ch\/fr\/#organization\"},\"potentialAction\":[{\"@type\":\"SearchAction\",\"target\":{\"@type\":\"EntryPoint\",\"urlTemplate\":\"https:\/\/www.electrosuisse.ch\/fr\/?s={search_term_string}\"},\"query-input\":{\"@type\":\"PropertyValueSpecification\",\"valueRequired\":true,\"valueName\":\"search_term_string\"}}],\"inLanguage\":\"fr-FR\"},{\"@type\":\"Organization\",\"@id\":\"https:\/\/www.electrosuisse.ch\/fr\/#organization\",\"name\":\"Electrosuisse\",\"url\":\"https:\/\/www.electrosuisse.ch\/fr\/\",\"logo\":{\"@type\":\"ImageObject\",\"inLanguage\":\"fr-FR\",\"@id\":\"https:\/\/www.electrosuisse.ch\/fr\/#\/schema\/logo\/image\/\",\"url\":\"https:\/\/www.electrosuisse.ch\/wp-content\/uploads\/2025\/04\/Electrosuisse_Logo_696x696.png\",\"contentUrl\":\"https:\/\/www.electrosuisse.ch\/wp-content\/uploads\/2025\/04\/Electrosuisse_Logo_696x696.png\",\"width\":696,\"height\":696,\"caption\":\"Electrosuisse\"},\"image\":{\"@id\":\"https:\/\/www.electrosuisse.ch\/fr\/#\/schema\/logo\/image\/\"},\"sameAs\":[\"https:\/\/www.linkedin.com\/company\/electrosuisse-ag\/posts\/?feedView=all\",\"https:\/\/www.instagram.com\/electrosuisse1889\/\",\"https:\/\/www.youtube.com\/channel\/UCoOxohMiVE0Gjcdis1L09zw\"],\"description\":\"Electrosuisse ist eine anerkannte und unabh\u00e4ngige Fachorganisation, die erstklassige Dienstleistungen und Produkte in den Bereichen Inspektion, Beratung, Pr\u00fcfung, Zertifizierung, Normung und Weiterbildung anbietet. Unsere Expertise umfasst Elektrotechnik, Elektromobilit\u00e4t, Energieberatung, Geb\u00e4udeautomation und Photovoltaik in der Schweiz. Durch die Veranstaltung etablierter Branchen-Events und Fachtagungen f\u00f6rdert Electrosuisse den Wissenstransfer und den fachlichen Austausch. Im Mittelpunkt unserer T\u00e4tigkeiten steht die F\u00f6rderung der sicheren, wirtschaftlichen und umweltgerechten Anwendung der Elektrotechnik.\"}]}<\/script>\n<!-- \/ Yoast SEO Premium plugin. -->","yoast_head_json":{"title":"Devenir membre d\u2019Electrosuisse","description":"Les membres profitent de nouvelles et manifestations actuelles et d\u2019un r\u00e9seau de sp\u00e9cialistes du domaine de l\u2019\u00e9lectrotechnique et des technologies de l\u2019\u00e9nergie et de l\u2019information.","robots":{"index":"index","follow":"follow","max-snippet":"max-snippet:-1","max-image-preview":"max-image-preview:large","max-video-preview":"max-video-preview:-1"},"canonical":"https:\/\/www.electrosuisse.ch\/fr\/devenez-membre\/","og_locale":"fr_FR","og_type":"article","og_title":"Devenir membre d\u2019Electrosuisse","og_description":"Les membres profitent de nouvelles et manifestations actuelles et d\u2019un r\u00e9seau de sp\u00e9cialistes du domaine de l\u2019\u00e9lectrotechnique et des technologies de l\u2019\u00e9nergie et de l\u2019information.","og_url":"https:\/\/www.electrosuisse.ch\/fr\/devenez-membre\/","og_site_name":"Electrosuisse","article_modified_time":"2026-03-30T11:28:53+00:00","og_image":[{"width":1578,"height":650,"url":"https:\/\/www.electrosuisse.ch\/wp-content\/uploads\/2019\/04\/Electrosuisse_Mitgliedschaft_iStock_56897300.jpg","type":"image\/jpeg"}],"schema":{"@context":"https:\/\/schema.org","@graph":[{"@type":"WebPage","@id":"https:\/\/www.electrosuisse.ch\/fr\/devenez-membre\/","url":"https:\/\/www.electrosuisse.ch\/fr\/devenez-membre\/","name":"Devenir membre d\u2019Electrosuisse","isPartOf":{"@id":"https:\/\/www.electrosuisse.ch\/fr\/#website"},"datePublished":"2021-11-17T13:10:26+00:00","dateModified":"2026-03-30T11:28:53+00:00","description":"Les membres profitent de nouvelles et manifestations actuelles et d\u2019un r\u00e9seau de sp\u00e9cialistes du domaine de l\u2019\u00e9lectrotechnique et des technologies de l\u2019\u00e9nergie et de l\u2019information.","inLanguage":"fr-FR","potentialAction":[{"@type":"ReadAction","target":["https:\/\/www.electrosuisse.ch\/fr\/devenez-membre\/"]}]},{"@type":"WebSite","@id":"https:\/\/www.electrosuisse.ch\/fr\/#website","url":"https:\/\/www.electrosuisse.ch\/fr\/","name":"Electrosuisse","description":"","publisher":{"@id":"https:\/\/www.electrosuisse.ch\/fr\/#organization"},"potentialAction":[{"@type":"SearchAction","target":{"@type":"EntryPoint","urlTemplate":"https:\/\/www.electrosuisse.ch\/fr\/?s={search_term_string}"},"query-input":{"@type":"PropertyValueSpecification","valueRequired":true,"valueName":"search_term_string"}}],"inLanguage":"fr-FR"},{"@type":"Organization","@id":"https:\/\/www.electrosuisse.ch\/fr\/#organization","name":"Electrosuisse","url":"https:\/\/www.electrosuisse.ch\/fr\/","logo":{"@type":"ImageObject","inLanguage":"fr-FR","@id":"https:\/\/www.electrosuisse.ch\/fr\/#\/schema\/logo\/image\/","url":"https:\/\/www.electrosuisse.ch\/wp-content\/uploads\/2025\/04\/Electrosuisse_Logo_696x696.png","contentUrl":"https:\/\/www.electrosuisse.ch\/wp-content\/uploads\/2025\/04\/Electrosuisse_Logo_696x696.png","width":696,"height":696,"caption":"Electrosuisse"},"image":{"@id":"https:\/\/www.electrosuisse.ch\/fr\/#\/schema\/logo\/image\/"},"sameAs":["https:\/\/www.linkedin.com\/company\/electrosuisse-ag\/posts\/?feedView=all","https:\/\/www.instagram.com\/electrosuisse1889\/","https:\/\/www.youtube.com\/channel\/UCoOxohMiVE0Gjcdis1L09zw"],"description":"Electrosuisse ist eine anerkannte und unabh\u00e4ngige Fachorganisation, die erstklassige Dienstleistungen und Produkte in den Bereichen Inspektion, Beratung, Pr\u00fcfung, Zertifizierung, Normung und Weiterbildung anbietet. Unsere Expertise umfasst Elektrotechnik, Elektromobilit\u00e4t, Energieberatung, Geb\u00e4udeautomation und Photovoltaik in der Schweiz. Durch die Veranstaltung etablierter Branchen-Events und Fachtagungen f\u00f6rdert Electrosuisse den Wissenstransfer und den fachlichen Austausch. Im Mittelpunkt unserer T\u00e4tigkeiten steht die F\u00f6rderung der sicheren, wirtschaftlichen und umweltgerechten Anwendung der Elektrotechnik."}]}},"amp_enabled":true,"_links":{"self":[{"href":"https:\/\/www.electrosuisse.ch\/fr\/wp-json\/wp\/v2\/pages\/19605","targetHints":{"allow":["GET"]}}],"collection":[{"href":"https:\/\/www.electrosuisse.ch\/fr\/wp-json\/wp\/v2\/pages"}],"about":[{"href":"https:\/\/www.electrosuisse.ch\/fr\/wp-json\/wp\/v2\/types\/page"}],"author":[{"embeddable":true,"href":"https:\/\/www.electrosuisse.ch\/fr\/wp-json\/wp\/v2\/users\/6"}],"replies":[{"embeddable":true,"href":"https:\/\/www.electrosuisse.ch\/fr\/wp-json\/wp\/v2\/comments?post=19605"}],"version-history":[{"count":12,"href":"https:\/\/www.electrosuisse.ch\/fr\/wp-json\/wp\/v2\/pages\/19605\/revisions"}],"predecessor-version":[{"id":43625,"href":"https:\/\/www.electrosuisse.ch\/fr\/wp-json\/wp\/v2\/pages\/19605\/revisions\/43625"}],"wp:attachment":[{"href":"https:\/\/www.electrosuisse.ch\/fr\/wp-json\/wp\/v2\/media?parent=19605"}],"curies":[{"name":"wp","href":"https:\/\/api.w.org\/{rel}","templated":true}]}}