{"id":18920,"date":"2021-08-12T10:19:57","date_gmt":"2021-08-12T08:19:57","guid":{"rendered":"https:\/\/www.electrosuisse.ch\/normalisation\/value-added-services\/"},"modified":"2021-09-16T13:17:22","modified_gmt":"2021-09-16T11:17:22","slug":"value-added-services","status":"publish","type":"page","link":"https:\/\/www.electrosuisse.ch\/fr\/pourquoi-normaliser\/value-added-services\/","title":{"rendered":"Value Added Services"},"content":{"rendered":"<div class=\"wpb-content-wrapper\"><p>[vc_row][vc_column][vc_column_text]<\/p>\n<h1>Value Added Services<\/h1>\n<p>Le CES propose des services de valeur ajout\u00e9e en rapport avec le domaine de la normalisation \u00e9lectrotechnique, et plus pr\u00e9cis\u00e9ment (liste non exhaustive)\u00a0:<\/p>\n<ul>\n<li>Consulting<\/li>\n<li>Conformit\u00e9\n<ul>\n<li>V\u00e9rification des exigences de certification et\/ou proposition de certification ou mandat de certification \u00e0 l\u2019institut de contr\u00f4le<\/li>\n<li>\u00c9valuation de la DoC (Declaration of Conformity) ou de la DoP (Declaration of Performance)<\/li>\n<li>Deuxi\u00e8me avis ind\u00e9pendant<\/li>\n<li>Management et consulting conformit\u00e9 des produits<\/li>\n<li>Monitoring conformit\u00e9 des produits<\/li>\n<\/ul>\n<\/li>\n<\/ul>\n<ul>\n<li>Surveillance et validation des normes quant \u00e0 leur actualit\u00e9 (documents \u00e9lectrotechniques)<\/li>\n<li>Reprise de r\u00f4les<\/li>\n<\/ul>\n<p>Si vous \u00eates int\u00e9ress\u00e9\u00b7e par nos services de valeur ajout\u00e9e, vous pouvez nous contacter sous\u00a0: <strong><a href=\"&#109;&#x61;&#105;&#x6c;&#116;&#x6f;&#58;&#x63;e&#x73;&#64;&#x65;l&#x65;c&#116;&#x72;&#111;&#x73;&#117;&#x69;&#115;&#x73;&#101;&#x2e;c&#x68;\" target=\"_blank\" rel=\"noopener\">&#x63;&#x65;&#x73;&#x40;&#x65;&#x6c;&#x65;&#x63;&#x74;&#x72;&#x6f;&#x73;&#x75;&#x69;&#x73;&#x73;&#x65;&#x2e;&#x63;&#x68;<\/a><\/strong><\/p>\n<p>Nous vous soumettrons l\u2019offre adapt\u00e9e \u00e0 votre probl\u00e9matique sp\u00e9cifique et\/ou \u00e0 vos t\u00e2ches sp\u00e9cifiques.[\/vc_column_text][\/vc_column][\/vc_row]<\/p>\n<\/div>","protected":false},"excerpt":{"rendered":"<p>[vc_row][vc_column][vc_column_text] Value Added Services Le CES propose des services de valeur ajout\u00e9e en rapport avec le domaine de la normalisation \u00e9lectrotechnique, et plus pr\u00e9cis\u00e9ment (liste non exhaustive)\u00a0: Consulting Conformit\u00e9 V\u00e9rification des exigences de certification et\/ou proposition de certification ou mandat de certification \u00e0 l\u2019institut de contr\u00f4le \u00c9valuation de la DoC (Declaration of Conformity) ou de [&hellip;]<\/p>\n","protected":false},"author":20,"featured_media":0,"parent":3781,"menu_order":182,"comment_status":"closed","ping_status":"closed","template":"","meta":{"_acf_changed":false,"_monsterinsights_skip_tracking":false,"_monsterinsights_sitenote_active":false,"_monsterinsights_sitenote_note":"","_monsterinsights_sitenote_category":0,"footnotes":""},"class_list":["post-18920","page","type-page","status-publish","hentry"],"acf":[],"yoast_head":"<!-- This site is optimized with the Yoast SEO Premium plugin v26.4 (Yoast SEO v27.0) - https:\/\/yoast.com\/product\/yoast-seo-premium-wordpress\/ -->\n<title>Value Added Services - Electrosuisse<\/title>\n<meta name=\"robots\" content=\"index, follow, max-snippet:-1, max-image-preview:large, max-video-preview:-1\" \/>\n<link rel=\"canonical\" href=\"https:\/\/www.electrosuisse.ch\/fr\/pourquoi-normaliser\/value-added-services\/\" \/>\n<meta property=\"og:locale\" content=\"fr_FR\" \/>\n<meta property=\"og:type\" content=\"article\" \/>\n<meta property=\"og:title\" content=\"Value Added Services - Electrosuisse\" \/>\n<meta property=\"og:description\" content=\"[vc_row][vc_column][vc_column_text] Value Added Services Le CES propose des services de valeur ajout\u00e9e en rapport avec le domaine de la normalisation \u00e9lectrotechnique, et plus pr\u00e9cis\u00e9ment (liste non exhaustive)\u00a0: Consulting Conformit\u00e9 V\u00e9rification des exigences de certification et\/ou proposition de certification ou mandat de certification \u00e0 l\u2019institut de contr\u00f4le \u00c9valuation de la DoC (Declaration of Conformity) ou de [&hellip;]\" \/>\n<meta property=\"og:url\" content=\"https:\/\/www.electrosuisse.ch\/fr\/pourquoi-normaliser\/value-added-services\/\" \/>\n<meta property=\"og:site_name\" content=\"Electrosuisse\" \/>\n<meta property=\"article:modified_time\" content=\"2021-09-16T11:17:22+00:00\" \/>\n<meta property=\"og:image\" content=\"https:\/\/www.electrosuisse.ch\/wp-content\/uploads\/2022\/12\/Electrosuisse_Ueber_uns_1578x650.jpg\" \/>\n\t<meta property=\"og:image:width\" content=\"1578\" \/>\n\t<meta property=\"og:image:height\" content=\"650\" \/>\n\t<meta property=\"og:image:type\" content=\"image\/jpeg\" \/>\n<script type=\"application\/ld+json\" class=\"yoast-schema-graph\">{\"@context\":\"https:\/\/schema.org\",\"@graph\":[{\"@type\":\"WebPage\",\"@id\":\"https:\/\/www.electrosuisse.ch\/fr\/pourquoi-normaliser\/value-added-services\/\",\"url\":\"https:\/\/www.electrosuisse.ch\/fr\/pourquoi-normaliser\/value-added-services\/\",\"name\":\"Value Added Services - Electrosuisse\",\"isPartOf\":{\"@id\":\"https:\/\/www.electrosuisse.ch\/fr\/#website\"},\"datePublished\":\"2021-08-12T08:19:57+00:00\",\"dateModified\":\"2021-09-16T11:17:22+00:00\",\"breadcrumb\":{\"@id\":\"https:\/\/www.electrosuisse.ch\/fr\/pourquoi-normaliser\/value-added-services\/#breadcrumb\"},\"inLanguage\":\"fr-FR\",\"potentialAction\":[{\"@type\":\"ReadAction\",\"target\":[\"https:\/\/www.electrosuisse.ch\/fr\/pourquoi-normaliser\/value-added-services\/\"]}]},{\"@type\":\"BreadcrumbList\",\"@id\":\"https:\/\/www.electrosuisse.ch\/fr\/pourquoi-normaliser\/value-added-services\/#breadcrumb\",\"itemListElement\":[{\"@type\":\"ListItem\",\"position\":1,\"name\":\"Normalisation\",\"item\":\"https:\/\/www.electrosuisse.ch\/fr\/pourquoi-normaliser\/\"},{\"@type\":\"ListItem\",\"position\":2,\"name\":\"Value Added Services\"}]},{\"@type\":\"WebSite\",\"@id\":\"https:\/\/www.electrosuisse.ch\/fr\/#website\",\"url\":\"https:\/\/www.electrosuisse.ch\/fr\/\",\"name\":\"Electrosuisse\",\"description\":\"\",\"publisher\":{\"@id\":\"https:\/\/www.electrosuisse.ch\/fr\/#organization\"},\"potentialAction\":[{\"@type\":\"SearchAction\",\"target\":{\"@type\":\"EntryPoint\",\"urlTemplate\":\"https:\/\/www.electrosuisse.ch\/fr\/?s={search_term_string}\"},\"query-input\":{\"@type\":\"PropertyValueSpecification\",\"valueRequired\":true,\"valueName\":\"search_term_string\"}}],\"inLanguage\":\"fr-FR\"},{\"@type\":\"Organization\",\"@id\":\"https:\/\/www.electrosuisse.ch\/fr\/#organization\",\"name\":\"Electrosuisse\",\"url\":\"https:\/\/www.electrosuisse.ch\/fr\/\",\"logo\":{\"@type\":\"ImageObject\",\"inLanguage\":\"fr-FR\",\"@id\":\"https:\/\/www.electrosuisse.ch\/fr\/#\/schema\/logo\/image\/\",\"url\":\"https:\/\/www.electrosuisse.ch\/wp-content\/uploads\/2025\/04\/Electrosuisse_Logo_696x696.png\",\"contentUrl\":\"https:\/\/www.electrosuisse.ch\/wp-content\/uploads\/2025\/04\/Electrosuisse_Logo_696x696.png\",\"width\":696,\"height\":696,\"caption\":\"Electrosuisse\"},\"image\":{\"@id\":\"https:\/\/www.electrosuisse.ch\/fr\/#\/schema\/logo\/image\/\"},\"sameAs\":[\"https:\/\/www.linkedin.com\/company\/electrosuisse-ag\/posts\/?feedView=all\",\"https:\/\/www.instagram.com\/electrosuisse1889\/\",\"https:\/\/www.youtube.com\/channel\/UCoOxohMiVE0Gjcdis1L09zw\"],\"description\":\"Electrosuisse ist eine anerkannte und unabh\u00e4ngige Fachorganisation, die erstklassige Dienstleistungen und Produkte in den Bereichen Inspektion, Beratung, Pr\u00fcfung, Zertifizierung, Normung und Weiterbildung anbietet. Unsere Expertise umfasst Elektrotechnik, Elektromobilit\u00e4t, Energieberatung, Geb\u00e4udeautomation und Photovoltaik in der Schweiz. Durch die Veranstaltung etablierter Branchen-Events und Fachtagungen f\u00f6rdert Electrosuisse den Wissenstransfer und den fachlichen Austausch. Im Mittelpunkt unserer T\u00e4tigkeiten steht die F\u00f6rderung der sicheren, wirtschaftlichen und umweltgerechten Anwendung der Elektrotechnik.\"}]}<\/script>\n<!-- \/ Yoast SEO Premium plugin. -->","yoast_head_json":{"title":"Value Added Services - Electrosuisse","robots":{"index":"index","follow":"follow","max-snippet":"max-snippet:-1","max-image-preview":"max-image-preview:large","max-video-preview":"max-video-preview:-1"},"canonical":"https:\/\/www.electrosuisse.ch\/fr\/pourquoi-normaliser\/value-added-services\/","og_locale":"fr_FR","og_type":"article","og_title":"Value Added Services - Electrosuisse","og_description":"[vc_row][vc_column][vc_column_text] Value Added Services Le CES propose des services de valeur ajout\u00e9e en rapport avec le domaine de la normalisation \u00e9lectrotechnique, et plus pr\u00e9cis\u00e9ment (liste non exhaustive)\u00a0: Consulting Conformit\u00e9 V\u00e9rification des exigences de certification et\/ou proposition de certification ou mandat de certification \u00e0 l\u2019institut de contr\u00f4le \u00c9valuation de la DoC (Declaration of Conformity) ou de [&hellip;]","og_url":"https:\/\/www.electrosuisse.ch\/fr\/pourquoi-normaliser\/value-added-services\/","og_site_name":"Electrosuisse","article_modified_time":"2021-09-16T11:17:22+00:00","og_image":[{"width":1578,"height":650,"url":"https:\/\/www.electrosuisse.ch\/wp-content\/uploads\/2022\/12\/Electrosuisse_Ueber_uns_1578x650.jpg","type":"image\/jpeg"}],"schema":{"@context":"https:\/\/schema.org","@graph":[{"@type":"WebPage","@id":"https:\/\/www.electrosuisse.ch\/fr\/pourquoi-normaliser\/value-added-services\/","url":"https:\/\/www.electrosuisse.ch\/fr\/pourquoi-normaliser\/value-added-services\/","name":"Value Added Services - Electrosuisse","isPartOf":{"@id":"https:\/\/www.electrosuisse.ch\/fr\/#website"},"datePublished":"2021-08-12T08:19:57+00:00","dateModified":"2021-09-16T11:17:22+00:00","breadcrumb":{"@id":"https:\/\/www.electrosuisse.ch\/fr\/pourquoi-normaliser\/value-added-services\/#breadcrumb"},"inLanguage":"fr-FR","potentialAction":[{"@type":"ReadAction","target":["https:\/\/www.electrosuisse.ch\/fr\/pourquoi-normaliser\/value-added-services\/"]}]},{"@type":"BreadcrumbList","@id":"https:\/\/www.electrosuisse.ch\/fr\/pourquoi-normaliser\/value-added-services\/#breadcrumb","itemListElement":[{"@type":"ListItem","position":1,"name":"Normalisation","item":"https:\/\/www.electrosuisse.ch\/fr\/pourquoi-normaliser\/"},{"@type":"ListItem","position":2,"name":"Value Added Services"}]},{"@type":"WebSite","@id":"https:\/\/www.electrosuisse.ch\/fr\/#website","url":"https:\/\/www.electrosuisse.ch\/fr\/","name":"Electrosuisse","description":"","publisher":{"@id":"https:\/\/www.electrosuisse.ch\/fr\/#organization"},"potentialAction":[{"@type":"SearchAction","target":{"@type":"EntryPoint","urlTemplate":"https:\/\/www.electrosuisse.ch\/fr\/?s={search_term_string}"},"query-input":{"@type":"PropertyValueSpecification","valueRequired":true,"valueName":"search_term_string"}}],"inLanguage":"fr-FR"},{"@type":"Organization","@id":"https:\/\/www.electrosuisse.ch\/fr\/#organization","name":"Electrosuisse","url":"https:\/\/www.electrosuisse.ch\/fr\/","logo":{"@type":"ImageObject","inLanguage":"fr-FR","@id":"https:\/\/www.electrosuisse.ch\/fr\/#\/schema\/logo\/image\/","url":"https:\/\/www.electrosuisse.ch\/wp-content\/uploads\/2025\/04\/Electrosuisse_Logo_696x696.png","contentUrl":"https:\/\/www.electrosuisse.ch\/wp-content\/uploads\/2025\/04\/Electrosuisse_Logo_696x696.png","width":696,"height":696,"caption":"Electrosuisse"},"image":{"@id":"https:\/\/www.electrosuisse.ch\/fr\/#\/schema\/logo\/image\/"},"sameAs":["https:\/\/www.linkedin.com\/company\/electrosuisse-ag\/posts\/?feedView=all","https:\/\/www.instagram.com\/electrosuisse1889\/","https:\/\/www.youtube.com\/channel\/UCoOxohMiVE0Gjcdis1L09zw"],"description":"Electrosuisse ist eine anerkannte und unabh\u00e4ngige Fachorganisation, die erstklassige Dienstleistungen und Produkte in den Bereichen Inspektion, Beratung, Pr\u00fcfung, Zertifizierung, Normung und Weiterbildung anbietet. Unsere Expertise umfasst Elektrotechnik, Elektromobilit\u00e4t, Energieberatung, Geb\u00e4udeautomation und Photovoltaik in der Schweiz. Durch die Veranstaltung etablierter Branchen-Events und Fachtagungen f\u00f6rdert Electrosuisse den Wissenstransfer und den fachlichen Austausch. Im Mittelpunkt unserer T\u00e4tigkeiten steht die F\u00f6rderung der sicheren, wirtschaftlichen und umweltgerechten Anwendung der Elektrotechnik."}]}},"amp_enabled":true,"_links":{"self":[{"href":"https:\/\/www.electrosuisse.ch\/fr\/wp-json\/wp\/v2\/pages\/18920","targetHints":{"allow":["GET"]}}],"collection":[{"href":"https:\/\/www.electrosuisse.ch\/fr\/wp-json\/wp\/v2\/pages"}],"about":[{"href":"https:\/\/www.electrosuisse.ch\/fr\/wp-json\/wp\/v2\/types\/page"}],"author":[{"embeddable":true,"href":"https:\/\/www.electrosuisse.ch\/fr\/wp-json\/wp\/v2\/users\/20"}],"replies":[{"embeddable":true,"href":"https:\/\/www.electrosuisse.ch\/fr\/wp-json\/wp\/v2\/comments?post=18920"}],"version-history":[{"count":0,"href":"https:\/\/www.electrosuisse.ch\/fr\/wp-json\/wp\/v2\/pages\/18920\/revisions"}],"up":[{"embeddable":true,"href":"https:\/\/www.electrosuisse.ch\/fr\/wp-json\/wp\/v2\/pages\/3781"}],"wp:attachment":[{"href":"https:\/\/www.electrosuisse.ch\/fr\/wp-json\/wp\/v2\/media?parent=18920"}],"curies":[{"name":"wp","href":"https:\/\/api.w.org\/{rel}","templated":true}]}}