{"id":18912,"date":"2021-08-11T16:08:58","date_gmt":"2021-08-11T14:08:58","guid":{"rendered":"https:\/\/www.electrosuisse.ch\/normalisation\/training\/"},"modified":"2024-01-09T16:39:26","modified_gmt":"2024-01-09T15:39:26","slug":"formation","status":"publish","type":"page","link":"https:\/\/www.electrosuisse.ch\/fr\/pourquoi-normaliser\/formation\/","title":{"rendered":"Formation"},"content":{"rendered":"<div class=\"wpb-content-wrapper\"><p>[vc_row][vc_column][vc_column_text]<\/p>\n<h1>Formation<\/h1>\n<p>Le CES propose des formations sur le th\u00e8me de la \u00ab\u00a0normalisation\u00a0\u00bb aux personnes et entreprises int\u00e9ress\u00e9es, mais aussi aux \u00e9tablissements de formation, aux autorit\u00e9s, aux sp\u00e9cialistes, etc. Les formations peuvent \u00eatre organis\u00e9es individuellement en fonction de vos besoins sp\u00e9cifiques. Plusieurs m\u00e9thodes et outils sont \u00e9galement utilis\u00e9s.<\/p>\n<p>Des formations en live et\/ou virtuelles ainsi que des webinaires sont \u00e9galement possibles.<\/p>\n<p>Les formations sont dispens\u00e9es par des sp\u00e9cialistes av\u00e9r\u00e9s et propos\u00e9es dans diff\u00e9rentes langues.<\/p>\n<p>Si vous \u00eates int\u00e9ress\u00e9\u00b7e par une formation, vous pouvez nous contacter sous\u00a0: <strong><a href=\"&#x6d;&#x61;&#x69;&#108;&#116;o:&#x63;&#x65;&#x73;&#64;&#101;le&#x63;&#x74;&#x72;&#111;&#115;ui&#x73;&#x73;&#x65;&#46;&#99;h\" target=\"_blank\" rel=\"noopener\">&#x63;&#x65;&#x73;&#x40;&#x65;&#x6c;&#x65;&#99;&#116;&#114;&#111;&#115;uiss&#x65;&#x2e;&#x63;&#x68;<\/a><br \/>\n<\/strong>Nous vous soumettrons une offre de formation adapt\u00e9e \u00e0 vos objectifs sp\u00e9cifiques.<\/p>\n<p><strong><br \/>\nFormations \u00e0 venir\u00a0:<br \/>\n<\/strong><\/p>\n<ul>\n<li>Normes \u2013 La porte sur le monde \u2013 Notre formation de base pour les entreprises et les \u00e9tablissements de formation<\/li>\n<li>Conseils et astuces \u2013 Travail de normalisation pratique \u2013 Notre atelier destin\u00e9 aux sp\u00e9cialistes qui en sont \u00e0 leurs d\u00e9buts en mati\u00e8re de normalisation<\/li>\n<\/ul>\n<p>[\/vc_column_text][\/vc_column][\/vc_row]<\/p>\n<\/div>","protected":false},"excerpt":{"rendered":"<p>[vc_row][vc_column][vc_column_text] Formation Le CES propose des formations sur le th\u00e8me de la \u00ab\u00a0normalisation\u00a0\u00bb aux personnes et entreprises int\u00e9ress\u00e9es, mais aussi aux \u00e9tablissements de formation, aux autorit\u00e9s, aux sp\u00e9cialistes, etc. Les formations peuvent \u00eatre organis\u00e9es individuellement en fonction de vos besoins sp\u00e9cifiques. Plusieurs m\u00e9thodes et outils sont \u00e9galement utilis\u00e9s. Des formations en live et\/ou virtuelles ainsi [&hellip;]<\/p>\n","protected":false},"author":20,"featured_media":0,"parent":3781,"menu_order":180,"comment_status":"closed","ping_status":"closed","template":"","meta":{"_acf_changed":false,"_monsterinsights_skip_tracking":false,"_monsterinsights_sitenote_active":false,"_monsterinsights_sitenote_note":"","_monsterinsights_sitenote_category":0,"footnotes":""},"class_list":["post-18912","page","type-page","status-publish","hentry"],"acf":[],"yoast_head":"<!-- This site is optimized with the Yoast SEO Premium plugin v26.4 (Yoast SEO v27.0) - https:\/\/yoast.com\/product\/yoast-seo-premium-wordpress\/ -->\n<title>Formation - Electrosuisse<\/title>\n<meta name=\"robots\" content=\"index, follow, max-snippet:-1, max-image-preview:large, max-video-preview:-1\" \/>\n<link rel=\"canonical\" href=\"https:\/\/www.electrosuisse.ch\/fr\/pourquoi-normaliser\/formation\/\" \/>\n<meta property=\"og:locale\" content=\"fr_FR\" \/>\n<meta property=\"og:type\" content=\"article\" \/>\n<meta property=\"og:title\" content=\"Formation - Electrosuisse\" \/>\n<meta property=\"og:description\" content=\"[vc_row][vc_column][vc_column_text] Formation Le CES propose des formations sur le th\u00e8me de la \u00ab\u00a0normalisation\u00a0\u00bb aux personnes et entreprises int\u00e9ress\u00e9es, mais aussi aux \u00e9tablissements de formation, aux autorit\u00e9s, aux sp\u00e9cialistes, etc. Les formations peuvent \u00eatre organis\u00e9es individuellement en fonction de vos besoins sp\u00e9cifiques. Plusieurs m\u00e9thodes et outils sont \u00e9galement utilis\u00e9s. Des formations en live et\/ou virtuelles ainsi [&hellip;]\" \/>\n<meta property=\"og:url\" content=\"https:\/\/www.electrosuisse.ch\/fr\/pourquoi-normaliser\/formation\/\" \/>\n<meta property=\"og:site_name\" content=\"Electrosuisse\" \/>\n<meta property=\"article:modified_time\" content=\"2024-01-09T15:39:26+00:00\" \/>\n<meta property=\"og:image\" content=\"https:\/\/www.electrosuisse.ch\/wp-content\/uploads\/2022\/12\/Electrosuisse_Ueber_uns_1578x650.jpg\" \/>\n\t<meta property=\"og:image:width\" content=\"1578\" \/>\n\t<meta property=\"og:image:height\" content=\"650\" \/>\n\t<meta property=\"og:image:type\" content=\"image\/jpeg\" \/>\n<script type=\"application\/ld+json\" class=\"yoast-schema-graph\">{\"@context\":\"https:\/\/schema.org\",\"@graph\":[{\"@type\":\"WebPage\",\"@id\":\"https:\/\/www.electrosuisse.ch\/fr\/pourquoi-normaliser\/formation\/\",\"url\":\"https:\/\/www.electrosuisse.ch\/fr\/pourquoi-normaliser\/formation\/\",\"name\":\"Formation - Electrosuisse\",\"isPartOf\":{\"@id\":\"https:\/\/www.electrosuisse.ch\/fr\/#website\"},\"datePublished\":\"2021-08-11T14:08:58+00:00\",\"dateModified\":\"2024-01-09T15:39:26+00:00\",\"breadcrumb\":{\"@id\":\"https:\/\/www.electrosuisse.ch\/fr\/pourquoi-normaliser\/formation\/#breadcrumb\"},\"inLanguage\":\"fr-FR\",\"potentialAction\":[{\"@type\":\"ReadAction\",\"target\":[\"https:\/\/www.electrosuisse.ch\/fr\/pourquoi-normaliser\/formation\/\"]}]},{\"@type\":\"BreadcrumbList\",\"@id\":\"https:\/\/www.electrosuisse.ch\/fr\/pourquoi-normaliser\/formation\/#breadcrumb\",\"itemListElement\":[{\"@type\":\"ListItem\",\"position\":1,\"name\":\"Normalisation\",\"item\":\"https:\/\/www.electrosuisse.ch\/fr\/pourquoi-normaliser\/\"},{\"@type\":\"ListItem\",\"position\":2,\"name\":\"Formation\"}]},{\"@type\":\"WebSite\",\"@id\":\"https:\/\/www.electrosuisse.ch\/fr\/#website\",\"url\":\"https:\/\/www.electrosuisse.ch\/fr\/\",\"name\":\"Electrosuisse\",\"description\":\"\",\"publisher\":{\"@id\":\"https:\/\/www.electrosuisse.ch\/fr\/#organization\"},\"potentialAction\":[{\"@type\":\"SearchAction\",\"target\":{\"@type\":\"EntryPoint\",\"urlTemplate\":\"https:\/\/www.electrosuisse.ch\/fr\/?s={search_term_string}\"},\"query-input\":{\"@type\":\"PropertyValueSpecification\",\"valueRequired\":true,\"valueName\":\"search_term_string\"}}],\"inLanguage\":\"fr-FR\"},{\"@type\":\"Organization\",\"@id\":\"https:\/\/www.electrosuisse.ch\/fr\/#organization\",\"name\":\"Electrosuisse\",\"url\":\"https:\/\/www.electrosuisse.ch\/fr\/\",\"logo\":{\"@type\":\"ImageObject\",\"inLanguage\":\"fr-FR\",\"@id\":\"https:\/\/www.electrosuisse.ch\/fr\/#\/schema\/logo\/image\/\",\"url\":\"https:\/\/www.electrosuisse.ch\/wp-content\/uploads\/2025\/04\/Electrosuisse_Logo_696x696.png\",\"contentUrl\":\"https:\/\/www.electrosuisse.ch\/wp-content\/uploads\/2025\/04\/Electrosuisse_Logo_696x696.png\",\"width\":696,\"height\":696,\"caption\":\"Electrosuisse\"},\"image\":{\"@id\":\"https:\/\/www.electrosuisse.ch\/fr\/#\/schema\/logo\/image\/\"},\"sameAs\":[\"https:\/\/www.linkedin.com\/company\/electrosuisse-ag\/posts\/?feedView=all\",\"https:\/\/www.instagram.com\/electrosuisse1889\/\",\"https:\/\/www.youtube.com\/channel\/UCoOxohMiVE0Gjcdis1L09zw\"],\"description\":\"Electrosuisse ist eine anerkannte und unabh\u00e4ngige Fachorganisation, die erstklassige Dienstleistungen und Produkte in den Bereichen Inspektion, Beratung, Pr\u00fcfung, Zertifizierung, Normung und Weiterbildung anbietet. Unsere Expertise umfasst Elektrotechnik, Elektromobilit\u00e4t, Energieberatung, Geb\u00e4udeautomation und Photovoltaik in der Schweiz. Durch die Veranstaltung etablierter Branchen-Events und Fachtagungen f\u00f6rdert Electrosuisse den Wissenstransfer und den fachlichen Austausch. Im Mittelpunkt unserer T\u00e4tigkeiten steht die F\u00f6rderung der sicheren, wirtschaftlichen und umweltgerechten Anwendung der Elektrotechnik.\"}]}<\/script>\n<!-- \/ Yoast SEO Premium plugin. -->","yoast_head_json":{"title":"Formation - Electrosuisse","robots":{"index":"index","follow":"follow","max-snippet":"max-snippet:-1","max-image-preview":"max-image-preview:large","max-video-preview":"max-video-preview:-1"},"canonical":"https:\/\/www.electrosuisse.ch\/fr\/pourquoi-normaliser\/formation\/","og_locale":"fr_FR","og_type":"article","og_title":"Formation - Electrosuisse","og_description":"[vc_row][vc_column][vc_column_text] Formation Le CES propose des formations sur le th\u00e8me de la \u00ab\u00a0normalisation\u00a0\u00bb aux personnes et entreprises int\u00e9ress\u00e9es, mais aussi aux \u00e9tablissements de formation, aux autorit\u00e9s, aux sp\u00e9cialistes, etc. Les formations peuvent \u00eatre organis\u00e9es individuellement en fonction de vos besoins sp\u00e9cifiques. Plusieurs m\u00e9thodes et outils sont \u00e9galement utilis\u00e9s. Des formations en live et\/ou virtuelles ainsi [&hellip;]","og_url":"https:\/\/www.electrosuisse.ch\/fr\/pourquoi-normaliser\/formation\/","og_site_name":"Electrosuisse","article_modified_time":"2024-01-09T15:39:26+00:00","og_image":[{"width":1578,"height":650,"url":"https:\/\/www.electrosuisse.ch\/wp-content\/uploads\/2022\/12\/Electrosuisse_Ueber_uns_1578x650.jpg","type":"image\/jpeg"}],"schema":{"@context":"https:\/\/schema.org","@graph":[{"@type":"WebPage","@id":"https:\/\/www.electrosuisse.ch\/fr\/pourquoi-normaliser\/formation\/","url":"https:\/\/www.electrosuisse.ch\/fr\/pourquoi-normaliser\/formation\/","name":"Formation - Electrosuisse","isPartOf":{"@id":"https:\/\/www.electrosuisse.ch\/fr\/#website"},"datePublished":"2021-08-11T14:08:58+00:00","dateModified":"2024-01-09T15:39:26+00:00","breadcrumb":{"@id":"https:\/\/www.electrosuisse.ch\/fr\/pourquoi-normaliser\/formation\/#breadcrumb"},"inLanguage":"fr-FR","potentialAction":[{"@type":"ReadAction","target":["https:\/\/www.electrosuisse.ch\/fr\/pourquoi-normaliser\/formation\/"]}]},{"@type":"BreadcrumbList","@id":"https:\/\/www.electrosuisse.ch\/fr\/pourquoi-normaliser\/formation\/#breadcrumb","itemListElement":[{"@type":"ListItem","position":1,"name":"Normalisation","item":"https:\/\/www.electrosuisse.ch\/fr\/pourquoi-normaliser\/"},{"@type":"ListItem","position":2,"name":"Formation"}]},{"@type":"WebSite","@id":"https:\/\/www.electrosuisse.ch\/fr\/#website","url":"https:\/\/www.electrosuisse.ch\/fr\/","name":"Electrosuisse","description":"","publisher":{"@id":"https:\/\/www.electrosuisse.ch\/fr\/#organization"},"potentialAction":[{"@type":"SearchAction","target":{"@type":"EntryPoint","urlTemplate":"https:\/\/www.electrosuisse.ch\/fr\/?s={search_term_string}"},"query-input":{"@type":"PropertyValueSpecification","valueRequired":true,"valueName":"search_term_string"}}],"inLanguage":"fr-FR"},{"@type":"Organization","@id":"https:\/\/www.electrosuisse.ch\/fr\/#organization","name":"Electrosuisse","url":"https:\/\/www.electrosuisse.ch\/fr\/","logo":{"@type":"ImageObject","inLanguage":"fr-FR","@id":"https:\/\/www.electrosuisse.ch\/fr\/#\/schema\/logo\/image\/","url":"https:\/\/www.electrosuisse.ch\/wp-content\/uploads\/2025\/04\/Electrosuisse_Logo_696x696.png","contentUrl":"https:\/\/www.electrosuisse.ch\/wp-content\/uploads\/2025\/04\/Electrosuisse_Logo_696x696.png","width":696,"height":696,"caption":"Electrosuisse"},"image":{"@id":"https:\/\/www.electrosuisse.ch\/fr\/#\/schema\/logo\/image\/"},"sameAs":["https:\/\/www.linkedin.com\/company\/electrosuisse-ag\/posts\/?feedView=all","https:\/\/www.instagram.com\/electrosuisse1889\/","https:\/\/www.youtube.com\/channel\/UCoOxohMiVE0Gjcdis1L09zw"],"description":"Electrosuisse ist eine anerkannte und unabh\u00e4ngige Fachorganisation, die erstklassige Dienstleistungen und Produkte in den Bereichen Inspektion, Beratung, Pr\u00fcfung, Zertifizierung, Normung und Weiterbildung anbietet. Unsere Expertise umfasst Elektrotechnik, Elektromobilit\u00e4t, Energieberatung, Geb\u00e4udeautomation und Photovoltaik in der Schweiz. Durch die Veranstaltung etablierter Branchen-Events und Fachtagungen f\u00f6rdert Electrosuisse den Wissenstransfer und den fachlichen Austausch. Im Mittelpunkt unserer T\u00e4tigkeiten steht die F\u00f6rderung der sicheren, wirtschaftlichen und umweltgerechten Anwendung der Elektrotechnik."}]}},"amp_enabled":true,"_links":{"self":[{"href":"https:\/\/www.electrosuisse.ch\/fr\/wp-json\/wp\/v2\/pages\/18912","targetHints":{"allow":["GET"]}}],"collection":[{"href":"https:\/\/www.electrosuisse.ch\/fr\/wp-json\/wp\/v2\/pages"}],"about":[{"href":"https:\/\/www.electrosuisse.ch\/fr\/wp-json\/wp\/v2\/types\/page"}],"author":[{"embeddable":true,"href":"https:\/\/www.electrosuisse.ch\/fr\/wp-json\/wp\/v2\/users\/20"}],"replies":[{"embeddable":true,"href":"https:\/\/www.electrosuisse.ch\/fr\/wp-json\/wp\/v2\/comments?post=18912"}],"version-history":[{"count":1,"href":"https:\/\/www.electrosuisse.ch\/fr\/wp-json\/wp\/v2\/pages\/18912\/revisions"}],"predecessor-version":[{"id":33546,"href":"https:\/\/www.electrosuisse.ch\/fr\/wp-json\/wp\/v2\/pages\/18912\/revisions\/33546"}],"up":[{"embeddable":true,"href":"https:\/\/www.electrosuisse.ch\/fr\/wp-json\/wp\/v2\/pages\/3781"}],"wp:attachment":[{"href":"https:\/\/www.electrosuisse.ch\/fr\/wp-json\/wp\/v2\/media?parent=18912"}],"curies":[{"name":"wp","href":"https:\/\/api.w.org\/{rel}","templated":true}]}}