{"id":16848,"date":"2025-02-06T08:00:35","date_gmt":"2025-02-06T07:00:35","guid":{"rendered":"https:\/\/www.electrosuisse.ch\/?page_id=16848"},"modified":"2026-03-26T12:13:50","modified_gmt":"2026-03-26T11:13:50","slug":"assemblee-generale","status":"publish","type":"page","link":"https:\/\/www.electrosuisse.ch\/fr\/manifestation\/assemblee-generale\/","title":{"rendered":"Assembl\u00e9e g\u00e9n\u00e9rale"},"content":{"rendered":"<div class=\"wpb-content-wrapper\"><p>[vc_row disable_element=&#8221;yes&#8221;][vc_column][vc_column_text css=&#8221;&#8221;]<\/p>\n<h1>Save the Date: Assembl\u00e9e g\u00e9n\u00e9rale Electrosuisse<\/h1>\n<p>La 142<sup>e<\/sup> Assembl\u00e9e g\u00e9n\u00e9rale (ordinaire) aura lieu le :<\/p>\n<p><strong>7 mai 2026, 10h30 | CKW, Rathausen 1, 6032 Emmen<\/strong><\/p>\n<p>Le programme ainsi que l&#8217;ordre du jour et les propositions seront disponibles ici d\u00e8s fin mars. Les membres d&#8217;Electrosuisse recevront une invitation personnelle \u00e0 l\u2019Assembl\u00e9e g\u00e9n\u00e9rale.<\/p>\n<p><em>Photo: CKW<\/em>[\/vc_column_text][\/vc_column][\/vc_row][vc_row el_id=&#8221;programme&#8221;][vc_column][vc_column_text css=&#8221;&#8221;]<strong>Invitation \u00e0 la 142<sup>e<\/sup> Assembl\u00e9e g\u00e9n\u00e9rale (ordinaire)\u00a0<\/strong><\/p>\n<p>Jeudi 7 mai 2026 I CKW, Rathausen 1, 6032 Emmen[\/vc_column_text][vc_column_text css=&#8221;&#8221;]<\/p>\n<h2>Programme<\/h2>\n<p>[\/vc_column_text]<div class=\"wpb_process_column wpb_content_element\"><div class=\"wpb_wrapper\"><div class=\"process_container\"><div class=\"process\"><div class=\"process__symbol process__symbol--round\"><\/div><div class=\"process__content\"><h4>Accueil et caf\u00e9 de bienvenue<\/h4><p>09h30<\/p>\n<\/div><\/div><div class=\"process\"><div class=\"process__symbol process__symbol--round\"><\/div><div class=\"process__content\"><h4>Assembl\u00e9e g\u00e9n\u00e9rale<\/h4><p>10h30<\/p>\n<\/div><\/div><div class=\"process\"><div class=\"process__symbol process__symbol--round\"><\/div><div class=\"process__content\"><h4>Conf\u00e9rence de Gabriela Hug (en allemand)<\/h4><p><img decoding=\"async\" class=\"alignnone wp-image-42833 size-full\" src=\"https:\/\/www.electrosuisse.ch\/wp-content\/uploads\/2026\/03\/Gabriela_Hug_300x300.jpg\" alt=\"\" width=\"300\" height=\"300\" \/><\/p>\n<p><strong>Gabriela Hug<\/strong><\/p>\n<p>Professeure en transport d&#8217;\u00e9nergie \u00e9lectrique<br \/>\nETH Zurich, Zurich<\/p>\n<\/div><\/div><div class=\"process\"><div class=\"process__symbol process__symbol--round\"><\/div><div class=\"process__content\"><h4>Lunch<\/h4><p>12h30<\/p>\n<\/div><\/div>\n<\/div><\/div><\/div>[\/vc_column][\/vc_row][vc_row el_id=&#8221;download&#8221;][vc_column][vc_column_text css=&#8221;&#8221;]<\/p>\n<h2>Documents pour t\u00e9l\u00e9chargement<\/h2>\n<p>[\/vc_column_text]<div class=\"wpb_document_column wpb_content_element\"><div class=\"wpb_wrapper\"><div class=\"document document--pdf\"><a href=\"https:\/\/www.electrosuisse.ch\/wp-content\/uploads\/2026\/03\/Programm-Traktanden-und-Antraege_GV_26.pdf\" target=\"_blank\">Invitation\/Programme et Ordre du jour et propositions<\/a><\/div><\/div><\/div><div class=\"wpb_document_column wpb_content_element\"><div class=\"wpb_wrapper\"><div class=\"document document--pdf\"><a href=\"https:\/\/www.electrosuisse.ch\/wp-content\/uploads\/2026\/03\/Formulaire-Procuration-Membres-de-la-branche.pdf\" target=\"_blank\">Formulaire Procuration pour les membres de la branche<\/a><\/div><\/div><\/div><div class=\"wpb_document_column wpb_content_element\"><div class=\"wpb_wrapper\"><div class=\"document document--pdf\"><a href=\"https:\/\/www.electrosuisse.ch\/wp-content\/uploads\/2026\/03\/Formulaire-Procuration-Membres-personnels.pdf\" target=\"_blank\">Formulaire Procuration pour les membres personnels<\/a><\/div><\/div><\/div><div class=\"wpb_document_column wpb_content_element\"><div class=\"wpb_wrapper\"><div class=\"document document--pdf\"><a href=\"https:\/\/www.electrosuisse.ch\/wp-content\/uploads\/2024\/05\/24_05_23-Statuten-Statuts-Electrosuisse.pdf\" target=\"_blank\">Statuts<\/a><\/div><\/div><\/div>[\/vc_column][\/vc_row][vc_row el_id=&#8221;infos&#8221;][vc_column][vc_column_text css=&#8221;&#8221;]<\/p>\n<h2>Informations compl\u00e9mentaires sur les propositions<\/h2>\n<p>[\/vc_column_text]<div class=\"wpb_document_column wpb_content_element\"><div class=\"wpb_wrapper\"><div class=\"document document--pdf\"><a href=\"https:\/\/www.electrosuisse.ch\/wp-content\/uploads\/2026\/03\/Trakt.-2-Proces-verbal-141-Assemblee-generale-Electrosuisse.pdf\" target=\"_blank\">au Point 2 Proc\u00e8s-verbal de la 141e Assembl\u00e9e g\u00e9n\u00e9rale (ordinaire) du 8 mai 2025 (pdf)<\/a><\/div><\/div><\/div><div class=\"wpb_links_column wpb_content_element\"><div class=\"wpb_wrapper\"><div class=\"link\"><a href=\"https:\/\/www.electrosuisse.ch\/fr\/report2025\/\" target=\"_blank\" >au Point 3 Rapport sur l\u2019exercice 2025<\/a><\/div><\/div><\/div><div class=\"wpb_document_column wpb_content_element\"><div class=\"wpb_wrapper\"><div class=\"document document--pdf\"><a href=\"https:\/\/www.electrosuisse.ch\/wp-content\/uploads\/2026\/03\/Comptes-annuels-2025.pdf\" target=\"_blank\">au point 4 Comptes annuels au 31 d\u00e9cembre 2025<\/a><\/div><\/div><\/div><div class=\"wpb_links_column wpb_content_element\"><div class=\"wpb_wrapper\"><div class=\"link\"><a href=\"https:\/\/www.electrosuisse.ch\/fr\/?page_id=16226&preview=true\" target=\"_blank\" >au Point 7 \u00c9lections statutaires<\/a><\/div><\/div><\/div>[\/vc_column][\/vc_row][vc_row el_id=&#8221;inscription&#8221;][vc_column][vc_column_text css=&#8221;&#8221;]<\/p>\n<h2>Inscription<\/h2>\n<p>[\/vc_column_text][vc_column_text css=&#8221;&#8221;]<a href=\"https:\/\/www.electrosuisse.ch\/fr\/?page_id=12303&amp;preview=true\" target=\"_blank\" rel=\"noopener\">Inscrivez-vous ici pour l&#8217;Assembl\u00e9e g\u00e9n\u00e9rale<\/a>[\/vc_column_text][\/vc_column][\/vc_row][vc_row el_id=&#8221;contact&#8221;][vc_column][vc_column_text]<\/p>\n<h2>Contact<\/h2>\n<p>[\/vc_column_text]<div class=\"wpb_contact_column wpb_content_element wpb_contact_column--container\"><div class=\"wpb_wrapper\"><div class=\"contact_container_outer\"><div class=\"contact_container\"><div class=\"contact row middle-xs\"><div class=\"contact__img col-sm-5 col-xs-12\"><img decoding=\"async\" src=\"https:\/\/www.electrosuisse.ch\/wp-content\/uploads\/2018\/12\/Electrosuisse_Christine_Andres.jpg\" alt=\"Christine Andres - Responsable du projet\" \/><\/div><div class=\"contact__info col-sm-7 col-xs-12\"><p><b>Christine Andres<\/b><br>Responsable du projet<\/p><div class=\"phone has-link\"><a href=\"tel:+41585951213\">+41 58 595 12 13<\/a><\/div><div class=\"mail has-link\"><a href=\"mailto:c&#104;&#114;&#x69;&#x73;t&#105;&#110;&#x65;&#x2e;&#x61;n&#100;&#114;&#x65;&#x73;&#64;e&#108;&#x65;&#x63;&#x74;r&#111;&#115;&#x75;&#x69;ss&#101;&#x2e;&#x63;&#x68;\">christine.andres@<br>electrosuisse.ch<\/a><\/div><\/div><\/div><\/div><\/div><div class=\"contact_container_outer\"><div class=\"contact_container\"><div class=\"contact row middle-xs\"><div class=\"contact__img col-sm-5 col-xs-12\"><img decoding=\"async\" src=\"https:\/\/www.electrosuisse.ch\/wp-content\/uploads\/2020\/03\/MirjamTschopp.jpg\" alt=\"Mirjam Tschopp - Administration\" \/><\/div><div class=\"contact__info col-sm-7 col-xs-12\"><p><b>Mirjam Tschopp<\/b><br>Administration<\/p><div class=\"phone has-link\"><a href=\"tel:+41585951529\">+41 58 595 15 29<\/a><\/div><div class=\"mail has-link\"><a href=\"mailto:&#103;&#x76;&#64;&#x65;&#108;&#x65;&#99;&#x74;&#114;&#x6f;&#115;&#x75;&#105;&#x73;&#115;&#x65;&#46;&#x63;&#104;\">gv&#64;electrosuisse&#46;ch<\/a><\/div><\/div><\/div><\/div><\/div><div class=\"contact_container_outer\"><div class=\"contact_container\"><div class=\"contact row middle-xs\"><div class=\"contact__img col-sm-5 col-xs-12\"><img decoding=\"async\" src=\"\/wp-content\/themes\/SCHMUCKI_child\/img\/contact_placeholder.jpg\" alt=\"Services aux membres\" \/><\/div><div class=\"contact__info col-sm-7 col-xs-12\"><p><b>Services aux membres<\/b><br><\/p><div class=\"phone has-link\"><a href=\"tel:+41585951155\">+41 58 595 11 55<\/a><\/div><div class=\"mail has-link\"><a href=\"mailto:&#x76;&#x65;&#114;&#98;a&#x6e;&#x64;&#x40;&#101;le&#x63;&#x74;&#114;&#111;s&#x75;&#x69;&#x73;&#115;e&#46;&#x63;&#x68;\">&#x76;e&#x72;&#98;&#x61;&#110;d&#x40;e&#x6c;&#101;&#x63;&#116;r&#x6f;&#115;&#x75;&#105;s&#x73;e&#x2e;&#99;&#x68;<\/a><\/div><\/div><\/div><\/div><\/div><\/div><\/div>[\/vc_column][\/vc_row]<\/p>\n<\/div>","protected":false},"excerpt":{"rendered":"<p>[vc_row disable_element=&#8221;yes&#8221;][vc_column][vc_column_text css=&#8221;&#8221;] Save the Date: Assembl\u00e9e g\u00e9n\u00e9rale Electrosuisse La 142e Assembl\u00e9e g\u00e9n\u00e9rale (ordinaire) aura lieu le : 7 mai 2026, 10h30 | CKW, Rathausen 1, 6032 Emmen Le programme ainsi que l&#8217;ordre du jour et les propositions seront disponibles ici d\u00e8s fin mars. Les membres d&#8217;Electrosuisse recevront une invitation personnelle \u00e0 l\u2019Assembl\u00e9e g\u00e9n\u00e9rale. Photo: [&hellip;]<\/p>\n","protected":false},"author":20,"featured_media":0,"parent":3793,"menu_order":282,"comment_status":"closed","ping_status":"closed","template":"","meta":{"_acf_changed":false,"_monsterinsights_skip_tracking":false,"_monsterinsights_sitenote_active":false,"_monsterinsights_sitenote_note":"","_monsterinsights_sitenote_category":0,"footnotes":""},"class_list":["post-16848","page","type-page","status-publish","hentry"],"acf":[],"yoast_head":"<!-- This site is optimized with the Yoast SEO Premium plugin v26.4 (Yoast SEO v27.0) - https:\/\/yoast.com\/product\/yoast-seo-premium-wordpress\/ -->\n<title>Assembl\u00e9e g\u00e9n\u00e9rale - Electrosuisse<\/title>\n<meta name=\"description\" content=\"Nous sommes heureux de vous faire part, lors de la 142e assembl\u00e9e g\u00e9n\u00e9rale (ordinaire) \u00e0 Emmen, des r\u00e9sultats positifs de l&#039;exercice \u00e9coul\u00e9.\" \/>\n<meta name=\"robots\" content=\"index, follow, max-snippet:-1, max-image-preview:large, max-video-preview:-1\" \/>\n<link rel=\"canonical\" href=\"https:\/\/www.electrosuisse.ch\/fr\/manifestation\/assemblee-generale\/\" \/>\n<meta property=\"og:locale\" content=\"fr_FR\" \/>\n<meta property=\"og:type\" content=\"article\" \/>\n<meta property=\"og:title\" content=\"Assembl\u00e9e g\u00e9n\u00e9rale - Electrosuisse\" \/>\n<meta property=\"og:description\" content=\"Nous sommes heureux de vous faire part, lors de la 142e assembl\u00e9e g\u00e9n\u00e9rale (ordinaire) \u00e0 Emmen, des r\u00e9sultats positifs de l&#039;exercice \u00e9coul\u00e9.\" \/>\n<meta property=\"og:url\" content=\"https:\/\/www.electrosuisse.ch\/fr\/manifestation\/assemblee-generale\/\" \/>\n<meta property=\"og:site_name\" content=\"Electrosuisse\" \/>\n<meta property=\"article:modified_time\" content=\"2026-03-26T11:13:50+00:00\" \/>\n<meta property=\"og:image\" content=\"https:\/\/www.electrosuisse.ch\/wp-content\/uploads\/2026\/02\/Electrosuisse_GV_2026_Bild_CKW-Rathausen.jpg\" \/>\n\t<meta property=\"og:image:width\" content=\"300\" \/>\n\t<meta property=\"og:image:height\" content=\"300\" \/>\n\t<meta property=\"og:image:type\" content=\"image\/jpeg\" \/>\n<script type=\"application\/ld+json\" class=\"yoast-schema-graph\">{\"@context\":\"https:\/\/schema.org\",\"@graph\":[{\"@type\":\"WebPage\",\"@id\":\"https:\/\/www.electrosuisse.ch\/fr\/manifestation\/assemblee-generale\/\",\"url\":\"https:\/\/www.electrosuisse.ch\/fr\/manifestation\/assemblee-generale\/\",\"name\":\"Assembl\u00e9e g\u00e9n\u00e9rale - Electrosuisse\",\"isPartOf\":{\"@id\":\"https:\/\/www.electrosuisse.ch\/fr\/#website\"},\"primaryImageOfPage\":{\"@id\":\"https:\/\/www.electrosuisse.ch\/fr\/manifestation\/assemblee-generale\/#primaryimage\"},\"image\":{\"@id\":\"https:\/\/www.electrosuisse.ch\/fr\/manifestation\/assemblee-generale\/#primaryimage\"},\"thumbnailUrl\":\"https:\/\/www.electrosuisse.ch\/wp-content\/uploads\/2026\/03\/Gabriela_Hug_300x300.jpg\",\"datePublished\":\"2025-02-06T07:00:35+00:00\",\"dateModified\":\"2026-03-26T11:13:50+00:00\",\"description\":\"Nous sommes heureux de vous faire part, lors de la 142e assembl\u00e9e g\u00e9n\u00e9rale (ordinaire) \u00e0 Emmen, des r\u00e9sultats positifs de l'exercice \u00e9coul\u00e9.\",\"breadcrumb\":{\"@id\":\"https:\/\/www.electrosuisse.ch\/fr\/manifestation\/assemblee-generale\/#breadcrumb\"},\"inLanguage\":\"fr-FR\",\"potentialAction\":[{\"@type\":\"ReadAction\",\"target\":[\"https:\/\/www.electrosuisse.ch\/fr\/manifestation\/assemblee-generale\/\"]}]},{\"@type\":\"ImageObject\",\"inLanguage\":\"fr-FR\",\"@id\":\"https:\/\/www.electrosuisse.ch\/fr\/manifestation\/assemblee-generale\/#primaryimage\",\"url\":\"https:\/\/www.electrosuisse.ch\/wp-content\/uploads\/2026\/03\/Gabriela_Hug_300x300.jpg\",\"contentUrl\":\"https:\/\/www.electrosuisse.ch\/wp-content\/uploads\/2026\/03\/Gabriela_Hug_300x300.jpg\"},{\"@type\":\"BreadcrumbList\",\"@id\":\"https:\/\/www.electrosuisse.ch\/fr\/manifestation\/assemblee-generale\/#breadcrumb\",\"itemListElement\":[{\"@type\":\"ListItem\",\"position\":1,\"name\":\"Manifestations &#8211; Veranstaltungen\",\"item\":\"https:\/\/www.electrosuisse.ch\/fr\/manifestation\/\"},{\"@type\":\"ListItem\",\"position\":2,\"name\":\"Assembl\u00e9e g\u00e9n\u00e9rale\"}]},{\"@type\":\"WebSite\",\"@id\":\"https:\/\/www.electrosuisse.ch\/fr\/#website\",\"url\":\"https:\/\/www.electrosuisse.ch\/fr\/\",\"name\":\"Electrosuisse\",\"description\":\"\",\"publisher\":{\"@id\":\"https:\/\/www.electrosuisse.ch\/fr\/#organization\"},\"potentialAction\":[{\"@type\":\"SearchAction\",\"target\":{\"@type\":\"EntryPoint\",\"urlTemplate\":\"https:\/\/www.electrosuisse.ch\/fr\/?s={search_term_string}\"},\"query-input\":{\"@type\":\"PropertyValueSpecification\",\"valueRequired\":true,\"valueName\":\"search_term_string\"}}],\"inLanguage\":\"fr-FR\"},{\"@type\":\"Organization\",\"@id\":\"https:\/\/www.electrosuisse.ch\/fr\/#organization\",\"name\":\"Electrosuisse\",\"url\":\"https:\/\/www.electrosuisse.ch\/fr\/\",\"logo\":{\"@type\":\"ImageObject\",\"inLanguage\":\"fr-FR\",\"@id\":\"https:\/\/www.electrosuisse.ch\/fr\/#\/schema\/logo\/image\/\",\"url\":\"https:\/\/www.electrosuisse.ch\/wp-content\/uploads\/2025\/04\/Electrosuisse_Logo_696x696.png\",\"contentUrl\":\"https:\/\/www.electrosuisse.ch\/wp-content\/uploads\/2025\/04\/Electrosuisse_Logo_696x696.png\",\"width\":696,\"height\":696,\"caption\":\"Electrosuisse\"},\"image\":{\"@id\":\"https:\/\/www.electrosuisse.ch\/fr\/#\/schema\/logo\/image\/\"},\"sameAs\":[\"https:\/\/www.linkedin.com\/company\/electrosuisse-ag\/posts\/?feedView=all\",\"https:\/\/www.instagram.com\/electrosuisse1889\/\",\"https:\/\/www.youtube.com\/channel\/UCoOxohMiVE0Gjcdis1L09zw\"],\"description\":\"Electrosuisse ist eine anerkannte und unabh\u00e4ngige Fachorganisation, die erstklassige Dienstleistungen und Produkte in den Bereichen Inspektion, Beratung, Pr\u00fcfung, Zertifizierung, Normung und Weiterbildung anbietet. Unsere Expertise umfasst Elektrotechnik, Elektromobilit\u00e4t, Energieberatung, Geb\u00e4udeautomation und Photovoltaik in der Schweiz. Durch die Veranstaltung etablierter Branchen-Events und Fachtagungen f\u00f6rdert Electrosuisse den Wissenstransfer und den fachlichen Austausch. Im Mittelpunkt unserer T\u00e4tigkeiten steht die F\u00f6rderung der sicheren, wirtschaftlichen und umweltgerechten Anwendung der Elektrotechnik.\"}]}<\/script>\n<!-- \/ Yoast SEO Premium plugin. -->","yoast_head_json":{"title":"Assembl\u00e9e g\u00e9n\u00e9rale - Electrosuisse","description":"Nous sommes heureux de vous faire part, lors de la 142e assembl\u00e9e g\u00e9n\u00e9rale (ordinaire) \u00e0 Emmen, des r\u00e9sultats positifs de l'exercice \u00e9coul\u00e9.","robots":{"index":"index","follow":"follow","max-snippet":"max-snippet:-1","max-image-preview":"max-image-preview:large","max-video-preview":"max-video-preview:-1"},"canonical":"https:\/\/www.electrosuisse.ch\/fr\/manifestation\/assemblee-generale\/","og_locale":"fr_FR","og_type":"article","og_title":"Assembl\u00e9e g\u00e9n\u00e9rale - Electrosuisse","og_description":"Nous sommes heureux de vous faire part, lors de la 142e assembl\u00e9e g\u00e9n\u00e9rale (ordinaire) \u00e0 Emmen, des r\u00e9sultats positifs de l'exercice \u00e9coul\u00e9.","og_url":"https:\/\/www.electrosuisse.ch\/fr\/manifestation\/assemblee-generale\/","og_site_name":"Electrosuisse","article_modified_time":"2026-03-26T11:13:50+00:00","og_image":[{"width":300,"height":300,"url":"https:\/\/www.electrosuisse.ch\/wp-content\/uploads\/2026\/02\/Electrosuisse_GV_2026_Bild_CKW-Rathausen.jpg","type":"image\/jpeg"}],"schema":{"@context":"https:\/\/schema.org","@graph":[{"@type":"WebPage","@id":"https:\/\/www.electrosuisse.ch\/fr\/manifestation\/assemblee-generale\/","url":"https:\/\/www.electrosuisse.ch\/fr\/manifestation\/assemblee-generale\/","name":"Assembl\u00e9e g\u00e9n\u00e9rale - Electrosuisse","isPartOf":{"@id":"https:\/\/www.electrosuisse.ch\/fr\/#website"},"primaryImageOfPage":{"@id":"https:\/\/www.electrosuisse.ch\/fr\/manifestation\/assemblee-generale\/#primaryimage"},"image":{"@id":"https:\/\/www.electrosuisse.ch\/fr\/manifestation\/assemblee-generale\/#primaryimage"},"thumbnailUrl":"https:\/\/www.electrosuisse.ch\/wp-content\/uploads\/2026\/03\/Gabriela_Hug_300x300.jpg","datePublished":"2025-02-06T07:00:35+00:00","dateModified":"2026-03-26T11:13:50+00:00","description":"Nous sommes heureux de vous faire part, lors de la 142e assembl\u00e9e g\u00e9n\u00e9rale (ordinaire) \u00e0 Emmen, des r\u00e9sultats positifs de l'exercice \u00e9coul\u00e9.","breadcrumb":{"@id":"https:\/\/www.electrosuisse.ch\/fr\/manifestation\/assemblee-generale\/#breadcrumb"},"inLanguage":"fr-FR","potentialAction":[{"@type":"ReadAction","target":["https:\/\/www.electrosuisse.ch\/fr\/manifestation\/assemblee-generale\/"]}]},{"@type":"ImageObject","inLanguage":"fr-FR","@id":"https:\/\/www.electrosuisse.ch\/fr\/manifestation\/assemblee-generale\/#primaryimage","url":"https:\/\/www.electrosuisse.ch\/wp-content\/uploads\/2026\/03\/Gabriela_Hug_300x300.jpg","contentUrl":"https:\/\/www.electrosuisse.ch\/wp-content\/uploads\/2026\/03\/Gabriela_Hug_300x300.jpg"},{"@type":"BreadcrumbList","@id":"https:\/\/www.electrosuisse.ch\/fr\/manifestation\/assemblee-generale\/#breadcrumb","itemListElement":[{"@type":"ListItem","position":1,"name":"Manifestations &#8211; Veranstaltungen","item":"https:\/\/www.electrosuisse.ch\/fr\/manifestation\/"},{"@type":"ListItem","position":2,"name":"Assembl\u00e9e g\u00e9n\u00e9rale"}]},{"@type":"WebSite","@id":"https:\/\/www.electrosuisse.ch\/fr\/#website","url":"https:\/\/www.electrosuisse.ch\/fr\/","name":"Electrosuisse","description":"","publisher":{"@id":"https:\/\/www.electrosuisse.ch\/fr\/#organization"},"potentialAction":[{"@type":"SearchAction","target":{"@type":"EntryPoint","urlTemplate":"https:\/\/www.electrosuisse.ch\/fr\/?s={search_term_string}"},"query-input":{"@type":"PropertyValueSpecification","valueRequired":true,"valueName":"search_term_string"}}],"inLanguage":"fr-FR"},{"@type":"Organization","@id":"https:\/\/www.electrosuisse.ch\/fr\/#organization","name":"Electrosuisse","url":"https:\/\/www.electrosuisse.ch\/fr\/","logo":{"@type":"ImageObject","inLanguage":"fr-FR","@id":"https:\/\/www.electrosuisse.ch\/fr\/#\/schema\/logo\/image\/","url":"https:\/\/www.electrosuisse.ch\/wp-content\/uploads\/2025\/04\/Electrosuisse_Logo_696x696.png","contentUrl":"https:\/\/www.electrosuisse.ch\/wp-content\/uploads\/2025\/04\/Electrosuisse_Logo_696x696.png","width":696,"height":696,"caption":"Electrosuisse"},"image":{"@id":"https:\/\/www.electrosuisse.ch\/fr\/#\/schema\/logo\/image\/"},"sameAs":["https:\/\/www.linkedin.com\/company\/electrosuisse-ag\/posts\/?feedView=all","https:\/\/www.instagram.com\/electrosuisse1889\/","https:\/\/www.youtube.com\/channel\/UCoOxohMiVE0Gjcdis1L09zw"],"description":"Electrosuisse ist eine anerkannte und unabh\u00e4ngige Fachorganisation, die erstklassige Dienstleistungen und Produkte in den Bereichen Inspektion, Beratung, Pr\u00fcfung, Zertifizierung, Normung und Weiterbildung anbietet. Unsere Expertise umfasst Elektrotechnik, Elektromobilit\u00e4t, Energieberatung, Geb\u00e4udeautomation und Photovoltaik in der Schweiz. Durch die Veranstaltung etablierter Branchen-Events und Fachtagungen f\u00f6rdert Electrosuisse den Wissenstransfer und den fachlichen Austausch. Im Mittelpunkt unserer T\u00e4tigkeiten steht die F\u00f6rderung der sicheren, wirtschaftlichen und umweltgerechten Anwendung der Elektrotechnik."}]}},"amp_enabled":true,"_links":{"self":[{"href":"https:\/\/www.electrosuisse.ch\/fr\/wp-json\/wp\/v2\/pages\/16848","targetHints":{"allow":["GET"]}}],"collection":[{"href":"https:\/\/www.electrosuisse.ch\/fr\/wp-json\/wp\/v2\/pages"}],"about":[{"href":"https:\/\/www.electrosuisse.ch\/fr\/wp-json\/wp\/v2\/types\/page"}],"author":[{"embeddable":true,"href":"https:\/\/www.electrosuisse.ch\/fr\/wp-json\/wp\/v2\/users\/20"}],"replies":[{"embeddable":true,"href":"https:\/\/www.electrosuisse.ch\/fr\/wp-json\/wp\/v2\/comments?post=16848"}],"version-history":[{"count":78,"href":"https:\/\/www.electrosuisse.ch\/fr\/wp-json\/wp\/v2\/pages\/16848\/revisions"}],"predecessor-version":[{"id":43513,"href":"https:\/\/www.electrosuisse.ch\/fr\/wp-json\/wp\/v2\/pages\/16848\/revisions\/43513"}],"up":[{"embeddable":true,"href":"https:\/\/www.electrosuisse.ch\/fr\/wp-json\/wp\/v2\/pages\/3793"}],"wp:attachment":[{"href":"https:\/\/www.electrosuisse.ch\/fr\/wp-json\/wp\/v2\/media?parent=16848"}],"curies":[{"name":"wp","href":"https:\/\/api.w.org\/{rel}","templated":true}]}}