{"id":16226,"date":"2021-04-07T15:28:58","date_gmt":"2021-04-07T13:28:58","guid":{"rendered":"https:\/\/www.electrosuisse.ch\/?page_id=16226"},"modified":"2026-03-23T10:00:42","modified_gmt":"2026-03-23T09:00:42","slug":"elections-statutaires","status":"publish","type":"page","link":"https:\/\/www.electrosuisse.ch\/fr\/manifestation\/assemblee-generale\/elections-statutaires\/","title":{"rendered":"\u00c9lections statutaires"},"content":{"rendered":"<div class=\"wpb-content-wrapper\"><p>[vc_row][vc_column][vc_column_text css=&#8221;&#8221;]<\/p>\n<h1>Au Point 7 \u00c9lections statutaires<\/h1>\n<p>[\/vc_column_text][vc_column_text css=&#8221;&#8221;]<\/p>\n<h3>Comit\u00e9<\/h3>\n<p>[\/vc_column_text][vc_column_text css=&#8221;&#8221;]<\/p>\n<h5>Pr\u00e9sident<\/h5>\n<p>[\/vc_column_text][vc_column_text css=&#8221;&#8221;]<\/p>\n<table border=\"0\">\n<tbody>\n<tr>\n<td width=\"300\"><img decoding=\"async\" class=\"alignnone wp-image-42977 size-full\" src=\"https:\/\/www.electrosuisse.ch\/wp-content\/uploads\/2026\/03\/Daniel_Schafer_300x300px-1.jpg\" alt=\"\" width=\"300\" height=\"300\" \/><\/td>\n<td>\n<h4>Daniel Schafer<\/h4>\n<p><span class=\"TextRun SCXW255660319 BCX8\" lang=\"EN-US\" xml:lang=\"EN-US\" data-contrast=\"auto\"><span class=\"NormalTextRun SCXW255660319 BCX8\">CEO<\/span><\/span><\/p>\n<p><span class=\"TextRun SCXW255660319 BCX8\" lang=\"EN-US\" xml:lang=\"EN-US\" data-contrast=\"auto\"><span class=\"NormalTextRun SCXW255660319 BCX8\">BLS AG, Berne<\/span><\/span><\/td>\n<\/tr>\n<\/tbody>\n<\/table>\n<p>[\/vc_column_text][vc_column_text css=&#8221;&#8221;]<\/p>\n<h5>Nouvelles \u00e9lections<\/h5>\n<p>[\/vc_column_text][vc_column_text css=&#8221;&#8221;]<\/p>\n<table border=\"0\">\n<tbody>\n<tr>\n<td width=\"300\"><img decoding=\"async\" class=\"alignnone wp-image-42980 size-full\" src=\"https:\/\/www.electrosuisse.ch\/wp-content\/uploads\/2026\/03\/Federica-Linder_Hunziker_300x300px-1.jpg\" alt=\"\" width=\"300\" height=\"300\" \/><\/td>\n<td>\n<h4>Federica Linder-Hunziker<\/h4>\n<p>Group CFO<\/p>\n<p>Pfiffner International AG, Hirschthal<\/td>\n<\/tr>\n<\/tbody>\n<\/table>\n<p>[\/vc_column_text][vc_column_text css=&#8221;&#8221;]<\/p>\n<table border=\"0\">\n<tbody>\n<tr>\n<td width=\"300\"><img decoding=\"async\" class=\"alignnone wp-image-42984 size-full\" src=\"https:\/\/www.electrosuisse.ch\/wp-content\/uploads\/2026\/03\/Lukas_Kueng_300x300px-1.jpg\" alt=\"\" width=\"300\" height=\"300\" \/><\/td>\n<td>\n<h4>Dr. Lukas K\u00fcng<\/h4>\n<p>Directeur<\/p>\n<p>Primeo Netz AG, M\u00fcnchenstein<\/td>\n<\/tr>\n<\/tbody>\n<\/table>\n<p>[\/vc_column_text][vc_column_text css=&#8221;&#8221;]<\/p>\n<table border=\"0\">\n<tbody>\n<tr>\n<td width=\"300\"><img decoding=\"async\" class=\"alignnone wp-image-42987 size-full\" src=\"https:\/\/www.electrosuisse.ch\/wp-content\/uploads\/2026\/03\/Micha_Roellinghoff_300x300px-1.jpg\" alt=\"\" width=\"300\" height=\"300\" \/><\/td>\n<td>\n<h4>Micha R\u00f6llinghoff<\/h4>\n<p>CTO<\/p>\n<p>Arthur Flury AG, Deitingen<\/td>\n<\/tr>\n<\/tbody>\n<\/table>\n<p>[\/vc_column_text][\/vc_column][\/vc_row]<\/p>\n<\/div>","protected":false},"excerpt":{"rendered":"<p>[vc_row][vc_column][vc_column_text css=&#8221;&#8221;] Au Point 7 \u00c9lections statutaires [\/vc_column_text][vc_column_text css=&#8221;&#8221;] Comit\u00e9 [\/vc_column_text][vc_column_text css=&#8221;&#8221;] Pr\u00e9sident [\/vc_column_text][vc_column_text css=&#8221;&#8221;] Daniel Schafer CEO BLS AG, Berne [\/vc_column_text][vc_column_text css=&#8221;&#8221;] Nouvelles \u00e9lections [\/vc_column_text][vc_column_text css=&#8221;&#8221;] Federica Linder-Hunziker Group CFO Pfiffner International AG, Hirschthal [\/vc_column_text][vc_column_text css=&#8221;&#8221;] Dr. Lukas K\u00fcng Directeur Primeo Netz AG, M\u00fcnchenstein [\/vc_column_text][vc_column_text css=&#8221;&#8221;] Micha R\u00f6llinghoff CTO Arthur Flury AG, Deitingen [\/vc_column_text][\/vc_column][\/vc_row]<\/p>\n","protected":false},"author":6,"featured_media":0,"parent":16848,"menu_order":287,"comment_status":"closed","ping_status":"closed","template":"","meta":{"_acf_changed":false,"_monsterinsights_skip_tracking":false,"_monsterinsights_sitenote_active":false,"_monsterinsights_sitenote_note":"","_monsterinsights_sitenote_category":0,"footnotes":""},"class_list":["post-16226","page","type-page","status-publish","hentry"],"acf":[],"yoast_head":"<!-- This site is optimized with the Yoast SEO Premium plugin v26.4 (Yoast SEO v27.0) - https:\/\/yoast.com\/product\/yoast-seo-premium-wordpress\/ -->\n<title>\u00c9lections statutaires - Electrosuisse<\/title>\n<meta name=\"description\" content=\"au Point 7 \u00c9lections statutaires\" \/>\n<meta name=\"robots\" content=\"index, follow, max-snippet:-1, max-image-preview:large, max-video-preview:-1\" \/>\n<link rel=\"canonical\" href=\"https:\/\/www.electrosuisse.ch\/fr\/manifestation\/assemblee-generale\/elections-statutaires\/\" \/>\n<meta property=\"og:locale\" content=\"fr_FR\" \/>\n<meta property=\"og:type\" content=\"article\" \/>\n<meta property=\"og:title\" content=\"\u00c9lections statutaires - Electrosuisse\" \/>\n<meta property=\"og:description\" content=\"au Point 7 \u00c9lections statutaires\" \/>\n<meta property=\"og:url\" content=\"https:\/\/www.electrosuisse.ch\/fr\/manifestation\/assemblee-generale\/elections-statutaires\/\" \/>\n<meta property=\"og:site_name\" content=\"Electrosuisse\" \/>\n<meta property=\"article:modified_time\" content=\"2026-03-23T09:00:42+00:00\" \/>\n<meta property=\"og:image\" content=\"https:\/\/www.electrosuisse.ch\/wp-content\/uploads\/2026\/02\/Electrosuisse_GV_2026_Bild_CKW-Rathausen.jpg\" \/>\n\t<meta property=\"og:image:width\" content=\"300\" \/>\n\t<meta property=\"og:image:height\" content=\"300\" \/>\n\t<meta property=\"og:image:type\" content=\"image\/jpeg\" \/>\n<script type=\"application\/ld+json\" class=\"yoast-schema-graph\">{\"@context\":\"https:\/\/schema.org\",\"@graph\":[{\"@type\":\"WebPage\",\"@id\":\"https:\/\/www.electrosuisse.ch\/fr\/manifestation\/assemblee-generale\/elections-statutaires\/\",\"url\":\"https:\/\/www.electrosuisse.ch\/fr\/manifestation\/assemblee-generale\/elections-statutaires\/\",\"name\":\"\u00c9lections statutaires - Electrosuisse\",\"isPartOf\":{\"@id\":\"https:\/\/www.electrosuisse.ch\/fr\/#website\"},\"primaryImageOfPage\":{\"@id\":\"https:\/\/www.electrosuisse.ch\/fr\/manifestation\/assemblee-generale\/elections-statutaires\/#primaryimage\"},\"image\":{\"@id\":\"https:\/\/www.electrosuisse.ch\/fr\/manifestation\/assemblee-generale\/elections-statutaires\/#primaryimage\"},\"thumbnailUrl\":\"https:\/\/www.electrosuisse.ch\/wp-content\/uploads\/2026\/03\/Daniel_Schafer_300x300px-1.jpg\",\"datePublished\":\"2021-04-07T13:28:58+00:00\",\"dateModified\":\"2026-03-23T09:00:42+00:00\",\"description\":\"au Point 7 \u00c9lections statutaires\",\"breadcrumb\":{\"@id\":\"https:\/\/www.electrosuisse.ch\/fr\/manifestation\/assemblee-generale\/elections-statutaires\/#breadcrumb\"},\"inLanguage\":\"fr-FR\",\"potentialAction\":[{\"@type\":\"ReadAction\",\"target\":[\"https:\/\/www.electrosuisse.ch\/fr\/manifestation\/assemblee-generale\/elections-statutaires\/\"]}]},{\"@type\":\"ImageObject\",\"inLanguage\":\"fr-FR\",\"@id\":\"https:\/\/www.electrosuisse.ch\/fr\/manifestation\/assemblee-generale\/elections-statutaires\/#primaryimage\",\"url\":\"https:\/\/www.electrosuisse.ch\/wp-content\/uploads\/2026\/03\/Daniel_Schafer_300x300px-1.jpg\",\"contentUrl\":\"https:\/\/www.electrosuisse.ch\/wp-content\/uploads\/2026\/03\/Daniel_Schafer_300x300px-1.jpg\"},{\"@type\":\"BreadcrumbList\",\"@id\":\"https:\/\/www.electrosuisse.ch\/fr\/manifestation\/assemblee-generale\/elections-statutaires\/#breadcrumb\",\"itemListElement\":[{\"@type\":\"ListItem\",\"position\":1,\"name\":\"Manifestations &#8211; Veranstaltungen\",\"item\":\"https:\/\/www.electrosuisse.ch\/fr\/manifestation\/\"},{\"@type\":\"ListItem\",\"position\":2,\"name\":\"Assembl\u00e9e g\u00e9n\u00e9rale\",\"item\":\"https:\/\/www.electrosuisse.ch\/fr\/manifestation\/assemblee-generale\/\"},{\"@type\":\"ListItem\",\"position\":3,\"name\":\"\u00c9lections statutaires\"}]},{\"@type\":\"WebSite\",\"@id\":\"https:\/\/www.electrosuisse.ch\/fr\/#website\",\"url\":\"https:\/\/www.electrosuisse.ch\/fr\/\",\"name\":\"Electrosuisse\",\"description\":\"\",\"publisher\":{\"@id\":\"https:\/\/www.electrosuisse.ch\/fr\/#organization\"},\"potentialAction\":[{\"@type\":\"SearchAction\",\"target\":{\"@type\":\"EntryPoint\",\"urlTemplate\":\"https:\/\/www.electrosuisse.ch\/fr\/?s={search_term_string}\"},\"query-input\":{\"@type\":\"PropertyValueSpecification\",\"valueRequired\":true,\"valueName\":\"search_term_string\"}}],\"inLanguage\":\"fr-FR\"},{\"@type\":\"Organization\",\"@id\":\"https:\/\/www.electrosuisse.ch\/fr\/#organization\",\"name\":\"Electrosuisse\",\"url\":\"https:\/\/www.electrosuisse.ch\/fr\/\",\"logo\":{\"@type\":\"ImageObject\",\"inLanguage\":\"fr-FR\",\"@id\":\"https:\/\/www.electrosuisse.ch\/fr\/#\/schema\/logo\/image\/\",\"url\":\"https:\/\/www.electrosuisse.ch\/wp-content\/uploads\/2025\/04\/Electrosuisse_Logo_696x696.png\",\"contentUrl\":\"https:\/\/www.electrosuisse.ch\/wp-content\/uploads\/2025\/04\/Electrosuisse_Logo_696x696.png\",\"width\":696,\"height\":696,\"caption\":\"Electrosuisse\"},\"image\":{\"@id\":\"https:\/\/www.electrosuisse.ch\/fr\/#\/schema\/logo\/image\/\"},\"sameAs\":[\"https:\/\/www.linkedin.com\/company\/electrosuisse-ag\/posts\/?feedView=all\",\"https:\/\/www.instagram.com\/electrosuisse1889\/\",\"https:\/\/www.youtube.com\/channel\/UCoOxohMiVE0Gjcdis1L09zw\"],\"description\":\"Electrosuisse ist eine anerkannte und unabh\u00e4ngige Fachorganisation, die erstklassige Dienstleistungen und Produkte in den Bereichen Inspektion, Beratung, Pr\u00fcfung, Zertifizierung, Normung und Weiterbildung anbietet. Unsere Expertise umfasst Elektrotechnik, Elektromobilit\u00e4t, Energieberatung, Geb\u00e4udeautomation und Photovoltaik in der Schweiz. Durch die Veranstaltung etablierter Branchen-Events und Fachtagungen f\u00f6rdert Electrosuisse den Wissenstransfer und den fachlichen Austausch. Im Mittelpunkt unserer T\u00e4tigkeiten steht die F\u00f6rderung der sicheren, wirtschaftlichen und umweltgerechten Anwendung der Elektrotechnik.\"}]}<\/script>\n<!-- \/ Yoast SEO Premium plugin. -->","yoast_head_json":{"title":"\u00c9lections statutaires - Electrosuisse","description":"au Point 7 \u00c9lections statutaires","robots":{"index":"index","follow":"follow","max-snippet":"max-snippet:-1","max-image-preview":"max-image-preview:large","max-video-preview":"max-video-preview:-1"},"canonical":"https:\/\/www.electrosuisse.ch\/fr\/manifestation\/assemblee-generale\/elections-statutaires\/","og_locale":"fr_FR","og_type":"article","og_title":"\u00c9lections statutaires - Electrosuisse","og_description":"au Point 7 \u00c9lections statutaires","og_url":"https:\/\/www.electrosuisse.ch\/fr\/manifestation\/assemblee-generale\/elections-statutaires\/","og_site_name":"Electrosuisse","article_modified_time":"2026-03-23T09:00:42+00:00","og_image":[{"width":300,"height":300,"url":"https:\/\/www.electrosuisse.ch\/wp-content\/uploads\/2026\/02\/Electrosuisse_GV_2026_Bild_CKW-Rathausen.jpg","type":"image\/jpeg"}],"schema":{"@context":"https:\/\/schema.org","@graph":[{"@type":"WebPage","@id":"https:\/\/www.electrosuisse.ch\/fr\/manifestation\/assemblee-generale\/elections-statutaires\/","url":"https:\/\/www.electrosuisse.ch\/fr\/manifestation\/assemblee-generale\/elections-statutaires\/","name":"\u00c9lections statutaires - Electrosuisse","isPartOf":{"@id":"https:\/\/www.electrosuisse.ch\/fr\/#website"},"primaryImageOfPage":{"@id":"https:\/\/www.electrosuisse.ch\/fr\/manifestation\/assemblee-generale\/elections-statutaires\/#primaryimage"},"image":{"@id":"https:\/\/www.electrosuisse.ch\/fr\/manifestation\/assemblee-generale\/elections-statutaires\/#primaryimage"},"thumbnailUrl":"https:\/\/www.electrosuisse.ch\/wp-content\/uploads\/2026\/03\/Daniel_Schafer_300x300px-1.jpg","datePublished":"2021-04-07T13:28:58+00:00","dateModified":"2026-03-23T09:00:42+00:00","description":"au Point 7 \u00c9lections statutaires","breadcrumb":{"@id":"https:\/\/www.electrosuisse.ch\/fr\/manifestation\/assemblee-generale\/elections-statutaires\/#breadcrumb"},"inLanguage":"fr-FR","potentialAction":[{"@type":"ReadAction","target":["https:\/\/www.electrosuisse.ch\/fr\/manifestation\/assemblee-generale\/elections-statutaires\/"]}]},{"@type":"ImageObject","inLanguage":"fr-FR","@id":"https:\/\/www.electrosuisse.ch\/fr\/manifestation\/assemblee-generale\/elections-statutaires\/#primaryimage","url":"https:\/\/www.electrosuisse.ch\/wp-content\/uploads\/2026\/03\/Daniel_Schafer_300x300px-1.jpg","contentUrl":"https:\/\/www.electrosuisse.ch\/wp-content\/uploads\/2026\/03\/Daniel_Schafer_300x300px-1.jpg"},{"@type":"BreadcrumbList","@id":"https:\/\/www.electrosuisse.ch\/fr\/manifestation\/assemblee-generale\/elections-statutaires\/#breadcrumb","itemListElement":[{"@type":"ListItem","position":1,"name":"Manifestations &#8211; Veranstaltungen","item":"https:\/\/www.electrosuisse.ch\/fr\/manifestation\/"},{"@type":"ListItem","position":2,"name":"Assembl\u00e9e g\u00e9n\u00e9rale","item":"https:\/\/www.electrosuisse.ch\/fr\/manifestation\/assemblee-generale\/"},{"@type":"ListItem","position":3,"name":"\u00c9lections statutaires"}]},{"@type":"WebSite","@id":"https:\/\/www.electrosuisse.ch\/fr\/#website","url":"https:\/\/www.electrosuisse.ch\/fr\/","name":"Electrosuisse","description":"","publisher":{"@id":"https:\/\/www.electrosuisse.ch\/fr\/#organization"},"potentialAction":[{"@type":"SearchAction","target":{"@type":"EntryPoint","urlTemplate":"https:\/\/www.electrosuisse.ch\/fr\/?s={search_term_string}"},"query-input":{"@type":"PropertyValueSpecification","valueRequired":true,"valueName":"search_term_string"}}],"inLanguage":"fr-FR"},{"@type":"Organization","@id":"https:\/\/www.electrosuisse.ch\/fr\/#organization","name":"Electrosuisse","url":"https:\/\/www.electrosuisse.ch\/fr\/","logo":{"@type":"ImageObject","inLanguage":"fr-FR","@id":"https:\/\/www.electrosuisse.ch\/fr\/#\/schema\/logo\/image\/","url":"https:\/\/www.electrosuisse.ch\/wp-content\/uploads\/2025\/04\/Electrosuisse_Logo_696x696.png","contentUrl":"https:\/\/www.electrosuisse.ch\/wp-content\/uploads\/2025\/04\/Electrosuisse_Logo_696x696.png","width":696,"height":696,"caption":"Electrosuisse"},"image":{"@id":"https:\/\/www.electrosuisse.ch\/fr\/#\/schema\/logo\/image\/"},"sameAs":["https:\/\/www.linkedin.com\/company\/electrosuisse-ag\/posts\/?feedView=all","https:\/\/www.instagram.com\/electrosuisse1889\/","https:\/\/www.youtube.com\/channel\/UCoOxohMiVE0Gjcdis1L09zw"],"description":"Electrosuisse ist eine anerkannte und unabh\u00e4ngige Fachorganisation, die erstklassige Dienstleistungen und Produkte in den Bereichen Inspektion, Beratung, Pr\u00fcfung, Zertifizierung, Normung und Weiterbildung anbietet. Unsere Expertise umfasst Elektrotechnik, Elektromobilit\u00e4t, Energieberatung, Geb\u00e4udeautomation und Photovoltaik in der Schweiz. Durch die Veranstaltung etablierter Branchen-Events und Fachtagungen f\u00f6rdert Electrosuisse den Wissenstransfer und den fachlichen Austausch. Im Mittelpunkt unserer T\u00e4tigkeiten steht die F\u00f6rderung der sicheren, wirtschaftlichen und umweltgerechten Anwendung der Elektrotechnik."}]}},"amp_enabled":true,"_links":{"self":[{"href":"https:\/\/www.electrosuisse.ch\/fr\/wp-json\/wp\/v2\/pages\/16226","targetHints":{"allow":["GET"]}}],"collection":[{"href":"https:\/\/www.electrosuisse.ch\/fr\/wp-json\/wp\/v2\/pages"}],"about":[{"href":"https:\/\/www.electrosuisse.ch\/fr\/wp-json\/wp\/v2\/types\/page"}],"author":[{"embeddable":true,"href":"https:\/\/www.electrosuisse.ch\/fr\/wp-json\/wp\/v2\/users\/6"}],"replies":[{"embeddable":true,"href":"https:\/\/www.electrosuisse.ch\/fr\/wp-json\/wp\/v2\/comments?post=16226"}],"version-history":[{"count":15,"href":"https:\/\/www.electrosuisse.ch\/fr\/wp-json\/wp\/v2\/pages\/16226\/revisions"}],"predecessor-version":[{"id":43016,"href":"https:\/\/www.electrosuisse.ch\/fr\/wp-json\/wp\/v2\/pages\/16226\/revisions\/43016"}],"up":[{"embeddable":true,"href":"https:\/\/www.electrosuisse.ch\/fr\/wp-json\/wp\/v2\/pages\/16848"}],"wp:attachment":[{"href":"https:\/\/www.electrosuisse.ch\/fr\/wp-json\/wp\/v2\/media?parent=16226"}],"curies":[{"name":"wp","href":"https:\/\/api.w.org\/{rel}","templated":true}]}}