{"id":15060,"date":"2021-01-08T10:50:31","date_gmt":"2021-01-08T09:50:31","guid":{"rendered":"https:\/\/www.electrosuisse.ch\/normungsantrag\/"},"modified":"2022-12-06T09:51:05","modified_gmt":"2022-12-06T08:51:05","slug":"demande_dun_standard","status":"publish","type":"page","link":"https:\/\/www.electrosuisse.ch\/fr\/pourquoi-normaliser\/demande_dun_standard\/","title":{"rendered":"Normungsantrag FR"},"content":{"rendered":"<div class=\"wpb-content-wrapper\"><p>[vc_row][vc_column][vc_column_text]<\/p>\n<h1>Demande de cr\u00e9ation ou de r\u00e9vision d&#8217; un standard<\/h1>\n<p>[\/vc_column_text][vc_column_text]Electrosuisse soutient le d\u00e9veloppement de documents standards dans le domaine de la normalisation \u00e9lectrotechnique \u2013 de l&#8217;id\u00e9e \u00e0 un SN, SNR ou SNG jusqu&#8217;\u00e0 la publication du document. Si vous souhaitez d\u00e9marrer un projet pour d\u00e9velopper un nouveau standard et \/ ou r\u00e9viser un document existant, veuillez utiliser le formulaire ci-dessous. Votre candidature sera examin\u00e9e attentivement par les organes ou la commission comp\u00e9tente. Nous vous informerons ensuite de la proc\u00e9dure.[\/vc_column_text][vc_column_text]<strong>En cas de r\u00e9vision, le num\u00e9ro de r\u00e9f\u00e9rence associ\u00e9 doit \u00eatre indiqu\u00e9.<\/strong>[\/vc_column_text]<div class=\"wpb_form_column wpb_content_element\"><div class=\"wpb_wrapper test\"><div id=\"quform-bfdecc\" class=\"quform quform-39 quform-support-page-caching\"><form id=\"quform-form-bfdecc\" class=\"quform-form quform-form-39\" action=\"\/fr\/wp-json\/wp\/v2\/pages\/15060#quform-bfdecc\" method=\"post\" enctype=\"multipart\/form-data\" novalidate=\"novalidate\" data-options=\"{&quot;id&quot;:39,&quot;uniqueId&quot;:&quot;bfdecc&quot;,&quot;theme&quot;:&quot;&quot;,&quot;ajax&quot;:true,&quot;logic&quot;:{&quot;logic&quot;:[],&quot;dependents&quot;:[],&quot;elementIds&quot;:[],&quot;dependentElementIds&quot;:[],&quot;animate&quot;:true},&quot;currentPageId&quot;:1,&quot;errorsIcon&quot;:&quot;&quot;,&quot;updateFancybox&quot;:true,&quot;hasPages&quot;:false,&quot;pages&quot;:[1],&quot;pageProgressType&quot;:&quot;numbers&quot;,&quot;tooltipsEnabled&quot;:true,&quot;tooltipClasses&quot;:&quot;qtip-quform-dark qtip-shadow&quot;,&quot;tooltipMy&quot;:&quot;left center&quot;,&quot;tooltipAt&quot;:&quot;right center&quot;,&quot;isRtl&quot;:false,&quot;scrollOffset&quot;:-50,&quot;scrollSpeed&quot;:800}\"><button class=\"quform-default-submit\" name=\"quform_submit\" type=\"submit\" value=\"submit\" aria-hidden=\"true\" tabindex=\"-1\"><\/button><div class=\"quform-form-inner quform-form-inner-39\"><input type=\"hidden\" name=\"quform_form_id\" value=\"39\" \/><input type=\"hidden\" name=\"quform_form_uid\" value=\"bfdecc\" \/><input type=\"hidden\" name=\"quform_count\" value=\"1\" \/><input type=\"hidden\" name=\"form_url\" value=\"https:\/\/www.electrosuisse.ch\/fr\/wp-json\/wp\/v2\/pages\/15060\" \/><input type=\"hidden\" name=\"referring_url\" value=\"\" \/><input type=\"hidden\" name=\"post_id\" value=\"\" \/><input type=\"hidden\" name=\"post_title\" value=\"\" \/><input type=\"hidden\" name=\"quform_current_page_id\" value=\"1\" \/><input type=\"hidden\" name=\"quform_loaded\" value=\"1777939137|e8ae5057e0de5662684790f1e63710fc\" \/><input type=\"hidden\" name=\"quform_csrf_token\" value=\"6SnPP7IB7WM9UXcjGGH9ZkrVBSDvC4DVSfM1X1xh\" \/><div class=\"quform-elements quform-elements-39 quform-cf quform-responsive-elements-phone-landscape\"><div class=\"quform-element quform-element-page quform-page-1 quform-page-39_1 quform-cf quform-group-style-plain quform-first-page quform-last-page quform-current-page\"><div class=\"quform-child-elements\"><div class=\"quform-element quform-element-textarea quform-element-39_731122 quform-sr-only quform-cf\" style=\"clip: rect(1px, 1px, 1px, 1px); clip-path: inset(50%); position: absolute !important; height: 1px; width: 1px; overflow: hidden;\"><div class=\"quform-spacer\"><div class=\"quform-label quform-label-39_731122\"><label class=\"quform-label-text\" for=\"quform_39_731122_bfdecc\">Company Name<span class=\"quform-required\">*<\/span><\/label><\/div><div class=\"quform-inner quform-inner-39_731122\"><textarea id=\"quform_39_731122_bfdecc\" name=\"quform_39_731122\" class=\"quform-field quform-field-textarea quform-field-39_731122\" tabindex=\"-1\" autocomplete=\"new-password\"><\/textarea><\/div><\/div><\/div><div class=\"quform-element quform-element-select quform-element-39_18 quform-cf quform-element-required\"><div class=\"quform-spacer\"><div class=\"quform-label quform-label-39_18\"><label class=\"quform-label-text\" for=\"quform_39_18_bfdecc\">Titre<span class=\"quform-required\">*<\/span><\/label><\/div><div class=\"quform-inner quform-inner-select quform-inner-39_18\"><div class=\"quform-input quform-input-select quform-input-39_18 quform-cf\"><select id=\"quform_39_18_bfdecc\" name=\"quform_39_18\" class=\"quform-field quform-field-select quform-field-39_18 quform-field-select-enhanced\" data-options=\"{&quot;rtl&quot;:false,&quot;search&quot;:false,&quot;noResultsFound&quot;:&quot;Aucun r\\u00e9sultat.&quot;}\" style=\"width: 100%;\"><option value=\"\" selected=\"selected\">Veuillez s\u00e9lectionner<\/option><option value=\"Herr\">Monsieur<\/option><option value=\"Frau\">Madame<\/option><\/select><\/div><\/div><\/div><\/div><div class=\"quform-element quform-element-group quform-element-39_14 quform-cf quform-group-style-plain\"><div class=\"quform-spacer\"><div class=\"quform-child-elements\"><div class=\"quform-element quform-element-text quform-element-39_4 quform-cf quform-labels-inside quform-element-required\"><div class=\"quform-spacer\"><div class=\"quform-label quform-label-39_4\"><label class=\"quform-label-text\" for=\"quform_39_4_bfdecc\">Pr\u00e9nom<span class=\"quform-required\">*<\/span><\/label><\/div><div class=\"quform-inner quform-inner-text quform-inner-39_4\"><div class=\"quform-input quform-input-text quform-input-39_4 quform-cf\"><input type=\"text\" id=\"quform_39_4_bfdecc\" name=\"quform_39_4\" class=\"quform-field quform-field-text quform-field-39_4\" \/><\/div><\/div><\/div><\/div><div class=\"quform-element quform-element-text quform-element-39_5 quform-cf quform-labels-inside quform-element-required\"><div class=\"quform-spacer\"><div class=\"quform-label quform-label-39_5\"><label class=\"quform-label-text\" for=\"quform_39_5_bfdecc\">Nom<span class=\"quform-required\">*<\/span><\/label><\/div><div class=\"quform-inner quform-inner-text quform-inner-39_5\"><div class=\"quform-input quform-input-text quform-input-39_5 quform-cf\"><input type=\"text\" id=\"quform_39_5_bfdecc\" name=\"quform_39_5\" class=\"quform-field quform-field-text quform-field-39_5\" \/><\/div><\/div><\/div><\/div><\/div><\/div><\/div><div class=\"quform-element quform-element-text quform-element-39_6 quform-cf quform-labels-inside quform-element-optional\"><div class=\"quform-spacer\"><div class=\"quform-label quform-label-39_6\"><label class=\"quform-label-text\" for=\"quform_39_6_bfdecc\">Enterprise<\/label><\/div><div class=\"quform-inner quform-inner-text quform-inner-39_6\"><div class=\"quform-input quform-input-text quform-input-39_6 quform-cf\"><input type=\"text\" id=\"quform_39_6_bfdecc\" name=\"quform_39_6\" class=\"quform-field quform-field-text quform-field-39_6\" \/><\/div><\/div><\/div><\/div><div class=\"quform-element quform-element-group quform-element-39_15 quform-cf quform-group-style-plain\"><div class=\"quform-spacer\"><div class=\"quform-child-elements\"><div class=\"quform-element quform-element-email quform-element-39_11 quform-cf quform-labels-inside quform-element-required\"><div class=\"quform-spacer\"><div class=\"quform-label quform-label-39_11\"><label class=\"quform-label-text\" for=\"quform_39_11_bfdecc\">E-Mail<span class=\"quform-required\">*<\/span><\/label><\/div><div class=\"quform-inner quform-inner-email quform-inner-39_11\"><div class=\"quform-input quform-input-email quform-input-39_11 quform-cf\"><input type=\"email\" id=\"quform_39_11_bfdecc\" name=\"quform_39_11\" class=\"quform-field quform-field-email quform-field-39_11\" \/><\/div><\/div><\/div><\/div><div class=\"quform-element quform-element-text quform-element-39_10 quform-cf quform-labels-inside quform-element-required\"><div class=\"quform-spacer\"><div class=\"quform-label quform-label-39_10\"><label class=\"quform-label-text\" for=\"quform_39_10_bfdecc\">Num\u00e9ro t\u00e9l.<span class=\"quform-required\">*<\/span><\/label><\/div><div class=\"quform-inner quform-inner-text quform-inner-39_10\"><div class=\"quform-input quform-input-text quform-input-39_10 quform-cf\"><input type=\"text\" id=\"quform_39_10_bfdecc\" name=\"quform_39_10\" class=\"quform-field quform-field-text quform-field-39_10\" \/><\/div><\/div><\/div><\/div><\/div><\/div><\/div><div class=\"quform-element quform-element-textarea quform-element-39_13 quform-cf quform-labels-inside quform-element-optional\"><div class=\"quform-spacer\"><div class=\"quform-label quform-label-39_13\"><label class=\"quform-label-text\" for=\"quform_39_13_bfdecc\">Titre de travail propos\u00e9 (nouveau projet)<\/label><\/div><div class=\"quform-inner quform-inner-textarea quform-inner-39_13\"><div class=\"quform-input quform-input-textarea quform-input-39_13 quform-cf\"><textarea id=\"quform_39_13_bfdecc\" name=\"quform_39_13\" class=\"quform-field quform-field-textarea quform-field-39_13\"><\/textarea><\/div><\/div><\/div><\/div><div class=\"quform-element quform-element-text quform-element-39_32 quform-cf quform-labels-inside quform-element-optional\"><div class=\"quform-spacer\"><div class=\"quform-label quform-label-39_32\"><label class=\"quform-label-text\" for=\"quform_39_32_bfdecc\">Num\u00e9ro de r\u00e9f\u00e9rence du standard<\/label><\/div><div class=\"quform-inner quform-inner-text quform-inner-39_32\"><div class=\"quform-input quform-input-text quform-input-39_32 quform-cf\"><input type=\"text\" id=\"quform_39_32_bfdecc\" name=\"quform_39_32\" class=\"quform-field quform-field-text quform-field-39_32\" \/><\/div><\/div><\/div><\/div><div class=\"quform-element quform-element-textarea quform-element-39_30 quform-cf quform-labels-inside quform-element-required\"><div class=\"quform-spacer\"><div class=\"quform-label quform-label-39_30\"><label class=\"quform-label-text\" for=\"quform_39_30_bfdecc\">Champ d'application du standard (o\u00f9 et avec qui?)<span class=\"quform-required\">*<\/span><\/label><\/div><div class=\"quform-inner quform-inner-textarea quform-inner-39_30\"><div class=\"quform-input quform-input-textarea quform-input-39_30 quform-cf\"><textarea id=\"quform_39_30_bfdecc\" name=\"quform_39_30\" class=\"quform-field quform-field-textarea quform-field-39_30\"><\/textarea><\/div><\/div><\/div><\/div><div class=\"quform-element quform-element-file quform-element-39_34 quform-cf quform-element-optional\"><div class=\"quform-spacer\"><div class=\"quform-label quform-label-39_34\"><label class=\"quform-label-text\" for=\"quform_39_34_bfdecc\">Upload<\/label><\/div><div class=\"quform-inner quform-inner-file quform-inner-39_34\"><div class=\"quform-input quform-input-file quform-input-39_34 quform-cf quform-button-style-theme\"><input type=\"file\" id=\"quform_39_34_bfdecc\" name=\"quform_39_34[]\" class=\"quform-field quform-field-file quform-field-39_34 quform-field-file-enhanced\" data-config=\"{&quot;id&quot;:34,&quot;identifier&quot;:&quot;39_34&quot;,&quot;name&quot;:&quot;quform_39_34&quot;,&quot;max&quot;:1,&quot;size&quot;:10485760,&quot;allowedExtensions&quot;:[&quot;jpg&quot;,&quot;jpeg&quot;,&quot;png&quot;,&quot;gif&quot;,&quot;pdf&quot;],&quot;notAllowedTypeWithFilename&quot;:&quot;Type de fichier \\u00ab %filename% \\u00bb non autoris\\u00e9&quot;,&quot;tooBigWithFilename&quot;:&quot;Le fichier \\u00ab %filename% \\u00bb d\\u00e9passe la taille maximale de fichier autoris\\u00e9e&quot;,&quot;tooMany&quot;:&quot;Vous ne pouvez pas envoyer plus de %max% fichier(s)&quot;,&quot;buttonType&quot;:&quot;button&quot;,&quot;buttonText&quot;:&quot;Parcourir...&quot;,&quot;buttonIcon&quot;:&quot;qicon-file_upload&quot;,&quot;buttonIconPosition&quot;:&quot;right&quot;}\" \/><\/div><\/div><\/div><\/div><div class=\"quform-element quform-element-checkbox quform-element-39_33 quform-cf quform-element-required\"><div class=\"quform-spacer\"><div class=\"quform-label quform-label-39_33\"><label class=\"quform-label-text\" id=\"quform_39_33_bfdecc_label\">Je consens au stockage et au traitement de mes donn\u00e9es par Electrosuisse. <span class=\"quform-required\">*<\/span><\/label><\/div><div class=\"quform-inner quform-inner-checkbox quform-inner-39_33\"><div class=\"quform-input quform-input-checkbox quform-input-39_33 quform-cf\"><div class=\"quform-options quform-cf quform-options-block quform-options-simple\" role=\"group\" aria-labelledby=\"quform_39_33_bfdecc_label\"><div class=\"quform-option\"><input type=\"checkbox\" name=\"quform_39_33[]\" id=\"quform_39_33_bfdecc_1\" class=\"quform-field quform-field-checkbox quform-field-39_33 quform-field-39_33_1\" value=\"Oui\" \/><label for=\"quform_39_33_bfdecc_1\" class=\"quform-option-label quform-option-label-39_33_1\"><span class=\"quform-option-text\">Oui<\/span><\/label><\/div><\/div><\/div><\/div><\/div><\/div><div class=\"quform-element quform-element-submit quform-element-39_2 quform-cf quform-button-style-theme\"><div class=\"quform-button-submit quform-button-submit-default quform-button-submit-39_2\"><button name=\"quform_submit\" type=\"submit\" class=\"quform-submit\" value=\"submit\"><span class=\"quform-button-text quform-button-submit-text\">Soumettre<\/span><\/button><\/div><div class=\"quform-loading quform-loading-position-left quform-loading-type-spinner-1\"><div class=\"quform-loading-inner\"><div class=\"quform-loading-spinner\"><div class=\"quform-loading-spinner-inner\"><\/div><\/div><\/div><\/div><\/div><\/div><\/div><\/div><div class=\"quform-upload-progress-wrap\"><div class=\"quform-upload-progress-bar-wrap\"><div class=\"quform-upload-progress-bar\"><\/div><\/div><div class=\"quform-upload-info quform-cf\"><div class=\"quform-upload-filename\"><\/div><\/div><\/div><\/div><\/form><\/div><\/div><\/div>[vc_column_text]Vos donn\u00e9es personnelles seront trait\u00e9es par Electrosuisse aux fins de votre demande dans le cadre des lois applicables en mati\u00e8re de protection des donn\u00e9es et stock\u00e9es conform\u00e9ment \u00e0 la loi applicable, etc., pour plus de d\u00e9tails, voir <a href=\"https:\/\/www.electrosuisse.ch\/fr\/declaration-de-protection-des-donnes\/\" target=\"_blank\" rel=\"noopener\">\u00ab D\u00e9claration de protection des donn\u00e9es \u00bb<\/a>.[\/vc_column_text][\/vc_column][\/vc_row]<\/p>\n<\/div>","protected":false},"excerpt":{"rendered":"<p>[vc_row][vc_column][vc_column_text] Demande de cr\u00e9ation ou de r\u00e9vision d&#8217; un standard [\/vc_column_text][vc_column_text]Electrosuisse soutient le d\u00e9veloppement de documents standards dans le domaine de la normalisation \u00e9lectrotechnique \u2013 de l&#8217;id\u00e9e \u00e0 un SN, SNR ou SNG jusqu&#8217;\u00e0 la publication du document. Si vous souhaitez d\u00e9marrer un projet pour d\u00e9velopper un nouveau standard et \/ ou r\u00e9viser un document [&hellip;]<\/p>\n","protected":false},"author":6,"featured_media":0,"parent":3781,"menu_order":184,"comment_status":"closed","ping_status":"closed","template":"","meta":{"_acf_changed":false,"_monsterinsights_skip_tracking":false,"_monsterinsights_sitenote_active":false,"_monsterinsights_sitenote_note":"","_monsterinsights_sitenote_category":0,"footnotes":""},"class_list":["post-15060","page","type-page","status-publish","hentry"],"acf":[],"yoast_head":"<!-- This site is optimized with the Yoast SEO Premium plugin v26.4 (Yoast SEO v27.0) - https:\/\/yoast.com\/product\/yoast-seo-premium-wordpress\/ -->\n<title>Normungsantrag FR - Electrosuisse<\/title>\n<meta name=\"robots\" content=\"index, follow, max-snippet:-1, max-image-preview:large, max-video-preview:-1\" \/>\n<link rel=\"canonical\" href=\"https:\/\/www.electrosuisse.ch\/fr\/pourquoi-normaliser\/demande_dun_standard\/\" \/>\n<meta property=\"og:locale\" content=\"fr_FR\" \/>\n<meta property=\"og:type\" content=\"article\" \/>\n<meta property=\"og:title\" content=\"Normungsantrag FR - Electrosuisse\" \/>\n<meta property=\"og:description\" content=\"[vc_row][vc_column][vc_column_text] Demande de cr\u00e9ation ou de r\u00e9vision d&#8217; un standard [\/vc_column_text][vc_column_text]Electrosuisse soutient le d\u00e9veloppement de documents standards dans le domaine de la normalisation \u00e9lectrotechnique \u2013 de l&#8217;id\u00e9e \u00e0 un SN, SNR ou SNG jusqu&#8217;\u00e0 la publication du document. Si vous souhaitez d\u00e9marrer un projet pour d\u00e9velopper un nouveau standard et \/ ou r\u00e9viser un document [&hellip;]\" \/>\n<meta property=\"og:url\" content=\"https:\/\/www.electrosuisse.ch\/fr\/pourquoi-normaliser\/demande_dun_standard\/\" \/>\n<meta property=\"og:site_name\" content=\"Electrosuisse\" \/>\n<meta property=\"article:modified_time\" content=\"2022-12-06T08:51:05+00:00\" \/>\n<meta property=\"og:image\" content=\"https:\/\/www.electrosuisse.ch\/wp-content\/uploads\/2022\/12\/Electrosuisse_Ueber_uns_1578x650.jpg\" \/>\n\t<meta property=\"og:image:width\" content=\"1578\" \/>\n\t<meta property=\"og:image:height\" content=\"650\" \/>\n\t<meta property=\"og:image:type\" content=\"image\/jpeg\" \/>\n<script type=\"application\/ld+json\" class=\"yoast-schema-graph\">{\"@context\":\"https:\/\/schema.org\",\"@graph\":[{\"@type\":\"WebPage\",\"@id\":\"https:\/\/www.electrosuisse.ch\/fr\/pourquoi-normaliser\/demande_dun_standard\/\",\"url\":\"https:\/\/www.electrosuisse.ch\/fr\/pourquoi-normaliser\/demande_dun_standard\/\",\"name\":\"Normungsantrag FR - Electrosuisse\",\"isPartOf\":{\"@id\":\"https:\/\/www.electrosuisse.ch\/fr\/#website\"},\"datePublished\":\"2021-01-08T09:50:31+00:00\",\"dateModified\":\"2022-12-06T08:51:05+00:00\",\"breadcrumb\":{\"@id\":\"https:\/\/www.electrosuisse.ch\/fr\/pourquoi-normaliser\/demande_dun_standard\/#breadcrumb\"},\"inLanguage\":\"fr-FR\",\"potentialAction\":[{\"@type\":\"ReadAction\",\"target\":[\"https:\/\/www.electrosuisse.ch\/fr\/pourquoi-normaliser\/demande_dun_standard\/\"]}]},{\"@type\":\"BreadcrumbList\",\"@id\":\"https:\/\/www.electrosuisse.ch\/fr\/pourquoi-normaliser\/demande_dun_standard\/#breadcrumb\",\"itemListElement\":[{\"@type\":\"ListItem\",\"position\":1,\"name\":\"Normalisation\",\"item\":\"https:\/\/www.electrosuisse.ch\/fr\/pourquoi-normaliser\/\"},{\"@type\":\"ListItem\",\"position\":2,\"name\":\"Normungsantrag FR\"}]},{\"@type\":\"WebSite\",\"@id\":\"https:\/\/www.electrosuisse.ch\/fr\/#website\",\"url\":\"https:\/\/www.electrosuisse.ch\/fr\/\",\"name\":\"Electrosuisse\",\"description\":\"\",\"publisher\":{\"@id\":\"https:\/\/www.electrosuisse.ch\/fr\/#organization\"},\"potentialAction\":[{\"@type\":\"SearchAction\",\"target\":{\"@type\":\"EntryPoint\",\"urlTemplate\":\"https:\/\/www.electrosuisse.ch\/fr\/?s={search_term_string}\"},\"query-input\":{\"@type\":\"PropertyValueSpecification\",\"valueRequired\":true,\"valueName\":\"search_term_string\"}}],\"inLanguage\":\"fr-FR\"},{\"@type\":\"Organization\",\"@id\":\"https:\/\/www.electrosuisse.ch\/fr\/#organization\",\"name\":\"Electrosuisse\",\"url\":\"https:\/\/www.electrosuisse.ch\/fr\/\",\"logo\":{\"@type\":\"ImageObject\",\"inLanguage\":\"fr-FR\",\"@id\":\"https:\/\/www.electrosuisse.ch\/fr\/#\/schema\/logo\/image\/\",\"url\":\"https:\/\/www.electrosuisse.ch\/wp-content\/uploads\/2025\/04\/Electrosuisse_Logo_696x696.png\",\"contentUrl\":\"https:\/\/www.electrosuisse.ch\/wp-content\/uploads\/2025\/04\/Electrosuisse_Logo_696x696.png\",\"width\":696,\"height\":696,\"caption\":\"Electrosuisse\"},\"image\":{\"@id\":\"https:\/\/www.electrosuisse.ch\/fr\/#\/schema\/logo\/image\/\"},\"sameAs\":[\"https:\/\/www.linkedin.com\/company\/electrosuisse-ag\/posts\/?feedView=all\",\"https:\/\/www.instagram.com\/electrosuisse1889\/\",\"https:\/\/www.youtube.com\/channel\/UCoOxohMiVE0Gjcdis1L09zw\"],\"description\":\"Electrosuisse ist eine anerkannte und unabh\u00e4ngige Fachorganisation, die erstklassige Dienstleistungen und Produkte in den Bereichen Inspektion, Beratung, Pr\u00fcfung, Zertifizierung, Normung und Weiterbildung anbietet. Unsere Expertise umfasst Elektrotechnik, Elektromobilit\u00e4t, Energieberatung, Geb\u00e4udeautomation und Photovoltaik in der Schweiz. Durch die Veranstaltung etablierter Branchen-Events und Fachtagungen f\u00f6rdert Electrosuisse den Wissenstransfer und den fachlichen Austausch. Im Mittelpunkt unserer T\u00e4tigkeiten steht die F\u00f6rderung der sicheren, wirtschaftlichen und umweltgerechten Anwendung der Elektrotechnik.\"}]}<\/script>\n<!-- \/ Yoast SEO Premium plugin. -->","yoast_head_json":{"title":"Normungsantrag FR - Electrosuisse","robots":{"index":"index","follow":"follow","max-snippet":"max-snippet:-1","max-image-preview":"max-image-preview:large","max-video-preview":"max-video-preview:-1"},"canonical":"https:\/\/www.electrosuisse.ch\/fr\/pourquoi-normaliser\/demande_dun_standard\/","og_locale":"fr_FR","og_type":"article","og_title":"Normungsantrag FR - Electrosuisse","og_description":"[vc_row][vc_column][vc_column_text] Demande de cr\u00e9ation ou de r\u00e9vision d&#8217; un standard [\/vc_column_text][vc_column_text]Electrosuisse soutient le d\u00e9veloppement de documents standards dans le domaine de la normalisation \u00e9lectrotechnique \u2013 de l&#8217;id\u00e9e \u00e0 un SN, SNR ou SNG jusqu&#8217;\u00e0 la publication du document. Si vous souhaitez d\u00e9marrer un projet pour d\u00e9velopper un nouveau standard et \/ ou r\u00e9viser un document [&hellip;]","og_url":"https:\/\/www.electrosuisse.ch\/fr\/pourquoi-normaliser\/demande_dun_standard\/","og_site_name":"Electrosuisse","article_modified_time":"2022-12-06T08:51:05+00:00","og_image":[{"width":1578,"height":650,"url":"https:\/\/www.electrosuisse.ch\/wp-content\/uploads\/2022\/12\/Electrosuisse_Ueber_uns_1578x650.jpg","type":"image\/jpeg"}],"schema":{"@context":"https:\/\/schema.org","@graph":[{"@type":"WebPage","@id":"https:\/\/www.electrosuisse.ch\/fr\/pourquoi-normaliser\/demande_dun_standard\/","url":"https:\/\/www.electrosuisse.ch\/fr\/pourquoi-normaliser\/demande_dun_standard\/","name":"Normungsantrag FR - Electrosuisse","isPartOf":{"@id":"https:\/\/www.electrosuisse.ch\/fr\/#website"},"datePublished":"2021-01-08T09:50:31+00:00","dateModified":"2022-12-06T08:51:05+00:00","breadcrumb":{"@id":"https:\/\/www.electrosuisse.ch\/fr\/pourquoi-normaliser\/demande_dun_standard\/#breadcrumb"},"inLanguage":"fr-FR","potentialAction":[{"@type":"ReadAction","target":["https:\/\/www.electrosuisse.ch\/fr\/pourquoi-normaliser\/demande_dun_standard\/"]}]},{"@type":"BreadcrumbList","@id":"https:\/\/www.electrosuisse.ch\/fr\/pourquoi-normaliser\/demande_dun_standard\/#breadcrumb","itemListElement":[{"@type":"ListItem","position":1,"name":"Normalisation","item":"https:\/\/www.electrosuisse.ch\/fr\/pourquoi-normaliser\/"},{"@type":"ListItem","position":2,"name":"Normungsantrag FR"}]},{"@type":"WebSite","@id":"https:\/\/www.electrosuisse.ch\/fr\/#website","url":"https:\/\/www.electrosuisse.ch\/fr\/","name":"Electrosuisse","description":"","publisher":{"@id":"https:\/\/www.electrosuisse.ch\/fr\/#organization"},"potentialAction":[{"@type":"SearchAction","target":{"@type":"EntryPoint","urlTemplate":"https:\/\/www.electrosuisse.ch\/fr\/?s={search_term_string}"},"query-input":{"@type":"PropertyValueSpecification","valueRequired":true,"valueName":"search_term_string"}}],"inLanguage":"fr-FR"},{"@type":"Organization","@id":"https:\/\/www.electrosuisse.ch\/fr\/#organization","name":"Electrosuisse","url":"https:\/\/www.electrosuisse.ch\/fr\/","logo":{"@type":"ImageObject","inLanguage":"fr-FR","@id":"https:\/\/www.electrosuisse.ch\/fr\/#\/schema\/logo\/image\/","url":"https:\/\/www.electrosuisse.ch\/wp-content\/uploads\/2025\/04\/Electrosuisse_Logo_696x696.png","contentUrl":"https:\/\/www.electrosuisse.ch\/wp-content\/uploads\/2025\/04\/Electrosuisse_Logo_696x696.png","width":696,"height":696,"caption":"Electrosuisse"},"image":{"@id":"https:\/\/www.electrosuisse.ch\/fr\/#\/schema\/logo\/image\/"},"sameAs":["https:\/\/www.linkedin.com\/company\/electrosuisse-ag\/posts\/?feedView=all","https:\/\/www.instagram.com\/electrosuisse1889\/","https:\/\/www.youtube.com\/channel\/UCoOxohMiVE0Gjcdis1L09zw"],"description":"Electrosuisse ist eine anerkannte und unabh\u00e4ngige Fachorganisation, die erstklassige Dienstleistungen und Produkte in den Bereichen Inspektion, Beratung, Pr\u00fcfung, Zertifizierung, Normung und Weiterbildung anbietet. Unsere Expertise umfasst Elektrotechnik, Elektromobilit\u00e4t, Energieberatung, Geb\u00e4udeautomation und Photovoltaik in der Schweiz. Durch die Veranstaltung etablierter Branchen-Events und Fachtagungen f\u00f6rdert Electrosuisse den Wissenstransfer und den fachlichen Austausch. Im Mittelpunkt unserer T\u00e4tigkeiten steht die F\u00f6rderung der sicheren, wirtschaftlichen und umweltgerechten Anwendung der Elektrotechnik."}]}},"amp_enabled":true,"_links":{"self":[{"href":"https:\/\/www.electrosuisse.ch\/fr\/wp-json\/wp\/v2\/pages\/15060","targetHints":{"allow":["GET"]}}],"collection":[{"href":"https:\/\/www.electrosuisse.ch\/fr\/wp-json\/wp\/v2\/pages"}],"about":[{"href":"https:\/\/www.electrosuisse.ch\/fr\/wp-json\/wp\/v2\/types\/page"}],"author":[{"embeddable":true,"href":"https:\/\/www.electrosuisse.ch\/fr\/wp-json\/wp\/v2\/users\/6"}],"replies":[{"embeddable":true,"href":"https:\/\/www.electrosuisse.ch\/fr\/wp-json\/wp\/v2\/comments?post=15060"}],"version-history":[{"count":0,"href":"https:\/\/www.electrosuisse.ch\/fr\/wp-json\/wp\/v2\/pages\/15060\/revisions"}],"up":[{"embeddable":true,"href":"https:\/\/www.electrosuisse.ch\/fr\/wp-json\/wp\/v2\/pages\/3781"}],"wp:attachment":[{"href":"https:\/\/www.electrosuisse.ch\/fr\/wp-json\/wp\/v2\/media?parent=15060"}],"curies":[{"name":"wp","href":"https:\/\/api.w.org\/{rel}","templated":true}]}}