{"id":12536,"date":"2020-06-18T00:43:49","date_gmt":"2020-06-17T22:43:49","guid":{"rendered":"https:\/\/www.electrosuisse.ch\/firmenverzeichnis\/"},"modified":"2026-03-24T13:16:52","modified_gmt":"2026-03-24T12:16:52","slug":"repertoireentreprises","status":"publish","type":"page","link":"https:\/\/www.electrosuisse.ch\/fr\/devenez-membre\/repertoireentreprises\/","title":{"rendered":"Repertoire entreprises"},"content":{"rendered":"<div class=\"wpb-content-wrapper\"><p>[vc_row][vc_column][vc_column_text]<\/p>\n<h1>R\u00e9pertoire des entreprises<\/h1>\n<p>Electrosuisse est la principale association professionnelle suisse du secteur de l&#8217;\u00e9lectrotechnique et des technologies de l\u2019\u00e9nergie et de l&#8217;information. Vous recherchez une entreprise dans un domaine sp\u00e9cifique ? Une soci\u00e9t\u00e9 pour un partenariat ? Un fournisseur fiable ? Ou une start-up innovante ?<\/p>\n<p>Utilisez notre r\u00e9pertoire pour obtenir une vue d&#8217;ensemble des entreprises membres d\u2019Electrosuisse actives dans tous les sous-secteurs de la branche.<\/p>\n<p>Le saviez-vous d\u00e9j\u00e0 ? En tant que <a href=\"https:\/\/www.electrosuisse.ch\/fr\/devenez-membre\/adhesion-en-tant-quentreprise\/\">membre de la branche<\/a>, vous avez la possibilit\u00e9 de vous inscrire dans notre r\u00e9pertoire des entreprises et de gagner ainsi en visibilit\u00e9 aupr\u00e8s des personnes \u00e0 la recherche d\u2019informations.[\/vc_column_text]<div class=\"wpb_content_element wpb_accordion_column accordion_simple\"><div class=\"accordions accordions_0\"><div class=\"custom_accordion_item accordion custom_accordion accordion_1_0\"><div class=\"accordion__header\" id=\"accordion_header_1_0\"><div class=\"accordion_trigger js-accordion_trigger\" data-toggle=\"collapse\" \r\n\t\t\t\t\tdata-target=\"#accordion_content_1_0_acc774\" \r\n          aria-expanded=\"false\" aria-controls=\"accordion_content_1_0\"><h3 class=\"accordion-title accordion-title-icon icon--position-right js-accordion-controller\"><div>Instructions pour l'inscription au r\u00e9pertoire des entreprises<\/div><\/h3><\/div><\/div><div class=\"accordion__content collapse not-click-to-close\" id=\"accordion_content_1_0_acc774\" aria-labelledby=\"accordion_header_1_0\"><div class=\"inside\"><div class=\"accordion-content\"><div class=\"accordion__inside\"><div class=\"accordion__element\"><!-- Start Accordion Content --><div class=\"accordion__element\"><p>Dans le portail client \u00abmyElectrosuisse\u00bb, vous pourrez s\u00e9lectionner la branche correspondant \u00e0 votre entreprise dans le menu, sous le point \u00abAffiliation\u00bb, et y saisir votre adresse Internet. Celle-ci <strong>doit toujours commencer par http:\/\/ ou https:\/\/<\/strong>. Le logo de l\u2019entreprise peut \u00eatre t\u00e9l\u00e9charg\u00e9 sous \u00abProfil\u00bb. Veuillez noter que toutes les modifications et tous les ajouts <strong>ne peuvent \u00eatre effectu\u00e9s que par votre gestionnaire<\/strong>.<\/p>\n<\/div><!-- Start Accordion Content --><\/div><\/div><\/div><\/div><\/div><\/div><\/div><\/div><div class=\"wpb_button_column wpb_content_element wpb_content_element--left\"><div class=\"wpb_wrapper\"><div class=\"button button--normal\"><a href=\"https:\/\/www.electrosuisse.ch\/fr\/devenez-membre\/adhesion-en-tant-quentreprise\/\">Devenir membre de la branche<\/a><\/div><\/div><\/div>[\/vc_column][\/vc_row]<\/p>\n<\/div>","protected":false},"excerpt":{"rendered":"<p>[vc_row][vc_column][vc_column_text] R\u00e9pertoire des entreprises Electrosuisse est la principale association professionnelle suisse du secteur de l&#8217;\u00e9lectrotechnique et des technologies de l\u2019\u00e9nergie et de l&#8217;information. Vous recherchez une entreprise dans un domaine sp\u00e9cifique ? Une soci\u00e9t\u00e9 pour un partenariat ? Un fournisseur fiable ? Ou une start-up innovante ? Utilisez notre r\u00e9pertoire pour obtenir une vue d&#8217;ensemble [&hellip;]<\/p>\n","protected":false},"author":2,"featured_media":0,"parent":19605,"menu_order":135,"comment_status":"closed","ping_status":"closed","template":"page-firmenverzeichnis.php","meta":{"_acf_changed":false,"_monsterinsights_skip_tracking":false,"_monsterinsights_sitenote_active":false,"_monsterinsights_sitenote_note":"","_monsterinsights_sitenote_category":0,"footnotes":""},"class_list":["post-12536","page","type-page","status-publish","hentry"],"acf":[],"yoast_head":"<!-- This site is optimized with the Yoast SEO Premium plugin v26.4 (Yoast SEO v27.0) - https:\/\/yoast.com\/product\/yoast-seo-premium-wordpress\/ -->\n<title>Repertoire entreprises - Electrosuisse<\/title>\n<meta name=\"description\" content=\"L&#039;annuaire des entreprises d&#039;Electrosuisse vous donne un aper\u00e7u des membres issus de tous les secteurs de la branche.\" \/>\n<meta name=\"robots\" content=\"index, follow, max-snippet:-1, max-image-preview:large, max-video-preview:-1\" \/>\n<link rel=\"canonical\" href=\"https:\/\/www.electrosuisse.ch\/fr\/devenez-membre\/repertoireentreprises\/\" \/>\n<meta property=\"og:locale\" content=\"fr_FR\" \/>\n<meta property=\"og:type\" content=\"article\" \/>\n<meta property=\"og:title\" content=\"Repertoire entreprises - Electrosuisse\" \/>\n<meta property=\"og:description\" content=\"L&#039;annuaire des entreprises d&#039;Electrosuisse vous donne un aper\u00e7u des membres issus de tous les secteurs de la branche.\" \/>\n<meta property=\"og:url\" content=\"https:\/\/www.electrosuisse.ch\/fr\/devenez-membre\/repertoireentreprises\/\" \/>\n<meta property=\"og:site_name\" content=\"Electrosuisse\" \/>\n<meta property=\"article:modified_time\" content=\"2026-03-24T12:16:52+00:00\" \/>\n<meta property=\"og:image\" content=\"https:\/\/www.electrosuisse.ch\/wp-content\/uploads\/2019\/04\/Electrosuisse_Firmenmitgliedschaft_iStock_43805980_LARGE.jpg\" \/>\n\t<meta property=\"og:image:width\" content=\"1578\" \/>\n\t<meta property=\"og:image:height\" content=\"650\" \/>\n\t<meta property=\"og:image:type\" content=\"image\/jpeg\" \/>\n<script type=\"application\/ld+json\" class=\"yoast-schema-graph\">{\"@context\":\"https:\/\/schema.org\",\"@graph\":[{\"@type\":\"WebPage\",\"@id\":\"https:\/\/www.electrosuisse.ch\/fr\/devenez-membre\/repertoireentreprises\/\",\"url\":\"https:\/\/www.electrosuisse.ch\/fr\/devenez-membre\/repertoireentreprises\/\",\"name\":\"Repertoire entreprises - Electrosuisse\",\"isPartOf\":{\"@id\":\"https:\/\/www.electrosuisse.ch\/fr\/#website\"},\"datePublished\":\"2020-06-17T22:43:49+00:00\",\"dateModified\":\"2026-03-24T12:16:52+00:00\",\"description\":\"L'annuaire des entreprises d'Electrosuisse vous donne un aper\u00e7u des membres issus de tous les secteurs de la branche.\",\"breadcrumb\":{\"@id\":\"https:\/\/www.electrosuisse.ch\/fr\/devenez-membre\/repertoireentreprises\/#breadcrumb\"},\"inLanguage\":\"fr-FR\",\"potentialAction\":[{\"@type\":\"ReadAction\",\"target\":[\"https:\/\/www.electrosuisse.ch\/fr\/devenez-membre\/repertoireentreprises\/\"]}]},{\"@type\":\"BreadcrumbList\",\"@id\":\"https:\/\/www.electrosuisse.ch\/fr\/devenez-membre\/repertoireentreprises\/#breadcrumb\",\"itemListElement\":[{\"@type\":\"ListItem\",\"position\":1,\"name\":\"Adh\u00e9sion\",\"item\":\"https:\/\/www.electrosuisse.ch\/fr\/devenez-membre\/\"},{\"@type\":\"ListItem\",\"position\":2,\"name\":\"Repertoire entreprises\"}]},{\"@type\":\"WebSite\",\"@id\":\"https:\/\/www.electrosuisse.ch\/fr\/#website\",\"url\":\"https:\/\/www.electrosuisse.ch\/fr\/\",\"name\":\"Electrosuisse\",\"description\":\"\",\"publisher\":{\"@id\":\"https:\/\/www.electrosuisse.ch\/fr\/#organization\"},\"potentialAction\":[{\"@type\":\"SearchAction\",\"target\":{\"@type\":\"EntryPoint\",\"urlTemplate\":\"https:\/\/www.electrosuisse.ch\/fr\/?s={search_term_string}\"},\"query-input\":{\"@type\":\"PropertyValueSpecification\",\"valueRequired\":true,\"valueName\":\"search_term_string\"}}],\"inLanguage\":\"fr-FR\"},{\"@type\":\"Organization\",\"@id\":\"https:\/\/www.electrosuisse.ch\/fr\/#organization\",\"name\":\"Electrosuisse\",\"url\":\"https:\/\/www.electrosuisse.ch\/fr\/\",\"logo\":{\"@type\":\"ImageObject\",\"inLanguage\":\"fr-FR\",\"@id\":\"https:\/\/www.electrosuisse.ch\/fr\/#\/schema\/logo\/image\/\",\"url\":\"https:\/\/www.electrosuisse.ch\/wp-content\/uploads\/2025\/04\/Electrosuisse_Logo_696x696.png\",\"contentUrl\":\"https:\/\/www.electrosuisse.ch\/wp-content\/uploads\/2025\/04\/Electrosuisse_Logo_696x696.png\",\"width\":696,\"height\":696,\"caption\":\"Electrosuisse\"},\"image\":{\"@id\":\"https:\/\/www.electrosuisse.ch\/fr\/#\/schema\/logo\/image\/\"},\"sameAs\":[\"https:\/\/www.linkedin.com\/company\/electrosuisse-ag\/posts\/?feedView=all\",\"https:\/\/www.instagram.com\/electrosuisse1889\/\",\"https:\/\/www.youtube.com\/channel\/UCoOxohMiVE0Gjcdis1L09zw\"],\"description\":\"Electrosuisse ist eine anerkannte und unabh\u00e4ngige Fachorganisation, die erstklassige Dienstleistungen und Produkte in den Bereichen Inspektion, Beratung, Pr\u00fcfung, Zertifizierung, Normung und Weiterbildung anbietet. Unsere Expertise umfasst Elektrotechnik, Elektromobilit\u00e4t, Energieberatung, Geb\u00e4udeautomation und Photovoltaik in der Schweiz. Durch die Veranstaltung etablierter Branchen-Events und Fachtagungen f\u00f6rdert Electrosuisse den Wissenstransfer und den fachlichen Austausch. Im Mittelpunkt unserer T\u00e4tigkeiten steht die F\u00f6rderung der sicheren, wirtschaftlichen und umweltgerechten Anwendung der Elektrotechnik.\"}]}<\/script>\n<!-- \/ Yoast SEO Premium plugin. -->","yoast_head_json":{"title":"Repertoire entreprises - Electrosuisse","description":"L'annuaire des entreprises d'Electrosuisse vous donne un aper\u00e7u des membres issus de tous les secteurs de la branche.","robots":{"index":"index","follow":"follow","max-snippet":"max-snippet:-1","max-image-preview":"max-image-preview:large","max-video-preview":"max-video-preview:-1"},"canonical":"https:\/\/www.electrosuisse.ch\/fr\/devenez-membre\/repertoireentreprises\/","og_locale":"fr_FR","og_type":"article","og_title":"Repertoire entreprises - Electrosuisse","og_description":"L'annuaire des entreprises d'Electrosuisse vous donne un aper\u00e7u des membres issus de tous les secteurs de la branche.","og_url":"https:\/\/www.electrosuisse.ch\/fr\/devenez-membre\/repertoireentreprises\/","og_site_name":"Electrosuisse","article_modified_time":"2026-03-24T12:16:52+00:00","og_image":[{"width":1578,"height":650,"url":"https:\/\/www.electrosuisse.ch\/wp-content\/uploads\/2019\/04\/Electrosuisse_Firmenmitgliedschaft_iStock_43805980_LARGE.jpg","type":"image\/jpeg"}],"schema":{"@context":"https:\/\/schema.org","@graph":[{"@type":"WebPage","@id":"https:\/\/www.electrosuisse.ch\/fr\/devenez-membre\/repertoireentreprises\/","url":"https:\/\/www.electrosuisse.ch\/fr\/devenez-membre\/repertoireentreprises\/","name":"Repertoire entreprises - Electrosuisse","isPartOf":{"@id":"https:\/\/www.electrosuisse.ch\/fr\/#website"},"datePublished":"2020-06-17T22:43:49+00:00","dateModified":"2026-03-24T12:16:52+00:00","description":"L'annuaire des entreprises d'Electrosuisse vous donne un aper\u00e7u des membres issus de tous les secteurs de la branche.","breadcrumb":{"@id":"https:\/\/www.electrosuisse.ch\/fr\/devenez-membre\/repertoireentreprises\/#breadcrumb"},"inLanguage":"fr-FR","potentialAction":[{"@type":"ReadAction","target":["https:\/\/www.electrosuisse.ch\/fr\/devenez-membre\/repertoireentreprises\/"]}]},{"@type":"BreadcrumbList","@id":"https:\/\/www.electrosuisse.ch\/fr\/devenez-membre\/repertoireentreprises\/#breadcrumb","itemListElement":[{"@type":"ListItem","position":1,"name":"Adh\u00e9sion","item":"https:\/\/www.electrosuisse.ch\/fr\/devenez-membre\/"},{"@type":"ListItem","position":2,"name":"Repertoire entreprises"}]},{"@type":"WebSite","@id":"https:\/\/www.electrosuisse.ch\/fr\/#website","url":"https:\/\/www.electrosuisse.ch\/fr\/","name":"Electrosuisse","description":"","publisher":{"@id":"https:\/\/www.electrosuisse.ch\/fr\/#organization"},"potentialAction":[{"@type":"SearchAction","target":{"@type":"EntryPoint","urlTemplate":"https:\/\/www.electrosuisse.ch\/fr\/?s={search_term_string}"},"query-input":{"@type":"PropertyValueSpecification","valueRequired":true,"valueName":"search_term_string"}}],"inLanguage":"fr-FR"},{"@type":"Organization","@id":"https:\/\/www.electrosuisse.ch\/fr\/#organization","name":"Electrosuisse","url":"https:\/\/www.electrosuisse.ch\/fr\/","logo":{"@type":"ImageObject","inLanguage":"fr-FR","@id":"https:\/\/www.electrosuisse.ch\/fr\/#\/schema\/logo\/image\/","url":"https:\/\/www.electrosuisse.ch\/wp-content\/uploads\/2025\/04\/Electrosuisse_Logo_696x696.png","contentUrl":"https:\/\/www.electrosuisse.ch\/wp-content\/uploads\/2025\/04\/Electrosuisse_Logo_696x696.png","width":696,"height":696,"caption":"Electrosuisse"},"image":{"@id":"https:\/\/www.electrosuisse.ch\/fr\/#\/schema\/logo\/image\/"},"sameAs":["https:\/\/www.linkedin.com\/company\/electrosuisse-ag\/posts\/?feedView=all","https:\/\/www.instagram.com\/electrosuisse1889\/","https:\/\/www.youtube.com\/channel\/UCoOxohMiVE0Gjcdis1L09zw"],"description":"Electrosuisse ist eine anerkannte und unabh\u00e4ngige Fachorganisation, die erstklassige Dienstleistungen und Produkte in den Bereichen Inspektion, Beratung, Pr\u00fcfung, Zertifizierung, Normung und Weiterbildung anbietet. Unsere Expertise umfasst Elektrotechnik, Elektromobilit\u00e4t, Energieberatung, Geb\u00e4udeautomation und Photovoltaik in der Schweiz. Durch die Veranstaltung etablierter Branchen-Events und Fachtagungen f\u00f6rdert Electrosuisse den Wissenstransfer und den fachlichen Austausch. Im Mittelpunkt unserer T\u00e4tigkeiten steht die F\u00f6rderung der sicheren, wirtschaftlichen und umweltgerechten Anwendung der Elektrotechnik."}]}},"amp_enabled":false,"_links":{"self":[{"href":"https:\/\/www.electrosuisse.ch\/fr\/wp-json\/wp\/v2\/pages\/12536","targetHints":{"allow":["GET"]}}],"collection":[{"href":"https:\/\/www.electrosuisse.ch\/fr\/wp-json\/wp\/v2\/pages"}],"about":[{"href":"https:\/\/www.electrosuisse.ch\/fr\/wp-json\/wp\/v2\/types\/page"}],"author":[{"embeddable":true,"href":"https:\/\/www.electrosuisse.ch\/fr\/wp-json\/wp\/v2\/users\/2"}],"replies":[{"embeddable":true,"href":"https:\/\/www.electrosuisse.ch\/fr\/wp-json\/wp\/v2\/comments?post=12536"}],"version-history":[{"count":4,"href":"https:\/\/www.electrosuisse.ch\/fr\/wp-json\/wp\/v2\/pages\/12536\/revisions"}],"predecessor-version":[{"id":33566,"href":"https:\/\/www.electrosuisse.ch\/fr\/wp-json\/wp\/v2\/pages\/12536\/revisions\/33566"}],"up":[{"embeddable":true,"href":"https:\/\/www.electrosuisse.ch\/fr\/wp-json\/wp\/v2\/pages\/19605"}],"wp:attachment":[{"href":"https:\/\/www.electrosuisse.ch\/fr\/wp-json\/wp\/v2\/media?parent=12536"}],"curies":[{"name":"wp","href":"https:\/\/api.w.org\/{rel}","templated":true}]}}