{"id":10627,"date":"2020-02-14T14:33:11","date_gmt":"2020-02-14T13:33:11","guid":{"rendered":"https:\/\/www.electrosuisse.ch\/rechtliche-hinweise\/"},"modified":"2021-12-22T14:20:21","modified_gmt":"2021-12-22T13:20:21","slug":"mentions-legales","status":"publish","type":"page","link":"https:\/\/www.electrosuisse.ch\/fr\/mentions-legales\/","title":{"rendered":"Mentions l\u00e9gales"},"content":{"rendered":"<div class=\"wpb-content-wrapper\"><p>[vc_row][vc_column][vc_column_text]<\/p>\n<h2>Mentions l\u00e9gales<\/h2>\n<h3>A. G\u00e9n\u00e9ralit\u00e9s<\/h3>\n<p>Le pr\u00e9sent site web donne uniquement des informations d\u2019ordre g\u00e9n\u00e9ral et n\u2019offre aucune garantie quant \u00e0 l\u2019exactitude et l\u2019exhaustivit\u00e9 de ses contenus. Les incertitudes li\u00e9es \u00e0 ce type de m\u00e9dia exigent de formuler les r\u00e9serves qui suivent. L\u2019application des dispositions l\u00e9gales, de la jurisprudence et de la pratique g\u00e9n\u00e9ralement admise restent r\u00e9serv\u00e9es dans les cas concrets.<\/p>\n<h3>1. Limitation de la responsabilit\u00e9<\/h3>\n<p>Electrosuisse met le pr\u00e9sent site web \u00e0 la disposition de ses membres, de ses clients et du grand public \u00e0 titre de service d\u2019information. Electrosuisse d\u00e9cline toute responsabilit\u00e9 quant \u00e0 l\u2019exactitude et l\u2019exhaustivit\u00e9 des informations qui y figurent. Il est pr\u00e9cis\u00e9 que ces derni\u00e8res ne sauraient \u00eatre consid\u00e9r\u00e9es comme constituant des informations liant juridiquement Electrosuisse. Dans l\u2019hypoth\u00e8se ou des dispositions seraient tout de m\u00eame prises sur la base de ces informations, celles-ci le seront sous la pleine responsabilit\u00e9 de la personne qui les a prises.<\/p>\n<p>Electrosuisse ne garantit en aucun cas que les fonctions de son site op\u00e8rent correctement, que les erreurs soient \u00e9limin\u00e9es ou encore que le site et le serveur concern\u00e9 soient exempts d\u2019\u00e9l\u00e9ments nuisibles. Le pr\u00e9sent site contient des liens ou des renvois \u00e0 d\u2019autres sites cr\u00e9\u00e9s et exploit\u00e9s par des tiers sous leur propre responsabilit\u00e9.<\/p>\n<p>Electrosuisse d\u00e9cline toute responsabilit\u00e9 pour les dommages mat\u00e9riels ou immat\u00e9riels directs ou indirects caus\u00e9s par l\u2019acc\u00e8s au site et \u00e0 ses contenus ainsi que par l\u2019utilisation ou la non-utilisation des informations qui y figurent ou encore par l\u2019utilisation d\u2019informations incorrectes ou incompl\u00e8tes qui se trouvent sur ce site ou sur d\u2019autres sites auxquels il est fait r\u00e9f\u00e9rence.<\/p>\n<h3>2. Informations quant \u00e0 la s\u00e9curit\u00e9<\/h3>\n<p>Il peut arriver que le contenu de ce site soit transmis de mani\u00e8re incorrecte ou incompl\u00e8te. Electrosuisse ne saurait garantir la fiabilit\u00e9 et l\u2019int\u00e9grit\u00e9 des donn\u00e9es \u00e9chang\u00e9es sur son site ni la disponibilit\u00e9 permanente et illimit\u00e9e du contenu du site. Electrosuisse se r\u00e9serve le droit de modifier ou de supprimer \u00e0 tout moment le contenu de ce site, et ce, sans annonce pr\u00e9alable ni explication.<\/p>\n<h3>3. Droits d\u2019auteur<\/h3>\n<p>Le contenu et la structure du pr\u00e9sent site sont prot\u00e9g\u00e9s par les droits d\u2019auteur. Tous droits r\u00e9serv\u00e9s.<\/p>\n<p>Les copyrights des informations \u00e9labor\u00e9es par Electrosuisse et publi\u00e9es sur le pr\u00e9sent site sont exclusivement d\u00e9tenus par Electrosuisse. L\u2019utilisation de ces informations pour un usage priv\u00e9 est autoris\u00e9e, \u00e0 condition d\u2019en indiquer la source compl\u00e8te. Toute autre utilisation des textes, graphiques, documents sonores et s\u00e9quences vid\u00e9os pour un usage commercial ou non commercial (comme notamment la reproduction int\u00e9grale ou partielle sous forme \u00e9lectronique ou imprim\u00e9e) n\u2019est possible qu\u2019avec l\u2019accord pr\u00e9alable \u00e9crit d\u2019Electrosuisse (<a style=\"background-color: transparent;text-decoration: none;color: #666666;margin-bottom: 0px\" href=\"mailto&#58;&#105;&#110;&#102;&#111;&#64;&#101;&#x6c;&#x65;&#x63;&#x74;&#x72;&#x6f;&#x73;&#x75;&#x69;&#x73;&#x73;&#x65;&#46;ch\"><span class=\"f8mx8SRIg9\">&#x69;&#x6e;&#x66;&#x6f;&#64;&#101;&#108;ec&#x74;&#x72;&#x6f;&#x73;&#x75;&#105;&#115;&#115;e&#46;&#x63;&#x68;<\/span><\/a>).<\/p>\n<h3>4. Protection des donn\u00e9es<\/h3>\n<p>La protection des donn\u00e9es est r\u00e9gl\u00e9e dans la d\u00e9claration de protection des donn\u00e9es.<\/p>\n<h3>B. Documentation de conf\u00e9rences<\/h3>\n<p>Toutes les informations contenues dans les documents sont fournies sans garantie quant \u00e0 leur exactitude et \u00e0 l\u2019exhaustivit\u00e9 de leur contenu.<\/p>\n<p>L\u2019orateur est seul responsable du contenu de sa pr\u00e9sentation. Electrosuisse d\u00e9cline toute responsabilit\u00e9 quant \u00e0 l\u2019exactitude et \u00e0 l\u2019exhaustivit\u00e9 de ces contenus ainsi que pour les dommages r\u00e9sultant de l\u2019acc\u00e8s ou de l\u2019utilisation des informations, y compris pour les \u00e9ventuelles images et textes inappropri\u00e9s.<\/p>\n<p>Les documents sont exclusivement destin\u00e9s et mis \u00e0 la disposition des participants de l\u2019\u00e9v\u00e9nement.<\/p>\n<p>Les droits d&#8217;auteur restent alors la propri\u00e9t\u00e9 de l&#8217;auteur concern\u00e9.<\/p>\n<p>22.12.2021[\/vc_column_text][\/vc_column][\/vc_row]<\/p>\n<\/div>","protected":false},"excerpt":{"rendered":"<p>[vc_row][vc_column][vc_column_text] Mentions l\u00e9gales A. G\u00e9n\u00e9ralit\u00e9s Le pr\u00e9sent site web donne uniquement des informations d\u2019ordre g\u00e9n\u00e9ral et n\u2019offre aucune garantie quant \u00e0 l\u2019exactitude et l\u2019exhaustivit\u00e9 de ses contenus. Les incertitudes li\u00e9es \u00e0 ce type de m\u00e9dia exigent de formuler les r\u00e9serves qui suivent. L\u2019application des dispositions l\u00e9gales, de la jurisprudence et de la pratique g\u00e9n\u00e9ralement admise [&hellip;]<\/p>\n","protected":false},"author":7,"featured_media":0,"parent":0,"menu_order":354,"comment_status":"closed","ping_status":"closed","template":"","meta":{"_acf_changed":false,"_monsterinsights_skip_tracking":false,"_monsterinsights_sitenote_active":false,"_monsterinsights_sitenote_note":"","_monsterinsights_sitenote_category":0,"footnotes":""},"class_list":["post-10627","page","type-page","status-publish","hentry"],"acf":[],"yoast_head":"<!-- This site is optimized with the Yoast SEO Premium plugin v26.4 (Yoast SEO v27.0) - https:\/\/yoast.com\/product\/yoast-seo-premium-wordpress\/ -->\n<title>Mentions l\u00e9gales - Electrosuisse<\/title>\n<meta name=\"robots\" content=\"index, follow, max-snippet:-1, max-image-preview:large, max-video-preview:-1\" \/>\n<link rel=\"canonical\" href=\"https:\/\/www.electrosuisse.ch\/fr\/mentions-legales\/\" \/>\n<meta property=\"og:locale\" content=\"fr_FR\" \/>\n<meta property=\"og:type\" content=\"article\" \/>\n<meta property=\"og:title\" content=\"Mentions l\u00e9gales - Electrosuisse\" \/>\n<meta property=\"og:description\" content=\"[vc_row][vc_column][vc_column_text] Mentions l\u00e9gales A. G\u00e9n\u00e9ralit\u00e9s Le pr\u00e9sent site web donne uniquement des informations d\u2019ordre g\u00e9n\u00e9ral et n\u2019offre aucune garantie quant \u00e0 l\u2019exactitude et l\u2019exhaustivit\u00e9 de ses contenus. Les incertitudes li\u00e9es \u00e0 ce type de m\u00e9dia exigent de formuler les r\u00e9serves qui suivent. L\u2019application des dispositions l\u00e9gales, de la jurisprudence et de la pratique g\u00e9n\u00e9ralement admise [&hellip;]\" \/>\n<meta property=\"og:url\" content=\"https:\/\/www.electrosuisse.ch\/fr\/mentions-legales\/\" \/>\n<meta property=\"og:site_name\" content=\"Electrosuisse\" \/>\n<meta property=\"article:modified_time\" content=\"2021-12-22T13:20:21+00:00\" \/>\n<meta property=\"og:image\" content=\"https:\/\/www.electrosuisse.ch\/wp-content\/uploads\/2022\/12\/Electrosuisse_Ueber_uns_1578x650.jpg\" \/>\n\t<meta property=\"og:image:width\" content=\"1578\" \/>\n\t<meta property=\"og:image:height\" content=\"650\" \/>\n\t<meta property=\"og:image:type\" content=\"image\/jpeg\" \/>\n<script type=\"application\/ld+json\" class=\"yoast-schema-graph\">{\"@context\":\"https:\/\/schema.org\",\"@graph\":[{\"@type\":\"WebPage\",\"@id\":\"https:\/\/www.electrosuisse.ch\/fr\/mentions-legales\/\",\"url\":\"https:\/\/www.electrosuisse.ch\/fr\/mentions-legales\/\",\"name\":\"Mentions l\u00e9gales - Electrosuisse\",\"isPartOf\":{\"@id\":\"https:\/\/www.electrosuisse.ch\/fr\/#website\"},\"datePublished\":\"2020-02-14T13:33:11+00:00\",\"dateModified\":\"2021-12-22T13:20:21+00:00\",\"inLanguage\":\"fr-FR\",\"potentialAction\":[{\"@type\":\"ReadAction\",\"target\":[\"https:\/\/www.electrosuisse.ch\/fr\/mentions-legales\/\"]}]},{\"@type\":\"WebSite\",\"@id\":\"https:\/\/www.electrosuisse.ch\/fr\/#website\",\"url\":\"https:\/\/www.electrosuisse.ch\/fr\/\",\"name\":\"Electrosuisse\",\"description\":\"\",\"publisher\":{\"@id\":\"https:\/\/www.electrosuisse.ch\/fr\/#organization\"},\"potentialAction\":[{\"@type\":\"SearchAction\",\"target\":{\"@type\":\"EntryPoint\",\"urlTemplate\":\"https:\/\/www.electrosuisse.ch\/fr\/?s={search_term_string}\"},\"query-input\":{\"@type\":\"PropertyValueSpecification\",\"valueRequired\":true,\"valueName\":\"search_term_string\"}}],\"inLanguage\":\"fr-FR\"},{\"@type\":\"Organization\",\"@id\":\"https:\/\/www.electrosuisse.ch\/fr\/#organization\",\"name\":\"Electrosuisse\",\"url\":\"https:\/\/www.electrosuisse.ch\/fr\/\",\"logo\":{\"@type\":\"ImageObject\",\"inLanguage\":\"fr-FR\",\"@id\":\"https:\/\/www.electrosuisse.ch\/fr\/#\/schema\/logo\/image\/\",\"url\":\"https:\/\/www.electrosuisse.ch\/wp-content\/uploads\/2025\/04\/Electrosuisse_Logo_696x696.png\",\"contentUrl\":\"https:\/\/www.electrosuisse.ch\/wp-content\/uploads\/2025\/04\/Electrosuisse_Logo_696x696.png\",\"width\":696,\"height\":696,\"caption\":\"Electrosuisse\"},\"image\":{\"@id\":\"https:\/\/www.electrosuisse.ch\/fr\/#\/schema\/logo\/image\/\"},\"sameAs\":[\"https:\/\/www.linkedin.com\/company\/electrosuisse-ag\/posts\/?feedView=all\",\"https:\/\/www.instagram.com\/electrosuisse1889\/\",\"https:\/\/www.youtube.com\/channel\/UCoOxohMiVE0Gjcdis1L09zw\"],\"description\":\"Electrosuisse ist eine anerkannte und unabh\u00e4ngige Fachorganisation, die erstklassige Dienstleistungen und Produkte in den Bereichen Inspektion, Beratung, Pr\u00fcfung, Zertifizierung, Normung und Weiterbildung anbietet. Unsere Expertise umfasst Elektrotechnik, Elektromobilit\u00e4t, Energieberatung, Geb\u00e4udeautomation und Photovoltaik in der Schweiz. Durch die Veranstaltung etablierter Branchen-Events und Fachtagungen f\u00f6rdert Electrosuisse den Wissenstransfer und den fachlichen Austausch. Im Mittelpunkt unserer T\u00e4tigkeiten steht die F\u00f6rderung der sicheren, wirtschaftlichen und umweltgerechten Anwendung der Elektrotechnik.\"}]}<\/script>\n<!-- \/ Yoast SEO Premium plugin. -->","yoast_head_json":{"title":"Mentions l\u00e9gales - Electrosuisse","robots":{"index":"index","follow":"follow","max-snippet":"max-snippet:-1","max-image-preview":"max-image-preview:large","max-video-preview":"max-video-preview:-1"},"canonical":"https:\/\/www.electrosuisse.ch\/fr\/mentions-legales\/","og_locale":"fr_FR","og_type":"article","og_title":"Mentions l\u00e9gales - Electrosuisse","og_description":"[vc_row][vc_column][vc_column_text] Mentions l\u00e9gales A. G\u00e9n\u00e9ralit\u00e9s Le pr\u00e9sent site web donne uniquement des informations d\u2019ordre g\u00e9n\u00e9ral et n\u2019offre aucune garantie quant \u00e0 l\u2019exactitude et l\u2019exhaustivit\u00e9 de ses contenus. Les incertitudes li\u00e9es \u00e0 ce type de m\u00e9dia exigent de formuler les r\u00e9serves qui suivent. L\u2019application des dispositions l\u00e9gales, de la jurisprudence et de la pratique g\u00e9n\u00e9ralement admise [&hellip;]","og_url":"https:\/\/www.electrosuisse.ch\/fr\/mentions-legales\/","og_site_name":"Electrosuisse","article_modified_time":"2021-12-22T13:20:21+00:00","og_image":[{"width":1578,"height":650,"url":"https:\/\/www.electrosuisse.ch\/wp-content\/uploads\/2022\/12\/Electrosuisse_Ueber_uns_1578x650.jpg","type":"image\/jpeg"}],"schema":{"@context":"https:\/\/schema.org","@graph":[{"@type":"WebPage","@id":"https:\/\/www.electrosuisse.ch\/fr\/mentions-legales\/","url":"https:\/\/www.electrosuisse.ch\/fr\/mentions-legales\/","name":"Mentions l\u00e9gales - Electrosuisse","isPartOf":{"@id":"https:\/\/www.electrosuisse.ch\/fr\/#website"},"datePublished":"2020-02-14T13:33:11+00:00","dateModified":"2021-12-22T13:20:21+00:00","inLanguage":"fr-FR","potentialAction":[{"@type":"ReadAction","target":["https:\/\/www.electrosuisse.ch\/fr\/mentions-legales\/"]}]},{"@type":"WebSite","@id":"https:\/\/www.electrosuisse.ch\/fr\/#website","url":"https:\/\/www.electrosuisse.ch\/fr\/","name":"Electrosuisse","description":"","publisher":{"@id":"https:\/\/www.electrosuisse.ch\/fr\/#organization"},"potentialAction":[{"@type":"SearchAction","target":{"@type":"EntryPoint","urlTemplate":"https:\/\/www.electrosuisse.ch\/fr\/?s={search_term_string}"},"query-input":{"@type":"PropertyValueSpecification","valueRequired":true,"valueName":"search_term_string"}}],"inLanguage":"fr-FR"},{"@type":"Organization","@id":"https:\/\/www.electrosuisse.ch\/fr\/#organization","name":"Electrosuisse","url":"https:\/\/www.electrosuisse.ch\/fr\/","logo":{"@type":"ImageObject","inLanguage":"fr-FR","@id":"https:\/\/www.electrosuisse.ch\/fr\/#\/schema\/logo\/image\/","url":"https:\/\/www.electrosuisse.ch\/wp-content\/uploads\/2025\/04\/Electrosuisse_Logo_696x696.png","contentUrl":"https:\/\/www.electrosuisse.ch\/wp-content\/uploads\/2025\/04\/Electrosuisse_Logo_696x696.png","width":696,"height":696,"caption":"Electrosuisse"},"image":{"@id":"https:\/\/www.electrosuisse.ch\/fr\/#\/schema\/logo\/image\/"},"sameAs":["https:\/\/www.linkedin.com\/company\/electrosuisse-ag\/posts\/?feedView=all","https:\/\/www.instagram.com\/electrosuisse1889\/","https:\/\/www.youtube.com\/channel\/UCoOxohMiVE0Gjcdis1L09zw"],"description":"Electrosuisse ist eine anerkannte und unabh\u00e4ngige Fachorganisation, die erstklassige Dienstleistungen und Produkte in den Bereichen Inspektion, Beratung, Pr\u00fcfung, Zertifizierung, Normung und Weiterbildung anbietet. Unsere Expertise umfasst Elektrotechnik, Elektromobilit\u00e4t, Energieberatung, Geb\u00e4udeautomation und Photovoltaik in der Schweiz. Durch die Veranstaltung etablierter Branchen-Events und Fachtagungen f\u00f6rdert Electrosuisse den Wissenstransfer und den fachlichen Austausch. Im Mittelpunkt unserer T\u00e4tigkeiten steht die F\u00f6rderung der sicheren, wirtschaftlichen und umweltgerechten Anwendung der Elektrotechnik."}]}},"amp_enabled":true,"_links":{"self":[{"href":"https:\/\/www.electrosuisse.ch\/fr\/wp-json\/wp\/v2\/pages\/10627","targetHints":{"allow":["GET"]}}],"collection":[{"href":"https:\/\/www.electrosuisse.ch\/fr\/wp-json\/wp\/v2\/pages"}],"about":[{"href":"https:\/\/www.electrosuisse.ch\/fr\/wp-json\/wp\/v2\/types\/page"}],"author":[{"embeddable":true,"href":"https:\/\/www.electrosuisse.ch\/fr\/wp-json\/wp\/v2\/users\/7"}],"replies":[{"embeddable":true,"href":"https:\/\/www.electrosuisse.ch\/fr\/wp-json\/wp\/v2\/comments?post=10627"}],"version-history":[{"count":0,"href":"https:\/\/www.electrosuisse.ch\/fr\/wp-json\/wp\/v2\/pages\/10627\/revisions"}],"wp:attachment":[{"href":"https:\/\/www.electrosuisse.ch\/fr\/wp-json\/wp\/v2\/media?parent=10627"}],"curies":[{"name":"wp","href":"https:\/\/api.w.org\/{rel}","templated":true}]}}