{"id":10240,"date":"2020-01-16T10:31:30","date_gmt":"2020-01-16T09:31:30","guid":{"rendered":"https:\/\/www.electrosuisse.ch\/faq-haeufige-fragen-zur-neuen-nin\/"},"modified":"2026-04-09T14:00:24","modified_gmt":"2026-04-09T12:00:24","slug":"faq-questions-frquentes-propos-de-la-nouvelle-nibt","status":"publish","type":"page","link":"https:\/\/www.electrosuisse.ch\/fr\/installation-electrique\/faq-questions-frquentes-propos-de-la-nouvelle-nibt\/","title":{"rendered":"FAQ \u2013 questions fr\u00e9quentes \u00e0 propos de la nouvelle NIBT"},"content":{"rendered":"<div class=\"wpb-content-wrapper\"><p>[vc_row][vc_column][vc_column_text css=&#8221;&#8221;]<\/p>\n<h1>FAQ \u2013 questions fr\u00e9quentes \u00e0 propos de la nouvelle NIBT<\/h1>\n<p>[\/vc_column_text]<div class=\"wpb_content_element wpb_accordion_column accordion_simple\"><div class=\"accordions accordions_0\"><div class=\"custom_accordion_item accordion custom_accordion accordion_1_0\"><div class=\"accordion__header\" id=\"accordion_header_1_0\"><div class=\"accordion_trigger js-accordion_trigger\" data-toggle=\"collapse\" \r\n\t\t\t\t\tdata-target=\"#accordion_content_1_0_acc594\" \r\n          aria-expanded=\"false\" aria-controls=\"accordion_content_1_0\"><h3 class=\"accordion-title accordion-title-icon icon--position-right js-accordion-controller\"><div>O\u00f9 puis-je trouver la NIBT en ligne pour abonn\u00e9s?<\/div><\/h3><\/div><\/div><div class=\"accordion__content collapse not-click-to-close\" id=\"accordion_content_1_0_acc594\" aria-labelledby=\"accordion_header_1_0\"><div class=\"inside\"><div class=\"accordion-content\"><div class=\"accordion__inside\"><div class=\"accordion__element\"><!-- Start Accordion Content --><div class=\"accordion__element\"><p>Connectez-vous sur <a href=\"https:\/\/my.electrosuisse.ch\/de\/login.htm\">my.electrosuisse.ch<\/a> et rendez-vous sur le point de navigation \u00abNormes &amp; produits\u00bb situ\u00e9 \u00e0 gauche. Le point \u00abNIBT Online\u00bb vous redirige ensuite directement vers la plateforme.<\/p>\n<p>Il est \u00e9galement possible de se connecter directement via <a href=\"https:\/\/ninonline.electrosuisse.ch\/dashboard\/index\" target=\"_blank\" rel=\"noopener noreferrer\">https:\/\/ninonline.electrosuisse.ch<\/a>.<\/p>\n<\/div><!-- Start Accordion Content --><\/div><\/div><\/div><\/div><\/div><\/div><div class=\"custom_accordion_item accordion custom_accordion accordion_1_1\"><div class=\"accordion__header\" id=\"accordion_header_1_1\"><div class=\"accordion_trigger js-accordion_trigger\" data-toggle=\"collapse\" \r\n\t\t\t\t\tdata-target=\"#accordion_content_1_1_acc818\" \r\n          aria-expanded=\"false\" aria-controls=\"accordion_content_1_1\"><h3 class=\"accordion-title accordion-title-icon icon--position-right js-accordion-controller\"><div>Existe-t-il une solution multiposte pour la NIBT en ligne?<\/div><\/h3><\/div><\/div><div class=\"accordion__content collapse not-click-to-close\" id=\"accordion_content_1_1_acc818\" aria-labelledby=\"accordion_header_1_1\"><div class=\"inside\"><div class=\"accordion-content\"><div class=\"accordion__inside\"><div class=\"accordion__element\"><!-- Start Accordion Content --><div class=\"accordion__element\"><p>La \u00abEnterprise solution\u00bb de la \u00abNIN Online NIBT\u00bb peut \u00eatre utilis\u00e9e comme service Web directement depuis votre syst\u00e8me local (p. ex. Active Directory). De cette mani\u00e8re, vos collaborateurs n\u2019ont plus besoin d\u2019\u00e9tablir un acc\u00e8s propre \u00e0 la NIBT en ligne.<\/p>\n<p>La connexion s\u2019effectue par le biais du protocole SAML (p. ex. via ADFS), auquel cas votre syst\u00e8me se charge de l\u2019authentification (fournisseur d\u2019identit\u00e9). En tant que fournisseur de service, notre syst\u00e8me ne fait que contr\u00f4ler si vous disposez d\u2019une licence valide.<\/p>\n<p>Pour commander la \u00abEnterprise solution\u00bb, vous aurez besoin des \u00e9l\u00e9ments suivants:<\/p>\n<ul>\n<li>Interlocuteur informatique<\/li>\n<li>Nombre de licences<\/li>\n<\/ul>\n<p>Veuillez envoyer ces informations \u00e0\u00a0<a href=\"&#109;&#x61;&#x69;&#108;&#x74;&#x6f;:&#x6e;&#x69;n&#64;&#x65;l&#101;&#x63;t&#114;&#x6f;s&#117;&#x69;s&#115;&#x65;&#x2e;&#99;&#x68;\">&#110;&#x69;&#110;&#x40;&#101;&#x6c;e&#x63;t&#x72;o&#115;&#x75;&#105;&#x73;&#115;&#x65;&#46;&#x63;h<\/a><\/p>\n<p><a href=\"https:\/\/www.electrosuisse.ch\/fr\/download\/nin-online-nibt-enterprise-info\/\" target=\"_blank\" rel=\"noopener noreferrer\">Vous trouverez davantage d\u2019informations sur la solution Enterprise dans notre\u00a0d\u00e9pliant (PDF).<\/a><\/p>\n<\/div><!-- Start Accordion Content --><\/div><\/div><\/div><\/div><\/div><\/div><div class=\"custom_accordion_item accordion custom_accordion accordion_1_2\"><div class=\"accordion__header\" id=\"accordion_header_1_2\"><div class=\"accordion_trigger js-accordion_trigger\" data-toggle=\"collapse\" \r\n\t\t\t\t\tdata-target=\"#accordion_content_1_2_acc147\" \r\n          aria-expanded=\"false\" aria-controls=\"accordion_content_1_2\"><h3 class=\"accordion-title accordion-title-icon icon--position-right js-accordion-controller\"><div>O\u00f9 puis-je trouver la planification des installations \/ le courant admissible?<\/div><\/h3><\/div><\/div><div class=\"accordion__content collapse not-click-to-close\" id=\"accordion_content_1_2_acc147\" aria-labelledby=\"accordion_header_1_2\"><div class=\"inside\"><div class=\"accordion-content\"><div class=\"accordion__inside\"><div class=\"accordion__element\"><!-- Start Accordion Content --><div class=\"accordion__element\"><p>La NIBT en ligne ne contient plus la planification des installations. Une nouvelle version dans le cadre de Toolbox est pr\u00e9vue pour le premier semestre.<\/p>\n<p>N\u00e9anmoins, les deux programmes peuvent \u00eatre exploit\u00e9s num\u00e9riquement avec la cl\u00e9 de la NIBT 2015 pour le moment. Les cl\u00e9s USB d\u00e9fectueuses peuvent \u00eatre \u00e9chang\u00e9es aupr\u00e8s de la vente de normes. Veuillez envoyer un e-mail \u00e0 <a href=\"&#109;a&#x69;l&#x74;o&#x3a;n&#x69;&#110;&#x40;&#101;&#x6c;&#101;&#x63;&#116;r&#111;s&#x75;i&#x73;s&#x65;&#46;&#x63;&#104;\">n&#105;&#x6e;&#x40;&#x65;l&#101;&#x63;&#x74;&#x72;o&#115;&#x75;&#x69;&#x73;s&#101;&#x2e;&#x63;&#x68;.<\/a><\/p>\n<\/div><!-- Start Accordion Content --><\/div><\/div><\/div><\/div><\/div><\/div><div class=\"custom_accordion_item accordion custom_accordion accordion_1_3\"><div class=\"accordion__header\" id=\"accordion_header_1_3\"><div class=\"accordion_trigger js-accordion_trigger\" data-toggle=\"collapse\" \r\n\t\t\t\t\tdata-target=\"#accordion_content_1_3_acc869\" \r\n          aria-expanded=\"false\" aria-controls=\"accordion_content_1_3\"><h3 class=\"accordion-title accordion-title-icon icon--position-right js-accordion-controller\"><div>Vais-je recevoir automatiquement des corrigenda concernant la NIBT?<\/div><\/h3><\/div><\/div><div class=\"accordion__content collapse not-click-to-close\" id=\"accordion_content_1_3_acc869\" aria-labelledby=\"accordion_header_1_3\"><div class=\"inside\"><div class=\"accordion-content\"><div class=\"accordion__inside\"><div class=\"accordion__element\"><!-- Start Accordion Content --><div class=\"accordion__element\"><p>Les corrigenda concernant les classeurs NIBT seront mis \u00e0 disposition au<a href=\"https:\/\/www.electrosuisse.ch\/fr\/telechargements\/normalisation\/\" target=\"_blank\" rel=\"noopener noreferrer\"> t\u00e9l\u00e9chargement<\/a> sur notre page d\u2019accueil ou peuvent \u00eatre command\u00e9s au format imprim\u00e9 aupr\u00e8s de la vente de normes. La NIN Online NIBT est mise \u00e0 jour automatiquement.<\/p>\n<\/div><!-- Start Accordion Content --><\/div><\/div><\/div><\/div><\/div><\/div><div class=\"custom_accordion_item accordion custom_accordion accordion_1_4\"><div class=\"accordion__header\" id=\"accordion_header_1_4\"><div class=\"accordion_trigger js-accordion_trigger\" data-toggle=\"collapse\" \r\n\t\t\t\t\tdata-target=\"#accordion_content_1_4_acc477\" \r\n          aria-expanded=\"false\" aria-controls=\"accordion_content_1_4\"><h3 class=\"accordion-title accordion-title-icon icon--position-right js-accordion-controller\"><div>Frais pour la NIN Online NIBT<\/div><\/h3><\/div><\/div><div class=\"accordion__content collapse not-click-to-close\" id=\"accordion_content_1_4_acc477\" aria-labelledby=\"accordion_header_1_4\"><div class=\"inside\"><div class=\"accordion-content\"><div class=\"accordion__inside\"><div class=\"accordion__element\"><!-- Start Accordion Content --><div class=\"accordion__element\"><p>Les frais d\u2019abonnement pour la NIN Online NIBT sont des frais annuels r\u00e9currents.<\/p>\n<\/div><!-- Start Accordion Content --><\/div><\/div><\/div><\/div><\/div><\/div><div class=\"custom_accordion_item accordion custom_accordion accordion_1_5\"><div class=\"accordion__header\" id=\"accordion_header_1_5\"><div class=\"accordion_trigger js-accordion_trigger\" data-toggle=\"collapse\" \r\n\t\t\t\t\tdata-target=\"#accordion_content_1_5_acc605\" \r\n          aria-expanded=\"false\" aria-controls=\"accordion_content_1_5\"><h3 class=\"accordion-title accordion-title-icon icon--position-right js-accordion-controller\"><div>Les donn\u00e9es de connexion pour myElectrosuisse ne fonctionnent plus<\/div><\/h3><\/div><\/div><div class=\"accordion__content collapse not-click-to-close\" id=\"accordion_content_1_5_acc605\" aria-labelledby=\"accordion_header_1_5\"><div class=\"inside\"><div class=\"accordion-content\"><div class=\"accordion__inside\"><div class=\"accordion__element\"><!-- Start Accordion Content --><div class=\"accordion__element\"><p>Veuillez vous adresser \u00e0 <a href=\"&#109;&#x61;&#x69;l&#116;&#x6f;:&#109;&#x79;&#x40;e&#108;&#x65;c&#116;&#x72;&#x6f;s&#117;&#x69;s&#115;&#x65;&#x2e;&#99;&#104;\">&#109;&#x79;&#x40;e&#108;&#x65;c&#116;&#x72;&#x6f;&#115;&#x75;&#x69;s&#115;&#x65;&#46;&#99;&#x68;<\/a> ou appelez le +41 58 595 11 95<\/p>\n<\/div><!-- Start Accordion Content --><\/div><\/div><\/div><\/div><\/div><\/div><\/div><\/div><div class=\"wpb_contact_column wpb_content_element wpb_content_element--\"><div class=\"wpb_wrapper\"><div class=\"contact_container\"><div class=\"contact row middle-xs\"><div class=\"contact__img col-sm-5 col-xs-12\"><img decoding=\"async\" src=\"\/wp-content\/themes\/SCHMUCKI_child\/img\/contact_placeholder.jpg\" alt=\" Service vente des normes\" \/><\/div><div class=\"contact__info col-sm-7 col-xs-12\"><p><b> Service vente des normes<\/b><br><\/p><div class=\"phone has-link\"><a href=\"tel:+41585951190\">+41 58 595 11 90<\/a><\/div><div class=\"mail has-link\"><a href=\"mailto:&#x70;&#x72;&#x6f;&#x64;&#x75;&#x6b;&#x74;&#x65;&#64;&#101;&#108;&#101;&#99;&#116;&#114;osui&#x73;&#x73;&#x65;&#x2e;&#x63;&#x68;\">&#x70;r&#x6f;&#100;&#x75;&#x6b;t&#x65;&#64;&#x65;&#x6c;e&#x63;&#116;&#x72;&#x6f;s&#x75;&#105;&#x73;&#x73;e&#x2e;&#99;&#x68;<\/a><\/div><\/div><\/div><\/div><\/div><\/div>[\/vc_column][\/vc_row]<\/p>\n<\/div>","protected":false},"excerpt":{"rendered":"<p>[vc_row][vc_column][vc_column_text css=&#8221;&#8221;] FAQ \u2013 questions fr\u00e9quentes \u00e0 propos de la nouvelle NIBT [\/vc_column_text][\/vc_column][\/vc_row]<\/p>\n","protected":false},"author":6,"featured_media":0,"parent":21734,"menu_order":107,"comment_status":"closed","ping_status":"closed","template":"","meta":{"_acf_changed":false,"_monsterinsights_skip_tracking":false,"_monsterinsights_sitenote_active":false,"_monsterinsights_sitenote_note":"","_monsterinsights_sitenote_category":0,"footnotes":""},"class_list":["post-10240","page","type-page","status-publish","hentry"],"acf":[],"yoast_head":"<!-- This site is optimized with the Yoast SEO Premium plugin v26.4 (Yoast SEO v27.0) - https:\/\/yoast.com\/product\/yoast-seo-premium-wordpress\/ -->\n<title>FAQ \u2013 questions fr\u00e9quentes \u00e0 propos de la nouvelle NIBT - Electrosuisse<\/title>\n<meta name=\"description\" content=\"FAQ \u2013 questions fr\u00e9quentes \u00e0 propos de la nouvelle NIBT\" \/>\n<meta name=\"robots\" content=\"index, follow, max-snippet:-1, max-image-preview:large, max-video-preview:-1\" \/>\n<link rel=\"canonical\" href=\"https:\/\/www.electrosuisse.ch\/fr\/installation-electrique\/faq-questions-frquentes-propos-de-la-nouvelle-nibt\/\" \/>\n<meta property=\"og:locale\" content=\"fr_FR\" \/>\n<meta property=\"og:type\" content=\"article\" \/>\n<meta property=\"og:title\" content=\"FAQ \u2013 questions fr\u00e9quentes \u00e0 propos de la nouvelle NIBT - Electrosuisse\" \/>\n<meta property=\"og:description\" content=\"FAQ \u2013 questions fr\u00e9quentes \u00e0 propos de la nouvelle NIBT\" \/>\n<meta property=\"og:url\" content=\"https:\/\/www.electrosuisse.ch\/fr\/installation-electrique\/faq-questions-frquentes-propos-de-la-nouvelle-nibt\/\" \/>\n<meta property=\"og:site_name\" content=\"Electrosuisse\" \/>\n<meta property=\"article:modified_time\" content=\"2026-04-09T12:00:24+00:00\" \/>\n<meta property=\"og:image\" content=\"https:\/\/www.electrosuisse.ch\/wp-content\/uploads\/2020\/01\/NIN_2020_NIBT_1150x500.jpg\" \/>\n\t<meta property=\"og:image:width\" content=\"1578\" \/>\n\t<meta property=\"og:image:height\" content=\"650\" \/>\n\t<meta property=\"og:image:type\" content=\"image\/jpeg\" \/>\n<script type=\"application\/ld+json\" class=\"yoast-schema-graph\">{\"@context\":\"https:\/\/schema.org\",\"@graph\":[{\"@type\":\"WebPage\",\"@id\":\"https:\/\/www.electrosuisse.ch\/fr\/installation-electrique\/faq-questions-frquentes-propos-de-la-nouvelle-nibt\/\",\"url\":\"https:\/\/www.electrosuisse.ch\/fr\/installation-electrique\/faq-questions-frquentes-propos-de-la-nouvelle-nibt\/\",\"name\":\"FAQ \u2013 questions fr\u00e9quentes \u00e0 propos de la nouvelle NIBT - Electrosuisse\",\"isPartOf\":{\"@id\":\"https:\/\/www.electrosuisse.ch\/fr\/#website\"},\"datePublished\":\"2020-01-16T09:31:30+00:00\",\"dateModified\":\"2026-04-09T12:00:24+00:00\",\"description\":\"FAQ \u2013 questions fr\u00e9quentes \u00e0 propos de la nouvelle NIBT\",\"breadcrumb\":{\"@id\":\"https:\/\/www.electrosuisse.ch\/fr\/installation-electrique\/faq-questions-frquentes-propos-de-la-nouvelle-nibt\/#breadcrumb\"},\"inLanguage\":\"fr-FR\",\"potentialAction\":[{\"@type\":\"ReadAction\",\"target\":[\"https:\/\/www.electrosuisse.ch\/fr\/installation-electrique\/faq-questions-frquentes-propos-de-la-nouvelle-nibt\/\"]}]},{\"@type\":\"BreadcrumbList\",\"@id\":\"https:\/\/www.electrosuisse.ch\/fr\/installation-electrique\/faq-questions-frquentes-propos-de-la-nouvelle-nibt\/#breadcrumb\",\"itemListElement\":[{\"@type\":\"ListItem\",\"position\":1,\"name\":\"Installation \u00e9lectrique\",\"item\":\"https:\/\/www.electrosuisse.ch\/fr\/installation-electrique\/\"},{\"@type\":\"ListItem\",\"position\":2,\"name\":\"FAQ \u2013 questions fr\u00e9quentes \u00e0 propos de la nouvelle NIBT\"}]},{\"@type\":\"WebSite\",\"@id\":\"https:\/\/www.electrosuisse.ch\/fr\/#website\",\"url\":\"https:\/\/www.electrosuisse.ch\/fr\/\",\"name\":\"Electrosuisse\",\"description\":\"\",\"publisher\":{\"@id\":\"https:\/\/www.electrosuisse.ch\/fr\/#organization\"},\"potentialAction\":[{\"@type\":\"SearchAction\",\"target\":{\"@type\":\"EntryPoint\",\"urlTemplate\":\"https:\/\/www.electrosuisse.ch\/fr\/?s={search_term_string}\"},\"query-input\":{\"@type\":\"PropertyValueSpecification\",\"valueRequired\":true,\"valueName\":\"search_term_string\"}}],\"inLanguage\":\"fr-FR\"},{\"@type\":\"Organization\",\"@id\":\"https:\/\/www.electrosuisse.ch\/fr\/#organization\",\"name\":\"Electrosuisse\",\"url\":\"https:\/\/www.electrosuisse.ch\/fr\/\",\"logo\":{\"@type\":\"ImageObject\",\"inLanguage\":\"fr-FR\",\"@id\":\"https:\/\/www.electrosuisse.ch\/fr\/#\/schema\/logo\/image\/\",\"url\":\"https:\/\/www.electrosuisse.ch\/wp-content\/uploads\/2025\/04\/Electrosuisse_Logo_696x696.png\",\"contentUrl\":\"https:\/\/www.electrosuisse.ch\/wp-content\/uploads\/2025\/04\/Electrosuisse_Logo_696x696.png\",\"width\":696,\"height\":696,\"caption\":\"Electrosuisse\"},\"image\":{\"@id\":\"https:\/\/www.electrosuisse.ch\/fr\/#\/schema\/logo\/image\/\"},\"sameAs\":[\"https:\/\/www.linkedin.com\/company\/electrosuisse-ag\/posts\/?feedView=all\",\"https:\/\/www.instagram.com\/electrosuisse1889\/\",\"https:\/\/www.youtube.com\/channel\/UCoOxohMiVE0Gjcdis1L09zw\"],\"description\":\"Electrosuisse ist eine anerkannte und unabh\u00e4ngige Fachorganisation, die erstklassige Dienstleistungen und Produkte in den Bereichen Inspektion, Beratung, Pr\u00fcfung, Zertifizierung, Normung und Weiterbildung anbietet. Unsere Expertise umfasst Elektrotechnik, Elektromobilit\u00e4t, Energieberatung, Geb\u00e4udeautomation und Photovoltaik in der Schweiz. Durch die Veranstaltung etablierter Branchen-Events und Fachtagungen f\u00f6rdert Electrosuisse den Wissenstransfer und den fachlichen Austausch. Im Mittelpunkt unserer T\u00e4tigkeiten steht die F\u00f6rderung der sicheren, wirtschaftlichen und umweltgerechten Anwendung der Elektrotechnik.\"}]}<\/script>\n<!-- \/ Yoast SEO Premium plugin. -->","yoast_head_json":{"title":"FAQ \u2013 questions fr\u00e9quentes \u00e0 propos de la nouvelle NIBT - Electrosuisse","description":"FAQ \u2013 questions fr\u00e9quentes \u00e0 propos de la nouvelle NIBT","robots":{"index":"index","follow":"follow","max-snippet":"max-snippet:-1","max-image-preview":"max-image-preview:large","max-video-preview":"max-video-preview:-1"},"canonical":"https:\/\/www.electrosuisse.ch\/fr\/installation-electrique\/faq-questions-frquentes-propos-de-la-nouvelle-nibt\/","og_locale":"fr_FR","og_type":"article","og_title":"FAQ \u2013 questions fr\u00e9quentes \u00e0 propos de la nouvelle NIBT - Electrosuisse","og_description":"FAQ \u2013 questions fr\u00e9quentes \u00e0 propos de la nouvelle NIBT","og_url":"https:\/\/www.electrosuisse.ch\/fr\/installation-electrique\/faq-questions-frquentes-propos-de-la-nouvelle-nibt\/","og_site_name":"Electrosuisse","article_modified_time":"2026-04-09T12:00:24+00:00","og_image":[{"width":1578,"height":650,"url":"https:\/\/www.electrosuisse.ch\/wp-content\/uploads\/2020\/01\/NIN_2020_NIBT_1150x500.jpg","type":"image\/jpeg"}],"schema":{"@context":"https:\/\/schema.org","@graph":[{"@type":"WebPage","@id":"https:\/\/www.electrosuisse.ch\/fr\/installation-electrique\/faq-questions-frquentes-propos-de-la-nouvelle-nibt\/","url":"https:\/\/www.electrosuisse.ch\/fr\/installation-electrique\/faq-questions-frquentes-propos-de-la-nouvelle-nibt\/","name":"FAQ \u2013 questions fr\u00e9quentes \u00e0 propos de la nouvelle NIBT - Electrosuisse","isPartOf":{"@id":"https:\/\/www.electrosuisse.ch\/fr\/#website"},"datePublished":"2020-01-16T09:31:30+00:00","dateModified":"2026-04-09T12:00:24+00:00","description":"FAQ \u2013 questions fr\u00e9quentes \u00e0 propos de la nouvelle NIBT","breadcrumb":{"@id":"https:\/\/www.electrosuisse.ch\/fr\/installation-electrique\/faq-questions-frquentes-propos-de-la-nouvelle-nibt\/#breadcrumb"},"inLanguage":"fr-FR","potentialAction":[{"@type":"ReadAction","target":["https:\/\/www.electrosuisse.ch\/fr\/installation-electrique\/faq-questions-frquentes-propos-de-la-nouvelle-nibt\/"]}]},{"@type":"BreadcrumbList","@id":"https:\/\/www.electrosuisse.ch\/fr\/installation-electrique\/faq-questions-frquentes-propos-de-la-nouvelle-nibt\/#breadcrumb","itemListElement":[{"@type":"ListItem","position":1,"name":"Installation \u00e9lectrique","item":"https:\/\/www.electrosuisse.ch\/fr\/installation-electrique\/"},{"@type":"ListItem","position":2,"name":"FAQ \u2013 questions fr\u00e9quentes \u00e0 propos de la nouvelle NIBT"}]},{"@type":"WebSite","@id":"https:\/\/www.electrosuisse.ch\/fr\/#website","url":"https:\/\/www.electrosuisse.ch\/fr\/","name":"Electrosuisse","description":"","publisher":{"@id":"https:\/\/www.electrosuisse.ch\/fr\/#organization"},"potentialAction":[{"@type":"SearchAction","target":{"@type":"EntryPoint","urlTemplate":"https:\/\/www.electrosuisse.ch\/fr\/?s={search_term_string}"},"query-input":{"@type":"PropertyValueSpecification","valueRequired":true,"valueName":"search_term_string"}}],"inLanguage":"fr-FR"},{"@type":"Organization","@id":"https:\/\/www.electrosuisse.ch\/fr\/#organization","name":"Electrosuisse","url":"https:\/\/www.electrosuisse.ch\/fr\/","logo":{"@type":"ImageObject","inLanguage":"fr-FR","@id":"https:\/\/www.electrosuisse.ch\/fr\/#\/schema\/logo\/image\/","url":"https:\/\/www.electrosuisse.ch\/wp-content\/uploads\/2025\/04\/Electrosuisse_Logo_696x696.png","contentUrl":"https:\/\/www.electrosuisse.ch\/wp-content\/uploads\/2025\/04\/Electrosuisse_Logo_696x696.png","width":696,"height":696,"caption":"Electrosuisse"},"image":{"@id":"https:\/\/www.electrosuisse.ch\/fr\/#\/schema\/logo\/image\/"},"sameAs":["https:\/\/www.linkedin.com\/company\/electrosuisse-ag\/posts\/?feedView=all","https:\/\/www.instagram.com\/electrosuisse1889\/","https:\/\/www.youtube.com\/channel\/UCoOxohMiVE0Gjcdis1L09zw"],"description":"Electrosuisse ist eine anerkannte und unabh\u00e4ngige Fachorganisation, die erstklassige Dienstleistungen und Produkte in den Bereichen Inspektion, Beratung, Pr\u00fcfung, Zertifizierung, Normung und Weiterbildung anbietet. Unsere Expertise umfasst Elektrotechnik, Elektromobilit\u00e4t, Energieberatung, Geb\u00e4udeautomation und Photovoltaik in der Schweiz. Durch die Veranstaltung etablierter Branchen-Events und Fachtagungen f\u00f6rdert Electrosuisse den Wissenstransfer und den fachlichen Austausch. Im Mittelpunkt unserer T\u00e4tigkeiten steht die F\u00f6rderung der sicheren, wirtschaftlichen und umweltgerechten Anwendung der Elektrotechnik."}]}},"amp_enabled":true,"_links":{"self":[{"href":"https:\/\/www.electrosuisse.ch\/fr\/wp-json\/wp\/v2\/pages\/10240","targetHints":{"allow":["GET"]}}],"collection":[{"href":"https:\/\/www.electrosuisse.ch\/fr\/wp-json\/wp\/v2\/pages"}],"about":[{"href":"https:\/\/www.electrosuisse.ch\/fr\/wp-json\/wp\/v2\/types\/page"}],"author":[{"embeddable":true,"href":"https:\/\/www.electrosuisse.ch\/fr\/wp-json\/wp\/v2\/users\/6"}],"replies":[{"embeddable":true,"href":"https:\/\/www.electrosuisse.ch\/fr\/wp-json\/wp\/v2\/comments?post=10240"}],"version-history":[{"count":3,"href":"https:\/\/www.electrosuisse.ch\/fr\/wp-json\/wp\/v2\/pages\/10240\/revisions"}],"predecessor-version":[{"id":43910,"href":"https:\/\/www.electrosuisse.ch\/fr\/wp-json\/wp\/v2\/pages\/10240\/revisions\/43910"}],"up":[{"embeddable":true,"href":"https:\/\/www.electrosuisse.ch\/fr\/wp-json\/wp\/v2\/pages\/21734"}],"wp:attachment":[{"href":"https:\/\/www.electrosuisse.ch\/fr\/wp-json\/wp\/v2\/media?parent=10240"}],"curies":[{"name":"wp","href":"https:\/\/api.w.org\/{rel}","templated":true}]}}