{"id":64,"date":"2018-06-24T11:11:36","date_gmt":"2018-06-24T09:11:36","guid":{"rendered":"https:\/\/www.electrosuisse.ch\/?page_id=64"},"modified":"2026-03-31T10:18:01","modified_gmt":"2026-03-31T08:18:01","slug":"herkunftsnachweise","status":"publish","type":"page","link":"https:\/\/www.electrosuisse.ch\/de\/inspektion-beratung\/herkunftsnachweise\/","title":{"rendered":"Herkunftsnachweise"},"content":{"rendered":"<div class=\"wpb-content-wrapper\"><p>[vc_row][vc_column][vc_column_text css=&#8221;&#8221; el_class=&#8221;lead&#8221;]<span class=\"TextRun SCXW7839252 BCX8\" lang=\"DE-CH\" xml:lang=\"DE-CH\" data-contrast=\"auto\"><span class=\"NormalTextRun SCXW7839252 BCX8\">F\u00fcr Energieversorger, Lieferanten und Produzenten ist die nachvollziehbare Herkunft von Energie ein zentraler Bestandteil von Markttransparenz, Regulierung und Kundenvertrauen.<\/span><span class=\"NormalTextRun SCXW7839252 BCX8\"> Herkunftsnachweise\u00a0<\/span><\/span><span class=\"TrackChangeTextInsertion TrackedChange SCXW7839252 BCX8\"><span class=\"TextRun SCXW7839252 BCX8\" lang=\"DE-CH\" xml:lang=\"DE-CH\" data-contrast=\"auto\"><span class=\"NormalTextRun SCXW7839252 BCX8\">sind<\/span><\/span><\/span><span class=\"TrackChangeTextInsertion TrackedChange SCXW7839252 BCX8\"><span class=\"TextRun SCXW7839252 BCX8\" lang=\"DE-CH\" xml:lang=\"DE-CH\" data-contrast=\"auto\"><span class=\"NormalTextRun SCXW7839252 BCX8\">\u00a0<\/span><\/span><\/span><span class=\"TextRun SCXW7839252 BCX8\" lang=\"DE-CH\" xml:lang=\"DE-CH\" data-contrast=\"auto\"><span class=\"NormalTextRun SCXW7839252 BCX8\">die Grundlage, um Strom und Biogas als erneuerbar oder nachhaltig zu kennzeichnen und rechtssicher zu vermarkten.<\/span><\/span><span class=\"EOP SCXW7839252 BCX8\" data-ccp-props=\"{}\">\u00a0<\/span>[\/vc_column_text][vc_column_text css=&#8221;&#8221;]<span class=\"TrackChangeTextInsertion TrackedChange SCXW95292352 BCX8\"><span class=\"TextRun SCXW95292352 BCX8\" lang=\"DE-CH\" xml:lang=\"DE-CH\" data-contrast=\"auto\"><span class=\"NormalTextRun SCXW95292352 BCX8\">Electrosuisse<\/span><\/span><\/span><span class=\"TrackChangeTextDeletionMarker TrackedChange SCXW95292352 BCX8\"><span class=\"TextRun SCXW95292352 BCX8\" lang=\"DE-CH\" xml:lang=\"DE-CH\" data-contrast=\"auto\"><span class=\"NormalTextRun TrackChangeTextDeletion SCXW95292352 BCX8\">\u00a0<\/span><\/span><\/span><span class=\"TextRun SCXW95292352 BCX8\" lang=\"DE-CH\" xml:lang=\"DE-CH\" data-contrast=\"auto\"><span class=\"NormalTextRun SCXW95292352 BCX8\">f\u00fchr<\/span><\/span><span class=\"TrackChangeTextInsertion TrackedChange SCXW95292352 BCX8\"><span class=\"TextRun SCXW95292352 BCX8\" lang=\"DE-CH\" xml:lang=\"DE-CH\" data-contrast=\"auto\"><span class=\"NormalTextRun SCXW95292352 BCX8\">t <\/span><\/span><\/span><span class=\"TextRun SCXW95292352 BCX8\" lang=\"DE-CH\" xml:lang=\"DE-CH\" data-contrast=\"auto\"><span class=\"NormalTextRun SCXW95292352 BCX8\">f\u00fcr verschiedene Zertifizierungsorganisationen<\/span><span class=\"NormalTextRun SCXW95292352 BCX8\">\u00a0<\/span><span class=\"NormalTextRun SCXW95292352 BCX8\">unabh\u00e4ngige\u00a0<\/span><span class=\"NormalTextRun SCXW95292352 BCX8\">Audits von Energieerzeugungsanlagen durch. Die Zertifizierung erm\u00f6glicht es Unternehmen, Herkunftsnachweise zu erhalten und diese gemeinsam mit der Energie an den Markt weiterzugeben.<\/span><\/span><span class=\"EOP SCXW95292352 BCX8\" data-ccp-props=\"{}\">\u00a0<\/span>[\/vc_column_text][vc_column_text css=&#8221;&#8221;]<\/p>\n<h3>Zweck\u00a0von Herkunftsnachweisen<\/h3>\n<ul>\n<li><span data-contrast=\"auto\">Glaubw\u00fcrdiger Nachweis der Energieherkunft\u00a0und Produktionsmenge<\/span><span data-ccp-props=\"{}\">\u00a0<\/span><\/li>\n<li><span data-contrast=\"auto\">Erf\u00fcllung regulatorischer und marktspezifischer Anforderungen<\/span><span data-ccp-props=\"{}\">\u00a0<\/span><\/li>\n<li><span data-contrast=\"auto\">Erh\u00f6hte Transparenz gegen\u00fcber Kunden und Partnern<\/span><span data-ccp-props=\"{}\">\u00a0<\/span><\/li>\n<li data-leveltext=\"\uf0b7\" data-font=\"Symbol\" data-listid=\"7\" data-list-defn-props=\"{&quot;335552541&quot;:1,&quot;335559685&quot;:720,&quot;335559991&quot;:360,&quot;469769226&quot;:&quot;Symbol&quot;,&quot;469769242&quot;:[8226],&quot;469777803&quot;:&quot;left&quot;,&quot;469777804&quot;:&quot;\uf0b7&quot;,&quot;469777815&quot;:&quot;multilevel&quot;}\" data-aria-posinset=\"4\" data-aria-level=\"1\"><span data-contrast=\"auto\">Rechtssichere Grundlage f\u00fcr den Verkauf zertifizierter Energie<\/span><span data-ccp-props=\"{}\">\u00a0<\/span><\/li>\n<\/ul>\n<p>[\/vc_column_text][\/vc_column][\/vc_row][vc_row el_id=&#8221;angebot&#8221;][vc_column][vc_column_text css=&#8221;&#8221;]<\/p>\n<h2>Unser Angebot<\/h2>\n<p><span class=\"TextRun SCXW126135436 BCX8\" lang=\"DE-CH\" xml:lang=\"DE-CH\" data-contrast=\"auto\"><span class=\"NormalTextRun SCXW126135436 BCX8\">Wir bieten<\/span><span class=\"NormalTextRun SCXW126135436 BCX8\">\u00a0unabh\u00e4ngige und anerkannte<\/span><span class=\"NormalTextRun SCXW126135436 BCX8\">\u00a0Audits zur Zertifizierung von Strom<\/span><span class=\"NormalTextRun SCXW126135436 BCX8\">produktions<\/span><span class=\"NormalTextRun SCXW126135436 BCX8\">&#8211;\u00a0<\/span><span class=\"NormalTextRun SCXW126135436 BCX8\">und Biogasanlagen f\u00fcr Energieversorger, Lieferanten und Produzenten<\/span><\/span><span class=\"TrackChangeTextInsertion TrackedChange SCXW126135436 BCX8\"><span class=\"TextRun SCXW126135436 BCX8\" lang=\"DE-CH\" xml:lang=\"DE-CH\" data-contrast=\"auto\"><span class=\"NormalTextRun SCXW126135436 BCX8\">\u00a0an<\/span><\/span><\/span><span class=\"TextRun SCXW126135436 BCX8\" lang=\"DE-CH\" xml:lang=\"DE-CH\" data-contrast=\"auto\"><span class=\"NormalTextRun SCXW126135436 BCX8\">. Unsere T\u00e4tigkeit umfasst die Pr\u00fcfung von Anlagen, Prozessen und relevanten Nachweisen gem\u00e4ss den jeweiligen Zertifizierungsprogrammen.<\/span><\/span><span class=\"LineBreakBlob BlobObject DragDrop SCXW126135436 BCX8\"><span class=\"SCXW126135436 BCX8\">\u00a0<\/span><br class=\"SCXW126135436 BCX8\" \/><\/span><\/p>\n<p><span class=\"TextRun SCXW126135436 BCX8\" lang=\"DE-CH\" xml:lang=\"DE-CH\" data-contrast=\"auto\"><span class=\"NormalTextRun SCXW126135436 BCX8\">Als\u00a0<\/span><span class=\"NormalTextRun SCXW126135436 BCX8\">akkreditierte<\/span><span class=\"NormalTextRun SCXW126135436 BCX8\">\u00a0<\/span><span class=\"NormalTextRun SCXW126135436 BCX8\">Auditoren sind wir unter anderem f\u00fcr\u00a0<\/span><span class=\"NormalTextRun SpellingErrorV2Themed SCXW126135436 BCX8\">Pronovo<\/span><span class=\"NormalTextRun SCXW126135436 BCX8\">\u00a0und\u00a0<\/span><span class=\"NormalTextRun SpellingErrorV2Themed SCXW126135436 BCX8\">naturemade<\/span><span class=\"NormalTextRun SCXW126135436 BCX8\">\u00a0im Bereich Strom und Biogas t\u00e4tig.\u00a0<\/span><\/span><span class=\"EOP SCXW126135436 BCX8\" data-ccp-props=\"{}\">\u00a0<\/span>[\/vc_column_text][vc_column_text css=&#8221;&#8221;]<\/p>\n<h3>Ihre Erfolge<\/h3>\n<ul>\n<li><span data-contrast=\"auto\">Verl\u00e4ssliche\u00a0Herkunftsnachweise f\u00fcr Strom und Biogas\u00a0von anerkannten Stellen<\/span><span data-ccp-props=\"{}\">\u00a0<\/span><\/li>\n<li><span data-contrast=\"auto\">Rechtssichere, einfache\u00a0und nachvollziehbare Zertifizierung<\/span><span data-ccp-props=\"{}\">\u00a0<\/span><\/li>\n<li><span data-contrast=\"auto\">Transparenz und Klarheit \u00fcber\u00a0Zertifikate,\u00a0Anforderungen\u00a0und den Zertifizierungsprozess\u00a0<\/span><span data-ccp-props=\"{}\">\u00a0<\/span><\/li>\n<\/ul>\n<p>[\/vc_column_text][\/vc_column][\/vc_row][vc_row el_id=&#8221;team&#8221;][vc_column][vc_column_text css=&#8221;&#8221;]<\/p>\n<h2>Unsere Spezialisten<\/h2>\n<p><span class=\"TextRun SCXW104957184 BCX8\" lang=\"DE-CH\" xml:lang=\"DE-CH\" data-contrast=\"auto\"><span class=\"NormalTextRun SCXW104957184 BCX8\">Als unabh\u00e4ngige Fachorganisation f\u00fcr Elektro-, Energie- und Informationstechnik verf\u00fcgen wir \u00fcber ausgewiesene Erfahrung im Bereich der\u00a0<\/span><span class=\"NormalTextRun SCXW104957184 BCX8\">Energieproduktion und\u00a0<\/span><span class=\"NormalTextRun SCXW104957184 BCX8\">der Nachhaltigkeit<\/span><span class=\"NormalTextRun SCXW104957184 BCX8\">. <\/span><\/span><\/p>\n<p><span class=\"TextRun SCXW104957184 BCX8\" lang=\"DE-CH\" xml:lang=\"DE-CH\" data-contrast=\"auto\"><span class=\"NormalTextRun SCXW104957184 BCX8\">Unsere akkreditierten Auditorinnen und Auditoren arbeiten nach anerkannten Standards und Programmen und begleiten Unternehmen kompetent und effizient durch den Zertifizierungsprozess.<\/span><\/span><span class=\"EOP SCXW104957184 BCX8\" data-ccp-props=\"{}\">\u00a0<\/span>[\/vc_column_text][\/vc_column][\/vc_row][vc_row][vc_column][vc_column_text css=&#8221;&#8221;]<\/p>\n<h3>Das Wichtigste in K\u00fcrze<\/h3>\n<ul>\n<li><span data-contrast=\"auto\">Herkunftsnachweise\u00a0erm\u00f6glichen den transparenten und glaubw\u00fcrdigen Nachweis der Energieherkunft.<\/span><span data-ccp-props=\"{}\">\u00a0<\/span><\/li>\n<li><span data-contrast=\"auto\">Akkreditierte Audits bilden die Grundlage f\u00fcr die Ausstellung von Herkunftsnachweisen.<\/span><span data-ccp-props=\"{}\">\u00a0<\/span><\/li>\n<li><span data-contrast=\"auto\">Die Zertifizierung ist Voraussetzung f\u00fcr den Verkauf von zertifizierter Energie.<\/span><span data-ccp-props=\"{}\">\u00a0<\/span><\/li>\n<li><span data-contrast=\"auto\">Electrosuisse\u00a0auditieret\u00a0Strom- und Biogasanlagen als unabh\u00e4ngige, akkreditierte Stelle.<\/span><span data-ccp-props=\"{}\">\u00a0<\/span><\/li>\n<li><span data-contrast=\"auto\">Unsere\u00a0<\/span><span data-contrast=\"auto\">T<\/span><span data-contrast=\"auto\">\u00e4tigkeiten erfolgen unter anderem f\u00fcr\u00a0<a href=\"https:\/\/pronovo.ch\/\">Pronovo<\/a>\u00a0und\u00a0<a href=\"https:\/\/www.naturemade.ch\/de\/naturemade-zertifizieren.html\">naturemade<\/a>.<\/span><span data-ccp-props=\"{}\">\u00a0<\/span><\/li>\n<\/ul>\n<p>[\/vc_column_text][\/vc_column][\/vc_row][vc_row el_id=&#8221;kontakt&#8221;][vc_column][vc_column_text css=&#8221;&#8221;]<\/p>\n<h2>Kontakt<\/h2>\n<p>[\/vc_column_text]<div class=\"wpb_contact_column wpb_content_element wpb_contact_column--container\"><div class=\"wpb_wrapper\"><div class=\"contact_container_outer\"><div class=\"contact_container\"><div class=\"contact row middle-xs\"><div class=\"contact__img col-sm-5 col-xs-12\"><img decoding=\"async\" src=\"https:\/\/www.electrosuisse.ch\/wp-content\/uploads\/2024\/08\/StefanBaer_302x302.png\" alt=\"Stefan B\u00e4r - Teamleiter Engineering Ost\" \/><\/div><div class=\"contact__info col-sm-7 col-xs-12\"><p><b>Stefan B\u00e4r<\/b><br>Teamleiter Engineering Ost<\/p><div class=\"phone has-link\"><a href=\"tel:+41585951571\">+41 58 595 15 71<\/a><\/div><div class=\"mail has-link\"><a href=\"mailto:&#x73;&#116;e&#x66;&#x61;&#110;&#46;&#x62;&#x61;&#101;r&#x40;&#101;l&#x65;&#x63;&#116;r&#x6f;&#x73;&#117;i&#x73;&#115;&#101;&#x2e;&#x63;&#104;\">&#x73;&#116;e&#x66;&#x61;&#110;&#46;&#x62;&#x61;&#101;r&#x40;&#x65;&#108;e&#x63;&#x74;&#114;o&#x73;&#117;&#105;s&#x73;&#101;&#46;&#x63;&#x68;<\/a><\/div><\/div><\/div><\/div><\/div><div class=\"contact_container_outer\"><div class=\"contact_container\"><div class=\"contact row middle-xs\"><div class=\"contact__img col-sm-5 col-xs-12\"><img decoding=\"async\" src=\"https:\/\/www.electrosuisse.ch\/wp-content\/uploads\/2025\/09\/Felix-Bigler_320x320.png\" alt=\"Felix Bigler - Teamleiter Engineering West\" \/><\/div><div class=\"contact__info col-sm-7 col-xs-12\"><p><b>Felix Bigler<\/b><br>Teamleiter Engineering West<\/p><div class=\"phone has-link\"><a href=\"tel:+41585951575\">+41 58 595 15 75<\/a><\/div><div class=\"mail has-link\"><a href=\"mailto:&#102;&#x65;l&#105;&#x78;&#46;&#98;&#x69;g&#108;&#x65;r&#64;&#x65;&#108;&#x65;&#x63;&#116;&#x72;&#x6f;&#115;&#x75;i&#115;&#x73;e&#46;&#x63;h\">&#x66;&#x65;&#x6c;&#x69;&#x78;&#x2e;&#x62;&#x69;&#x67;&#x6c;&#x65;&#x72;&#x40;&#x65;&#108;&#101;&#99;&#116;&#114;&#111;&#115;&#117;&#105;&#115;&#115;e&#46;ch<\/a><\/div><\/div><\/div><\/div><\/div><div class=\"contact_container_outer\"><div class=\"contact_container\"><div class=\"contact row middle-xs\"><div class=\"contact__img col-sm-5 col-xs-12\"><img decoding=\"async\" src=\"\/wp-content\/themes\/SCHMUCKI_child\/img\/contact_placeholder.jpg\" alt=\"Beratung, Inspektion und Engineering\" \/><\/div><div class=\"contact__info col-sm-7 col-xs-12\"><p><b>Beratung, Inspektion und Engineering<\/b><br>Innendienst<\/p><div class=\"phone has-link\"><a href=\"tel:+41585951199\">+41 58 595 11 99<\/a><\/div><div class=\"mail has-link\"><a href=\"mailto:&#x62;&#101;&#114;a&#x74;&#x75;&#110;g&#x40;&#x65;&#108;ec&#x74;&#114;&#111;s&#x75;&#x69;&#115;s&#x65;&#x2e;&#99;&#104; \">beratung&#64;electrosuisse&#46;c&#104; <\/a><\/div><\/div><\/div><\/div><\/div><\/div><\/div>[\/vc_column][\/vc_row]<\/p>\n<\/div>","protected":false},"excerpt":{"rendered":"<p>[vc_row][vc_column][vc_column_text css=&#8221;&#8221; el_class=&#8221;lead&#8221;]F\u00fcr Energieversorger, Lieferanten und Produzenten ist die nachvollziehbare Herkunft von Energie ein zentraler Bestandteil von Markttransparenz, Regulierung und Kundenvertrauen. Herkunftsnachweise\u00a0sind\u00a0die Grundlage, um Strom und Biogas als erneuerbar oder nachhaltig zu kennzeichnen und rechtssicher zu vermarkten.\u00a0[\/vc_column_text][vc_column_text css=&#8221;&#8221;]Electrosuisse\u00a0f\u00fchrt f\u00fcr verschiedene Zertifizierungsorganisationen\u00a0unabh\u00e4ngige\u00a0Audits von Energieerzeugungsanlagen durch. Die Zertifizierung erm\u00f6glicht es Unternehmen, Herkunftsnachweise zu erhalten und diese gemeinsam [&hellip;]<\/p>\n","protected":false},"author":2,"featured_media":0,"parent":22114,"menu_order":208,"comment_status":"closed","ping_status":"closed","template":"","meta":{"_acf_changed":false,"_monsterinsights_skip_tracking":false,"_monsterinsights_sitenote_active":false,"_monsterinsights_sitenote_note":"","_monsterinsights_sitenote_category":0,"footnotes":""},"class_list":["post-64","page","type-page","status-publish","hentry"],"acf":[],"yoast_head":"<!-- This site is optimized with the Yoast SEO Premium plugin v26.4 (Yoast SEO v27.0) - https:\/\/yoast.com\/product\/yoast-seo-premium-wordpress\/ -->\n<title>Herkunftsnachweise - Electrosuisse<\/title>\n<meta name=\"description\" content=\"F\u00fcr Energieversorger, Lieferanten und Produzenten ist die nachvollziehbare Herkunft von Energie ein zentraler Bestandteil von Markttransparenz, Regulierung und Kundenvertrauen.\" \/>\n<meta name=\"robots\" content=\"index, follow, max-snippet:-1, max-image-preview:large, max-video-preview:-1\" \/>\n<link rel=\"canonical\" href=\"https:\/\/www.electrosuisse.ch\/de\/inspektion-beratung\/herkunftsnachweise\/\" \/>\n<meta property=\"og:locale\" content=\"de_DE\" \/>\n<meta property=\"og:type\" content=\"article\" \/>\n<meta property=\"og:title\" content=\"Herkunftsnachweise - Electrosuisse\" \/>\n<meta property=\"og:description\" content=\"F\u00fcr Energieversorger, Lieferanten und Produzenten ist die nachvollziehbare Herkunft von Energie ein zentraler Bestandteil von Markttransparenz, Regulierung und Kundenvertrauen.\" \/>\n<meta property=\"og:url\" content=\"https:\/\/www.electrosuisse.ch\/de\/inspektion-beratung\/herkunftsnachweise\/\" \/>\n<meta property=\"og:site_name\" content=\"Electrosuisse\" \/>\n<meta property=\"article:modified_time\" content=\"2026-03-31T08:18:01+00:00\" \/>\n<meta property=\"og:image\" content=\"https:\/\/www.electrosuisse.ch\/wp-content\/uploads\/2019\/06\/Electrosuisse_Beglaubigung_erneuerbare_Energien_1660_585.jpg\" \/>\n\t<meta property=\"og:image:width\" content=\"1578\" \/>\n\t<meta property=\"og:image:height\" content=\"650\" \/>\n\t<meta property=\"og:image:type\" content=\"image\/jpeg\" \/>\n<script type=\"application\/ld+json\" class=\"yoast-schema-graph\">{\"@context\":\"https:\/\/schema.org\",\"@graph\":[{\"@type\":\"WebPage\",\"@id\":\"https:\/\/www.electrosuisse.ch\/de\/inspektion-beratung\/herkunftsnachweise\/\",\"url\":\"https:\/\/www.electrosuisse.ch\/de\/inspektion-beratung\/herkunftsnachweise\/\",\"name\":\"Herkunftsnachweise - Electrosuisse\",\"isPartOf\":{\"@id\":\"https:\/\/www.electrosuisse.ch\/de\/#website\"},\"datePublished\":\"2018-06-24T09:11:36+00:00\",\"dateModified\":\"2026-03-31T08:18:01+00:00\",\"description\":\"F\u00fcr Energieversorger, Lieferanten und Produzenten ist die nachvollziehbare Herkunft von Energie ein zentraler Bestandteil von Markttransparenz, Regulierung und Kundenvertrauen.\",\"breadcrumb\":{\"@id\":\"https:\/\/www.electrosuisse.ch\/de\/inspektion-beratung\/herkunftsnachweise\/#breadcrumb\"},\"inLanguage\":\"de\",\"potentialAction\":[{\"@type\":\"ReadAction\",\"target\":[\"https:\/\/www.electrosuisse.ch\/de\/inspektion-beratung\/herkunftsnachweise\/\"]}]},{\"@type\":\"BreadcrumbList\",\"@id\":\"https:\/\/www.electrosuisse.ch\/de\/inspektion-beratung\/herkunftsnachweise\/#breadcrumb\",\"itemListElement\":[{\"@type\":\"ListItem\",\"position\":1,\"name\":\"Inspektion und Beratung\",\"item\":\"https:\/\/www.electrosuisse.ch\/de\/inspektion-beratung\/\"},{\"@type\":\"ListItem\",\"position\":2,\"name\":\"Herkunftsnachweise\"}]},{\"@type\":\"WebSite\",\"@id\":\"https:\/\/www.electrosuisse.ch\/de\/#website\",\"url\":\"https:\/\/www.electrosuisse.ch\/de\/\",\"name\":\"Electrosuisse\",\"description\":\"\",\"publisher\":{\"@id\":\"https:\/\/www.electrosuisse.ch\/de\/#organization\"},\"potentialAction\":[{\"@type\":\"SearchAction\",\"target\":{\"@type\":\"EntryPoint\",\"urlTemplate\":\"https:\/\/www.electrosuisse.ch\/de\/?s={search_term_string}\"},\"query-input\":{\"@type\":\"PropertyValueSpecification\",\"valueRequired\":true,\"valueName\":\"search_term_string\"}}],\"inLanguage\":\"de\"},{\"@type\":\"Organization\",\"@id\":\"https:\/\/www.electrosuisse.ch\/de\/#organization\",\"name\":\"Electrosuisse\",\"url\":\"https:\/\/www.electrosuisse.ch\/de\/\",\"logo\":{\"@type\":\"ImageObject\",\"inLanguage\":\"de\",\"@id\":\"https:\/\/www.electrosuisse.ch\/de\/#\/schema\/logo\/image\/\",\"url\":\"https:\/\/www.electrosuisse.ch\/wp-content\/uploads\/2025\/04\/Electrosuisse_Logo_696x696.png\",\"contentUrl\":\"https:\/\/www.electrosuisse.ch\/wp-content\/uploads\/2025\/04\/Electrosuisse_Logo_696x696.png\",\"width\":696,\"height\":696,\"caption\":\"Electrosuisse\"},\"image\":{\"@id\":\"https:\/\/www.electrosuisse.ch\/de\/#\/schema\/logo\/image\/\"},\"sameAs\":[\"https:\/\/www.linkedin.com\/company\/electrosuisse-ag\/posts\/?feedView=all\",\"https:\/\/www.instagram.com\/electrosuisse1889\/\",\"https:\/\/www.youtube.com\/channel\/UCoOxohMiVE0Gjcdis1L09zw\"],\"description\":\"Electrosuisse ist eine anerkannte und unabh\u00e4ngige Fachorganisation, die erstklassige Dienstleistungen und Produkte in den Bereichen Inspektion, Beratung, Pr\u00fcfung, Zertifizierung, Normung und Weiterbildung anbietet. Unsere Expertise umfasst Elektrotechnik, Elektromobilit\u00e4t, Energieberatung, Geb\u00e4udeautomation und Photovoltaik in der Schweiz. Durch die Veranstaltung etablierter Branchen-Events und Fachtagungen f\u00f6rdert Electrosuisse den Wissenstransfer und den fachlichen Austausch. Im Mittelpunkt unserer T\u00e4tigkeiten steht die F\u00f6rderung der sicheren, wirtschaftlichen und umweltgerechten Anwendung der Elektrotechnik.\"}]}<\/script>\n<!-- \/ Yoast SEO Premium plugin. -->","yoast_head_json":{"title":"Herkunftsnachweise - Electrosuisse","description":"F\u00fcr Energieversorger, Lieferanten und Produzenten ist die nachvollziehbare Herkunft von Energie ein zentraler Bestandteil von Markttransparenz, Regulierung und Kundenvertrauen.","robots":{"index":"index","follow":"follow","max-snippet":"max-snippet:-1","max-image-preview":"max-image-preview:large","max-video-preview":"max-video-preview:-1"},"canonical":"https:\/\/www.electrosuisse.ch\/de\/inspektion-beratung\/herkunftsnachweise\/","og_locale":"de_DE","og_type":"article","og_title":"Herkunftsnachweise - Electrosuisse","og_description":"F\u00fcr Energieversorger, Lieferanten und Produzenten ist die nachvollziehbare Herkunft von Energie ein zentraler Bestandteil von Markttransparenz, Regulierung und Kundenvertrauen.","og_url":"https:\/\/www.electrosuisse.ch\/de\/inspektion-beratung\/herkunftsnachweise\/","og_site_name":"Electrosuisse","article_modified_time":"2026-03-31T08:18:01+00:00","og_image":[{"width":1578,"height":650,"url":"https:\/\/www.electrosuisse.ch\/wp-content\/uploads\/2019\/06\/Electrosuisse_Beglaubigung_erneuerbare_Energien_1660_585.jpg","type":"image\/jpeg"}],"schema":{"@context":"https:\/\/schema.org","@graph":[{"@type":"WebPage","@id":"https:\/\/www.electrosuisse.ch\/de\/inspektion-beratung\/herkunftsnachweise\/","url":"https:\/\/www.electrosuisse.ch\/de\/inspektion-beratung\/herkunftsnachweise\/","name":"Herkunftsnachweise - Electrosuisse","isPartOf":{"@id":"https:\/\/www.electrosuisse.ch\/de\/#website"},"datePublished":"2018-06-24T09:11:36+00:00","dateModified":"2026-03-31T08:18:01+00:00","description":"F\u00fcr Energieversorger, Lieferanten und Produzenten ist die nachvollziehbare Herkunft von Energie ein zentraler Bestandteil von Markttransparenz, Regulierung und Kundenvertrauen.","breadcrumb":{"@id":"https:\/\/www.electrosuisse.ch\/de\/inspektion-beratung\/herkunftsnachweise\/#breadcrumb"},"inLanguage":"de","potentialAction":[{"@type":"ReadAction","target":["https:\/\/www.electrosuisse.ch\/de\/inspektion-beratung\/herkunftsnachweise\/"]}]},{"@type":"BreadcrumbList","@id":"https:\/\/www.electrosuisse.ch\/de\/inspektion-beratung\/herkunftsnachweise\/#breadcrumb","itemListElement":[{"@type":"ListItem","position":1,"name":"Inspektion und Beratung","item":"https:\/\/www.electrosuisse.ch\/de\/inspektion-beratung\/"},{"@type":"ListItem","position":2,"name":"Herkunftsnachweise"}]},{"@type":"WebSite","@id":"https:\/\/www.electrosuisse.ch\/de\/#website","url":"https:\/\/www.electrosuisse.ch\/de\/","name":"Electrosuisse","description":"","publisher":{"@id":"https:\/\/www.electrosuisse.ch\/de\/#organization"},"potentialAction":[{"@type":"SearchAction","target":{"@type":"EntryPoint","urlTemplate":"https:\/\/www.electrosuisse.ch\/de\/?s={search_term_string}"},"query-input":{"@type":"PropertyValueSpecification","valueRequired":true,"valueName":"search_term_string"}}],"inLanguage":"de"},{"@type":"Organization","@id":"https:\/\/www.electrosuisse.ch\/de\/#organization","name":"Electrosuisse","url":"https:\/\/www.electrosuisse.ch\/de\/","logo":{"@type":"ImageObject","inLanguage":"de","@id":"https:\/\/www.electrosuisse.ch\/de\/#\/schema\/logo\/image\/","url":"https:\/\/www.electrosuisse.ch\/wp-content\/uploads\/2025\/04\/Electrosuisse_Logo_696x696.png","contentUrl":"https:\/\/www.electrosuisse.ch\/wp-content\/uploads\/2025\/04\/Electrosuisse_Logo_696x696.png","width":696,"height":696,"caption":"Electrosuisse"},"image":{"@id":"https:\/\/www.electrosuisse.ch\/de\/#\/schema\/logo\/image\/"},"sameAs":["https:\/\/www.linkedin.com\/company\/electrosuisse-ag\/posts\/?feedView=all","https:\/\/www.instagram.com\/electrosuisse1889\/","https:\/\/www.youtube.com\/channel\/UCoOxohMiVE0Gjcdis1L09zw"],"description":"Electrosuisse ist eine anerkannte und unabh\u00e4ngige Fachorganisation, die erstklassige Dienstleistungen und Produkte in den Bereichen Inspektion, Beratung, Pr\u00fcfung, Zertifizierung, Normung und Weiterbildung anbietet. Unsere Expertise umfasst Elektrotechnik, Elektromobilit\u00e4t, Energieberatung, Geb\u00e4udeautomation und Photovoltaik in der Schweiz. Durch die Veranstaltung etablierter Branchen-Events und Fachtagungen f\u00f6rdert Electrosuisse den Wissenstransfer und den fachlichen Austausch. Im Mittelpunkt unserer T\u00e4tigkeiten steht die F\u00f6rderung der sicheren, wirtschaftlichen und umweltgerechten Anwendung der Elektrotechnik."}]}},"amp_enabled":true,"_links":{"self":[{"href":"https:\/\/www.electrosuisse.ch\/de\/wp-json\/wp\/v2\/pages\/64","targetHints":{"allow":["GET"]}}],"collection":[{"href":"https:\/\/www.electrosuisse.ch\/de\/wp-json\/wp\/v2\/pages"}],"about":[{"href":"https:\/\/www.electrosuisse.ch\/de\/wp-json\/wp\/v2\/types\/page"}],"author":[{"embeddable":true,"href":"https:\/\/www.electrosuisse.ch\/de\/wp-json\/wp\/v2\/users\/2"}],"replies":[{"embeddable":true,"href":"https:\/\/www.electrosuisse.ch\/de\/wp-json\/wp\/v2\/comments?post=64"}],"version-history":[{"count":12,"href":"https:\/\/www.electrosuisse.ch\/de\/wp-json\/wp\/v2\/pages\/64\/revisions"}],"predecessor-version":[{"id":43721,"href":"https:\/\/www.electrosuisse.ch\/de\/wp-json\/wp\/v2\/pages\/64\/revisions\/43721"}],"up":[{"embeddable":true,"href":"https:\/\/www.electrosuisse.ch\/de\/wp-json\/wp\/v2\/pages\/22114"}],"wp:attachment":[{"href":"https:\/\/www.electrosuisse.ch\/de\/wp-json\/wp\/v2\/media?parent=64"}],"curies":[{"name":"wp","href":"https:\/\/api.w.org\/{rel}","templated":true}]}}