{"id":54,"date":"2018-06-24T11:10:32","date_gmt":"2018-06-24T09:10:32","guid":{"rendered":"https:\/\/www.electrosuisse.ch\/?page_id=54"},"modified":"2026-03-24T14:16:48","modified_gmt":"2026-03-24T13:16:48","slug":"energienutzungskonzept","status":"publish","type":"page","link":"https:\/\/www.electrosuisse.ch\/de\/engineering\/energienutzungskonzept\/","title":{"rendered":"Energienutzungskonzept"},"content":{"rendered":"<div class=\"wpb-content-wrapper\"><p>[vc_row][vc_column][vc_column_text el_class=&#8221;lead&#8221;]Energie ist in der Regel immer und \u00fcberall vorhanden, jedoch nur selten in der gerade erforderlichen Art und Menge. Durch ein Energienutzungs-Konzept werden die verf\u00fcgbaren und gefragten Energien, das heisst Strom, W\u00e4rme und K\u00e4lte, zeitgleich gegen\u00fcbergestellt. Aus dieser Auswertung wird die Gleichzeitigkeit der abgegebenen und ben\u00f6tigten Energie sichtbar. Das System beginnt zu \u00ableben\u00bb. Das Ziel des Energienutzungs-Konzepts ist, die verschiedenen Energieformen m\u00f6glichst ideal zu Nutzen. So kann der Prozess mit einem Minimum an neu zugef\u00fchrter Energie sichergestellt werden.[\/vc_column_text][\/vc_column][\/vc_row][vc_row el_id=&#8221;angebot&#8221;][vc_column][vc_column_text]<\/p>\n<h3>Unser Angebot<\/h3>\n<p>[\/vc_column_text]<div class=\"wpb_process_column wpb_content_element\"><div class=\"wpb_wrapper\"><div class=\"process_container\"><div class=\"process\"><div class=\"process__symbol process__symbol--round\"><\/div><div class=\"process__content\"><h4>Bed\u00fcrfnisanalyse<\/h4><p>Bei Anlagenersatz ist ein Energienutzungs-Konzept \u00abein Muss\u00bb. Nur, wenn der effektive Bedarf bekannt ist, ist die optimale Dimensionierung der Anlage oder des Systems in der Praxis m\u00f6glich.<\/p>\n<\/div><\/div><div class=\"process\"><div class=\"process__symbol process__symbol--round\"><\/div><div class=\"process__content\"><h4>Messung<\/h4><p>Bei bestehenden Anlagen werden die Energiefl\u00fcsse (elektrisch, thermisch) \u00fcber 6 \u2013 8 Wochen vor Ort gemessen. Die Aufzeichnung erfolgt mittels einer tempor\u00e4ren Messung. Um eine ausreichend hohe Genauigkeit zu erreichen, werden die Leistungen alle 15 Minuten festgehalten.<\/p>\n<\/div><\/div><div class=\"process\"><div class=\"process__symbol process__symbol--round\"><\/div><div class=\"process__content\"><h4>Auswertung<\/h4><p>Die Datenauswertung bildet die Basis f\u00fcr das Energienutzungs-Konzept. Anschliessend erhalten Sie einen ausf\u00fchrlichen Bericht.<\/p>\n<\/div><\/div>\n<\/div><\/div><\/div><div class=\"wpb_gap_column wpb_content_element\"><div class=\"wpb_wrapper\"><div class=\"gap gap--small\"><\/div><\/div><\/div>[vc_column_text]Das System kann ideal auf die Bed\u00fcrfnisse ausgelegt werden.<\/p>\n<p>Bei Neubauten begleiten wir Sie gerne von der Evaluation bis zur Realisierungen des Energienutzungs-Konzeptes.[\/vc_column_text]<div class=\"wpb_document_column wpb_content_element\"><div class=\"wpb_wrapper\"><div class=\"document document--pdf\"><a href=\"https:\/\/www.electrosuisse.ch\/wp-content\/uploads\/2020\/01\/Electrosuisse_Energieeffizienz_Ressourceneffizienz_Infografik_A4.pdf\" target=\"_blank\" rel=\"noopener\">Infografik Energie- und Ressourceneffizienz<\/a><\/div><\/div><\/div>[vc_column_text css=&#8221;&#8221;]<\/p>\n<h3>Das Wichtigste in K\u00fcrze<\/h3>\n<ul>\n<li>Ein Energienutzungskonzept stellt verf\u00fcgbare und ben\u00f6tigte Energieformen (Strom, W\u00e4rme, K\u00e4lte) zeitgleich gegen\u00fcber, um deren optimale Nutzung zu erm\u00f6glichen.<\/li>\n<li>Ziel ist es, Prozesse mit minimalem Einsatz neuer Anlagen oder zus\u00e4tzlicher Energie sicherzustellen und die Effizienz zu maximieren.<\/li>\n<li>Bei bestehenden Anlagen werden Energiefl\u00fcsse \u00fcber geeignete Zeitr\u00e4ume, von wenigen Wochen bis mehrere Monate, gemessen und analysiert, um eine pr\u00e4zise Systemauslegung zu erm\u00f6glichen.<\/li>\n<li>Die Datenauswertung bildet die Grundlage f\u00fcr eine ausf\u00fchrliche Dokumentation, die als Basis f\u00fcr technische und wirtschaftliche Entscheidungen genutzt werden kann.<\/li>\n<li>Bei Bestandsbauten unterst\u00fctzt Electrosuisse mit Messungen und Know-How zur Optimierung, bei Neubauten steht die Entwicklung eines sinnvollen Energienutzungskonzepts von der Evaluation bis zur Realisierung im Vordergrund.<\/li>\n<\/ul>\n<p>[\/vc_column_text][\/vc_column][\/vc_row][vc_row el_id=&#8221;kontakt&#8221;][vc_column][vc_column_text]<\/p>\n<h2>Kontakt<\/h2>\n<p>[\/vc_column_text]<div class=\"wpb_contact_column wpb_content_element wpb_contact_column--container\"><div class=\"wpb_wrapper\"><div class=\"contact_container_outer\"><div class=\"contact_container\"><div class=\"contact row middle-xs\"><div class=\"contact__img col-sm-5 col-xs-12\"><img decoding=\"async\" src=\"https:\/\/www.electrosuisse.ch\/wp-content\/uploads\/2024\/08\/StefanBaer_302x302.png\" alt=\"Stefan B\u00e4r - Teamleiter Engineering Ost\" \/><\/div><div class=\"contact__info col-sm-7 col-xs-12\"><p><b>Stefan B\u00e4r<\/b><br>Teamleiter Engineering Ost<\/p><div class=\"phone has-link\"><a href=\"tel:+41585951571\">+41 58 595 15 71<\/a><\/div><div class=\"mail has-link\"><a href=\"mailto:&#x73;&#x74;&#101;&#102;&#97;n&#x2e;&#x62;&#x61;&#101;&#114;&#64;e&#x6c;&#x65;&#x63;&#116;&#114;o&#x73;&#x75;&#x69;&#115;&#115;&#101;&#46;&#x63;&#x68;\">stefan&#46;&#98;&#97;&#101;&#114;&#64;&#101;&#x6c;&#x65;&#x63;&#x74;&#x72;&#x6f;&#x73;&#x75;&#x69;&#x73;&#x73;&#x65;&#46;ch<\/a><\/div><\/div><\/div><\/div><\/div><div class=\"contact_container_outer\"><div class=\"contact_container\"><div class=\"contact row middle-xs\"><div class=\"contact__img col-sm-5 col-xs-12\"><img decoding=\"async\" src=\"https:\/\/www.electrosuisse.ch\/wp-content\/uploads\/2025\/09\/Felix-Bigler_320x320.png\" alt=\"Felix Bigler - Teamleiter Engineering West\" \/><\/div><div class=\"contact__info col-sm-7 col-xs-12\"><p><b>Felix Bigler<\/b><br>Teamleiter Engineering West<\/p><div class=\"phone has-link\"><a href=\"tel:+41585951575\">+41 58 595 15 75<\/a><\/div><div class=\"mail has-link\"><a href=\"mailto:&#102;&#101;&#x6c;i&#120;&#x2e;&#x62;i&#103;&#x6c;&#x65;r&#64;&#x65;&#x6c;e&#99;&#x74;&#x72;o&#115;&#x75;&#x69;s&#115;&#x65;&#46;&#99;&#104;\">f&#101;&#x6c;&#x69;x&#46;&#x62;&#x69;g&#108;&#x65;&#x72;&#64;&#101;&#x6c;&#x65;c&#116;&#x72;&#x6f;s&#117;&#105;&#x73;&#x73;e&#46;&#x63;&#x68;<\/a><\/div><\/div><\/div><\/div><\/div><div class=\"contact_container_outer\"><div class=\"contact_container\"><div class=\"contact row middle-xs\"><div class=\"contact__img col-sm-5 col-xs-12\"><img decoding=\"async\" src=\"\/wp-content\/themes\/SCHMUCKI_child\/img\/contact_placeholder.jpg\" alt=\"Beratung, Inspektion und Engineering\" \/><\/div><div class=\"contact__info col-sm-7 col-xs-12\"><p><b>Beratung, Inspektion und Engineering<\/b><br>Innendienst<\/p><div class=\"phone has-link\"><a href=\"tel:+41585951199\">+41 58 595 11 99<\/a><\/div><div class=\"mail has-link\"><a href=\"mailto:bera&#116;&#117;&#110;&#103;&#64;&#101;&#108;&#x65;&#x63;&#x74;&#x72;&#x6f;&#x73;&#x75;&#x69;&#x73;se&#46;c&#104; \">b&#101;&#x72;&#x61;&#x74;u&#110;&#103;&#x40;&#x65;l&#101;&#99;&#x74;&#x72;os&#117;&#x69;&#x73;&#x73;e&#46;&#x63;&#x68; <\/a><\/div><\/div><\/div><\/div><\/div><\/div><\/div>[\/vc_column][\/vc_row][vc_row el_id=&#8221;referenzen&#8221;][vc_column][vc_column_text]<\/p>\n<h2>Referenzen<\/h2>\n<p>[\/vc_column_text]<div class=\"wpb_accordion_column wpb_content_element\"><div class=\"wpb_wrapper\"><div class=\"fake_accordion\"><div class=\"row\"><div class=\"col-sm-5\"><div class=picture_container><img decoding=\"async\" src=\"https:\/\/www.electrosuisse.ch\/wp-content\/uploads\/2018\/11\/Electrosuisse_Energieeffizienz_Zoo_Basel_Act-e1552737514908-585x345.jpg\" alt=\"Zoo Basel\" \/><\/div><\/div><div class=\"col-sm-7\"><h3>Zoo Basel<\/h3><p>Mit zahlreichen\u00a0Energieeffizienz-Massnahmen senkt der Zoo Basel seinen\u00a0Gesamtenergieverbrauch\u00a0um fast 10 %.<\/p>\n<div class=\"button button--arrow\"><a href=\"https:\/\/act-schweiz.ch\/projects\/erfolgsbeispiel-freizeitangbeot\/\" target=\"_blank\" rel=\"noopener\"><div class=\"arrow\">Mehr<\/div><\/a><\/div><\/div><\/div><\/div><div class=\"fake_accordion\"><div class=\"row\"><div class=\"col-sm-5\"><div class=picture_container><img decoding=\"async\" src=\"https:\/\/www.electrosuisse.ch\/wp-content\/uploads\/2018\/11\/Electrosuisse_Energieeffizienz_Post_Logistik_Act-e1552737669551-585x345.jpg\" alt=\"Die Schweizerische Post\" \/><\/div><\/div><div class=\"col-sm-7\"><h3>Die Schweizerische Post<\/h3><p>Die Post wird energieeffizienter und senkt ihren Energieverbrauch bis 2024 mit 220 Massnahmen. Insgesamt sind Einsparungen von \u00fcber 20 Millionen Kilowattstunden geplant.<\/p>\n<div class=\"button button--arrow\"><a href=\"https:\/\/act-schweiz.ch\/de\/erfolgsstories\/schweizerische-post\" target=\"_blank\" rel=\"noopener\"><div class=\"arrow\">Mehr<\/div><\/a><\/div><\/div><\/div><\/div><\/div><\/div>[\/vc_column][\/vc_row][vc_row el_id=&#8221;hinweis&#8221;][vc_column]<div class=\"wpb_text_image_column wpb_content_element \"><div class=\"wpb_wrapper\"><div class=\"row middle-lg\"><div class=\"col-sm-6 col-xs-12\"><div class=\"picture_container\"><picture><source srcset=\"https:\/\/www.electrosuisse.ch\/wp-content\/uploads\/2018\/12\/energiekicks_unternehmen_electrosuisse-585x500.jpg\"><img decoding=\"async\" src=\"https:\/\/www.electrosuisse.ch\/wp-content\/uploads\/2018\/12\/energiekicks_unternehmen_electrosuisse-585x500.jpg\" alt=\"Energiekicks f\u00fcr Ihr Unternehmen\" \/><\/picture><\/div><\/div><div class=\"col-sm-6 col-xs-12\"><h3>Energiekicks f\u00fcr Ihr Unternehmen<\/h3><p>Seit 130 Jahren beraten wir unsere Kunden professionell und individuell rund um das Thema Energie.<\/p>\n<div class=\"button button--normal\"><a href=\"https:\/\/www.electrosuisse.ch\/wp-content\/uploads\/2018\/12\/Electrosuisse_Beratung_Inspektion_Engineering_Broschuere_Energiekicks.pdf\" target=\"_blank\" rel=\"noopener\">Brosch\u00fcre downloaden<\/a><\/div><\/div><\/div><\/div><\/div>[\/vc_column][\/vc_row]<\/p>\n<\/div>","protected":false},"excerpt":{"rendered":"<p>[vc_row][vc_column][vc_column_text el_class=&#8221;lead&#8221;]Energie ist in der Regel immer und \u00fcberall vorhanden, jedoch nur selten in der gerade erforderlichen Art und Menge. Durch ein Energienutzungs-Konzept werden die verf\u00fcgbaren und gefragten Energien, das heisst Strom, W\u00e4rme und K\u00e4lte, zeitgleich gegen\u00fcbergestellt. Aus dieser Auswertung wird die Gleichzeitigkeit der abgegebenen und ben\u00f6tigten Energie sichtbar. Das System beginnt zu \u00ableben\u00bb. Das [&hellip;]<\/p>\n","protected":false},"author":2,"featured_media":0,"parent":28,"menu_order":267,"comment_status":"closed","ping_status":"closed","template":"","meta":{"_acf_changed":false,"_monsterinsights_skip_tracking":false,"_monsterinsights_sitenote_active":false,"_monsterinsights_sitenote_note":"","_monsterinsights_sitenote_category":0,"footnotes":""},"class_list":["post-54","page","type-page","status-publish","hentry"],"acf":[],"yoast_head":"<!-- This site is optimized with the Yoast SEO Premium plugin v26.4 (Yoast SEO v27.0) - https:\/\/yoast.com\/product\/yoast-seo-premium-wordpress\/ -->\n<title>Energie sinnvoll nutzen dank Energienutzungs-Konzept - Electrosuisse<\/title>\n<meta name=\"description\" content=\"Im Energienutzungs-Konzept werden verf\u00fcgbare und gefragte Energien gegen\u00fcbergestellt. Das Ziel ist es, verschiedene Energieformen ideal zu Nutzen.\" \/>\n<meta name=\"robots\" content=\"index, follow, max-snippet:-1, max-image-preview:large, max-video-preview:-1\" \/>\n<link rel=\"canonical\" href=\"https:\/\/www.electrosuisse.ch\/de\/engineering\/energienutzungskonzept\/\" \/>\n<meta property=\"og:locale\" content=\"de_DE\" \/>\n<meta property=\"og:type\" content=\"article\" \/>\n<meta property=\"og:title\" content=\"Energie sinnvoll nutzen dank Energienutzungs-Konzept - Electrosuisse\" \/>\n<meta property=\"og:description\" content=\"Im Energienutzungs-Konzept werden verf\u00fcgbare und gefragte Energien gegen\u00fcbergestellt. Das Ziel ist es, verschiedene Energieformen ideal zu Nutzen.\" \/>\n<meta property=\"og:url\" content=\"https:\/\/www.electrosuisse.ch\/de\/engineering\/energienutzungskonzept\/\" \/>\n<meta property=\"og:site_name\" content=\"Electrosuisse\" \/>\n<meta property=\"article:modified_time\" content=\"2026-03-24T13:16:48+00:00\" \/>\n<meta property=\"og:image\" content=\"https:\/\/www.electrosuisse.ch\/wp-content\/uploads\/2023\/01\/Energienutzungskonzept_1660x470.jpg\" \/>\n\t<meta property=\"og:image:width\" content=\"1578\" \/>\n\t<meta property=\"og:image:height\" content=\"650\" \/>\n\t<meta property=\"og:image:type\" content=\"image\/jpeg\" \/>\n<script type=\"application\/ld+json\" class=\"yoast-schema-graph\">{\"@context\":\"https:\/\/schema.org\",\"@graph\":[{\"@type\":\"WebPage\",\"@id\":\"https:\/\/www.electrosuisse.ch\/de\/engineering\/energienutzungskonzept\/\",\"url\":\"https:\/\/www.electrosuisse.ch\/de\/engineering\/energienutzungskonzept\/\",\"name\":\"Energie sinnvoll nutzen dank Energienutzungs-Konzept - Electrosuisse\",\"isPartOf\":{\"@id\":\"https:\/\/www.electrosuisse.ch\/de\/#website\"},\"datePublished\":\"2018-06-24T09:10:32+00:00\",\"dateModified\":\"2026-03-24T13:16:48+00:00\",\"description\":\"Im Energienutzungs-Konzept werden verf\u00fcgbare und gefragte Energien gegen\u00fcbergestellt. Das Ziel ist es, verschiedene Energieformen ideal zu Nutzen.\",\"breadcrumb\":{\"@id\":\"https:\/\/www.electrosuisse.ch\/de\/engineering\/energienutzungskonzept\/#breadcrumb\"},\"inLanguage\":\"de\",\"potentialAction\":[{\"@type\":\"ReadAction\",\"target\":[\"https:\/\/www.electrosuisse.ch\/de\/engineering\/energienutzungskonzept\/\"]}]},{\"@type\":\"BreadcrumbList\",\"@id\":\"https:\/\/www.electrosuisse.ch\/de\/engineering\/energienutzungskonzept\/#breadcrumb\",\"itemListElement\":[{\"@type\":\"ListItem\",\"position\":1,\"name\":\"Engineering\",\"item\":\"https:\/\/www.electrosuisse.ch\/de\/engineering\/\"},{\"@type\":\"ListItem\",\"position\":2,\"name\":\"Energienutzungskonzept\"}]},{\"@type\":\"WebSite\",\"@id\":\"https:\/\/www.electrosuisse.ch\/de\/#website\",\"url\":\"https:\/\/www.electrosuisse.ch\/de\/\",\"name\":\"Electrosuisse\",\"description\":\"\",\"publisher\":{\"@id\":\"https:\/\/www.electrosuisse.ch\/de\/#organization\"},\"potentialAction\":[{\"@type\":\"SearchAction\",\"target\":{\"@type\":\"EntryPoint\",\"urlTemplate\":\"https:\/\/www.electrosuisse.ch\/de\/?s={search_term_string}\"},\"query-input\":{\"@type\":\"PropertyValueSpecification\",\"valueRequired\":true,\"valueName\":\"search_term_string\"}}],\"inLanguage\":\"de\"},{\"@type\":\"Organization\",\"@id\":\"https:\/\/www.electrosuisse.ch\/de\/#organization\",\"name\":\"Electrosuisse\",\"url\":\"https:\/\/www.electrosuisse.ch\/de\/\",\"logo\":{\"@type\":\"ImageObject\",\"inLanguage\":\"de\",\"@id\":\"https:\/\/www.electrosuisse.ch\/de\/#\/schema\/logo\/image\/\",\"url\":\"https:\/\/www.electrosuisse.ch\/wp-content\/uploads\/2025\/04\/Electrosuisse_Logo_696x696.png\",\"contentUrl\":\"https:\/\/www.electrosuisse.ch\/wp-content\/uploads\/2025\/04\/Electrosuisse_Logo_696x696.png\",\"width\":696,\"height\":696,\"caption\":\"Electrosuisse\"},\"image\":{\"@id\":\"https:\/\/www.electrosuisse.ch\/de\/#\/schema\/logo\/image\/\"},\"sameAs\":[\"https:\/\/www.linkedin.com\/company\/electrosuisse-ag\/posts\/?feedView=all\",\"https:\/\/www.instagram.com\/electrosuisse1889\/\",\"https:\/\/www.youtube.com\/channel\/UCoOxohMiVE0Gjcdis1L09zw\"],\"description\":\"Electrosuisse ist eine anerkannte und unabh\u00e4ngige Fachorganisation, die erstklassige Dienstleistungen und Produkte in den Bereichen Inspektion, Beratung, Pr\u00fcfung, Zertifizierung, Normung und Weiterbildung anbietet. Unsere Expertise umfasst Elektrotechnik, Elektromobilit\u00e4t, Energieberatung, Geb\u00e4udeautomation und Photovoltaik in der Schweiz. Durch die Veranstaltung etablierter Branchen-Events und Fachtagungen f\u00f6rdert Electrosuisse den Wissenstransfer und den fachlichen Austausch. Im Mittelpunkt unserer T\u00e4tigkeiten steht die F\u00f6rderung der sicheren, wirtschaftlichen und umweltgerechten Anwendung der Elektrotechnik.\"}]}<\/script>\n<!-- \/ Yoast SEO Premium plugin. -->","yoast_head_json":{"title":"Energie sinnvoll nutzen dank Energienutzungs-Konzept - Electrosuisse","description":"Im Energienutzungs-Konzept werden verf\u00fcgbare und gefragte Energien gegen\u00fcbergestellt. Das Ziel ist es, verschiedene Energieformen ideal zu Nutzen.","robots":{"index":"index","follow":"follow","max-snippet":"max-snippet:-1","max-image-preview":"max-image-preview:large","max-video-preview":"max-video-preview:-1"},"canonical":"https:\/\/www.electrosuisse.ch\/de\/engineering\/energienutzungskonzept\/","og_locale":"de_DE","og_type":"article","og_title":"Energie sinnvoll nutzen dank Energienutzungs-Konzept - Electrosuisse","og_description":"Im Energienutzungs-Konzept werden verf\u00fcgbare und gefragte Energien gegen\u00fcbergestellt. Das Ziel ist es, verschiedene Energieformen ideal zu Nutzen.","og_url":"https:\/\/www.electrosuisse.ch\/de\/engineering\/energienutzungskonzept\/","og_site_name":"Electrosuisse","article_modified_time":"2026-03-24T13:16:48+00:00","og_image":[{"width":1578,"height":650,"url":"https:\/\/www.electrosuisse.ch\/wp-content\/uploads\/2023\/01\/Energienutzungskonzept_1660x470.jpg","type":"image\/jpeg"}],"schema":{"@context":"https:\/\/schema.org","@graph":[{"@type":"WebPage","@id":"https:\/\/www.electrosuisse.ch\/de\/engineering\/energienutzungskonzept\/","url":"https:\/\/www.electrosuisse.ch\/de\/engineering\/energienutzungskonzept\/","name":"Energie sinnvoll nutzen dank Energienutzungs-Konzept - Electrosuisse","isPartOf":{"@id":"https:\/\/www.electrosuisse.ch\/de\/#website"},"datePublished":"2018-06-24T09:10:32+00:00","dateModified":"2026-03-24T13:16:48+00:00","description":"Im Energienutzungs-Konzept werden verf\u00fcgbare und gefragte Energien gegen\u00fcbergestellt. Das Ziel ist es, verschiedene Energieformen ideal zu Nutzen.","breadcrumb":{"@id":"https:\/\/www.electrosuisse.ch\/de\/engineering\/energienutzungskonzept\/#breadcrumb"},"inLanguage":"de","potentialAction":[{"@type":"ReadAction","target":["https:\/\/www.electrosuisse.ch\/de\/engineering\/energienutzungskonzept\/"]}]},{"@type":"BreadcrumbList","@id":"https:\/\/www.electrosuisse.ch\/de\/engineering\/energienutzungskonzept\/#breadcrumb","itemListElement":[{"@type":"ListItem","position":1,"name":"Engineering","item":"https:\/\/www.electrosuisse.ch\/de\/engineering\/"},{"@type":"ListItem","position":2,"name":"Energienutzungskonzept"}]},{"@type":"WebSite","@id":"https:\/\/www.electrosuisse.ch\/de\/#website","url":"https:\/\/www.electrosuisse.ch\/de\/","name":"Electrosuisse","description":"","publisher":{"@id":"https:\/\/www.electrosuisse.ch\/de\/#organization"},"potentialAction":[{"@type":"SearchAction","target":{"@type":"EntryPoint","urlTemplate":"https:\/\/www.electrosuisse.ch\/de\/?s={search_term_string}"},"query-input":{"@type":"PropertyValueSpecification","valueRequired":true,"valueName":"search_term_string"}}],"inLanguage":"de"},{"@type":"Organization","@id":"https:\/\/www.electrosuisse.ch\/de\/#organization","name":"Electrosuisse","url":"https:\/\/www.electrosuisse.ch\/de\/","logo":{"@type":"ImageObject","inLanguage":"de","@id":"https:\/\/www.electrosuisse.ch\/de\/#\/schema\/logo\/image\/","url":"https:\/\/www.electrosuisse.ch\/wp-content\/uploads\/2025\/04\/Electrosuisse_Logo_696x696.png","contentUrl":"https:\/\/www.electrosuisse.ch\/wp-content\/uploads\/2025\/04\/Electrosuisse_Logo_696x696.png","width":696,"height":696,"caption":"Electrosuisse"},"image":{"@id":"https:\/\/www.electrosuisse.ch\/de\/#\/schema\/logo\/image\/"},"sameAs":["https:\/\/www.linkedin.com\/company\/electrosuisse-ag\/posts\/?feedView=all","https:\/\/www.instagram.com\/electrosuisse1889\/","https:\/\/www.youtube.com\/channel\/UCoOxohMiVE0Gjcdis1L09zw"],"description":"Electrosuisse ist eine anerkannte und unabh\u00e4ngige Fachorganisation, die erstklassige Dienstleistungen und Produkte in den Bereichen Inspektion, Beratung, Pr\u00fcfung, Zertifizierung, Normung und Weiterbildung anbietet. Unsere Expertise umfasst Elektrotechnik, Elektromobilit\u00e4t, Energieberatung, Geb\u00e4udeautomation und Photovoltaik in der Schweiz. Durch die Veranstaltung etablierter Branchen-Events und Fachtagungen f\u00f6rdert Electrosuisse den Wissenstransfer und den fachlichen Austausch. Im Mittelpunkt unserer T\u00e4tigkeiten steht die F\u00f6rderung der sicheren, wirtschaftlichen und umweltgerechten Anwendung der Elektrotechnik."}]}},"amp_enabled":true,"_links":{"self":[{"href":"https:\/\/www.electrosuisse.ch\/de\/wp-json\/wp\/v2\/pages\/54","targetHints":{"allow":["GET"]}}],"collection":[{"href":"https:\/\/www.electrosuisse.ch\/de\/wp-json\/wp\/v2\/pages"}],"about":[{"href":"https:\/\/www.electrosuisse.ch\/de\/wp-json\/wp\/v2\/types\/page"}],"author":[{"embeddable":true,"href":"https:\/\/www.electrosuisse.ch\/de\/wp-json\/wp\/v2\/users\/2"}],"replies":[{"embeddable":true,"href":"https:\/\/www.electrosuisse.ch\/de\/wp-json\/wp\/v2\/comments?post=54"}],"version-history":[{"count":14,"href":"https:\/\/www.electrosuisse.ch\/de\/wp-json\/wp\/v2\/pages\/54\/revisions"}],"predecessor-version":[{"id":42171,"href":"https:\/\/www.electrosuisse.ch\/de\/wp-json\/wp\/v2\/pages\/54\/revisions\/42171"}],"up":[{"embeddable":true,"href":"https:\/\/www.electrosuisse.ch\/de\/wp-json\/wp\/v2\/pages\/28"}],"wp:attachment":[{"href":"https:\/\/www.electrosuisse.ch\/de\/wp-json\/wp\/v2\/media?parent=54"}],"curies":[{"name":"wp","href":"https:\/\/api.w.org\/{rel}","templated":true}]}}