{"id":4834,"date":"2019-04-01T12:34:40","date_gmt":"2019-04-01T10:34:40","guid":{"rendered":"https:\/\/www.electrosuisse.ch\/?page_id=4834"},"modified":"2023-01-20T08:18:59","modified_gmt":"2023-01-20T07:18:59","slug":"lehrgaenge-mit-partnerorganisationen","status":"publish","type":"page","link":"https:\/\/www.electrosuisse.ch\/de\/veranstaltungen\/lehrgaenge-mit-partnerorganisationen\/","title":{"rendered":"Lehrg\u00e4nge mit Partnerorganisationen"},"content":{"rendered":"<div class=\"wpb-content-wrapper\"><p>[vc_row][vc_column][vc_column_text]<\/p>\n<h1>Kooperationen mit Partnern<\/h1>\n<p>Gemeinsam mit Partnerorganisationen gew\u00e4hrleisten wir das hohe Ausbildungsniveau in der Elektrobranche der Schweiz. Die stetige Weiterbildung ist Garant f\u00fcr hohe Arbeitsqualit\u00e4t in den Firmen und unverzichtbar f\u00fcr die pers\u00f6nliche berufliche Laufbahn.[\/vc_column_text][vc_column_text]<\/p>\n<h2>Dank Netzwerk und Zusammenarbeit Wissen vermehren<\/h2>\n<h5>In Zusammenarbeit mit der ABB Technikerschule:<\/h5>\n<p><a href=\"https:\/\/abbts.ch\/Nachdiplomstudien\/Elektro-Sicherheitsexperte-in\" target=\"_blank\" rel=\"noopener\">Eidg. Dipl. Elektro- Sicherheitsexperte\/in NDS HF \/ Vorbereitungskurs Praxispr\u00fcfung NIV<\/a><\/p>\n<h5>In Zusammenarbeit mit Otto Fischer:<\/h5>\n<p><a href=\"http:\/\/www.eco2friendly.ch\/de_CH\/trainings\/e-mobility\" target=\"_blank\" rel=\"noopener noreferrer\">Ladeinfrastruktur f\u00fcr Elektrofahrzeuge<\/a><\/p>\n<h5>In Zusammenarbeit mit sfb Bildungszentrum f\u00fcr Technologie und Management :<\/h5>\n<p><a href=\"http:\/\/www.sfb.ch\/ausbildungsangebot\/Geb%C3%A4udeinformatik\/NDS-HF-Geb%C3%A4udeinformatik\" target=\"_blank\" rel=\"noopener noreferrer\">NDS Geb\u00e4udeinformatik (3 Semester)<\/a><\/p>\n<p><a href=\"https:\/\/www.sfb.ch\/ausbildungsangebot\/Geb%C3%A4udeinformatik\/Techniker-in-HF-Geb%C3%A4udeinformatik\" target=\"_blank\" rel=\"noopener noreferrer\">HF Technik Geb\u00e4udeinformatik (6 Semester)<\/a><\/p>\n<h5>In Zusammenarbeit mit der ZHAW Institut f\u00fcr Angewandte Mathematik und Physik (IAMP):<\/h5>\n<p><a href=\"https:\/\/www.zhaw.ch\/de\/engineering\/institute-zentren\/iamp\/veranstaltungen\/seminar-funktionale-sicherheit\/\">Seminar Funktionale Sicherheit\u00a0<\/a><\/p>\n<h5>In Zusammenarbeit mit EIT.swiss<\/h5>\n<p><a href=\"https:\/\/che01.safelinks.protection.outlook.com\/?url=https%3A%2F%2Fwww.eit.swiss%2Fde%2Fseminare%2F5-taegiges-seminar-blitzschutzanlagen-fuer-elektro-installateure-5&amp;data=05%7C01%7Cwebmas%40electrosuisse.ch%7C729f2d7c5f48480078f808dae3fab1fb%7C4c4e33aa30ed43b69588a7157b974a7c%7C0%7C0%7C638072963108195186%7CUnknown%7CTWFpbGZsb3d8eyJWIjoiMC4wLjAwMDAiLCJQIjoiV2luMzIiLCJBTiI6Ik1haWwiLCJXVCI6Mn0%3D%7C3000%7C%7C%7C&amp;sdata=M6zZP0%2BNBT5Af6mmgAOOQqO85uq7lT1%2FZ5eDLzxfQ1M%3D&amp;reserved=0\" target=\"_blank\" rel=\"noopener\">Fachperson \u00e4usserer Blitzschutz (VKF) Pr\u00fcfungsvorbereitung<\/a><\/p>\n<h5>Seminare Eurofins<\/h5>\n<p><a href=\"https:\/\/www.eurofins.ch\/de\/unser-angebot\/pruefung-zertifizierung\/events-seminare\/\" target=\"_blank\" rel=\"noopener noreferrer\">Zur \u00dcbersicht<\/a>[\/vc_column_text]<div class=\"wpb_gap_column wpb_content_element\"><div class=\"wpb_wrapper\"><div class=\"gap gap--medium\"><\/div><\/div><\/div><div class=\"wpb_contact_column wpb_content_element wpb_content_element--left\"><div class=\"wpb_wrapper\"><div class=\"contact_container\"><div class=\"contact row middle-xs\"><div class=\"contact__img col-sm-5 col-xs-12\"><img decoding=\"async\" src=\"https:\/\/www.electrosuisse.ch\/wp-content\/uploads\/2019\/04\/Electrosuisse_Urs_Schmid.jpg\" alt=\"Urs Schmid - Fachverantwortung\" \/><\/div><div class=\"contact__info col-sm-7 col-xs-12\"><p><b>Urs Schmid<\/b><br>Fachverantwortung<\/p><div class=\"phone has-link\"><a href=\"tel:+41585951520\">+41 58 595 15 20<\/a><\/div><div class=\"mail has-link\"><a href=\"mailto:urs&#46;&#115;&#99;&#104;&#x6d;&#x69;&#x64;&#x40;&#x65;&#x6c;&#x65;ctr&#111;&#115;&#117;&#105;&#115;&#x73;&#x65;&#x2e;&#x63;&#x68;\">&#x75;r&#x73;&#46;&#x73;&#x63;h&#x6d;&#105;&#x64;&#x40;e&#x6c;&#101;&#x63;&#x74;r&#x6f;&#115;&#x75;&#x69;s&#x73;&#101;&#x2e;&#x63;h<\/a><\/div><\/div><\/div><\/div><\/div><\/div><div class=\"wpb_gap_column wpb_content_element\"><div class=\"wpb_wrapper\"><div class=\"gap gap--medium\"><\/div><\/div><\/div><div class=\"wpb_video_column wpb_content_element\"><div class=\"wpb_wrapper\"><div class=\"video_container video_container--embed\"><iframe src=\"https:\/\/www.youtube-nocookie.com\/embed\/_MwDj73qUCE?modestbranding=1&rel=0&showinfo=0&enablejsapi=1\" frameborder=\"0\" allow=\"accelerometer; autoplay; encrypted-media; gyroscope; picture-in-picture\" allowfullscreen><\/iframe><\/div><\/div><\/div><div class=\"wpb_gap_column wpb_content_element\"><div class=\"wpb_wrapper\"><div class=\"gap gap--medium\"><\/div><\/div><\/div>[\/vc_column][\/vc_row]<\/p>\n<\/div>","protected":false},"excerpt":{"rendered":"<p>[vc_row][vc_column][vc_column_text] Kooperationen mit Partnern Gemeinsam mit Partnerorganisationen gew\u00e4hrleisten wir das hohe Ausbildungsniveau in der Elektrobranche der Schweiz. Die stetige Weiterbildung ist Garant f\u00fcr hohe Arbeitsqualit\u00e4t in den Firmen und unverzichtbar f\u00fcr die pers\u00f6nliche berufliche Laufbahn.[\/vc_column_text][vc_column_text] Dank Netzwerk und Zusammenarbeit Wissen vermehren In Zusammenarbeit mit der ABB Technikerschule: Eidg. Dipl. Elektro- Sicherheitsexperte\/in NDS HF \/ Vorbereitungskurs [&hellip;]<\/p>\n","protected":false},"author":6,"featured_media":0,"parent":2837,"menu_order":282,"comment_status":"closed","ping_status":"closed","template":"","meta":{"_acf_changed":false,"_monsterinsights_skip_tracking":false,"_monsterinsights_sitenote_active":false,"_monsterinsights_sitenote_note":"","_monsterinsights_sitenote_category":0,"footnotes":""},"class_list":["post-4834","page","type-page","status-publish","hentry"],"acf":[],"yoast_head":"<!-- This site is optimized with the Yoast SEO Premium plugin v26.4 (Yoast SEO v27.0) - https:\/\/yoast.com\/product\/yoast-seo-premium-wordpress\/ -->\n<title>Fachnetzwerk in der Weiterbildung<\/title>\n<meta name=\"description\" content=\"Sichern Sie sich eine hohe Arbeitsqualit\u00e4t in der Elektrobranche dank unseren zahlreichen Kurs-Kooperationen.\" \/>\n<meta name=\"robots\" content=\"index, follow, max-snippet:-1, max-image-preview:large, max-video-preview:-1\" \/>\n<link rel=\"canonical\" href=\"https:\/\/www.electrosuisse.ch\/de\/veranstaltungen\/lehrgaenge-mit-partnerorganisationen\/\" \/>\n<meta property=\"og:locale\" content=\"de_DE\" \/>\n<meta property=\"og:type\" content=\"article\" \/>\n<meta property=\"og:title\" content=\"Fachnetzwerk in der Weiterbildung\" \/>\n<meta property=\"og:description\" content=\"Sichern Sie sich eine hohe Arbeitsqualit\u00e4t in der Elektrobranche dank unseren zahlreichen Kurs-Kooperationen.\" \/>\n<meta property=\"og:url\" content=\"https:\/\/www.electrosuisse.ch\/de\/veranstaltungen\/lehrgaenge-mit-partnerorganisationen\/\" \/>\n<meta property=\"og:site_name\" content=\"Electrosuisse\" \/>\n<meta property=\"article:modified_time\" content=\"2023-01-20T07:18:59+00:00\" \/>\n<meta property=\"og:image\" content=\"https:\/\/www.electrosuisse.ch\/wp-content\/uploads\/2019\/06\/Electrosuisse_Partneranlaesse_achievement-agreement-arms-1068523.jpg\" \/>\n\t<meta property=\"og:image:width\" content=\"1578\" \/>\n\t<meta property=\"og:image:height\" content=\"650\" \/>\n\t<meta property=\"og:image:type\" content=\"image\/jpeg\" \/>\n<script type=\"application\/ld+json\" class=\"yoast-schema-graph\">{\"@context\":\"https:\/\/schema.org\",\"@graph\":[{\"@type\":\"WebPage\",\"@id\":\"https:\/\/www.electrosuisse.ch\/de\/veranstaltungen\/lehrgaenge-mit-partnerorganisationen\/\",\"url\":\"https:\/\/www.electrosuisse.ch\/de\/veranstaltungen\/lehrgaenge-mit-partnerorganisationen\/\",\"name\":\"Fachnetzwerk in der Weiterbildung\",\"isPartOf\":{\"@id\":\"https:\/\/www.electrosuisse.ch\/de\/#website\"},\"datePublished\":\"2019-04-01T10:34:40+00:00\",\"dateModified\":\"2023-01-20T07:18:59+00:00\",\"description\":\"Sichern Sie sich eine hohe Arbeitsqualit\u00e4t in der Elektrobranche dank unseren zahlreichen Kurs-Kooperationen.\",\"breadcrumb\":{\"@id\":\"https:\/\/www.electrosuisse.ch\/de\/veranstaltungen\/lehrgaenge-mit-partnerorganisationen\/#breadcrumb\"},\"inLanguage\":\"de\",\"potentialAction\":[{\"@type\":\"ReadAction\",\"target\":[\"https:\/\/www.electrosuisse.ch\/de\/veranstaltungen\/lehrgaenge-mit-partnerorganisationen\/\"]}]},{\"@type\":\"BreadcrumbList\",\"@id\":\"https:\/\/www.electrosuisse.ch\/de\/veranstaltungen\/lehrgaenge-mit-partnerorganisationen\/#breadcrumb\",\"itemListElement\":[{\"@type\":\"ListItem\",\"position\":1,\"name\":\"Veranstaltungen\",\"item\":\"https:\/\/www.electrosuisse.ch\/de\/veranstaltungen\/\"},{\"@type\":\"ListItem\",\"position\":2,\"name\":\"Lehrg\u00e4nge mit Partnerorganisationen\"}]},{\"@type\":\"WebSite\",\"@id\":\"https:\/\/www.electrosuisse.ch\/de\/#website\",\"url\":\"https:\/\/www.electrosuisse.ch\/de\/\",\"name\":\"Electrosuisse\",\"description\":\"\",\"publisher\":{\"@id\":\"https:\/\/www.electrosuisse.ch\/de\/#organization\"},\"potentialAction\":[{\"@type\":\"SearchAction\",\"target\":{\"@type\":\"EntryPoint\",\"urlTemplate\":\"https:\/\/www.electrosuisse.ch\/de\/?s={search_term_string}\"},\"query-input\":{\"@type\":\"PropertyValueSpecification\",\"valueRequired\":true,\"valueName\":\"search_term_string\"}}],\"inLanguage\":\"de\"},{\"@type\":\"Organization\",\"@id\":\"https:\/\/www.electrosuisse.ch\/de\/#organization\",\"name\":\"Electrosuisse\",\"url\":\"https:\/\/www.electrosuisse.ch\/de\/\",\"logo\":{\"@type\":\"ImageObject\",\"inLanguage\":\"de\",\"@id\":\"https:\/\/www.electrosuisse.ch\/de\/#\/schema\/logo\/image\/\",\"url\":\"https:\/\/www.electrosuisse.ch\/wp-content\/uploads\/2025\/04\/Electrosuisse_Logo_696x696.png\",\"contentUrl\":\"https:\/\/www.electrosuisse.ch\/wp-content\/uploads\/2025\/04\/Electrosuisse_Logo_696x696.png\",\"width\":696,\"height\":696,\"caption\":\"Electrosuisse\"},\"image\":{\"@id\":\"https:\/\/www.electrosuisse.ch\/de\/#\/schema\/logo\/image\/\"},\"sameAs\":[\"https:\/\/www.linkedin.com\/company\/electrosuisse-ag\/posts\/?feedView=all\",\"https:\/\/www.instagram.com\/electrosuisse1889\/\",\"https:\/\/www.youtube.com\/channel\/UCoOxohMiVE0Gjcdis1L09zw\"],\"description\":\"Electrosuisse ist eine anerkannte und unabh\u00e4ngige Fachorganisation, die erstklassige Dienstleistungen und Produkte in den Bereichen Inspektion, Beratung, Pr\u00fcfung, Zertifizierung, Normung und Weiterbildung anbietet. Unsere Expertise umfasst Elektrotechnik, Elektromobilit\u00e4t, Energieberatung, Geb\u00e4udeautomation und Photovoltaik in der Schweiz. Durch die Veranstaltung etablierter Branchen-Events und Fachtagungen f\u00f6rdert Electrosuisse den Wissenstransfer und den fachlichen Austausch. Im Mittelpunkt unserer T\u00e4tigkeiten steht die F\u00f6rderung der sicheren, wirtschaftlichen und umweltgerechten Anwendung der Elektrotechnik.\"}]}<\/script>\n<!-- \/ Yoast SEO Premium plugin. -->","yoast_head_json":{"title":"Fachnetzwerk in der Weiterbildung","description":"Sichern Sie sich eine hohe Arbeitsqualit\u00e4t in der Elektrobranche dank unseren zahlreichen Kurs-Kooperationen.","robots":{"index":"index","follow":"follow","max-snippet":"max-snippet:-1","max-image-preview":"max-image-preview:large","max-video-preview":"max-video-preview:-1"},"canonical":"https:\/\/www.electrosuisse.ch\/de\/veranstaltungen\/lehrgaenge-mit-partnerorganisationen\/","og_locale":"de_DE","og_type":"article","og_title":"Fachnetzwerk in der Weiterbildung","og_description":"Sichern Sie sich eine hohe Arbeitsqualit\u00e4t in der Elektrobranche dank unseren zahlreichen Kurs-Kooperationen.","og_url":"https:\/\/www.electrosuisse.ch\/de\/veranstaltungen\/lehrgaenge-mit-partnerorganisationen\/","og_site_name":"Electrosuisse","article_modified_time":"2023-01-20T07:18:59+00:00","og_image":[{"width":1578,"height":650,"url":"https:\/\/www.electrosuisse.ch\/wp-content\/uploads\/2019\/06\/Electrosuisse_Partneranlaesse_achievement-agreement-arms-1068523.jpg","type":"image\/jpeg"}],"schema":{"@context":"https:\/\/schema.org","@graph":[{"@type":"WebPage","@id":"https:\/\/www.electrosuisse.ch\/de\/veranstaltungen\/lehrgaenge-mit-partnerorganisationen\/","url":"https:\/\/www.electrosuisse.ch\/de\/veranstaltungen\/lehrgaenge-mit-partnerorganisationen\/","name":"Fachnetzwerk in der Weiterbildung","isPartOf":{"@id":"https:\/\/www.electrosuisse.ch\/de\/#website"},"datePublished":"2019-04-01T10:34:40+00:00","dateModified":"2023-01-20T07:18:59+00:00","description":"Sichern Sie sich eine hohe Arbeitsqualit\u00e4t in der Elektrobranche dank unseren zahlreichen Kurs-Kooperationen.","breadcrumb":{"@id":"https:\/\/www.electrosuisse.ch\/de\/veranstaltungen\/lehrgaenge-mit-partnerorganisationen\/#breadcrumb"},"inLanguage":"de","potentialAction":[{"@type":"ReadAction","target":["https:\/\/www.electrosuisse.ch\/de\/veranstaltungen\/lehrgaenge-mit-partnerorganisationen\/"]}]},{"@type":"BreadcrumbList","@id":"https:\/\/www.electrosuisse.ch\/de\/veranstaltungen\/lehrgaenge-mit-partnerorganisationen\/#breadcrumb","itemListElement":[{"@type":"ListItem","position":1,"name":"Veranstaltungen","item":"https:\/\/www.electrosuisse.ch\/de\/veranstaltungen\/"},{"@type":"ListItem","position":2,"name":"Lehrg\u00e4nge mit Partnerorganisationen"}]},{"@type":"WebSite","@id":"https:\/\/www.electrosuisse.ch\/de\/#website","url":"https:\/\/www.electrosuisse.ch\/de\/","name":"Electrosuisse","description":"","publisher":{"@id":"https:\/\/www.electrosuisse.ch\/de\/#organization"},"potentialAction":[{"@type":"SearchAction","target":{"@type":"EntryPoint","urlTemplate":"https:\/\/www.electrosuisse.ch\/de\/?s={search_term_string}"},"query-input":{"@type":"PropertyValueSpecification","valueRequired":true,"valueName":"search_term_string"}}],"inLanguage":"de"},{"@type":"Organization","@id":"https:\/\/www.electrosuisse.ch\/de\/#organization","name":"Electrosuisse","url":"https:\/\/www.electrosuisse.ch\/de\/","logo":{"@type":"ImageObject","inLanguage":"de","@id":"https:\/\/www.electrosuisse.ch\/de\/#\/schema\/logo\/image\/","url":"https:\/\/www.electrosuisse.ch\/wp-content\/uploads\/2025\/04\/Electrosuisse_Logo_696x696.png","contentUrl":"https:\/\/www.electrosuisse.ch\/wp-content\/uploads\/2025\/04\/Electrosuisse_Logo_696x696.png","width":696,"height":696,"caption":"Electrosuisse"},"image":{"@id":"https:\/\/www.electrosuisse.ch\/de\/#\/schema\/logo\/image\/"},"sameAs":["https:\/\/www.linkedin.com\/company\/electrosuisse-ag\/posts\/?feedView=all","https:\/\/www.instagram.com\/electrosuisse1889\/","https:\/\/www.youtube.com\/channel\/UCoOxohMiVE0Gjcdis1L09zw"],"description":"Electrosuisse ist eine anerkannte und unabh\u00e4ngige Fachorganisation, die erstklassige Dienstleistungen und Produkte in den Bereichen Inspektion, Beratung, Pr\u00fcfung, Zertifizierung, Normung und Weiterbildung anbietet. Unsere Expertise umfasst Elektrotechnik, Elektromobilit\u00e4t, Energieberatung, Geb\u00e4udeautomation und Photovoltaik in der Schweiz. Durch die Veranstaltung etablierter Branchen-Events und Fachtagungen f\u00f6rdert Electrosuisse den Wissenstransfer und den fachlichen Austausch. Im Mittelpunkt unserer T\u00e4tigkeiten steht die F\u00f6rderung der sicheren, wirtschaftlichen und umweltgerechten Anwendung der Elektrotechnik."}]}},"amp_enabled":true,"_links":{"self":[{"href":"https:\/\/www.electrosuisse.ch\/de\/wp-json\/wp\/v2\/pages\/4834","targetHints":{"allow":["GET"]}}],"collection":[{"href":"https:\/\/www.electrosuisse.ch\/de\/wp-json\/wp\/v2\/pages"}],"about":[{"href":"https:\/\/www.electrosuisse.ch\/de\/wp-json\/wp\/v2\/types\/page"}],"author":[{"embeddable":true,"href":"https:\/\/www.electrosuisse.ch\/de\/wp-json\/wp\/v2\/users\/6"}],"replies":[{"embeddable":true,"href":"https:\/\/www.electrosuisse.ch\/de\/wp-json\/wp\/v2\/comments?post=4834"}],"version-history":[{"count":0,"href":"https:\/\/www.electrosuisse.ch\/de\/wp-json\/wp\/v2\/pages\/4834\/revisions"}],"up":[{"embeddable":true,"href":"https:\/\/www.electrosuisse.ch\/de\/wp-json\/wp\/v2\/pages\/2837"}],"wp:attachment":[{"href":"https:\/\/www.electrosuisse.ch\/de\/wp-json\/wp\/v2\/media?parent=4834"}],"curies":[{"name":"wp","href":"https:\/\/api.w.org\/{rel}","templated":true}]}}