{"id":4832,"date":"2019-04-01T11:30:48","date_gmt":"2019-04-01T09:30:48","guid":{"rendered":"https:\/\/www.electrosuisse.ch\/?page_id=4832"},"modified":"2022-11-28T12:03:51","modified_gmt":"2022-11-28T11:03:51","slug":"anfrage-firmenkurs","status":"publish","type":"page","link":"https:\/\/www.electrosuisse.ch\/de\/veranstaltungen\/firmenkurse\/anfrage-firmenkurs\/","title":{"rendered":"Anfrage Firmenkurs"},"content":{"rendered":"<div class=\"wpb-content-wrapper\"><p>[vc_row][vc_column]<div class=\"wpb_form_column wpb_content_element\"><div class=\"wpb_wrapper test\"><div id=\"quform-86695f\" class=\"quform quform-8 quform-support-page-caching\"><form id=\"quform-form-86695f\" class=\"quform-form quform-form-8\" action=\"\/de\/wp-json\/wp\/v2\/pages\/4832#quform-86695f\" method=\"post\" enctype=\"multipart\/form-data\" novalidate=\"novalidate\" data-options=\"{&quot;id&quot;:8,&quot;uniqueId&quot;:&quot;86695f&quot;,&quot;theme&quot;:&quot;&quot;,&quot;ajax&quot;:true,&quot;logic&quot;:{&quot;logic&quot;:[],&quot;dependents&quot;:[],&quot;elementIds&quot;:[],&quot;dependentElementIds&quot;:[],&quot;animate&quot;:true},&quot;currentPageId&quot;:1,&quot;errorsIcon&quot;:&quot;&quot;,&quot;updateFancybox&quot;:true,&quot;hasPages&quot;:false,&quot;pages&quot;:[1],&quot;pageProgressType&quot;:&quot;numbers&quot;,&quot;tooltipsEnabled&quot;:true,&quot;tooltipClasses&quot;:&quot;qtip-quform-dark qtip-shadow&quot;,&quot;tooltipMy&quot;:&quot;left center&quot;,&quot;tooltipAt&quot;:&quot;right center&quot;,&quot;isRtl&quot;:false,&quot;scrollOffset&quot;:-50,&quot;scrollSpeed&quot;:800}\"><button class=\"quform-default-submit\" name=\"quform_submit\" type=\"submit\" value=\"submit\" aria-hidden=\"true\" tabindex=\"-1\"><\/button><div class=\"quform-form-inner quform-form-inner-8\"><input type=\"hidden\" name=\"quform_form_id\" value=\"8\" \/><input type=\"hidden\" name=\"quform_form_uid\" value=\"86695f\" \/><input type=\"hidden\" name=\"quform_count\" value=\"1\" \/><input type=\"hidden\" name=\"form_url\" value=\"https:\/\/www.electrosuisse.ch\/de\/wp-json\/wp\/v2\/pages\/4832\" \/><input type=\"hidden\" name=\"referring_url\" value=\"\" \/><input type=\"hidden\" name=\"post_id\" value=\"\" \/><input type=\"hidden\" name=\"post_title\" value=\"\" \/><input type=\"hidden\" name=\"quform_current_page_id\" value=\"1\" \/><input type=\"hidden\" name=\"quform_loaded\" value=\"1775854087|c3c152e895070f16e9de9f5f19d51954\" \/><input type=\"hidden\" name=\"quform_csrf_token\" value=\"bTSPcaacnwkLK8GQF8lN9a37uiJcRbGOCipcfJN2\" \/><div class=\"quform-form-title-description\"><h2 class=\"quform-form-title\">Anfrage Firmenkurse<\/h2><\/div><div class=\"quform-elements quform-elements-8 quform-cf quform-responsive-elements-phone-landscape\"><div class=\"quform-element quform-element-page quform-page-1 quform-page-8_1 quform-cf quform-group-style-plain quform-first-page quform-last-page quform-current-page\"><div class=\"quform-child-elements\"><div class=\"quform-element quform-element-checkbox quform-element-8_3 quform-cf quform-element-required\"><div class=\"quform-spacer\"><div class=\"quform-label quform-label-8_3\"><label class=\"quform-label-text\" id=\"quform_8_3_86695f_label\">Ich interessiere mich f\u00fcr folgende Kursinhalte<span class=\"quform-required\">*<\/span><\/label><\/div><div class=\"quform-inner quform-inner-checkbox quform-inner-8_3\"><div class=\"quform-input quform-input-checkbox quform-input-8_3 quform-cf\"><div class=\"quform-options quform-cf quform-options-block quform-options-simple\" role=\"group\" aria-labelledby=\"quform_8_3_86695f_label\"><div class=\"quform-option\"><input type=\"checkbox\" name=\"quform_8_3[]\" id=\"quform_8_3_86695f_1\" class=\"quform-field quform-field-checkbox quform-field-8_3 quform-field-8_3_1\" value=\"Grundlagen\" \/><label for=\"quform_8_3_86695f_1\" class=\"quform-option-label quform-option-label-8_3_1\"><span class=\"quform-option-text\">Grundlagen<\/span><\/label><\/div><div class=\"quform-option\"><input type=\"checkbox\" name=\"quform_8_3[]\" id=\"quform_8_3_86695f_2\" class=\"quform-field quform-field-checkbox quform-field-8_3 quform-field-8_3_2\" value=\"Netze\" \/><label for=\"quform_8_3_86695f_2\" class=\"quform-option-label quform-option-label-8_3_2\"><span class=\"quform-option-text\">Netze<\/span><\/label><\/div><div class=\"quform-option\"><input type=\"checkbox\" name=\"quform_8_3[]\" id=\"quform_8_3_86695f_3\" class=\"quform-field quform-field-checkbox quform-field-8_3 quform-field-8_3_3\" value=\"Installationen\" \/><label for=\"quform_8_3_86695f_3\" class=\"quform-option-label quform-option-label-8_3_3\"><span class=\"quform-option-text\">Installationen<\/span><\/label><\/div><div class=\"quform-option\"><input type=\"checkbox\" name=\"quform_8_3[]\" id=\"quform_8_3_86695f_4\" class=\"quform-field quform-field-checkbox quform-field-8_3 quform-field-8_3_4\" value=\"Eingeschr\u00e4nkte Bewilligungen\" \/><label for=\"quform_8_3_86695f_4\" class=\"quform-option-label quform-option-label-8_3_4\"><span class=\"quform-option-text\">Eingeschr\u00e4nkte Bewilligungen<\/span><\/label><\/div><div class=\"quform-option\"><input type=\"checkbox\" name=\"quform_8_3[]\" id=\"quform_8_3_86695f_6\" class=\"quform-field quform-field-checkbox quform-field-8_3 quform-field-8_3_6\" value=\"Messen\" \/><label for=\"quform_8_3_86695f_6\" class=\"quform-option-label quform-option-label-8_3_6\"><span class=\"quform-option-text\">Messen<\/span><\/label><\/div><div class=\"quform-option\"><input type=\"checkbox\" name=\"quform_8_3[]\" id=\"quform_8_3_86695f_5\" class=\"quform-field quform-field-checkbox quform-field-8_3 quform-field-8_3_5\" value=\"Schaltger\u00e4tekombinationen, Maschinen und Ger\u00e4te\" \/><label for=\"quform_8_3_86695f_5\" class=\"quform-option-label quform-option-label-8_3_5\"><span class=\"quform-option-text\">Schaltger\u00e4tekombinationen, Maschinen und Ger\u00e4te<\/span><\/label><\/div><div class=\"quform-option\"><input type=\"checkbox\" name=\"quform_8_3[]\" id=\"quform_8_3_86695f_8\" class=\"quform-field quform-field-checkbox quform-field-8_3 quform-field-8_3_8\" value=\"Nothilfe\" \/><label for=\"quform_8_3_86695f_8\" class=\"quform-option-label quform-option-label-8_3_8\"><span class=\"quform-option-text\">Nothilfe<\/span><\/label><\/div><div class=\"quform-option\"><input type=\"checkbox\" name=\"quform_8_3[]\" id=\"quform_8_3_86695f_11\" class=\"quform-field quform-field-checkbox quform-field-8_3 quform-field-8_3_11\" value=\"Managementkurse \" \/><label for=\"quform_8_3_86695f_11\" class=\"quform-option-label quform-option-label-8_3_11\"><span class=\"quform-option-text\">Managementkurse <\/span><\/label><\/div><div class=\"quform-option\"><input type=\"checkbox\" name=\"quform_8_3[]\" id=\"quform_8_3_86695f_7\" class=\"quform-field quform-field-checkbox quform-field-8_3 quform-field-8_3_7\" value=\"andere\" \/><label for=\"quform_8_3_86695f_7\" class=\"quform-option-label quform-option-label-8_3_7\"><span class=\"quform-option-text\">andere<\/span><\/label><\/div><\/div><\/div><\/div><\/div><\/div><div class=\"quform-element quform-element-text quform-element-8_6 quform-cf quform-element-optional\"><div class=\"quform-spacer\"><div class=\"quform-label quform-label-8_6\"><label class=\"quform-label-text\" for=\"quform_8_6_86695f\">Terminwunsch (Zeitraum)<\/label><\/div><div class=\"quform-inner quform-inner-text quform-inner-8_6\"><div class=\"quform-input quform-input-text quform-input-8_6 quform-cf\"><input type=\"text\" id=\"quform_8_6_86695f\" name=\"quform_8_6\" class=\"quform-field quform-field-text quform-field-8_6\" \/><\/div><\/div><\/div><\/div><div class=\"quform-element quform-element-select quform-element-8_8 quform-cf quform-element-optional\"><div class=\"quform-spacer\"><div class=\"quform-label quform-label-8_8\"><label class=\"quform-label-text\" for=\"quform_8_8_86695f\">Anrede<\/label><\/div><div class=\"quform-inner quform-inner-select quform-inner-8_8\"><div class=\"quform-input quform-input-select quform-input-8_8 quform-cf\"><select id=\"quform_8_8_86695f\" name=\"quform_8_8\" class=\"quform-field quform-field-select quform-field-8_8\"><option value=\"\" selected=\"selected\">Bitte w\u00e4hlen<\/option><option value=\"Herr\">Herr<\/option><option value=\"Frau\">Frau<\/option><\/select><\/div><\/div><\/div><\/div><div class=\"quform-element quform-element-name quform-element-8_10 quform-cf quform-element-required\"><div class=\"quform-spacer\"><div class=\"quform-label quform-label-8_10\"><label class=\"quform-label-text\" id=\"quform_8_10_86695f_label\">Name<span class=\"quform-required\">*<\/span><\/label><\/div><div class=\"quform-inner quform-inner-name quform-inner-8_10\"><div class=\"quform-input quform-input-name quform-input-8_10 quform-cf\"><div class=\"quform-element-row quform-2-columns quform-element-row-size-fixed quform-responsive-columns-phone-landscape\"><div class=\"quform-element-column\"><div class=\"quform-element quform-element-text quform-element-8_10_2 quform-cf quform-element-required\"><div class=\"quform-spacer\"><div class=\"quform-inner quform-inner-text quform-inner-8_10_2\"><div class=\"quform-input quform-input-text quform-input-8_10_2 quform-cf\"><input type=\"text\" id=\"quform_8_10_2_86695f\" name=\"quform_8_10[2]\" class=\"quform-field quform-field-text quform-field-8_10_2\" aria-labelledby=\"quform_8_10_86695f_label quform_8_10_2_86695f_sub_label_below\" \/><\/div><label id=\"quform_8_10_2_86695f_sub_label_below\" class=\"quform-sub-label quform-sub-label-below\">Vorname<\/label><\/div><\/div><\/div><\/div><div class=\"quform-element-column\"><div class=\"quform-element quform-element-text quform-element-8_10_4 quform-cf quform-element-required\"><div class=\"quform-spacer\"><div class=\"quform-inner quform-inner-text quform-inner-8_10_4\"><div class=\"quform-input quform-input-text quform-input-8_10_4 quform-cf\"><input type=\"text\" id=\"quform_8_10_4_86695f\" name=\"quform_8_10[4]\" class=\"quform-field quform-field-text quform-field-8_10_4\" aria-labelledby=\"quform_8_10_86695f_label quform_8_10_4_86695f_sub_label_below\" \/><\/div><label id=\"quform_8_10_4_86695f_sub_label_below\" class=\"quform-sub-label quform-sub-label-below\">Nachname<\/label><\/div><\/div><\/div><\/div><\/div><\/div><\/div><\/div><\/div><div class=\"quform-element quform-element-text quform-element-8_9 quform-cf quform-element-required\"><div class=\"quform-spacer\"><div class=\"quform-label quform-label-8_9\"><label class=\"quform-label-text\" for=\"quform_8_9_86695f\">Firma<span class=\"quform-required\">*<\/span><\/label><\/div><div class=\"quform-inner quform-inner-text quform-inner-8_9\"><div class=\"quform-input quform-input-text quform-input-8_9 quform-cf\"><input type=\"text\" id=\"quform_8_9_86695f\" name=\"quform_8_9\" class=\"quform-field quform-field-text quform-field-8_9\" \/><\/div><\/div><\/div><\/div><div class=\"quform-element quform-element-text quform-element-8_14 quform-cf quform-element-required\"><div class=\"quform-spacer\"><div class=\"quform-label quform-label-8_14\"><label class=\"quform-label-text\" for=\"quform_8_14_86695f\">Strasse Nr. \/ Postfach<span class=\"quform-required\">*<\/span><\/label><\/div><div class=\"quform-inner quform-inner-text quform-inner-8_14\"><div class=\"quform-input quform-input-text quform-input-8_14 quform-cf\"><input type=\"text\" id=\"quform_8_14_86695f\" name=\"quform_8_14\" class=\"quform-field quform-field-text quform-field-8_14\" \/><\/div><\/div><\/div><\/div><div class=\"quform-element quform-element-text quform-element-8_15 quform-cf quform-element-required\"><div class=\"quform-spacer\"><div class=\"quform-label quform-label-8_15\"><label class=\"quform-label-text\" for=\"quform_8_15_86695f\">PLZ<span class=\"quform-required\">*<\/span><\/label><\/div><div class=\"quform-inner quform-inner-text quform-inner-8_15\"><div class=\"quform-input quform-input-text quform-input-8_15 quform-cf\"><input type=\"text\" id=\"quform_8_15_86695f\" name=\"quform_8_15\" class=\"quform-field quform-field-text quform-field-8_15\" \/><\/div><\/div><\/div><\/div><div class=\"quform-element quform-element-text quform-element-8_16 quform-cf quform-element-required\"><div class=\"quform-spacer\"><div class=\"quform-label quform-label-8_16\"><label class=\"quform-label-text\" for=\"quform_8_16_86695f\">Ort<span class=\"quform-required\">*<\/span><\/label><\/div><div class=\"quform-inner quform-inner-text quform-inner-8_16\"><div class=\"quform-input quform-input-text quform-input-8_16 quform-cf\"><input type=\"text\" id=\"quform_8_16_86695f\" name=\"quform_8_16\" class=\"quform-field quform-field-text quform-field-8_16\" \/><\/div><\/div><\/div><\/div><div class=\"quform-element quform-element-text quform-element-8_12 quform-cf quform-element-required\"><div class=\"quform-spacer\"><div class=\"quform-label quform-label-8_12\"><label class=\"quform-label-text\" for=\"quform_8_12_86695f\">Telefonnummer<span class=\"quform-required\">*<\/span><\/label><\/div><div class=\"quform-inner quform-inner-text quform-inner-8_12\"><div class=\"quform-input quform-input-text quform-input-8_12 quform-cf\"><input type=\"text\" id=\"quform_8_12_86695f\" name=\"quform_8_12\" class=\"quform-field quform-field-text quform-field-8_12\" \/><\/div><\/div><\/div><\/div><div class=\"quform-element quform-element-email quform-element-8_11 quform-cf quform-element-required\"><div class=\"quform-spacer\"><div class=\"quform-label quform-label-8_11\"><label class=\"quform-label-text\" for=\"quform_8_11_86695f\">E-Mail-Adresse<span class=\"quform-required\">*<\/span><\/label><\/div><div class=\"quform-inner quform-inner-email quform-inner-8_11\"><div class=\"quform-input quform-input-email quform-input-8_11 quform-cf\"><input type=\"email\" id=\"quform_8_11_86695f\" name=\"quform_8_11\" class=\"quform-field quform-field-email quform-field-8_11\" \/><\/div><\/div><\/div><\/div><div class=\"quform-element quform-element-textarea quform-element-8_592901 quform-sr-only quform-cf\" style=\"clip: rect(1px, 1px, 1px, 1px); clip-path: inset(50%); position: absolute !important; height: 1px; width: 1px; overflow: hidden;\"><div class=\"quform-spacer\"><div class=\"quform-label quform-label-8_592901\"><label class=\"quform-label-text\" for=\"quform_8_592901_86695f\">Email<span class=\"quform-required\">*<\/span><\/label><\/div><div class=\"quform-inner quform-inner-8_592901\"><textarea id=\"quform_8_592901_86695f\" name=\"quform_8_592901\" class=\"quform-field quform-field-textarea quform-field-8_592901\" tabindex=\"-1\" autocomplete=\"new-password\"><\/textarea><\/div><\/div><\/div><div class=\"quform-element quform-element-textarea quform-element-8_13 quform-cf quform-element-optional\"><div class=\"quform-spacer\"><div class=\"quform-label quform-label-8_13\"><label class=\"quform-label-text\" for=\"quform_8_13_86695f\">Bermerkungen, Mitteilungen<\/label><\/div><div class=\"quform-inner quform-inner-textarea quform-inner-8_13\"><div class=\"quform-input quform-input-textarea quform-input-8_13 quform-cf\"><textarea id=\"quform_8_13_86695f\" name=\"quform_8_13\" class=\"quform-field quform-field-textarea quform-field-8_13\"><\/textarea><\/div><\/div><\/div><\/div><div class=\"quform-element quform-element-submit quform-element-8_2 quform-cf quform-button-style-theme\"><div class=\"quform-button-submit quform-button-submit-default quform-button-submit-8_2\"><button name=\"quform_submit\" type=\"submit\" class=\"quform-submit\" value=\"submit\"><span class=\"quform-button-text quform-button-submit-text\">Absenden<\/span><\/button><\/div><div class=\"quform-loading quform-loading-position-left quform-loading-type-spinner-1\"><div class=\"quform-loading-inner\"><div class=\"quform-loading-spinner\"><div class=\"quform-loading-spinner-inner\"><\/div><\/div><\/div><\/div><\/div><\/div><\/div><\/div><\/div><\/form><\/div><\/div><\/div>[\/vc_column][\/vc_row]<\/p>\n<\/div>","protected":false},"excerpt":{"rendered":"<p>[vc_row][vc_column][\/vc_column][\/vc_row]<\/p>\n","protected":false},"author":6,"featured_media":0,"parent":4814,"menu_order":172,"comment_status":"closed","ping_status":"closed","template":"","meta":{"_acf_changed":false,"_monsterinsights_skip_tracking":false,"_monsterinsights_sitenote_active":false,"_monsterinsights_sitenote_note":"","_monsterinsights_sitenote_category":0,"footnotes":""},"class_list":["post-4832","page","type-page","status-publish","hentry"],"acf":[],"yoast_head":"<!-- This site is optimized with the Yoast SEO Premium plugin v26.4 (Yoast SEO v27.0) - https:\/\/yoast.com\/product\/yoast-seo-premium-wordpress\/ -->\n<title>Anfrage Firmenkurs - Electrosuisse<\/title>\n<meta name=\"robots\" content=\"index, follow, max-snippet:-1, max-image-preview:large, max-video-preview:-1\" \/>\n<link rel=\"canonical\" href=\"https:\/\/www.electrosuisse.ch\/de\/veranstaltungen\/firmenkurse\/anfrage-firmenkurs\/\" \/>\n<meta property=\"og:locale\" content=\"de_DE\" \/>\n<meta property=\"og:type\" content=\"article\" \/>\n<meta property=\"og:title\" content=\"Anfrage Firmenkurs - Electrosuisse\" \/>\n<meta property=\"og:description\" content=\"[vc_row][vc_column][\/vc_column][\/vc_row]\" \/>\n<meta property=\"og:url\" content=\"https:\/\/www.electrosuisse.ch\/de\/veranstaltungen\/firmenkurse\/anfrage-firmenkurs\/\" \/>\n<meta property=\"og:site_name\" content=\"Electrosuisse\" \/>\n<meta property=\"article:modified_time\" content=\"2022-11-28T11:03:51+00:00\" \/>\n<meta property=\"og:image\" content=\"https:\/\/www.electrosuisse.ch\/wp-content\/uploads\/2022\/12\/Electrosuisse_Ueber_uns_1578x650.jpg\" \/>\n\t<meta property=\"og:image:width\" content=\"1578\" \/>\n\t<meta property=\"og:image:height\" content=\"650\" \/>\n\t<meta property=\"og:image:type\" content=\"image\/jpeg\" \/>\n<script type=\"application\/ld+json\" class=\"yoast-schema-graph\">{\"@context\":\"https:\/\/schema.org\",\"@graph\":[{\"@type\":\"WebPage\",\"@id\":\"https:\/\/www.electrosuisse.ch\/de\/veranstaltungen\/firmenkurse\/anfrage-firmenkurs\/\",\"url\":\"https:\/\/www.electrosuisse.ch\/de\/veranstaltungen\/firmenkurse\/anfrage-firmenkurs\/\",\"name\":\"Anfrage Firmenkurs - Electrosuisse\",\"isPartOf\":{\"@id\":\"https:\/\/www.electrosuisse.ch\/de\/#website\"},\"datePublished\":\"2019-04-01T09:30:48+00:00\",\"dateModified\":\"2022-11-28T11:03:51+00:00\",\"breadcrumb\":{\"@id\":\"https:\/\/www.electrosuisse.ch\/de\/veranstaltungen\/firmenkurse\/anfrage-firmenkurs\/#breadcrumb\"},\"inLanguage\":\"de\",\"potentialAction\":[{\"@type\":\"ReadAction\",\"target\":[\"https:\/\/www.electrosuisse.ch\/de\/veranstaltungen\/firmenkurse\/anfrage-firmenkurs\/\"]}]},{\"@type\":\"BreadcrumbList\",\"@id\":\"https:\/\/www.electrosuisse.ch\/de\/veranstaltungen\/firmenkurse\/anfrage-firmenkurs\/#breadcrumb\",\"itemListElement\":[{\"@type\":\"ListItem\",\"position\":1,\"name\":\"Veranstaltungen\",\"item\":\"https:\/\/www.electrosuisse.ch\/de\/veranstaltungen\/\"},{\"@type\":\"ListItem\",\"position\":2,\"name\":\"Firmenkurse\",\"item\":\"https:\/\/www.electrosuisse.ch\/de\/veranstaltungen\/firmenkurse\/\"},{\"@type\":\"ListItem\",\"position\":3,\"name\":\"Anfrage Firmenkurs\"}]},{\"@type\":\"WebSite\",\"@id\":\"https:\/\/www.electrosuisse.ch\/de\/#website\",\"url\":\"https:\/\/www.electrosuisse.ch\/de\/\",\"name\":\"Electrosuisse\",\"description\":\"\",\"publisher\":{\"@id\":\"https:\/\/www.electrosuisse.ch\/de\/#organization\"},\"potentialAction\":[{\"@type\":\"SearchAction\",\"target\":{\"@type\":\"EntryPoint\",\"urlTemplate\":\"https:\/\/www.electrosuisse.ch\/de\/?s={search_term_string}\"},\"query-input\":{\"@type\":\"PropertyValueSpecification\",\"valueRequired\":true,\"valueName\":\"search_term_string\"}}],\"inLanguage\":\"de\"},{\"@type\":\"Organization\",\"@id\":\"https:\/\/www.electrosuisse.ch\/de\/#organization\",\"name\":\"Electrosuisse\",\"url\":\"https:\/\/www.electrosuisse.ch\/de\/\",\"logo\":{\"@type\":\"ImageObject\",\"inLanguage\":\"de\",\"@id\":\"https:\/\/www.electrosuisse.ch\/de\/#\/schema\/logo\/image\/\",\"url\":\"https:\/\/www.electrosuisse.ch\/wp-content\/uploads\/2025\/04\/Electrosuisse_Logo_696x696.png\",\"contentUrl\":\"https:\/\/www.electrosuisse.ch\/wp-content\/uploads\/2025\/04\/Electrosuisse_Logo_696x696.png\",\"width\":696,\"height\":696,\"caption\":\"Electrosuisse\"},\"image\":{\"@id\":\"https:\/\/www.electrosuisse.ch\/de\/#\/schema\/logo\/image\/\"},\"sameAs\":[\"https:\/\/www.linkedin.com\/company\/electrosuisse-ag\/posts\/?feedView=all\",\"https:\/\/www.instagram.com\/electrosuisse1889\/\",\"https:\/\/www.youtube.com\/channel\/UCoOxohMiVE0Gjcdis1L09zw\"],\"description\":\"Electrosuisse ist eine anerkannte und unabh\u00e4ngige Fachorganisation, die erstklassige Dienstleistungen und Produkte in den Bereichen Inspektion, Beratung, Pr\u00fcfung, Zertifizierung, Normung und Weiterbildung anbietet. Unsere Expertise umfasst Elektrotechnik, Elektromobilit\u00e4t, Energieberatung, Geb\u00e4udeautomation und Photovoltaik in der Schweiz. Durch die Veranstaltung etablierter Branchen-Events und Fachtagungen f\u00f6rdert Electrosuisse den Wissenstransfer und den fachlichen Austausch. Im Mittelpunkt unserer T\u00e4tigkeiten steht die F\u00f6rderung der sicheren, wirtschaftlichen und umweltgerechten Anwendung der Elektrotechnik.\"}]}<\/script>\n<!-- \/ Yoast SEO Premium plugin. -->","yoast_head_json":{"title":"Anfrage Firmenkurs - Electrosuisse","robots":{"index":"index","follow":"follow","max-snippet":"max-snippet:-1","max-image-preview":"max-image-preview:large","max-video-preview":"max-video-preview:-1"},"canonical":"https:\/\/www.electrosuisse.ch\/de\/veranstaltungen\/firmenkurse\/anfrage-firmenkurs\/","og_locale":"de_DE","og_type":"article","og_title":"Anfrage Firmenkurs - Electrosuisse","og_description":"[vc_row][vc_column][\/vc_column][\/vc_row]","og_url":"https:\/\/www.electrosuisse.ch\/de\/veranstaltungen\/firmenkurse\/anfrage-firmenkurs\/","og_site_name":"Electrosuisse","article_modified_time":"2022-11-28T11:03:51+00:00","og_image":[{"width":1578,"height":650,"url":"https:\/\/www.electrosuisse.ch\/wp-content\/uploads\/2022\/12\/Electrosuisse_Ueber_uns_1578x650.jpg","type":"image\/jpeg"}],"schema":{"@context":"https:\/\/schema.org","@graph":[{"@type":"WebPage","@id":"https:\/\/www.electrosuisse.ch\/de\/veranstaltungen\/firmenkurse\/anfrage-firmenkurs\/","url":"https:\/\/www.electrosuisse.ch\/de\/veranstaltungen\/firmenkurse\/anfrage-firmenkurs\/","name":"Anfrage Firmenkurs - Electrosuisse","isPartOf":{"@id":"https:\/\/www.electrosuisse.ch\/de\/#website"},"datePublished":"2019-04-01T09:30:48+00:00","dateModified":"2022-11-28T11:03:51+00:00","breadcrumb":{"@id":"https:\/\/www.electrosuisse.ch\/de\/veranstaltungen\/firmenkurse\/anfrage-firmenkurs\/#breadcrumb"},"inLanguage":"de","potentialAction":[{"@type":"ReadAction","target":["https:\/\/www.electrosuisse.ch\/de\/veranstaltungen\/firmenkurse\/anfrage-firmenkurs\/"]}]},{"@type":"BreadcrumbList","@id":"https:\/\/www.electrosuisse.ch\/de\/veranstaltungen\/firmenkurse\/anfrage-firmenkurs\/#breadcrumb","itemListElement":[{"@type":"ListItem","position":1,"name":"Veranstaltungen","item":"https:\/\/www.electrosuisse.ch\/de\/veranstaltungen\/"},{"@type":"ListItem","position":2,"name":"Firmenkurse","item":"https:\/\/www.electrosuisse.ch\/de\/veranstaltungen\/firmenkurse\/"},{"@type":"ListItem","position":3,"name":"Anfrage Firmenkurs"}]},{"@type":"WebSite","@id":"https:\/\/www.electrosuisse.ch\/de\/#website","url":"https:\/\/www.electrosuisse.ch\/de\/","name":"Electrosuisse","description":"","publisher":{"@id":"https:\/\/www.electrosuisse.ch\/de\/#organization"},"potentialAction":[{"@type":"SearchAction","target":{"@type":"EntryPoint","urlTemplate":"https:\/\/www.electrosuisse.ch\/de\/?s={search_term_string}"},"query-input":{"@type":"PropertyValueSpecification","valueRequired":true,"valueName":"search_term_string"}}],"inLanguage":"de"},{"@type":"Organization","@id":"https:\/\/www.electrosuisse.ch\/de\/#organization","name":"Electrosuisse","url":"https:\/\/www.electrosuisse.ch\/de\/","logo":{"@type":"ImageObject","inLanguage":"de","@id":"https:\/\/www.electrosuisse.ch\/de\/#\/schema\/logo\/image\/","url":"https:\/\/www.electrosuisse.ch\/wp-content\/uploads\/2025\/04\/Electrosuisse_Logo_696x696.png","contentUrl":"https:\/\/www.electrosuisse.ch\/wp-content\/uploads\/2025\/04\/Electrosuisse_Logo_696x696.png","width":696,"height":696,"caption":"Electrosuisse"},"image":{"@id":"https:\/\/www.electrosuisse.ch\/de\/#\/schema\/logo\/image\/"},"sameAs":["https:\/\/www.linkedin.com\/company\/electrosuisse-ag\/posts\/?feedView=all","https:\/\/www.instagram.com\/electrosuisse1889\/","https:\/\/www.youtube.com\/channel\/UCoOxohMiVE0Gjcdis1L09zw"],"description":"Electrosuisse ist eine anerkannte und unabh\u00e4ngige Fachorganisation, die erstklassige Dienstleistungen und Produkte in den Bereichen Inspektion, Beratung, Pr\u00fcfung, Zertifizierung, Normung und Weiterbildung anbietet. Unsere Expertise umfasst Elektrotechnik, Elektromobilit\u00e4t, Energieberatung, Geb\u00e4udeautomation und Photovoltaik in der Schweiz. Durch die Veranstaltung etablierter Branchen-Events und Fachtagungen f\u00f6rdert Electrosuisse den Wissenstransfer und den fachlichen Austausch. Im Mittelpunkt unserer T\u00e4tigkeiten steht die F\u00f6rderung der sicheren, wirtschaftlichen und umweltgerechten Anwendung der Elektrotechnik."}]}},"amp_enabled":true,"_links":{"self":[{"href":"https:\/\/www.electrosuisse.ch\/de\/wp-json\/wp\/v2\/pages\/4832","targetHints":{"allow":["GET"]}}],"collection":[{"href":"https:\/\/www.electrosuisse.ch\/de\/wp-json\/wp\/v2\/pages"}],"about":[{"href":"https:\/\/www.electrosuisse.ch\/de\/wp-json\/wp\/v2\/types\/page"}],"author":[{"embeddable":true,"href":"https:\/\/www.electrosuisse.ch\/de\/wp-json\/wp\/v2\/users\/6"}],"replies":[{"embeddable":true,"href":"https:\/\/www.electrosuisse.ch\/de\/wp-json\/wp\/v2\/comments?post=4832"}],"version-history":[{"count":0,"href":"https:\/\/www.electrosuisse.ch\/de\/wp-json\/wp\/v2\/pages\/4832\/revisions"}],"up":[{"embeddable":true,"href":"https:\/\/www.electrosuisse.ch\/de\/wp-json\/wp\/v2\/pages\/4814"}],"wp:attachment":[{"href":"https:\/\/www.electrosuisse.ch\/de\/wp-json\/wp\/v2\/media?parent=4832"}],"curies":[{"name":"wp","href":"https:\/\/api.w.org\/{rel}","templated":true}]}}