{"id":4814,"date":"2019-04-01T10:59:30","date_gmt":"2019-04-01T08:59:30","guid":{"rendered":"https:\/\/www.electrosuisse.ch\/?page_id=4814"},"modified":"2026-02-09T13:52:22","modified_gmt":"2026-02-09T12:52:22","slug":"firmenkurse","status":"publish","type":"page","link":"https:\/\/www.electrosuisse.ch\/de\/veranstaltungen\/firmenkurse\/","title":{"rendered":"Firmenkurse"},"content":{"rendered":"<div class=\"wpb-content-wrapper\"><p>[vc_row][vc_column][vc_column_text css=&#8221;&#8221;]<\/p>\n<h1>Massgeschneiderte Firmenkurse f\u00fcr Ihr Unternehmen<\/h1>\n<p>[\/vc_column_text][vc_column_text css=&#8221;&#8221;]<\/p>\n<h5>Gezielte Weiterbildung f\u00fcr Ihr Team \u2013 praxisnah &amp; effizient<\/h5>\n<p>[\/vc_column_text]<div class=\"wpb_image_column wpb_content_element\"><div class=\"wpb_wrapper\"><div class=\"picture_container\"><picture><source media=\"(min-width: 769px)\" srcset=\"https:\/\/www.electrosuisse.ch\/wp-content\/uploads\/2025\/06\/Firmenkurs_Teambild.png\"><source media=\"(min-width: 415px)\" srcset=\"https:\/\/www.electrosuisse.ch\/wp-content\/uploads\/2025\/06\/Firmenkurs_Teambild.png\"><source media=\"(max-width: 414px)\" srcset=\"https:\/\/www.electrosuisse.ch\/wp-content\/uploads\/2025\/06\/Firmenkurs_Teambild-414x276.png 1x, https:\/\/www.electrosuisse.ch\/wp-content\/uploads\/2025\/06\/Firmenkurs_Teambild.png 2x\"><img decoding=\"async\" src=\"https:\/\/www.electrosuisse.ch\/wp-content\/uploads\/2025\/06\/Firmenkurs_Teambild.png\" alt=\"Teambild\" \/><\/picture><\/div><\/div><\/div>[vc_column_text css=&#8221;&#8221;]<\/p>\n<h3><strong>Warum ein Firmenkurs bei Electrosuisse?<\/strong><\/h3>\n<ul>\n<li><strong>Individuell<\/strong> \u2013 Inhalte und Formate exakt auf Ihre Bed\u00fcrfnisse zugeschnitten<\/li>\n<li><strong>Praxisorientiert<\/strong> \u2013 Direkte Anwendbarkeit f\u00fcr den Arbeitsalltag<\/li>\n<li><strong>Flexibel<\/strong> \u2013 Durchf\u00fchrung bei Ihnen vor Ort oder auf Wunsch bei uns<\/li>\n<\/ul>\n<p><strong>Profitieren Sie von unserer Erfahrung als f\u00fchrende Fachorganisation f\u00fcr Elektroberufe.<\/strong>[\/vc_column_text]<div class=\"wpb_button_column wpb_content_element wpb_content_element--left\"><div class=\"wpb_wrapper\"><div class=\"button button--normal\"><a href=\"https:\/\/www.electrosuisse.ch\/de\/veranstaltungen\/firmenkurse\/anfrage-firmenkurs\/\" target=\"_blank\" >Jetzt unverbindlich anfragen<\/a><\/div><\/div><\/div>[\/vc_column][\/vc_row][vc_row][vc_column][vc_column_text css=&#8221;&#8221;]<\/p>\n<h3><strong>Unser Kursangebot<\/strong><\/h3>\n<p><strong>Fachkurse<\/strong> \u2013 Wissen gezielt vertiefen und aktuelle Themen diskutieren<br \/>\n<strong>Zertifikatskurse<\/strong> \u2013 Offizielle Anerkennung f\u00fcr spezifische Fachbereiche<br \/>\n<strong>Pr\u00fcfungsvorbereitung<\/strong> \u2013 Optimale Unterst\u00fctzung f\u00fcr ESTI-anerkannte Pr\u00fcfungen[\/vc_column_text][vc_column_text css=&#8221;&#8221;]<\/p>\n<h5><strong>Exklusive Firmenkurse:<\/strong><\/h5>\n<p>[\/vc_column_text]<div class=\"wpb_text_image_column wpb_content_element \"><div class=\"wpb_wrapper\"><div class=\"row middle-lg\"><div class=\"col-sm-6 col-xs-12\"><div class=\"picture_container\"><picture><source srcset=\"https:\/\/www.electrosuisse.ch\/wp-content\/uploads\/2023\/11\/Info-NIN-2025_585x345.jpg\"><img decoding=\"async\" src=\"https:\/\/www.electrosuisse.ch\/wp-content\/uploads\/2023\/11\/Info-NIN-2025_585x345.jpg\" alt=\"NIN 2025\" \/><\/picture><\/div><\/div><div class=\"col-sm-6 col-xs-12\"><h3>NIN 2025<\/h3><p>Alle relevanten Neuerungen der Niederspannungs-Installationsnorm ab 1. Januar 2025 im <a href=\"https:\/\/www.electrosuisse.ch\/wp-content\/uploads\/2025\/07\/Flyer_Firmenkurse_NIN2025.pdf\" target=\"_blank\" rel=\"noopener\">NIN Firmenkurs<\/a>.<\/p>\n<div class=\"button button--ghost\"><a href=\"https:\/\/www.electrosuisse.ch\/de\/veranstaltungen\/firmenkurse\/anfrage-nin-kurs\/\" target=\"_blank\" rel=\"noopener\">Kurs anfragen<\/a><\/div><\/div><\/div><\/div><\/div><div class=\"wpb_text_image_column wpb_content_element \"><div class=\"wpb_wrapper\"><div class=\"row middle-lg\"><div class=\"col-sm-6 col-xs-12\"><div class=\"picture_container\"><picture><source srcset=\"https:\/\/www.electrosuisse.ch\/wp-content\/uploads\/2025\/06\/Medizinalgeraete_585x500.png\"><img decoding=\"async\" src=\"https:\/\/www.electrosuisse.ch\/wp-content\/uploads\/2025\/06\/Medizinalgeraete_585x500.png\" alt=\"Instandhaltung und Pr\u00fcfung elektrischer Medizinalger\u00e4te\" \/><\/picture><\/div><\/div><div class=\"col-sm-6 col-xs-12\"><h3>Instandhaltung und Pr\u00fcfung elektrischer Medizinalger\u00e4te<\/h3><p><a href=\"https:\/\/www.electrosuisse.ch\/wp-content\/uploads\/2025\/06\/Firmenkurs_Med.pdf\" target=\"_blank\" rel=\"noopener\">Praxisnaher Fachkurs<\/a> zur normgerechten Instandhaltung und Sicherheitspr\u00fcfung medizinischer elektrischer Ger\u00e4te gem\u00e4ss EN 62353 \u2013 mit Fokus auf gesetzliche Vorgaben, praktische Messungen und elektrische Sicherheit.<\/p>\n<div class=\"button button--ghost\"><a href=\"https:\/\/www.electrosuisse.ch\/de\/veranstaltungen\/firmenkurse\/anfrage-med-kurs\/\" target=\"_blank\" rel=\"noopener\">Kurs anfragen<\/a><\/div><\/div><\/div><\/div><\/div>[vc_column_text css=&#8221;&#8221;]<\/p>\n<h3>So funktioniert es<\/h3>\n<p>[\/vc_column_text]<div class=\"wpb_image_column wpb_content_element\"><div class=\"wpb_wrapper\"><div class=\"picture_container\"><picture><source media=\"(min-width: 769px)\" srcset=\"https:\/\/www.electrosuisse.ch\/wp-content\/uploads\/2025\/06\/electrosuisse-kursleiter_DSC6536-fullsize-570x380.jpg\"><source media=\"(min-width: 415px)\" srcset=\"https:\/\/www.electrosuisse.ch\/wp-content\/uploads\/2025\/06\/electrosuisse-kursleiter_DSC6536-fullsize-768x512.jpg\"><source media=\"(max-width: 414px)\" srcset=\"https:\/\/www.electrosuisse.ch\/wp-content\/uploads\/2025\/06\/electrosuisse-kursleiter_DSC6536-fullsize-414x276.jpg 1x, https:\/\/www.electrosuisse.ch\/wp-content\/uploads\/2025\/06\/electrosuisse-kursleiter_DSC6536-fullsize-768x512.jpg 2x\"><img decoding=\"async\" src=\"https:\/\/www.electrosuisse.ch\/wp-content\/uploads\/2025\/06\/electrosuisse-kursleiter_DSC6536-fullsize-570x380.jpg\" alt=\"Kursleiter\" \/><\/picture><\/div><\/div><\/div>[vc_column_text css=&#8221;&#8221;]1. Bedarf kl\u00e4ren \u2013 Sie teilen uns Ihre Anforderungen mit.<br \/>\n2. Individuelles Konzept \u2013 Wir erstellen ein massgeschneidertes Kursangebot.<br \/>\n3. Praxisnahe Schulung \u2013 Ihr Team profitiert von unseren erfahrenen Kursleitern.<\/p>\n<p>Holen Sie sich Ihre individuelle Weiterbildungsl\u00f6sung![\/vc_column_text]<div class=\"wpb_button_column wpb_content_element wpb_content_element--left\"><div class=\"wpb_wrapper\"><div class=\"button button--normal\"><a href=\"https:\/\/www.electrosuisse.ch\/de\/veranstaltungen\/firmenkurse\/anfrage-firmenkurs\/\" target=\"_blank\" >Kontaktieren Sie uns jetzt<\/a><\/div><\/div><\/div>[\/vc_column][\/vc_row][vc_row disable_element=&#8221;yes&#8221;][vc_column]<div class=\"wpb_gap_column wpb_content_element\"><div class=\"wpb_wrapper\"><div class=\"gap gap--medium\"><\/div><\/div><\/div>[vc_column_text]<\/p>\n<h2>Downloads<\/h2>\n<p>[\/vc_column_text]<div class=\"wpb_document_column wpb_content_element\"><div class=\"wpb_wrapper\"><div class=\"document document--pdf\"><a href=\"https:\/\/www.electrosuisse.ch\/wp-content\/uploads\/2025\/02\/Bildungsangebot_2025_WEB.pdf\" target=\"_blank\">Bildungsangebot 2025<\/a><\/div><\/div><\/div><div class=\"wpb_gap_column wpb_content_element\"><div class=\"wpb_wrapper\"><div class=\"gap gap--small\"><\/div><\/div><\/div><div class=\"wpb_button_column wpb_content_element wpb_content_element--left\"><div class=\"wpb_wrapper\"><div class=\"button button--normal\"><a href=\"https:\/\/shop.electrosuisse.ch\/de\/weiterbildung\/?cf-lang=1\" target=\"_blank\" >Zu unseren \u00f6ffentlichen Kursen<\/a><\/div><\/div><\/div><div class=\"wpb_contact_column wpb_content_element wpb_content_element--left\"><div class=\"wpb_wrapper\"><div class=\"contact_container\"><div class=\"contact row middle-xs\"><div class=\"contact__img col-sm-5 col-xs-12\"><img decoding=\"async\" src=\"https:\/\/www.electrosuisse.ch\/wp-content\/uploads\/2019\/04\/Electrosuisse_Urs_Schmid.jpg\" alt=\"Urs Schmid - Fachverantwortung\" \/><\/div><div class=\"contact__info col-sm-7 col-xs-12\"><p><b>Urs Schmid<\/b><br>Fachverantwortung<\/p><div class=\"phone has-link\"><a href=\"tel:+41585951520\">+41 58 595 15 20<\/a><\/div><div class=\"mail has-link\"><a href=\"mailto:u&#114;&#115;&#46;&#x73;&#x63;&#x68;mi&#100;&#64;&#x65;&#x6c;&#x65;&#x63;tr&#111;&#115;&#x75;&#x69;&#x73;&#x73;e&#46;&#99;&#104;\">&#x75;&#x72;&#x73;&#46;&#115;ch&#x6d;&#x69;&#x64;&#x40;&#101;&#108;ec&#x74;&#x72;&#x6f;&#115;&#117;&#105;ss&#x65;&#x2e;&#x63;&#104;<\/a><\/div><\/div><\/div><\/div><\/div><\/div>[\/vc_column][\/vc_row]<\/p>\n<\/div>","protected":false},"excerpt":{"rendered":"<p>[vc_row][vc_column][vc_column_text css=&#8221;&#8221;] Massgeschneiderte Firmenkurse f\u00fcr Ihr Unternehmen [\/vc_column_text][vc_column_text css=&#8221;&#8221;] Gezielte Weiterbildung f\u00fcr Ihr Team \u2013 praxisnah &amp; effizient [\/vc_column_text][vc_column_text css=&#8221;&#8221;] Warum ein Firmenkurs bei Electrosuisse? Individuell \u2013 Inhalte und Formate exakt auf Ihre Bed\u00fcrfnisse zugeschnitten Praxisorientiert \u2013 Direkte Anwendbarkeit f\u00fcr den Arbeitsalltag Flexibel \u2013 Durchf\u00fchrung bei Ihnen vor Ort oder auf Wunsch bei uns Profitieren [&hellip;]<\/p>\n","protected":false},"author":6,"featured_media":0,"parent":2837,"menu_order":373,"comment_status":"closed","ping_status":"closed","template":"","meta":{"_acf_changed":false,"_monsterinsights_skip_tracking":false,"_monsterinsights_sitenote_active":false,"_monsterinsights_sitenote_note":"","_monsterinsights_sitenote_category":0,"footnotes":""},"class_list":["post-4814","page","type-page","status-publish","hentry"],"acf":[],"yoast_head":"<!-- This site is optimized with the Yoast SEO Premium plugin v26.4 (Yoast SEO v27.0) - https:\/\/yoast.com\/product\/yoast-seo-premium-wordpress\/ -->\n<title>Electrosuisse Firmenkurse<\/title>\n<meta name=\"description\" content=\"Individuell ausgerichtete Firmenkurse f\u00fcr die Elektro-, Energie- und Informationstechnik-Branche in der ganzen Schweiz.\" \/>\n<meta name=\"robots\" content=\"index, follow, max-snippet:-1, max-image-preview:large, max-video-preview:-1\" \/>\n<link rel=\"canonical\" href=\"https:\/\/www.electrosuisse.ch\/de\/veranstaltungen\/firmenkurse\/\" \/>\n<meta property=\"og:locale\" content=\"de_DE\" \/>\n<meta property=\"og:type\" content=\"article\" \/>\n<meta property=\"og:title\" content=\"Electrosuisse Firmenkurse\" \/>\n<meta property=\"og:description\" content=\"Individuell ausgerichtete Firmenkurse f\u00fcr die Elektro-, Energie- und Informationstechnik-Branche in der ganzen Schweiz.\" \/>\n<meta property=\"og:url\" content=\"https:\/\/www.electrosuisse.ch\/de\/veranstaltungen\/firmenkurse\/\" \/>\n<meta property=\"og:site_name\" content=\"Electrosuisse\" \/>\n<meta property=\"article:modified_time\" content=\"2026-02-09T12:52:22+00:00\" \/>\n<meta property=\"og:image\" content=\"https:\/\/www.electrosuisse.ch\/wp-content\/uploads\/2025\/06\/firmenkurse_keyvisual_1660x470.png\" \/>\n\t<meta property=\"og:image:width\" content=\"1578\" \/>\n\t<meta property=\"og:image:height\" content=\"650\" \/>\n\t<meta property=\"og:image:type\" content=\"image\/jpeg\" \/>\n<script type=\"application\/ld+json\" class=\"yoast-schema-graph\">{\"@context\":\"https:\/\/schema.org\",\"@graph\":[{\"@type\":\"WebPage\",\"@id\":\"https:\/\/www.electrosuisse.ch\/de\/veranstaltungen\/firmenkurse\/\",\"url\":\"https:\/\/www.electrosuisse.ch\/de\/veranstaltungen\/firmenkurse\/\",\"name\":\"Electrosuisse Firmenkurse\",\"isPartOf\":{\"@id\":\"https:\/\/www.electrosuisse.ch\/de\/#website\"},\"datePublished\":\"2019-04-01T08:59:30+00:00\",\"dateModified\":\"2026-02-09T12:52:22+00:00\",\"description\":\"Individuell ausgerichtete Firmenkurse f\u00fcr die Elektro-, Energie- und Informationstechnik-Branche in der ganzen Schweiz.\",\"breadcrumb\":{\"@id\":\"https:\/\/www.electrosuisse.ch\/de\/veranstaltungen\/firmenkurse\/#breadcrumb\"},\"inLanguage\":\"de\",\"potentialAction\":[{\"@type\":\"ReadAction\",\"target\":[\"https:\/\/www.electrosuisse.ch\/de\/veranstaltungen\/firmenkurse\/\"]}]},{\"@type\":\"BreadcrumbList\",\"@id\":\"https:\/\/www.electrosuisse.ch\/de\/veranstaltungen\/firmenkurse\/#breadcrumb\",\"itemListElement\":[{\"@type\":\"ListItem\",\"position\":1,\"name\":\"Veranstaltungen\",\"item\":\"https:\/\/www.electrosuisse.ch\/de\/veranstaltungen\/\"},{\"@type\":\"ListItem\",\"position\":2,\"name\":\"Firmenkurse\"}]},{\"@type\":\"WebSite\",\"@id\":\"https:\/\/www.electrosuisse.ch\/de\/#website\",\"url\":\"https:\/\/www.electrosuisse.ch\/de\/\",\"name\":\"Electrosuisse\",\"description\":\"\",\"publisher\":{\"@id\":\"https:\/\/www.electrosuisse.ch\/de\/#organization\"},\"potentialAction\":[{\"@type\":\"SearchAction\",\"target\":{\"@type\":\"EntryPoint\",\"urlTemplate\":\"https:\/\/www.electrosuisse.ch\/de\/?s={search_term_string}\"},\"query-input\":{\"@type\":\"PropertyValueSpecification\",\"valueRequired\":true,\"valueName\":\"search_term_string\"}}],\"inLanguage\":\"de\"},{\"@type\":\"Organization\",\"@id\":\"https:\/\/www.electrosuisse.ch\/de\/#organization\",\"name\":\"Electrosuisse\",\"url\":\"https:\/\/www.electrosuisse.ch\/de\/\",\"logo\":{\"@type\":\"ImageObject\",\"inLanguage\":\"de\",\"@id\":\"https:\/\/www.electrosuisse.ch\/de\/#\/schema\/logo\/image\/\",\"url\":\"https:\/\/www.electrosuisse.ch\/wp-content\/uploads\/2025\/04\/Electrosuisse_Logo_696x696.png\",\"contentUrl\":\"https:\/\/www.electrosuisse.ch\/wp-content\/uploads\/2025\/04\/Electrosuisse_Logo_696x696.png\",\"width\":696,\"height\":696,\"caption\":\"Electrosuisse\"},\"image\":{\"@id\":\"https:\/\/www.electrosuisse.ch\/de\/#\/schema\/logo\/image\/\"},\"sameAs\":[\"https:\/\/www.linkedin.com\/company\/electrosuisse-ag\/posts\/?feedView=all\",\"https:\/\/www.instagram.com\/electrosuisse1889\/\",\"https:\/\/www.youtube.com\/channel\/UCoOxohMiVE0Gjcdis1L09zw\"],\"description\":\"Electrosuisse ist eine anerkannte und unabh\u00e4ngige Fachorganisation, die erstklassige Dienstleistungen und Produkte in den Bereichen Inspektion, Beratung, Pr\u00fcfung, Zertifizierung, Normung und Weiterbildung anbietet. Unsere Expertise umfasst Elektrotechnik, Elektromobilit\u00e4t, Energieberatung, Geb\u00e4udeautomation und Photovoltaik in der Schweiz. Durch die Veranstaltung etablierter Branchen-Events und Fachtagungen f\u00f6rdert Electrosuisse den Wissenstransfer und den fachlichen Austausch. Im Mittelpunkt unserer T\u00e4tigkeiten steht die F\u00f6rderung der sicheren, wirtschaftlichen und umweltgerechten Anwendung der Elektrotechnik.\"}]}<\/script>\n<!-- \/ Yoast SEO Premium plugin. -->","yoast_head_json":{"title":"Electrosuisse Firmenkurse","description":"Individuell ausgerichtete Firmenkurse f\u00fcr die Elektro-, Energie- und Informationstechnik-Branche in der ganzen Schweiz.","robots":{"index":"index","follow":"follow","max-snippet":"max-snippet:-1","max-image-preview":"max-image-preview:large","max-video-preview":"max-video-preview:-1"},"canonical":"https:\/\/www.electrosuisse.ch\/de\/veranstaltungen\/firmenkurse\/","og_locale":"de_DE","og_type":"article","og_title":"Electrosuisse Firmenkurse","og_description":"Individuell ausgerichtete Firmenkurse f\u00fcr die Elektro-, Energie- und Informationstechnik-Branche in der ganzen Schweiz.","og_url":"https:\/\/www.electrosuisse.ch\/de\/veranstaltungen\/firmenkurse\/","og_site_name":"Electrosuisse","article_modified_time":"2026-02-09T12:52:22+00:00","og_image":[{"width":1578,"height":650,"url":"https:\/\/www.electrosuisse.ch\/wp-content\/uploads\/2025\/06\/firmenkurse_keyvisual_1660x470.png","type":"image\/jpeg"}],"schema":{"@context":"https:\/\/schema.org","@graph":[{"@type":"WebPage","@id":"https:\/\/www.electrosuisse.ch\/de\/veranstaltungen\/firmenkurse\/","url":"https:\/\/www.electrosuisse.ch\/de\/veranstaltungen\/firmenkurse\/","name":"Electrosuisse Firmenkurse","isPartOf":{"@id":"https:\/\/www.electrosuisse.ch\/de\/#website"},"datePublished":"2019-04-01T08:59:30+00:00","dateModified":"2026-02-09T12:52:22+00:00","description":"Individuell ausgerichtete Firmenkurse f\u00fcr die Elektro-, Energie- und Informationstechnik-Branche in der ganzen Schweiz.","breadcrumb":{"@id":"https:\/\/www.electrosuisse.ch\/de\/veranstaltungen\/firmenkurse\/#breadcrumb"},"inLanguage":"de","potentialAction":[{"@type":"ReadAction","target":["https:\/\/www.electrosuisse.ch\/de\/veranstaltungen\/firmenkurse\/"]}]},{"@type":"BreadcrumbList","@id":"https:\/\/www.electrosuisse.ch\/de\/veranstaltungen\/firmenkurse\/#breadcrumb","itemListElement":[{"@type":"ListItem","position":1,"name":"Veranstaltungen","item":"https:\/\/www.electrosuisse.ch\/de\/veranstaltungen\/"},{"@type":"ListItem","position":2,"name":"Firmenkurse"}]},{"@type":"WebSite","@id":"https:\/\/www.electrosuisse.ch\/de\/#website","url":"https:\/\/www.electrosuisse.ch\/de\/","name":"Electrosuisse","description":"","publisher":{"@id":"https:\/\/www.electrosuisse.ch\/de\/#organization"},"potentialAction":[{"@type":"SearchAction","target":{"@type":"EntryPoint","urlTemplate":"https:\/\/www.electrosuisse.ch\/de\/?s={search_term_string}"},"query-input":{"@type":"PropertyValueSpecification","valueRequired":true,"valueName":"search_term_string"}}],"inLanguage":"de"},{"@type":"Organization","@id":"https:\/\/www.electrosuisse.ch\/de\/#organization","name":"Electrosuisse","url":"https:\/\/www.electrosuisse.ch\/de\/","logo":{"@type":"ImageObject","inLanguage":"de","@id":"https:\/\/www.electrosuisse.ch\/de\/#\/schema\/logo\/image\/","url":"https:\/\/www.electrosuisse.ch\/wp-content\/uploads\/2025\/04\/Electrosuisse_Logo_696x696.png","contentUrl":"https:\/\/www.electrosuisse.ch\/wp-content\/uploads\/2025\/04\/Electrosuisse_Logo_696x696.png","width":696,"height":696,"caption":"Electrosuisse"},"image":{"@id":"https:\/\/www.electrosuisse.ch\/de\/#\/schema\/logo\/image\/"},"sameAs":["https:\/\/www.linkedin.com\/company\/electrosuisse-ag\/posts\/?feedView=all","https:\/\/www.instagram.com\/electrosuisse1889\/","https:\/\/www.youtube.com\/channel\/UCoOxohMiVE0Gjcdis1L09zw"],"description":"Electrosuisse ist eine anerkannte und unabh\u00e4ngige Fachorganisation, die erstklassige Dienstleistungen und Produkte in den Bereichen Inspektion, Beratung, Pr\u00fcfung, Zertifizierung, Normung und Weiterbildung anbietet. Unsere Expertise umfasst Elektrotechnik, Elektromobilit\u00e4t, Energieberatung, Geb\u00e4udeautomation und Photovoltaik in der Schweiz. Durch die Veranstaltung etablierter Branchen-Events und Fachtagungen f\u00f6rdert Electrosuisse den Wissenstransfer und den fachlichen Austausch. Im Mittelpunkt unserer T\u00e4tigkeiten steht die F\u00f6rderung der sicheren, wirtschaftlichen und umweltgerechten Anwendung der Elektrotechnik."}]}},"amp_enabled":true,"_links":{"self":[{"href":"https:\/\/www.electrosuisse.ch\/de\/wp-json\/wp\/v2\/pages\/4814","targetHints":{"allow":["GET"]}}],"collection":[{"href":"https:\/\/www.electrosuisse.ch\/de\/wp-json\/wp\/v2\/pages"}],"about":[{"href":"https:\/\/www.electrosuisse.ch\/de\/wp-json\/wp\/v2\/types\/page"}],"author":[{"embeddable":true,"href":"https:\/\/www.electrosuisse.ch\/de\/wp-json\/wp\/v2\/users\/6"}],"replies":[{"embeddable":true,"href":"https:\/\/www.electrosuisse.ch\/de\/wp-json\/wp\/v2\/comments?post=4814"}],"version-history":[{"count":24,"href":"https:\/\/www.electrosuisse.ch\/de\/wp-json\/wp\/v2\/pages\/4814\/revisions"}],"predecessor-version":[{"id":41770,"href":"https:\/\/www.electrosuisse.ch\/de\/wp-json\/wp\/v2\/pages\/4814\/revisions\/41770"}],"up":[{"embeddable":true,"href":"https:\/\/www.electrosuisse.ch\/de\/wp-json\/wp\/v2\/pages\/2837"}],"wp:attachment":[{"href":"https:\/\/www.electrosuisse.ch\/de\/wp-json\/wp\/v2\/media?parent=4814"}],"curies":[{"name":"wp","href":"https:\/\/api.w.org\/{rel}","templated":true}]}}