{"id":44357,"date":"2026-04-15T09:58:04","date_gmt":"2026-04-15T07:58:04","guid":{"rendered":"https:\/\/www.electrosuisse.ch\/?page_id=44357"},"modified":"2026-04-15T10:00:41","modified_gmt":"2026-04-15T08:00:41","slug":"cigre-efly","status":"publish","type":"page","link":"https:\/\/www.electrosuisse.ch\/de\/cigre-efly\/","title":{"rendered":"CIGRE @ eFLY 2026"},"content":{"rendered":"<div class=\"wpb-content-wrapper\"><p>[vc_row][vc_column]<div class=\"wpb_form_column wpb_content_element\"><div class=\"wpb_wrapper test\"><div id=\"quform-d500d0\" class=\"quform quform-82 quform-support-page-caching\"><form id=\"quform-form-d500d0\" class=\"quform-form quform-form-82\" action=\"\/de\/wp-json\/wp\/v2\/pages\/44357#quform-d500d0\" method=\"post\" enctype=\"multipart\/form-data\" novalidate=\"novalidate\" data-options=\"{&quot;id&quot;:82,&quot;uniqueId&quot;:&quot;d500d0&quot;,&quot;theme&quot;:&quot;&quot;,&quot;ajax&quot;:true,&quot;logic&quot;:{&quot;logic&quot;:[],&quot;dependents&quot;:[],&quot;elementIds&quot;:[],&quot;dependentElementIds&quot;:[],&quot;animate&quot;:true},&quot;currentPageId&quot;:1,&quot;errorsIcon&quot;:&quot;&quot;,&quot;updateFancybox&quot;:true,&quot;hasPages&quot;:false,&quot;pages&quot;:[1],&quot;pageProgressType&quot;:&quot;numbers&quot;,&quot;tooltipsEnabled&quot;:true,&quot;tooltipClasses&quot;:&quot;qtip-quform-dark qtip-shadow&quot;,&quot;tooltipMy&quot;:&quot;left center&quot;,&quot;tooltipAt&quot;:&quot;right center&quot;,&quot;isRtl&quot;:false,&quot;scrollOffset&quot;:-50,&quot;scrollSpeed&quot;:800}\"><button class=\"quform-default-submit\" name=\"quform_submit\" type=\"submit\" value=\"submit\" aria-hidden=\"true\" tabindex=\"-1\"><\/button><div class=\"quform-form-inner quform-form-inner-82\"><input type=\"hidden\" name=\"quform_form_id\" value=\"82\" \/><input type=\"hidden\" name=\"quform_form_uid\" value=\"d500d0\" \/><input type=\"hidden\" name=\"quform_count\" value=\"1\" \/><input type=\"hidden\" name=\"form_url\" value=\"https:\/\/www.electrosuisse.ch\/de\/wp-json\/wp\/v2\/pages\/44357\" \/><input type=\"hidden\" name=\"referring_url\" value=\"\" \/><input type=\"hidden\" name=\"post_id\" value=\"\" \/><input type=\"hidden\" name=\"post_title\" value=\"\" \/><input type=\"hidden\" name=\"quform_current_page_id\" value=\"1\" \/><input type=\"hidden\" name=\"quform_loaded\" value=\"1777042300|b63adbb219ddfb8fb706c877dbec0827\" \/><input type=\"hidden\" name=\"quform_csrf_token\" value=\"n1PvYGgzVnZkJNIKUfbsv3W83SYivyeVj9Kcocu6\" \/><div class=\"quform-form-title-description\"><h2 class=\"quform-form-title\">CIGRE @ eFLY 2026<\/h2><p class=\"quform-form-description\">By submitting this form, my data will be transmitted to CIGRE at Electrosuisse for the purpose of the event participation. I consent to this data being used to contact and inform me on this event series. The event is free for CIGRE members, Electrosuisse\/OVE\/VDE members and guests interested in power system expertise and the energy transition from a Swiss perspective. Contact cig&#114;&#101;&#64;&#x65;&#x6c;&#x65;&#x63;&#x74;&#x72;osu&#105;&#115;&#115;&#101;&#x2e;&#x63;&#x68; for questions or needs. CIGRE personal members have priority in case of overbooking.<\/p><\/div><div class=\"quform-elements quform-elements-82 quform-cf quform-responsive-elements-phone-landscape\"><div class=\"quform-element quform-element-page quform-page-1 quform-page-82_1 quform-cf quform-group-style-plain quform-first-page quform-last-page quform-current-page\"><div class=\"quform-page-title-description\"><h3 class=\"quform-page-title\">REGISTRATION CIGRE @ eFLY 12\/13.09.2026<\/h3><\/div><div class=\"quform-child-elements\"><div class=\"quform-element quform-element-checkbox quform-element-82_17 quform-cf quform-element-required\"><div class=\"quform-spacer\"><div class=\"quform-label quform-label-82_17\"><label class=\"quform-label-text\" id=\"quform_82_17_d500d0_label\">Tick the day(s) you will participate<span class=\"quform-required\">*<\/span><\/label><\/div><div class=\"quform-inner quform-inner-checkbox quform-inner-82_17\"><div class=\"quform-input quform-input-checkbox quform-input-82_17 quform-cf\"><div class=\"quform-options quform-cf quform-options-block quform-options-simple\" role=\"group\" aria-labelledby=\"quform_82_17_d500d0_label\"><div class=\"quform-option\"><input type=\"checkbox\" name=\"quform_82_17[]\" id=\"quform_82_17_d500d0_1\" class=\"quform-field quform-field-checkbox quform-field-82_17 quform-field-82_17_1\" value=\"Sat 12.09.2026\" \/><label for=\"quform_82_17_d500d0_1\" class=\"quform-option-label quform-option-label-82_17_1\"><span class=\"quform-option-text\">Sat 12.09.2026<\/span><\/label><\/div><div class=\"quform-option\"><input type=\"checkbox\" name=\"quform_82_17[]\" id=\"quform_82_17_d500d0_2\" class=\"quform-field quform-field-checkbox quform-field-82_17 quform-field-82_17_2\" value=\"Sun 13.09.2026\" \/><label for=\"quform_82_17_d500d0_2\" class=\"quform-option-label quform-option-label-82_17_2\"><span class=\"quform-option-text\">Sun 13.09.2026<\/span><\/label><\/div><\/div><\/div><\/div><\/div><\/div><div class=\"quform-element quform-element-radio quform-element-82_4 quform-cf quform-element-required\"><div class=\"quform-spacer\"><div class=\"quform-label quform-label-82_4\"><label class=\"quform-label-text\" id=\"quform_82_4_d500d0_label\">Gender<span class=\"quform-required\">*<\/span><\/label><\/div><div class=\"quform-inner quform-inner-radio quform-inner-82_4\"><div class=\"quform-input quform-input-radio quform-input-82_4 quform-cf\"><div class=\"quform-options quform-cf quform-options-block quform-options-simple\" role=\"radiogroup\" aria-labelledby=\"quform_82_4_d500d0_label\"><div class=\"quform-option\"><input type=\"radio\" name=\"quform_82_4\" id=\"quform_82_4_d500d0_1\" class=\"quform-field quform-field-radio quform-field-82_4 quform-field-82_4_1\" value=\"Female\" \/><label for=\"quform_82_4_d500d0_1\" class=\"quform-option-label quform-option-label-82_4_1\"><span class=\"quform-option-text\">Female<\/span><\/label><\/div><div class=\"quform-option\"><input type=\"radio\" name=\"quform_82_4\" id=\"quform_82_4_d500d0_2\" class=\"quform-field quform-field-radio quform-field-82_4 quform-field-82_4_2\" value=\"Male\" \/><label for=\"quform_82_4_d500d0_2\" class=\"quform-option-label quform-option-label-82_4_2\"><span class=\"quform-option-text\">Male<\/span><\/label><\/div><div class=\"quform-option\"><input type=\"radio\" name=\"quform_82_4\" id=\"quform_82_4_d500d0_3\" class=\"quform-field quform-field-radio quform-field-82_4 quform-field-82_4_3\" value=\"Diverse\" \/><label for=\"quform_82_4_d500d0_3\" class=\"quform-option-label quform-option-label-82_4_3\"><span class=\"quform-option-text\">Diverse<\/span><\/label><\/div><\/div><\/div><\/div><\/div><\/div><div class=\"quform-element quform-element-name quform-element-82_3 quform-cf quform-element-optional\"><div class=\"quform-spacer\"><div class=\"quform-label quform-label-82_3\"><label class=\"quform-label-text\" id=\"quform_82_3_d500d0_label\">Name<\/label><\/div><div class=\"quform-inner quform-inner-name quform-inner-82_3\"><div class=\"quform-input quform-input-name quform-input-82_3 quform-cf\"><div class=\"quform-element-row quform-2-columns quform-element-row-size-fixed quform-responsive-columns-phone-landscape\"><div class=\"quform-element-column\"><div class=\"quform-element quform-element-text quform-element-82_3_2 quform-cf quform-element-optional\"><div class=\"quform-spacer\"><div class=\"quform-inner quform-inner-text quform-inner-82_3_2\"><label id=\"quform_82_3_2_d500d0_sub_label_above\" class=\"quform-sub-label quform-sub-label-above\">First name<\/label><div class=\"quform-input quform-input-text quform-input-82_3_2 quform-cf\"><input type=\"text\" id=\"quform_82_3_2_d500d0\" name=\"quform_82_3[2]\" class=\"quform-field quform-field-text quform-field-82_3_2\" aria-labelledby=\"quform_82_3_d500d0_label quform_82_3_2_d500d0_sub_label_above\" \/><\/div><\/div><\/div><\/div><\/div><div class=\"quform-element-column\"><div class=\"quform-element quform-element-text quform-element-82_3_4 quform-cf quform-element-optional\"><div class=\"quform-spacer\"><div class=\"quform-inner quform-inner-text quform-inner-82_3_4\"><label id=\"quform_82_3_4_d500d0_sub_label_above\" class=\"quform-sub-label quform-sub-label-above\">FAMILY NAME<\/label><div class=\"quform-input quform-input-text quform-input-82_3_4 quform-cf\"><input type=\"text\" id=\"quform_82_3_4_d500d0\" name=\"quform_82_3[4]\" class=\"quform-field quform-field-text quform-field-82_3_4\" aria-labelledby=\"quform_82_3_d500d0_label quform_82_3_4_d500d0_sub_label_above\" \/><\/div><\/div><\/div><\/div><\/div><\/div><\/div><\/div><\/div><\/div><div class=\"quform-element quform-element-text quform-element-82_27 quform-cf quform-element-required\"><div class=\"quform-spacer\"><div class=\"quform-label quform-label-82_27\"><label class=\"quform-label-text\" for=\"quform_82_27_d500d0\">Year of Birth <span class=\"quform-required\">*<\/span><\/label><\/div><div class=\"quform-inner quform-inner-text quform-inner-82_27\"><p class=\"quform-description quform-description-above\">(YYYY)<\/p><div class=\"quform-input quform-input-text quform-input-82_27 quform-cf\"><input type=\"text\" id=\"quform_82_27_d500d0\" name=\"quform_82_27\" class=\"quform-field quform-field-text quform-field-82_27\" \/><\/div><\/div><\/div><\/div><div class=\"quform-element quform-element-email quform-element-82_7 quform-cf quform-element-required\"><div class=\"quform-spacer\"><div class=\"quform-label quform-label-82_7\"><label class=\"quform-label-text\" for=\"quform_82_7_d500d0\">E-Mail<span class=\"quform-required\">*<\/span><\/label><\/div><div class=\"quform-inner quform-inner-email quform-inner-82_7\"><p class=\"quform-description quform-description-above\">You can use your private email related to your eventual existing personal membership or your company email.\n<\/p><div class=\"quform-input quform-input-email quform-input-82_7 quform-cf\"><input type=\"email\" id=\"quform_82_7_d500d0\" name=\"quform_82_7\" class=\"quform-field quform-field-email quform-field-82_7\" \/><\/div><\/div><\/div><\/div><div class=\"quform-element quform-element-text quform-element-82_8 quform-cf quform-element-required\"><div class=\"quform-spacer\"><div class=\"quform-label quform-label-82_8\"><label class=\"quform-label-text\" for=\"quform_82_8_d500d0\">International Mobile Number<span class=\"quform-required\">*<\/span><\/label><\/div><div class=\"quform-inner quform-inner-text quform-inner-82_8\"><p class=\"quform-description quform-description-above\">e.g. CH +41 7x xxx xxxx<\/p><div class=\"quform-input quform-input-text quform-input-82_8 quform-cf\"><input type=\"text\" id=\"quform_82_8_d500d0\" name=\"quform_82_8\" class=\"quform-field quform-field-text quform-field-82_8\" \/><\/div><\/div><\/div><\/div><div class=\"quform-element quform-element-text quform-element-82_15 quform-cf quform-element-required\"><div class=\"quform-spacer\"><div class=\"quform-label quform-label-82_15\"><label class=\"quform-label-text\" for=\"quform_82_15_d500d0\">Current company and\/or educational institution<span class=\"quform-required\">*<\/span><\/label><\/div><div class=\"quform-inner quform-inner-text quform-inner-82_15\"><p class=\"quform-description quform-description-above\"> Ideally put WEB ADDRESS, e.g. \"www.ABB.com\/ch and www.epfl.ch\" (if both apply)<\/p><div class=\"quform-input quform-input-text quform-input-82_15 quform-cf\"><input type=\"text\" id=\"quform_82_15_d500d0\" name=\"quform_82_15\" class=\"quform-field quform-field-text quform-field-82_15\" \/><\/div><\/div><\/div><\/div><div class=\"quform-element quform-element-text quform-element-82_24 quform-cf quform-element-required\"><div class=\"quform-spacer\"><div class=\"quform-label quform-label-82_24\"><label class=\"quform-label-text\" for=\"quform_82_24_d500d0\">Postal Code<span class=\"quform-required\">*<\/span><\/label><\/div><div class=\"quform-inner quform-inner-text quform-inner-82_24\"><div class=\"quform-input quform-input-text quform-input-82_24 quform-cf\"><input type=\"text\" id=\"quform_82_24_d500d0\" name=\"quform_82_24\" class=\"quform-field quform-field-text quform-field-82_24\" \/><\/div><\/div><\/div><\/div><div class=\"quform-element quform-element-text quform-element-82_14 quform-cf quform-element-required\"><div class=\"quform-spacer\"><div class=\"quform-label quform-label-82_14\"><label class=\"quform-label-text\" for=\"quform_82_14_d500d0\">COUNTRY of residence \/ association membership<span class=\"quform-required\">*<\/span><\/label><\/div><div class=\"quform-inner quform-inner-text quform-inner-82_14\"><p class=\"quform-description quform-description-above\">e.g. Austria, Germany, France, Italy, Switzerland, Belgium, UK,...<\/p><div class=\"quform-input quform-input-text quform-input-82_14 quform-cf\"><input type=\"text\" id=\"quform_82_14_d500d0\" name=\"quform_82_14\" class=\"quform-field quform-field-text quform-field-82_14\" \/><\/div><\/div><\/div><\/div><div class=\"quform-element quform-element-text quform-element-82_16 quform-cf quform-element-required\"><div class=\"quform-spacer\"><div class=\"quform-label quform-label-82_16\"><label class=\"quform-label-text\" for=\"quform_82_16_d500d0\">Professional function and\/or educational target title<span class=\"quform-required\">*<\/span><\/label><\/div><div class=\"quform-inner quform-inner-text quform-inner-82_16\"><p class=\"quform-description quform-description-above\">e.g. Project Manager 60% &amp; candidate ZHAW Bachelor Energie &amp; Umwelt 50%<\/p><div class=\"quform-input quform-input-text quform-input-82_16 quform-cf\"><input type=\"text\" id=\"quform_82_16_d500d0\" name=\"quform_82_16\" class=\"quform-field quform-field-text quform-field-82_16\" \/><\/div><\/div><\/div><\/div><div class=\"quform-element quform-element-checkbox quform-element-82_29 quform-cf quform-element-required\"><div class=\"quform-spacer\"><div class=\"quform-label quform-label-82_29\"><label class=\"quform-label-text\" id=\"quform_82_29_d500d0_label\">Tick all your currently active memberships in your country of residence<span class=\"quform-required\">*<\/span><\/label><\/div><div class=\"quform-inner quform-inner-checkbox quform-inner-82_29\"><div class=\"quform-input quform-input-checkbox quform-input-82_29 quform-cf\"><div class=\"quform-options quform-cf quform-options-block quform-options-simple\" role=\"group\" aria-labelledby=\"quform_82_29_d500d0_label\"><div class=\"quform-option\"><input type=\"checkbox\" name=\"quform_82_29[]\" id=\"quform_82_29_d500d0_1\" class=\"quform-field quform-field-checkbox quform-field-82_29 quform-field-82_29_1\" value=\"CIGRE personal membership\" \/><label for=\"quform_82_29_d500d0_1\" class=\"quform-option-label quform-option-label-82_29_1\"><span class=\"quform-option-text\">CIGRE personal membership<\/span><\/label><\/div><div class=\"quform-option\"><input type=\"checkbox\" name=\"quform_82_29[]\" id=\"quform_82_29_d500d0_2\" class=\"quform-field quform-field-checkbox quform-field-82_29 quform-field-82_29_2\" value=\"National Association membership (e.g. Electrosuisse, OVE, VDE, MEE, SEP, OE, AIEE, EZS, IE\u2026)\" \/><label for=\"quform_82_29_d500d0_2\" class=\"quform-option-label quform-option-label-82_29_2\"><span class=\"quform-option-text\">National Association membership (e.g. Electrosuisse, OVE, VDE, MEE, SEP, OE, AIEE, EZS, IE\u2026)<\/span><\/label><\/div><\/div><\/div><\/div><\/div><\/div><div class=\"quform-element quform-element-textarea quform-element-82_19 quform-cf quform-element-optional\"><div class=\"quform-spacer\"><div class=\"quform-label quform-label-82_19\"><label class=\"quform-label-text\" for=\"quform_82_19_d500d0\">Further remarks or needs<\/label><\/div><div class=\"quform-inner quform-inner-textarea quform-inner-82_19\"><div class=\"quform-input quform-input-textarea quform-input-82_19 quform-cf\"><textarea id=\"quform_82_19_d500d0\" name=\"quform_82_19\" class=\"quform-field quform-field-textarea quform-field-82_19\"><\/textarea><\/div><\/div><\/div><\/div><div class=\"quform-element quform-element-submit quform-element-82_2 quform-cf quform-button-style-theme\"><div class=\"quform-button-submit quform-button-submit-default quform-button-submit-82_2\"><button name=\"quform_submit\" type=\"submit\" class=\"quform-submit\" value=\"submit\"><span class=\"quform-button-text quform-button-submit-text\">Absenden<\/span><\/button><\/div><div class=\"quform-loading quform-loading-position-left quform-loading-type-spinner-1\"><div class=\"quform-loading-inner\"><div class=\"quform-loading-spinner\"><div class=\"quform-loading-spinner-inner\"><\/div><\/div><\/div><\/div><\/div><div class=\"quform-element quform-element-textarea quform-element-82_250800 quform-sr-only quform-cf\" style=\"clip: rect(1px, 1px, 1px, 1px); clip-path: inset(50%); position: absolute !important; height: 1px; width: 1px; overflow: hidden;\"><div class=\"quform-spacer\"><div class=\"quform-label quform-label-82_250800\"><label class=\"quform-label-text\" for=\"quform_82_250800_d500d0\">Email<span class=\"quform-required\">*<\/span><\/label><\/div><div class=\"quform-inner quform-inner-82_250800\"><textarea id=\"quform_82_250800_d500d0\" name=\"quform_82_250800\" class=\"quform-field quform-field-textarea quform-field-82_250800\" tabindex=\"-1\" autocomplete=\"new-password\"><\/textarea><\/div><\/div><\/div><\/div><\/div><\/div><\/div><\/form><\/div><\/div><\/div>[\/vc_column][\/vc_row]<\/p>\n<\/div>","protected":false},"excerpt":{"rendered":"<p>[vc_row][vc_column][\/vc_column][\/vc_row]<\/p>\n","protected":false},"author":38,"featured_media":0,"parent":0,"menu_order":4,"comment_status":"closed","ping_status":"closed","template":"","meta":{"_acf_changed":false,"_monsterinsights_skip_tracking":false,"_monsterinsights_sitenote_active":false,"_monsterinsights_sitenote_note":"","_monsterinsights_sitenote_category":0,"footnotes":""},"class_list":["post-44357","page","type-page","status-publish","hentry"],"acf":[],"yoast_head":"<!-- This site is optimized with the Yoast SEO Premium plugin v26.4 (Yoast SEO v27.0) - https:\/\/yoast.com\/product\/yoast-seo-premium-wordpress\/ -->\n<title>CIGRE @ eFLY 2026 - Electrosuisse<\/title>\n<meta name=\"robots\" content=\"index, follow, max-snippet:-1, max-image-preview:large, max-video-preview:-1\" \/>\n<link rel=\"canonical\" href=\"https:\/\/www.electrosuisse.ch\/de\/cigre-efly\/\" \/>\n<meta property=\"og:locale\" content=\"de_DE\" \/>\n<meta property=\"og:type\" content=\"article\" \/>\n<meta property=\"og:title\" content=\"CIGRE @ eFLY 2026 - Electrosuisse\" \/>\n<meta property=\"og:description\" content=\"[vc_row][vc_column][\/vc_column][\/vc_row]\" \/>\n<meta property=\"og:url\" content=\"https:\/\/www.electrosuisse.ch\/de\/cigre-efly\/\" \/>\n<meta property=\"og:site_name\" content=\"Electrosuisse\" \/>\n<meta property=\"article:modified_time\" content=\"2026-04-15T08:00:41+00:00\" \/>\n<meta property=\"og:image\" content=\"https:\/\/www.electrosuisse.ch\/wp-content\/uploads\/2022\/12\/Electrosuisse_Ueber_uns_1578x650.jpg\" \/>\n\t<meta property=\"og:image:width\" content=\"1578\" \/>\n\t<meta property=\"og:image:height\" content=\"650\" \/>\n\t<meta property=\"og:image:type\" content=\"image\/jpeg\" \/>\n<script type=\"application\/ld+json\" class=\"yoast-schema-graph\">{\"@context\":\"https:\/\/schema.org\",\"@graph\":[{\"@type\":\"WebPage\",\"@id\":\"https:\/\/www.electrosuisse.ch\/de\/cigre-efly\/\",\"url\":\"https:\/\/www.electrosuisse.ch\/de\/cigre-efly\/\",\"name\":\"CIGRE @ eFLY 2026 - Electrosuisse\",\"isPartOf\":{\"@id\":\"https:\/\/www.electrosuisse.ch\/de\/#website\"},\"datePublished\":\"2026-04-15T07:58:04+00:00\",\"dateModified\":\"2026-04-15T08:00:41+00:00\",\"inLanguage\":\"de\",\"potentialAction\":[{\"@type\":\"ReadAction\",\"target\":[\"https:\/\/www.electrosuisse.ch\/de\/cigre-efly\/\"]}]},{\"@type\":\"WebSite\",\"@id\":\"https:\/\/www.electrosuisse.ch\/de\/#website\",\"url\":\"https:\/\/www.electrosuisse.ch\/de\/\",\"name\":\"Electrosuisse\",\"description\":\"\",\"publisher\":{\"@id\":\"https:\/\/www.electrosuisse.ch\/de\/#organization\"},\"potentialAction\":[{\"@type\":\"SearchAction\",\"target\":{\"@type\":\"EntryPoint\",\"urlTemplate\":\"https:\/\/www.electrosuisse.ch\/de\/?s={search_term_string}\"},\"query-input\":{\"@type\":\"PropertyValueSpecification\",\"valueRequired\":true,\"valueName\":\"search_term_string\"}}],\"inLanguage\":\"de\"},{\"@type\":\"Organization\",\"@id\":\"https:\/\/www.electrosuisse.ch\/de\/#organization\",\"name\":\"Electrosuisse\",\"url\":\"https:\/\/www.electrosuisse.ch\/de\/\",\"logo\":{\"@type\":\"ImageObject\",\"inLanguage\":\"de\",\"@id\":\"https:\/\/www.electrosuisse.ch\/de\/#\/schema\/logo\/image\/\",\"url\":\"https:\/\/www.electrosuisse.ch\/wp-content\/uploads\/2025\/04\/Electrosuisse_Logo_696x696.png\",\"contentUrl\":\"https:\/\/www.electrosuisse.ch\/wp-content\/uploads\/2025\/04\/Electrosuisse_Logo_696x696.png\",\"width\":696,\"height\":696,\"caption\":\"Electrosuisse\"},\"image\":{\"@id\":\"https:\/\/www.electrosuisse.ch\/de\/#\/schema\/logo\/image\/\"},\"sameAs\":[\"https:\/\/www.linkedin.com\/company\/electrosuisse-ag\/posts\/?feedView=all\",\"https:\/\/www.instagram.com\/electrosuisse1889\/\",\"https:\/\/www.youtube.com\/channel\/UCoOxohMiVE0Gjcdis1L09zw\"],\"description\":\"Electrosuisse ist eine anerkannte und unabh\u00e4ngige Fachorganisation, die erstklassige Dienstleistungen und Produkte in den Bereichen Inspektion, Beratung, Pr\u00fcfung, Zertifizierung, Normung und Weiterbildung anbietet. Unsere Expertise umfasst Elektrotechnik, Elektromobilit\u00e4t, Energieberatung, Geb\u00e4udeautomation und Photovoltaik in der Schweiz. Durch die Veranstaltung etablierter Branchen-Events und Fachtagungen f\u00f6rdert Electrosuisse den Wissenstransfer und den fachlichen Austausch. Im Mittelpunkt unserer T\u00e4tigkeiten steht die F\u00f6rderung der sicheren, wirtschaftlichen und umweltgerechten Anwendung der Elektrotechnik.\"}]}<\/script>\n<!-- \/ Yoast SEO Premium plugin. -->","yoast_head_json":{"title":"CIGRE @ eFLY 2026 - Electrosuisse","robots":{"index":"index","follow":"follow","max-snippet":"max-snippet:-1","max-image-preview":"max-image-preview:large","max-video-preview":"max-video-preview:-1"},"canonical":"https:\/\/www.electrosuisse.ch\/de\/cigre-efly\/","og_locale":"de_DE","og_type":"article","og_title":"CIGRE @ eFLY 2026 - Electrosuisse","og_description":"[vc_row][vc_column][\/vc_column][\/vc_row]","og_url":"https:\/\/www.electrosuisse.ch\/de\/cigre-efly\/","og_site_name":"Electrosuisse","article_modified_time":"2026-04-15T08:00:41+00:00","og_image":[{"width":1578,"height":650,"url":"https:\/\/www.electrosuisse.ch\/wp-content\/uploads\/2022\/12\/Electrosuisse_Ueber_uns_1578x650.jpg","type":"image\/jpeg"}],"schema":{"@context":"https:\/\/schema.org","@graph":[{"@type":"WebPage","@id":"https:\/\/www.electrosuisse.ch\/de\/cigre-efly\/","url":"https:\/\/www.electrosuisse.ch\/de\/cigre-efly\/","name":"CIGRE @ eFLY 2026 - Electrosuisse","isPartOf":{"@id":"https:\/\/www.electrosuisse.ch\/de\/#website"},"datePublished":"2026-04-15T07:58:04+00:00","dateModified":"2026-04-15T08:00:41+00:00","inLanguage":"de","potentialAction":[{"@type":"ReadAction","target":["https:\/\/www.electrosuisse.ch\/de\/cigre-efly\/"]}]},{"@type":"WebSite","@id":"https:\/\/www.electrosuisse.ch\/de\/#website","url":"https:\/\/www.electrosuisse.ch\/de\/","name":"Electrosuisse","description":"","publisher":{"@id":"https:\/\/www.electrosuisse.ch\/de\/#organization"},"potentialAction":[{"@type":"SearchAction","target":{"@type":"EntryPoint","urlTemplate":"https:\/\/www.electrosuisse.ch\/de\/?s={search_term_string}"},"query-input":{"@type":"PropertyValueSpecification","valueRequired":true,"valueName":"search_term_string"}}],"inLanguage":"de"},{"@type":"Organization","@id":"https:\/\/www.electrosuisse.ch\/de\/#organization","name":"Electrosuisse","url":"https:\/\/www.electrosuisse.ch\/de\/","logo":{"@type":"ImageObject","inLanguage":"de","@id":"https:\/\/www.electrosuisse.ch\/de\/#\/schema\/logo\/image\/","url":"https:\/\/www.electrosuisse.ch\/wp-content\/uploads\/2025\/04\/Electrosuisse_Logo_696x696.png","contentUrl":"https:\/\/www.electrosuisse.ch\/wp-content\/uploads\/2025\/04\/Electrosuisse_Logo_696x696.png","width":696,"height":696,"caption":"Electrosuisse"},"image":{"@id":"https:\/\/www.electrosuisse.ch\/de\/#\/schema\/logo\/image\/"},"sameAs":["https:\/\/www.linkedin.com\/company\/electrosuisse-ag\/posts\/?feedView=all","https:\/\/www.instagram.com\/electrosuisse1889\/","https:\/\/www.youtube.com\/channel\/UCoOxohMiVE0Gjcdis1L09zw"],"description":"Electrosuisse ist eine anerkannte und unabh\u00e4ngige Fachorganisation, die erstklassige Dienstleistungen und Produkte in den Bereichen Inspektion, Beratung, Pr\u00fcfung, Zertifizierung, Normung und Weiterbildung anbietet. Unsere Expertise umfasst Elektrotechnik, Elektromobilit\u00e4t, Energieberatung, Geb\u00e4udeautomation und Photovoltaik in der Schweiz. Durch die Veranstaltung etablierter Branchen-Events und Fachtagungen f\u00f6rdert Electrosuisse den Wissenstransfer und den fachlichen Austausch. Im Mittelpunkt unserer T\u00e4tigkeiten steht die F\u00f6rderung der sicheren, wirtschaftlichen und umweltgerechten Anwendung der Elektrotechnik."}]}},"amp_enabled":true,"_links":{"self":[{"href":"https:\/\/www.electrosuisse.ch\/de\/wp-json\/wp\/v2\/pages\/44357","targetHints":{"allow":["GET"]}}],"collection":[{"href":"https:\/\/www.electrosuisse.ch\/de\/wp-json\/wp\/v2\/pages"}],"about":[{"href":"https:\/\/www.electrosuisse.ch\/de\/wp-json\/wp\/v2\/types\/page"}],"author":[{"embeddable":true,"href":"https:\/\/www.electrosuisse.ch\/de\/wp-json\/wp\/v2\/users\/38"}],"replies":[{"embeddable":true,"href":"https:\/\/www.electrosuisse.ch\/de\/wp-json\/wp\/v2\/comments?post=44357"}],"version-history":[{"count":2,"href":"https:\/\/www.electrosuisse.ch\/de\/wp-json\/wp\/v2\/pages\/44357\/revisions"}],"predecessor-version":[{"id":44360,"href":"https:\/\/www.electrosuisse.ch\/de\/wp-json\/wp\/v2\/pages\/44357\/revisions\/44360"}],"wp:attachment":[{"href":"https:\/\/www.electrosuisse.ch\/de\/wp-json\/wp\/v2\/media?parent=44357"}],"curies":[{"name":"wp","href":"https:\/\/api.w.org\/{rel}","templated":true}]}}