{"id":43943,"date":"2026-04-13T10:43:14","date_gmt":"2026-04-13T08:43:14","guid":{"rendered":"https:\/\/www.electrosuisse.ch\/?page_id=43943"},"modified":"2026-04-13T10:43:42","modified_gmt":"2026-04-13T08:43:42","slug":"cigre-switzerland-welcome-webinar-registration-wednesday-29-04-2026","status":"publish","type":"page","link":"https:\/\/www.electrosuisse.ch\/de\/cigre-switzerland-welcome-webinar-registration-wednesday-29-04-2026\/","title":{"rendered":"CIGRE Switzerland WELCOME webinar &#8211; REGISTRATION Wednesday 29.04.2026"},"content":{"rendered":"<div class=\"wpb-content-wrapper\"><p>[vc_row][vc_column]<div class=\"wpb_form_column wpb_content_element\"><div class=\"wpb_wrapper test\"><div id=\"quform-1a7d15\" class=\"quform quform-80 quform-support-page-caching\"><form id=\"quform-form-1a7d15\" class=\"quform-form quform-form-80\" action=\"\/de\/wp-json\/wp\/v2\/pages\/43943#quform-1a7d15\" method=\"post\" enctype=\"multipart\/form-data\" novalidate=\"novalidate\" data-options=\"{&quot;id&quot;:80,&quot;uniqueId&quot;:&quot;1a7d15&quot;,&quot;theme&quot;:&quot;&quot;,&quot;ajax&quot;:true,&quot;logic&quot;:{&quot;logic&quot;:[],&quot;dependents&quot;:[],&quot;elementIds&quot;:[],&quot;dependentElementIds&quot;:[],&quot;animate&quot;:true},&quot;currentPageId&quot;:1,&quot;errorsIcon&quot;:&quot;&quot;,&quot;updateFancybox&quot;:true,&quot;hasPages&quot;:false,&quot;pages&quot;:[1],&quot;pageProgressType&quot;:&quot;numbers&quot;,&quot;tooltipsEnabled&quot;:true,&quot;tooltipClasses&quot;:&quot;qtip-quform-dark qtip-shadow&quot;,&quot;tooltipMy&quot;:&quot;left center&quot;,&quot;tooltipAt&quot;:&quot;right center&quot;,&quot;isRtl&quot;:false,&quot;scrollOffset&quot;:-50,&quot;scrollSpeed&quot;:800}\"><button class=\"quform-default-submit\" name=\"quform_submit\" type=\"submit\" value=\"submit\" aria-hidden=\"true\" tabindex=\"-1\"><\/button><div class=\"quform-form-inner quform-form-inner-80\"><input type=\"hidden\" name=\"quform_form_id\" value=\"80\" \/><input type=\"hidden\" name=\"quform_form_uid\" value=\"1a7d15\" \/><input type=\"hidden\" name=\"quform_count\" value=\"1\" \/><input type=\"hidden\" name=\"form_url\" value=\"https:\/\/www.electrosuisse.ch\/de\/wp-json\/wp\/v2\/pages\/43943\" \/><input type=\"hidden\" name=\"referring_url\" value=\"\" \/><input type=\"hidden\" name=\"post_id\" value=\"\" \/><input type=\"hidden\" name=\"post_title\" value=\"\" \/><input type=\"hidden\" name=\"quform_current_page_id\" value=\"1\" \/><input type=\"hidden\" name=\"quform_loaded\" value=\"1776711375|9955eb3a54595ae9ac84125a26accf3d\" \/><input type=\"hidden\" name=\"quform_csrf_token\" value=\"J98aVFLhpo0ZjFi38fHVJW78w6Fv23qUgdVsDOyT\" \/><div class=\"quform-form-title-description\"><h2 class=\"quform-form-title\">CIGRE Switzerland WELCOME webinar<\/h2><p class=\"quform-form-description\">By submitting this form, my data will be transmitted to CIGRE at Electrosuisse for the purpose of the event participation. I consent to this data being used to contact and inform me on this event series. The event is free for CIGRE members, Electrosuisse\/OVE\/VDE members and guests interested in power system expertise and the energy transition from a Swiss perspective. Contact &#x63;&#x69;&#x67;&#114;&#101;&#64;e&#x6c;&#x65;&#x63;&#116;&#114;os&#x75;&#x69;&#x73;&#115;&#101;&#46;c&#x68; for questions or needs. CIGRE personal members have priority in case of overbooking.<\/p><\/div><div class=\"quform-elements quform-elements-80 quform-cf quform-responsive-elements-phone-landscape\"><div class=\"quform-element quform-element-page quform-page-1 quform-page-80_1 quform-cf quform-group-style-plain quform-first-page quform-last-page quform-current-page\"><div class=\"quform-page-title-description\"><h3 class=\"quform-page-title\">REGISTRATION Wednesday 29.04.2026 \/ 16.00 - 17.00 CEST<\/h3><\/div><div class=\"quform-child-elements\"><div class=\"quform-element quform-element-radio quform-element-80_4 quform-cf quform-element-required\"><div class=\"quform-spacer\"><div class=\"quform-label quform-label-80_4\"><label class=\"quform-label-text\" id=\"quform_80_4_1a7d15_label\">Gender<span class=\"quform-required\">*<\/span><\/label><\/div><div class=\"quform-inner quform-inner-radio quform-inner-80_4\"><div class=\"quform-input quform-input-radio quform-input-80_4 quform-cf\"><div class=\"quform-options quform-cf quform-options-block quform-options-simple\" role=\"radiogroup\" aria-labelledby=\"quform_80_4_1a7d15_label\"><div class=\"quform-option\"><input type=\"radio\" name=\"quform_80_4\" id=\"quform_80_4_1a7d15_1\" class=\"quform-field quform-field-radio quform-field-80_4 quform-field-80_4_1\" value=\"Female\" \/><label for=\"quform_80_4_1a7d15_1\" class=\"quform-option-label quform-option-label-80_4_1\"><span class=\"quform-option-text\">Female<\/span><\/label><\/div><div class=\"quform-option\"><input type=\"radio\" name=\"quform_80_4\" id=\"quform_80_4_1a7d15_2\" class=\"quform-field quform-field-radio quform-field-80_4 quform-field-80_4_2\" value=\"Male\" \/><label for=\"quform_80_4_1a7d15_2\" class=\"quform-option-label quform-option-label-80_4_2\"><span class=\"quform-option-text\">Male<\/span><\/label><\/div><div class=\"quform-option\"><input type=\"radio\" name=\"quform_80_4\" id=\"quform_80_4_1a7d15_3\" class=\"quform-field quform-field-radio quform-field-80_4 quform-field-80_4_3\" value=\"Diverse\" \/><label for=\"quform_80_4_1a7d15_3\" class=\"quform-option-label quform-option-label-80_4_3\"><span class=\"quform-option-text\">Diverse<\/span><\/label><\/div><\/div><\/div><\/div><\/div><\/div><div class=\"quform-element quform-element-name quform-element-80_3 quform-cf quform-element-optional\"><div class=\"quform-spacer\"><div class=\"quform-label quform-label-80_3\"><label class=\"quform-label-text\" id=\"quform_80_3_1a7d15_label\">Name<\/label><\/div><div class=\"quform-inner quform-inner-name quform-inner-80_3\"><div class=\"quform-input quform-input-name quform-input-80_3 quform-cf\"><div class=\"quform-element-row quform-2-columns quform-element-row-size-fixed quform-responsive-columns-phone-landscape\"><div class=\"quform-element-column\"><div class=\"quform-element quform-element-text quform-element-80_3_2 quform-cf quform-element-optional\"><div class=\"quform-spacer\"><div class=\"quform-inner quform-inner-text quform-inner-80_3_2\"><label id=\"quform_80_3_2_1a7d15_sub_label_above\" class=\"quform-sub-label quform-sub-label-above\">First name<\/label><div class=\"quform-input quform-input-text quform-input-80_3_2 quform-cf\"><input type=\"text\" id=\"quform_80_3_2_1a7d15\" name=\"quform_80_3[2]\" class=\"quform-field quform-field-text quform-field-80_3_2\" aria-labelledby=\"quform_80_3_1a7d15_label quform_80_3_2_1a7d15_sub_label_above\" \/><\/div><\/div><\/div><\/div><\/div><div class=\"quform-element-column\"><div class=\"quform-element quform-element-text quform-element-80_3_4 quform-cf quform-element-optional\"><div class=\"quform-spacer\"><div class=\"quform-inner quform-inner-text quform-inner-80_3_4\"><label id=\"quform_80_3_4_1a7d15_sub_label_above\" class=\"quform-sub-label quform-sub-label-above\">FAMILY NAME<\/label><div class=\"quform-input quform-input-text quform-input-80_3_4 quform-cf\"><input type=\"text\" id=\"quform_80_3_4_1a7d15\" name=\"quform_80_3[4]\" class=\"quform-field quform-field-text quform-field-80_3_4\" aria-labelledby=\"quform_80_3_1a7d15_label quform_80_3_4_1a7d15_sub_label_above\" \/><\/div><\/div><\/div><\/div><\/div><\/div><\/div><\/div><\/div><\/div><div class=\"quform-element quform-element-text quform-element-80_27 quform-cf quform-element-required\"><div class=\"quform-spacer\"><div class=\"quform-label quform-label-80_27\"><label class=\"quform-label-text\" for=\"quform_80_27_1a7d15\">Birth Date (YYYY)<span class=\"quform-required\">*<\/span><\/label><\/div><div class=\"quform-inner quform-inner-text quform-inner-80_27\"><div class=\"quform-input quform-input-text quform-input-80_27 quform-cf\"><input type=\"text\" id=\"quform_80_27_1a7d15\" name=\"quform_80_27\" class=\"quform-field quform-field-text quform-field-80_27\" \/><\/div><\/div><\/div><\/div><div class=\"quform-element quform-element-email quform-element-80_7 quform-cf quform-element-required\"><div class=\"quform-spacer\"><div class=\"quform-label quform-label-80_7\"><label class=\"quform-label-text\" for=\"quform_80_7_1a7d15\">E-Mail<span class=\"quform-required\">*<\/span><\/label><\/div><div class=\"quform-inner quform-inner-email quform-inner-80_7\"><p class=\"quform-description quform-description-above\">You can use your private email related to your eventual existing personal membership or your company email.\n<\/p><div class=\"quform-input quform-input-email quform-input-80_7 quform-cf\"><input type=\"email\" id=\"quform_80_7_1a7d15\" name=\"quform_80_7\" class=\"quform-field quform-field-email quform-field-80_7\" \/><\/div><\/div><\/div><\/div><div class=\"quform-element quform-element-textarea quform-element-80_571955 quform-sr-only quform-cf\" style=\"clip: rect(1px, 1px, 1px, 1px); clip-path: inset(50%); position: absolute !important; height: 1px; width: 1px; overflow: hidden;\"><div class=\"quform-spacer\"><div class=\"quform-label quform-label-80_571955\"><label class=\"quform-label-text\" for=\"quform_80_571955_1a7d15\">Business Email<span class=\"quform-required\">*<\/span><\/label><\/div><div class=\"quform-inner quform-inner-80_571955\"><textarea id=\"quform_80_571955_1a7d15\" name=\"quform_80_571955\" class=\"quform-field quform-field-textarea quform-field-80_571955\" tabindex=\"-1\" autocomplete=\"new-password\"><\/textarea><\/div><\/div><\/div><div class=\"quform-element quform-element-text quform-element-80_8 quform-cf quform-element-required\"><div class=\"quform-spacer\"><div class=\"quform-label quform-label-80_8\"><label class=\"quform-label-text\" for=\"quform_80_8_1a7d15\">International Mobile Number<span class=\"quform-required\">*<\/span><\/label><\/div><div class=\"quform-inner quform-inner-text quform-inner-80_8\"><p class=\"quform-description quform-description-above\">e.g. CH +41 7x xxx xxxx<\/p><div class=\"quform-input quform-input-text quform-input-80_8 quform-cf\"><input type=\"text\" id=\"quform_80_8_1a7d15\" name=\"quform_80_8\" class=\"quform-field quform-field-text quform-field-80_8\" \/><\/div><\/div><\/div><\/div><div class=\"quform-element quform-element-text quform-element-80_15 quform-cf quform-element-required\"><div class=\"quform-spacer\"><div class=\"quform-label quform-label-80_15\"><label class=\"quform-label-text\" for=\"quform_80_15_1a7d15\">Current company and\/or educational institution<span class=\"quform-required\">*<\/span><\/label><\/div><div class=\"quform-inner quform-inner-text quform-inner-80_15\"><p class=\"quform-description quform-description-above\"> Ideally put WEB ADDRESS, e.g. \"www.ABB.com\/ch and www.epfl.ch\" (if both apply)<\/p><div class=\"quform-input quform-input-text quform-input-80_15 quform-cf\"><input type=\"text\" id=\"quform_80_15_1a7d15\" name=\"quform_80_15\" class=\"quform-field quform-field-text quform-field-80_15\" \/><\/div><\/div><\/div><\/div><div class=\"quform-element quform-element-text quform-element-80_24 quform-cf quform-element-required\"><div class=\"quform-spacer\"><div class=\"quform-label quform-label-80_24\"><label class=\"quform-label-text\" for=\"quform_80_24_1a7d15\">Postal Code<span class=\"quform-required\">*<\/span><\/label><\/div><div class=\"quform-inner quform-inner-text quform-inner-80_24\"><div class=\"quform-input quform-input-text quform-input-80_24 quform-cf\"><input type=\"text\" id=\"quform_80_24_1a7d15\" name=\"quform_80_24\" class=\"quform-field quform-field-text quform-field-80_24\" \/><\/div><\/div><\/div><\/div><div class=\"quform-element quform-element-text quform-element-80_14 quform-cf quform-element-required\"><div class=\"quform-spacer\"><div class=\"quform-label quform-label-80_14\"><label class=\"quform-label-text\" for=\"quform_80_14_1a7d15\">COUNTRY of residence \/ association membership<span class=\"quform-required\">*<\/span><\/label><\/div><div class=\"quform-inner quform-inner-text quform-inner-80_14\"><p class=\"quform-description quform-description-above\">e.g. Austria, Germany, France, Italy, Switzerland, Belgium, UK,...<\/p><div class=\"quform-input quform-input-text quform-input-80_14 quform-cf\"><input type=\"text\" id=\"quform_80_14_1a7d15\" name=\"quform_80_14\" class=\"quform-field quform-field-text quform-field-80_14\" \/><\/div><\/div><\/div><\/div><div class=\"quform-element quform-element-text quform-element-80_16 quform-cf quform-element-required\"><div class=\"quform-spacer\"><div class=\"quform-label quform-label-80_16\"><label class=\"quform-label-text\" for=\"quform_80_16_1a7d15\">Professional function and\/or educational target title<span class=\"quform-required\">*<\/span><\/label><\/div><div class=\"quform-inner quform-inner-text quform-inner-80_16\"><p class=\"quform-description quform-description-above\">e.g. Project Manager 60% &amp; candidate ZHAW Bachelor Energie &amp; Umwelt 50%<\/p><div class=\"quform-input quform-input-text quform-input-80_16 quform-cf\"><input type=\"text\" id=\"quform_80_16_1a7d15\" name=\"quform_80_16\" class=\"quform-field quform-field-text quform-field-80_16\" \/><\/div><\/div><\/div><\/div><div class=\"quform-element quform-element-checkbox quform-element-80_17 quform-cf quform-element-required\"><div class=\"quform-spacer\"><div class=\"quform-label quform-label-80_17\"><label class=\"quform-label-text\" id=\"quform_80_17_1a7d15_label\">Tick all your currently active memberships in your country of residence<span class=\"quform-required\">*<\/span><\/label><\/div><div class=\"quform-inner quform-inner-checkbox quform-inner-80_17\"><div class=\"quform-input quform-input-checkbox quform-input-80_17 quform-cf\"><div class=\"quform-options quform-cf quform-options-block quform-options-simple\" role=\"group\" aria-labelledby=\"quform_80_17_1a7d15_label\"><div class=\"quform-option\"><input type=\"checkbox\" name=\"quform_80_17[]\" id=\"quform_80_17_1a7d15_1\" class=\"quform-field quform-field-checkbox quform-field-80_17 quform-field-80_17_1\" value=\"CIGRE personal membership\" \/><label for=\"quform_80_17_1a7d15_1\" class=\"quform-option-label quform-option-label-80_17_1\"><span class=\"quform-option-text\">CIGRE personal membership<\/span><\/label><\/div><div class=\"quform-option\"><input type=\"checkbox\" name=\"quform_80_17[]\" id=\"quform_80_17_1a7d15_2\" class=\"quform-field quform-field-checkbox quform-field-80_17 quform-field-80_17_2\" value=\"National Association membership (e.g. Electrosuisse, OVE, VDE, MEE, SEP, OE, AIEE, EZS, IE\u2026)\" \/><label for=\"quform_80_17_1a7d15_2\" class=\"quform-option-label quform-option-label-80_17_2\"><span class=\"quform-option-text\">National Association membership (e.g. Electrosuisse, OVE, VDE, MEE, SEP, OE, AIEE, EZS, IE\u2026)<\/span><\/label><\/div><\/div><\/div><\/div><\/div><\/div><div class=\"quform-element quform-element-textarea quform-element-80_19 quform-cf quform-element-optional\"><div class=\"quform-spacer\"><div class=\"quform-label quform-label-80_19\"><label class=\"quform-label-text\" for=\"quform_80_19_1a7d15\">Further remarks or needs<\/label><\/div><div class=\"quform-inner quform-inner-textarea quform-inner-80_19\"><div class=\"quform-input quform-input-textarea quform-input-80_19 quform-cf\"><textarea id=\"quform_80_19_1a7d15\" name=\"quform_80_19\" class=\"quform-field quform-field-textarea quform-field-80_19\"><\/textarea><\/div><\/div><\/div><\/div><div class=\"quform-element quform-element-submit quform-element-80_2 quform-cf quform-button-style-theme\"><div class=\"quform-button-submit quform-button-submit-default quform-button-submit-80_2\"><button name=\"quform_submit\" type=\"submit\" class=\"quform-submit\" value=\"submit\"><span class=\"quform-button-text quform-button-submit-text\">Absenden<\/span><\/button><\/div><div class=\"quform-loading quform-loading-position-left quform-loading-type-spinner-1\"><div class=\"quform-loading-inner\"><div class=\"quform-loading-spinner\"><div class=\"quform-loading-spinner-inner\"><\/div><\/div><\/div><\/div><\/div><\/div><\/div><\/div><\/div><\/form><\/div><\/div><\/div>[\/vc_column][\/vc_row]<\/p>\n<\/div>","protected":false},"excerpt":{"rendered":"<p>[vc_row][vc_column][\/vc_column][\/vc_row]<\/p>\n","protected":false},"author":38,"featured_media":0,"parent":0,"menu_order":1,"comment_status":"closed","ping_status":"closed","template":"","meta":{"_acf_changed":false,"_monsterinsights_skip_tracking":false,"_monsterinsights_sitenote_active":false,"_monsterinsights_sitenote_note":"","_monsterinsights_sitenote_category":0,"footnotes":""},"class_list":["post-43943","page","type-page","status-publish","hentry"],"acf":[],"yoast_head":"<!-- This site is optimized with the Yoast SEO Premium plugin v26.4 (Yoast SEO v27.0) - https:\/\/yoast.com\/product\/yoast-seo-premium-wordpress\/ -->\n<title>CIGRE Switzerland WELCOME webinar - REGISTRATION Wednesday 29.04.2026 - Electrosuisse<\/title>\n<meta name=\"robots\" content=\"index, follow, max-snippet:-1, max-image-preview:large, max-video-preview:-1\" \/>\n<link rel=\"canonical\" href=\"https:\/\/www.electrosuisse.ch\/de\/cigre-switzerland-welcome-webinar-registration-wednesday-29-04-2026\/\" \/>\n<meta property=\"og:locale\" content=\"de_DE\" \/>\n<meta property=\"og:type\" content=\"article\" \/>\n<meta property=\"og:title\" content=\"CIGRE Switzerland WELCOME webinar - REGISTRATION Wednesday 29.04.2026 - Electrosuisse\" \/>\n<meta property=\"og:description\" content=\"[vc_row][vc_column][\/vc_column][\/vc_row]\" \/>\n<meta property=\"og:url\" content=\"https:\/\/www.electrosuisse.ch\/de\/cigre-switzerland-welcome-webinar-registration-wednesday-29-04-2026\/\" \/>\n<meta property=\"og:site_name\" content=\"Electrosuisse\" \/>\n<meta property=\"article:modified_time\" content=\"2026-04-13T08:43:42+00:00\" \/>\n<meta property=\"og:image\" content=\"https:\/\/www.electrosuisse.ch\/wp-content\/uploads\/2022\/12\/Electrosuisse_Ueber_uns_1578x650.jpg\" \/>\n\t<meta property=\"og:image:width\" content=\"1578\" \/>\n\t<meta property=\"og:image:height\" content=\"650\" \/>\n\t<meta property=\"og:image:type\" content=\"image\/jpeg\" \/>\n<script type=\"application\/ld+json\" class=\"yoast-schema-graph\">{\"@context\":\"https:\/\/schema.org\",\"@graph\":[{\"@type\":\"WebPage\",\"@id\":\"https:\/\/www.electrosuisse.ch\/de\/cigre-switzerland-welcome-webinar-registration-wednesday-29-04-2026\/\",\"url\":\"https:\/\/www.electrosuisse.ch\/de\/cigre-switzerland-welcome-webinar-registration-wednesday-29-04-2026\/\",\"name\":\"CIGRE Switzerland WELCOME webinar - REGISTRATION Wednesday 29.04.2026 - Electrosuisse\",\"isPartOf\":{\"@id\":\"https:\/\/www.electrosuisse.ch\/de\/#website\"},\"datePublished\":\"2026-04-13T08:43:14+00:00\",\"dateModified\":\"2026-04-13T08:43:42+00:00\",\"inLanguage\":\"de\",\"potentialAction\":[{\"@type\":\"ReadAction\",\"target\":[\"https:\/\/www.electrosuisse.ch\/de\/cigre-switzerland-welcome-webinar-registration-wednesday-29-04-2026\/\"]}]},{\"@type\":\"WebSite\",\"@id\":\"https:\/\/www.electrosuisse.ch\/de\/#website\",\"url\":\"https:\/\/www.electrosuisse.ch\/de\/\",\"name\":\"Electrosuisse\",\"description\":\"\",\"publisher\":{\"@id\":\"https:\/\/www.electrosuisse.ch\/de\/#organization\"},\"potentialAction\":[{\"@type\":\"SearchAction\",\"target\":{\"@type\":\"EntryPoint\",\"urlTemplate\":\"https:\/\/www.electrosuisse.ch\/de\/?s={search_term_string}\"},\"query-input\":{\"@type\":\"PropertyValueSpecification\",\"valueRequired\":true,\"valueName\":\"search_term_string\"}}],\"inLanguage\":\"de\"},{\"@type\":\"Organization\",\"@id\":\"https:\/\/www.electrosuisse.ch\/de\/#organization\",\"name\":\"Electrosuisse\",\"url\":\"https:\/\/www.electrosuisse.ch\/de\/\",\"logo\":{\"@type\":\"ImageObject\",\"inLanguage\":\"de\",\"@id\":\"https:\/\/www.electrosuisse.ch\/de\/#\/schema\/logo\/image\/\",\"url\":\"https:\/\/www.electrosuisse.ch\/wp-content\/uploads\/2025\/04\/Electrosuisse_Logo_696x696.png\",\"contentUrl\":\"https:\/\/www.electrosuisse.ch\/wp-content\/uploads\/2025\/04\/Electrosuisse_Logo_696x696.png\",\"width\":696,\"height\":696,\"caption\":\"Electrosuisse\"},\"image\":{\"@id\":\"https:\/\/www.electrosuisse.ch\/de\/#\/schema\/logo\/image\/\"},\"sameAs\":[\"https:\/\/www.linkedin.com\/company\/electrosuisse-ag\/posts\/?feedView=all\",\"https:\/\/www.instagram.com\/electrosuisse1889\/\",\"https:\/\/www.youtube.com\/channel\/UCoOxohMiVE0Gjcdis1L09zw\"],\"description\":\"Electrosuisse ist eine anerkannte und unabh\u00e4ngige Fachorganisation, die erstklassige Dienstleistungen und Produkte in den Bereichen Inspektion, Beratung, Pr\u00fcfung, Zertifizierung, Normung und Weiterbildung anbietet. Unsere Expertise umfasst Elektrotechnik, Elektromobilit\u00e4t, Energieberatung, Geb\u00e4udeautomation und Photovoltaik in der Schweiz. Durch die Veranstaltung etablierter Branchen-Events und Fachtagungen f\u00f6rdert Electrosuisse den Wissenstransfer und den fachlichen Austausch. Im Mittelpunkt unserer T\u00e4tigkeiten steht die F\u00f6rderung der sicheren, wirtschaftlichen und umweltgerechten Anwendung der Elektrotechnik.\"}]}<\/script>\n<!-- \/ Yoast SEO Premium plugin. -->","yoast_head_json":{"title":"CIGRE Switzerland WELCOME webinar - REGISTRATION Wednesday 29.04.2026 - Electrosuisse","robots":{"index":"index","follow":"follow","max-snippet":"max-snippet:-1","max-image-preview":"max-image-preview:large","max-video-preview":"max-video-preview:-1"},"canonical":"https:\/\/www.electrosuisse.ch\/de\/cigre-switzerland-welcome-webinar-registration-wednesday-29-04-2026\/","og_locale":"de_DE","og_type":"article","og_title":"CIGRE Switzerland WELCOME webinar - REGISTRATION Wednesday 29.04.2026 - Electrosuisse","og_description":"[vc_row][vc_column][\/vc_column][\/vc_row]","og_url":"https:\/\/www.electrosuisse.ch\/de\/cigre-switzerland-welcome-webinar-registration-wednesday-29-04-2026\/","og_site_name":"Electrosuisse","article_modified_time":"2026-04-13T08:43:42+00:00","og_image":[{"width":1578,"height":650,"url":"https:\/\/www.electrosuisse.ch\/wp-content\/uploads\/2022\/12\/Electrosuisse_Ueber_uns_1578x650.jpg","type":"image\/jpeg"}],"schema":{"@context":"https:\/\/schema.org","@graph":[{"@type":"WebPage","@id":"https:\/\/www.electrosuisse.ch\/de\/cigre-switzerland-welcome-webinar-registration-wednesday-29-04-2026\/","url":"https:\/\/www.electrosuisse.ch\/de\/cigre-switzerland-welcome-webinar-registration-wednesday-29-04-2026\/","name":"CIGRE Switzerland WELCOME webinar - REGISTRATION Wednesday 29.04.2026 - Electrosuisse","isPartOf":{"@id":"https:\/\/www.electrosuisse.ch\/de\/#website"},"datePublished":"2026-04-13T08:43:14+00:00","dateModified":"2026-04-13T08:43:42+00:00","inLanguage":"de","potentialAction":[{"@type":"ReadAction","target":["https:\/\/www.electrosuisse.ch\/de\/cigre-switzerland-welcome-webinar-registration-wednesday-29-04-2026\/"]}]},{"@type":"WebSite","@id":"https:\/\/www.electrosuisse.ch\/de\/#website","url":"https:\/\/www.electrosuisse.ch\/de\/","name":"Electrosuisse","description":"","publisher":{"@id":"https:\/\/www.electrosuisse.ch\/de\/#organization"},"potentialAction":[{"@type":"SearchAction","target":{"@type":"EntryPoint","urlTemplate":"https:\/\/www.electrosuisse.ch\/de\/?s={search_term_string}"},"query-input":{"@type":"PropertyValueSpecification","valueRequired":true,"valueName":"search_term_string"}}],"inLanguage":"de"},{"@type":"Organization","@id":"https:\/\/www.electrosuisse.ch\/de\/#organization","name":"Electrosuisse","url":"https:\/\/www.electrosuisse.ch\/de\/","logo":{"@type":"ImageObject","inLanguage":"de","@id":"https:\/\/www.electrosuisse.ch\/de\/#\/schema\/logo\/image\/","url":"https:\/\/www.electrosuisse.ch\/wp-content\/uploads\/2025\/04\/Electrosuisse_Logo_696x696.png","contentUrl":"https:\/\/www.electrosuisse.ch\/wp-content\/uploads\/2025\/04\/Electrosuisse_Logo_696x696.png","width":696,"height":696,"caption":"Electrosuisse"},"image":{"@id":"https:\/\/www.electrosuisse.ch\/de\/#\/schema\/logo\/image\/"},"sameAs":["https:\/\/www.linkedin.com\/company\/electrosuisse-ag\/posts\/?feedView=all","https:\/\/www.instagram.com\/electrosuisse1889\/","https:\/\/www.youtube.com\/channel\/UCoOxohMiVE0Gjcdis1L09zw"],"description":"Electrosuisse ist eine anerkannte und unabh\u00e4ngige Fachorganisation, die erstklassige Dienstleistungen und Produkte in den Bereichen Inspektion, Beratung, Pr\u00fcfung, Zertifizierung, Normung und Weiterbildung anbietet. Unsere Expertise umfasst Elektrotechnik, Elektromobilit\u00e4t, Energieberatung, Geb\u00e4udeautomation und Photovoltaik in der Schweiz. Durch die Veranstaltung etablierter Branchen-Events und Fachtagungen f\u00f6rdert Electrosuisse den Wissenstransfer und den fachlichen Austausch. Im Mittelpunkt unserer T\u00e4tigkeiten steht die F\u00f6rderung der sicheren, wirtschaftlichen und umweltgerechten Anwendung der Elektrotechnik."}]}},"amp_enabled":true,"_links":{"self":[{"href":"https:\/\/www.electrosuisse.ch\/de\/wp-json\/wp\/v2\/pages\/43943","targetHints":{"allow":["GET"]}}],"collection":[{"href":"https:\/\/www.electrosuisse.ch\/de\/wp-json\/wp\/v2\/pages"}],"about":[{"href":"https:\/\/www.electrosuisse.ch\/de\/wp-json\/wp\/v2\/types\/page"}],"author":[{"embeddable":true,"href":"https:\/\/www.electrosuisse.ch\/de\/wp-json\/wp\/v2\/users\/38"}],"replies":[{"embeddable":true,"href":"https:\/\/www.electrosuisse.ch\/de\/wp-json\/wp\/v2\/comments?post=43943"}],"version-history":[{"count":2,"href":"https:\/\/www.electrosuisse.ch\/de\/wp-json\/wp\/v2\/pages\/43943\/revisions"}],"predecessor-version":[{"id":43945,"href":"https:\/\/www.electrosuisse.ch\/de\/wp-json\/wp\/v2\/pages\/43943\/revisions\/43945"}],"wp:attachment":[{"href":"https:\/\/www.electrosuisse.ch\/de\/wp-json\/wp\/v2\/media?parent=43943"}],"curies":[{"name":"wp","href":"https:\/\/api.w.org\/{rel}","templated":true}]}}