{"id":43691,"date":"2026-03-31T08:52:55","date_gmt":"2026-03-31T06:52:55","guid":{"rendered":"https:\/\/www.electrosuisse.ch\/?page_id=43691"},"modified":"2026-03-31T13:44:32","modified_gmt":"2026-03-31T11:44:32","slug":"elektro-thermografie","status":"publish","type":"page","link":"https:\/\/www.electrosuisse.ch\/de\/inspektion-beratung\/elektro-thermografie\/","title":{"rendered":"Elektrothermografie"},"content":{"rendered":"<div class=\"wpb-content-wrapper\"><p>[vc_row][vc_column][vc_column_text css=&#8221;&#8221; el_class=&#8221;lead&#8221;]<span class=\"TextRun SCXW131279855 BCX8\" lang=\"DE-CH\" xml:lang=\"DE-CH\" data-contrast=\"auto\"><span class=\"NormalTextRun SCXW131279855 BCX8\">In elektrischen Anlagen entstehen Schwachstellen oft lange<\/span><\/span><span class=\"TrackChangeTextDeletionMarker TrackedChange SCXW131279855 BCX8\"><span class=\"TextRun SCXW131279855 BCX8\" lang=\"DE-CH\" xml:lang=\"DE-CH\" data-contrast=\"auto\"><span class=\"NormalTextRun TrackChangeTextDeletion SCXW131279855 BCX8\">,<\/span><\/span><\/span><span class=\"TextRun SCXW131279855 BCX8\" lang=\"DE-CH\" xml:lang=\"DE-CH\" data-contrast=\"auto\"><span class=\"NormalTextRun SCXW131279855 BCX8\">\u00a0bevor sie sichtbar oder sp\u00fcrbar werden. Die\u00a0<\/span><span class=\"NormalTextRun SCXW131279855 BCX8\">T<\/span><span class=\"NormalTextRun SCXW131279855 BCX8\">hermografie\u00a0<\/span><span class=\"NormalTextRun SCXW131279855 BCX8\">ist eine bew\u00e4hrte Mess- und Analysemethode, um solche Risiken fr\u00fchzeitig zu identifizieren und gezielt zu beheben.<\/span><\/span><span class=\"EOP SCXW131279855 BCX8\" data-ccp-props=\"{}\">\u00a0<\/span>[\/vc_column_text][vc_column_text css=&#8221;&#8221;]<span data-contrast=\"auto\">Mithilfe <a href=\"https:\/\/shop.electrosuisse.ch\/de\/Infrarot-Thermografie-2243.html\">infrarottechnischer Messungen<\/a> werden Temperaturauff\u00e4lligkeiten an elektrischen Komponenten\u00a0im laufenden Betrieb\u00a0sichtbar.\u00a0<\/span><b><span data-contrast=\"auto\">\u00a0<\/span><\/b><span data-contrast=\"auto\">Da Temperatur und Belastung direkt zusammenh\u00e4ngen, lassen sich potenzielle Fehlerquellen zuverl\u00e4ssig lokalisieren, bevor\u00a0es zu\u00a0kostspieligen Folgesch\u00e4den kommt.<\/span><span data-ccp-props=\"{}\">\u00a0<\/span><\/p>\n<p><span data-contrast=\"auto\">Eine regelm\u00e4ssige Zustandsanalyse erh\u00f6ht die Betriebssicherheit, verl\u00e4ngert die Lebensdauer von Anlagen und schafft eine fundierte Basis f\u00fcr Wartungs- und Investitionsentscheidungen.<\/span>[\/vc_column_text][vc_column_text css=&#8221;&#8221;]<\/p>\n<h3>Vorteile der Elektrothermografie<\/h3>\n<ul>\n<li><span data-contrast=\"auto\">Fr\u00fchzeitige Erkennung von Schwachstellen und \u00dcberlastungen<\/span><\/li>\n<li><span data-contrast=\"auto\">Erfassung ohne <\/span><span data-contrast=\"auto\">Unterbr<\/span><span data-contrast=\"auto\">echung<\/span><span data-contrast=\"auto\">\u00a0<\/span><span data-contrast=\"auto\">\u00a0<\/span><span data-contrast=\"auto\">des Betriebs<\/span><span data-ccp-props=\"{}\">\u00a0<\/span><\/li>\n<li><span data-contrast=\"auto\">Objektive Entscheidungsgrundlage f\u00fcr Instandhaltung und Optimierung<\/span><\/li>\n<\/ul>\n<p><span class=\"TextRun SCXW69638759 BCX8\" lang=\"DE-CH\" xml:lang=\"DE-CH\" data-contrast=\"auto\"><span class=\"NormalTextRun SCXW69638759 BCX8\">Die\u00a0<\/span><span class=\"NormalTextRun CommentStart CommentHighlightPipeClicked CommentHighlightClicked SCXW69638759 BCX8\">Elektrothermografie bietet eine effektive L\u00f6sung f\u00fcr Herausforderungen wie verdeckte M\u00e4ngel, ungekl\u00e4rte St\u00f6rungen oder steigende Ausfallrisiken in elektrischen Anlagen.<\/span><\/span><span class=\"EOP CommentHighlightPipeClicked SCXW69638759 BCX8\" data-ccp-props=\"{}\">\u00a0<\/span>[\/vc_column_text][\/vc_column][\/vc_row][vc_row el_id=&#8221;angebot&#8221;][vc_column][vc_column_text css=&#8221;&#8221;]<\/p>\n<h2>Unser Angebot<\/h2>\n<p>[\/vc_column_text][vc_row_inner][vc_column_inner width=&#8221;1\/2&#8243;][vc_column_text css=&#8221;&#8221;]<span data-contrast=\"auto\">Wir bieten fachgerechte und unabh\u00e4ngige <\/span><span data-contrast=\"auto\">T<\/span><span data-contrast=\"auto\">hermografiemessungen\u00a0f\u00fcr\u00a0elektrische Anlagen der Geb\u00e4ude- und Prozesstechnik. Unsere Vorgehensweise umfasst Infrarotmessungen im laufenden Betrieb, eine fachkundige Auswertung sowie eine verst\u00e4ndliche Dokumentation mit klaren Empfehlungen. Der Fokus liegt auf Sicherheit, Verf\u00fcgbarkeit und Wirtschaftlichkeit.<\/span><span data-ccp-props=\"{}\">\u00a0<\/span>[\/vc_column_text][vc_column_text css=&#8221;&#8221;]<\/p>\n<h3>Ihre Erfolge<\/h3>\n<ul>\n<li><span data-contrast=\"auto\">Erh\u00f6hte Betriebssicherheit<\/span><\/li>\n<li><span data-contrast=\"auto\">Reduktion von Brand- und Ausfallrisiken<\/span><span data-ccp-props=\"{}\">\u00a0<\/span><\/li>\n<li><span data-contrast=\"auto\">Vermeidung ungeplanter Stillst\u00e4nde\u00a0und Produktionsausf\u00e4lle<\/span><span data-ccp-props=\"{}\">\u00a0<\/span><\/li>\n<li><span data-contrast=\"auto\">Klarheit \u00fcber den Zustand der elektrischen Anlagen\u00a0<\/span><\/li>\n<\/ul>\n<p>[\/vc_column_text][\/vc_column_inner][vc_column_inner width=&#8221;1\/2&#8243;]<div class=\"wpb_image_column wpb_content_element\"><div class=\"wpb_wrapper\"><div class=\"picture_container\"><picture><source media=\"(min-width: 769px)\" srcset=\"https:\/\/www.electrosuisse.ch\/wp-content\/uploads\/2019\/03\/Electrosuisse_Thermografie_Messen_Infrarot-570x487.jpg\"><source media=\"(min-width: 415px)\" srcset=\"https:\/\/www.electrosuisse.ch\/wp-content\/uploads\/2019\/03\/Electrosuisse_Thermografie_Messen_Infrarot.jpg\"><source media=\"(max-width: 414px)\" srcset=\"https:\/\/www.electrosuisse.ch\/wp-content\/uploads\/2019\/03\/Electrosuisse_Thermografie_Messen_Infrarot-414x354.jpg 1x, https:\/\/www.electrosuisse.ch\/wp-content\/uploads\/2019\/03\/Electrosuisse_Thermografie_Messen_Infrarot.jpg 2x\"><img decoding=\"async\" src=\"https:\/\/www.electrosuisse.ch\/wp-content\/uploads\/2019\/03\/Electrosuisse_Thermografie_Messen_Infrarot-570x487.jpg\" alt=\"Messen\" \/><\/picture><\/div><\/div><\/div>[\/vc_column_inner][\/vc_row_inner][\/vc_column][\/vc_row][vc_row el_id=&#8221;team&#8221;][vc_column][vc_column_text css=&#8221;&#8221;]<\/p>\n<h2>Unsere Spezialisten<\/h2>\n<p><span data-contrast=\"auto\">Als unabh\u00e4ngige Fachorganisation f\u00fcr\u00a0<\/span><span data-contrast=\"auto\">Elektro-, Energie- und Informationstechnik<\/span><span data-contrast=\"auto\">\u00a0b\u00fcndeln wir Kompetenzen aus unterschiedlichen Fachgebieten. Unsere Spezialisten aus den Bereichen\u00a0<\/span><span data-contrast=\"auto\">Elektro<\/span><span data-contrast=\"auto\">&#8211;<\/span><span data-contrast=\"auto\">, Energie<\/span><span data-contrast=\"auto\">&#8211; und\u00a0<\/span><span data-contrast=\"auto\">Sicherheit<\/span><span data-contrast=\"auto\">stechnik<\/span><b><span data-contrast=\"auto\">\u00a0<\/span><\/b><span data-contrast=\"auto\">verf\u00fcgen \u00fcber ausgewiesene Erfahrung in der Elektrothermografie und arbeiten praxisnah, normgerecht und zielorientiert an der Analyse Ihrer Anlagen.<\/span><\/p>\n<p><span data-contrast=\"auto\">Wir unterst\u00fctzen Sie dabei, Risiken fr\u00fchzeitig zu erkennen und die Sicherheit sowie\u00a0<\/span><span data-contrast=\"auto\">die\u00a0<\/span><span data-contrast=\"auto\">Verf\u00fcgbarkeit Ihrer Infrastruktur nachhaltig zu verbessern.<\/span><span data-ccp-props=\"{}\">\u00a0<\/span>[\/vc_column_text][\/vc_column][\/vc_row][vc_row][vc_column][vc_column_text css=&#8221;&#8221;]<\/p>\n<h3>Das Wichtigste in K\u00fcrze<\/h3>\n<p>[\/vc_column_text][vc_column_text css=&#8221;&#8221;]<\/p>\n<ul>\n<li><span data-contrast=\"auto\">Elektrothermografie macht thermische Auff\u00e4lligkeiten in elektrischen Anlagen<\/span><span data-contrast=\"auto\">,\u00a0<\/span><span data-contrast=\"auto\">bereits\u00a0im laufenden Betrieb<\/span><span data-contrast=\"auto\">\u00a0<\/span><span data-contrast=\"auto\">sichtbar<\/span><span data-contrast=\"auto\">.<\/span><\/li>\n<li><span data-contrast=\"auto\">Sie erm\u00f6glicht die fr\u00fchzeitige Erkennung von Schwachstellen und reduziert Brand- und Ausfallrisiken.<\/span><span data-ccp-props=\"{}\">\u00a0<\/span><\/li>\n<li><span data-contrast=\"auto\">Regelm\u00e4ssige Zustandsanalysen helfen, Produktionsausf\u00e4lle und Folgesch\u00e4den zu vermeiden.<\/span><span data-ccp-props=\"{}\">\u00a0<\/span><\/li>\n<li><span data-contrast=\"auto\">Die Methode schafft Transparenz, erh\u00f6ht die Betriebssicherheit und unterst\u00fctzt eine vorausschauende Instandhaltung.<\/span><span data-ccp-props=\"{}\">\u00a0<\/span><\/li>\n<li><span data-contrast=\"auto\">Fachgerechte Durchf\u00fchrung und Auswertung sind entscheidend f\u00fcr belastbare Ergebnisse.<\/span><span data-ccp-props=\"{}\">\u00a0<\/span><\/li>\n<\/ul>\n<p>[\/vc_column_text][\/vc_column][\/vc_row][vc_row el_id=&#8221;kontakt&#8221;][vc_column][vc_column_text]<\/p>\n<h2>Kontakt<\/h2>\n<p>[\/vc_column_text]<div class=\"wpb_contact_column wpb_content_element wpb_contact_column--container\"><div class=\"wpb_wrapper\"><div class=\"contact_container_outer\"><div class=\"contact_container\"><div class=\"contact row middle-xs\"><div class=\"contact__img col-sm-5 col-xs-12\"><img decoding=\"async\" src=\"https:\/\/www.electrosuisse.ch\/wp-content\/uploads\/2024\/08\/StefanBaer_302x302.png\" alt=\"Stefan B\u00e4r - Teamleiter Engineering Ost\" \/><\/div><div class=\"contact__info col-sm-7 col-xs-12\"><p><b>Stefan B\u00e4r<\/b><br>Teamleiter Engineering Ost<\/p><div class=\"phone has-link\"><a href=\"tel:+41585951571\">+41 58 595 15 71<\/a><\/div><div class=\"mail has-link\"><a href=\"mailto:stef&#97;&#110;&#46;&#98;&#97;&#101;&#114;&#x40;&#x65;&#x6c;&#x65;&#x63;&#x74;&#x72;&#x6f;&#x73;uiss&#101;&#46;&#99;&#104;\">&#x73;&#116;&#101;&#x66;&#x61;&#110;&#46;&#x62;&#x61;&#101;&#114;&#x40;&#x65;&#108;&#101;&#x63;&#x74;&#114;&#111;&#x73;&#x75;&#105;&#115;&#x73;&#x65;&#46;&#99;&#x68;<\/a><\/div><\/div><\/div><\/div><\/div><div class=\"contact_container_outer\"><div class=\"contact_container\"><div class=\"contact row middle-xs\"><div class=\"contact__img col-sm-5 col-xs-12\"><img decoding=\"async\" src=\"https:\/\/www.electrosuisse.ch\/wp-content\/uploads\/2025\/09\/Felix-Bigler_320x320.png\" alt=\"Felix Bigler - Teamleiter Engineering West\" \/><\/div><div class=\"contact__info col-sm-7 col-xs-12\"><p><b>Felix Bigler<\/b><br>Teamleiter Engineering West<\/p><div class=\"phone has-link\"><a href=\"tel:+41585951575\">+41 58 595 15 75<\/a><\/div><div class=\"mail has-link\"><a href=\"mailto:&#x66;&#x65;&#108;i&#x78;&#x2e;&#98;&#105;g&#x6c;&#x65;&#114;&#64;e&#x6c;&#x65;&#99;tr&#x6f;&#x73;&#117;i&#x73;&#x73;&#101;&#46;c&#x68;\">f&#101;&#x6c;&#x69;&#x78;&#46;&#98;&#x69;&#x67;&#x6c;e&#114;&#x40;&#x65;&#x6c;e&#99;&#x74;&#x72;&#x6f;s&#117;&#x69;&#x73;&#x73;e&#46;&#x63;&#x68;<\/a><\/div><\/div><\/div><\/div><\/div><div class=\"contact_container_outer\"><div class=\"contact_container\"><div class=\"contact row middle-xs\"><div class=\"contact__img col-sm-5 col-xs-12\"><img decoding=\"async\" src=\"\/wp-content\/themes\/SCHMUCKI_child\/img\/contact_placeholder.jpg\" alt=\"Beratung, Inspektion und Engineering\" \/><\/div><div class=\"contact__info col-sm-7 col-xs-12\"><p><b>Beratung, Inspektion und Engineering<\/b><br>Innendienst<\/p><div class=\"phone has-link\"><a href=\"tel:+41585951199\">+41 58 595 11 99<\/a><\/div><div class=\"mail has-link\"><a href=\"mailto:&#x62;&#x65;&#114;&#97;t&#x75;&#x6e;&#x67;&#64;&#101;l&#x65;&#x63;&#x74;&#114;&#111;s&#x75;&#x69;&#x73;&#115;&#101;&#46;&#x63;&#x68; \">ber&#97;&#116;&#117;&#x6e;&#x67;&#x40;&#x65;&#x6c;&#x65;ctr&#111;&#115;&#117;&#105;&#x73;&#x73;&#x65;&#x2e;&#x63;&#x68; <\/a><\/div><\/div><\/div><\/div><\/div><\/div><\/div><div class=\"wpb_gap_column wpb_content_element\"><div class=\"wpb_wrapper\"><div class=\"gap gap--big\"><\/div><\/div><\/div><div class=\"wpb_accordion_column wpb_content_element\"><div class=\"wpb_wrapper\"><div class=\"fake_accordion\"><div class=\"row\"><div class=\"col-sm-5\"><div class=picture_container><img decoding=\"async\" src=\"https:\/\/www.electrosuisse.ch\/wp-content\/uploads\/2026\/03\/Kurs-Thermografie-Electrosuisse-585x345.jpg\" alt=\"Kursangebot \u00abInfrarot-Thermografie\u00bb\" \/><\/div><\/div><div class=\"col-sm-7\"><h3>Kursangebot \u00abInfrarot-Thermografie\u00bb<\/h3><\/p>\n<h5>Verr\u00e4terische Schwachstellen erkennen<\/h5>\n<p>Vermindern Sie das Brand- und Ausfallrisiko von Geb\u00e4uden und Anlagen. Machen Sie regelm\u00e4ssig eine Zustands-Analyse Ihrer Anlage mit Elektrothermografie.<\/p>\n<div class=\"button button--normal\"><a href=\"https:\/\/shop.electrosuisse.ch\/de\/Infrarot-Thermografie-2243.html?courseNo=473939\" target=\"_blank\" rel=\"noopener\">Jetzt anmelden<\/a><\/div><\/div><\/div><\/div><\/div><\/div>[\/vc_column][\/vc_row][vc_row disable_element=&#8221;yes&#8221;][vc_column][vc_column_text css=&#8221;&#8221;]<\/p>\n<h5>Kursangebot \u00abInfrarot-Thermografie\u00bb<\/h5>\n<p>Im Fachkurs <a href=\"https:\/\/shop.electrosuisse.ch\/de\/Infrarot-Thermografie-2243.html?courseNo=473939\">Infrarot-Thermografie<\/a> werden die Grundlagen der ber\u00fchrungslosen W\u00e4rmebildmessung vermittelt.[\/vc_column_text]<div class=\"wpb_button_column wpb_content_element wpb_content_element--left\"><div class=\"wpb_wrapper\"><div class=\"button button--arrow\"><a href=\"https:\/\/shop.electrosuisse.ch\/de\/Infrarot-Thermografie-2243.html?courseNo=473939\" target=\"_blank\" ><div class=\"arrow\">Jetzt anmelden<\/div><\/a><\/div><\/div><\/div>[\/vc_column][\/vc_row]<\/p>\n<\/div>","protected":false},"excerpt":{"rendered":"<p>[vc_row][vc_column][vc_column_text css=&#8221;&#8221; el_class=&#8221;lead&#8221;]In elektrischen Anlagen entstehen Schwachstellen oft lange,\u00a0bevor sie sichtbar oder sp\u00fcrbar werden. Die\u00a0Thermografie\u00a0ist eine bew\u00e4hrte Mess- und Analysemethode, um solche Risiken fr\u00fchzeitig zu identifizieren und gezielt zu beheben.\u00a0[\/vc_column_text][vc_column_text css=&#8221;&#8221;]Mithilfe infrarottechnischer Messungen werden Temperaturauff\u00e4lligkeiten an elektrischen Komponenten\u00a0im laufenden Betrieb\u00a0sichtbar.\u00a0\u00a0Da Temperatur und Belastung direkt zusammenh\u00e4ngen, lassen sich potenzielle Fehlerquellen zuverl\u00e4ssig lokalisieren, bevor\u00a0es zu\u00a0kostspieligen Folgesch\u00e4den kommt.\u00a0 [&hellip;]<\/p>\n","protected":false},"author":38,"featured_media":0,"parent":22114,"menu_order":189,"comment_status":"closed","ping_status":"closed","template":"","meta":{"_acf_changed":false,"_monsterinsights_skip_tracking":false,"_monsterinsights_sitenote_active":false,"_monsterinsights_sitenote_note":"","_monsterinsights_sitenote_category":0,"footnotes":""},"class_list":["post-43691","page","type-page","status-publish","hentry"],"acf":[],"yoast_head":"<!-- This site is optimized with the Yoast SEO Premium plugin v26.4 (Yoast SEO v27.0) - https:\/\/yoast.com\/product\/yoast-seo-premium-wordpress\/ -->\n<title>Elektrothermografie - Electrosuisse<\/title>\n<meta name=\"description\" content=\"Eine regelm\u00e4ssige Zustands-Analyse Ihrer Anlage mit Thermografie bewahrt Sie u.a. von Folgesch\u00e4den mit kostspieligen Produktionsausf\u00e4llen.\" \/>\n<meta name=\"robots\" content=\"index, follow, max-snippet:-1, max-image-preview:large, max-video-preview:-1\" \/>\n<link rel=\"canonical\" href=\"https:\/\/www.electrosuisse.ch\/de\/inspektion-beratung\/elektro-thermografie\/\" \/>\n<meta property=\"og:locale\" content=\"de_DE\" \/>\n<meta property=\"og:type\" content=\"article\" \/>\n<meta property=\"og:title\" content=\"Elektrothermografie - Electrosuisse\" \/>\n<meta property=\"og:description\" content=\"Eine regelm\u00e4ssige Zustands-Analyse Ihrer Anlage mit Thermografie bewahrt Sie u.a. von Folgesch\u00e4den mit kostspieligen Produktionsausf\u00e4llen.\" \/>\n<meta property=\"og:url\" content=\"https:\/\/www.electrosuisse.ch\/de\/inspektion-beratung\/elektro-thermografie\/\" \/>\n<meta property=\"og:site_name\" content=\"Electrosuisse\" \/>\n<meta property=\"article:modified_time\" content=\"2026-03-31T11:44:32+00:00\" \/>\n<meta property=\"og:image\" content=\"https:\/\/www.electrosuisse.ch\/wp-content\/uploads\/2019\/06\/Electrosuisse_Thermografie_Waermebild.jpg\" \/>\n\t<meta property=\"og:image:width\" content=\"1578\" \/>\n\t<meta property=\"og:image:height\" content=\"650\" \/>\n\t<meta property=\"og:image:type\" content=\"image\/jpeg\" \/>\n<script type=\"application\/ld+json\" class=\"yoast-schema-graph\">{\"@context\":\"https:\/\/schema.org\",\"@graph\":[{\"@type\":\"WebPage\",\"@id\":\"https:\/\/www.electrosuisse.ch\/de\/inspektion-beratung\/elektro-thermografie\/\",\"url\":\"https:\/\/www.electrosuisse.ch\/de\/inspektion-beratung\/elektro-thermografie\/\",\"name\":\"Elektrothermografie - Electrosuisse\",\"isPartOf\":{\"@id\":\"https:\/\/www.electrosuisse.ch\/de\/#website\"},\"datePublished\":\"2026-03-31T06:52:55+00:00\",\"dateModified\":\"2026-03-31T11:44:32+00:00\",\"description\":\"Eine regelm\u00e4ssige Zustands-Analyse Ihrer Anlage mit Thermografie bewahrt Sie u.a. von Folgesch\u00e4den mit kostspieligen Produktionsausf\u00e4llen.\",\"breadcrumb\":{\"@id\":\"https:\/\/www.electrosuisse.ch\/de\/inspektion-beratung\/elektro-thermografie\/#breadcrumb\"},\"inLanguage\":\"de\",\"potentialAction\":[{\"@type\":\"ReadAction\",\"target\":[\"https:\/\/www.electrosuisse.ch\/de\/inspektion-beratung\/elektro-thermografie\/\"]}]},{\"@type\":\"BreadcrumbList\",\"@id\":\"https:\/\/www.electrosuisse.ch\/de\/inspektion-beratung\/elektro-thermografie\/#breadcrumb\",\"itemListElement\":[{\"@type\":\"ListItem\",\"position\":1,\"name\":\"Inspektion und Beratung\",\"item\":\"https:\/\/www.electrosuisse.ch\/de\/inspektion-beratung\/\"},{\"@type\":\"ListItem\",\"position\":2,\"name\":\"Elektrothermografie\"}]},{\"@type\":\"WebSite\",\"@id\":\"https:\/\/www.electrosuisse.ch\/de\/#website\",\"url\":\"https:\/\/www.electrosuisse.ch\/de\/\",\"name\":\"Electrosuisse\",\"description\":\"\",\"publisher\":{\"@id\":\"https:\/\/www.electrosuisse.ch\/de\/#organization\"},\"potentialAction\":[{\"@type\":\"SearchAction\",\"target\":{\"@type\":\"EntryPoint\",\"urlTemplate\":\"https:\/\/www.electrosuisse.ch\/de\/?s={search_term_string}\"},\"query-input\":{\"@type\":\"PropertyValueSpecification\",\"valueRequired\":true,\"valueName\":\"search_term_string\"}}],\"inLanguage\":\"de\"},{\"@type\":\"Organization\",\"@id\":\"https:\/\/www.electrosuisse.ch\/de\/#organization\",\"name\":\"Electrosuisse\",\"url\":\"https:\/\/www.electrosuisse.ch\/de\/\",\"logo\":{\"@type\":\"ImageObject\",\"inLanguage\":\"de\",\"@id\":\"https:\/\/www.electrosuisse.ch\/de\/#\/schema\/logo\/image\/\",\"url\":\"https:\/\/www.electrosuisse.ch\/wp-content\/uploads\/2025\/04\/Electrosuisse_Logo_696x696.png\",\"contentUrl\":\"https:\/\/www.electrosuisse.ch\/wp-content\/uploads\/2025\/04\/Electrosuisse_Logo_696x696.png\",\"width\":696,\"height\":696,\"caption\":\"Electrosuisse\"},\"image\":{\"@id\":\"https:\/\/www.electrosuisse.ch\/de\/#\/schema\/logo\/image\/\"},\"sameAs\":[\"https:\/\/www.linkedin.com\/company\/electrosuisse-ag\/posts\/?feedView=all\",\"https:\/\/www.instagram.com\/electrosuisse1889\/\",\"https:\/\/www.youtube.com\/channel\/UCoOxohMiVE0Gjcdis1L09zw\"],\"description\":\"Electrosuisse ist eine anerkannte und unabh\u00e4ngige Fachorganisation, die erstklassige Dienstleistungen und Produkte in den Bereichen Inspektion, Beratung, Pr\u00fcfung, Zertifizierung, Normung und Weiterbildung anbietet. Unsere Expertise umfasst Elektrotechnik, Elektromobilit\u00e4t, Energieberatung, Geb\u00e4udeautomation und Photovoltaik in der Schweiz. Durch die Veranstaltung etablierter Branchen-Events und Fachtagungen f\u00f6rdert Electrosuisse den Wissenstransfer und den fachlichen Austausch. Im Mittelpunkt unserer T\u00e4tigkeiten steht die F\u00f6rderung der sicheren, wirtschaftlichen und umweltgerechten Anwendung der Elektrotechnik.\"}]}<\/script>\n<!-- \/ Yoast SEO Premium plugin. -->","yoast_head_json":{"title":"Elektrothermografie - Electrosuisse","description":"Eine regelm\u00e4ssige Zustands-Analyse Ihrer Anlage mit Thermografie bewahrt Sie u.a. von Folgesch\u00e4den mit kostspieligen Produktionsausf\u00e4llen.","robots":{"index":"index","follow":"follow","max-snippet":"max-snippet:-1","max-image-preview":"max-image-preview:large","max-video-preview":"max-video-preview:-1"},"canonical":"https:\/\/www.electrosuisse.ch\/de\/inspektion-beratung\/elektro-thermografie\/","og_locale":"de_DE","og_type":"article","og_title":"Elektrothermografie - Electrosuisse","og_description":"Eine regelm\u00e4ssige Zustands-Analyse Ihrer Anlage mit Thermografie bewahrt Sie u.a. von Folgesch\u00e4den mit kostspieligen Produktionsausf\u00e4llen.","og_url":"https:\/\/www.electrosuisse.ch\/de\/inspektion-beratung\/elektro-thermografie\/","og_site_name":"Electrosuisse","article_modified_time":"2026-03-31T11:44:32+00:00","og_image":[{"width":1578,"height":650,"url":"https:\/\/www.electrosuisse.ch\/wp-content\/uploads\/2019\/06\/Electrosuisse_Thermografie_Waermebild.jpg","type":"image\/jpeg"}],"schema":{"@context":"https:\/\/schema.org","@graph":[{"@type":"WebPage","@id":"https:\/\/www.electrosuisse.ch\/de\/inspektion-beratung\/elektro-thermografie\/","url":"https:\/\/www.electrosuisse.ch\/de\/inspektion-beratung\/elektro-thermografie\/","name":"Elektrothermografie - Electrosuisse","isPartOf":{"@id":"https:\/\/www.electrosuisse.ch\/de\/#website"},"datePublished":"2026-03-31T06:52:55+00:00","dateModified":"2026-03-31T11:44:32+00:00","description":"Eine regelm\u00e4ssige Zustands-Analyse Ihrer Anlage mit Thermografie bewahrt Sie u.a. von Folgesch\u00e4den mit kostspieligen Produktionsausf\u00e4llen.","breadcrumb":{"@id":"https:\/\/www.electrosuisse.ch\/de\/inspektion-beratung\/elektro-thermografie\/#breadcrumb"},"inLanguage":"de","potentialAction":[{"@type":"ReadAction","target":["https:\/\/www.electrosuisse.ch\/de\/inspektion-beratung\/elektro-thermografie\/"]}]},{"@type":"BreadcrumbList","@id":"https:\/\/www.electrosuisse.ch\/de\/inspektion-beratung\/elektro-thermografie\/#breadcrumb","itemListElement":[{"@type":"ListItem","position":1,"name":"Inspektion und Beratung","item":"https:\/\/www.electrosuisse.ch\/de\/inspektion-beratung\/"},{"@type":"ListItem","position":2,"name":"Elektrothermografie"}]},{"@type":"WebSite","@id":"https:\/\/www.electrosuisse.ch\/de\/#website","url":"https:\/\/www.electrosuisse.ch\/de\/","name":"Electrosuisse","description":"","publisher":{"@id":"https:\/\/www.electrosuisse.ch\/de\/#organization"},"potentialAction":[{"@type":"SearchAction","target":{"@type":"EntryPoint","urlTemplate":"https:\/\/www.electrosuisse.ch\/de\/?s={search_term_string}"},"query-input":{"@type":"PropertyValueSpecification","valueRequired":true,"valueName":"search_term_string"}}],"inLanguage":"de"},{"@type":"Organization","@id":"https:\/\/www.electrosuisse.ch\/de\/#organization","name":"Electrosuisse","url":"https:\/\/www.electrosuisse.ch\/de\/","logo":{"@type":"ImageObject","inLanguage":"de","@id":"https:\/\/www.electrosuisse.ch\/de\/#\/schema\/logo\/image\/","url":"https:\/\/www.electrosuisse.ch\/wp-content\/uploads\/2025\/04\/Electrosuisse_Logo_696x696.png","contentUrl":"https:\/\/www.electrosuisse.ch\/wp-content\/uploads\/2025\/04\/Electrosuisse_Logo_696x696.png","width":696,"height":696,"caption":"Electrosuisse"},"image":{"@id":"https:\/\/www.electrosuisse.ch\/de\/#\/schema\/logo\/image\/"},"sameAs":["https:\/\/www.linkedin.com\/company\/electrosuisse-ag\/posts\/?feedView=all","https:\/\/www.instagram.com\/electrosuisse1889\/","https:\/\/www.youtube.com\/channel\/UCoOxohMiVE0Gjcdis1L09zw"],"description":"Electrosuisse ist eine anerkannte und unabh\u00e4ngige Fachorganisation, die erstklassige Dienstleistungen und Produkte in den Bereichen Inspektion, Beratung, Pr\u00fcfung, Zertifizierung, Normung und Weiterbildung anbietet. Unsere Expertise umfasst Elektrotechnik, Elektromobilit\u00e4t, Energieberatung, Geb\u00e4udeautomation und Photovoltaik in der Schweiz. Durch die Veranstaltung etablierter Branchen-Events und Fachtagungen f\u00f6rdert Electrosuisse den Wissenstransfer und den fachlichen Austausch. Im Mittelpunkt unserer T\u00e4tigkeiten steht die F\u00f6rderung der sicheren, wirtschaftlichen und umweltgerechten Anwendung der Elektrotechnik."}]}},"amp_enabled":true,"_links":{"self":[{"href":"https:\/\/www.electrosuisse.ch\/de\/wp-json\/wp\/v2\/pages\/43691","targetHints":{"allow":["GET"]}}],"collection":[{"href":"https:\/\/www.electrosuisse.ch\/de\/wp-json\/wp\/v2\/pages"}],"about":[{"href":"https:\/\/www.electrosuisse.ch\/de\/wp-json\/wp\/v2\/types\/page"}],"author":[{"embeddable":true,"href":"https:\/\/www.electrosuisse.ch\/de\/wp-json\/wp\/v2\/users\/38"}],"replies":[{"embeddable":true,"href":"https:\/\/www.electrosuisse.ch\/de\/wp-json\/wp\/v2\/comments?post=43691"}],"version-history":[{"count":53,"href":"https:\/\/www.electrosuisse.ch\/de\/wp-json\/wp\/v2\/pages\/43691\/revisions"}],"predecessor-version":[{"id":43773,"href":"https:\/\/www.electrosuisse.ch\/de\/wp-json\/wp\/v2\/pages\/43691\/revisions\/43773"}],"up":[{"embeddable":true,"href":"https:\/\/www.electrosuisse.ch\/de\/wp-json\/wp\/v2\/pages\/22114"}],"wp:attachment":[{"href":"https:\/\/www.electrosuisse.ch\/de\/wp-json\/wp\/v2\/media?parent=43691"}],"curies":[{"name":"wp","href":"https:\/\/api.w.org\/{rel}","templated":true}]}}