{"id":41139,"date":"2026-01-21T15:57:45","date_gmt":"2026-01-21T14:57:45","guid":{"rendered":"https:\/\/www.electrosuisse.ch\/?page_id=41139"},"modified":"2026-03-24T13:37:24","modified_gmt":"2026-03-24T12:37:24","slug":"bildungsangebot-mit-partner","status":"publish","type":"page","link":"https:\/\/www.electrosuisse.ch\/de\/veranstaltungen\/bildungsangebot-mit-partner\/","title":{"rendered":"Bildungsangebot mit Partner"},"content":{"rendered":"<div class=\"wpb-content-wrapper\"><p>[vc_row el_id=&#8221;ndk&#8221;][vc_column][vc_column_text css=&#8221;&#8221;]<\/p>\n<h1>Nachdiplomkurse (NDK) f\u00fcr Elektrofachkr\u00e4fte<\/h1>\n<p>[\/vc_column_text]<div class=\"wpb_text_image_column wpb_content_element \"><div class=\"wpb_wrapper\"><div class=\"row middle-lg\"><div class=\"col-sm-6 col-xs-12\"><div class=\"picture_container\"><picture><source srcset=\"https:\/\/www.electrosuisse.ch\/wp-content\/uploads\/2026\/01\/Fachspezialist-in-Erdung-und-Blitzschutz-Vorteile-585x500.jpg\"><img decoding=\"async\" src=\"https:\/\/www.electrosuisse.ch\/wp-content\/uploads\/2026\/01\/Fachspezialist-in-Erdung-und-Blitzschutz-Vorteile-585x500.jpg\" alt=\"Praxisorientierte Weiterbildung auf Hochschulniveau\" \/><\/picture><\/div><\/div><div class=\"col-sm-6 col-xs-12\"><h3>Praxisorientierte Weiterbildung auf Hochschulniveau<\/h3><p>Erweitern Sie Ihr Fachwissen gezielt und machen Sie sich fit f\u00fcr anspruchsvolle Aufgaben in der Elektrobranche. Unsere Nachdiplomkurse verbinden die Fachkompetenzen der Electrosuisse mit der praxisnahen Ausbildungskompetenz der ABB Technikerschule.<\/p>\n<div class=\"button button--normal\"><a href=\"https:\/\/www.electrosuisse.ch\/de\/veranstaltungen\/bildungsangebot-mit-partner\/nachdiplomkurse-ndk-fuer-elektrofachkraefte\" target=\"_blank\" rel=\"noopener\">Mehr Informationen<\/a><\/div><\/div><\/div><\/div><\/div>[vc_column_text css=&#8221;&#8221;]<a href=\"https:\/\/www.abbts.ch\/\"><strong>Kooperationspartner ABB Technikerschule<\/strong><\/a><\/p>\n<p><img decoding=\"async\" class=\"alignnone wp-image-41065\" src=\"https:\/\/www.electrosuisse.ch\/wp-content\/uploads\/2026\/01\/ABBTS_Logo_klein_blau.jpg\" alt=\"\" width=\"180\" height=\"50\" srcset=\"https:\/\/www.electrosuisse.ch\/wp-content\/uploads\/2026\/01\/ABBTS_Logo_klein_blau.jpg 472w, https:\/\/www.electrosuisse.ch\/wp-content\/uploads\/2026\/01\/ABBTS_Logo_klein_blau-300x83.jpg 300w, https:\/\/www.electrosuisse.ch\/wp-content\/uploads\/2026\/01\/ABBTS_Logo_klein_blau-414x114.jpg 414w, https:\/\/www.electrosuisse.ch\/wp-content\/uploads\/2026\/01\/ABBTS_Logo_klein_blau-360x99.jpg 360w\" sizes=\"(max-width: 180px) 100vw, 180px\" \/>[\/vc_column_text][\/vc_column][\/vc_row][vc_row el_id=&#8221;nds&#8221;][vc_column][vc_column_text css=&#8221;&#8221;]<\/p>\n<h2>Dipl. Sicherheitsexperte\/in von elektrischen Anlagen NDS HF<\/h2>\n<p>[\/vc_column_text]<div class=\"wpb_text_image_column wpb_content_element \"><div class=\"wpb_wrapper\"><div class=\"row middle-lg\"><div class=\"col-sm-6 col-xs-12\"><div class=\"picture_container\"><picture><source srcset=\"https:\/\/www.electrosuisse.ch\/wp-content\/uploads\/2026\/01\/Fachspezialist-in-Netzqualitaet-und-EMV-Vorteile-585x500.jpg\"><img decoding=\"async\" src=\"https:\/\/www.electrosuisse.ch\/wp-content\/uploads\/2026\/01\/Fachspezialist-in-Netzqualitaet-und-EMV-Vorteile-585x500.jpg\" alt=\"Ihr Weg zur NIV-Fachkundigkeit \u2013 praxisnah und berufsbegleitend\" \/><\/picture><\/div><\/div><div class=\"col-sm-6 col-xs-12\"><h3>Ihr Weg zur NIV-Fachkundigkeit \u2013 praxisnah und berufsbegleitend<\/h3><p>Erlangen Sie umfassendes Fachwissen in der Planung, Errichtung und Kontrolle elektrischer Installationen. Als diplomierte\/r Sicherheitsexperte\/in \u00fcbernehmen Sie verantwortungsvolle Aufgaben und sind optimal auf die Praxispr\u00fcfung zur Erlangung der NIV-Fachkundigkeit gem\u00e4ss Art. 8 vorbereitet.<\/p>\n<p>Das Nachdiplomstudium verbindet die Fachexpertise von Electrosuisse mit der praxisnahen Ausbildungskompetenz der ABB Technikerschule.<\/p>\n<div class=\"button button--normal\"><a href=\"https:\/\/www.electrosuisse.ch\/de\/veranstaltungen\/bildungsangebot-mit-partner\/dipl-sicherheitsexperte-in-von-elektrischen-anlagen-nds-hf\/\" target=\"_blank\" rel=\"noopener\">Mehr Informationen<\/a><\/div><\/div><\/div><\/div><\/div>[vc_column_text css=&#8221;&#8221;]<a href=\"https:\/\/www.abbts.ch\/\"><strong>Kooperationspartner ABB Technikerschule<\/strong><\/a><\/p>\n<p><img decoding=\"async\" class=\"alignnone wp-image-41065\" src=\"https:\/\/www.electrosuisse.ch\/wp-content\/uploads\/2026\/01\/ABBTS_Logo_klein_blau-300x83.jpg\" alt=\"Kooperationspartner ABB Technikerschule\" width=\"180\" height=\"50\" srcset=\"https:\/\/www.electrosuisse.ch\/wp-content\/uploads\/2026\/01\/ABBTS_Logo_klein_blau-300x83.jpg 300w, https:\/\/www.electrosuisse.ch\/wp-content\/uploads\/2026\/01\/ABBTS_Logo_klein_blau-414x114.jpg 414w, https:\/\/www.electrosuisse.ch\/wp-content\/uploads\/2026\/01\/ABBTS_Logo_klein_blau-360x99.jpg 360w, https:\/\/www.electrosuisse.ch\/wp-content\/uploads\/2026\/01\/ABBTS_Logo_klein_blau.jpg 472w\" sizes=\"(max-width: 180px) 100vw, 180px\" \/>[\/vc_column_text][vc_column_text css=&#8221;&#8221;][\/vc_column_text][\/vc_column][\/vc_row][vc_row el_id=&#8221;kontakt&#8221;][vc_column][vc_column_text css=&#8221;&#8221;]<\/p>\n<h2>Kontakt<\/h2>\n<p>[\/vc_column_text]<div class=\"wpb_contact_column wpb_content_element wpb_content_element--left\"><div class=\"wpb_wrapper\"><div class=\"contact_container\"><div class=\"contact row middle-xs\"><div class=\"contact__img col-sm-5 col-xs-12\"><img decoding=\"async\" src=\"https:\/\/www.electrosuisse.ch\/wp-content\/uploads\/2023\/03\/ThomasHausherr_300x300.jpg\" alt=\"Thomas Hausherr  - Bildungsgangleiter\" \/><\/div><div class=\"contact__info col-sm-7 col-xs-12\"><p><b>Thomas Hausherr <\/b><br>Bildungsgangleiter<\/p><div class=\"phone has-link\"><a href=\"tel:+41565600190\">+41 56 560 01 90<\/a><\/div><div class=\"mail has-link\"><a href=\"mailto:th&#111;&#109;&#x61;&#x73;&#x2e;&#x68;au&#115;&#104;&#x65;&#x72;&#x72;&#x40;ab&#98;&#116;&#115;&#x2e;&#x63;&#x68;\">&#x74;&#104;&#x6f;&#x6d;a&#x73;&#46;h&#x61;&#117;s&#x68;&#101;&#x72;&#x72;&#64;&#x61;&#98;b&#x74;&#115;&#46;&#x63;&#104;<\/a><\/div><\/div><\/div><\/div><\/div><\/div>[\/vc_column][\/vc_row]<\/p>\n<\/div>","protected":false},"excerpt":{"rendered":"<p>[vc_row el_id=&#8221;ndk&#8221;][vc_column][vc_column_text css=&#8221;&#8221;] Nachdiplomkurse (NDK) f\u00fcr Elektrofachkr\u00e4fte [\/vc_column_text][vc_column_text css=&#8221;&#8221;]Kooperationspartner ABB Technikerschule [\/vc_column_text][\/vc_column][\/vc_row][vc_row el_id=&#8221;nds&#8221;][vc_column][vc_column_text css=&#8221;&#8221;] Dipl. Sicherheitsexperte\/in von elektrischen Anlagen NDS HF [\/vc_column_text][vc_column_text css=&#8221;&#8221;]Kooperationspartner ABB Technikerschule [\/vc_column_text][vc_column_text css=&#8221;&#8221;][\/vc_column_text][\/vc_column][\/vc_row][vc_row el_id=&#8221;kontakt&#8221;][vc_column][vc_column_text css=&#8221;&#8221;] Kontakt [\/vc_column_text][\/vc_column][\/vc_row]<\/p>\n","protected":false},"author":38,"featured_media":0,"parent":2837,"menu_order":380,"comment_status":"closed","ping_status":"closed","template":"","meta":{"_acf_changed":false,"_monsterinsights_skip_tracking":false,"_monsterinsights_sitenote_active":false,"_monsterinsights_sitenote_note":"","_monsterinsights_sitenote_category":0,"footnotes":""},"class_list":["post-41139","page","type-page","status-publish","hentry"],"acf":[],"yoast_head":"<!-- This site is optimized with the Yoast SEO Premium plugin v26.4 (Yoast SEO v27.0) - https:\/\/yoast.com\/product\/yoast-seo-premium-wordpress\/ -->\n<title>Electrosuisse Bildungsangebot mit Partner<\/title>\n<meta name=\"description\" content=\"Erweitern Sie Ihr Fachwissen gezielt und machen Sie sich fit f\u00fcr anspruchsvolle Aufgaben in der Elektrobranche. Unsere Nachdiplomkurse verbinden die Fachkompetenzen der Electrosuisse mit der praxisnahen Ausbildungskompetenz der ABB Technikerschule.\" \/>\n<meta name=\"robots\" content=\"index, follow, max-snippet:-1, max-image-preview:large, max-video-preview:-1\" \/>\n<link rel=\"canonical\" href=\"https:\/\/www.electrosuisse.ch\/de\/veranstaltungen\/bildungsangebot-mit-partner\/\" \/>\n<meta property=\"og:locale\" content=\"de_DE\" \/>\n<meta property=\"og:type\" content=\"article\" \/>\n<meta property=\"og:title\" content=\"Electrosuisse Bildungsangebot mit Partner\" \/>\n<meta property=\"og:description\" content=\"Erweitern Sie Ihr Fachwissen gezielt und machen Sie sich fit f\u00fcr anspruchsvolle Aufgaben in der Elektrobranche. Unsere Nachdiplomkurse verbinden die Fachkompetenzen der Electrosuisse mit der praxisnahen Ausbildungskompetenz der ABB Technikerschule.\" \/>\n<meta property=\"og:url\" content=\"https:\/\/www.electrosuisse.ch\/de\/veranstaltungen\/bildungsangebot-mit-partner\/\" \/>\n<meta property=\"og:site_name\" content=\"Electrosuisse\" \/>\n<meta property=\"article:modified_time\" content=\"2026-03-24T12:37:24+00:00\" \/>\n<meta property=\"og:image\" content=\"https:\/\/www.electrosuisse.ch\/wp-content\/uploads\/2025\/06\/firmenkurse_keyvisual_1660x470.png\" \/>\n<script type=\"application\/ld+json\" class=\"yoast-schema-graph\">{\"@context\":\"https:\/\/schema.org\",\"@graph\":[{\"@type\":\"WebPage\",\"@id\":\"https:\/\/www.electrosuisse.ch\/de\/veranstaltungen\/bildungsangebot-mit-partner\/\",\"url\":\"https:\/\/www.electrosuisse.ch\/de\/veranstaltungen\/bildungsangebot-mit-partner\/\",\"name\":\"Electrosuisse Bildungsangebot mit Partner\",\"isPartOf\":{\"@id\":\"https:\/\/www.electrosuisse.ch\/de\/#website\"},\"primaryImageOfPage\":{\"@id\":\"https:\/\/www.electrosuisse.ch\/de\/veranstaltungen\/bildungsangebot-mit-partner\/#primaryimage\"},\"image\":{\"@id\":\"https:\/\/www.electrosuisse.ch\/de\/veranstaltungen\/bildungsangebot-mit-partner\/#primaryimage\"},\"thumbnailUrl\":\"https:\/\/www.electrosuisse.ch\/wp-content\/uploads\/2026\/01\/ABBTS_Logo_klein_blau.jpg\",\"datePublished\":\"2026-01-21T14:57:45+00:00\",\"dateModified\":\"2026-03-24T12:37:24+00:00\",\"description\":\"Erweitern Sie Ihr Fachwissen gezielt und machen Sie sich fit f\u00fcr anspruchsvolle Aufgaben in der Elektrobranche. Unsere Nachdiplomkurse verbinden die Fachkompetenzen der Electrosuisse mit der praxisnahen Ausbildungskompetenz der ABB Technikerschule.\",\"breadcrumb\":{\"@id\":\"https:\/\/www.electrosuisse.ch\/de\/veranstaltungen\/bildungsangebot-mit-partner\/#breadcrumb\"},\"inLanguage\":\"de\",\"potentialAction\":[{\"@type\":\"ReadAction\",\"target\":[\"https:\/\/www.electrosuisse.ch\/de\/veranstaltungen\/bildungsangebot-mit-partner\/\"]}]},{\"@type\":\"ImageObject\",\"inLanguage\":\"de\",\"@id\":\"https:\/\/www.electrosuisse.ch\/de\/veranstaltungen\/bildungsangebot-mit-partner\/#primaryimage\",\"url\":\"https:\/\/www.electrosuisse.ch\/wp-content\/uploads\/2026\/01\/ABBTS_Logo_klein_blau.jpg\",\"contentUrl\":\"https:\/\/www.electrosuisse.ch\/wp-content\/uploads\/2026\/01\/ABBTS_Logo_klein_blau.jpg\"},{\"@type\":\"BreadcrumbList\",\"@id\":\"https:\/\/www.electrosuisse.ch\/de\/veranstaltungen\/bildungsangebot-mit-partner\/#breadcrumb\",\"itemListElement\":[{\"@type\":\"ListItem\",\"position\":1,\"name\":\"Veranstaltungen\",\"item\":\"https:\/\/www.electrosuisse.ch\/de\/veranstaltungen\/\"},{\"@type\":\"ListItem\",\"position\":2,\"name\":\"Bildungsangebot mit Partner\"}]},{\"@type\":\"WebSite\",\"@id\":\"https:\/\/www.electrosuisse.ch\/de\/#website\",\"url\":\"https:\/\/www.electrosuisse.ch\/de\/\",\"name\":\"Electrosuisse\",\"description\":\"\",\"publisher\":{\"@id\":\"https:\/\/www.electrosuisse.ch\/de\/#organization\"},\"potentialAction\":[{\"@type\":\"SearchAction\",\"target\":{\"@type\":\"EntryPoint\",\"urlTemplate\":\"https:\/\/www.electrosuisse.ch\/de\/?s={search_term_string}\"},\"query-input\":{\"@type\":\"PropertyValueSpecification\",\"valueRequired\":true,\"valueName\":\"search_term_string\"}}],\"inLanguage\":\"de\"},{\"@type\":\"Organization\",\"@id\":\"https:\/\/www.electrosuisse.ch\/de\/#organization\",\"name\":\"Electrosuisse\",\"url\":\"https:\/\/www.electrosuisse.ch\/de\/\",\"logo\":{\"@type\":\"ImageObject\",\"inLanguage\":\"de\",\"@id\":\"https:\/\/www.electrosuisse.ch\/de\/#\/schema\/logo\/image\/\",\"url\":\"https:\/\/www.electrosuisse.ch\/wp-content\/uploads\/2025\/04\/Electrosuisse_Logo_696x696.png\",\"contentUrl\":\"https:\/\/www.electrosuisse.ch\/wp-content\/uploads\/2025\/04\/Electrosuisse_Logo_696x696.png\",\"width\":696,\"height\":696,\"caption\":\"Electrosuisse\"},\"image\":{\"@id\":\"https:\/\/www.electrosuisse.ch\/de\/#\/schema\/logo\/image\/\"},\"sameAs\":[\"https:\/\/www.linkedin.com\/company\/electrosuisse-ag\/posts\/?feedView=all\",\"https:\/\/www.instagram.com\/electrosuisse1889\/\",\"https:\/\/www.youtube.com\/channel\/UCoOxohMiVE0Gjcdis1L09zw\"],\"description\":\"Electrosuisse ist eine anerkannte und unabh\u00e4ngige Fachorganisation, die erstklassige Dienstleistungen und Produkte in den Bereichen Inspektion, Beratung, Pr\u00fcfung, Zertifizierung, Normung und Weiterbildung anbietet. Unsere Expertise umfasst Elektrotechnik, Elektromobilit\u00e4t, Energieberatung, Geb\u00e4udeautomation und Photovoltaik in der Schweiz. Durch die Veranstaltung etablierter Branchen-Events und Fachtagungen f\u00f6rdert Electrosuisse den Wissenstransfer und den fachlichen Austausch. Im Mittelpunkt unserer T\u00e4tigkeiten steht die F\u00f6rderung der sicheren, wirtschaftlichen und umweltgerechten Anwendung der Elektrotechnik.\"}]}<\/script>\n<!-- \/ Yoast SEO Premium plugin. -->","yoast_head_json":{"title":"Electrosuisse Bildungsangebot mit Partner","description":"Erweitern Sie Ihr Fachwissen gezielt und machen Sie sich fit f\u00fcr anspruchsvolle Aufgaben in der Elektrobranche. Unsere Nachdiplomkurse verbinden die Fachkompetenzen der Electrosuisse mit der praxisnahen Ausbildungskompetenz der ABB Technikerschule.","robots":{"index":"index","follow":"follow","max-snippet":"max-snippet:-1","max-image-preview":"max-image-preview:large","max-video-preview":"max-video-preview:-1"},"canonical":"https:\/\/www.electrosuisse.ch\/de\/veranstaltungen\/bildungsangebot-mit-partner\/","og_locale":"de_DE","og_type":"article","og_title":"Electrosuisse Bildungsangebot mit Partner","og_description":"Erweitern Sie Ihr Fachwissen gezielt und machen Sie sich fit f\u00fcr anspruchsvolle Aufgaben in der Elektrobranche. Unsere Nachdiplomkurse verbinden die Fachkompetenzen der Electrosuisse mit der praxisnahen Ausbildungskompetenz der ABB Technikerschule.","og_url":"https:\/\/www.electrosuisse.ch\/de\/veranstaltungen\/bildungsangebot-mit-partner\/","og_site_name":"Electrosuisse","article_modified_time":"2026-03-24T12:37:24+00:00","og_image":[{"url":"https:\/\/www.electrosuisse.ch\/wp-content\/uploads\/2025\/06\/firmenkurse_keyvisual_1660x470.png","type":"","width":"","height":""}],"schema":{"@context":"https:\/\/schema.org","@graph":[{"@type":"WebPage","@id":"https:\/\/www.electrosuisse.ch\/de\/veranstaltungen\/bildungsangebot-mit-partner\/","url":"https:\/\/www.electrosuisse.ch\/de\/veranstaltungen\/bildungsangebot-mit-partner\/","name":"Electrosuisse Bildungsangebot mit Partner","isPartOf":{"@id":"https:\/\/www.electrosuisse.ch\/de\/#website"},"primaryImageOfPage":{"@id":"https:\/\/www.electrosuisse.ch\/de\/veranstaltungen\/bildungsangebot-mit-partner\/#primaryimage"},"image":{"@id":"https:\/\/www.electrosuisse.ch\/de\/veranstaltungen\/bildungsangebot-mit-partner\/#primaryimage"},"thumbnailUrl":"https:\/\/www.electrosuisse.ch\/wp-content\/uploads\/2026\/01\/ABBTS_Logo_klein_blau.jpg","datePublished":"2026-01-21T14:57:45+00:00","dateModified":"2026-03-24T12:37:24+00:00","description":"Erweitern Sie Ihr Fachwissen gezielt und machen Sie sich fit f\u00fcr anspruchsvolle Aufgaben in der Elektrobranche. Unsere Nachdiplomkurse verbinden die Fachkompetenzen der Electrosuisse mit der praxisnahen Ausbildungskompetenz der ABB Technikerschule.","breadcrumb":{"@id":"https:\/\/www.electrosuisse.ch\/de\/veranstaltungen\/bildungsangebot-mit-partner\/#breadcrumb"},"inLanguage":"de","potentialAction":[{"@type":"ReadAction","target":["https:\/\/www.electrosuisse.ch\/de\/veranstaltungen\/bildungsangebot-mit-partner\/"]}]},{"@type":"ImageObject","inLanguage":"de","@id":"https:\/\/www.electrosuisse.ch\/de\/veranstaltungen\/bildungsangebot-mit-partner\/#primaryimage","url":"https:\/\/www.electrosuisse.ch\/wp-content\/uploads\/2026\/01\/ABBTS_Logo_klein_blau.jpg","contentUrl":"https:\/\/www.electrosuisse.ch\/wp-content\/uploads\/2026\/01\/ABBTS_Logo_klein_blau.jpg"},{"@type":"BreadcrumbList","@id":"https:\/\/www.electrosuisse.ch\/de\/veranstaltungen\/bildungsangebot-mit-partner\/#breadcrumb","itemListElement":[{"@type":"ListItem","position":1,"name":"Veranstaltungen","item":"https:\/\/www.electrosuisse.ch\/de\/veranstaltungen\/"},{"@type":"ListItem","position":2,"name":"Bildungsangebot mit Partner"}]},{"@type":"WebSite","@id":"https:\/\/www.electrosuisse.ch\/de\/#website","url":"https:\/\/www.electrosuisse.ch\/de\/","name":"Electrosuisse","description":"","publisher":{"@id":"https:\/\/www.electrosuisse.ch\/de\/#organization"},"potentialAction":[{"@type":"SearchAction","target":{"@type":"EntryPoint","urlTemplate":"https:\/\/www.electrosuisse.ch\/de\/?s={search_term_string}"},"query-input":{"@type":"PropertyValueSpecification","valueRequired":true,"valueName":"search_term_string"}}],"inLanguage":"de"},{"@type":"Organization","@id":"https:\/\/www.electrosuisse.ch\/de\/#organization","name":"Electrosuisse","url":"https:\/\/www.electrosuisse.ch\/de\/","logo":{"@type":"ImageObject","inLanguage":"de","@id":"https:\/\/www.electrosuisse.ch\/de\/#\/schema\/logo\/image\/","url":"https:\/\/www.electrosuisse.ch\/wp-content\/uploads\/2025\/04\/Electrosuisse_Logo_696x696.png","contentUrl":"https:\/\/www.electrosuisse.ch\/wp-content\/uploads\/2025\/04\/Electrosuisse_Logo_696x696.png","width":696,"height":696,"caption":"Electrosuisse"},"image":{"@id":"https:\/\/www.electrosuisse.ch\/de\/#\/schema\/logo\/image\/"},"sameAs":["https:\/\/www.linkedin.com\/company\/electrosuisse-ag\/posts\/?feedView=all","https:\/\/www.instagram.com\/electrosuisse1889\/","https:\/\/www.youtube.com\/channel\/UCoOxohMiVE0Gjcdis1L09zw"],"description":"Electrosuisse ist eine anerkannte und unabh\u00e4ngige Fachorganisation, die erstklassige Dienstleistungen und Produkte in den Bereichen Inspektion, Beratung, Pr\u00fcfung, Zertifizierung, Normung und Weiterbildung anbietet. Unsere Expertise umfasst Elektrotechnik, Elektromobilit\u00e4t, Energieberatung, Geb\u00e4udeautomation und Photovoltaik in der Schweiz. Durch die Veranstaltung etablierter Branchen-Events und Fachtagungen f\u00f6rdert Electrosuisse den Wissenstransfer und den fachlichen Austausch. Im Mittelpunkt unserer T\u00e4tigkeiten steht die F\u00f6rderung der sicheren, wirtschaftlichen und umweltgerechten Anwendung der Elektrotechnik."}]}},"amp_enabled":true,"_links":{"self":[{"href":"https:\/\/www.electrosuisse.ch\/de\/wp-json\/wp\/v2\/pages\/41139","targetHints":{"allow":["GET"]}}],"collection":[{"href":"https:\/\/www.electrosuisse.ch\/de\/wp-json\/wp\/v2\/pages"}],"about":[{"href":"https:\/\/www.electrosuisse.ch\/de\/wp-json\/wp\/v2\/types\/page"}],"author":[{"embeddable":true,"href":"https:\/\/www.electrosuisse.ch\/de\/wp-json\/wp\/v2\/users\/38"}],"replies":[{"embeddable":true,"href":"https:\/\/www.electrosuisse.ch\/de\/wp-json\/wp\/v2\/comments?post=41139"}],"version-history":[{"count":27,"href":"https:\/\/www.electrosuisse.ch\/de\/wp-json\/wp\/v2\/pages\/41139\/revisions"}],"predecessor-version":[{"id":41211,"href":"https:\/\/www.electrosuisse.ch\/de\/wp-json\/wp\/v2\/pages\/41139\/revisions\/41211"}],"up":[{"embeddable":true,"href":"https:\/\/www.electrosuisse.ch\/de\/wp-json\/wp\/v2\/pages\/2837"}],"wp:attachment":[{"href":"https:\/\/www.electrosuisse.ch\/de\/wp-json\/wp\/v2\/media?parent=41139"}],"curies":[{"name":"wp","href":"https:\/\/api.w.org\/{rel}","templated":true}]}}