{"id":41050,"date":"2026-01-20T11:09:30","date_gmt":"2026-01-20T10:09:30","guid":{"rendered":"https:\/\/www.electrosuisse.ch\/?page_id=41050"},"modified":"2026-03-24T13:36:46","modified_gmt":"2026-03-24T12:36:46","slug":"dipl-sicherheitsexperte-in-von-elektrischen-anlagen-nds-hf","status":"publish","type":"page","link":"https:\/\/www.electrosuisse.ch\/de\/veranstaltungen\/bildungsangebot-mit-partner\/dipl-sicherheitsexperte-in-von-elektrischen-anlagen-nds-hf\/","title":{"rendered":"Dipl. Sicherheitsexperte\/in von elektrischen Anlagen NDS HF"},"content":{"rendered":"<div class=\"wpb-content-wrapper\"><p>[vc_row][vc_column][vc_column_text css=&#8221;&#8221;]Erlangen Sie umfassendes Fachwissen in der Planung, Errichtung und Kontrolle elektrischer Installationen. Als diplomierte\/r Sicherheitsexperte\/in \u00fcbernehmen Sie verantwortungsvolle Aufgaben und sind optimal auf die Praxispr\u00fcfung zur Erlangung der NIV-Fachkundigkeit gem\u00e4ss Art. 8 vorbereitet.<\/p>\n<p>Das Nachdiplomstudium verbindet die Fachexpertise von Electrosuisse mit der praxisnahen Ausbildungskompetenz der ABB Technikerschule.[\/vc_column_text][vc_column_text css=&#8221;&#8221;]<a href=\"https:\/\/www.abbts.ch\/bildungsangebot\/nachdiplomstudien\/sicherheitsexperte-in-von-elektrischen-anlagen\"><strong>Kooperationspartner ABB Technikerschule<\/strong><\/a><\/p>\n<p><img decoding=\"async\" class=\"alignnone wp-image-41065\" src=\"https:\/\/www.electrosuisse.ch\/wp-content\/uploads\/2026\/01\/ABBTS_Logo_klein_blau.jpg\" alt=\"\" width=\"180\" height=\"50\" srcset=\"https:\/\/www.electrosuisse.ch\/wp-content\/uploads\/2026\/01\/ABBTS_Logo_klein_blau.jpg 472w, https:\/\/www.electrosuisse.ch\/wp-content\/uploads\/2026\/01\/ABBTS_Logo_klein_blau-300x83.jpg 300w, https:\/\/www.electrosuisse.ch\/wp-content\/uploads\/2026\/01\/ABBTS_Logo_klein_blau-414x114.jpg 414w, https:\/\/www.electrosuisse.ch\/wp-content\/uploads\/2026\/01\/ABBTS_Logo_klein_blau-360x99.jpg 360w\" sizes=\"(max-width: 180px) 100vw, 180px\" \/>[\/vc_column_text]<div class=\"wpb_button_column wpb_content_element wpb_content_element--left\"><div class=\"wpb_wrapper\"><div class=\"button button--normal\"><a href=\"https:\/\/www.abbts.ch\/bildungsangebot\/nachdiplomstudien\/sicherheitsexperte-in-von-elektrischen-anlagen\" target=\"_blank\" >Jetzt informieren und anmelden<\/a><\/div><\/div><\/div>[\/vc_column][\/vc_row][vc_row el_id=&#8221;kursangebot&#8221;][vc_column][vc_column_text css=&#8221;&#8221;]<\/p>\n<h2>Module<\/h2>\n<p>In vier aufeinander aufbauenden Modulen entwickeln Sie sich von der Fachperson zur F\u00fchrungsperson und Sicherheitsexperte\/in.[\/vc_column_text]<div class=\"wpb_text_image_column wpb_content_element \"><div class=\"wpb_wrapper\"><div class=\"row middle-lg\"><div class=\"col-sm-6 col-xs-12\"><div class=\"picture_container\"><picture><source srcset=\"https:\/\/www.electrosuisse.ch\/wp-content\/uploads\/2026\/01\/Fachspezialist-in-Netzqualitaet-und-EMV-Vorteile-585x500.jpg\"><img decoding=\"async\" src=\"https:\/\/www.electrosuisse.ch\/wp-content\/uploads\/2026\/01\/Fachspezialist-in-Netzqualitaet-und-EMV-Vorteile-585x500.jpg\" alt=\"Inhalte\" \/><\/picture><\/div><\/div><div class=\"col-sm-6 col-xs-12\"><h3>Inhalte<\/h3><p>Modul 1: Sicherheit und Regeln der Technik<\/p>\n<p>Modul 2: Installations- und Sicherheitskontrolle<\/p>\n<p>Modul 3: Installations- und Sicherheitsexpertise<\/p>\n<p>Modul 4: Unternehmensf\u00fchrung<\/p>\n<\/div><\/div><\/div><\/div><div class=\"wpb_gap_column wpb_content_element\"><div class=\"wpb_wrapper\"><div class=\"gap gap--small\"><\/div><\/div><\/div>[vc_column_text css=&#8221;&#8221;]<\/p>\n<h4>Vorbereitung auf die Praxispr\u00fcfung gem\u00e4ss NIV Art. 8<\/h4>\n<p>Die NIV-Fachkundigkeit gem\u00e4ss Art. 8 berechtigt zur eigenverantwortlichen Planung, Errichtung und Kontrolle elektrischer Installationen. Sie ist die h\u00f6chste Qualifikationsstufe in der Elektroinstallationsbranche.<\/p>\n<p>Dieses Nachdiplomstudium eignet sich hervorragend f\u00fcr die Vorbereitung auf die Praxispr\u00fcfung. Der integrierte Vorbereitungskurs ist EIT.swiss zertifiziert.<\/p>\n<p>Voraussetzungen f\u00fcr die Praxispr\u00fcfung:<\/p>\n<ul>\n<li>3 Jahre Praxis im Installieren unter Aufsicht einer fachkundigen Person<\/li>\n<li>EFZ Elektroinstallateur\/in und Diplom FH, HF oder gleichwertiger Abschluss in Energie-\/Elektrotechnik oder<\/li>\n<li>Nahe verwandter Beruf oder Maturit\u00e4t und Diplom ETH\/FH\/HF in Energie-\/Elektrotechnik<\/li>\n<\/ul>\n<p>[\/vc_column_text][\/vc_column][\/vc_row][vc_row][vc_column]<div class=\"wpb_image_column wpb_content_element\"><div class=\"wpb_wrapper\"><div class=\"picture_container\"><picture style=\"width: 585px\"><source media=\"(min-width: 769px)\" srcset=\"https:\/\/www.electrosuisse.ch\/wp-content\/uploads\/2026\/01\/Fachspezialist-in-Erdung-und-Blitzschutz-Key-Learnings-768x512.jpg\"><source media=\"(min-width: 415px)\" srcset=\"https:\/\/www.electrosuisse.ch\/wp-content\/uploads\/2026\/01\/Fachspezialist-in-Erdung-und-Blitzschutz-Key-Learnings-768x512.jpg\"><source media=\"(max-width: 414px)\" srcset=\"https:\/\/www.electrosuisse.ch\/wp-content\/uploads\/2026\/01\/Fachspezialist-in-Erdung-und-Blitzschutz-Key-Learnings-414x276.jpg 1x, https:\/\/www.electrosuisse.ch\/wp-content\/uploads\/2026\/01\/Fachspezialist-in-Erdung-und-Blitzschutz-Key-Learnings-768x512.jpg 2x\"><img decoding=\"async\" src=\"https:\/\/www.electrosuisse.ch\/wp-content\/uploads\/2026\/01\/Fachspezialist-in-Erdung-und-Blitzschutz-Key-Learnings-768x512.jpg\" alt=\"Modul Einblick\" \/><\/picture><\/div><\/div><\/div>[\/vc_column][\/vc_row][vc_row][vc_column][vc_column_text css=&#8221;&#8221;]<\/p>\n<h3>Ihre Kompetenzen nach dem Studium<\/h3>\n<ul>\n<li>Elektroinstallationen pr\u00e4zise beurteilen und messen<\/li>\n<li>Als fachkundige oder kontrollberechtigte Person verantwortungsvolle Arbeiten durchf\u00fchren<\/li>\n<li>Relevante Normen der Elektrobranche kennen und in der Praxis anwenden<\/li>\n<li>Komplexe Installationen wie Netzersatzanlagen korrekt planen und ausf\u00fchren<\/li>\n<li>Grundlagen des Arbeits- und Gesundheitsschutzes umsetzen<\/li>\n<li>Expertisen erstellen und dokumentieren<\/li>\n<li>Firma erfolgreich f\u00fchren und Potenzial motivierter Mitarbeiter erkennen<\/li>\n<li>Praxispr\u00fcfung zur NIV-Fachkundigkeit erfolgreich absolvieren<\/li>\n<\/ul>\n<p>[\/vc_column_text]<div class=\"wpb_button_column wpb_content_element wpb_content_element--left\"><div class=\"wpb_wrapper\"><div class=\"button button--normal\"><a href=\"https:\/\/www.abbts.ch\/bildungsangebot\/nachdiplomstudien\/sicherheitsexperte-in-von-elektrischen-anlagen\" target=\"_blank\" >Jetzt informieren und anmelden<\/a><\/div><\/div><\/div>[\/vc_column][\/vc_row][vc_row][vc_column][vc_column_text css=&#8221;&#8221;]<\/p>\n<h2>Kontakt<\/h2>\n<p>[\/vc_column_text]<div class=\"wpb_contact_column wpb_content_element wpb_content_element--left\"><div class=\"wpb_wrapper\"><div class=\"contact_container\"><div class=\"contact row middle-xs\"><div class=\"contact__img col-sm-5 col-xs-12\"><img decoding=\"async\" src=\"https:\/\/www.electrosuisse.ch\/wp-content\/uploads\/2023\/03\/ThomasHausherr_300x300.jpg\" alt=\"Thomas Hausherr  - Bildungsgangleiter\" \/><\/div><div class=\"contact__info col-sm-7 col-xs-12\"><p><b>Thomas Hausherr <\/b><br>Bildungsgangleiter<\/p><div class=\"phone has-link\"><a href=\"tel:+41565600190\">+41 56 560 01 90<\/a><\/div><div class=\"mail has-link\"><a href=\"mailto:&#116;&#x68;o&#109;&#x61;s&#46;&#x68;a&#117;&#x73;h&#101;&#x72;r&#64;&#x61;b&#98;&#x74;s&#46;&#x63;h\">&#x74;h&#x6f;m&#x61;&#115;&#x2e;&#104;a&#x75;s&#x68;&#101;&#x72;&#114;&#x40;&#97;b&#x62;t&#x73;&#46;&#x63;&#104;<\/a><\/div><\/div><\/div><\/div><\/div><\/div>[\/vc_column][\/vc_row]<\/p>\n<\/div>","protected":false},"excerpt":{"rendered":"<p>[vc_row][vc_column][vc_column_text css=&#8221;&#8221;]Erlangen Sie umfassendes Fachwissen in der Planung, Errichtung und Kontrolle elektrischer Installationen. Als diplomierte\/r Sicherheitsexperte\/in \u00fcbernehmen Sie verantwortungsvolle Aufgaben und sind optimal auf die Praxispr\u00fcfung zur Erlangung der NIV-Fachkundigkeit gem\u00e4ss Art. 8 vorbereitet. Das Nachdiplomstudium verbindet die Fachexpertise von Electrosuisse mit der praxisnahen Ausbildungskompetenz der ABB Technikerschule.[\/vc_column_text][vc_column_text css=&#8221;&#8221;]Kooperationspartner ABB Technikerschule [\/vc_column_text][\/vc_column][\/vc_row][vc_row el_id=&#8221;kursangebot&#8221;][vc_column][vc_column_text css=&#8221;&#8221;] Module [&hellip;]<\/p>\n","protected":false},"author":38,"featured_media":0,"parent":41139,"menu_order":376,"comment_status":"closed","ping_status":"closed","template":"","meta":{"_acf_changed":false,"_monsterinsights_skip_tracking":false,"_monsterinsights_sitenote_active":false,"_monsterinsights_sitenote_note":"","_monsterinsights_sitenote_category":0,"footnotes":""},"class_list":["post-41050","page","type-page","status-publish","hentry"],"acf":[],"yoast_head":"<!-- This site is optimized with the Yoast SEO Premium plugin v26.4 (Yoast SEO v27.0) - https:\/\/yoast.com\/product\/yoast-seo-premium-wordpress\/ -->\n<title>Electrosuisse Dipl. Sicherheitsexperte\/in von elektrischen Anlagen NDS HF - Electrosuisse<\/title>\n<meta name=\"description\" content=\"Erweitern Sie Ihr Fachwissen gezielt und machen Sie sich fit f\u00fcr anspruchsvolle Aufgaben in der Elektrobranche. Unsere Nachdiplomkurse verbinden die Fachkompetenzen der Electrosuisse mit der praxisnahen Ausbildungskompetenz der ABB Technikerschule.\" \/>\n<meta name=\"robots\" content=\"index, follow, max-snippet:-1, max-image-preview:large, max-video-preview:-1\" \/>\n<link rel=\"canonical\" href=\"https:\/\/www.electrosuisse.ch\/de\/veranstaltungen\/bildungsangebot-mit-partner\/dipl-sicherheitsexperte-in-von-elektrischen-anlagen-nds-hf\/\" \/>\n<meta property=\"og:locale\" content=\"de_DE\" \/>\n<meta property=\"og:type\" content=\"article\" \/>\n<meta property=\"og:title\" content=\"Electrosuisse Dipl. Sicherheitsexperte\/in von elektrischen Anlagen NDS HF - Electrosuisse\" \/>\n<meta property=\"og:description\" content=\"Erweitern Sie Ihr Fachwissen gezielt und machen Sie sich fit f\u00fcr anspruchsvolle Aufgaben in der Elektrobranche. Unsere Nachdiplomkurse verbinden die Fachkompetenzen der Electrosuisse mit der praxisnahen Ausbildungskompetenz der ABB Technikerschule.\" \/>\n<meta property=\"og:url\" content=\"https:\/\/www.electrosuisse.ch\/de\/veranstaltungen\/bildungsangebot-mit-partner\/dipl-sicherheitsexperte-in-von-elektrischen-anlagen-nds-hf\/\" \/>\n<meta property=\"og:site_name\" content=\"Electrosuisse\" \/>\n<meta property=\"article:modified_time\" content=\"2026-03-24T12:36:46+00:00\" \/>\n<meta property=\"og:image\" content=\"https:\/\/www.electrosuisse.ch\/wp-content\/uploads\/2025\/06\/firmenkurse_keyvisual_1660x470.png\" \/>\n\t<meta property=\"og:image:width\" content=\"472\" \/>\n\t<meta property=\"og:image:height\" content=\"130\" \/>\n\t<meta property=\"og:image:type\" content=\"image\/jpeg\" \/>\n<script type=\"application\/ld+json\" class=\"yoast-schema-graph\">{\"@context\":\"https:\/\/schema.org\",\"@graph\":[{\"@type\":\"WebPage\",\"@id\":\"https:\/\/www.electrosuisse.ch\/de\/veranstaltungen\/bildungsangebot-mit-partner\/dipl-sicherheitsexperte-in-von-elektrischen-anlagen-nds-hf\/\",\"url\":\"https:\/\/www.electrosuisse.ch\/de\/veranstaltungen\/bildungsangebot-mit-partner\/dipl-sicherheitsexperte-in-von-elektrischen-anlagen-nds-hf\/\",\"name\":\"Electrosuisse Dipl. Sicherheitsexperte\/in von elektrischen Anlagen NDS HF - Electrosuisse\",\"isPartOf\":{\"@id\":\"https:\/\/www.electrosuisse.ch\/de\/#website\"},\"primaryImageOfPage\":{\"@id\":\"https:\/\/www.electrosuisse.ch\/de\/veranstaltungen\/bildungsangebot-mit-partner\/dipl-sicherheitsexperte-in-von-elektrischen-anlagen-nds-hf\/#primaryimage\"},\"image\":{\"@id\":\"https:\/\/www.electrosuisse.ch\/de\/veranstaltungen\/bildungsangebot-mit-partner\/dipl-sicherheitsexperte-in-von-elektrischen-anlagen-nds-hf\/#primaryimage\"},\"thumbnailUrl\":\"https:\/\/www.electrosuisse.ch\/wp-content\/uploads\/2026\/01\/ABBTS_Logo_klein_blau.jpg\",\"datePublished\":\"2026-01-20T10:09:30+00:00\",\"dateModified\":\"2026-03-24T12:36:46+00:00\",\"description\":\"Erweitern Sie Ihr Fachwissen gezielt und machen Sie sich fit f\u00fcr anspruchsvolle Aufgaben in der Elektrobranche. Unsere Nachdiplomkurse verbinden die Fachkompetenzen der Electrosuisse mit der praxisnahen Ausbildungskompetenz der ABB Technikerschule.\",\"breadcrumb\":{\"@id\":\"https:\/\/www.electrosuisse.ch\/de\/veranstaltungen\/bildungsangebot-mit-partner\/dipl-sicherheitsexperte-in-von-elektrischen-anlagen-nds-hf\/#breadcrumb\"},\"inLanguage\":\"de\",\"potentialAction\":[{\"@type\":\"ReadAction\",\"target\":[\"https:\/\/www.electrosuisse.ch\/de\/veranstaltungen\/bildungsangebot-mit-partner\/dipl-sicherheitsexperte-in-von-elektrischen-anlagen-nds-hf\/\"]}]},{\"@type\":\"ImageObject\",\"inLanguage\":\"de\",\"@id\":\"https:\/\/www.electrosuisse.ch\/de\/veranstaltungen\/bildungsangebot-mit-partner\/dipl-sicherheitsexperte-in-von-elektrischen-anlagen-nds-hf\/#primaryimage\",\"url\":\"https:\/\/www.electrosuisse.ch\/wp-content\/uploads\/2026\/01\/ABBTS_Logo_klein_blau.jpg\",\"contentUrl\":\"https:\/\/www.electrosuisse.ch\/wp-content\/uploads\/2026\/01\/ABBTS_Logo_klein_blau.jpg\"},{\"@type\":\"BreadcrumbList\",\"@id\":\"https:\/\/www.electrosuisse.ch\/de\/veranstaltungen\/bildungsangebot-mit-partner\/dipl-sicherheitsexperte-in-von-elektrischen-anlagen-nds-hf\/#breadcrumb\",\"itemListElement\":[{\"@type\":\"ListItem\",\"position\":1,\"name\":\"Veranstaltungen\",\"item\":\"https:\/\/www.electrosuisse.ch\/de\/veranstaltungen\/\"},{\"@type\":\"ListItem\",\"position\":2,\"name\":\"Bildungsangebot mit Partner\",\"item\":\"https:\/\/www.electrosuisse.ch\/de\/veranstaltungen\/bildungsangebot-mit-partner\/\"},{\"@type\":\"ListItem\",\"position\":3,\"name\":\"Dipl. Sicherheitsexperte\/in von elektrischen Anlagen NDS HF\"}]},{\"@type\":\"WebSite\",\"@id\":\"https:\/\/www.electrosuisse.ch\/de\/#website\",\"url\":\"https:\/\/www.electrosuisse.ch\/de\/\",\"name\":\"Electrosuisse\",\"description\":\"\",\"publisher\":{\"@id\":\"https:\/\/www.electrosuisse.ch\/de\/#organization\"},\"potentialAction\":[{\"@type\":\"SearchAction\",\"target\":{\"@type\":\"EntryPoint\",\"urlTemplate\":\"https:\/\/www.electrosuisse.ch\/de\/?s={search_term_string}\"},\"query-input\":{\"@type\":\"PropertyValueSpecification\",\"valueRequired\":true,\"valueName\":\"search_term_string\"}}],\"inLanguage\":\"de\"},{\"@type\":\"Organization\",\"@id\":\"https:\/\/www.electrosuisse.ch\/de\/#organization\",\"name\":\"Electrosuisse\",\"url\":\"https:\/\/www.electrosuisse.ch\/de\/\",\"logo\":{\"@type\":\"ImageObject\",\"inLanguage\":\"de\",\"@id\":\"https:\/\/www.electrosuisse.ch\/de\/#\/schema\/logo\/image\/\",\"url\":\"https:\/\/www.electrosuisse.ch\/wp-content\/uploads\/2025\/04\/Electrosuisse_Logo_696x696.png\",\"contentUrl\":\"https:\/\/www.electrosuisse.ch\/wp-content\/uploads\/2025\/04\/Electrosuisse_Logo_696x696.png\",\"width\":696,\"height\":696,\"caption\":\"Electrosuisse\"},\"image\":{\"@id\":\"https:\/\/www.electrosuisse.ch\/de\/#\/schema\/logo\/image\/\"},\"sameAs\":[\"https:\/\/www.linkedin.com\/company\/electrosuisse-ag\/posts\/?feedView=all\",\"https:\/\/www.instagram.com\/electrosuisse1889\/\",\"https:\/\/www.youtube.com\/channel\/UCoOxohMiVE0Gjcdis1L09zw\"],\"description\":\"Electrosuisse ist eine anerkannte und unabh\u00e4ngige Fachorganisation, die erstklassige Dienstleistungen und Produkte in den Bereichen Inspektion, Beratung, Pr\u00fcfung, Zertifizierung, Normung und Weiterbildung anbietet. Unsere Expertise umfasst Elektrotechnik, Elektromobilit\u00e4t, Energieberatung, Geb\u00e4udeautomation und Photovoltaik in der Schweiz. Durch die Veranstaltung etablierter Branchen-Events und Fachtagungen f\u00f6rdert Electrosuisse den Wissenstransfer und den fachlichen Austausch. Im Mittelpunkt unserer T\u00e4tigkeiten steht die F\u00f6rderung der sicheren, wirtschaftlichen und umweltgerechten Anwendung der Elektrotechnik.\"}]}<\/script>\n<!-- \/ Yoast SEO Premium plugin. -->","yoast_head_json":{"title":"Electrosuisse Dipl. Sicherheitsexperte\/in von elektrischen Anlagen NDS HF - Electrosuisse","description":"Erweitern Sie Ihr Fachwissen gezielt und machen Sie sich fit f\u00fcr anspruchsvolle Aufgaben in der Elektrobranche. Unsere Nachdiplomkurse verbinden die Fachkompetenzen der Electrosuisse mit der praxisnahen Ausbildungskompetenz der ABB Technikerschule.","robots":{"index":"index","follow":"follow","max-snippet":"max-snippet:-1","max-image-preview":"max-image-preview:large","max-video-preview":"max-video-preview:-1"},"canonical":"https:\/\/www.electrosuisse.ch\/de\/veranstaltungen\/bildungsangebot-mit-partner\/dipl-sicherheitsexperte-in-von-elektrischen-anlagen-nds-hf\/","og_locale":"de_DE","og_type":"article","og_title":"Electrosuisse Dipl. Sicherheitsexperte\/in von elektrischen Anlagen NDS HF - Electrosuisse","og_description":"Erweitern Sie Ihr Fachwissen gezielt und machen Sie sich fit f\u00fcr anspruchsvolle Aufgaben in der Elektrobranche. Unsere Nachdiplomkurse verbinden die Fachkompetenzen der Electrosuisse mit der praxisnahen Ausbildungskompetenz der ABB Technikerschule.","og_url":"https:\/\/www.electrosuisse.ch\/de\/veranstaltungen\/bildungsangebot-mit-partner\/dipl-sicherheitsexperte-in-von-elektrischen-anlagen-nds-hf\/","og_site_name":"Electrosuisse","article_modified_time":"2026-03-24T12:36:46+00:00","og_image":[{"width":472,"height":130,"url":"https:\/\/www.electrosuisse.ch\/wp-content\/uploads\/2025\/06\/firmenkurse_keyvisual_1660x470.png","type":"image\/jpeg"}],"schema":{"@context":"https:\/\/schema.org","@graph":[{"@type":"WebPage","@id":"https:\/\/www.electrosuisse.ch\/de\/veranstaltungen\/bildungsangebot-mit-partner\/dipl-sicherheitsexperte-in-von-elektrischen-anlagen-nds-hf\/","url":"https:\/\/www.electrosuisse.ch\/de\/veranstaltungen\/bildungsangebot-mit-partner\/dipl-sicherheitsexperte-in-von-elektrischen-anlagen-nds-hf\/","name":"Electrosuisse Dipl. Sicherheitsexperte\/in von elektrischen Anlagen NDS HF - Electrosuisse","isPartOf":{"@id":"https:\/\/www.electrosuisse.ch\/de\/#website"},"primaryImageOfPage":{"@id":"https:\/\/www.electrosuisse.ch\/de\/veranstaltungen\/bildungsangebot-mit-partner\/dipl-sicherheitsexperte-in-von-elektrischen-anlagen-nds-hf\/#primaryimage"},"image":{"@id":"https:\/\/www.electrosuisse.ch\/de\/veranstaltungen\/bildungsangebot-mit-partner\/dipl-sicherheitsexperte-in-von-elektrischen-anlagen-nds-hf\/#primaryimage"},"thumbnailUrl":"https:\/\/www.electrosuisse.ch\/wp-content\/uploads\/2026\/01\/ABBTS_Logo_klein_blau.jpg","datePublished":"2026-01-20T10:09:30+00:00","dateModified":"2026-03-24T12:36:46+00:00","description":"Erweitern Sie Ihr Fachwissen gezielt und machen Sie sich fit f\u00fcr anspruchsvolle Aufgaben in der Elektrobranche. Unsere Nachdiplomkurse verbinden die Fachkompetenzen der Electrosuisse mit der praxisnahen Ausbildungskompetenz der ABB Technikerschule.","breadcrumb":{"@id":"https:\/\/www.electrosuisse.ch\/de\/veranstaltungen\/bildungsangebot-mit-partner\/dipl-sicherheitsexperte-in-von-elektrischen-anlagen-nds-hf\/#breadcrumb"},"inLanguage":"de","potentialAction":[{"@type":"ReadAction","target":["https:\/\/www.electrosuisse.ch\/de\/veranstaltungen\/bildungsangebot-mit-partner\/dipl-sicherheitsexperte-in-von-elektrischen-anlagen-nds-hf\/"]}]},{"@type":"ImageObject","inLanguage":"de","@id":"https:\/\/www.electrosuisse.ch\/de\/veranstaltungen\/bildungsangebot-mit-partner\/dipl-sicherheitsexperte-in-von-elektrischen-anlagen-nds-hf\/#primaryimage","url":"https:\/\/www.electrosuisse.ch\/wp-content\/uploads\/2026\/01\/ABBTS_Logo_klein_blau.jpg","contentUrl":"https:\/\/www.electrosuisse.ch\/wp-content\/uploads\/2026\/01\/ABBTS_Logo_klein_blau.jpg"},{"@type":"BreadcrumbList","@id":"https:\/\/www.electrosuisse.ch\/de\/veranstaltungen\/bildungsangebot-mit-partner\/dipl-sicherheitsexperte-in-von-elektrischen-anlagen-nds-hf\/#breadcrumb","itemListElement":[{"@type":"ListItem","position":1,"name":"Veranstaltungen","item":"https:\/\/www.electrosuisse.ch\/de\/veranstaltungen\/"},{"@type":"ListItem","position":2,"name":"Bildungsangebot mit Partner","item":"https:\/\/www.electrosuisse.ch\/de\/veranstaltungen\/bildungsangebot-mit-partner\/"},{"@type":"ListItem","position":3,"name":"Dipl. Sicherheitsexperte\/in von elektrischen Anlagen NDS HF"}]},{"@type":"WebSite","@id":"https:\/\/www.electrosuisse.ch\/de\/#website","url":"https:\/\/www.electrosuisse.ch\/de\/","name":"Electrosuisse","description":"","publisher":{"@id":"https:\/\/www.electrosuisse.ch\/de\/#organization"},"potentialAction":[{"@type":"SearchAction","target":{"@type":"EntryPoint","urlTemplate":"https:\/\/www.electrosuisse.ch\/de\/?s={search_term_string}"},"query-input":{"@type":"PropertyValueSpecification","valueRequired":true,"valueName":"search_term_string"}}],"inLanguage":"de"},{"@type":"Organization","@id":"https:\/\/www.electrosuisse.ch\/de\/#organization","name":"Electrosuisse","url":"https:\/\/www.electrosuisse.ch\/de\/","logo":{"@type":"ImageObject","inLanguage":"de","@id":"https:\/\/www.electrosuisse.ch\/de\/#\/schema\/logo\/image\/","url":"https:\/\/www.electrosuisse.ch\/wp-content\/uploads\/2025\/04\/Electrosuisse_Logo_696x696.png","contentUrl":"https:\/\/www.electrosuisse.ch\/wp-content\/uploads\/2025\/04\/Electrosuisse_Logo_696x696.png","width":696,"height":696,"caption":"Electrosuisse"},"image":{"@id":"https:\/\/www.electrosuisse.ch\/de\/#\/schema\/logo\/image\/"},"sameAs":["https:\/\/www.linkedin.com\/company\/electrosuisse-ag\/posts\/?feedView=all","https:\/\/www.instagram.com\/electrosuisse1889\/","https:\/\/www.youtube.com\/channel\/UCoOxohMiVE0Gjcdis1L09zw"],"description":"Electrosuisse ist eine anerkannte und unabh\u00e4ngige Fachorganisation, die erstklassige Dienstleistungen und Produkte in den Bereichen Inspektion, Beratung, Pr\u00fcfung, Zertifizierung, Normung und Weiterbildung anbietet. Unsere Expertise umfasst Elektrotechnik, Elektromobilit\u00e4t, Energieberatung, Geb\u00e4udeautomation und Photovoltaik in der Schweiz. Durch die Veranstaltung etablierter Branchen-Events und Fachtagungen f\u00f6rdert Electrosuisse den Wissenstransfer und den fachlichen Austausch. Im Mittelpunkt unserer T\u00e4tigkeiten steht die F\u00f6rderung der sicheren, wirtschaftlichen und umweltgerechten Anwendung der Elektrotechnik."}]}},"amp_enabled":true,"_links":{"self":[{"href":"https:\/\/www.electrosuisse.ch\/de\/wp-json\/wp\/v2\/pages\/41050","targetHints":{"allow":["GET"]}}],"collection":[{"href":"https:\/\/www.electrosuisse.ch\/de\/wp-json\/wp\/v2\/pages"}],"about":[{"href":"https:\/\/www.electrosuisse.ch\/de\/wp-json\/wp\/v2\/types\/page"}],"author":[{"embeddable":true,"href":"https:\/\/www.electrosuisse.ch\/de\/wp-json\/wp\/v2\/users\/38"}],"replies":[{"embeddable":true,"href":"https:\/\/www.electrosuisse.ch\/de\/wp-json\/wp\/v2\/comments?post=41050"}],"version-history":[{"count":31,"href":"https:\/\/www.electrosuisse.ch\/de\/wp-json\/wp\/v2\/pages\/41050\/revisions"}],"predecessor-version":[{"id":41345,"href":"https:\/\/www.electrosuisse.ch\/de\/wp-json\/wp\/v2\/pages\/41050\/revisions\/41345"}],"up":[{"embeddable":true,"href":"https:\/\/www.electrosuisse.ch\/de\/wp-json\/wp\/v2\/pages\/41139"}],"wp:attachment":[{"href":"https:\/\/www.electrosuisse.ch\/de\/wp-json\/wp\/v2\/media?parent=41050"}],"curies":[{"name":"wp","href":"https:\/\/api.w.org\/{rel}","templated":true}]}}