{"id":41047,"date":"2026-01-20T12:36:55","date_gmt":"2026-01-20T11:36:55","guid":{"rendered":"https:\/\/www.electrosuisse.ch\/?page_id=41047"},"modified":"2026-03-24T13:33:51","modified_gmt":"2026-03-24T12:33:51","slug":"nachdiplomkurse-ndk-fuer-elektrofachkraefte","status":"publish","type":"page","link":"https:\/\/www.electrosuisse.ch\/de\/veranstaltungen\/bildungsangebot-mit-partner\/nachdiplomkurse-ndk-fuer-elektrofachkraefte\/","title":{"rendered":"Nachdiplomkurse (NDK) f\u00fcr Elektrofachkr\u00e4fte"},"content":{"rendered":"<div class=\"wpb-content-wrapper\"><p>[vc_row][vc_column][vc_column_text css=&#8221;&#8221;]Erweitern Sie Ihr Fachwissen gezielt und machen Sie sich fit f\u00fcr anspruchsvolle Aufgaben in der Elektrobranche. Unsere Nachdiplomkurse verbinden die Fachkompetenzen der Electrosuisse mit der praxisnahen Ausbildungskompetenz der ABB Technikerschule.[\/vc_column_text][vc_column_text css=&#8221;&#8221;]<a href=\"https:\/\/www.abbts.ch\/\"><strong>Kooperationspartner ABB Technikerschule<\/strong><\/a><\/p>\n<p><img decoding=\"async\" class=\"alignnone wp-image-41065\" src=\"https:\/\/www.electrosuisse.ch\/wp-content\/uploads\/2026\/01\/ABBTS_Logo_klein_blau-300x83.jpg\" alt=\"Kooperationspartner ABB Technikerschule\" width=\"180\" height=\"50\" srcset=\"https:\/\/www.electrosuisse.ch\/wp-content\/uploads\/2026\/01\/ABBTS_Logo_klein_blau-300x83.jpg 300w, https:\/\/www.electrosuisse.ch\/wp-content\/uploads\/2026\/01\/ABBTS_Logo_klein_blau-414x114.jpg 414w, https:\/\/www.electrosuisse.ch\/wp-content\/uploads\/2026\/01\/ABBTS_Logo_klein_blau-360x99.jpg 360w, https:\/\/www.electrosuisse.ch\/wp-content\/uploads\/2026\/01\/ABBTS_Logo_klein_blau.jpg 472w\" sizes=\"(max-width: 180px) 100vw, 180px\" \/>[\/vc_column_text]<div class=\"wpb_button_column wpb_content_element wpb_content_element--left\"><div class=\"wpb_wrapper\"><div class=\"button button--normal\"><a href=\"https:\/\/www.abbts.ch\/\" target=\"_blank\" >Jetzt informieren und anmelden<\/a><\/div><\/div><\/div>[\/vc_column][\/vc_row][vc_row el_id=&#8221;kursangebot&#8221;][vc_column][vc_column_text css=&#8221;&#8221;]<\/p>\n<h2>Unser Kursangebot<\/h2>\n<p>[\/vc_column_text]<div class=\"wpb_text_image_column wpb_content_element \"><div class=\"wpb_wrapper\"><div class=\"row middle-lg\"><div class=\"col-sm-6 col-xs-12\"><div class=\"picture_container\"><picture><source srcset=\"https:\/\/www.electrosuisse.ch\/wp-content\/uploads\/2026\/01\/Fachspezialist-in-Erdung-und-Blitzschutz-Vorteile-585x500.jpg\"><img decoding=\"async\" src=\"https:\/\/www.electrosuisse.ch\/wp-content\/uploads\/2026\/01\/Fachspezialist-in-Erdung-und-Blitzschutz-Vorteile-585x500.jpg\" alt=\"Fachspezialist\/in Erdung und Blitzschutz (NDK HF)\" \/><\/picture><\/div><\/div><div class=\"col-sm-6 col-xs-12\"><h3>Fachspezialist\/in Erdung und Blitzschutz (NDK HF)<\/h3><p>Nach Abschluss planen und beurteilen Sie komplexe Erdungs-, Blitzschutz- und \u00dcberspannungssysteme gem\u00e4ss den anerkannten Regeln der Technik (SNG und SN EN).<\/p>\n<div class=\"button button--ghost\"><a href=\"https:\/\/www.abbts.ch\/bildungsangebot\/nachdiplomkurse\/fachspezialist-in-erdung-und-blitzschutz-ndk-hf\" target=\"_blank\" rel=\"noopener\">Mehr Informationen<\/a><\/div><\/div><\/div><\/div><\/div><div class=\"wpb_text_image_column wpb_content_element \"><div class=\"wpb_wrapper\"><div class=\"row middle-lg\"><div class=\"col-sm-6 col-xs-12\"><div class=\"picture_container\"><picture><source srcset=\"https:\/\/www.electrosuisse.ch\/wp-content\/uploads\/2026\/01\/Fachspezialist-in-Versorungs-und-Arealnetze-Vorteile-585x500.jpg\"><img decoding=\"async\" src=\"https:\/\/www.electrosuisse.ch\/wp-content\/uploads\/2026\/01\/Fachspezialist-in-Versorungs-und-Arealnetze-Vorteile-585x500.jpg\" alt=\"Fachspezialist\/in Versorgungs- und Arealnetze (NDK HF)\" \/><\/picture><\/div><\/div><div class=\"col-sm-6 col-xs-12\"><h3>Fachspezialist\/in Versorgungs- und Arealnetze (NDK HF)<\/h3><p>Spezialisieren Sie sich auf Netzberechnungen und Netzauslastung. Sie f\u00fchren Berechnungen manuell und mit professioneller Software durch und beurteilen Kapazit\u00e4tsengp\u00e4sse, z.B. durch den Ausbau erneuerbarer Energien.<\/p>\n<div class=\"button button--ghost\"><a href=\"https:\/\/www.abbts.ch\/bildungsangebot\/nachdiplomkurse\/fachspezialist-in-versorgungs-und-arealnetze-ndk-hf\" target=\"_blank\" rel=\"noopener\">Mehr Informationen<\/a><\/div><\/div><\/div><\/div><\/div><div class=\"wpb_text_image_column wpb_content_element \"><div class=\"wpb_wrapper\"><div class=\"row middle-lg\"><div class=\"col-sm-6 col-xs-12\"><div class=\"picture_container\"><picture><source srcset=\"https:\/\/www.electrosuisse.ch\/wp-content\/uploads\/2026\/01\/Fachspezialist-in-Netzqualitaet-und-EMV-Key-Learnings-585x500.jpg\"><img decoding=\"async\" src=\"https:\/\/www.electrosuisse.ch\/wp-content\/uploads\/2026\/01\/Fachspezialist-in-Netzqualitaet-und-EMV-Key-Learnings-585x500.jpg\" alt=\"Fachspezialist\/in Netzqualit\u00e4t und EMV (NDK HF)\" \/><\/picture><\/div><\/div><div class=\"col-sm-6 col-xs-12\"><h3>Fachspezialist\/in Netzqualit\u00e4t und EMV (NDK HF)<\/h3><p>Vertiefen Sie Ihre Kenntnisse in Netzqualit\u00e4t und elektromagnetischer Vertr\u00e4glichkeit. Sie lernen relevante Normen kennen, ermitteln St\u00f6rungen und planen Massnahmen zur Verbesserung.<\/p>\n<div class=\"button button--ghost\"><a href=\"https:\/\/www.abbts.ch\/bildungsangebot\/nachdiplomkurse\/fachspezialist-in-netzqualitaet-und-emv-ndk-hf\" target=\"_blank\" rel=\"noopener\">Mehr Informationen<\/a><\/div><\/div><\/div><\/div><\/div><div class=\"wpb_gap_column wpb_content_element\"><div class=\"wpb_wrapper\"><div class=\"gap gap--small\"><\/div><\/div><\/div>[vc_column_text css=&#8221;&#8221;]<\/p>\n<h4>Voraussetzungen f\u00fcr die Teilnahme<\/h4>\n<p><strong>Anerkannter Abschluss im Bereich der Elektrotechnik<\/strong><\/p>\n<p>Je nach Vorbildung und gew\u00e4hltem NDK ist das erfolgreiche Absolvieren des Grundlagenmoduls erforderlich. Dieses Modul kann auch zur Auffrischung der Kenntnisse besucht werden.<\/p>\n<p><strong>Grundlagenmodul Mathematik &amp; Elektrotechnik<\/strong><\/p>\n<p>Wiederholen und vertiefen Sie mathematische und elektrotechnische Grundlagen \u2013 von Gleichungen, Funktionen, Geometrie und Statistik bis hin zu Stromkreisgesetzen, AC-Technik, Filtern und Transformatoren \u2013 und lernen Sie, diese sicher in typischen technischen Aufgaben anzuwenden.[\/vc_column_text]<div class=\"wpb_button_column wpb_content_element wpb_content_element--left\"><div class=\"wpb_wrapper\"><div class=\"button button--normal\"><a href=\"https:\/\/www.abbts.ch\/bildungsangebot\/nachdiplomkurse\/grundlagenmodul-ndk-hf\" target=\"_blank\" >Mehr Informationen<\/a><\/div><\/div><\/div>[\/vc_column][\/vc_row][vc_row][vc_column]<div class=\"wpb_image_column wpb_content_element\"><div class=\"wpb_wrapper\"><div class=\"picture_container\"><picture style=\"width: 585px\"><source media=\"(min-width: 769px)\" srcset=\"https:\/\/www.electrosuisse.ch\/wp-content\/uploads\/2026\/01\/Grundlagenmodul-Vorteile-768x512.jpg\"><source media=\"(min-width: 415px)\" srcset=\"https:\/\/www.electrosuisse.ch\/wp-content\/uploads\/2026\/01\/Grundlagenmodul-Vorteile-768x512.jpg\"><source media=\"(max-width: 414px)\" srcset=\"https:\/\/www.electrosuisse.ch\/wp-content\/uploads\/2026\/01\/Grundlagenmodul-Vorteile-414x276.jpg 1x, https:\/\/www.electrosuisse.ch\/wp-content\/uploads\/2026\/01\/Grundlagenmodul-Vorteile-768x512.jpg 2x\"><img decoding=\"async\" src=\"https:\/\/www.electrosuisse.ch\/wp-content\/uploads\/2026\/01\/Grundlagenmodul-Vorteile-768x512.jpg\" alt=\"Modul Einblick\" \/><\/picture><\/div><\/div><\/div>[\/vc_column][\/vc_row][vc_row el_id=&#8221;vorteile&#8221;][vc_column][vc_column_text css=&#8221;&#8221;]<\/p>\n<h3>Ihre Vorteile auf einen Blick<\/h3>\n<ul>\n<li><strong>Fachliche Spezialisierung \u2013<\/strong> Werden Sie Expert\/in in Ihrem gew\u00e4hlten Fachgebiet<\/li>\n<li><strong> Karrieresprung \u2013 <\/strong>Qualifizieren Sie sich f\u00fcr anspruchsvollere Positionen und Projekte<\/li>\n<li><strong>Marktwert steigern \u2013<\/strong> Erh\u00f6hen Sie Ihre Attraktivit\u00e4t auf dem Arbeitsmarkt<\/li>\n<li><strong>Netzwerk erweitern \u2013<\/strong> Lernen Sie von Expert\/innen und kn\u00fcpfen Sie Kontakte zu Fachkr\u00e4ften<\/li>\n<li><strong>Praxisrelevanz \u2013<\/strong> Setzen Sie Ihr neues Wissen sofort im Berufsalltag ein<\/li>\n<\/ul>\n<p>[\/vc_column_text]<div class=\"wpb_button_column wpb_content_element wpb_content_element--left\"><div class=\"wpb_wrapper\"><div class=\"button button--normal\"><a href=\"https:\/\/www.abbts.ch\/\" target=\"_blank\" >Jetzt informieren und anmelden<\/a><\/div><\/div><\/div>[\/vc_column][\/vc_row][vc_row el_id=&#8221;kontakt&#8221;][vc_column][vc_column_text css=&#8221;&#8221;]<\/p>\n<h2>Kontakt<\/h2>\n<p>[\/vc_column_text]<div class=\"wpb_contact_column wpb_content_element wpb_content_element--left\"><div class=\"wpb_wrapper\"><div class=\"contact_container\"><div class=\"contact row middle-xs\"><div class=\"contact__img col-sm-5 col-xs-12\"><img decoding=\"async\" src=\"https:\/\/www.electrosuisse.ch\/wp-content\/uploads\/2023\/03\/ThomasHausherr_300x300.jpg\" alt=\"Thomas Hausherr  - Bildungsgangleiter\" \/><\/div><div class=\"contact__info col-sm-7 col-xs-12\"><p><b>Thomas Hausherr <\/b><br>Bildungsgangleiter<\/p><div class=\"phone has-link\"><a href=\"tel:+41565600190\">+41 56 560 01 90<\/a><\/div><div class=\"mail has-link\"><a href=\"mailto:t&#104;&#111;&#x6d;&#x61;s&#46;&#104;&#97;&#x75;&#x73;he&#114;&#114;&#x40;&#x61;bb&#116;&#x73;&#x2e;&#x63;h\">&#116;&#x68;&#111;&#x6d;&#97;&#x73;&#46;&#x68;&#97;&#x75;&#115;&#x68;e&#x72;r&#x40;a&#x62;b&#x74;s&#x2e;c&#104;<\/a><\/div><\/div><\/div><\/div><\/div><\/div>[\/vc_column][\/vc_row]<\/p>\n<\/div>","protected":false},"excerpt":{"rendered":"<p>[vc_row][vc_column][vc_column_text css=&#8221;&#8221;]Erweitern Sie Ihr Fachwissen gezielt und machen Sie sich fit f\u00fcr anspruchsvolle Aufgaben in der Elektrobranche. Unsere Nachdiplomkurse verbinden die Fachkompetenzen der Electrosuisse mit der praxisnahen Ausbildungskompetenz der ABB Technikerschule.[\/vc_column_text][vc_column_text css=&#8221;&#8221;]Kooperationspartner ABB Technikerschule [\/vc_column_text][\/vc_column][\/vc_row][vc_row el_id=&#8221;kursangebot&#8221;][vc_column][vc_column_text css=&#8221;&#8221;] Unser Kursangebot [\/vc_column_text][vc_column_text css=&#8221;&#8221;] Voraussetzungen f\u00fcr die Teilnahme Anerkannter Abschluss im Bereich der Elektrotechnik Je nach Vorbildung und [&hellip;]<\/p>\n","protected":false},"author":38,"featured_media":0,"parent":41139,"menu_order":388,"comment_status":"closed","ping_status":"closed","template":"","meta":{"_acf_changed":false,"_monsterinsights_skip_tracking":false,"_monsterinsights_sitenote_active":false,"_monsterinsights_sitenote_note":"","_monsterinsights_sitenote_category":0,"footnotes":""},"class_list":["post-41047","page","type-page","status-publish","hentry"],"acf":[],"yoast_head":"<!-- This site is optimized with the Yoast SEO Premium plugin v26.4 (Yoast SEO v27.0) - https:\/\/yoast.com\/product\/yoast-seo-premium-wordpress\/ -->\n<title>Electrosuisse Nachdiplomkurse (NDK) f\u00fcr Elektrofachkr\u00e4fte - Electrosuisse<\/title>\n<meta name=\"description\" content=\"Individuell ausgerichtete Firmenkurse f\u00fcr die Elektro-, Energie- und Informationstechnik-Branche in der ganzen Schweiz.\" \/>\n<meta name=\"robots\" content=\"index, follow, max-snippet:-1, max-image-preview:large, max-video-preview:-1\" \/>\n<link rel=\"canonical\" href=\"https:\/\/www.electrosuisse.ch\/de\/veranstaltungen\/bildungsangebot-mit-partner\/nachdiplomkurse-ndk-fuer-elektrofachkraefte\/\" \/>\n<meta property=\"og:locale\" content=\"de_DE\" \/>\n<meta property=\"og:type\" content=\"article\" \/>\n<meta property=\"og:title\" content=\"Electrosuisse Nachdiplomkurse (NDK) f\u00fcr Elektrofachkr\u00e4fte - Electrosuisse\" \/>\n<meta property=\"og:description\" content=\"Individuell ausgerichtete Firmenkurse f\u00fcr die Elektro-, Energie- und Informationstechnik-Branche in der ganzen Schweiz.\" \/>\n<meta property=\"og:url\" content=\"https:\/\/www.electrosuisse.ch\/de\/veranstaltungen\/bildungsangebot-mit-partner\/nachdiplomkurse-ndk-fuer-elektrofachkraefte\/\" \/>\n<meta property=\"og:site_name\" content=\"Electrosuisse\" \/>\n<meta property=\"article:modified_time\" content=\"2026-03-24T12:33:51+00:00\" \/>\n<meta property=\"og:image\" content=\"https:\/\/www.electrosuisse.ch\/wp-content\/uploads\/2025\/06\/firmenkurse_keyvisual_1660x470.png\" \/>\n\t<meta property=\"og:image:width\" content=\"472\" \/>\n\t<meta property=\"og:image:height\" content=\"130\" \/>\n\t<meta property=\"og:image:type\" content=\"image\/jpeg\" \/>\n<script type=\"application\/ld+json\" class=\"yoast-schema-graph\">{\"@context\":\"https:\/\/schema.org\",\"@graph\":[{\"@type\":\"WebPage\",\"@id\":\"https:\/\/www.electrosuisse.ch\/de\/veranstaltungen\/bildungsangebot-mit-partner\/nachdiplomkurse-ndk-fuer-elektrofachkraefte\/\",\"url\":\"https:\/\/www.electrosuisse.ch\/de\/veranstaltungen\/bildungsangebot-mit-partner\/nachdiplomkurse-ndk-fuer-elektrofachkraefte\/\",\"name\":\"Electrosuisse Nachdiplomkurse (NDK) f\u00fcr Elektrofachkr\u00e4fte - Electrosuisse\",\"isPartOf\":{\"@id\":\"https:\/\/www.electrosuisse.ch\/de\/#website\"},\"primaryImageOfPage\":{\"@id\":\"https:\/\/www.electrosuisse.ch\/de\/veranstaltungen\/bildungsangebot-mit-partner\/nachdiplomkurse-ndk-fuer-elektrofachkraefte\/#primaryimage\"},\"image\":{\"@id\":\"https:\/\/www.electrosuisse.ch\/de\/veranstaltungen\/bildungsangebot-mit-partner\/nachdiplomkurse-ndk-fuer-elektrofachkraefte\/#primaryimage\"},\"thumbnailUrl\":\"https:\/\/www.electrosuisse.ch\/wp-content\/uploads\/2026\/01\/ABBTS_Logo_klein_blau-300x83.jpg\",\"datePublished\":\"2026-01-20T11:36:55+00:00\",\"dateModified\":\"2026-03-24T12:33:51+00:00\",\"description\":\"Individuell ausgerichtete Firmenkurse f\u00fcr die Elektro-, Energie- und Informationstechnik-Branche in der ganzen Schweiz.\",\"breadcrumb\":{\"@id\":\"https:\/\/www.electrosuisse.ch\/de\/veranstaltungen\/bildungsangebot-mit-partner\/nachdiplomkurse-ndk-fuer-elektrofachkraefte\/#breadcrumb\"},\"inLanguage\":\"de\",\"potentialAction\":[{\"@type\":\"ReadAction\",\"target\":[\"https:\/\/www.electrosuisse.ch\/de\/veranstaltungen\/bildungsangebot-mit-partner\/nachdiplomkurse-ndk-fuer-elektrofachkraefte\/\"]}]},{\"@type\":\"ImageObject\",\"inLanguage\":\"de\",\"@id\":\"https:\/\/www.electrosuisse.ch\/de\/veranstaltungen\/bildungsangebot-mit-partner\/nachdiplomkurse-ndk-fuer-elektrofachkraefte\/#primaryimage\",\"url\":\"https:\/\/www.electrosuisse.ch\/wp-content\/uploads\/2026\/01\/ABBTS_Logo_klein_blau-300x83.jpg\",\"contentUrl\":\"https:\/\/www.electrosuisse.ch\/wp-content\/uploads\/2026\/01\/ABBTS_Logo_klein_blau-300x83.jpg\"},{\"@type\":\"BreadcrumbList\",\"@id\":\"https:\/\/www.electrosuisse.ch\/de\/veranstaltungen\/bildungsangebot-mit-partner\/nachdiplomkurse-ndk-fuer-elektrofachkraefte\/#breadcrumb\",\"itemListElement\":[{\"@type\":\"ListItem\",\"position\":1,\"name\":\"Veranstaltungen\",\"item\":\"https:\/\/www.electrosuisse.ch\/de\/veranstaltungen\/\"},{\"@type\":\"ListItem\",\"position\":2,\"name\":\"Bildungsangebot mit Partner\",\"item\":\"https:\/\/www.electrosuisse.ch\/de\/veranstaltungen\/bildungsangebot-mit-partner\/\"},{\"@type\":\"ListItem\",\"position\":3,\"name\":\"Nachdiplomkurse (NDK) f\u00fcr Elektrofachkr\u00e4fte\"}]},{\"@type\":\"WebSite\",\"@id\":\"https:\/\/www.electrosuisse.ch\/de\/#website\",\"url\":\"https:\/\/www.electrosuisse.ch\/de\/\",\"name\":\"Electrosuisse\",\"description\":\"\",\"publisher\":{\"@id\":\"https:\/\/www.electrosuisse.ch\/de\/#organization\"},\"potentialAction\":[{\"@type\":\"SearchAction\",\"target\":{\"@type\":\"EntryPoint\",\"urlTemplate\":\"https:\/\/www.electrosuisse.ch\/de\/?s={search_term_string}\"},\"query-input\":{\"@type\":\"PropertyValueSpecification\",\"valueRequired\":true,\"valueName\":\"search_term_string\"}}],\"inLanguage\":\"de\"},{\"@type\":\"Organization\",\"@id\":\"https:\/\/www.electrosuisse.ch\/de\/#organization\",\"name\":\"Electrosuisse\",\"url\":\"https:\/\/www.electrosuisse.ch\/de\/\",\"logo\":{\"@type\":\"ImageObject\",\"inLanguage\":\"de\",\"@id\":\"https:\/\/www.electrosuisse.ch\/de\/#\/schema\/logo\/image\/\",\"url\":\"https:\/\/www.electrosuisse.ch\/wp-content\/uploads\/2025\/04\/Electrosuisse_Logo_696x696.png\",\"contentUrl\":\"https:\/\/www.electrosuisse.ch\/wp-content\/uploads\/2025\/04\/Electrosuisse_Logo_696x696.png\",\"width\":696,\"height\":696,\"caption\":\"Electrosuisse\"},\"image\":{\"@id\":\"https:\/\/www.electrosuisse.ch\/de\/#\/schema\/logo\/image\/\"},\"sameAs\":[\"https:\/\/www.linkedin.com\/company\/electrosuisse-ag\/posts\/?feedView=all\",\"https:\/\/www.instagram.com\/electrosuisse1889\/\",\"https:\/\/www.youtube.com\/channel\/UCoOxohMiVE0Gjcdis1L09zw\"],\"description\":\"Electrosuisse ist eine anerkannte und unabh\u00e4ngige Fachorganisation, die erstklassige Dienstleistungen und Produkte in den Bereichen Inspektion, Beratung, Pr\u00fcfung, Zertifizierung, Normung und Weiterbildung anbietet. Unsere Expertise umfasst Elektrotechnik, Elektromobilit\u00e4t, Energieberatung, Geb\u00e4udeautomation und Photovoltaik in der Schweiz. Durch die Veranstaltung etablierter Branchen-Events und Fachtagungen f\u00f6rdert Electrosuisse den Wissenstransfer und den fachlichen Austausch. Im Mittelpunkt unserer T\u00e4tigkeiten steht die F\u00f6rderung der sicheren, wirtschaftlichen und umweltgerechten Anwendung der Elektrotechnik.\"}]}<\/script>\n<!-- \/ Yoast SEO Premium plugin. -->","yoast_head_json":{"title":"Electrosuisse Nachdiplomkurse (NDK) f\u00fcr Elektrofachkr\u00e4fte - Electrosuisse","description":"Individuell ausgerichtete Firmenkurse f\u00fcr die Elektro-, Energie- und Informationstechnik-Branche in der ganzen Schweiz.","robots":{"index":"index","follow":"follow","max-snippet":"max-snippet:-1","max-image-preview":"max-image-preview:large","max-video-preview":"max-video-preview:-1"},"canonical":"https:\/\/www.electrosuisse.ch\/de\/veranstaltungen\/bildungsangebot-mit-partner\/nachdiplomkurse-ndk-fuer-elektrofachkraefte\/","og_locale":"de_DE","og_type":"article","og_title":"Electrosuisse Nachdiplomkurse (NDK) f\u00fcr Elektrofachkr\u00e4fte - Electrosuisse","og_description":"Individuell ausgerichtete Firmenkurse f\u00fcr die Elektro-, Energie- und Informationstechnik-Branche in der ganzen Schweiz.","og_url":"https:\/\/www.electrosuisse.ch\/de\/veranstaltungen\/bildungsangebot-mit-partner\/nachdiplomkurse-ndk-fuer-elektrofachkraefte\/","og_site_name":"Electrosuisse","article_modified_time":"2026-03-24T12:33:51+00:00","og_image":[{"width":472,"height":130,"url":"https:\/\/www.electrosuisse.ch\/wp-content\/uploads\/2025\/06\/firmenkurse_keyvisual_1660x470.png","type":"image\/jpeg"}],"schema":{"@context":"https:\/\/schema.org","@graph":[{"@type":"WebPage","@id":"https:\/\/www.electrosuisse.ch\/de\/veranstaltungen\/bildungsangebot-mit-partner\/nachdiplomkurse-ndk-fuer-elektrofachkraefte\/","url":"https:\/\/www.electrosuisse.ch\/de\/veranstaltungen\/bildungsangebot-mit-partner\/nachdiplomkurse-ndk-fuer-elektrofachkraefte\/","name":"Electrosuisse Nachdiplomkurse (NDK) f\u00fcr Elektrofachkr\u00e4fte - Electrosuisse","isPartOf":{"@id":"https:\/\/www.electrosuisse.ch\/de\/#website"},"primaryImageOfPage":{"@id":"https:\/\/www.electrosuisse.ch\/de\/veranstaltungen\/bildungsangebot-mit-partner\/nachdiplomkurse-ndk-fuer-elektrofachkraefte\/#primaryimage"},"image":{"@id":"https:\/\/www.electrosuisse.ch\/de\/veranstaltungen\/bildungsangebot-mit-partner\/nachdiplomkurse-ndk-fuer-elektrofachkraefte\/#primaryimage"},"thumbnailUrl":"https:\/\/www.electrosuisse.ch\/wp-content\/uploads\/2026\/01\/ABBTS_Logo_klein_blau-300x83.jpg","datePublished":"2026-01-20T11:36:55+00:00","dateModified":"2026-03-24T12:33:51+00:00","description":"Individuell ausgerichtete Firmenkurse f\u00fcr die Elektro-, Energie- und Informationstechnik-Branche in der ganzen Schweiz.","breadcrumb":{"@id":"https:\/\/www.electrosuisse.ch\/de\/veranstaltungen\/bildungsangebot-mit-partner\/nachdiplomkurse-ndk-fuer-elektrofachkraefte\/#breadcrumb"},"inLanguage":"de","potentialAction":[{"@type":"ReadAction","target":["https:\/\/www.electrosuisse.ch\/de\/veranstaltungen\/bildungsangebot-mit-partner\/nachdiplomkurse-ndk-fuer-elektrofachkraefte\/"]}]},{"@type":"ImageObject","inLanguage":"de","@id":"https:\/\/www.electrosuisse.ch\/de\/veranstaltungen\/bildungsangebot-mit-partner\/nachdiplomkurse-ndk-fuer-elektrofachkraefte\/#primaryimage","url":"https:\/\/www.electrosuisse.ch\/wp-content\/uploads\/2026\/01\/ABBTS_Logo_klein_blau-300x83.jpg","contentUrl":"https:\/\/www.electrosuisse.ch\/wp-content\/uploads\/2026\/01\/ABBTS_Logo_klein_blau-300x83.jpg"},{"@type":"BreadcrumbList","@id":"https:\/\/www.electrosuisse.ch\/de\/veranstaltungen\/bildungsangebot-mit-partner\/nachdiplomkurse-ndk-fuer-elektrofachkraefte\/#breadcrumb","itemListElement":[{"@type":"ListItem","position":1,"name":"Veranstaltungen","item":"https:\/\/www.electrosuisse.ch\/de\/veranstaltungen\/"},{"@type":"ListItem","position":2,"name":"Bildungsangebot mit Partner","item":"https:\/\/www.electrosuisse.ch\/de\/veranstaltungen\/bildungsangebot-mit-partner\/"},{"@type":"ListItem","position":3,"name":"Nachdiplomkurse (NDK) f\u00fcr Elektrofachkr\u00e4fte"}]},{"@type":"WebSite","@id":"https:\/\/www.electrosuisse.ch\/de\/#website","url":"https:\/\/www.electrosuisse.ch\/de\/","name":"Electrosuisse","description":"","publisher":{"@id":"https:\/\/www.electrosuisse.ch\/de\/#organization"},"potentialAction":[{"@type":"SearchAction","target":{"@type":"EntryPoint","urlTemplate":"https:\/\/www.electrosuisse.ch\/de\/?s={search_term_string}"},"query-input":{"@type":"PropertyValueSpecification","valueRequired":true,"valueName":"search_term_string"}}],"inLanguage":"de"},{"@type":"Organization","@id":"https:\/\/www.electrosuisse.ch\/de\/#organization","name":"Electrosuisse","url":"https:\/\/www.electrosuisse.ch\/de\/","logo":{"@type":"ImageObject","inLanguage":"de","@id":"https:\/\/www.electrosuisse.ch\/de\/#\/schema\/logo\/image\/","url":"https:\/\/www.electrosuisse.ch\/wp-content\/uploads\/2025\/04\/Electrosuisse_Logo_696x696.png","contentUrl":"https:\/\/www.electrosuisse.ch\/wp-content\/uploads\/2025\/04\/Electrosuisse_Logo_696x696.png","width":696,"height":696,"caption":"Electrosuisse"},"image":{"@id":"https:\/\/www.electrosuisse.ch\/de\/#\/schema\/logo\/image\/"},"sameAs":["https:\/\/www.linkedin.com\/company\/electrosuisse-ag\/posts\/?feedView=all","https:\/\/www.instagram.com\/electrosuisse1889\/","https:\/\/www.youtube.com\/channel\/UCoOxohMiVE0Gjcdis1L09zw"],"description":"Electrosuisse ist eine anerkannte und unabh\u00e4ngige Fachorganisation, die erstklassige Dienstleistungen und Produkte in den Bereichen Inspektion, Beratung, Pr\u00fcfung, Zertifizierung, Normung und Weiterbildung anbietet. Unsere Expertise umfasst Elektrotechnik, Elektromobilit\u00e4t, Energieberatung, Geb\u00e4udeautomation und Photovoltaik in der Schweiz. Durch die Veranstaltung etablierter Branchen-Events und Fachtagungen f\u00f6rdert Electrosuisse den Wissenstransfer und den fachlichen Austausch. Im Mittelpunkt unserer T\u00e4tigkeiten steht die F\u00f6rderung der sicheren, wirtschaftlichen und umweltgerechten Anwendung der Elektrotechnik."}]}},"amp_enabled":true,"_links":{"self":[{"href":"https:\/\/www.electrosuisse.ch\/de\/wp-json\/wp\/v2\/pages\/41047","targetHints":{"allow":["GET"]}}],"collection":[{"href":"https:\/\/www.electrosuisse.ch\/de\/wp-json\/wp\/v2\/pages"}],"about":[{"href":"https:\/\/www.electrosuisse.ch\/de\/wp-json\/wp\/v2\/types\/page"}],"author":[{"embeddable":true,"href":"https:\/\/www.electrosuisse.ch\/de\/wp-json\/wp\/v2\/users\/38"}],"replies":[{"embeddable":true,"href":"https:\/\/www.electrosuisse.ch\/de\/wp-json\/wp\/v2\/comments?post=41047"}],"version-history":[{"count":48,"href":"https:\/\/www.electrosuisse.ch\/de\/wp-json\/wp\/v2\/pages\/41047\/revisions"}],"predecessor-version":[{"id":41204,"href":"https:\/\/www.electrosuisse.ch\/de\/wp-json\/wp\/v2\/pages\/41047\/revisions\/41204"}],"up":[{"embeddable":true,"href":"https:\/\/www.electrosuisse.ch\/de\/wp-json\/wp\/v2\/pages\/41139"}],"wp:attachment":[{"href":"https:\/\/www.electrosuisse.ch\/de\/wp-json\/wp\/v2\/media?parent=41047"}],"curies":[{"name":"wp","href":"https:\/\/api.w.org\/{rel}","templated":true}]}}