{"id":40569,"date":"2025-12-16T08:36:06","date_gmt":"2025-12-16T07:36:06","guid":{"rendered":"https:\/\/www.electrosuisse.ch\/?page_id=40569"},"modified":"2025-12-18T11:09:12","modified_gmt":"2025-12-18T10:09:12","slug":"expertisen-und-beratungen","status":"publish","type":"page","link":"https:\/\/www.electrosuisse.ch\/de\/inspektion-beratung\/expertisen-und-beratungen\/","title":{"rendered":"Expertisen und Beratungen"},"content":{"rendered":"<div class=\"wpb-content-wrapper\"><p>[vc_row el_id=&#8221;angebot&#8221;][vc_column][vc_column_text css=&#8221;&#8221; el_class=&#8221;teaser&#8221;]<\/p>\n<h3>Technische Klarheit f\u00fcr anspruchsvolle elektrotechnische Herausforderungen<\/h3>\n<p><span data-contrast=\"auto\">Elektrische Anlagen werfen mitunter komplexe Fragestellungen auf, die sich nicht mit Standardl\u00f6sungen beantworten lassen. Ob es um Sicherheit, Effizienz, Normenkonformit\u00e4t oder strategische Entscheidungen geht \u2013 unsere Expertisen schaffen Klarheit und liefern belastbare Entscheidungsgrundlagen.<\/span><span data-ccp-props=\"{}\">\u00a0<\/span><\/p>\n<h3>Unser Angebot<\/h3>\n<p><span data-contrast=\"auto\">Dank unseres breiten Pools aus\u00a0Spezialisten,\u00a0unserem fundierten Fachwissen\u00a0und unserer langj\u00e4hrigen Erfahrung bewerten wir technische Sachverhalte professionell, unabh\u00e4ngig und l\u00f6sungsorientiert. Wir unterst\u00fctzen Sie mit:<\/span><span data-ccp-props=\"{}\">\u00a0<\/span><\/p>\n<ul>\n<li><b><span data-contrast=\"auto\">Objektiven Bewertungen und Zweitmeinungen<\/span><\/b><span data-contrast=\"auto\">\u00a0zu elektrotechnischen\u00a0Fragen<\/span><span data-ccp-props=\"{}\">\u00a0<\/span><\/li>\n<li data-leveltext=\"\uf0b7\" data-font=\"Symbol\" data-listid=\"2\" data-list-defn-props=\"{&quot;335552541&quot;:1,&quot;335559685&quot;:720,&quot;335559991&quot;:360,&quot;469769226&quot;:&quot;Symbol&quot;,&quot;469769242&quot;:[8226],&quot;469777803&quot;:&quot;left&quot;,&quot;469777804&quot;:&quot;\uf0b7&quot;,&quot;469777815&quot;:&quot;hybridMultilevel&quot;}\" data-aria-posinset=\"2\" data-aria-level=\"1\"><b><span data-contrast=\"auto\">Konzeptionellen\u00a0L\u00f6sungsans\u00e4tzen,\u00a0Varianten<\/span><\/b><span data-contrast=\"auto\">\u00a0die individuell auf Ihre Anforderungen abgestimmt sind<\/span><span data-ccp-props=\"{}\">\u00a0<\/span><\/li>\n<li data-leveltext=\"\uf0b7\" data-font=\"Symbol\" data-listid=\"2\" data-list-defn-props=\"{&quot;335552541&quot;:1,&quot;335559685&quot;:720,&quot;335559991&quot;:360,&quot;469769226&quot;:&quot;Symbol&quot;,&quot;469769242&quot;:[8226],&quot;469777803&quot;:&quot;left&quot;,&quot;469777804&quot;:&quot;\uf0b7&quot;,&quot;469777815&quot;:&quot;hybridMultilevel&quot;}\" data-aria-posinset=\"2\" data-aria-level=\"1\"><b><span data-contrast=\"auto\">M\u00fcndlichen Expertisen<\/span><\/b><span data-contrast=\"auto\">, mit denen Sie schnell und direkt auf wichtige Fragen reagieren k\u00f6nnen<\/span><span data-ccp-props=\"{}\">\u00a0<\/span><\/li>\n<li data-leveltext=\"\uf0b7\" data-font=\"Symbol\" data-listid=\"2\" data-list-defn-props=\"{&quot;335552541&quot;:1,&quot;335559685&quot;:720,&quot;335559991&quot;:360,&quot;469769226&quot;:&quot;Symbol&quot;,&quot;469769242&quot;:[8226],&quot;469777803&quot;:&quot;left&quot;,&quot;469777804&quot;:&quot;\uf0b7&quot;,&quot;469777815&quot;:&quot;hybridMultilevel&quot;}\" data-aria-posinset=\"2\" data-aria-level=\"1\"><b><span data-contrast=\"auto\">Fundierten\u00a0Berichten<\/span><\/b><span data-contrast=\"auto\">,\u00a0die detaillierten Feststellungen,\u00a0Schlussfolgerungen,\u00a0Massnahmen und\u00a0Handlungsempfehlungen\u00a0enthalten.<\/span><span data-ccp-props=\"{}\">\u00a0<\/span><\/li>\n<\/ul>\n<h3><span data-ccp-props=\"{&quot;335559685&quot;:720}\">\u00a0<\/span>M\u00f6gliche\u00a0Themenfelder\u00a0z.B.<\/h3>\n<ul>\n<li><b><span data-contrast=\"auto\">Sicherheit &amp; Normen<\/span><\/b><span data-ccp-props=\"{}\"><br \/>\n<\/span>Elektrosicherheit, Explosionsschutz, Arbeitssicherheit, Normenanwendung<span data-ccp-props=\"{&quot;335559685&quot;:720}\">\u00a0<\/span><\/li>\n<li><b><span data-contrast=\"auto\">Effizienz &amp; Qualit\u00e4t<\/span><\/b><span data-ccp-props=\"{}\"><br \/>\n<\/span>Energieeffizienz, Netzqualit\u00e4t, Oberwellen, HLK-Elektrointegration<\/li>\n<li><b><span data-contrast=\"auto\">Strategische Planung<\/span><\/b><span data-ccp-props=\"{}\"><br \/>\n<\/span>Business Continuity Planning, Risikobetrachtungen, Prozessanalysen<\/li>\n<li><b><span data-contrast=\"auto\">Spezialbereiche<\/span><\/b><span data-ccp-props=\"{}\"><br \/>\n<\/span>Medizinisch genutzte R\u00e4ume, Blitzschutz, Erdungssysteme, Thermografie<span data-ccp-props=\"{&quot;335559685&quot;:720}\">\u00a0<\/span><\/li>\n<\/ul>\n<p>[\/vc_column_text][\/vc_column][\/vc_row][vc_row el_id=&#8221;kontakt&#8221;][vc_column][vc_column_text css=&#8221;&#8221;]<\/p>\n<h4>Kontaktieren Sie uns f\u00fcr eine unverbindliche Beratung.<\/h4>\n<p>[\/vc_column_text][vc_column_text]<\/p>\n<h2>Kontakt<\/h2>\n<p>[\/vc_column_text]<div class=\"wpb_contact_column wpb_content_element wpb_content_element--\"><div class=\"wpb_wrapper\"><div class=\"contact_container\"><div class=\"contact row middle-xs\"><div class=\"contact__img col-sm-5 col-xs-12\"><img decoding=\"async\" src=\"\/wp-content\/themes\/SCHMUCKI_child\/img\/contact_placeholder.jpg\" alt=\"Beratung, Inspektion und Engineering\" \/><\/div><div class=\"contact__info col-sm-7 col-xs-12\"><p><b>Beratung, Inspektion und Engineering<\/b><br>Innendienst<\/p><div class=\"phone has-link\"><a href=\"tel:+41585951199\">+41 58 595 11 99<\/a><\/div><div class=\"mail has-link\"><a href=\"mailto:&#x62;&#x65;&#114;&#97;t&#x75;&#x6e;&#x67;&#64;el&#x65;&#x63;&#116;&#114;o&#x73;&#x75;&#x69;&#115;se&#x2e;&#x63;&#104; \">&#98;&#x65;&#x72;&#97;&#x74;&#x75;&#110;&#x67;&#x40;&#101;&#x6c;&#x65;&#99;&#x74;&#x72;&#111;&#x73;&#x75;&#105;&#x73;&#x73;&#101;&#x2e;&#x63;&#104; <\/a><\/div><\/div><\/div><\/div><\/div><\/div>[\/vc_column][\/vc_row][vc_row el_id=&#8221;kundenportal&#8221;][vc_column][vc_row_inner][vc_column_inner][vc_column_text css=&#8221;&#8221;]<\/p>\n<h2><span class=\"TextRun Highlight SCXW230360127 BCX8\" lang=\"DE-CH\" xml:lang=\"DE-CH\" data-contrast=\"auto\"><span class=\"NormalTextRun SCXW230360127 BCX8\">Kundenportal<\/span><\/span><\/h2>\n<p><b><span data-contrast=\"auto\">Mehr Zeit f\u00fcrs Wesentliche.<\/span><\/b><br \/>\n<span data-contrast=\"auto\">Weniger Administration, mehr Fokus auf Ihr Kerngesch\u00e4ft.<\/span><\/p>\n<h4>Ihre Vorteile mit dem\u00a0myElectrosuisse\u00a0Kundenportal:<\/h4>\n<p><b><span data-contrast=\"auto\">Alles an einem Ort<\/span><\/b><span data-ccp-props=\"{}\">\u00a0<\/span><\/p>\n<ul>\n<li><span data-contrast=\"auto\">Sicherheitsdokumentation jederzeit geordnet und griffbereit\u00a0<\/span><span data-ccp-props=\"{}\">\u00a0<\/span><\/li>\n<li><span data-contrast=\"auto\">Berichte, Nachweise und Bescheinigungen zentral verf\u00fcgbar\u00a0<\/span><span data-ccp-props=\"{}\">\u00a0<\/span><\/li>\n<li data-leveltext=\"\uf0b7\" data-font=\"Symbol\" data-listid=\"17\" data-list-defn-props=\"{&quot;335552541&quot;:1,&quot;335559685&quot;:720,&quot;335559991&quot;:360,&quot;469769226&quot;:&quot;Symbol&quot;,&quot;469769242&quot;:[8226],&quot;469777803&quot;:&quot;left&quot;,&quot;469777804&quot;:&quot;\uf0b7&quot;,&quot;469777815&quot;:&quot;hybridMultilevel&quot;}\" data-aria-posinset=\"3\" data-aria-level=\"1\"><span data-contrast=\"auto\">Aktuelle Standortdaten\u00a0<\/span><\/li>\n<li data-leveltext=\"\uf0b7\" data-font=\"Symbol\" data-listid=\"17\" data-list-defn-props=\"{&quot;335552541&quot;:1,&quot;335559685&quot;:720,&quot;335559991&quot;:360,&quot;469769226&quot;:&quot;Symbol&quot;,&quot;469769242&quot;:[8226],&quot;469777803&quot;:&quot;left&quot;,&quot;469777804&quot;:&quot;\uf0b7&quot;,&quot;469777815&quot;:&quot;hybridMultilevel&quot;}\" data-aria-posinset=\"3\" data-aria-level=\"1\"><span data-contrast=\"auto\">Sichere Datenspeicherung in der Schweiz<\/span><span data-ccp-props=\"{}\">\u00a0<\/span><\/li>\n<\/ul>\n<p><b><span data-contrast=\"auto\">Einfach &amp; effizient<\/span><\/b><span data-ccp-props=\"{}\">\u00a0<\/span><\/p>\n<ul>\n<li><span data-contrast=\"auto\">Direkter Upload von M\u00e4ngelbehebungsanzeigen durch Ihren Elektroinstallateur<\/span><span data-ccp-props=\"{}\">\u00a0<\/span><\/li>\n<li data-leveltext=\"\uf0b7\" data-font=\"Symbol\" data-listid=\"13\" data-list-defn-props=\"{&quot;335552541&quot;:1,&quot;335559685&quot;:720,&quot;335559991&quot;:360,&quot;469769226&quot;:&quot;Symbol&quot;,&quot;469769242&quot;:[8226],&quot;469777803&quot;:&quot;left&quot;,&quot;469777804&quot;:&quot;\uf0b7&quot;,&quot;469777815&quot;:&quot;multilevel&quot;}\" data-aria-posinset=\"2\" data-aria-level=\"1\"><span data-contrast=\"auto\">M\u00e4ngelstatistik auf einen Blick<\/span><span data-ccp-props=\"{}\">\u00a0<\/span><\/li>\n<\/ul>\n<p><b><span data-contrast=\"auto\">Volle Transparenz<\/span><\/b><span data-ccp-props=\"{}\">\u00a0<\/span><\/p>\n<ul>\n<li><span data-contrast=\"auto\">\u00dcbersicht der betreuten Bewilligungstr\u00e4ger (Art. 13 NIV)<\/span><span data-ccp-props=\"{}\">\u00a0<\/span><\/li>\n<li data-leveltext=\"\uf0b7\" data-font=\"Symbol\" data-listid=\"14\" data-list-defn-props=\"{&quot;335552541&quot;:1,&quot;335559685&quot;:720,&quot;335559991&quot;:360,&quot;469769226&quot;:&quot;Symbol&quot;,&quot;469769242&quot;:[8226],&quot;469777803&quot;:&quot;left&quot;,&quot;469777804&quot;:&quot;\uf0b7&quot;,&quot;469777815&quot;:&quot;multilevel&quot;}\" data-aria-posinset=\"2\" data-aria-level=\"1\"><span data-contrast=\"auto\">Anzeige und Download bezogener Normen und Produkten<\/span><\/li>\n<li data-leveltext=\"\uf0b7\" data-font=\"Symbol\" data-listid=\"14\" data-list-defn-props=\"{&quot;335552541&quot;:1,&quot;335559685&quot;:720,&quot;335559991&quot;:360,&quot;469769226&quot;:&quot;Symbol&quot;,&quot;469769242&quot;:[8226],&quot;469777803&quot;:&quot;left&quot;,&quot;469777804&quot;:&quot;\uf0b7&quot;,&quot;469777815&quot;:&quot;multilevel&quot;}\" data-aria-posinset=\"2\" data-aria-level=\"1\"><span data-contrast=\"auto\">\u00dcbersicht\u00a0\u00fcber\u00a0geplante und besuchte Weiterbildungsveranstaltungen<\/span><span data-ccp-props=\"{}\">\u00a0<\/span><\/li>\n<\/ul>\n<p><b><span data-contrast=\"auto\">Datensicherheit\u00a0inklusive<\/span><\/b><span data-ccp-props=\"{}\">\u00a0<\/span><\/p>\n<ul>\n<li><span data-contrast=\"auto\">Regelm\u00e4ssiger Backup Ihrer Daten<\/span><span data-ccp-props=\"{}\">\u00a0<\/span><\/li>\n<\/ul>\n<p>[\/vc_column_text][vc_column_text css=&#8221;&#8221;]<\/p>\n<h4><span class=\"TextRun SCXW146574485 BCX8\" lang=\"DE-CH\" xml:lang=\"DE-CH\" data-contrast=\"auto\"><span class=\"NormalTextRun SCXW146574485 BCX8\">Alle Funktionen des Kundenportals erfahren Sie im Video:<\/span><\/span><span class=\"LineBreakBlob BlobObject DragDrop SCXW146574485 BCX8\"><span class=\"SCXW146574485 BCX8\">\u00a0<\/span><br class=\"SCXW146574485 BCX8\" \/><\/span><\/h4>\n<p>[\/vc_column_text]<div class=\"wpb_button_column wpb_content_element wpb_content_element--left\"><div class=\"wpb_wrapper\"><div class=\"button button--normal\"><a href=\"https:\/\/www.youtube.com\/watch?v=w6rfywE7TLs\" target=\"_blank\" >Jetzt ansehen<\/a><\/div><\/div><\/div>[\/vc_column_inner][\/vc_row_inner][vc_column_text css=&#8221;&#8221;]<\/p>\n<h4><span class=\"TextRun SCXW101487718 BCX8\" lang=\"DE-CH\" xml:lang=\"DE-CH\" data-contrast=\"auto\"><span class=\"NormalTextRun SCXW101487718 BCX8\">Interessiert?<\/span><\/span><span class=\"LineBreakBlob BlobObject DragDrop SCXW101487718 BCX8\"><span class=\"SCXW101487718 BCX8\">\u00a0<\/span><\/span><\/h4>\n<p><span class=\"TextRun SCXW101487718 BCX8\" lang=\"DE-CH\" xml:lang=\"DE-CH\" data-contrast=\"auto\"><span class=\"NormalTextRun SCXW101487718 BCX8\">Unsere Innendienst-Mitarbeitenden <\/span><span class=\"NormalTextRun SCXW101487718 BCX8\">beraten Sie gerne pers\u00f6nlich.<\/span><\/span>[\/vc_column_text]<div class=\"wpb_contact_column wpb_content_element wpb_content_element--\"><div class=\"wpb_wrapper\"><div class=\"contact_container\"><div class=\"contact row middle-xs\"><div class=\"contact__img col-sm-5 col-xs-12\"><img decoding=\"async\" src=\"\/wp-content\/themes\/SCHMUCKI_child\/img\/contact_placeholder.jpg\" alt=\"Beratung, Inspektion und Engineering\" \/><\/div><div class=\"contact__info col-sm-7 col-xs-12\"><p><b>Beratung, Inspektion und Engineering<\/b><br>Innendienst<\/p><div class=\"phone has-link\"><a href=\"tel:+41585951199\">+41 58 595 11 99<\/a><\/div><div class=\"mail has-link\"><a href=\"mailto:&#x62;&#x65;&#114;&#97;t&#x75;&#x6e;&#x67;&#64;el&#x65;&#x63;&#116;&#114;o&#x73;&#x75;&#x69;&#115;se&#x2e;&#x63;&#104; \">&#98;&#x65;r&#97;&#x74;&#117;&#x6e;g&#64;&#x65;l&#x65;&#x63;&#116;&#x72;o&#115;&#x75;i&#x73;&#x73;&#101;&#x2e;c&#104; <\/a><\/div><\/div><\/div><\/div><\/div><\/div>[\/vc_column][\/vc_row]<\/p>\n<\/div>","protected":false},"excerpt":{"rendered":"<p>[vc_row el_id=&#8221;angebot&#8221;][vc_column][vc_column_text css=&#8221;&#8221; el_class=&#8221;teaser&#8221;] Technische Klarheit f\u00fcr anspruchsvolle elektrotechnische Herausforderungen Elektrische Anlagen werfen mitunter komplexe Fragestellungen auf, die sich nicht mit Standardl\u00f6sungen beantworten lassen. Ob es um Sicherheit, Effizienz, Normenkonformit\u00e4t oder strategische Entscheidungen geht \u2013 unsere Expertisen schaffen Klarheit und liefern belastbare Entscheidungsgrundlagen.\u00a0 Unser Angebot Dank unseres breiten Pools aus\u00a0Spezialisten,\u00a0unserem fundierten Fachwissen\u00a0und unserer langj\u00e4hrigen Erfahrung [&hellip;]<\/p>\n","protected":false},"author":38,"featured_media":0,"parent":22114,"menu_order":234,"comment_status":"closed","ping_status":"closed","template":"","meta":{"_acf_changed":false,"_monsterinsights_skip_tracking":false,"_monsterinsights_sitenote_active":false,"_monsterinsights_sitenote_note":"","_monsterinsights_sitenote_category":0,"footnotes":""},"class_list":["post-40569","page","type-page","status-publish","hentry"],"acf":[],"yoast_head":"<!-- This site is optimized with the Yoast SEO Premium plugin v26.4 (Yoast SEO v27.0) - https:\/\/yoast.com\/product\/yoast-seo-premium-wordpress\/ -->\n<title>Expertisen und Beratungen - Electrosuisse<\/title>\n<meta name=\"description\" content=\"Wir unterst\u00fctzen Sie bei anspruchsvollen elektrotechnischen Herausforderungen und sorgen f\u00fcr technische Klarheit.\" \/>\n<meta name=\"robots\" content=\"index, follow, max-snippet:-1, max-image-preview:large, max-video-preview:-1\" \/>\n<link rel=\"canonical\" href=\"https:\/\/www.electrosuisse.ch\/de\/inspektion-beratung\/expertisen-und-beratungen\/\" \/>\n<meta property=\"og:locale\" content=\"de_DE\" \/>\n<meta property=\"og:type\" content=\"article\" \/>\n<meta property=\"og:title\" content=\"Expertisen und Beratungen - Electrosuisse\" \/>\n<meta property=\"og:description\" content=\"Wir unterst\u00fctzen Sie bei anspruchsvollen elektrotechnischen Herausforderungen und sorgen f\u00fcr technische Klarheit.\" \/>\n<meta property=\"og:url\" content=\"https:\/\/www.electrosuisse.ch\/de\/inspektion-beratung\/expertisen-und-beratungen\/\" \/>\n<meta property=\"og:site_name\" content=\"Electrosuisse\" \/>\n<meta property=\"article:modified_time\" content=\"2025-12-18T10:09:12+00:00\" \/>\n<meta property=\"og:image\" content=\"https:\/\/www.electrosuisse.ch\/wp-content\/uploads\/2022\/12\/Electrosuisse_Ueber_uns_1578x650.jpg\" \/>\n\t<meta property=\"og:image:width\" content=\"1578\" \/>\n\t<meta property=\"og:image:height\" content=\"650\" \/>\n\t<meta property=\"og:image:type\" content=\"image\/jpeg\" \/>\n<script type=\"application\/ld+json\" class=\"yoast-schema-graph\">{\"@context\":\"https:\/\/schema.org\",\"@graph\":[{\"@type\":\"WebPage\",\"@id\":\"https:\/\/www.electrosuisse.ch\/de\/inspektion-beratung\/expertisen-und-beratungen\/\",\"url\":\"https:\/\/www.electrosuisse.ch\/de\/inspektion-beratung\/expertisen-und-beratungen\/\",\"name\":\"Expertisen und Beratungen - Electrosuisse\",\"isPartOf\":{\"@id\":\"https:\/\/www.electrosuisse.ch\/de\/#website\"},\"datePublished\":\"2025-12-16T07:36:06+00:00\",\"dateModified\":\"2025-12-18T10:09:12+00:00\",\"description\":\"Wir unterst\u00fctzen Sie bei anspruchsvollen elektrotechnischen Herausforderungen und sorgen f\u00fcr technische Klarheit.\",\"breadcrumb\":{\"@id\":\"https:\/\/www.electrosuisse.ch\/de\/inspektion-beratung\/expertisen-und-beratungen\/#breadcrumb\"},\"inLanguage\":\"de\",\"potentialAction\":[{\"@type\":\"ReadAction\",\"target\":[\"https:\/\/www.electrosuisse.ch\/de\/inspektion-beratung\/expertisen-und-beratungen\/\"]}]},{\"@type\":\"BreadcrumbList\",\"@id\":\"https:\/\/www.electrosuisse.ch\/de\/inspektion-beratung\/expertisen-und-beratungen\/#breadcrumb\",\"itemListElement\":[{\"@type\":\"ListItem\",\"position\":1,\"name\":\"Inspektion und Beratung\",\"item\":\"https:\/\/www.electrosuisse.ch\/de\/inspektion-beratung\/\"},{\"@type\":\"ListItem\",\"position\":2,\"name\":\"Expertisen und Beratungen\"}]},{\"@type\":\"WebSite\",\"@id\":\"https:\/\/www.electrosuisse.ch\/de\/#website\",\"url\":\"https:\/\/www.electrosuisse.ch\/de\/\",\"name\":\"Electrosuisse\",\"description\":\"\",\"publisher\":{\"@id\":\"https:\/\/www.electrosuisse.ch\/de\/#organization\"},\"potentialAction\":[{\"@type\":\"SearchAction\",\"target\":{\"@type\":\"EntryPoint\",\"urlTemplate\":\"https:\/\/www.electrosuisse.ch\/de\/?s={search_term_string}\"},\"query-input\":{\"@type\":\"PropertyValueSpecification\",\"valueRequired\":true,\"valueName\":\"search_term_string\"}}],\"inLanguage\":\"de\"},{\"@type\":\"Organization\",\"@id\":\"https:\/\/www.electrosuisse.ch\/de\/#organization\",\"name\":\"Electrosuisse\",\"url\":\"https:\/\/www.electrosuisse.ch\/de\/\",\"logo\":{\"@type\":\"ImageObject\",\"inLanguage\":\"de\",\"@id\":\"https:\/\/www.electrosuisse.ch\/de\/#\/schema\/logo\/image\/\",\"url\":\"https:\/\/www.electrosuisse.ch\/wp-content\/uploads\/2025\/04\/Electrosuisse_Logo_696x696.png\",\"contentUrl\":\"https:\/\/www.electrosuisse.ch\/wp-content\/uploads\/2025\/04\/Electrosuisse_Logo_696x696.png\",\"width\":696,\"height\":696,\"caption\":\"Electrosuisse\"},\"image\":{\"@id\":\"https:\/\/www.electrosuisse.ch\/de\/#\/schema\/logo\/image\/\"},\"sameAs\":[\"https:\/\/www.linkedin.com\/company\/electrosuisse-ag\/posts\/?feedView=all\",\"https:\/\/www.instagram.com\/electrosuisse1889\/\",\"https:\/\/www.youtube.com\/channel\/UCoOxohMiVE0Gjcdis1L09zw\"],\"description\":\"Electrosuisse ist eine anerkannte und unabh\u00e4ngige Fachorganisation, die erstklassige Dienstleistungen und Produkte in den Bereichen Inspektion, Beratung, Pr\u00fcfung, Zertifizierung, Normung und Weiterbildung anbietet. Unsere Expertise umfasst Elektrotechnik, Elektromobilit\u00e4t, Energieberatung, Geb\u00e4udeautomation und Photovoltaik in der Schweiz. Durch die Veranstaltung etablierter Branchen-Events und Fachtagungen f\u00f6rdert Electrosuisse den Wissenstransfer und den fachlichen Austausch. Im Mittelpunkt unserer T\u00e4tigkeiten steht die F\u00f6rderung der sicheren, wirtschaftlichen und umweltgerechten Anwendung der Elektrotechnik.\"}]}<\/script>\n<!-- \/ Yoast SEO Premium plugin. -->","yoast_head_json":{"title":"Expertisen und Beratungen - Electrosuisse","description":"Wir unterst\u00fctzen Sie bei anspruchsvollen elektrotechnischen Herausforderungen und sorgen f\u00fcr technische Klarheit.","robots":{"index":"index","follow":"follow","max-snippet":"max-snippet:-1","max-image-preview":"max-image-preview:large","max-video-preview":"max-video-preview:-1"},"canonical":"https:\/\/www.electrosuisse.ch\/de\/inspektion-beratung\/expertisen-und-beratungen\/","og_locale":"de_DE","og_type":"article","og_title":"Expertisen und Beratungen - Electrosuisse","og_description":"Wir unterst\u00fctzen Sie bei anspruchsvollen elektrotechnischen Herausforderungen und sorgen f\u00fcr technische Klarheit.","og_url":"https:\/\/www.electrosuisse.ch\/de\/inspektion-beratung\/expertisen-und-beratungen\/","og_site_name":"Electrosuisse","article_modified_time":"2025-12-18T10:09:12+00:00","og_image":[{"width":1578,"height":650,"url":"https:\/\/www.electrosuisse.ch\/wp-content\/uploads\/2022\/12\/Electrosuisse_Ueber_uns_1578x650.jpg","type":"image\/jpeg"}],"schema":{"@context":"https:\/\/schema.org","@graph":[{"@type":"WebPage","@id":"https:\/\/www.electrosuisse.ch\/de\/inspektion-beratung\/expertisen-und-beratungen\/","url":"https:\/\/www.electrosuisse.ch\/de\/inspektion-beratung\/expertisen-und-beratungen\/","name":"Expertisen und Beratungen - Electrosuisse","isPartOf":{"@id":"https:\/\/www.electrosuisse.ch\/de\/#website"},"datePublished":"2025-12-16T07:36:06+00:00","dateModified":"2025-12-18T10:09:12+00:00","description":"Wir unterst\u00fctzen Sie bei anspruchsvollen elektrotechnischen Herausforderungen und sorgen f\u00fcr technische Klarheit.","breadcrumb":{"@id":"https:\/\/www.electrosuisse.ch\/de\/inspektion-beratung\/expertisen-und-beratungen\/#breadcrumb"},"inLanguage":"de","potentialAction":[{"@type":"ReadAction","target":["https:\/\/www.electrosuisse.ch\/de\/inspektion-beratung\/expertisen-und-beratungen\/"]}]},{"@type":"BreadcrumbList","@id":"https:\/\/www.electrosuisse.ch\/de\/inspektion-beratung\/expertisen-und-beratungen\/#breadcrumb","itemListElement":[{"@type":"ListItem","position":1,"name":"Inspektion und Beratung","item":"https:\/\/www.electrosuisse.ch\/de\/inspektion-beratung\/"},{"@type":"ListItem","position":2,"name":"Expertisen und Beratungen"}]},{"@type":"WebSite","@id":"https:\/\/www.electrosuisse.ch\/de\/#website","url":"https:\/\/www.electrosuisse.ch\/de\/","name":"Electrosuisse","description":"","publisher":{"@id":"https:\/\/www.electrosuisse.ch\/de\/#organization"},"potentialAction":[{"@type":"SearchAction","target":{"@type":"EntryPoint","urlTemplate":"https:\/\/www.electrosuisse.ch\/de\/?s={search_term_string}"},"query-input":{"@type":"PropertyValueSpecification","valueRequired":true,"valueName":"search_term_string"}}],"inLanguage":"de"},{"@type":"Organization","@id":"https:\/\/www.electrosuisse.ch\/de\/#organization","name":"Electrosuisse","url":"https:\/\/www.electrosuisse.ch\/de\/","logo":{"@type":"ImageObject","inLanguage":"de","@id":"https:\/\/www.electrosuisse.ch\/de\/#\/schema\/logo\/image\/","url":"https:\/\/www.electrosuisse.ch\/wp-content\/uploads\/2025\/04\/Electrosuisse_Logo_696x696.png","contentUrl":"https:\/\/www.electrosuisse.ch\/wp-content\/uploads\/2025\/04\/Electrosuisse_Logo_696x696.png","width":696,"height":696,"caption":"Electrosuisse"},"image":{"@id":"https:\/\/www.electrosuisse.ch\/de\/#\/schema\/logo\/image\/"},"sameAs":["https:\/\/www.linkedin.com\/company\/electrosuisse-ag\/posts\/?feedView=all","https:\/\/www.instagram.com\/electrosuisse1889\/","https:\/\/www.youtube.com\/channel\/UCoOxohMiVE0Gjcdis1L09zw"],"description":"Electrosuisse ist eine anerkannte und unabh\u00e4ngige Fachorganisation, die erstklassige Dienstleistungen und Produkte in den Bereichen Inspektion, Beratung, Pr\u00fcfung, Zertifizierung, Normung und Weiterbildung anbietet. Unsere Expertise umfasst Elektrotechnik, Elektromobilit\u00e4t, Energieberatung, Geb\u00e4udeautomation und Photovoltaik in der Schweiz. Durch die Veranstaltung etablierter Branchen-Events und Fachtagungen f\u00f6rdert Electrosuisse den Wissenstransfer und den fachlichen Austausch. Im Mittelpunkt unserer T\u00e4tigkeiten steht die F\u00f6rderung der sicheren, wirtschaftlichen und umweltgerechten Anwendung der Elektrotechnik."}]}},"amp_enabled":true,"_links":{"self":[{"href":"https:\/\/www.electrosuisse.ch\/de\/wp-json\/wp\/v2\/pages\/40569","targetHints":{"allow":["GET"]}}],"collection":[{"href":"https:\/\/www.electrosuisse.ch\/de\/wp-json\/wp\/v2\/pages"}],"about":[{"href":"https:\/\/www.electrosuisse.ch\/de\/wp-json\/wp\/v2\/types\/page"}],"author":[{"embeddable":true,"href":"https:\/\/www.electrosuisse.ch\/de\/wp-json\/wp\/v2\/users\/38"}],"replies":[{"embeddable":true,"href":"https:\/\/www.electrosuisse.ch\/de\/wp-json\/wp\/v2\/comments?post=40569"}],"version-history":[{"count":10,"href":"https:\/\/www.electrosuisse.ch\/de\/wp-json\/wp\/v2\/pages\/40569\/revisions"}],"predecessor-version":[{"id":40836,"href":"https:\/\/www.electrosuisse.ch\/de\/wp-json\/wp\/v2\/pages\/40569\/revisions\/40836"}],"up":[{"embeddable":true,"href":"https:\/\/www.electrosuisse.ch\/de\/wp-json\/wp\/v2\/pages\/22114"}],"wp:attachment":[{"href":"https:\/\/www.electrosuisse.ch\/de\/wp-json\/wp\/v2\/media?parent=40569"}],"curies":[{"name":"wp","href":"https:\/\/api.w.org\/{rel}","templated":true}]}}