{"id":40483,"date":"2025-11-25T09:03:50","date_gmt":"2025-11-25T08:03:50","guid":{"rendered":"https:\/\/www.electrosuisse.ch\/?page_id=40483"},"modified":"2026-04-15T09:53:23","modified_gmt":"2026-04-15T07:53:23","slug":"lilu-registration","status":"publish","type":"page","link":"https:\/\/www.electrosuisse.ch\/de\/lilu-registration\/","title":{"rendered":"LILU Registration 2027"},"content":{"rendered":"<div class=\"wpb-content-wrapper\"><p>[vc_row][vc_column]<div class=\"wpb_form_column wpb_content_element\"><div class=\"wpb_wrapper test\"><div id=\"quform-25f6c7\" class=\"quform quform-81 quform-support-page-caching\"><form id=\"quform-form-25f6c7\" class=\"quform-form quform-form-81\" action=\"\/de\/wp-json\/wp\/v2\/pages\/40483#quform-25f6c7\" method=\"post\" enctype=\"multipart\/form-data\" novalidate=\"novalidate\" data-options=\"{&quot;id&quot;:81,&quot;uniqueId&quot;:&quot;25f6c7&quot;,&quot;theme&quot;:&quot;&quot;,&quot;ajax&quot;:true,&quot;logic&quot;:{&quot;logic&quot;:[],&quot;dependents&quot;:[],&quot;elementIds&quot;:[],&quot;dependentElementIds&quot;:[],&quot;animate&quot;:true},&quot;currentPageId&quot;:1,&quot;errorsIcon&quot;:&quot;&quot;,&quot;updateFancybox&quot;:true,&quot;hasPages&quot;:false,&quot;pages&quot;:[1],&quot;pageProgressType&quot;:&quot;numbers&quot;,&quot;tooltipsEnabled&quot;:true,&quot;tooltipClasses&quot;:&quot;qtip-quform-dark qtip-shadow&quot;,&quot;tooltipMy&quot;:&quot;left center&quot;,&quot;tooltipAt&quot;:&quot;right center&quot;,&quot;isRtl&quot;:false,&quot;scrollOffset&quot;:-50,&quot;scrollSpeed&quot;:800}\"><button class=\"quform-default-submit\" name=\"quform_submit\" type=\"submit\" value=\"submit\" aria-hidden=\"true\" tabindex=\"-1\"><\/button><div class=\"quform-form-inner quform-form-inner-81\"><input type=\"hidden\" name=\"quform_form_id\" value=\"81\" \/><input type=\"hidden\" name=\"quform_form_uid\" value=\"25f6c7\" \/><input type=\"hidden\" name=\"quform_count\" value=\"1\" \/><input type=\"hidden\" name=\"form_url\" value=\"https:\/\/www.electrosuisse.ch\/de\/wp-json\/wp\/v2\/pages\/40483\" \/><input type=\"hidden\" name=\"referring_url\" value=\"\" \/><input type=\"hidden\" name=\"post_id\" value=\"\" \/><input type=\"hidden\" name=\"post_title\" value=\"\" \/><input type=\"hidden\" name=\"quform_current_page_id\" value=\"1\" \/><input type=\"hidden\" name=\"quform_loaded\" value=\"1776762186|e16471f52514d9b83af97185cf30b3bc\" \/><input type=\"hidden\" name=\"quform_csrf_token\" value=\"h3ySxPx07Y8PNEl4slhLCX2vJJyBvLaJUwVp5eba\" \/><div class=\"quform-form-title-description\"><h2 class=\"quform-form-title\">CIGRE.ch @ LILU (Lichtfestival Lucerne Walkthrough) 2027<\/h2><p class=\"quform-form-description\">By submitting this form, my data will be transmitted to CIGRE at Electrosuisse for the purpose of the event participation. I consent to this data being used to contact and inform me on this event series. The event is free for CIGRE members, Electrosuisse\/OVE\/VDE members and guests interested in power system expertise and the energy transition from a Swiss perspective. Contact &#99;&#x69;&#x67;&#114;&#x65;&#x40;e&#x6c;&#x65;c&#116;&#x72;o&#115;&#x75;i&#115;&#x73;e&#46;&#x63;h for questions or needs. CIGRE personal members have priority in case of overbooking.<\/p><\/div><div class=\"quform-elements quform-elements-81 quform-cf quform-responsive-elements-phone-landscape\"><div class=\"quform-element quform-element-page quform-page-1 quform-page-81_1 quform-cf quform-group-style-plain quform-first-page quform-last-page quform-current-page\"><div class=\"quform-page-title-description\"><h3 class=\"quform-page-title\">REGISTRATION CIGRE.ch @ LILU (Lichtfestival Lucerne Walkthrough) 19.01.2027<\/h3><\/div><div class=\"quform-child-elements\"><div class=\"quform-element quform-element-radio quform-element-81_4 quform-cf quform-element-required\"><div class=\"quform-spacer\"><div class=\"quform-label quform-label-81_4\"><label class=\"quform-label-text\" id=\"quform_81_4_25f6c7_label\">Gender<span class=\"quform-required\">*<\/span><\/label><\/div><div class=\"quform-inner quform-inner-radio quform-inner-81_4\"><div class=\"quform-input quform-input-radio quform-input-81_4 quform-cf\"><div class=\"quform-options quform-cf quform-options-block quform-options-simple\" role=\"radiogroup\" aria-labelledby=\"quform_81_4_25f6c7_label\"><div class=\"quform-option\"><input type=\"radio\" name=\"quform_81_4\" id=\"quform_81_4_25f6c7_1\" class=\"quform-field quform-field-radio quform-field-81_4 quform-field-81_4_1\" value=\"Female\" \/><label for=\"quform_81_4_25f6c7_1\" class=\"quform-option-label quform-option-label-81_4_1\"><span class=\"quform-option-text\">Female<\/span><\/label><\/div><div class=\"quform-option\"><input type=\"radio\" name=\"quform_81_4\" id=\"quform_81_4_25f6c7_2\" class=\"quform-field quform-field-radio quform-field-81_4 quform-field-81_4_2\" value=\"Male\" \/><label for=\"quform_81_4_25f6c7_2\" class=\"quform-option-label quform-option-label-81_4_2\"><span class=\"quform-option-text\">Male<\/span><\/label><\/div><div class=\"quform-option\"><input type=\"radio\" name=\"quform_81_4\" id=\"quform_81_4_25f6c7_3\" class=\"quform-field quform-field-radio quform-field-81_4 quform-field-81_4_3\" value=\"Diverse\" \/><label for=\"quform_81_4_25f6c7_3\" class=\"quform-option-label quform-option-label-81_4_3\"><span class=\"quform-option-text\">Diverse<\/span><\/label><\/div><\/div><\/div><\/div><\/div><\/div><div class=\"quform-element quform-element-name quform-element-81_3 quform-cf quform-element-optional\"><div class=\"quform-spacer\"><div class=\"quform-label quform-label-81_3\"><label class=\"quform-label-text\" id=\"quform_81_3_25f6c7_label\">Name<\/label><\/div><div class=\"quform-inner quform-inner-name quform-inner-81_3\"><div class=\"quform-input quform-input-name quform-input-81_3 quform-cf\"><div class=\"quform-element-row quform-2-columns quform-element-row-size-fixed quform-responsive-columns-phone-landscape\"><div class=\"quform-element-column\"><div class=\"quform-element quform-element-text quform-element-81_3_2 quform-cf quform-element-optional\"><div class=\"quform-spacer\"><div class=\"quform-inner quform-inner-text quform-inner-81_3_2\"><label id=\"quform_81_3_2_25f6c7_sub_label_above\" class=\"quform-sub-label quform-sub-label-above\">First name<\/label><div class=\"quform-input quform-input-text quform-input-81_3_2 quform-cf\"><input type=\"text\" id=\"quform_81_3_2_25f6c7\" name=\"quform_81_3[2]\" class=\"quform-field quform-field-text quform-field-81_3_2\" aria-labelledby=\"quform_81_3_25f6c7_label quform_81_3_2_25f6c7_sub_label_above\" \/><\/div><\/div><\/div><\/div><\/div><div class=\"quform-element-column\"><div class=\"quform-element quform-element-text quform-element-81_3_4 quform-cf quform-element-optional\"><div class=\"quform-spacer\"><div class=\"quform-inner quform-inner-text quform-inner-81_3_4\"><label id=\"quform_81_3_4_25f6c7_sub_label_above\" class=\"quform-sub-label quform-sub-label-above\">FAMILY NAME<\/label><div class=\"quform-input quform-input-text quform-input-81_3_4 quform-cf\"><input type=\"text\" id=\"quform_81_3_4_25f6c7\" name=\"quform_81_3[4]\" class=\"quform-field quform-field-text quform-field-81_3_4\" aria-labelledby=\"quform_81_3_25f6c7_label quform_81_3_4_25f6c7_sub_label_above\" \/><\/div><\/div><\/div><\/div><\/div><\/div><\/div><\/div><\/div><\/div><div class=\"quform-element quform-element-text quform-element-81_27 quform-cf quform-element-required\"><div class=\"quform-spacer\"><div class=\"quform-label quform-label-81_27\"><label class=\"quform-label-text\" for=\"quform_81_27_25f6c7\">Year of Birth <span class=\"quform-required\">*<\/span><\/label><\/div><div class=\"quform-inner quform-inner-text quform-inner-81_27\"><p class=\"quform-description quform-description-above\">(YYYY)<\/p><div class=\"quform-input quform-input-text quform-input-81_27 quform-cf\"><input type=\"text\" id=\"quform_81_27_25f6c7\" name=\"quform_81_27\" class=\"quform-field quform-field-text quform-field-81_27\" \/><\/div><\/div><\/div><\/div><div class=\"quform-element quform-element-email quform-element-81_7 quform-cf quform-element-required\"><div class=\"quform-spacer\"><div class=\"quform-label quform-label-81_7\"><label class=\"quform-label-text\" for=\"quform_81_7_25f6c7\">E-Mail<span class=\"quform-required\">*<\/span><\/label><\/div><div class=\"quform-inner quform-inner-email quform-inner-81_7\"><p class=\"quform-description quform-description-above\">You can use your private email related to your eventual existing personal membership or your company email.\n<\/p><div class=\"quform-input quform-input-email quform-input-81_7 quform-cf\"><input type=\"email\" id=\"quform_81_7_25f6c7\" name=\"quform_81_7\" class=\"quform-field quform-field-email quform-field-81_7\" \/><\/div><\/div><\/div><\/div><div class=\"quform-element quform-element-textarea quform-element-81_109364 quform-sr-only quform-cf\" style=\"clip: rect(1px, 1px, 1px, 1px); clip-path: inset(50%); position: absolute !important; height: 1px; width: 1px; overflow: hidden;\"><div class=\"quform-spacer\"><div class=\"quform-label quform-label-81_109364\"><label class=\"quform-label-text\" for=\"quform_81_109364_25f6c7\">Email Address<span class=\"quform-required\">*<\/span><\/label><\/div><div class=\"quform-inner quform-inner-81_109364\"><textarea id=\"quform_81_109364_25f6c7\" name=\"quform_81_109364\" class=\"quform-field quform-field-textarea quform-field-81_109364\" tabindex=\"-1\" autocomplete=\"new-password\"><\/textarea><\/div><\/div><\/div><div class=\"quform-element quform-element-text quform-element-81_8 quform-cf quform-element-required\"><div class=\"quform-spacer\"><div class=\"quform-label quform-label-81_8\"><label class=\"quform-label-text\" for=\"quform_81_8_25f6c7\">International Mobile Number<span class=\"quform-required\">*<\/span><\/label><\/div><div class=\"quform-inner quform-inner-text quform-inner-81_8\"><p class=\"quform-description quform-description-above\">e.g. CH +41 7x xxx xxxx<\/p><div class=\"quform-input quform-input-text quform-input-81_8 quform-cf\"><input type=\"text\" id=\"quform_81_8_25f6c7\" name=\"quform_81_8\" class=\"quform-field quform-field-text quform-field-81_8\" \/><\/div><\/div><\/div><\/div><div class=\"quform-element quform-element-text quform-element-81_15 quform-cf quform-element-required\"><div class=\"quform-spacer\"><div class=\"quform-label quform-label-81_15\"><label class=\"quform-label-text\" for=\"quform_81_15_25f6c7\">Current company and\/or educational institution<span class=\"quform-required\">*<\/span><\/label><\/div><div class=\"quform-inner quform-inner-text quform-inner-81_15\"><p class=\"quform-description quform-description-above\"> Ideally put WEB ADDRESS, e.g. \"www.ABB.com\/ch and www.epfl.ch\" (if both apply)<\/p><div class=\"quform-input quform-input-text quform-input-81_15 quform-cf\"><input type=\"text\" id=\"quform_81_15_25f6c7\" name=\"quform_81_15\" class=\"quform-field quform-field-text quform-field-81_15\" \/><\/div><\/div><\/div><\/div><div class=\"quform-element quform-element-text quform-element-81_24 quform-cf quform-element-required\"><div class=\"quform-spacer\"><div class=\"quform-label quform-label-81_24\"><label class=\"quform-label-text\" for=\"quform_81_24_25f6c7\">Postal Code<span class=\"quform-required\">*<\/span><\/label><\/div><div class=\"quform-inner quform-inner-text quform-inner-81_24\"><div class=\"quform-input quform-input-text quform-input-81_24 quform-cf\"><input type=\"text\" id=\"quform_81_24_25f6c7\" name=\"quform_81_24\" class=\"quform-field quform-field-text quform-field-81_24\" \/><\/div><\/div><\/div><\/div><div class=\"quform-element quform-element-text quform-element-81_14 quform-cf quform-element-required\"><div class=\"quform-spacer\"><div class=\"quform-label quform-label-81_14\"><label class=\"quform-label-text\" for=\"quform_81_14_25f6c7\">COUNTRY of residence \/ association membership<span class=\"quform-required\">*<\/span><\/label><\/div><div class=\"quform-inner quform-inner-text quform-inner-81_14\"><p class=\"quform-description quform-description-above\">e.g. Austria, Germany, France, Italy, Switzerland, Belgium, UK,...<\/p><div class=\"quform-input quform-input-text quform-input-81_14 quform-cf\"><input type=\"text\" id=\"quform_81_14_25f6c7\" name=\"quform_81_14\" class=\"quform-field quform-field-text quform-field-81_14\" \/><\/div><\/div><\/div><\/div><div class=\"quform-element quform-element-text quform-element-81_16 quform-cf quform-element-required\"><div class=\"quform-spacer\"><div class=\"quform-label quform-label-81_16\"><label class=\"quform-label-text\" for=\"quform_81_16_25f6c7\">Professional function and\/or educational target title<span class=\"quform-required\">*<\/span><\/label><\/div><div class=\"quform-inner quform-inner-text quform-inner-81_16\"><p class=\"quform-description quform-description-above\">e.g. Project Manager 60% &amp; candidate ZHAW Bachelor Energie &amp; Umwelt 50%<\/p><div class=\"quform-input quform-input-text quform-input-81_16 quform-cf\"><input type=\"text\" id=\"quform_81_16_25f6c7\" name=\"quform_81_16\" class=\"quform-field quform-field-text quform-field-81_16\" \/><\/div><\/div><\/div><\/div><div class=\"quform-element quform-element-checkbox quform-element-81_17 quform-cf quform-element-required\"><div class=\"quform-spacer\"><div class=\"quform-label quform-label-81_17\"><label class=\"quform-label-text\" id=\"quform_81_17_25f6c7_label\">Tick all your currently active memberships in your country of residence<span class=\"quform-required\">*<\/span><\/label><\/div><div class=\"quform-inner quform-inner-checkbox quform-inner-81_17\"><div class=\"quform-input quform-input-checkbox quform-input-81_17 quform-cf\"><div class=\"quform-options quform-cf quform-options-block quform-options-simple\" role=\"group\" aria-labelledby=\"quform_81_17_25f6c7_label\"><div class=\"quform-option\"><input type=\"checkbox\" name=\"quform_81_17[]\" id=\"quform_81_17_25f6c7_1\" class=\"quform-field quform-field-checkbox quform-field-81_17 quform-field-81_17_1\" value=\"CIGRE personal membership\" \/><label for=\"quform_81_17_25f6c7_1\" class=\"quform-option-label quform-option-label-81_17_1\"><span class=\"quform-option-text\">CIGRE personal membership<\/span><\/label><\/div><div class=\"quform-option\"><input type=\"checkbox\" name=\"quform_81_17[]\" id=\"quform_81_17_25f6c7_2\" class=\"quform-field quform-field-checkbox quform-field-81_17 quform-field-81_17_2\" value=\"National Association membership (e.g. Electrosuisse, OVE, VDE, MEE, SEP, OE, AIEE, EZS, IE\u2026)\" \/><label for=\"quform_81_17_25f6c7_2\" class=\"quform-option-label quform-option-label-81_17_2\"><span class=\"quform-option-text\">National Association membership (e.g. Electrosuisse, OVE, VDE, MEE, SEP, OE, AIEE, EZS, IE\u2026)<\/span><\/label><\/div><\/div><\/div><\/div><\/div><\/div><div class=\"quform-element quform-element-textarea quform-element-81_19 quform-cf quform-element-optional\"><div class=\"quform-spacer\"><div class=\"quform-label quform-label-81_19\"><label class=\"quform-label-text\" for=\"quform_81_19_25f6c7\">Further remarks or needs<\/label><\/div><div class=\"quform-inner quform-inner-textarea quform-inner-81_19\"><div class=\"quform-input quform-input-textarea quform-input-81_19 quform-cf\"><textarea id=\"quform_81_19_25f6c7\" name=\"quform_81_19\" class=\"quform-field quform-field-textarea quform-field-81_19\"><\/textarea><\/div><\/div><\/div><\/div><div class=\"quform-element quform-element-submit quform-element-81_2 quform-cf quform-button-style-theme\"><div class=\"quform-button-submit quform-button-submit-default quform-button-submit-81_2\"><button name=\"quform_submit\" type=\"submit\" class=\"quform-submit\" value=\"submit\"><span class=\"quform-button-text quform-button-submit-text\">Absenden<\/span><\/button><\/div><div class=\"quform-loading quform-loading-position-left quform-loading-type-spinner-1\"><div class=\"quform-loading-inner\"><div class=\"quform-loading-spinner\"><div class=\"quform-loading-spinner-inner\"><\/div><\/div><\/div><\/div><\/div><\/div><\/div><\/div><\/div><\/form><\/div><\/div><\/div>[\/vc_column][\/vc_row]<\/p>\n<\/div>","protected":false},"excerpt":{"rendered":"<p>[vc_row][vc_column][\/vc_column][\/vc_row]<\/p>\n","protected":false},"author":38,"featured_media":0,"parent":0,"menu_order":2,"comment_status":"closed","ping_status":"closed","template":"","meta":{"_acf_changed":false,"_monsterinsights_skip_tracking":false,"_monsterinsights_sitenote_active":false,"_monsterinsights_sitenote_note":"","_monsterinsights_sitenote_category":0,"footnotes":""},"class_list":["post-40483","page","type-page","status-publish","hentry"],"acf":[],"yoast_head":"<!-- This site is optimized with the Yoast SEO Premium plugin v26.4 (Yoast SEO v27.0) - https:\/\/yoast.com\/product\/yoast-seo-premium-wordpress\/ -->\n<title>LILU Registration 2027 - Electrosuisse<\/title>\n<meta name=\"robots\" content=\"index, follow, max-snippet:-1, max-image-preview:large, max-video-preview:-1\" \/>\n<link rel=\"canonical\" href=\"https:\/\/www.electrosuisse.ch\/de\/lilu-registration\/\" \/>\n<meta property=\"og:locale\" content=\"de_DE\" \/>\n<meta property=\"og:type\" content=\"article\" \/>\n<meta property=\"og:title\" content=\"LILU Registration 2027 - Electrosuisse\" \/>\n<meta property=\"og:description\" content=\"[vc_row][vc_column][\/vc_column][\/vc_row]\" \/>\n<meta property=\"og:url\" content=\"https:\/\/www.electrosuisse.ch\/de\/lilu-registration\/\" \/>\n<meta property=\"og:site_name\" content=\"Electrosuisse\" \/>\n<meta property=\"article:modified_time\" content=\"2026-04-15T07:53:23+00:00\" \/>\n<meta property=\"og:image\" content=\"https:\/\/www.electrosuisse.ch\/wp-content\/uploads\/2022\/12\/Electrosuisse_Ueber_uns_1578x650.jpg\" \/>\n\t<meta property=\"og:image:width\" content=\"1578\" \/>\n\t<meta property=\"og:image:height\" content=\"650\" \/>\n\t<meta property=\"og:image:type\" content=\"image\/jpeg\" \/>\n<script type=\"application\/ld+json\" class=\"yoast-schema-graph\">{\"@context\":\"https:\/\/schema.org\",\"@graph\":[{\"@type\":\"WebPage\",\"@id\":\"https:\/\/www.electrosuisse.ch\/de\/lilu-registration\/\",\"url\":\"https:\/\/www.electrosuisse.ch\/de\/lilu-registration\/\",\"name\":\"LILU Registration 2027 - Electrosuisse\",\"isPartOf\":{\"@id\":\"https:\/\/www.electrosuisse.ch\/de\/#website\"},\"datePublished\":\"2025-11-25T08:03:50+00:00\",\"dateModified\":\"2026-04-15T07:53:23+00:00\",\"inLanguage\":\"de\",\"potentialAction\":[{\"@type\":\"ReadAction\",\"target\":[\"https:\/\/www.electrosuisse.ch\/de\/lilu-registration\/\"]}]},{\"@type\":\"WebSite\",\"@id\":\"https:\/\/www.electrosuisse.ch\/de\/#website\",\"url\":\"https:\/\/www.electrosuisse.ch\/de\/\",\"name\":\"Electrosuisse\",\"description\":\"\",\"publisher\":{\"@id\":\"https:\/\/www.electrosuisse.ch\/de\/#organization\"},\"potentialAction\":[{\"@type\":\"SearchAction\",\"target\":{\"@type\":\"EntryPoint\",\"urlTemplate\":\"https:\/\/www.electrosuisse.ch\/de\/?s={search_term_string}\"},\"query-input\":{\"@type\":\"PropertyValueSpecification\",\"valueRequired\":true,\"valueName\":\"search_term_string\"}}],\"inLanguage\":\"de\"},{\"@type\":\"Organization\",\"@id\":\"https:\/\/www.electrosuisse.ch\/de\/#organization\",\"name\":\"Electrosuisse\",\"url\":\"https:\/\/www.electrosuisse.ch\/de\/\",\"logo\":{\"@type\":\"ImageObject\",\"inLanguage\":\"de\",\"@id\":\"https:\/\/www.electrosuisse.ch\/de\/#\/schema\/logo\/image\/\",\"url\":\"https:\/\/www.electrosuisse.ch\/wp-content\/uploads\/2025\/04\/Electrosuisse_Logo_696x696.png\",\"contentUrl\":\"https:\/\/www.electrosuisse.ch\/wp-content\/uploads\/2025\/04\/Electrosuisse_Logo_696x696.png\",\"width\":696,\"height\":696,\"caption\":\"Electrosuisse\"},\"image\":{\"@id\":\"https:\/\/www.electrosuisse.ch\/de\/#\/schema\/logo\/image\/\"},\"sameAs\":[\"https:\/\/www.linkedin.com\/company\/electrosuisse-ag\/posts\/?feedView=all\",\"https:\/\/www.instagram.com\/electrosuisse1889\/\",\"https:\/\/www.youtube.com\/channel\/UCoOxohMiVE0Gjcdis1L09zw\"],\"description\":\"Electrosuisse ist eine anerkannte und unabh\u00e4ngige Fachorganisation, die erstklassige Dienstleistungen und Produkte in den Bereichen Inspektion, Beratung, Pr\u00fcfung, Zertifizierung, Normung und Weiterbildung anbietet. Unsere Expertise umfasst Elektrotechnik, Elektromobilit\u00e4t, Energieberatung, Geb\u00e4udeautomation und Photovoltaik in der Schweiz. Durch die Veranstaltung etablierter Branchen-Events und Fachtagungen f\u00f6rdert Electrosuisse den Wissenstransfer und den fachlichen Austausch. Im Mittelpunkt unserer T\u00e4tigkeiten steht die F\u00f6rderung der sicheren, wirtschaftlichen und umweltgerechten Anwendung der Elektrotechnik.\"}]}<\/script>\n<!-- \/ Yoast SEO Premium plugin. -->","yoast_head_json":{"title":"LILU Registration 2027 - Electrosuisse","robots":{"index":"index","follow":"follow","max-snippet":"max-snippet:-1","max-image-preview":"max-image-preview:large","max-video-preview":"max-video-preview:-1"},"canonical":"https:\/\/www.electrosuisse.ch\/de\/lilu-registration\/","og_locale":"de_DE","og_type":"article","og_title":"LILU Registration 2027 - Electrosuisse","og_description":"[vc_row][vc_column][\/vc_column][\/vc_row]","og_url":"https:\/\/www.electrosuisse.ch\/de\/lilu-registration\/","og_site_name":"Electrosuisse","article_modified_time":"2026-04-15T07:53:23+00:00","og_image":[{"width":1578,"height":650,"url":"https:\/\/www.electrosuisse.ch\/wp-content\/uploads\/2022\/12\/Electrosuisse_Ueber_uns_1578x650.jpg","type":"image\/jpeg"}],"schema":{"@context":"https:\/\/schema.org","@graph":[{"@type":"WebPage","@id":"https:\/\/www.electrosuisse.ch\/de\/lilu-registration\/","url":"https:\/\/www.electrosuisse.ch\/de\/lilu-registration\/","name":"LILU Registration 2027 - Electrosuisse","isPartOf":{"@id":"https:\/\/www.electrosuisse.ch\/de\/#website"},"datePublished":"2025-11-25T08:03:50+00:00","dateModified":"2026-04-15T07:53:23+00:00","inLanguage":"de","potentialAction":[{"@type":"ReadAction","target":["https:\/\/www.electrosuisse.ch\/de\/lilu-registration\/"]}]},{"@type":"WebSite","@id":"https:\/\/www.electrosuisse.ch\/de\/#website","url":"https:\/\/www.electrosuisse.ch\/de\/","name":"Electrosuisse","description":"","publisher":{"@id":"https:\/\/www.electrosuisse.ch\/de\/#organization"},"potentialAction":[{"@type":"SearchAction","target":{"@type":"EntryPoint","urlTemplate":"https:\/\/www.electrosuisse.ch\/de\/?s={search_term_string}"},"query-input":{"@type":"PropertyValueSpecification","valueRequired":true,"valueName":"search_term_string"}}],"inLanguage":"de"},{"@type":"Organization","@id":"https:\/\/www.electrosuisse.ch\/de\/#organization","name":"Electrosuisse","url":"https:\/\/www.electrosuisse.ch\/de\/","logo":{"@type":"ImageObject","inLanguage":"de","@id":"https:\/\/www.electrosuisse.ch\/de\/#\/schema\/logo\/image\/","url":"https:\/\/www.electrosuisse.ch\/wp-content\/uploads\/2025\/04\/Electrosuisse_Logo_696x696.png","contentUrl":"https:\/\/www.electrosuisse.ch\/wp-content\/uploads\/2025\/04\/Electrosuisse_Logo_696x696.png","width":696,"height":696,"caption":"Electrosuisse"},"image":{"@id":"https:\/\/www.electrosuisse.ch\/de\/#\/schema\/logo\/image\/"},"sameAs":["https:\/\/www.linkedin.com\/company\/electrosuisse-ag\/posts\/?feedView=all","https:\/\/www.instagram.com\/electrosuisse1889\/","https:\/\/www.youtube.com\/channel\/UCoOxohMiVE0Gjcdis1L09zw"],"description":"Electrosuisse ist eine anerkannte und unabh\u00e4ngige Fachorganisation, die erstklassige Dienstleistungen und Produkte in den Bereichen Inspektion, Beratung, Pr\u00fcfung, Zertifizierung, Normung und Weiterbildung anbietet. Unsere Expertise umfasst Elektrotechnik, Elektromobilit\u00e4t, Energieberatung, Geb\u00e4udeautomation und Photovoltaik in der Schweiz. Durch die Veranstaltung etablierter Branchen-Events und Fachtagungen f\u00f6rdert Electrosuisse den Wissenstransfer und den fachlichen Austausch. Im Mittelpunkt unserer T\u00e4tigkeiten steht die F\u00f6rderung der sicheren, wirtschaftlichen und umweltgerechten Anwendung der Elektrotechnik."}]}},"amp_enabled":true,"_links":{"self":[{"href":"https:\/\/www.electrosuisse.ch\/de\/wp-json\/wp\/v2\/pages\/40483","targetHints":{"allow":["GET"]}}],"collection":[{"href":"https:\/\/www.electrosuisse.ch\/de\/wp-json\/wp\/v2\/pages"}],"about":[{"href":"https:\/\/www.electrosuisse.ch\/de\/wp-json\/wp\/v2\/types\/page"}],"author":[{"embeddable":true,"href":"https:\/\/www.electrosuisse.ch\/de\/wp-json\/wp\/v2\/users\/38"}],"replies":[{"embeddable":true,"href":"https:\/\/www.electrosuisse.ch\/de\/wp-json\/wp\/v2\/comments?post=40483"}],"version-history":[{"count":5,"href":"https:\/\/www.electrosuisse.ch\/de\/wp-json\/wp\/v2\/pages\/40483\/revisions"}],"predecessor-version":[{"id":44355,"href":"https:\/\/www.electrosuisse.ch\/de\/wp-json\/wp\/v2\/pages\/40483\/revisions\/44355"}],"wp:attachment":[{"href":"https:\/\/www.electrosuisse.ch\/de\/wp-json\/wp\/v2\/media?parent=40483"}],"curies":[{"name":"wp","href":"https:\/\/api.w.org\/{rel}","templated":true}]}}