{"id":40,"date":"2023-06-24T11:08:54","date_gmt":"2023-06-24T09:08:54","guid":{"rendered":"https:\/\/www.electrosuisse.ch\/?page_id=40"},"modified":"2026-03-10T11:14:30","modified_gmt":"2026-03-10T10:14:30","slug":"zielvereinbarung-fuer-energiegrossverbraucher","status":"publish","type":"page","link":"https:\/\/www.electrosuisse.ch\/de\/engineering\/zielvereinbarung-fuer-energiegrossverbraucher\/","title":{"rendered":"Zielvereinbarung"},"content":{"rendered":"<div class=\"wpb-content-wrapper\"><p>[vc_row el_id=&#8221;angebot&#8221;][vc_column][vc_column_text css=&#8221;&#8221; el_class=&#8221;lead&#8221;]Electrosuisse unterst\u00fctzt Sie bei der Erstellung der Zielvereinbarung zwischen Ihrem Unternehmen und dem Bund. Die Einhaltung der Zielvereinbarung f\u00fchrt zur Steigerung der Energieeffizienz und Senkung der CO<sub>2<\/sub> Emissionen und erm\u00f6glicht Industrie- und Dienstleistungsunternehmen sich von der CO<sub>2<\/sub>-Abgabe und\/oder des Netzzuschlags (RNZ) zu befreien.<\/p>\n<p>Unsere Ingenieure sind vom <a href=\"https:\/\/www.zv-energie.admin.ch\/de\" target=\"_blank\" rel=\"noopener\">Bundesamt f\u00fcr Energie (BFE)<\/a> und Bundesamt f\u00fcr Umwelt (BAFU) f\u00fcr die Erstellung von Zielvereinbarungen f\u00fcr Grossverbraucher akkreditiert. Wir begleiten Sie vollumf\u00e4nglich bei der Erstellung und Umsetzung Ihrer n\u00e4chsten Zielvereinbarung. Steigern Sie mit uns nachhaltig und nachweisbar die Energieeffizienz Ihres Unternehmens und erf\u00fcllen dabei gesetzliche Anforderungen.[\/vc_column_text][vc_column_text]<a href=\"https:\/\/act-schweiz.ch\/angebote\/act-zielvereinbarung\/\" target=\"_blank\" rel=\"noopener\"><strong>Wir sind der act Cleantech Agentur Schweiz angeschlossen.<\/strong><\/a>[\/vc_column_text][vc_column_text css=&#8221;&#8221;]<\/p>\n<h4>Der Weg zur passenden Zielvereinbarung mit Bund oder Kanton<\/h4>\n<p>[\/vc_column_text]<div class=\"wpb_image_column wpb_content_element\"><div class=\"wpb_wrapper\"><div class=\"picture_container\"><picture><source media=\"(min-width: 769px)\" srcset=\"https:\/\/www.electrosuisse.ch\/wp-content\/uploads\/2024\/11\/Energiezukunft-Grafik_1-1170x485.png\"><source media=\"(min-width: 415px)\" srcset=\"https:\/\/www.electrosuisse.ch\/wp-content\/uploads\/2024\/11\/Energiezukunft-Grafik_1-768x318.png\"><source media=\"(max-width: 414px)\" srcset=\"https:\/\/www.electrosuisse.ch\/wp-content\/uploads\/2024\/11\/Energiezukunft-Grafik_1-414x172.png 1x, https:\/\/www.electrosuisse.ch\/wp-content\/uploads\/2024\/11\/Energiezukunft-Grafik_1-768x318.png 2x\"><img decoding=\"async\" src=\"https:\/\/www.electrosuisse.ch\/wp-content\/uploads\/2024\/11\/Energiezukunft-Grafik_1-1170x485.png\" alt=\"Eine Grafik der Energiezukunft\" \/><\/picture><\/div><\/div><\/div><div class=\"wpb_button_column wpb_content_element wpb_content_element--left\"><div class=\"wpb_wrapper\"><div class=\"button button--normal\"><a href=\"https:\/\/www.bulletin.ch\/der-weg-zur-passenden-zielvereinbarung\" target=\"_blank\" >Zum Artikel \u00fcber die Zielvereinbarung im Bulletin<\/a><\/div><\/div><\/div>[\/vc_column][\/vc_row][vc_row el_id=&#8221;hinweis&#8221;][vc_column][vc_column_text css=&#8221;&#8221;]<\/p>\n<h3>Hinweis<\/h3>\n<p>Es \u00e4ndern sich die Bedingungen f\u00fcr neue Zielvereinbarungen und CO<sub>2<\/sub>-Verminderungsverpflichtungen. Wir informieren Sie gerne \u00fcber Ihre M\u00f6glichkeiten und unterst\u00fctzen Sie bei der erfolgreichen Erf\u00fcllung der Vorgaben \u2013 von der Einreichung \u00fcber IZPA (Ist-Zustands- und Potentialanalyse), Dekarbonisierungsplan, Massnahmenevaluation bis hin zur R\u00fcckerstattung und j\u00e4hrlichen Kontrolle sind wir zuverl\u00e4ssig an Ihrer Seite.[\/vc_column_text][vc_column_text css=&#8221;&#8221;]<\/p>\n<h3>F\u00f6rdergelder<\/h3>\n<p>Im Rahmen von Energiethemen im Unternehmen k\u00f6nnen unter Umst\u00e4nden F\u00f6rdergelder beim Bund, Kanton und Stiftungen genutzt werden. Wir pr\u00fcfen die vorhandenen Subventionsm\u00f6glichkeiten und beantragen die f\u00fcr Sie passenden F\u00f6rdergelder.[\/vc_column_text][vc_column_text css=&#8221;&#8221;]<\/p>\n<h3>Das Wichtigste in K\u00fcrze<\/h3>\n<ul>\n<li>Zielvereinbarungen mit dem Bund oder Kanton erm\u00f6glichen Unternehmen, ihre Energieeffizienz zu steigern und CO\u2082-Emissionen zu senken, mit der M\u00f6glichkeit zur Befreiung von CO\u2082-Abgabe und\/oder Netzzuschlag.<\/li>\n<li>Unternehmen k\u00f6nnen durch Zielvereinbarungen gesetzliche Anforderungen erf\u00fcllen und gleichzeitig die Vorgaben nutzen, um das eigene Energiesystem wirtschaftlich zu optimieren.<\/li>\n<li>Der Prozess zur Erstellung einer Zielvereinbarung umfasst u.a. die Ist-Zustands- und Potenzialanalyse (IZPA), Dekarbonisierungsplan, Massnahmenevaluation und j\u00e4hrliche Kontrolle.<\/li>\n<li>Electrosuisse ist vom BFE und BAFU akkreditiert und begleitet Grossverbraucher bei der Erstellung und Umsetzung ihrer Zielvereinbarung.<\/li>\n<li>Electrosuisse bietet eine ganzheitliche und unabh\u00e4ngige Betreuung, von der Beratung bis zur R\u00fcckerstattung, und ist Teil der act Cleantech Agentur Schweiz.<\/li>\n<\/ul>\n<p>[\/vc_column_text][\/vc_column][\/vc_row][vc_row el_id=&#8221;kontakt&#8221;][vc_column][vc_column_text]<\/p>\n<h2>Kontakt<\/h2>\n<p>[\/vc_column_text]<div class=\"wpb_contact_column wpb_content_element wpb_contact_column--container\"><div class=\"wpb_wrapper\"><div class=\"contact_container_outer\"><div class=\"contact_container\"><div class=\"contact row middle-xs\"><div class=\"contact__img col-sm-5 col-xs-12\"><img decoding=\"async\" src=\"https:\/\/www.electrosuisse.ch\/wp-content\/uploads\/2024\/08\/StefanBaer_302x302.png\" alt=\"Stefan B\u00e4r - Teamleiter Engineering Ost\" \/><\/div><div class=\"contact__info col-sm-7 col-xs-12\"><p><b>Stefan B\u00e4r<\/b><br>Teamleiter Engineering Ost<\/p><div class=\"phone has-link\"><a href=\"tel:+41585951571\">+41 58 595 15 71<\/a><\/div><div class=\"mail has-link\"><a href=\"mailto:&#115;&#x74;&#101;&#x66;&#97;&#x6e;&#46;&#x62;a&#101;&#x72;&#64;&#x65;&#108;&#x65;c&#x74;r&#111;&#x73;&#117;&#x69;&#115;&#x73;&#101;&#x2e;c&#x68;\">st&#101;&#102;&#97;&#x6e;&#x2e;&#x62;&#x61;er&#64;&#101;&#108;&#x65;&#x63;&#x74;&#x72;os&#117;&#105;&#115;&#x73;&#x65;&#x2e;&#x63;h<\/a><\/div><\/div><\/div><\/div><\/div><div class=\"contact_container_outer\"><div class=\"contact_container\"><div class=\"contact row middle-xs\"><div class=\"contact__img col-sm-5 col-xs-12\"><img decoding=\"async\" src=\"https:\/\/www.electrosuisse.ch\/wp-content\/uploads\/2025\/09\/Felix-Bigler_320x320.png\" alt=\"Felix Bigler - Teamleiter Engineering West\" \/><\/div><div class=\"contact__info col-sm-7 col-xs-12\"><p><b>Felix Bigler<\/b><br>Teamleiter Engineering West<\/p><div class=\"phone has-link\"><a href=\"tel:+41585951575\">+41 58 595 15 75<\/a><\/div><div class=\"mail has-link\"><a href=\"mailto:&#102;&#x65;l&#105;&#x78;&#46;&#98;&#x69;g&#x6c;&#x65;&#114;&#x40;e&#108;&#x65;c&#116;&#x72;o&#x73;&#x75;&#105;&#x73;&#x73;&#101;&#x2e;c&#104;\">&#102;e&#x6c;i&#x78;&#46;&#x62;i&#x67;&#108;&#x65;&#114;&#x40;&#101;&#x6c;&#101;c&#116;r&#x6f;s&#x75;i&#x73;&#115;&#x65;&#46;&#x63;&#104;<\/a><\/div><\/div><\/div><\/div><\/div><div class=\"contact_container_outer\"><div class=\"contact_container\"><div class=\"contact row middle-xs\"><div class=\"contact__img col-sm-5 col-xs-12\"><img decoding=\"async\" src=\"https:\/\/www.electrosuisse.ch\/wp-content\/uploads\/2025\/07\/MarkWunderlich_3202x320.png\" alt=\"Mark Wunderlich - Beratung und Engineering\" \/><\/div><div class=\"contact__info col-sm-7 col-xs-12\"><p><b>Mark Wunderlich<\/b><br>Beratung und Engineering<\/p><div class=\"phone has-link\"><a href=\"tel:+41585951565\">+41 58 595 15 65<\/a><\/div><div class=\"mail has-link\"><a href=\"mailto:&#109;&#x61;&#114;&#x6b;&#46;&#x77;&#117;&#x6e;d&#x65;r&#x6c;i&#x63;h&#64;&#x65;&#108;&#x65;&#99;&#x74;&#114;&#x6f;&#115;&#x75;i&#x73;s&#x65;&#46;&#x63;h\">mark.wunderlich@<br>electrosuisse.ch<\/a><\/div><\/div><\/div><\/div><\/div><div class=\"contact_container_outer\"><div class=\"contact_container\"><div class=\"contact row middle-xs\"><div class=\"contact__img col-sm-5 col-xs-12\"><img decoding=\"async\" src=\"\/wp-content\/themes\/SCHMUCKI_child\/img\/contact_placeholder.jpg\" alt=\"Beratung, Inspektion und Engineering\" \/><\/div><div class=\"contact__info col-sm-7 col-xs-12\"><p><b>Beratung, Inspektion und Engineering<\/b><br>Innendienst<\/p><div class=\"phone has-link\"><a href=\"tel:+41585951199\">+41 58 595 11 99<\/a><\/div><div class=\"mail has-link\"><a href=\"mailto:&#98;&#x65;r&#97;&#x74;u&#110;&#x67;&#64;&#101;&#x6c;e&#99;&#x74;r&#111;&#x73;u&#105;&#x73;s&#101;&#x2e;c&#104; \">&#x62;&#x65;&#x72;&#x61;&#x74;&#x75;&#x6e;&#103;&#64;&#101;&#108;&#101;ctro&#x73;&#x75;&#x69;&#x73;&#x73;&#x65;&#x2e;&#x63;&#104; <\/a><\/div><\/div><\/div><\/div><\/div><\/div><\/div>[\/vc_column][\/vc_row]<\/p>\n<\/div>","protected":false},"excerpt":{"rendered":"<p>[vc_row el_id=&#8221;angebot&#8221;][vc_column][vc_column_text css=&#8221;&#8221; el_class=&#8221;lead&#8221;]Electrosuisse unterst\u00fctzt Sie bei der Erstellung der Zielvereinbarung zwischen Ihrem Unternehmen und dem Bund. Die Einhaltung der Zielvereinbarung f\u00fchrt zur Steigerung der Energieeffizienz und Senkung der CO2 Emissionen und erm\u00f6glicht Industrie- und Dienstleistungsunternehmen sich von der CO2-Abgabe und\/oder des Netzzuschlags (RNZ) zu befreien. Unsere Ingenieure sind vom Bundesamt f\u00fcr Energie (BFE) und [&hellip;]<\/p>\n","protected":false},"author":2,"featured_media":34424,"parent":28,"menu_order":248,"comment_status":"closed","ping_status":"closed","template":"","meta":{"_acf_changed":false,"_monsterinsights_skip_tracking":false,"_monsterinsights_sitenote_active":false,"_monsterinsights_sitenote_note":"","_monsterinsights_sitenote_category":0,"footnotes":""},"class_list":["post-40","page","type-page","status-publish","hentry"],"acf":[],"yoast_head":"<!-- This site is optimized with the Yoast SEO Premium plugin v26.4 (Yoast SEO v27.0) - https:\/\/yoast.com\/product\/yoast-seo-premium-wordpress\/ -->\n<title>Zielvereinbarung - Electrosuisse<\/title>\n<meta name=\"description\" content=\"Electrosuisse unterst\u00fctzt Energiegrossverbraucher bei der Erstellung und Erf\u00fcllung ihrer Zielvereinbarungen mit dem Bund.\" \/>\n<meta name=\"robots\" content=\"index, follow, max-snippet:-1, max-image-preview:large, max-video-preview:-1\" \/>\n<link rel=\"canonical\" href=\"https:\/\/www.electrosuisse.ch\/de\/engineering\/zielvereinbarung-fuer-energiegrossverbraucher\/\" \/>\n<meta property=\"og:locale\" content=\"de_DE\" \/>\n<meta property=\"og:type\" content=\"article\" \/>\n<meta property=\"og:title\" content=\"Zielvereinbarung - Electrosuisse\" \/>\n<meta property=\"og:description\" content=\"Electrosuisse unterst\u00fctzt Energiegrossverbraucher bei der Erstellung und Erf\u00fcllung ihrer Zielvereinbarungen mit dem Bund.\" \/>\n<meta property=\"og:url\" content=\"https:\/\/www.electrosuisse.ch\/de\/engineering\/zielvereinbarung-fuer-energiegrossverbraucher\/\" \/>\n<meta property=\"og:site_name\" content=\"Electrosuisse\" \/>\n<meta property=\"article:modified_time\" content=\"2026-03-10T10:14:30+00:00\" \/>\n<meta property=\"og:image\" content=\"https:\/\/www.electrosuisse.ch\/wp-content\/uploads\/2019\/05\/Electrosuisse_Prozessanalyse_Verbrauchsanalyse.jpg\" \/>\n\t<meta property=\"og:image:width\" content=\"414\" \/>\n\t<meta property=\"og:image:height\" content=\"414\" \/>\n\t<meta property=\"og:image:type\" content=\"image\/jpeg\" \/>\n<script type=\"application\/ld+json\" class=\"yoast-schema-graph\">{\"@context\":\"https:\/\/schema.org\",\"@graph\":[{\"@type\":\"WebPage\",\"@id\":\"https:\/\/www.electrosuisse.ch\/de\/engineering\/zielvereinbarung-fuer-energiegrossverbraucher\/\",\"url\":\"https:\/\/www.electrosuisse.ch\/de\/engineering\/zielvereinbarung-fuer-energiegrossverbraucher\/\",\"name\":\"Zielvereinbarung - Electrosuisse\",\"isPartOf\":{\"@id\":\"https:\/\/www.electrosuisse.ch\/de\/#website\"},\"primaryImageOfPage\":{\"@id\":\"https:\/\/www.electrosuisse.ch\/de\/engineering\/zielvereinbarung-fuer-energiegrossverbraucher\/#primaryimage\"},\"image\":{\"@id\":\"https:\/\/www.electrosuisse.ch\/de\/engineering\/zielvereinbarung-fuer-energiegrossverbraucher\/#primaryimage\"},\"thumbnailUrl\":\"https:\/\/www.electrosuisse.ch\/wp-content\/uploads\/2024\/03\/Zielvereinbarung-414x414-1.jpg\",\"datePublished\":\"2023-06-24T09:08:54+00:00\",\"dateModified\":\"2026-03-10T10:14:30+00:00\",\"description\":\"Electrosuisse unterst\u00fctzt Energiegrossverbraucher bei der Erstellung und Erf\u00fcllung ihrer Zielvereinbarungen mit dem Bund.\",\"breadcrumb\":{\"@id\":\"https:\/\/www.electrosuisse.ch\/de\/engineering\/zielvereinbarung-fuer-energiegrossverbraucher\/#breadcrumb\"},\"inLanguage\":\"de\",\"potentialAction\":[{\"@type\":\"ReadAction\",\"target\":[\"https:\/\/www.electrosuisse.ch\/de\/engineering\/zielvereinbarung-fuer-energiegrossverbraucher\/\"]}]},{\"@type\":\"ImageObject\",\"inLanguage\":\"de\",\"@id\":\"https:\/\/www.electrosuisse.ch\/de\/engineering\/zielvereinbarung-fuer-energiegrossverbraucher\/#primaryimage\",\"url\":\"https:\/\/www.electrosuisse.ch\/wp-content\/uploads\/2024\/03\/Zielvereinbarung-414x414-1.jpg\",\"contentUrl\":\"https:\/\/www.electrosuisse.ch\/wp-content\/uploads\/2024\/03\/Zielvereinbarung-414x414-1.jpg\",\"width\":414,\"height\":414},{\"@type\":\"BreadcrumbList\",\"@id\":\"https:\/\/www.electrosuisse.ch\/de\/engineering\/zielvereinbarung-fuer-energiegrossverbraucher\/#breadcrumb\",\"itemListElement\":[{\"@type\":\"ListItem\",\"position\":1,\"name\":\"Engineering\",\"item\":\"https:\/\/www.electrosuisse.ch\/de\/engineering\/\"},{\"@type\":\"ListItem\",\"position\":2,\"name\":\"Zielvereinbarung\"}]},{\"@type\":\"WebSite\",\"@id\":\"https:\/\/www.electrosuisse.ch\/de\/#website\",\"url\":\"https:\/\/www.electrosuisse.ch\/de\/\",\"name\":\"Electrosuisse\",\"description\":\"\",\"publisher\":{\"@id\":\"https:\/\/www.electrosuisse.ch\/de\/#organization\"},\"potentialAction\":[{\"@type\":\"SearchAction\",\"target\":{\"@type\":\"EntryPoint\",\"urlTemplate\":\"https:\/\/www.electrosuisse.ch\/de\/?s={search_term_string}\"},\"query-input\":{\"@type\":\"PropertyValueSpecification\",\"valueRequired\":true,\"valueName\":\"search_term_string\"}}],\"inLanguage\":\"de\"},{\"@type\":\"Organization\",\"@id\":\"https:\/\/www.electrosuisse.ch\/de\/#organization\",\"name\":\"Electrosuisse\",\"url\":\"https:\/\/www.electrosuisse.ch\/de\/\",\"logo\":{\"@type\":\"ImageObject\",\"inLanguage\":\"de\",\"@id\":\"https:\/\/www.electrosuisse.ch\/de\/#\/schema\/logo\/image\/\",\"url\":\"https:\/\/www.electrosuisse.ch\/wp-content\/uploads\/2025\/04\/Electrosuisse_Logo_696x696.png\",\"contentUrl\":\"https:\/\/www.electrosuisse.ch\/wp-content\/uploads\/2025\/04\/Electrosuisse_Logo_696x696.png\",\"width\":696,\"height\":696,\"caption\":\"Electrosuisse\"},\"image\":{\"@id\":\"https:\/\/www.electrosuisse.ch\/de\/#\/schema\/logo\/image\/\"},\"sameAs\":[\"https:\/\/www.linkedin.com\/company\/electrosuisse-ag\/posts\/?feedView=all\",\"https:\/\/www.instagram.com\/electrosuisse1889\/\",\"https:\/\/www.youtube.com\/channel\/UCoOxohMiVE0Gjcdis1L09zw\"],\"description\":\"Electrosuisse ist eine anerkannte und unabh\u00e4ngige Fachorganisation, die erstklassige Dienstleistungen und Produkte in den Bereichen Inspektion, Beratung, Pr\u00fcfung, Zertifizierung, Normung und Weiterbildung anbietet. Unsere Expertise umfasst Elektrotechnik, Elektromobilit\u00e4t, Energieberatung, Geb\u00e4udeautomation und Photovoltaik in der Schweiz. Durch die Veranstaltung etablierter Branchen-Events und Fachtagungen f\u00f6rdert Electrosuisse den Wissenstransfer und den fachlichen Austausch. Im Mittelpunkt unserer T\u00e4tigkeiten steht die F\u00f6rderung der sicheren, wirtschaftlichen und umweltgerechten Anwendung der Elektrotechnik.\"}]}<\/script>\n<!-- \/ Yoast SEO Premium plugin. -->","yoast_head_json":{"title":"Zielvereinbarung - Electrosuisse","description":"Electrosuisse unterst\u00fctzt Energiegrossverbraucher bei der Erstellung und Erf\u00fcllung ihrer Zielvereinbarungen mit dem Bund.","robots":{"index":"index","follow":"follow","max-snippet":"max-snippet:-1","max-image-preview":"max-image-preview:large","max-video-preview":"max-video-preview:-1"},"canonical":"https:\/\/www.electrosuisse.ch\/de\/engineering\/zielvereinbarung-fuer-energiegrossverbraucher\/","og_locale":"de_DE","og_type":"article","og_title":"Zielvereinbarung - Electrosuisse","og_description":"Electrosuisse unterst\u00fctzt Energiegrossverbraucher bei der Erstellung und Erf\u00fcllung ihrer Zielvereinbarungen mit dem Bund.","og_url":"https:\/\/www.electrosuisse.ch\/de\/engineering\/zielvereinbarung-fuer-energiegrossverbraucher\/","og_site_name":"Electrosuisse","article_modified_time":"2026-03-10T10:14:30+00:00","og_image":[{"width":414,"height":414,"url":"https:\/\/www.electrosuisse.ch\/wp-content\/uploads\/2019\/05\/Electrosuisse_Prozessanalyse_Verbrauchsanalyse.jpg","type":"image\/jpeg"}],"schema":{"@context":"https:\/\/schema.org","@graph":[{"@type":"WebPage","@id":"https:\/\/www.electrosuisse.ch\/de\/engineering\/zielvereinbarung-fuer-energiegrossverbraucher\/","url":"https:\/\/www.electrosuisse.ch\/de\/engineering\/zielvereinbarung-fuer-energiegrossverbraucher\/","name":"Zielvereinbarung - Electrosuisse","isPartOf":{"@id":"https:\/\/www.electrosuisse.ch\/de\/#website"},"primaryImageOfPage":{"@id":"https:\/\/www.electrosuisse.ch\/de\/engineering\/zielvereinbarung-fuer-energiegrossverbraucher\/#primaryimage"},"image":{"@id":"https:\/\/www.electrosuisse.ch\/de\/engineering\/zielvereinbarung-fuer-energiegrossverbraucher\/#primaryimage"},"thumbnailUrl":"https:\/\/www.electrosuisse.ch\/wp-content\/uploads\/2024\/03\/Zielvereinbarung-414x414-1.jpg","datePublished":"2023-06-24T09:08:54+00:00","dateModified":"2026-03-10T10:14:30+00:00","description":"Electrosuisse unterst\u00fctzt Energiegrossverbraucher bei der Erstellung und Erf\u00fcllung ihrer Zielvereinbarungen mit dem Bund.","breadcrumb":{"@id":"https:\/\/www.electrosuisse.ch\/de\/engineering\/zielvereinbarung-fuer-energiegrossverbraucher\/#breadcrumb"},"inLanguage":"de","potentialAction":[{"@type":"ReadAction","target":["https:\/\/www.electrosuisse.ch\/de\/engineering\/zielvereinbarung-fuer-energiegrossverbraucher\/"]}]},{"@type":"ImageObject","inLanguage":"de","@id":"https:\/\/www.electrosuisse.ch\/de\/engineering\/zielvereinbarung-fuer-energiegrossverbraucher\/#primaryimage","url":"https:\/\/www.electrosuisse.ch\/wp-content\/uploads\/2024\/03\/Zielvereinbarung-414x414-1.jpg","contentUrl":"https:\/\/www.electrosuisse.ch\/wp-content\/uploads\/2024\/03\/Zielvereinbarung-414x414-1.jpg","width":414,"height":414},{"@type":"BreadcrumbList","@id":"https:\/\/www.electrosuisse.ch\/de\/engineering\/zielvereinbarung-fuer-energiegrossverbraucher\/#breadcrumb","itemListElement":[{"@type":"ListItem","position":1,"name":"Engineering","item":"https:\/\/www.electrosuisse.ch\/de\/engineering\/"},{"@type":"ListItem","position":2,"name":"Zielvereinbarung"}]},{"@type":"WebSite","@id":"https:\/\/www.electrosuisse.ch\/de\/#website","url":"https:\/\/www.electrosuisse.ch\/de\/","name":"Electrosuisse","description":"","publisher":{"@id":"https:\/\/www.electrosuisse.ch\/de\/#organization"},"potentialAction":[{"@type":"SearchAction","target":{"@type":"EntryPoint","urlTemplate":"https:\/\/www.electrosuisse.ch\/de\/?s={search_term_string}"},"query-input":{"@type":"PropertyValueSpecification","valueRequired":true,"valueName":"search_term_string"}}],"inLanguage":"de"},{"@type":"Organization","@id":"https:\/\/www.electrosuisse.ch\/de\/#organization","name":"Electrosuisse","url":"https:\/\/www.electrosuisse.ch\/de\/","logo":{"@type":"ImageObject","inLanguage":"de","@id":"https:\/\/www.electrosuisse.ch\/de\/#\/schema\/logo\/image\/","url":"https:\/\/www.electrosuisse.ch\/wp-content\/uploads\/2025\/04\/Electrosuisse_Logo_696x696.png","contentUrl":"https:\/\/www.electrosuisse.ch\/wp-content\/uploads\/2025\/04\/Electrosuisse_Logo_696x696.png","width":696,"height":696,"caption":"Electrosuisse"},"image":{"@id":"https:\/\/www.electrosuisse.ch\/de\/#\/schema\/logo\/image\/"},"sameAs":["https:\/\/www.linkedin.com\/company\/electrosuisse-ag\/posts\/?feedView=all","https:\/\/www.instagram.com\/electrosuisse1889\/","https:\/\/www.youtube.com\/channel\/UCoOxohMiVE0Gjcdis1L09zw"],"description":"Electrosuisse ist eine anerkannte und unabh\u00e4ngige Fachorganisation, die erstklassige Dienstleistungen und Produkte in den Bereichen Inspektion, Beratung, Pr\u00fcfung, Zertifizierung, Normung und Weiterbildung anbietet. Unsere Expertise umfasst Elektrotechnik, Elektromobilit\u00e4t, Energieberatung, Geb\u00e4udeautomation und Photovoltaik in der Schweiz. Durch die Veranstaltung etablierter Branchen-Events und Fachtagungen f\u00f6rdert Electrosuisse den Wissenstransfer und den fachlichen Austausch. Im Mittelpunkt unserer T\u00e4tigkeiten steht die F\u00f6rderung der sicheren, wirtschaftlichen und umweltgerechten Anwendung der Elektrotechnik."}]}},"amp_enabled":true,"_links":{"self":[{"href":"https:\/\/www.electrosuisse.ch\/de\/wp-json\/wp\/v2\/pages\/40","targetHints":{"allow":["GET"]}}],"collection":[{"href":"https:\/\/www.electrosuisse.ch\/de\/wp-json\/wp\/v2\/pages"}],"about":[{"href":"https:\/\/www.electrosuisse.ch\/de\/wp-json\/wp\/v2\/types\/page"}],"author":[{"embeddable":true,"href":"https:\/\/www.electrosuisse.ch\/de\/wp-json\/wp\/v2\/users\/2"}],"replies":[{"embeddable":true,"href":"https:\/\/www.electrosuisse.ch\/de\/wp-json\/wp\/v2\/comments?post=40"}],"version-history":[{"count":32,"href":"https:\/\/www.electrosuisse.ch\/de\/wp-json\/wp\/v2\/pages\/40\/revisions"}],"predecessor-version":[{"id":42461,"href":"https:\/\/www.electrosuisse.ch\/de\/wp-json\/wp\/v2\/pages\/40\/revisions\/42461"}],"up":[{"embeddable":true,"href":"https:\/\/www.electrosuisse.ch\/de\/wp-json\/wp\/v2\/pages\/28"}],"wp:featuredmedia":[{"embeddable":true,"href":"https:\/\/www.electrosuisse.ch\/de\/wp-json\/wp\/v2\/media\/34424"}],"wp:attachment":[{"href":"https:\/\/www.electrosuisse.ch\/de\/wp-json\/wp\/v2\/media?parent=40"}],"curies":[{"name":"wp","href":"https:\/\/api.w.org\/{rel}","templated":true}]}}