{"id":39677,"date":"2025-07-22T13:40:29","date_gmt":"2025-07-22T11:40:29","guid":{"rendered":"https:\/\/www.electrosuisse.ch\/?page_id=39677"},"modified":"2025-07-22T13:41:34","modified_gmt":"2025-07-22T11:41:34","slug":"anmeldung-kommunikationssysteme","status":"publish","type":"page","link":"https:\/\/www.electrosuisse.ch\/de\/anmeldung-kommunikationssysteme\/","title":{"rendered":"Anmeldung Zusatzangebot Onlinetraining: Sicherer Umgang mit elektrischen und optischen Gefahren in Kommunikationssystemen"},"content":{"rendered":"<div class=\"wpb-content-wrapper\"><p>[vc_row][vc_column]<div class=\"wpb_form_column wpb_content_element\"><div class=\"wpb_wrapper test\"><div id=\"quform-aa67e0\" class=\"quform quform-66 quform-support-page-caching\"><form id=\"quform-form-aa67e0\" class=\"quform-form quform-form-66\" action=\"\/de\/wp-json\/wp\/v2\/pages\/39677#quform-aa67e0\" method=\"post\" enctype=\"multipart\/form-data\" novalidate=\"novalidate\" data-options=\"{&quot;id&quot;:66,&quot;uniqueId&quot;:&quot;aa67e0&quot;,&quot;theme&quot;:&quot;&quot;,&quot;ajax&quot;:true,&quot;logic&quot;:{&quot;logic&quot;:[],&quot;dependents&quot;:[],&quot;elementIds&quot;:[],&quot;dependentElementIds&quot;:[],&quot;animate&quot;:true},&quot;currentPageId&quot;:1,&quot;errorsIcon&quot;:&quot;&quot;,&quot;updateFancybox&quot;:true,&quot;hasPages&quot;:false,&quot;pages&quot;:[1],&quot;pageProgressType&quot;:&quot;numbers&quot;,&quot;tooltipsEnabled&quot;:true,&quot;tooltipClasses&quot;:&quot;qtip-quform-dark qtip-shadow&quot;,&quot;tooltipMy&quot;:&quot;left center&quot;,&quot;tooltipAt&quot;:&quot;right center&quot;,&quot;isRtl&quot;:false,&quot;scrollOffset&quot;:-50,&quot;scrollSpeed&quot;:800}\"><button class=\"quform-default-submit\" name=\"quform_submit\" type=\"submit\" value=\"submit\" aria-hidden=\"true\" tabindex=\"-1\"><\/button><div class=\"quform-form-inner quform-form-inner-66\"><input type=\"hidden\" name=\"quform_form_id\" value=\"66\" \/><input type=\"hidden\" name=\"quform_form_uid\" value=\"aa67e0\" \/><input type=\"hidden\" name=\"quform_count\" value=\"1\" \/><input type=\"hidden\" name=\"form_url\" value=\"https:\/\/www.electrosuisse.ch\/de\/wp-json\/wp\/v2\/pages\/39677\" \/><input type=\"hidden\" name=\"referring_url\" value=\"\" \/><input type=\"hidden\" name=\"post_id\" value=\"\" \/><input type=\"hidden\" name=\"post_title\" value=\"\" \/><input type=\"hidden\" name=\"quform_current_page_id\" value=\"1\" \/><input type=\"hidden\" name=\"quform_loaded\" value=\"1776321929|598ed4781dce4596c1c5866e8a8050d7\" \/><input type=\"hidden\" name=\"quform_csrf_token\" value=\"DhAmousH5eaEl5FdN7g0aRzXb5LmkKAPQ1V9Ko8W\" \/><div class=\"quform-elements quform-elements-66 quform-cf quform-responsive-elements-phone-landscape\"><div class=\"quform-element quform-element-page quform-page-1 quform-page-66_1 quform-cf quform-group-style-plain quform-first-page quform-last-page quform-current-page\"><div class=\"quform-page-title-description\"><h3 class=\"quform-page-title\">Anmeldung Zusatzangebot Onlinetraining: Sicherer Umgang mit elektrischen und optischen Gefahren in Kommunikationssystemen<\/h3><\/div><div class=\"quform-child-elements\"><div class=\"quform-element quform-element-name quform-element-66_3 quform-cf quform-element-required\"><div class=\"quform-spacer\"><div class=\"quform-label quform-label-66_3\"><label class=\"quform-label-text\" id=\"quform_66_3_aa67e0_label\">Name<span class=\"quform-required\">*<\/span><\/label><\/div><div class=\"quform-inner quform-inner-name quform-inner-66_3\"><div class=\"quform-input quform-input-name quform-input-66_3 quform-cf\"><div class=\"quform-element-row quform-3-columns quform-element-row-size-fixed quform-responsive-columns-phone-landscape\"><div class=\"quform-element-column\"><div class=\"quform-element quform-element-select quform-element-66_3_1 quform-cf quform-element-required\"><div class=\"quform-spacer\"><div class=\"quform-inner quform-inner-select quform-inner-66_3_1\"><div class=\"quform-input quform-input-select quform-input-66_3_1 quform-cf\"><select id=\"quform_66_3_1_aa67e0\" name=\"quform_66_3[1]\" class=\"quform-field quform-field-select quform-field-66_3_1\" aria-labelledby=\"quform_66_3_aa67e0_label quform_66_3_1_aa67e0_sub_label_below\"><option value=\"\" selected=\"selected\">Bitte ausw\u00e4hlen<\/option><option value=\"Frau\">Frau<\/option><option value=\"Herr\">Herr<\/option><\/select><\/div><label id=\"quform_66_3_1_aa67e0_sub_label_below\" class=\"quform-sub-label quform-sub-label-below\">Anrede<\/label><\/div><\/div><\/div><\/div><div class=\"quform-element-column\"><div class=\"quform-element quform-element-text quform-element-66_3_2 quform-cf quform-element-required\"><div class=\"quform-spacer\"><div class=\"quform-inner quform-inner-text quform-inner-66_3_2\"><div class=\"quform-input quform-input-text quform-input-66_3_2 quform-cf\"><input type=\"text\" id=\"quform_66_3_2_aa67e0\" name=\"quform_66_3[2]\" class=\"quform-field quform-field-text quform-field-66_3_2\" aria-labelledby=\"quform_66_3_aa67e0_label quform_66_3_2_aa67e0_sub_label_below\" \/><\/div><label id=\"quform_66_3_2_aa67e0_sub_label_below\" class=\"quform-sub-label quform-sub-label-below\">Vorname<\/label><\/div><\/div><\/div><\/div><div class=\"quform-element-column\"><div class=\"quform-element quform-element-text quform-element-66_3_4 quform-cf quform-element-required\"><div class=\"quform-spacer\"><div class=\"quform-inner quform-inner-text quform-inner-66_3_4\"><div class=\"quform-input quform-input-text quform-input-66_3_4 quform-cf\"><input type=\"text\" id=\"quform_66_3_4_aa67e0\" name=\"quform_66_3[4]\" class=\"quform-field quform-field-text quform-field-66_3_4\" aria-labelledby=\"quform_66_3_aa67e0_label quform_66_3_4_aa67e0_sub_label_below\" \/><\/div><label id=\"quform_66_3_4_aa67e0_sub_label_below\" class=\"quform-sub-label quform-sub-label-below\">Nachname<\/label><\/div><\/div><\/div><\/div><\/div><\/div><\/div><\/div><\/div><div class=\"quform-element quform-element-text quform-element-66_4 quform-cf quform-element-required\"><div class=\"quform-spacer\"><div class=\"quform-label quform-label-66_4\"><label class=\"quform-label-text\" for=\"quform_66_4_aa67e0\">Firma<span class=\"quform-required\">*<\/span><\/label><\/div><div class=\"quform-inner quform-inner-text quform-inner-66_4\"><div class=\"quform-input quform-input-text quform-input-66_4 quform-cf\"><input type=\"text\" id=\"quform_66_4_aa67e0\" name=\"quform_66_4\" class=\"quform-field quform-field-text quform-field-66_4\" \/><\/div><\/div><\/div><\/div><div class=\"quform-element quform-element-text quform-element-66_5 quform-cf quform-element-required\"><div class=\"quform-spacer\"><div class=\"quform-label quform-label-66_5\"><label class=\"quform-label-text\" for=\"quform_66_5_aa67e0\">Strasse Nr. \/ Postfach <span class=\"quform-required\">*<\/span><\/label><\/div><div class=\"quform-inner quform-inner-text quform-inner-66_5\"><div class=\"quform-input quform-input-text quform-input-66_5 quform-cf\"><input type=\"text\" id=\"quform_66_5_aa67e0\" name=\"quform_66_5\" class=\"quform-field quform-field-text quform-field-66_5\" \/><\/div><\/div><\/div><\/div><div class=\"quform-element quform-element-row quform-element-row-66_6 quform-2-columns quform-element-row-size-fixed quform-responsive-columns-phone-landscape\"><div class=\"quform-element quform-element-column quform-element-66_7\"><div class=\"quform-element quform-element-text quform-element-66_9 quform-cf quform-element-required\"><div class=\"quform-spacer\"><div class=\"quform-label quform-label-66_9\"><label class=\"quform-label-text\" for=\"quform_66_9_aa67e0\">PLZ<span class=\"quform-required\">*<\/span><\/label><\/div><div class=\"quform-inner quform-inner-text quform-inner-66_9\"><div class=\"quform-input quform-input-text quform-input-66_9 quform-cf\"><input type=\"text\" id=\"quform_66_9_aa67e0\" name=\"quform_66_9\" class=\"quform-field quform-field-text quform-field-66_9\" \/><\/div><\/div><\/div><\/div><\/div><div class=\"quform-element quform-element-column quform-element-66_8\"><div class=\"quform-element quform-element-text quform-element-66_10 quform-cf quform-element-required\"><div class=\"quform-spacer\"><div class=\"quform-label quform-label-66_10\"><label class=\"quform-label-text\" for=\"quform_66_10_aa67e0\">Ort<span class=\"quform-required\">*<\/span><\/label><\/div><div class=\"quform-inner quform-inner-text quform-inner-66_10\"><div class=\"quform-input quform-input-text quform-input-66_10 quform-cf\"><input type=\"text\" id=\"quform_66_10_aa67e0\" name=\"quform_66_10\" class=\"quform-field quform-field-text quform-field-66_10\" \/><\/div><\/div><\/div><\/div><\/div><\/div><div class=\"quform-element quform-element-text quform-element-66_11 quform-cf quform-element-optional\"><div class=\"quform-spacer\"><div class=\"quform-label quform-label-66_11\"><label class=\"quform-label-text\" for=\"quform_66_11_aa67e0\">Abweichende Rechnungsadresse <\/label><\/div><div class=\"quform-inner quform-inner-text quform-inner-66_11\"><div class=\"quform-input quform-input-text quform-input-66_11 quform-cf\"><input type=\"text\" id=\"quform_66_11_aa67e0\" name=\"quform_66_11\" class=\"quform-field quform-field-text quform-field-66_11\" \/><\/div><\/div><\/div><\/div><div class=\"quform-element quform-element-text quform-element-66_12 quform-cf quform-element-required\"><div class=\"quform-spacer\"><div class=\"quform-label quform-label-66_12\"><label class=\"quform-label-text\" for=\"quform_66_12_aa67e0\">Telefonnummer<span class=\"quform-required\">*<\/span><\/label><\/div><div class=\"quform-inner quform-inner-text quform-inner-66_12\"><div class=\"quform-input quform-input-text quform-input-66_12 quform-cf\"><input type=\"text\" id=\"quform_66_12_aa67e0\" name=\"quform_66_12\" class=\"quform-field quform-field-text quform-field-66_12\" \/><\/div><\/div><\/div><\/div><div class=\"quform-element quform-element-text quform-element-66_13 quform-cf quform-element-required\"><div class=\"quform-spacer\"><div class=\"quform-label quform-label-66_13\"><label class=\"quform-label-text\" for=\"quform_66_13_aa67e0\">E-Mail-Adresse <span class=\"quform-required\">*<\/span><\/label><\/div><div class=\"quform-inner quform-inner-text quform-inner-66_13\"><div class=\"quform-input quform-input-text quform-input-66_13 quform-cf\"><input type=\"text\" id=\"quform_66_13_aa67e0\" name=\"quform_66_13\" class=\"quform-field quform-field-text quform-field-66_13\" \/><\/div><p class=\"quform-description quform-description-below\">Ihre E-Mail-Adresse wird als Benutzername f\u00fcr das Login zur Electrosuisse-Academy verwendet. <\/p><\/div><\/div><\/div><div class=\"quform-element quform-element-text quform-element-66_14 quform-cf quform-element-optional\"><div class=\"quform-spacer\"><div class=\"quform-label quform-label-66_14\"><label class=\"quform-label-text\" for=\"quform_66_14_aa67e0\">Bemerkungen, Mitteilungen<\/label><\/div><div class=\"quform-inner quform-inner-text quform-inner-66_14\"><div class=\"quform-input quform-input-text quform-input-66_14 quform-cf\"><input type=\"text\" id=\"quform_66_14_aa67e0\" name=\"quform_66_14\" class=\"quform-field quform-field-text quform-field-66_14\" \/><\/div><\/div><\/div><\/div><div class=\"quform-element quform-element-textarea quform-element-66_608459 quform-sr-only quform-cf\" style=\"clip: rect(1px, 1px, 1px, 1px); clip-path: inset(50%); position: absolute !important; height: 1px; width: 1px; overflow: hidden;\"><div class=\"quform-spacer\"><div class=\"quform-label quform-label-66_608459\"><label class=\"quform-label-text\" for=\"quform_66_608459_aa67e0\">Company Name<span class=\"quform-required\">*<\/span><\/label><\/div><div class=\"quform-inner quform-inner-66_608459\"><textarea id=\"quform_66_608459_aa67e0\" name=\"quform_66_608459\" class=\"quform-field quform-field-textarea quform-field-66_608459\" tabindex=\"-1\" autocomplete=\"new-password\"><\/textarea><\/div><\/div><\/div><div class=\"quform-element quform-element-submit quform-element-66_2 quform-cf quform-button-style-theme\"><div class=\"quform-button-submit quform-button-submit-default quform-button-submit-66_2\"><button name=\"quform_submit\" type=\"submit\" class=\"quform-submit\" value=\"submit\"><span class=\"quform-button-text quform-button-submit-text\">Absenden<\/span><\/button><\/div><div class=\"quform-loading quform-loading-position-left quform-loading-type-spinner-1\"><div class=\"quform-loading-inner\"><div class=\"quform-loading-spinner\"><div class=\"quform-loading-spinner-inner\"><\/div><\/div><\/div><\/div><\/div><\/div><\/div><\/div><\/div><\/form><\/div><\/div><\/div>[\/vc_column][\/vc_row]<\/p>\n<\/div>","protected":false},"excerpt":{"rendered":"<p>[vc_row][vc_column][\/vc_column][\/vc_row]<\/p>\n","protected":false},"author":38,"featured_media":0,"parent":0,"menu_order":11,"comment_status":"closed","ping_status":"closed","template":"","meta":{"_acf_changed":false,"_monsterinsights_skip_tracking":false,"_monsterinsights_sitenote_active":false,"_monsterinsights_sitenote_note":"","_monsterinsights_sitenote_category":0,"footnotes":""},"class_list":["post-39677","page","type-page","status-publish","hentry"],"acf":[],"yoast_head":"<!-- This site is optimized with the Yoast SEO Premium plugin v26.4 (Yoast SEO v27.0) - https:\/\/yoast.com\/product\/yoast-seo-premium-wordpress\/ -->\n<title>Anmeldung Zusatzangebot Onlinetraining: Sicherer Umgang mit elektrischen und optischen Gefahren in Kommunikationssystemen - Electrosuisse<\/title>\n<meta name=\"robots\" content=\"index, follow, max-snippet:-1, max-image-preview:large, max-video-preview:-1\" \/>\n<link rel=\"canonical\" href=\"https:\/\/www.electrosuisse.ch\/de\/anmeldung-kommunikationssysteme\/\" \/>\n<meta property=\"og:locale\" content=\"de_DE\" \/>\n<meta property=\"og:type\" content=\"article\" \/>\n<meta property=\"og:title\" content=\"Anmeldung Zusatzangebot Onlinetraining: Sicherer Umgang mit elektrischen und optischen Gefahren in Kommunikationssystemen - Electrosuisse\" \/>\n<meta property=\"og:description\" content=\"[vc_row][vc_column][\/vc_column][\/vc_row]\" \/>\n<meta property=\"og:url\" content=\"https:\/\/www.electrosuisse.ch\/de\/anmeldung-kommunikationssysteme\/\" \/>\n<meta property=\"og:site_name\" content=\"Electrosuisse\" \/>\n<meta property=\"article:modified_time\" content=\"2025-07-22T11:41:34+00:00\" \/>\n<meta property=\"og:image\" content=\"https:\/\/www.electrosuisse.ch\/wp-content\/uploads\/2022\/12\/Electrosuisse_Ueber_uns_1578x650.jpg\" \/>\n\t<meta property=\"og:image:width\" content=\"1578\" \/>\n\t<meta property=\"og:image:height\" content=\"650\" \/>\n\t<meta property=\"og:image:type\" content=\"image\/jpeg\" \/>\n<script type=\"application\/ld+json\" class=\"yoast-schema-graph\">{\"@context\":\"https:\/\/schema.org\",\"@graph\":[{\"@type\":\"WebPage\",\"@id\":\"https:\/\/www.electrosuisse.ch\/de\/anmeldung-kommunikationssysteme\/\",\"url\":\"https:\/\/www.electrosuisse.ch\/de\/anmeldung-kommunikationssysteme\/\",\"name\":\"Anmeldung Zusatzangebot Onlinetraining: Sicherer Umgang mit elektrischen und optischen Gefahren in Kommunikationssystemen - Electrosuisse\",\"isPartOf\":{\"@id\":\"https:\/\/www.electrosuisse.ch\/de\/#website\"},\"datePublished\":\"2025-07-22T11:40:29+00:00\",\"dateModified\":\"2025-07-22T11:41:34+00:00\",\"inLanguage\":\"de\",\"potentialAction\":[{\"@type\":\"ReadAction\",\"target\":[\"https:\/\/www.electrosuisse.ch\/de\/anmeldung-kommunikationssysteme\/\"]}]},{\"@type\":\"WebSite\",\"@id\":\"https:\/\/www.electrosuisse.ch\/de\/#website\",\"url\":\"https:\/\/www.electrosuisse.ch\/de\/\",\"name\":\"Electrosuisse\",\"description\":\"\",\"publisher\":{\"@id\":\"https:\/\/www.electrosuisse.ch\/de\/#organization\"},\"potentialAction\":[{\"@type\":\"SearchAction\",\"target\":{\"@type\":\"EntryPoint\",\"urlTemplate\":\"https:\/\/www.electrosuisse.ch\/de\/?s={search_term_string}\"},\"query-input\":{\"@type\":\"PropertyValueSpecification\",\"valueRequired\":true,\"valueName\":\"search_term_string\"}}],\"inLanguage\":\"de\"},{\"@type\":\"Organization\",\"@id\":\"https:\/\/www.electrosuisse.ch\/de\/#organization\",\"name\":\"Electrosuisse\",\"url\":\"https:\/\/www.electrosuisse.ch\/de\/\",\"logo\":{\"@type\":\"ImageObject\",\"inLanguage\":\"de\",\"@id\":\"https:\/\/www.electrosuisse.ch\/de\/#\/schema\/logo\/image\/\",\"url\":\"https:\/\/www.electrosuisse.ch\/wp-content\/uploads\/2025\/04\/Electrosuisse_Logo_696x696.png\",\"contentUrl\":\"https:\/\/www.electrosuisse.ch\/wp-content\/uploads\/2025\/04\/Electrosuisse_Logo_696x696.png\",\"width\":696,\"height\":696,\"caption\":\"Electrosuisse\"},\"image\":{\"@id\":\"https:\/\/www.electrosuisse.ch\/de\/#\/schema\/logo\/image\/\"},\"sameAs\":[\"https:\/\/www.linkedin.com\/company\/electrosuisse-ag\/posts\/?feedView=all\",\"https:\/\/www.instagram.com\/electrosuisse1889\/\",\"https:\/\/www.youtube.com\/channel\/UCoOxohMiVE0Gjcdis1L09zw\"],\"description\":\"Electrosuisse ist eine anerkannte und unabh\u00e4ngige Fachorganisation, die erstklassige Dienstleistungen und Produkte in den Bereichen Inspektion, Beratung, Pr\u00fcfung, Zertifizierung, Normung und Weiterbildung anbietet. Unsere Expertise umfasst Elektrotechnik, Elektromobilit\u00e4t, Energieberatung, Geb\u00e4udeautomation und Photovoltaik in der Schweiz. Durch die Veranstaltung etablierter Branchen-Events und Fachtagungen f\u00f6rdert Electrosuisse den Wissenstransfer und den fachlichen Austausch. Im Mittelpunkt unserer T\u00e4tigkeiten steht die F\u00f6rderung der sicheren, wirtschaftlichen und umweltgerechten Anwendung der Elektrotechnik.\"}]}<\/script>\n<!-- \/ Yoast SEO Premium plugin. -->","yoast_head_json":{"title":"Anmeldung Zusatzangebot Onlinetraining: Sicherer Umgang mit elektrischen und optischen Gefahren in Kommunikationssystemen - Electrosuisse","robots":{"index":"index","follow":"follow","max-snippet":"max-snippet:-1","max-image-preview":"max-image-preview:large","max-video-preview":"max-video-preview:-1"},"canonical":"https:\/\/www.electrosuisse.ch\/de\/anmeldung-kommunikationssysteme\/","og_locale":"de_DE","og_type":"article","og_title":"Anmeldung Zusatzangebot Onlinetraining: Sicherer Umgang mit elektrischen und optischen Gefahren in Kommunikationssystemen - Electrosuisse","og_description":"[vc_row][vc_column][\/vc_column][\/vc_row]","og_url":"https:\/\/www.electrosuisse.ch\/de\/anmeldung-kommunikationssysteme\/","og_site_name":"Electrosuisse","article_modified_time":"2025-07-22T11:41:34+00:00","og_image":[{"width":1578,"height":650,"url":"https:\/\/www.electrosuisse.ch\/wp-content\/uploads\/2022\/12\/Electrosuisse_Ueber_uns_1578x650.jpg","type":"image\/jpeg"}],"schema":{"@context":"https:\/\/schema.org","@graph":[{"@type":"WebPage","@id":"https:\/\/www.electrosuisse.ch\/de\/anmeldung-kommunikationssysteme\/","url":"https:\/\/www.electrosuisse.ch\/de\/anmeldung-kommunikationssysteme\/","name":"Anmeldung Zusatzangebot Onlinetraining: Sicherer Umgang mit elektrischen und optischen Gefahren in Kommunikationssystemen - Electrosuisse","isPartOf":{"@id":"https:\/\/www.electrosuisse.ch\/de\/#website"},"datePublished":"2025-07-22T11:40:29+00:00","dateModified":"2025-07-22T11:41:34+00:00","inLanguage":"de","potentialAction":[{"@type":"ReadAction","target":["https:\/\/www.electrosuisse.ch\/de\/anmeldung-kommunikationssysteme\/"]}]},{"@type":"WebSite","@id":"https:\/\/www.electrosuisse.ch\/de\/#website","url":"https:\/\/www.electrosuisse.ch\/de\/","name":"Electrosuisse","description":"","publisher":{"@id":"https:\/\/www.electrosuisse.ch\/de\/#organization"},"potentialAction":[{"@type":"SearchAction","target":{"@type":"EntryPoint","urlTemplate":"https:\/\/www.electrosuisse.ch\/de\/?s={search_term_string}"},"query-input":{"@type":"PropertyValueSpecification","valueRequired":true,"valueName":"search_term_string"}}],"inLanguage":"de"},{"@type":"Organization","@id":"https:\/\/www.electrosuisse.ch\/de\/#organization","name":"Electrosuisse","url":"https:\/\/www.electrosuisse.ch\/de\/","logo":{"@type":"ImageObject","inLanguage":"de","@id":"https:\/\/www.electrosuisse.ch\/de\/#\/schema\/logo\/image\/","url":"https:\/\/www.electrosuisse.ch\/wp-content\/uploads\/2025\/04\/Electrosuisse_Logo_696x696.png","contentUrl":"https:\/\/www.electrosuisse.ch\/wp-content\/uploads\/2025\/04\/Electrosuisse_Logo_696x696.png","width":696,"height":696,"caption":"Electrosuisse"},"image":{"@id":"https:\/\/www.electrosuisse.ch\/de\/#\/schema\/logo\/image\/"},"sameAs":["https:\/\/www.linkedin.com\/company\/electrosuisse-ag\/posts\/?feedView=all","https:\/\/www.instagram.com\/electrosuisse1889\/","https:\/\/www.youtube.com\/channel\/UCoOxohMiVE0Gjcdis1L09zw"],"description":"Electrosuisse ist eine anerkannte und unabh\u00e4ngige Fachorganisation, die erstklassige Dienstleistungen und Produkte in den Bereichen Inspektion, Beratung, Pr\u00fcfung, Zertifizierung, Normung und Weiterbildung anbietet. Unsere Expertise umfasst Elektrotechnik, Elektromobilit\u00e4t, Energieberatung, Geb\u00e4udeautomation und Photovoltaik in der Schweiz. Durch die Veranstaltung etablierter Branchen-Events und Fachtagungen f\u00f6rdert Electrosuisse den Wissenstransfer und den fachlichen Austausch. Im Mittelpunkt unserer T\u00e4tigkeiten steht die F\u00f6rderung der sicheren, wirtschaftlichen und umweltgerechten Anwendung der Elektrotechnik."}]}},"amp_enabled":true,"_links":{"self":[{"href":"https:\/\/www.electrosuisse.ch\/de\/wp-json\/wp\/v2\/pages\/39677","targetHints":{"allow":["GET"]}}],"collection":[{"href":"https:\/\/www.electrosuisse.ch\/de\/wp-json\/wp\/v2\/pages"}],"about":[{"href":"https:\/\/www.electrosuisse.ch\/de\/wp-json\/wp\/v2\/types\/page"}],"author":[{"embeddable":true,"href":"https:\/\/www.electrosuisse.ch\/de\/wp-json\/wp\/v2\/users\/38"}],"replies":[{"embeddable":true,"href":"https:\/\/www.electrosuisse.ch\/de\/wp-json\/wp\/v2\/comments?post=39677"}],"version-history":[{"count":1,"href":"https:\/\/www.electrosuisse.ch\/de\/wp-json\/wp\/v2\/pages\/39677\/revisions"}],"predecessor-version":[{"id":39678,"href":"https:\/\/www.electrosuisse.ch\/de\/wp-json\/wp\/v2\/pages\/39677\/revisions\/39678"}],"wp:attachment":[{"href":"https:\/\/www.electrosuisse.ch\/de\/wp-json\/wp\/v2\/media?parent=39677"}],"curies":[{"name":"wp","href":"https:\/\/api.w.org\/{rel}","templated":true}]}}