{"id":39506,"date":"2025-07-09T09:11:42","date_gmt":"2025-07-09T07:11:42","guid":{"rendered":"https:\/\/www.electrosuisse.ch\/?page_id=39506"},"modified":"2026-02-09T11:25:23","modified_gmt":"2026-02-09T10:25:23","slug":"gi","status":"publish","type":"page","link":"https:\/\/www.electrosuisse.ch\/de\/gi\/","title":{"rendered":"Anschlussbewilligung nach Art. 15 NIV &#8211; Spezialkurs f\u00fcr lernende Geb\u00e4udeinformatiker:innen"},"content":{"rendered":"<div class=\"wpb-content-wrapper\"><p>[vc_row][vc_column]<div class=\"wpb_form_column wpb_content_element\"><div class=\"wpb_wrapper test\"><div id=\"quform-d1a7bc\" class=\"quform quform-62 quform-support-page-caching\"><form id=\"quform-form-d1a7bc\" class=\"quform-form quform-form-62\" action=\"\/de\/wp-json\/wp\/v2\/pages\/39506#quform-d1a7bc\" method=\"post\" enctype=\"multipart\/form-data\" novalidate=\"novalidate\" data-options=\"{&quot;id&quot;:62,&quot;uniqueId&quot;:&quot;d1a7bc&quot;,&quot;theme&quot;:&quot;&quot;,&quot;ajax&quot;:true,&quot;logic&quot;:{&quot;logic&quot;:{&quot;17&quot;:{&quot;action&quot;:true,&quot;match&quot;:&quot;any&quot;,&quot;rules&quot;:[{&quot;elementId&quot;:&quot;16&quot;,&quot;operator&quot;:&quot;eq&quot;,&quot;optionId&quot;:&quot;2&quot;,&quot;value&quot;:&quot;Andere Rechnungsadresse&quot;}]}},&quot;dependents&quot;:{&quot;16&quot;:[17]},&quot;elementIds&quot;:[17],&quot;dependentElementIds&quot;:[&quot;16&quot;],&quot;animate&quot;:true},&quot;currentPageId&quot;:1,&quot;errorsIcon&quot;:&quot;&quot;,&quot;updateFancybox&quot;:true,&quot;hasPages&quot;:false,&quot;pages&quot;:[1],&quot;pageProgressType&quot;:&quot;numbers&quot;,&quot;tooltipsEnabled&quot;:true,&quot;tooltipClasses&quot;:&quot;qtip-quform-dark qtip-shadow&quot;,&quot;tooltipMy&quot;:&quot;left center&quot;,&quot;tooltipAt&quot;:&quot;right center&quot;,&quot;isRtl&quot;:false,&quot;scrollOffset&quot;:-50,&quot;scrollSpeed&quot;:800}\"><button class=\"quform-default-submit\" name=\"quform_submit\" type=\"submit\" value=\"submit\" aria-hidden=\"true\" tabindex=\"-1\"><\/button><div class=\"quform-form-inner quform-form-inner-62\"><input type=\"hidden\" name=\"quform_form_id\" value=\"62\" \/><input type=\"hidden\" name=\"quform_form_uid\" value=\"d1a7bc\" \/><input type=\"hidden\" name=\"quform_count\" value=\"1\" \/><input type=\"hidden\" name=\"form_url\" value=\"https:\/\/www.electrosuisse.ch\/de\/wp-json\/wp\/v2\/pages\/39506\" \/><input type=\"hidden\" name=\"referring_url\" value=\"\" \/><input type=\"hidden\" name=\"post_id\" value=\"\" \/><input type=\"hidden\" name=\"post_title\" value=\"\" \/><input type=\"hidden\" name=\"quform_current_page_id\" value=\"1\" \/><input type=\"hidden\" name=\"quform_loaded\" value=\"1776296907|4e49877f283a69f67b374245b530fae0\" \/><input type=\"hidden\" name=\"quform_csrf_token\" value=\"HQ4WzMY9jjdid1qegjBGFGnnG3NbitmK174bqRUn\" \/><div class=\"quform-form-title-description\"><h2 class=\"quform-form-title\">Anschlussbewilligung nach Art. 15 NIV - Spezialkurs f\u00fcr lernende Geb\u00e4udeinformatiker:innen EFZ <\/h2><\/div><div class=\"quform-elements quform-elements-62 quform-cf quform-responsive-elements-phone-landscape\"><div class=\"quform-element quform-element-page quform-page-1 quform-page-62_1 quform-cf quform-group-style-plain quform-first-page quform-last-page quform-current-page\"><div class=\"quform-child-elements\"><div class=\"quform-element quform-element-name quform-element-62_19 quform-cf quform-element-required\"><div class=\"quform-spacer\"><div class=\"quform-label quform-label-62_19\"><label class=\"quform-label-text\" id=\"quform_62_19_d1a7bc_label\">Name<span class=\"quform-required\">*<\/span><\/label><\/div><div class=\"quform-inner quform-inner-name quform-inner-62_19\"><div class=\"quform-input quform-input-name quform-input-62_19 quform-cf\"><div class=\"quform-element-row quform-3-columns quform-element-row-size-fixed quform-responsive-columns-phone-landscape\"><div class=\"quform-element-column\"><div class=\"quform-element quform-element-select quform-element-62_19_1 quform-cf quform-element-required\"><div class=\"quform-spacer\"><div class=\"quform-inner quform-inner-select quform-inner-62_19_1\"><div class=\"quform-input quform-input-select quform-input-62_19_1 quform-cf\"><select id=\"quform_62_19_1_d1a7bc\" name=\"quform_62_19[1]\" class=\"quform-field quform-field-select quform-field-62_19_1\" aria-labelledby=\"quform_62_19_d1a7bc_label quform_62_19_1_d1a7bc_sub_label_below\"><option value=\"\" selected=\"selected\">Bitte ausw\u00e4hlen<\/option><option value=\"Frau\">Frau<\/option><option value=\"Herr\">Herr<\/option><\/select><\/div><label id=\"quform_62_19_1_d1a7bc_sub_label_below\" class=\"quform-sub-label quform-sub-label-below\">Anrede<\/label><\/div><\/div><\/div><\/div><div class=\"quform-element-column\"><div class=\"quform-element quform-element-text quform-element-62_19_2 quform-cf quform-element-optional\"><div class=\"quform-spacer\"><div class=\"quform-inner quform-inner-text quform-inner-62_19_2\"><div class=\"quform-input quform-input-text quform-input-62_19_2 quform-cf\"><input type=\"text\" id=\"quform_62_19_2_d1a7bc\" name=\"quform_62_19[2]\" class=\"quform-field quform-field-text quform-field-62_19_2\" aria-labelledby=\"quform_62_19_d1a7bc_label quform_62_19_2_d1a7bc_sub_label_below\" \/><\/div><label id=\"quform_62_19_2_d1a7bc_sub_label_below\" class=\"quform-sub-label quform-sub-label-below\">Vorname<\/label><\/div><\/div><\/div><\/div><div class=\"quform-element-column\"><div class=\"quform-element quform-element-text quform-element-62_19_4 quform-cf quform-element-optional\"><div class=\"quform-spacer\"><div class=\"quform-inner quform-inner-text quform-inner-62_19_4\"><div class=\"quform-input quform-input-text quform-input-62_19_4 quform-cf\"><input type=\"text\" id=\"quform_62_19_4_d1a7bc\" name=\"quform_62_19[4]\" class=\"quform-field quform-field-text quform-field-62_19_4\" aria-labelledby=\"quform_62_19_d1a7bc_label quform_62_19_4_d1a7bc_sub_label_below\" \/><\/div><label id=\"quform_62_19_4_d1a7bc_sub_label_below\" class=\"quform-sub-label quform-sub-label-below\">Name<\/label><\/div><\/div><\/div><\/div><\/div><\/div><\/div><\/div><\/div><div class=\"quform-element quform-element-textarea quform-element-62_970510 quform-sr-only quform-cf\" style=\"clip: rect(1px, 1px, 1px, 1px); clip-path: inset(50%); position: absolute !important; height: 1px; width: 1px; overflow: hidden;\"><div class=\"quform-spacer\"><div class=\"quform-label quform-label-62_970510\"><label class=\"quform-label-text\" for=\"quform_62_970510_d1a7bc\">Contact Email<span class=\"quform-required\">*<\/span><\/label><\/div><div class=\"quform-inner quform-inner-62_970510\"><textarea id=\"quform_62_970510_d1a7bc\" name=\"quform_62_970510\" class=\"quform-field quform-field-textarea quform-field-62_970510\" tabindex=\"-1\" autocomplete=\"new-password\"><\/textarea><\/div><\/div><\/div><div class=\"quform-element quform-element-text quform-element-62_10 quform-cf quform-element-required\"><div class=\"quform-spacer\"><div class=\"quform-label quform-label-62_10\"><label class=\"quform-label-text\" for=\"quform_62_10_d1a7bc\">E-Mail-Adresse<span class=\"quform-required\">*<\/span><\/label><\/div><div class=\"quform-inner quform-inner-text quform-inner-62_10\"><div class=\"quform-input quform-input-text quform-input-62_10 quform-cf\"><input type=\"text\" id=\"quform_62_10_d1a7bc\" name=\"quform_62_10\" class=\"quform-field quform-field-text quform-field-62_10\" \/><\/div><\/div><\/div><\/div><div class=\"quform-element quform-element-text quform-element-62_11 quform-cf quform-element-required\"><div class=\"quform-spacer\"><div class=\"quform-label quform-label-62_11\"><label class=\"quform-label-text\" for=\"quform_62_11_d1a7bc\">Lehrfirma<span class=\"quform-required\">*<\/span><\/label><\/div><div class=\"quform-inner quform-inner-text quform-inner-62_11\"><div class=\"quform-input quform-input-text quform-input-62_11 quform-cf\"><input type=\"text\" id=\"quform_62_11_d1a7bc\" name=\"quform_62_11\" class=\"quform-field quform-field-text quform-field-62_11\" \/><\/div><\/div><\/div><\/div><div class=\"quform-element quform-element-text quform-element-62_12 quform-cf quform-element-required\"><div class=\"quform-spacer\"><div class=\"quform-label quform-label-62_12\"><label class=\"quform-label-text\" for=\"quform_62_12_d1a7bc\">Adresse Lehrfirma<span class=\"quform-required\">*<\/span><\/label><\/div><div class=\"quform-inner quform-inner-text quform-inner-62_12\"><div class=\"quform-input quform-input-text quform-input-62_12 quform-cf\"><input type=\"text\" id=\"quform_62_12_d1a7bc\" name=\"quform_62_12\" class=\"quform-field quform-field-text quform-field-62_12\" \/><\/div><\/div><\/div><\/div><div class=\"quform-element quform-element-row quform-element-row-62_30 quform-2-columns quform-element-row-size-fixed quform-responsive-columns-phone-landscape\"><div class=\"quform-element quform-element-column quform-element-62_31\"><div class=\"quform-element quform-element-text quform-element-62_33 quform-cf quform-element-required\"><div class=\"quform-spacer\"><div class=\"quform-label quform-label-62_33\"><label class=\"quform-label-text\" for=\"quform_62_33_d1a7bc\">PLZ<span class=\"quform-required\">*<\/span><\/label><\/div><div class=\"quform-inner quform-inner-text quform-inner-62_33\"><div class=\"quform-input quform-input-text quform-input-62_33 quform-cf\"><input type=\"text\" id=\"quform_62_33_d1a7bc\" name=\"quform_62_33\" class=\"quform-field quform-field-text quform-field-62_33\" \/><\/div><\/div><\/div><\/div><\/div><div class=\"quform-element quform-element-column quform-element-62_32\"><div class=\"quform-element quform-element-text quform-element-62_34 quform-cf quform-element-required\"><div class=\"quform-spacer\"><div class=\"quform-label quform-label-62_34\"><label class=\"quform-label-text\" for=\"quform_62_34_d1a7bc\">Ort<span class=\"quform-required\">*<\/span><\/label><\/div><div class=\"quform-inner quform-inner-text quform-inner-62_34\"><div class=\"quform-input quform-input-text quform-input-62_34 quform-cf\"><input type=\"text\" id=\"quform_62_34_d1a7bc\" name=\"quform_62_34\" class=\"quform-field quform-field-text quform-field-62_34\" \/><\/div><\/div><\/div><\/div><\/div><\/div><div class=\"quform-element quform-element-radio quform-element-62_28 quform-cf quform-element-required\"><div class=\"quform-spacer\"><div class=\"quform-label quform-label-62_28\"><label class=\"quform-label-text\" id=\"quform_62_28_d1a7bc_label\">Lehrbeginn<span class=\"quform-required\">*<\/span><\/label><\/div><div class=\"quform-inner quform-inner-radio quform-inner-62_28\"><div class=\"quform-input quform-input-radio quform-input-62_28 quform-cf\"><div class=\"quform-options quform-cf quform-options-block quform-options-simple\" role=\"radiogroup\" aria-labelledby=\"quform_62_28_d1a7bc_label\"><div class=\"quform-option\"><input type=\"radio\" name=\"quform_62_28\" id=\"quform_62_28_d1a7bc_1\" class=\"quform-field quform-field-radio quform-field-62_28 quform-field-62_28_1\" value=\"2022\" \/><label for=\"quform_62_28_d1a7bc_1\" class=\"quform-option-label quform-option-label-62_28_1\"><span class=\"quform-option-text\">2022<\/span><\/label><\/div><div class=\"quform-option\"><input type=\"radio\" name=\"quform_62_28\" id=\"quform_62_28_d1a7bc_2\" class=\"quform-field quform-field-radio quform-field-62_28 quform-field-62_28_2\" value=\"2023\" \/><label for=\"quform_62_28_d1a7bc_2\" class=\"quform-option-label quform-option-label-62_28_2\"><span class=\"quform-option-text\">2023<\/span><\/label><\/div><div class=\"quform-option\"><input type=\"radio\" name=\"quform_62_28\" id=\"quform_62_28_d1a7bc_6\" class=\"quform-field quform-field-radio quform-field-62_28 quform-field-62_28_6\" value=\"2024\" \/><label for=\"quform_62_28_d1a7bc_6\" class=\"quform-option-label quform-option-label-62_28_6\"><span class=\"quform-option-text\">2024<\/span><\/label><\/div><\/div><\/div><\/div><\/div><\/div><div class=\"quform-element quform-element-radio quform-element-62_16 quform-cf quform-element-required\"><div class=\"quform-spacer\"><div class=\"quform-label quform-label-62_16\"><label class=\"quform-label-text\" id=\"quform_62_16_d1a7bc_label\">Rechnungsadresse<span class=\"quform-required\">*<\/span><\/label><\/div><div class=\"quform-inner quform-inner-radio quform-inner-62_16\"><div class=\"quform-input quform-input-radio quform-input-62_16 quform-cf\"><div class=\"quform-options quform-cf quform-options-block quform-options-simple\" role=\"radiogroup\" aria-labelledby=\"quform_62_16_d1a7bc_label\"><div class=\"quform-option\"><input type=\"radio\" name=\"quform_62_16\" id=\"quform_62_16_d1a7bc_1\" class=\"quform-field quform-field-radio quform-field-62_16 quform-field-62_16_1\" value=\"Identisch mit Lehrfirma\" \/><label for=\"quform_62_16_d1a7bc_1\" class=\"quform-option-label quform-option-label-62_16_1\"><span class=\"quform-option-text\">Identisch mit Lehrfirma<\/span><\/label><\/div><div class=\"quform-option\"><input type=\"radio\" name=\"quform_62_16\" id=\"quform_62_16_d1a7bc_2\" class=\"quform-field quform-field-radio quform-field-62_16 quform-field-62_16_2\" value=\"Andere Rechnungsadresse\" \/><label for=\"quform_62_16_d1a7bc_2\" class=\"quform-option-label quform-option-label-62_16_2\"><span class=\"quform-option-text\">Andere Rechnungsadresse<\/span><\/label><\/div><\/div><\/div><\/div><\/div><\/div><div class=\"quform-element quform-element-text quform-element-62_17 quform-cf quform-element-optional\"><div class=\"quform-spacer\"><div class=\"quform-label quform-label-62_17\"><label class=\"quform-label-text\" for=\"quform_62_17_d1a7bc\">Andere Rechnungsadresse, falls abweichend von Adresse Lehrfirma<\/label><\/div><div class=\"quform-inner quform-inner-text quform-inner-62_17\"><div class=\"quform-input quform-input-text quform-input-62_17 quform-cf\"><input type=\"text\" id=\"quform_62_17_d1a7bc\" name=\"quform_62_17\" class=\"quform-field quform-field-text quform-field-62_17\" \/><\/div><\/div><\/div><\/div><div class=\"quform-element quform-element-radio quform-element-62_22 quform-cf quform-element-required\"><div class=\"quform-spacer\"><div class=\"quform-label quform-label-62_22\"><label class=\"quform-label-text\" id=\"quform_62_22_d1a7bc_label\">Datum<span class=\"quform-required\">*<\/span><\/label><\/div><div class=\"quform-inner quform-inner-radio quform-inner-62_22\"><div class=\"quform-input quform-input-radio quform-input-62_22 quform-cf\"><div class=\"quform-options quform-cf quform-options-block quform-options-simple\" role=\"radiogroup\" aria-labelledby=\"quform_62_22_d1a7bc_label\"><div class=\"quform-option\"><input type=\"radio\" name=\"quform_62_22\" id=\"quform_62_22_d1a7bc_1\" class=\"quform-field quform-field-radio quform-field-62_22 quform-field-62_22_1\" value=\"26.\/27.\/28. Oktober 2026 und 23. November 2026 (Kompetenznachweis)\" \/><label for=\"quform_62_22_d1a7bc_1\" class=\"quform-option-label quform-option-label-62_22_1\"><span class=\"quform-option-text\">26.\/27.\/28. Oktober 2026 und 23. November 2026 (Kompetenznachweis)<\/span><\/label><\/div><div class=\"quform-option\"><input type=\"radio\" name=\"quform_62_22\" id=\"quform_62_22_d1a7bc_4\" class=\"quform-field quform-field-radio quform-field-62_22 quform-field-62_22_4\" value=\"4.\/5.\/6. November 2026 und 27. November 2026 (Kompetenznachweis)\" \/><label for=\"quform_62_22_d1a7bc_4\" class=\"quform-option-label quform-option-label-62_22_4\"><span class=\"quform-option-text\">4.\/5.\/6. November 2026 und 27. November 2026 (Kompetenznachweis)<\/span><\/label><\/div><\/div><\/div><\/div><\/div><\/div><div class=\"quform-element quform-element-radio quform-element-62_25 quform-cf quform-element-required\"><div class=\"quform-spacer\"><div class=\"quform-label quform-label-62_25\"><label class=\"quform-label-text\" id=\"quform_62_25_d1a7bc_label\">Verbindliche Anmeldung<span class=\"quform-required\">*<\/span><\/label><\/div><div class=\"quform-inner quform-inner-radio quform-inner-62_25\"><div class=\"quform-input quform-input-radio quform-input-62_25 quform-cf\"><div class=\"quform-options quform-cf quform-options-block quform-options-simple\" role=\"radiogroup\" aria-labelledby=\"quform_62_25_d1a7bc_label\"><div class=\"quform-option\"><input type=\"radio\" name=\"quform_62_25\" id=\"quform_62_25_d1a7bc_1\" class=\"quform-field quform-field-radio quform-field-62_25 quform-field-62_25_1\" value=\"Ich melde mich verbindlich und kostenpflichtig f\u00fcr den gew\u00e4hlten Kurs an\" \/><label for=\"quform_62_25_d1a7bc_1\" class=\"quform-option-label quform-option-label-62_25_1\"><span class=\"quform-option-text\">Ich melde mich verbindlich und kostenpflichtig f\u00fcr den gew\u00e4hlten Kurs an<\/span><\/label><\/div><\/div><\/div><\/div><\/div><\/div><div class=\"quform-element quform-element-submit quform-element-62_2 quform-cf quform-button-style-theme\"><div class=\"quform-button-submit quform-button-submit-default quform-button-submit-62_2\"><button name=\"quform_submit\" type=\"submit\" class=\"quform-submit\" value=\"submit\"><span class=\"quform-button-text quform-button-submit-text\">Absenden<\/span><\/button><\/div><div class=\"quform-loading quform-loading-position-left quform-loading-type-spinner-1\"><div class=\"quform-loading-inner\"><div class=\"quform-loading-spinner\"><div class=\"quform-loading-spinner-inner\"><\/div><\/div><\/div><\/div><\/div><\/div><\/div><\/div><\/div><\/form><\/div><\/div><\/div>[\/vc_column][\/vc_row]<\/p>\n<\/div>","protected":false},"excerpt":{"rendered":"<p>[vc_row][vc_column][\/vc_column][\/vc_row]<\/p>\n","protected":false},"author":38,"featured_media":0,"parent":0,"menu_order":13,"comment_status":"closed","ping_status":"closed","template":"","meta":{"_acf_changed":false,"_monsterinsights_skip_tracking":false,"_monsterinsights_sitenote_active":false,"_monsterinsights_sitenote_note":"","_monsterinsights_sitenote_category":0,"footnotes":""},"class_list":["post-39506","page","type-page","status-publish","hentry"],"acf":[],"yoast_head":"<!-- This site is optimized with the Yoast SEO Premium plugin v26.4 (Yoast SEO v27.0) - https:\/\/yoast.com\/product\/yoast-seo-premium-wordpress\/ -->\n<title>Anschlussbewilligung nach Art. 15 NIV - Spezialkurs f\u00fcr lernende Geb\u00e4udeinformatiker:innen - Electrosuisse<\/title>\n<meta name=\"robots\" content=\"index, follow, max-snippet:-1, max-image-preview:large, max-video-preview:-1\" \/>\n<link rel=\"canonical\" href=\"https:\/\/www.electrosuisse.ch\/de\/gi\/\" \/>\n<meta property=\"og:locale\" content=\"de_DE\" \/>\n<meta property=\"og:type\" content=\"article\" \/>\n<meta property=\"og:title\" content=\"Anschlussbewilligung nach Art. 15 NIV - Spezialkurs f\u00fcr lernende Geb\u00e4udeinformatiker:innen - Electrosuisse\" \/>\n<meta property=\"og:description\" content=\"[vc_row][vc_column][\/vc_column][\/vc_row]\" \/>\n<meta property=\"og:url\" content=\"https:\/\/www.electrosuisse.ch\/de\/gi\/\" \/>\n<meta property=\"og:site_name\" content=\"Electrosuisse\" \/>\n<meta property=\"article:modified_time\" content=\"2026-02-09T10:25:23+00:00\" \/>\n<meta property=\"og:image\" content=\"https:\/\/www.electrosuisse.ch\/wp-content\/uploads\/2022\/12\/Electrosuisse_Ueber_uns_1578x650.jpg\" \/>\n\t<meta property=\"og:image:width\" content=\"1578\" \/>\n\t<meta property=\"og:image:height\" content=\"650\" \/>\n\t<meta property=\"og:image:type\" content=\"image\/jpeg\" \/>\n<script type=\"application\/ld+json\" class=\"yoast-schema-graph\">{\"@context\":\"https:\/\/schema.org\",\"@graph\":[{\"@type\":\"WebPage\",\"@id\":\"https:\/\/www.electrosuisse.ch\/de\/gi\/\",\"url\":\"https:\/\/www.electrosuisse.ch\/de\/gi\/\",\"name\":\"Anschlussbewilligung nach Art. 15 NIV - Spezialkurs f\u00fcr lernende Geb\u00e4udeinformatiker:innen - Electrosuisse\",\"isPartOf\":{\"@id\":\"https:\/\/www.electrosuisse.ch\/de\/#website\"},\"datePublished\":\"2025-07-09T07:11:42+00:00\",\"dateModified\":\"2026-02-09T10:25:23+00:00\",\"inLanguage\":\"de\",\"potentialAction\":[{\"@type\":\"ReadAction\",\"target\":[\"https:\/\/www.electrosuisse.ch\/de\/gi\/\"]}]},{\"@type\":\"WebSite\",\"@id\":\"https:\/\/www.electrosuisse.ch\/de\/#website\",\"url\":\"https:\/\/www.electrosuisse.ch\/de\/\",\"name\":\"Electrosuisse\",\"description\":\"\",\"publisher\":{\"@id\":\"https:\/\/www.electrosuisse.ch\/de\/#organization\"},\"potentialAction\":[{\"@type\":\"SearchAction\",\"target\":{\"@type\":\"EntryPoint\",\"urlTemplate\":\"https:\/\/www.electrosuisse.ch\/de\/?s={search_term_string}\"},\"query-input\":{\"@type\":\"PropertyValueSpecification\",\"valueRequired\":true,\"valueName\":\"search_term_string\"}}],\"inLanguage\":\"de\"},{\"@type\":\"Organization\",\"@id\":\"https:\/\/www.electrosuisse.ch\/de\/#organization\",\"name\":\"Electrosuisse\",\"url\":\"https:\/\/www.electrosuisse.ch\/de\/\",\"logo\":{\"@type\":\"ImageObject\",\"inLanguage\":\"de\",\"@id\":\"https:\/\/www.electrosuisse.ch\/de\/#\/schema\/logo\/image\/\",\"url\":\"https:\/\/www.electrosuisse.ch\/wp-content\/uploads\/2025\/04\/Electrosuisse_Logo_696x696.png\",\"contentUrl\":\"https:\/\/www.electrosuisse.ch\/wp-content\/uploads\/2025\/04\/Electrosuisse_Logo_696x696.png\",\"width\":696,\"height\":696,\"caption\":\"Electrosuisse\"},\"image\":{\"@id\":\"https:\/\/www.electrosuisse.ch\/de\/#\/schema\/logo\/image\/\"},\"sameAs\":[\"https:\/\/www.linkedin.com\/company\/electrosuisse-ag\/posts\/?feedView=all\",\"https:\/\/www.instagram.com\/electrosuisse1889\/\",\"https:\/\/www.youtube.com\/channel\/UCoOxohMiVE0Gjcdis1L09zw\"],\"description\":\"Electrosuisse ist eine anerkannte und unabh\u00e4ngige Fachorganisation, die erstklassige Dienstleistungen und Produkte in den Bereichen Inspektion, Beratung, Pr\u00fcfung, Zertifizierung, Normung und Weiterbildung anbietet. Unsere Expertise umfasst Elektrotechnik, Elektromobilit\u00e4t, Energieberatung, Geb\u00e4udeautomation und Photovoltaik in der Schweiz. Durch die Veranstaltung etablierter Branchen-Events und Fachtagungen f\u00f6rdert Electrosuisse den Wissenstransfer und den fachlichen Austausch. Im Mittelpunkt unserer T\u00e4tigkeiten steht die F\u00f6rderung der sicheren, wirtschaftlichen und umweltgerechten Anwendung der Elektrotechnik.\"}]}<\/script>\n<!-- \/ Yoast SEO Premium plugin. -->","yoast_head_json":{"title":"Anschlussbewilligung nach Art. 15 NIV - Spezialkurs f\u00fcr lernende Geb\u00e4udeinformatiker:innen - Electrosuisse","robots":{"index":"index","follow":"follow","max-snippet":"max-snippet:-1","max-image-preview":"max-image-preview:large","max-video-preview":"max-video-preview:-1"},"canonical":"https:\/\/www.electrosuisse.ch\/de\/gi\/","og_locale":"de_DE","og_type":"article","og_title":"Anschlussbewilligung nach Art. 15 NIV - Spezialkurs f\u00fcr lernende Geb\u00e4udeinformatiker:innen - Electrosuisse","og_description":"[vc_row][vc_column][\/vc_column][\/vc_row]","og_url":"https:\/\/www.electrosuisse.ch\/de\/gi\/","og_site_name":"Electrosuisse","article_modified_time":"2026-02-09T10:25:23+00:00","og_image":[{"width":1578,"height":650,"url":"https:\/\/www.electrosuisse.ch\/wp-content\/uploads\/2022\/12\/Electrosuisse_Ueber_uns_1578x650.jpg","type":"image\/jpeg"}],"schema":{"@context":"https:\/\/schema.org","@graph":[{"@type":"WebPage","@id":"https:\/\/www.electrosuisse.ch\/de\/gi\/","url":"https:\/\/www.electrosuisse.ch\/de\/gi\/","name":"Anschlussbewilligung nach Art. 15 NIV - Spezialkurs f\u00fcr lernende Geb\u00e4udeinformatiker:innen - Electrosuisse","isPartOf":{"@id":"https:\/\/www.electrosuisse.ch\/de\/#website"},"datePublished":"2025-07-09T07:11:42+00:00","dateModified":"2026-02-09T10:25:23+00:00","inLanguage":"de","potentialAction":[{"@type":"ReadAction","target":["https:\/\/www.electrosuisse.ch\/de\/gi\/"]}]},{"@type":"WebSite","@id":"https:\/\/www.electrosuisse.ch\/de\/#website","url":"https:\/\/www.electrosuisse.ch\/de\/","name":"Electrosuisse","description":"","publisher":{"@id":"https:\/\/www.electrosuisse.ch\/de\/#organization"},"potentialAction":[{"@type":"SearchAction","target":{"@type":"EntryPoint","urlTemplate":"https:\/\/www.electrosuisse.ch\/de\/?s={search_term_string}"},"query-input":{"@type":"PropertyValueSpecification","valueRequired":true,"valueName":"search_term_string"}}],"inLanguage":"de"},{"@type":"Organization","@id":"https:\/\/www.electrosuisse.ch\/de\/#organization","name":"Electrosuisse","url":"https:\/\/www.electrosuisse.ch\/de\/","logo":{"@type":"ImageObject","inLanguage":"de","@id":"https:\/\/www.electrosuisse.ch\/de\/#\/schema\/logo\/image\/","url":"https:\/\/www.electrosuisse.ch\/wp-content\/uploads\/2025\/04\/Electrosuisse_Logo_696x696.png","contentUrl":"https:\/\/www.electrosuisse.ch\/wp-content\/uploads\/2025\/04\/Electrosuisse_Logo_696x696.png","width":696,"height":696,"caption":"Electrosuisse"},"image":{"@id":"https:\/\/www.electrosuisse.ch\/de\/#\/schema\/logo\/image\/"},"sameAs":["https:\/\/www.linkedin.com\/company\/electrosuisse-ag\/posts\/?feedView=all","https:\/\/www.instagram.com\/electrosuisse1889\/","https:\/\/www.youtube.com\/channel\/UCoOxohMiVE0Gjcdis1L09zw"],"description":"Electrosuisse ist eine anerkannte und unabh\u00e4ngige Fachorganisation, die erstklassige Dienstleistungen und Produkte in den Bereichen Inspektion, Beratung, Pr\u00fcfung, Zertifizierung, Normung und Weiterbildung anbietet. Unsere Expertise umfasst Elektrotechnik, Elektromobilit\u00e4t, Energieberatung, Geb\u00e4udeautomation und Photovoltaik in der Schweiz. Durch die Veranstaltung etablierter Branchen-Events und Fachtagungen f\u00f6rdert Electrosuisse den Wissenstransfer und den fachlichen Austausch. Im Mittelpunkt unserer T\u00e4tigkeiten steht die F\u00f6rderung der sicheren, wirtschaftlichen und umweltgerechten Anwendung der Elektrotechnik."}]}},"amp_enabled":true,"_links":{"self":[{"href":"https:\/\/www.electrosuisse.ch\/de\/wp-json\/wp\/v2\/pages\/39506","targetHints":{"allow":["GET"]}}],"collection":[{"href":"https:\/\/www.electrosuisse.ch\/de\/wp-json\/wp\/v2\/pages"}],"about":[{"href":"https:\/\/www.electrosuisse.ch\/de\/wp-json\/wp\/v2\/types\/page"}],"author":[{"embeddable":true,"href":"https:\/\/www.electrosuisse.ch\/de\/wp-json\/wp\/v2\/users\/38"}],"replies":[{"embeddable":true,"href":"https:\/\/www.electrosuisse.ch\/de\/wp-json\/wp\/v2\/comments?post=39506"}],"version-history":[{"count":1,"href":"https:\/\/www.electrosuisse.ch\/de\/wp-json\/wp\/v2\/pages\/39506\/revisions"}],"predecessor-version":[{"id":39507,"href":"https:\/\/www.electrosuisse.ch\/de\/wp-json\/wp\/v2\/pages\/39506\/revisions\/39507"}],"wp:attachment":[{"href":"https:\/\/www.electrosuisse.ch\/de\/wp-json\/wp\/v2\/media?parent=39506"}],"curies":[{"name":"wp","href":"https:\/\/api.w.org\/{rel}","templated":true}]}}