{"id":39193,"date":"2025-06-12T14:04:27","date_gmt":"2025-06-12T12:04:27","guid":{"rendered":"https:\/\/www.electrosuisse.ch\/?page_id=39193"},"modified":"2025-06-12T14:04:27","modified_gmt":"2025-06-12T12:04:27","slug":"anfrage-med-kurs","status":"publish","type":"page","link":"https:\/\/www.electrosuisse.ch\/de\/veranstaltungen\/firmenkurse\/anfrage-med-kurs\/","title":{"rendered":"Anfrage Instandhaltung und Pr\u00fcfung elektrischer Medizinalger\u00e4te"},"content":{"rendered":"<div class=\"wpb-content-wrapper\"><p>[vc_row][vc_column]<div class=\"wpb_form_column wpb_content_element\"><div class=\"wpb_wrapper test\"><div id=\"quform-1d16d4\" class=\"quform quform-61 quform-support-page-caching\"><form id=\"quform-form-1d16d4\" class=\"quform-form quform-form-61\" action=\"\/de\/wp-json\/wp\/v2\/pages\/39193#quform-1d16d4\" method=\"post\" enctype=\"multipart\/form-data\" novalidate=\"novalidate\" data-options=\"{&quot;id&quot;:61,&quot;uniqueId&quot;:&quot;1d16d4&quot;,&quot;theme&quot;:&quot;&quot;,&quot;ajax&quot;:true,&quot;logic&quot;:{&quot;logic&quot;:[],&quot;dependents&quot;:[],&quot;elementIds&quot;:[],&quot;dependentElementIds&quot;:[],&quot;animate&quot;:true},&quot;currentPageId&quot;:1,&quot;errorsIcon&quot;:&quot;&quot;,&quot;updateFancybox&quot;:true,&quot;hasPages&quot;:false,&quot;pages&quot;:[1],&quot;pageProgressType&quot;:&quot;numbers&quot;,&quot;tooltipsEnabled&quot;:true,&quot;tooltipClasses&quot;:&quot;qtip-quform-dark qtip-shadow&quot;,&quot;tooltipMy&quot;:&quot;left center&quot;,&quot;tooltipAt&quot;:&quot;right center&quot;,&quot;isRtl&quot;:false,&quot;scrollOffset&quot;:-50,&quot;scrollSpeed&quot;:800}\"><button class=\"quform-default-submit\" name=\"quform_submit\" type=\"submit\" value=\"submit\" aria-hidden=\"true\" tabindex=\"-1\"><\/button><div class=\"quform-form-inner quform-form-inner-61\"><input type=\"hidden\" name=\"quform_form_id\" value=\"61\" \/><input type=\"hidden\" name=\"quform_form_uid\" value=\"1d16d4\" \/><input type=\"hidden\" name=\"quform_count\" value=\"1\" \/><input type=\"hidden\" name=\"form_url\" value=\"https:\/\/www.electrosuisse.ch\/de\/wp-json\/wp\/v2\/pages\/39193\" \/><input type=\"hidden\" name=\"referring_url\" value=\"\" \/><input type=\"hidden\" name=\"post_id\" value=\"\" \/><input type=\"hidden\" name=\"post_title\" value=\"\" \/><input type=\"hidden\" name=\"quform_current_page_id\" value=\"1\" \/><input type=\"hidden\" name=\"quform_loaded\" value=\"1775854129|71a9ac563b80ed2fdfda674933a7ef90\" \/><input type=\"hidden\" name=\"quform_csrf_token\" value=\"mQqj7E3jUEBNTXQUwcdQfs1QLWj06npVd9ia32RR\" \/><div class=\"quform-form-title-description\"><h2 class=\"quform-form-title\">Anfrage Instandhaltung und Pr\u00fcfung elektrischer Medizinalger\u00e4te<\/h2><\/div><div class=\"quform-elements quform-elements-61 quform-cf quform-responsive-elements-phone-landscape\"><div class=\"quform-element quform-element-page quform-page-1 quform-page-61_1 quform-cf quform-group-style-plain quform-first-page quform-last-page quform-current-page\"><div class=\"quform-child-elements\"><div class=\"quform-element quform-element-text quform-element-61_6 quform-cf quform-element-optional\"><div class=\"quform-spacer\"><div class=\"quform-label quform-label-61_6\"><label class=\"quform-label-text\" for=\"quform_61_6_1d16d4\">Terminwunsch (Zeitraum)<\/label><\/div><div class=\"quform-inner quform-inner-text quform-inner-61_6\"><div class=\"quform-input quform-input-text quform-input-61_6 quform-cf\"><input type=\"text\" id=\"quform_61_6_1d16d4\" name=\"quform_61_6\" class=\"quform-field quform-field-text quform-field-61_6\" \/><\/div><\/div><\/div><\/div><div class=\"quform-element quform-element-select quform-element-61_8 quform-cf quform-element-optional\"><div class=\"quform-spacer\"><div class=\"quform-label quform-label-61_8\"><label class=\"quform-label-text\" for=\"quform_61_8_1d16d4\">Anrede<\/label><\/div><div class=\"quform-inner quform-inner-select quform-inner-61_8\"><div class=\"quform-input quform-input-select quform-input-61_8 quform-cf\"><select id=\"quform_61_8_1d16d4\" name=\"quform_61_8\" class=\"quform-field quform-field-select quform-field-61_8\"><option value=\"\" selected=\"selected\">Bitte w\u00e4hlen<\/option><option value=\"Herr\">Herr<\/option><option value=\"Frau\">Frau<\/option><\/select><\/div><\/div><\/div><\/div><div class=\"quform-element quform-element-name quform-element-61_10 quform-cf quform-element-required\"><div class=\"quform-spacer\"><div class=\"quform-label quform-label-61_10\"><label class=\"quform-label-text\" id=\"quform_61_10_1d16d4_label\">Name<span class=\"quform-required\">*<\/span><\/label><\/div><div class=\"quform-inner quform-inner-name quform-inner-61_10\"><div class=\"quform-input quform-input-name quform-input-61_10 quform-cf\"><div class=\"quform-element-row quform-2-columns quform-element-row-size-fixed quform-responsive-columns-phone-landscape\"><div class=\"quform-element-column\"><div class=\"quform-element quform-element-text quform-element-61_10_2 quform-cf quform-element-required\"><div class=\"quform-spacer\"><div class=\"quform-inner quform-inner-text quform-inner-61_10_2\"><div class=\"quform-input quform-input-text quform-input-61_10_2 quform-cf\"><input type=\"text\" id=\"quform_61_10_2_1d16d4\" name=\"quform_61_10[2]\" class=\"quform-field quform-field-text quform-field-61_10_2\" aria-labelledby=\"quform_61_10_1d16d4_label quform_61_10_2_1d16d4_sub_label_below\" \/><\/div><label id=\"quform_61_10_2_1d16d4_sub_label_below\" class=\"quform-sub-label quform-sub-label-below\">Vorname<\/label><\/div><\/div><\/div><\/div><div class=\"quform-element-column\"><div class=\"quform-element quform-element-text quform-element-61_10_4 quform-cf quform-element-required\"><div class=\"quform-spacer\"><div class=\"quform-inner quform-inner-text quform-inner-61_10_4\"><div class=\"quform-input quform-input-text quform-input-61_10_4 quform-cf\"><input type=\"text\" id=\"quform_61_10_4_1d16d4\" name=\"quform_61_10[4]\" class=\"quform-field quform-field-text quform-field-61_10_4\" aria-labelledby=\"quform_61_10_1d16d4_label quform_61_10_4_1d16d4_sub_label_below\" \/><\/div><label id=\"quform_61_10_4_1d16d4_sub_label_below\" class=\"quform-sub-label quform-sub-label-below\">Nachname<\/label><\/div><\/div><\/div><\/div><\/div><\/div><\/div><\/div><\/div><div class=\"quform-element quform-element-textarea quform-element-61_362763 quform-sr-only quform-cf\" style=\"clip: rect(1px, 1px, 1px, 1px); clip-path: inset(50%); position: absolute !important; height: 1px; width: 1px; overflow: hidden;\"><div class=\"quform-spacer\"><div class=\"quform-label quform-label-61_362763\"><label class=\"quform-label-text\" for=\"quform_61_362763_1d16d4\">Phone Number<span class=\"quform-required\">*<\/span><\/label><\/div><div class=\"quform-inner quform-inner-61_362763\"><textarea id=\"quform_61_362763_1d16d4\" name=\"quform_61_362763\" class=\"quform-field quform-field-textarea quform-field-61_362763\" tabindex=\"-1\" autocomplete=\"new-password\"><\/textarea><\/div><\/div><\/div><div class=\"quform-element quform-element-text quform-element-61_9 quform-cf quform-element-required\"><div class=\"quform-spacer\"><div class=\"quform-label quform-label-61_9\"><label class=\"quform-label-text\" for=\"quform_61_9_1d16d4\">Firma<span class=\"quform-required\">*<\/span><\/label><\/div><div class=\"quform-inner quform-inner-text quform-inner-61_9\"><div class=\"quform-input quform-input-text quform-input-61_9 quform-cf\"><input type=\"text\" id=\"quform_61_9_1d16d4\" name=\"quform_61_9\" class=\"quform-field quform-field-text quform-field-61_9\" \/><\/div><\/div><\/div><\/div><div class=\"quform-element quform-element-text quform-element-61_14 quform-cf quform-element-required\"><div class=\"quform-spacer\"><div class=\"quform-label quform-label-61_14\"><label class=\"quform-label-text\" for=\"quform_61_14_1d16d4\">Strasse Nr. \/ Postfach<span class=\"quform-required\">*<\/span><\/label><\/div><div class=\"quform-inner quform-inner-text quform-inner-61_14\"><div class=\"quform-input quform-input-text quform-input-61_14 quform-cf\"><input type=\"text\" id=\"quform_61_14_1d16d4\" name=\"quform_61_14\" class=\"quform-field quform-field-text quform-field-61_14\" \/><\/div><\/div><\/div><\/div><div class=\"quform-element quform-element-text quform-element-61_15 quform-cf quform-element-required\"><div class=\"quform-spacer\"><div class=\"quform-label quform-label-61_15\"><label class=\"quform-label-text\" for=\"quform_61_15_1d16d4\">PLZ<span class=\"quform-required\">*<\/span><\/label><\/div><div class=\"quform-inner quform-inner-text quform-inner-61_15\"><div class=\"quform-input quform-input-text quform-input-61_15 quform-cf\"><input type=\"text\" id=\"quform_61_15_1d16d4\" name=\"quform_61_15\" class=\"quform-field quform-field-text quform-field-61_15\" \/><\/div><\/div><\/div><\/div><div class=\"quform-element quform-element-text quform-element-61_16 quform-cf quform-element-required\"><div class=\"quform-spacer\"><div class=\"quform-label quform-label-61_16\"><label class=\"quform-label-text\" for=\"quform_61_16_1d16d4\">Ort<span class=\"quform-required\">*<\/span><\/label><\/div><div class=\"quform-inner quform-inner-text quform-inner-61_16\"><div class=\"quform-input quform-input-text quform-input-61_16 quform-cf\"><input type=\"text\" id=\"quform_61_16_1d16d4\" name=\"quform_61_16\" class=\"quform-field quform-field-text quform-field-61_16\" \/><\/div><\/div><\/div><\/div><div class=\"quform-element quform-element-text quform-element-61_12 quform-cf quform-element-required\"><div class=\"quform-spacer\"><div class=\"quform-label quform-label-61_12\"><label class=\"quform-label-text\" for=\"quform_61_12_1d16d4\">Telefonnummer<span class=\"quform-required\">*<\/span><\/label><\/div><div class=\"quform-inner quform-inner-text quform-inner-61_12\"><div class=\"quform-input quform-input-text quform-input-61_12 quform-cf\"><input type=\"text\" id=\"quform_61_12_1d16d4\" name=\"quform_61_12\" class=\"quform-field quform-field-text quform-field-61_12\" \/><\/div><\/div><\/div><\/div><div class=\"quform-element quform-element-email quform-element-61_11 quform-cf quform-element-required\"><div class=\"quform-spacer\"><div class=\"quform-label quform-label-61_11\"><label class=\"quform-label-text\" for=\"quform_61_11_1d16d4\">E-Mail-Adresse<span class=\"quform-required\">*<\/span><\/label><\/div><div class=\"quform-inner quform-inner-email quform-inner-61_11\"><div class=\"quform-input quform-input-email quform-input-61_11 quform-cf\"><input type=\"email\" id=\"quform_61_11_1d16d4\" name=\"quform_61_11\" class=\"quform-field quform-field-email quform-field-61_11\" \/><\/div><\/div><\/div><\/div><div class=\"quform-element quform-element-textarea quform-element-61_13 quform-cf quform-element-optional\"><div class=\"quform-spacer\"><div class=\"quform-label quform-label-61_13\"><label class=\"quform-label-text\" for=\"quform_61_13_1d16d4\">Bermerkungen, Mitteilungen<\/label><\/div><div class=\"quform-inner quform-inner-textarea quform-inner-61_13\"><div class=\"quform-input quform-input-textarea quform-input-61_13 quform-cf\"><textarea id=\"quform_61_13_1d16d4\" name=\"quform_61_13\" class=\"quform-field quform-field-textarea quform-field-61_13\"><\/textarea><\/div><\/div><\/div><\/div><div class=\"quform-element quform-element-submit quform-element-61_2 quform-cf quform-button-style-theme\"><div class=\"quform-button-submit quform-button-submit-default quform-button-submit-61_2\"><button name=\"quform_submit\" type=\"submit\" class=\"quform-submit\" value=\"submit\"><span class=\"quform-button-text quform-button-submit-text\">Absenden<\/span><\/button><\/div><div class=\"quform-loading quform-loading-position-left quform-loading-type-spinner-1\"><div class=\"quform-loading-inner\"><div class=\"quform-loading-spinner\"><div class=\"quform-loading-spinner-inner\"><\/div><\/div><\/div><\/div><\/div><\/div><\/div><\/div><\/div><\/form><\/div><\/div><\/div>[\/vc_column][\/vc_row]<\/p>\n<\/div>","protected":false},"excerpt":{"rendered":"<p>[vc_row][vc_column][\/vc_column][\/vc_row]<\/p>\n","protected":false},"author":38,"featured_media":0,"parent":4814,"menu_order":175,"comment_status":"closed","ping_status":"closed","template":"","meta":{"_acf_changed":false,"_monsterinsights_skip_tracking":false,"_monsterinsights_sitenote_active":false,"_monsterinsights_sitenote_note":"","_monsterinsights_sitenote_category":0,"footnotes":""},"class_list":["post-39193","page","type-page","status-publish","hentry"],"acf":[],"yoast_head":"<!-- This site is optimized with the Yoast SEO Premium plugin v26.4 (Yoast SEO v27.0) - https:\/\/yoast.com\/product\/yoast-seo-premium-wordpress\/ -->\n<title>Anfrage Instandhaltung und Pr\u00fcfung elektrischer Medizinalger\u00e4te - Electrosuisse<\/title>\n<meta name=\"description\" content=\"Praxisnaher Fachkurs zur normgerechten Instandhaltung und Sicherheitspr\u00fcfung medizinischer elektrischer Ger\u00e4te gem\u00e4ss EN 62353 \u2013 mit Fokus auf gesetzliche Vorgaben, praktische Messungen und elektrische Sicherheit.\" \/>\n<meta name=\"robots\" content=\"index, follow, max-snippet:-1, max-image-preview:large, max-video-preview:-1\" \/>\n<link rel=\"canonical\" href=\"https:\/\/www.electrosuisse.ch\/de\/veranstaltungen\/firmenkurse\/anfrage-med-kurs\/\" \/>\n<meta property=\"og:locale\" content=\"de_DE\" \/>\n<meta property=\"og:type\" content=\"article\" \/>\n<meta property=\"og:title\" content=\"Anfrage Instandhaltung und Pr\u00fcfung elektrischer Medizinalger\u00e4te - Electrosuisse\" \/>\n<meta property=\"og:description\" content=\"Praxisnaher Fachkurs zur normgerechten Instandhaltung und Sicherheitspr\u00fcfung medizinischer elektrischer Ger\u00e4te gem\u00e4ss EN 62353 \u2013 mit Fokus auf gesetzliche Vorgaben, praktische Messungen und elektrische Sicherheit.\" \/>\n<meta property=\"og:url\" content=\"https:\/\/www.electrosuisse.ch\/de\/veranstaltungen\/firmenkurse\/anfrage-med-kurs\/\" \/>\n<meta property=\"og:site_name\" content=\"Electrosuisse\" \/>\n<meta property=\"og:image\" content=\"https:\/\/www.electrosuisse.ch\/wp-content\/uploads\/2022\/12\/Electrosuisse_Ueber_uns_1578x650.jpg\" \/>\n\t<meta property=\"og:image:width\" content=\"1578\" \/>\n\t<meta property=\"og:image:height\" content=\"650\" \/>\n\t<meta property=\"og:image:type\" content=\"image\/jpeg\" \/>\n<script type=\"application\/ld+json\" class=\"yoast-schema-graph\">{\"@context\":\"https:\/\/schema.org\",\"@graph\":[{\"@type\":\"WebPage\",\"@id\":\"https:\/\/www.electrosuisse.ch\/de\/veranstaltungen\/firmenkurse\/anfrage-med-kurs\/\",\"url\":\"https:\/\/www.electrosuisse.ch\/de\/veranstaltungen\/firmenkurse\/anfrage-med-kurs\/\",\"name\":\"Anfrage Instandhaltung und Pr\u00fcfung elektrischer Medizinalger\u00e4te - Electrosuisse\",\"isPartOf\":{\"@id\":\"https:\/\/www.electrosuisse.ch\/de\/#website\"},\"datePublished\":\"2025-06-12T12:04:27+00:00\",\"description\":\"Praxisnaher Fachkurs zur normgerechten Instandhaltung und Sicherheitspr\u00fcfung medizinischer elektrischer Ger\u00e4te gem\u00e4ss EN 62353 \u2013 mit Fokus auf gesetzliche Vorgaben, praktische Messungen und elektrische Sicherheit.\",\"breadcrumb\":{\"@id\":\"https:\/\/www.electrosuisse.ch\/de\/veranstaltungen\/firmenkurse\/anfrage-med-kurs\/#breadcrumb\"},\"inLanguage\":\"de\",\"potentialAction\":[{\"@type\":\"ReadAction\",\"target\":[\"https:\/\/www.electrosuisse.ch\/de\/veranstaltungen\/firmenkurse\/anfrage-med-kurs\/\"]}]},{\"@type\":\"BreadcrumbList\",\"@id\":\"https:\/\/www.electrosuisse.ch\/de\/veranstaltungen\/firmenkurse\/anfrage-med-kurs\/#breadcrumb\",\"itemListElement\":[{\"@type\":\"ListItem\",\"position\":1,\"name\":\"Veranstaltungen\",\"item\":\"https:\/\/www.electrosuisse.ch\/de\/veranstaltungen\/\"},{\"@type\":\"ListItem\",\"position\":2,\"name\":\"Firmenkurse\",\"item\":\"https:\/\/www.electrosuisse.ch\/de\/veranstaltungen\/firmenkurse\/\"},{\"@type\":\"ListItem\",\"position\":3,\"name\":\"Anfrage Instandhaltung und Pr\u00fcfung elektrischer Medizinalger\u00e4te\"}]},{\"@type\":\"WebSite\",\"@id\":\"https:\/\/www.electrosuisse.ch\/de\/#website\",\"url\":\"https:\/\/www.electrosuisse.ch\/de\/\",\"name\":\"Electrosuisse\",\"description\":\"\",\"publisher\":{\"@id\":\"https:\/\/www.electrosuisse.ch\/de\/#organization\"},\"potentialAction\":[{\"@type\":\"SearchAction\",\"target\":{\"@type\":\"EntryPoint\",\"urlTemplate\":\"https:\/\/www.electrosuisse.ch\/de\/?s={search_term_string}\"},\"query-input\":{\"@type\":\"PropertyValueSpecification\",\"valueRequired\":true,\"valueName\":\"search_term_string\"}}],\"inLanguage\":\"de\"},{\"@type\":\"Organization\",\"@id\":\"https:\/\/www.electrosuisse.ch\/de\/#organization\",\"name\":\"Electrosuisse\",\"url\":\"https:\/\/www.electrosuisse.ch\/de\/\",\"logo\":{\"@type\":\"ImageObject\",\"inLanguage\":\"de\",\"@id\":\"https:\/\/www.electrosuisse.ch\/de\/#\/schema\/logo\/image\/\",\"url\":\"https:\/\/www.electrosuisse.ch\/wp-content\/uploads\/2025\/04\/Electrosuisse_Logo_696x696.png\",\"contentUrl\":\"https:\/\/www.electrosuisse.ch\/wp-content\/uploads\/2025\/04\/Electrosuisse_Logo_696x696.png\",\"width\":696,\"height\":696,\"caption\":\"Electrosuisse\"},\"image\":{\"@id\":\"https:\/\/www.electrosuisse.ch\/de\/#\/schema\/logo\/image\/\"},\"sameAs\":[\"https:\/\/www.linkedin.com\/company\/electrosuisse-ag\/posts\/?feedView=all\",\"https:\/\/www.instagram.com\/electrosuisse1889\/\",\"https:\/\/www.youtube.com\/channel\/UCoOxohMiVE0Gjcdis1L09zw\"],\"description\":\"Electrosuisse ist eine anerkannte und unabh\u00e4ngige Fachorganisation, die erstklassige Dienstleistungen und Produkte in den Bereichen Inspektion, Beratung, Pr\u00fcfung, Zertifizierung, Normung und Weiterbildung anbietet. Unsere Expertise umfasst Elektrotechnik, Elektromobilit\u00e4t, Energieberatung, Geb\u00e4udeautomation und Photovoltaik in der Schweiz. Durch die Veranstaltung etablierter Branchen-Events und Fachtagungen f\u00f6rdert Electrosuisse den Wissenstransfer und den fachlichen Austausch. Im Mittelpunkt unserer T\u00e4tigkeiten steht die F\u00f6rderung der sicheren, wirtschaftlichen und umweltgerechten Anwendung der Elektrotechnik.\"}]}<\/script>\n<!-- \/ Yoast SEO Premium plugin. -->","yoast_head_json":{"title":"Anfrage Instandhaltung und Pr\u00fcfung elektrischer Medizinalger\u00e4te - Electrosuisse","description":"Praxisnaher Fachkurs zur normgerechten Instandhaltung und Sicherheitspr\u00fcfung medizinischer elektrischer Ger\u00e4te gem\u00e4ss EN 62353 \u2013 mit Fokus auf gesetzliche Vorgaben, praktische Messungen und elektrische Sicherheit.","robots":{"index":"index","follow":"follow","max-snippet":"max-snippet:-1","max-image-preview":"max-image-preview:large","max-video-preview":"max-video-preview:-1"},"canonical":"https:\/\/www.electrosuisse.ch\/de\/veranstaltungen\/firmenkurse\/anfrage-med-kurs\/","og_locale":"de_DE","og_type":"article","og_title":"Anfrage Instandhaltung und Pr\u00fcfung elektrischer Medizinalger\u00e4te - Electrosuisse","og_description":"Praxisnaher Fachkurs zur normgerechten Instandhaltung und Sicherheitspr\u00fcfung medizinischer elektrischer Ger\u00e4te gem\u00e4ss EN 62353 \u2013 mit Fokus auf gesetzliche Vorgaben, praktische Messungen und elektrische Sicherheit.","og_url":"https:\/\/www.electrosuisse.ch\/de\/veranstaltungen\/firmenkurse\/anfrage-med-kurs\/","og_site_name":"Electrosuisse","og_image":[{"width":1578,"height":650,"url":"https:\/\/www.electrosuisse.ch\/wp-content\/uploads\/2022\/12\/Electrosuisse_Ueber_uns_1578x650.jpg","type":"image\/jpeg"}],"schema":{"@context":"https:\/\/schema.org","@graph":[{"@type":"WebPage","@id":"https:\/\/www.electrosuisse.ch\/de\/veranstaltungen\/firmenkurse\/anfrage-med-kurs\/","url":"https:\/\/www.electrosuisse.ch\/de\/veranstaltungen\/firmenkurse\/anfrage-med-kurs\/","name":"Anfrage Instandhaltung und Pr\u00fcfung elektrischer Medizinalger\u00e4te - Electrosuisse","isPartOf":{"@id":"https:\/\/www.electrosuisse.ch\/de\/#website"},"datePublished":"2025-06-12T12:04:27+00:00","description":"Praxisnaher Fachkurs zur normgerechten Instandhaltung und Sicherheitspr\u00fcfung medizinischer elektrischer Ger\u00e4te gem\u00e4ss EN 62353 \u2013 mit Fokus auf gesetzliche Vorgaben, praktische Messungen und elektrische Sicherheit.","breadcrumb":{"@id":"https:\/\/www.electrosuisse.ch\/de\/veranstaltungen\/firmenkurse\/anfrage-med-kurs\/#breadcrumb"},"inLanguage":"de","potentialAction":[{"@type":"ReadAction","target":["https:\/\/www.electrosuisse.ch\/de\/veranstaltungen\/firmenkurse\/anfrage-med-kurs\/"]}]},{"@type":"BreadcrumbList","@id":"https:\/\/www.electrosuisse.ch\/de\/veranstaltungen\/firmenkurse\/anfrage-med-kurs\/#breadcrumb","itemListElement":[{"@type":"ListItem","position":1,"name":"Veranstaltungen","item":"https:\/\/www.electrosuisse.ch\/de\/veranstaltungen\/"},{"@type":"ListItem","position":2,"name":"Firmenkurse","item":"https:\/\/www.electrosuisse.ch\/de\/veranstaltungen\/firmenkurse\/"},{"@type":"ListItem","position":3,"name":"Anfrage Instandhaltung und Pr\u00fcfung elektrischer Medizinalger\u00e4te"}]},{"@type":"WebSite","@id":"https:\/\/www.electrosuisse.ch\/de\/#website","url":"https:\/\/www.electrosuisse.ch\/de\/","name":"Electrosuisse","description":"","publisher":{"@id":"https:\/\/www.electrosuisse.ch\/de\/#organization"},"potentialAction":[{"@type":"SearchAction","target":{"@type":"EntryPoint","urlTemplate":"https:\/\/www.electrosuisse.ch\/de\/?s={search_term_string}"},"query-input":{"@type":"PropertyValueSpecification","valueRequired":true,"valueName":"search_term_string"}}],"inLanguage":"de"},{"@type":"Organization","@id":"https:\/\/www.electrosuisse.ch\/de\/#organization","name":"Electrosuisse","url":"https:\/\/www.electrosuisse.ch\/de\/","logo":{"@type":"ImageObject","inLanguage":"de","@id":"https:\/\/www.electrosuisse.ch\/de\/#\/schema\/logo\/image\/","url":"https:\/\/www.electrosuisse.ch\/wp-content\/uploads\/2025\/04\/Electrosuisse_Logo_696x696.png","contentUrl":"https:\/\/www.electrosuisse.ch\/wp-content\/uploads\/2025\/04\/Electrosuisse_Logo_696x696.png","width":696,"height":696,"caption":"Electrosuisse"},"image":{"@id":"https:\/\/www.electrosuisse.ch\/de\/#\/schema\/logo\/image\/"},"sameAs":["https:\/\/www.linkedin.com\/company\/electrosuisse-ag\/posts\/?feedView=all","https:\/\/www.instagram.com\/electrosuisse1889\/","https:\/\/www.youtube.com\/channel\/UCoOxohMiVE0Gjcdis1L09zw"],"description":"Electrosuisse ist eine anerkannte und unabh\u00e4ngige Fachorganisation, die erstklassige Dienstleistungen und Produkte in den Bereichen Inspektion, Beratung, Pr\u00fcfung, Zertifizierung, Normung und Weiterbildung anbietet. Unsere Expertise umfasst Elektrotechnik, Elektromobilit\u00e4t, Energieberatung, Geb\u00e4udeautomation und Photovoltaik in der Schweiz. Durch die Veranstaltung etablierter Branchen-Events und Fachtagungen f\u00f6rdert Electrosuisse den Wissenstransfer und den fachlichen Austausch. Im Mittelpunkt unserer T\u00e4tigkeiten steht die F\u00f6rderung der sicheren, wirtschaftlichen und umweltgerechten Anwendung der Elektrotechnik."}]}},"amp_enabled":true,"_links":{"self":[{"href":"https:\/\/www.electrosuisse.ch\/de\/wp-json\/wp\/v2\/pages\/39193","targetHints":{"allow":["GET"]}}],"collection":[{"href":"https:\/\/www.electrosuisse.ch\/de\/wp-json\/wp\/v2\/pages"}],"about":[{"href":"https:\/\/www.electrosuisse.ch\/de\/wp-json\/wp\/v2\/types\/page"}],"author":[{"embeddable":true,"href":"https:\/\/www.electrosuisse.ch\/de\/wp-json\/wp\/v2\/users\/38"}],"replies":[{"embeddable":true,"href":"https:\/\/www.electrosuisse.ch\/de\/wp-json\/wp\/v2\/comments?post=39193"}],"version-history":[{"count":1,"href":"https:\/\/www.electrosuisse.ch\/de\/wp-json\/wp\/v2\/pages\/39193\/revisions"}],"predecessor-version":[{"id":39194,"href":"https:\/\/www.electrosuisse.ch\/de\/wp-json\/wp\/v2\/pages\/39193\/revisions\/39194"}],"up":[{"embeddable":true,"href":"https:\/\/www.electrosuisse.ch\/de\/wp-json\/wp\/v2\/pages\/4814"}],"wp:attachment":[{"href":"https:\/\/www.electrosuisse.ch\/de\/wp-json\/wp\/v2\/media?parent=39193"}],"curies":[{"name":"wp","href":"https:\/\/api.w.org\/{rel}","templated":true}]}}