{"id":39191,"date":"2025-06-12T14:02:39","date_gmt":"2025-06-12T12:02:39","guid":{"rendered":"https:\/\/www.electrosuisse.ch\/?page_id=39191"},"modified":"2025-06-12T14:02:39","modified_gmt":"2025-06-12T12:02:39","slug":"anfrage-nin-kurs","status":"publish","type":"page","link":"https:\/\/www.electrosuisse.ch\/de\/veranstaltungen\/firmenkurse\/anfrage-nin-kurs\/","title":{"rendered":"Anfrage NIN-Firmenkurs"},"content":{"rendered":"<div class=\"wpb-content-wrapper\"><p>[vc_row][vc_column]<div class=\"wpb_form_column wpb_content_element\"><div class=\"wpb_wrapper test\"><div id=\"quform-2a3c4c\" class=\"quform quform-60 quform-support-page-caching\"><form id=\"quform-form-2a3c4c\" class=\"quform-form quform-form-60\" action=\"\/de\/wp-json\/wp\/v2\/pages\/39191#quform-2a3c4c\" method=\"post\" enctype=\"multipart\/form-data\" novalidate=\"novalidate\" data-options=\"{&quot;id&quot;:60,&quot;uniqueId&quot;:&quot;2a3c4c&quot;,&quot;theme&quot;:&quot;&quot;,&quot;ajax&quot;:true,&quot;logic&quot;:{&quot;logic&quot;:[],&quot;dependents&quot;:[],&quot;elementIds&quot;:[],&quot;dependentElementIds&quot;:[],&quot;animate&quot;:true},&quot;currentPageId&quot;:1,&quot;errorsIcon&quot;:&quot;&quot;,&quot;updateFancybox&quot;:true,&quot;hasPages&quot;:false,&quot;pages&quot;:[1],&quot;pageProgressType&quot;:&quot;numbers&quot;,&quot;tooltipsEnabled&quot;:true,&quot;tooltipClasses&quot;:&quot;qtip-quform-dark qtip-shadow&quot;,&quot;tooltipMy&quot;:&quot;left center&quot;,&quot;tooltipAt&quot;:&quot;right center&quot;,&quot;isRtl&quot;:false,&quot;scrollOffset&quot;:-50,&quot;scrollSpeed&quot;:800}\"><button class=\"quform-default-submit\" name=\"quform_submit\" type=\"submit\" value=\"submit\" aria-hidden=\"true\" tabindex=\"-1\"><\/button><div class=\"quform-form-inner quform-form-inner-60\"><input type=\"hidden\" name=\"quform_form_id\" value=\"60\" \/><input type=\"hidden\" name=\"quform_form_uid\" value=\"2a3c4c\" \/><input type=\"hidden\" name=\"quform_count\" value=\"1\" \/><input type=\"hidden\" name=\"form_url\" value=\"https:\/\/www.electrosuisse.ch\/de\/wp-json\/wp\/v2\/pages\/39191\" \/><input type=\"hidden\" name=\"referring_url\" value=\"\" \/><input type=\"hidden\" name=\"post_id\" value=\"\" \/><input type=\"hidden\" name=\"post_title\" value=\"\" \/><input type=\"hidden\" name=\"quform_current_page_id\" value=\"1\" \/><input type=\"hidden\" name=\"quform_loaded\" value=\"1775854072|9d93a081c6024a455e3f14760d0ef4ba\" \/><input type=\"hidden\" name=\"quform_csrf_token\" value=\"BLQP5CNBf9hase58CYNj84kZz112tuKdZ9d5Qvm0\" \/><div class=\"quform-form-title-description\"><h2 class=\"quform-form-title\">Anfrage NIN-Firmenkurs<\/h2><\/div><div class=\"quform-elements quform-elements-60 quform-cf quform-responsive-elements-phone-landscape\"><div class=\"quform-element quform-element-page quform-page-1 quform-page-60_1 quform-cf quform-group-style-plain quform-first-page quform-last-page quform-current-page\"><div class=\"quform-child-elements\"><div class=\"quform-element quform-element-text quform-element-60_6 quform-cf quform-element-optional\"><div class=\"quform-spacer\"><div class=\"quform-label quform-label-60_6\"><label class=\"quform-label-text\" for=\"quform_60_6_2a3c4c\">Terminwunsch (Zeitraum)<\/label><\/div><div class=\"quform-inner quform-inner-text quform-inner-60_6\"><div class=\"quform-input quform-input-text quform-input-60_6 quform-cf\"><input type=\"text\" id=\"quform_60_6_2a3c4c\" name=\"quform_60_6\" class=\"quform-field quform-field-text quform-field-60_6\" \/><\/div><\/div><\/div><\/div><div class=\"quform-element quform-element-select quform-element-60_8 quform-cf quform-element-optional\"><div class=\"quform-spacer\"><div class=\"quform-label quform-label-60_8\"><label class=\"quform-label-text\" for=\"quform_60_8_2a3c4c\">Anrede<\/label><\/div><div class=\"quform-inner quform-inner-select quform-inner-60_8\"><div class=\"quform-input quform-input-select quform-input-60_8 quform-cf\"><select id=\"quform_60_8_2a3c4c\" name=\"quform_60_8\" class=\"quform-field quform-field-select quform-field-60_8\"><option value=\"\" selected=\"selected\">Bitte w\u00e4hlen<\/option><option value=\"Herr\">Herr<\/option><option value=\"Frau\">Frau<\/option><\/select><\/div><\/div><\/div><\/div><div class=\"quform-element quform-element-name quform-element-60_10 quform-cf quform-element-required\"><div class=\"quform-spacer\"><div class=\"quform-label quform-label-60_10\"><label class=\"quform-label-text\" id=\"quform_60_10_2a3c4c_label\">Name<span class=\"quform-required\">*<\/span><\/label><\/div><div class=\"quform-inner quform-inner-name quform-inner-60_10\"><div class=\"quform-input quform-input-name quform-input-60_10 quform-cf\"><div class=\"quform-element-row quform-2-columns quform-element-row-size-fixed quform-responsive-columns-phone-landscape\"><div class=\"quform-element-column\"><div class=\"quform-element quform-element-text quform-element-60_10_2 quform-cf quform-element-required\"><div class=\"quform-spacer\"><div class=\"quform-inner quform-inner-text quform-inner-60_10_2\"><div class=\"quform-input quform-input-text quform-input-60_10_2 quform-cf\"><input type=\"text\" id=\"quform_60_10_2_2a3c4c\" name=\"quform_60_10[2]\" class=\"quform-field quform-field-text quform-field-60_10_2\" aria-labelledby=\"quform_60_10_2a3c4c_label quform_60_10_2_2a3c4c_sub_label_below\" \/><\/div><label id=\"quform_60_10_2_2a3c4c_sub_label_below\" class=\"quform-sub-label quform-sub-label-below\">Vorname<\/label><\/div><\/div><\/div><\/div><div class=\"quform-element-column\"><div class=\"quform-element quform-element-text quform-element-60_10_4 quform-cf quform-element-required\"><div class=\"quform-spacer\"><div class=\"quform-inner quform-inner-text quform-inner-60_10_4\"><div class=\"quform-input quform-input-text quform-input-60_10_4 quform-cf\"><input type=\"text\" id=\"quform_60_10_4_2a3c4c\" name=\"quform_60_10[4]\" class=\"quform-field quform-field-text quform-field-60_10_4\" aria-labelledby=\"quform_60_10_2a3c4c_label quform_60_10_4_2a3c4c_sub_label_below\" \/><\/div><label id=\"quform_60_10_4_2a3c4c_sub_label_below\" class=\"quform-sub-label quform-sub-label-below\">Nachname<\/label><\/div><\/div><\/div><\/div><\/div><\/div><\/div><\/div><\/div><div class=\"quform-element quform-element-text quform-element-60_9 quform-cf quform-element-required\"><div class=\"quform-spacer\"><div class=\"quform-label quform-label-60_9\"><label class=\"quform-label-text\" for=\"quform_60_9_2a3c4c\">Firma<span class=\"quform-required\">*<\/span><\/label><\/div><div class=\"quform-inner quform-inner-text quform-inner-60_9\"><div class=\"quform-input quform-input-text quform-input-60_9 quform-cf\"><input type=\"text\" id=\"quform_60_9_2a3c4c\" name=\"quform_60_9\" class=\"quform-field quform-field-text quform-field-60_9\" \/><\/div><\/div><\/div><\/div><div class=\"quform-element quform-element-text quform-element-60_14 quform-cf quform-element-required\"><div class=\"quform-spacer\"><div class=\"quform-label quform-label-60_14\"><label class=\"quform-label-text\" for=\"quform_60_14_2a3c4c\">Strasse Nr. \/ Postfach<span class=\"quform-required\">*<\/span><\/label><\/div><div class=\"quform-inner quform-inner-text quform-inner-60_14\"><div class=\"quform-input quform-input-text quform-input-60_14 quform-cf\"><input type=\"text\" id=\"quform_60_14_2a3c4c\" name=\"quform_60_14\" class=\"quform-field quform-field-text quform-field-60_14\" \/><\/div><\/div><\/div><\/div><div class=\"quform-element quform-element-textarea quform-element-60_870135 quform-sr-only quform-cf\" style=\"clip: rect(1px, 1px, 1px, 1px); clip-path: inset(50%); position: absolute !important; height: 1px; width: 1px; overflow: hidden;\"><div class=\"quform-spacer\"><div class=\"quform-label quform-label-60_870135\"><label class=\"quform-label-text\" for=\"quform_60_870135_2a3c4c\">Email<span class=\"quform-required\">*<\/span><\/label><\/div><div class=\"quform-inner quform-inner-60_870135\"><textarea id=\"quform_60_870135_2a3c4c\" name=\"quform_60_870135\" class=\"quform-field quform-field-textarea quform-field-60_870135\" tabindex=\"-1\" autocomplete=\"new-password\"><\/textarea><\/div><\/div><\/div><div class=\"quform-element quform-element-text quform-element-60_15 quform-cf quform-element-required\"><div class=\"quform-spacer\"><div class=\"quform-label quform-label-60_15\"><label class=\"quform-label-text\" for=\"quform_60_15_2a3c4c\">PLZ<span class=\"quform-required\">*<\/span><\/label><\/div><div class=\"quform-inner quform-inner-text quform-inner-60_15\"><div class=\"quform-input quform-input-text quform-input-60_15 quform-cf\"><input type=\"text\" id=\"quform_60_15_2a3c4c\" name=\"quform_60_15\" class=\"quform-field quform-field-text quform-field-60_15\" \/><\/div><\/div><\/div><\/div><div class=\"quform-element quform-element-text quform-element-60_16 quform-cf quform-element-required\"><div class=\"quform-spacer\"><div class=\"quform-label quform-label-60_16\"><label class=\"quform-label-text\" for=\"quform_60_16_2a3c4c\">Ort<span class=\"quform-required\">*<\/span><\/label><\/div><div class=\"quform-inner quform-inner-text quform-inner-60_16\"><div class=\"quform-input quform-input-text quform-input-60_16 quform-cf\"><input type=\"text\" id=\"quform_60_16_2a3c4c\" name=\"quform_60_16\" class=\"quform-field quform-field-text quform-field-60_16\" \/><\/div><\/div><\/div><\/div><div class=\"quform-element quform-element-text quform-element-60_12 quform-cf quform-element-required\"><div class=\"quform-spacer\"><div class=\"quform-label quform-label-60_12\"><label class=\"quform-label-text\" for=\"quform_60_12_2a3c4c\">Telefonnummer<span class=\"quform-required\">*<\/span><\/label><\/div><div class=\"quform-inner quform-inner-text quform-inner-60_12\"><div class=\"quform-input quform-input-text quform-input-60_12 quform-cf\"><input type=\"text\" id=\"quform_60_12_2a3c4c\" name=\"quform_60_12\" class=\"quform-field quform-field-text quform-field-60_12\" \/><\/div><\/div><\/div><\/div><div class=\"quform-element quform-element-email quform-element-60_11 quform-cf quform-element-required\"><div class=\"quform-spacer\"><div class=\"quform-label quform-label-60_11\"><label class=\"quform-label-text\" for=\"quform_60_11_2a3c4c\">E-Mail-Adresse<span class=\"quform-required\">*<\/span><\/label><\/div><div class=\"quform-inner quform-inner-email quform-inner-60_11\"><div class=\"quform-input quform-input-email quform-input-60_11 quform-cf\"><input type=\"email\" id=\"quform_60_11_2a3c4c\" name=\"quform_60_11\" class=\"quform-field quform-field-email quform-field-60_11\" \/><\/div><\/div><\/div><\/div><div class=\"quform-element quform-element-textarea quform-element-60_13 quform-cf quform-element-optional\"><div class=\"quform-spacer\"><div class=\"quform-label quform-label-60_13\"><label class=\"quform-label-text\" for=\"quform_60_13_2a3c4c\">Bermerkungen, Mitteilungen<\/label><\/div><div class=\"quform-inner quform-inner-textarea quform-inner-60_13\"><div class=\"quform-input quform-input-textarea quform-input-60_13 quform-cf\"><textarea id=\"quform_60_13_2a3c4c\" name=\"quform_60_13\" class=\"quform-field quform-field-textarea quform-field-60_13\"><\/textarea><\/div><\/div><\/div><\/div><div class=\"quform-element quform-element-submit quform-element-60_2 quform-cf quform-button-style-theme\"><div class=\"quform-button-submit quform-button-submit-default quform-button-submit-60_2\"><button name=\"quform_submit\" type=\"submit\" class=\"quform-submit\" value=\"submit\"><span class=\"quform-button-text quform-button-submit-text\">Absenden<\/span><\/button><\/div><div class=\"quform-loading quform-loading-position-left quform-loading-type-spinner-1\"><div class=\"quform-loading-inner\"><div class=\"quform-loading-spinner\"><div class=\"quform-loading-spinner-inner\"><\/div><\/div><\/div><\/div><\/div><\/div><\/div><\/div><\/div><\/form><\/div><\/div><\/div>[\/vc_column][\/vc_row]<\/p>\n<\/div>","protected":false},"excerpt":{"rendered":"<p>[vc_row][vc_column][\/vc_column][\/vc_row]<\/p>\n","protected":false},"author":38,"featured_media":0,"parent":4814,"menu_order":173,"comment_status":"closed","ping_status":"closed","template":"","meta":{"_acf_changed":false,"_monsterinsights_skip_tracking":false,"_monsterinsights_sitenote_active":false,"_monsterinsights_sitenote_note":"","_monsterinsights_sitenote_category":0,"footnotes":""},"class_list":["post-39191","page","type-page","status-publish","hentry"],"acf":[],"yoast_head":"<!-- This site is optimized with the Yoast SEO Premium plugin v26.4 (Yoast SEO v27.0) - https:\/\/yoast.com\/product\/yoast-seo-premium-wordpress\/ -->\n<title>Anfrage NIN-Firmenkurs - Electrosuisse<\/title>\n<meta name=\"description\" content=\"Alle relevanten Neuerungen der Niederspannungs-Installationsnorm ab 1. Januar 2025.\" \/>\n<meta name=\"robots\" content=\"index, follow, max-snippet:-1, max-image-preview:large, max-video-preview:-1\" \/>\n<link rel=\"canonical\" href=\"https:\/\/www.electrosuisse.ch\/de\/veranstaltungen\/firmenkurse\/anfrage-nin-kurs\/\" \/>\n<meta property=\"og:locale\" content=\"de_DE\" \/>\n<meta property=\"og:type\" content=\"article\" \/>\n<meta property=\"og:title\" content=\"Anfrage NIN-Firmenkurs - Electrosuisse\" \/>\n<meta property=\"og:description\" content=\"Alle relevanten Neuerungen der Niederspannungs-Installationsnorm ab 1. Januar 2025.\" \/>\n<meta property=\"og:url\" content=\"https:\/\/www.electrosuisse.ch\/de\/veranstaltungen\/firmenkurse\/anfrage-nin-kurs\/\" \/>\n<meta property=\"og:site_name\" content=\"Electrosuisse\" \/>\n<meta property=\"og:image\" content=\"https:\/\/www.electrosuisse.ch\/wp-content\/uploads\/2022\/12\/Electrosuisse_Ueber_uns_1578x650.jpg\" \/>\n\t<meta property=\"og:image:width\" content=\"1578\" \/>\n\t<meta property=\"og:image:height\" content=\"650\" \/>\n\t<meta property=\"og:image:type\" content=\"image\/jpeg\" \/>\n<script type=\"application\/ld+json\" class=\"yoast-schema-graph\">{\"@context\":\"https:\/\/schema.org\",\"@graph\":[{\"@type\":\"WebPage\",\"@id\":\"https:\/\/www.electrosuisse.ch\/de\/veranstaltungen\/firmenkurse\/anfrage-nin-kurs\/\",\"url\":\"https:\/\/www.electrosuisse.ch\/de\/veranstaltungen\/firmenkurse\/anfrage-nin-kurs\/\",\"name\":\"Anfrage NIN-Firmenkurs - Electrosuisse\",\"isPartOf\":{\"@id\":\"https:\/\/www.electrosuisse.ch\/de\/#website\"},\"datePublished\":\"2025-06-12T12:02:39+00:00\",\"description\":\"Alle relevanten Neuerungen der Niederspannungs-Installationsnorm ab 1. Januar 2025.\",\"breadcrumb\":{\"@id\":\"https:\/\/www.electrosuisse.ch\/de\/veranstaltungen\/firmenkurse\/anfrage-nin-kurs\/#breadcrumb\"},\"inLanguage\":\"de\",\"potentialAction\":[{\"@type\":\"ReadAction\",\"target\":[\"https:\/\/www.electrosuisse.ch\/de\/veranstaltungen\/firmenkurse\/anfrage-nin-kurs\/\"]}]},{\"@type\":\"BreadcrumbList\",\"@id\":\"https:\/\/www.electrosuisse.ch\/de\/veranstaltungen\/firmenkurse\/anfrage-nin-kurs\/#breadcrumb\",\"itemListElement\":[{\"@type\":\"ListItem\",\"position\":1,\"name\":\"Veranstaltungen\",\"item\":\"https:\/\/www.electrosuisse.ch\/de\/veranstaltungen\/\"},{\"@type\":\"ListItem\",\"position\":2,\"name\":\"Firmenkurse\",\"item\":\"https:\/\/www.electrosuisse.ch\/de\/veranstaltungen\/firmenkurse\/\"},{\"@type\":\"ListItem\",\"position\":3,\"name\":\"Anfrage NIN-Firmenkurs\"}]},{\"@type\":\"WebSite\",\"@id\":\"https:\/\/www.electrosuisse.ch\/de\/#website\",\"url\":\"https:\/\/www.electrosuisse.ch\/de\/\",\"name\":\"Electrosuisse\",\"description\":\"\",\"publisher\":{\"@id\":\"https:\/\/www.electrosuisse.ch\/de\/#organization\"},\"potentialAction\":[{\"@type\":\"SearchAction\",\"target\":{\"@type\":\"EntryPoint\",\"urlTemplate\":\"https:\/\/www.electrosuisse.ch\/de\/?s={search_term_string}\"},\"query-input\":{\"@type\":\"PropertyValueSpecification\",\"valueRequired\":true,\"valueName\":\"search_term_string\"}}],\"inLanguage\":\"de\"},{\"@type\":\"Organization\",\"@id\":\"https:\/\/www.electrosuisse.ch\/de\/#organization\",\"name\":\"Electrosuisse\",\"url\":\"https:\/\/www.electrosuisse.ch\/de\/\",\"logo\":{\"@type\":\"ImageObject\",\"inLanguage\":\"de\",\"@id\":\"https:\/\/www.electrosuisse.ch\/de\/#\/schema\/logo\/image\/\",\"url\":\"https:\/\/www.electrosuisse.ch\/wp-content\/uploads\/2025\/04\/Electrosuisse_Logo_696x696.png\",\"contentUrl\":\"https:\/\/www.electrosuisse.ch\/wp-content\/uploads\/2025\/04\/Electrosuisse_Logo_696x696.png\",\"width\":696,\"height\":696,\"caption\":\"Electrosuisse\"},\"image\":{\"@id\":\"https:\/\/www.electrosuisse.ch\/de\/#\/schema\/logo\/image\/\"},\"sameAs\":[\"https:\/\/www.linkedin.com\/company\/electrosuisse-ag\/posts\/?feedView=all\",\"https:\/\/www.instagram.com\/electrosuisse1889\/\",\"https:\/\/www.youtube.com\/channel\/UCoOxohMiVE0Gjcdis1L09zw\"],\"description\":\"Electrosuisse ist eine anerkannte und unabh\u00e4ngige Fachorganisation, die erstklassige Dienstleistungen und Produkte in den Bereichen Inspektion, Beratung, Pr\u00fcfung, Zertifizierung, Normung und Weiterbildung anbietet. Unsere Expertise umfasst Elektrotechnik, Elektromobilit\u00e4t, Energieberatung, Geb\u00e4udeautomation und Photovoltaik in der Schweiz. Durch die Veranstaltung etablierter Branchen-Events und Fachtagungen f\u00f6rdert Electrosuisse den Wissenstransfer und den fachlichen Austausch. Im Mittelpunkt unserer T\u00e4tigkeiten steht die F\u00f6rderung der sicheren, wirtschaftlichen und umweltgerechten Anwendung der Elektrotechnik.\"}]}<\/script>\n<!-- \/ Yoast SEO Premium plugin. -->","yoast_head_json":{"title":"Anfrage NIN-Firmenkurs - Electrosuisse","description":"Alle relevanten Neuerungen der Niederspannungs-Installationsnorm ab 1. Januar 2025.","robots":{"index":"index","follow":"follow","max-snippet":"max-snippet:-1","max-image-preview":"max-image-preview:large","max-video-preview":"max-video-preview:-1"},"canonical":"https:\/\/www.electrosuisse.ch\/de\/veranstaltungen\/firmenkurse\/anfrage-nin-kurs\/","og_locale":"de_DE","og_type":"article","og_title":"Anfrage NIN-Firmenkurs - Electrosuisse","og_description":"Alle relevanten Neuerungen der Niederspannungs-Installationsnorm ab 1. Januar 2025.","og_url":"https:\/\/www.electrosuisse.ch\/de\/veranstaltungen\/firmenkurse\/anfrage-nin-kurs\/","og_site_name":"Electrosuisse","og_image":[{"width":1578,"height":650,"url":"https:\/\/www.electrosuisse.ch\/wp-content\/uploads\/2022\/12\/Electrosuisse_Ueber_uns_1578x650.jpg","type":"image\/jpeg"}],"schema":{"@context":"https:\/\/schema.org","@graph":[{"@type":"WebPage","@id":"https:\/\/www.electrosuisse.ch\/de\/veranstaltungen\/firmenkurse\/anfrage-nin-kurs\/","url":"https:\/\/www.electrosuisse.ch\/de\/veranstaltungen\/firmenkurse\/anfrage-nin-kurs\/","name":"Anfrage NIN-Firmenkurs - Electrosuisse","isPartOf":{"@id":"https:\/\/www.electrosuisse.ch\/de\/#website"},"datePublished":"2025-06-12T12:02:39+00:00","description":"Alle relevanten Neuerungen der Niederspannungs-Installationsnorm ab 1. Januar 2025.","breadcrumb":{"@id":"https:\/\/www.electrosuisse.ch\/de\/veranstaltungen\/firmenkurse\/anfrage-nin-kurs\/#breadcrumb"},"inLanguage":"de","potentialAction":[{"@type":"ReadAction","target":["https:\/\/www.electrosuisse.ch\/de\/veranstaltungen\/firmenkurse\/anfrage-nin-kurs\/"]}]},{"@type":"BreadcrumbList","@id":"https:\/\/www.electrosuisse.ch\/de\/veranstaltungen\/firmenkurse\/anfrage-nin-kurs\/#breadcrumb","itemListElement":[{"@type":"ListItem","position":1,"name":"Veranstaltungen","item":"https:\/\/www.electrosuisse.ch\/de\/veranstaltungen\/"},{"@type":"ListItem","position":2,"name":"Firmenkurse","item":"https:\/\/www.electrosuisse.ch\/de\/veranstaltungen\/firmenkurse\/"},{"@type":"ListItem","position":3,"name":"Anfrage NIN-Firmenkurs"}]},{"@type":"WebSite","@id":"https:\/\/www.electrosuisse.ch\/de\/#website","url":"https:\/\/www.electrosuisse.ch\/de\/","name":"Electrosuisse","description":"","publisher":{"@id":"https:\/\/www.electrosuisse.ch\/de\/#organization"},"potentialAction":[{"@type":"SearchAction","target":{"@type":"EntryPoint","urlTemplate":"https:\/\/www.electrosuisse.ch\/de\/?s={search_term_string}"},"query-input":{"@type":"PropertyValueSpecification","valueRequired":true,"valueName":"search_term_string"}}],"inLanguage":"de"},{"@type":"Organization","@id":"https:\/\/www.electrosuisse.ch\/de\/#organization","name":"Electrosuisse","url":"https:\/\/www.electrosuisse.ch\/de\/","logo":{"@type":"ImageObject","inLanguage":"de","@id":"https:\/\/www.electrosuisse.ch\/de\/#\/schema\/logo\/image\/","url":"https:\/\/www.electrosuisse.ch\/wp-content\/uploads\/2025\/04\/Electrosuisse_Logo_696x696.png","contentUrl":"https:\/\/www.electrosuisse.ch\/wp-content\/uploads\/2025\/04\/Electrosuisse_Logo_696x696.png","width":696,"height":696,"caption":"Electrosuisse"},"image":{"@id":"https:\/\/www.electrosuisse.ch\/de\/#\/schema\/logo\/image\/"},"sameAs":["https:\/\/www.linkedin.com\/company\/electrosuisse-ag\/posts\/?feedView=all","https:\/\/www.instagram.com\/electrosuisse1889\/","https:\/\/www.youtube.com\/channel\/UCoOxohMiVE0Gjcdis1L09zw"],"description":"Electrosuisse ist eine anerkannte und unabh\u00e4ngige Fachorganisation, die erstklassige Dienstleistungen und Produkte in den Bereichen Inspektion, Beratung, Pr\u00fcfung, Zertifizierung, Normung und Weiterbildung anbietet. Unsere Expertise umfasst Elektrotechnik, Elektromobilit\u00e4t, Energieberatung, Geb\u00e4udeautomation und Photovoltaik in der Schweiz. Durch die Veranstaltung etablierter Branchen-Events und Fachtagungen f\u00f6rdert Electrosuisse den Wissenstransfer und den fachlichen Austausch. Im Mittelpunkt unserer T\u00e4tigkeiten steht die F\u00f6rderung der sicheren, wirtschaftlichen und umweltgerechten Anwendung der Elektrotechnik."}]}},"amp_enabled":true,"_links":{"self":[{"href":"https:\/\/www.electrosuisse.ch\/de\/wp-json\/wp\/v2\/pages\/39191","targetHints":{"allow":["GET"]}}],"collection":[{"href":"https:\/\/www.electrosuisse.ch\/de\/wp-json\/wp\/v2\/pages"}],"about":[{"href":"https:\/\/www.electrosuisse.ch\/de\/wp-json\/wp\/v2\/types\/page"}],"author":[{"embeddable":true,"href":"https:\/\/www.electrosuisse.ch\/de\/wp-json\/wp\/v2\/users\/38"}],"replies":[{"embeddable":true,"href":"https:\/\/www.electrosuisse.ch\/de\/wp-json\/wp\/v2\/comments?post=39191"}],"version-history":[{"count":1,"href":"https:\/\/www.electrosuisse.ch\/de\/wp-json\/wp\/v2\/pages\/39191\/revisions"}],"predecessor-version":[{"id":39192,"href":"https:\/\/www.electrosuisse.ch\/de\/wp-json\/wp\/v2\/pages\/39191\/revisions\/39192"}],"up":[{"embeddable":true,"href":"https:\/\/www.electrosuisse.ch\/de\/wp-json\/wp\/v2\/pages\/4814"}],"wp:attachment":[{"href":"https:\/\/www.electrosuisse.ch\/de\/wp-json\/wp\/v2\/media?parent=39191"}],"curies":[{"name":"wp","href":"https:\/\/api.w.org\/{rel}","templated":true}]}}