{"id":38006,"date":"2025-03-27T16:42:01","date_gmt":"2025-03-27T15:42:01","guid":{"rendered":"https:\/\/www.electrosuisse.ch\/?page_id=38006"},"modified":"2025-07-10T09:57:07","modified_gmt":"2025-07-10T07:57:07","slug":"report2024","status":"publish","type":"page","link":"https:\/\/www.electrosuisse.ch\/de\/report2024\/","title":{"rendered":"Report 2024"},"content":{"rendered":"<div class=\"wpb-content-wrapper\"><p>[vc_row el_id=&#8221;Vorwort&#8221;][vc_column][vc_column_text]<\/p>\n<h1>Vorwort<\/h1>\n<p>[\/vc_column_text]<div class=\"wpb_content_element wpb_accordion_column accordion_complex\"><div class=\"accordions accordions_0\"><div class=\"custom_accordion_item accordion custom_accordion accordion_1_0\"><div class=\"accordion__header\" id=\"accordion_header_1_0\"><div class=\"accordion_trigger js-accordion_trigger \" data-toggle=\"collapse\" \r\n\t\t\t\t\tdata-target=\"#accordion_content_1_0_acc570\" \r\n          aria-expanded=\"false\" aria-controls=\"accordion_content_1_0\"><div class=\"accordion-title js-accordion-controller \"><div class=row><div class=col-sm-5><div class=picture_container><img alt=Liebe_Mitglieder,_Kundinnen_und_Kunden src=https:\/\/www.electrosuisse.ch\/wp-content\/uploads\/2025\/03\/vorwort-geschaeftsbericht2024-electrosuisse-3-1.jpg \/><\/div><\/div><div class=col-sm-7><h3>Liebe Mitglieder, Kundinnen und Kunden<\/h3><p>Die Transformation des Energiesystems, Forderungen nach mehr Nachhaltigkeit, zunehmende Digitalisierung und k\u00fcnstliche Intelligenz \u2013 2024 war gepr\u00e4gt von tiefgreifenden und raschen Ver\u00e4nderungen. In dieser schnelllebigen Zeit schafft Electrosuisse Orientierung. Wir verfolgen die Trends in der Branche, befassen uns mit aktuellen Normen und Regulierungen, beobachten die technologischen Entwicklungen und erproben sie in der Praxis. Unsere Einsch\u00e4tzungen und Erfahrungen geben wir weiter: an Fachtagungen, in Schulungen oder mit gezielten Informationen. So unterst\u00fctzen wir unsere Mitglieder und Kunden als verl\u00e4sslicher Partner. In einer zunehmend komplexen Welt wird unsere Fachorganisation in dieser Rolle weiter an Bedeutung gewinnen. Und mit unserem engagierten Electrosuisse-Team sind wir gut ger\u00fcstet f\u00fcr k\u00fcnftige Herausforderungen.<\/p>\n<p><strong>Markus Burger (Gesch\u00e4ftsf\u00fchrer bis 31.12.2024), Bj\u00f6rn Avak (Gesch\u00e4ftsf\u00fchrer ab 1.1.2025), Dieter Reichelt (Pr\u00e4sident)<\/strong><\/p><div class=\"accordion-title-icon\"><\/div><\/div><\/div><\/div><\/div><\/div><div class=\"accordion__content collapse not-click-to-close\" id=\"accordion_content_1_0_acc570\" aria-labelledby=\"accordion_header_1_0\"><div class=\"inside\"><div class=\"accordion-content\"><!-- accordion start --><div class=\"accordion__inside\"><div class=\"accordion__element\"><p>Electrosuisse blickt auf einen erfreulichen Gesch\u00e4ftsgang im Jahr 2024 zur\u00fcck. Die Teilnehmerzahlen der Fachveranstaltungen erreichten das Vor-Corona-Niveau und auch die Online-Formate wurden sehr gesch\u00e4tzt.<br \/>\nNeben der Weiterentwicklung unserer Produkte bauten wir 2024 eine E-Learning-Plattform auf und bereiteten den Wechsel in der Gesch\u00e4ftsf\u00fchrung vor. Seit Januar 2025 ist Bj\u00f6rn Avak im Amt. Er ist seit 2017 bei Electrosuisse t\u00e4tig, womit Kontinuit\u00e4t und Stabilit\u00e4t gew\u00e4hrleistet sind. Markus Burger verabschiedet sich nach dreizehn Jahren erfolgreicher T\u00e4tigkeit. Unter seiner F\u00fchrung konnte Electrosuisse seine Position als relevanter Partner f\u00fcr Kunden und Mitglieder nachhaltig st\u00e4rken.<br \/>\nWir gratulieren unseren Fachpersonen in der Normung, die 2024 einen \u00abIEC 1906 Award\u00bb entgegennehmen durften. Ihnen, liebe Mitglieder, Kundinnen, Kunden, Mitarbeiterinnen und Mitarbeiter, danken wir f\u00fcr Ihr Vertrauen, Ihre Treue und Ihr Engagement.<\/p>\n<\/div><\/div><!-- accordion ende --><\/div><\/div><\/div><\/div><\/div><\/div>[\/vc_column][\/vc_row][vc_row el_id=&#8221;Unser Engagement&#8221;][vc_column][vc_column_text css=&#8221;&#8221;]<\/p>\n<h1 class=\"p1\">Unser Engagement<\/h1>\n<div>Als Fachorganisation f\u00fcr Elektro-, Energie- und Informationstechnik bieten wir unseren Mitgliedern ein breites Netzwerk, um wertvolle Kontakte zu kn\u00fcpfen und sich auszutauschen. Mit zahlreichen Branchen-Events, Tagungen, Online-Formaten und den Fachzeitschriften \u00abBulletin\u00bb und \u00abelectra.ch\u00bb sorgen wir f\u00fcr den Wissenstransfer aus der Wissenschaft in die Praxis. Wir bieten erstklassige Dienstleistungen und Produkte rund um Inspektion, Beratung, Engineering, Normung und Weiterbildung und vertreten die Wirtschaft im Bereich der Elektrotechnik in den internationalen Normungsgremien.<\/div>\n<p>[\/vc_column_text][\/vc_column][\/vc_row][vc_row el_id=&#8221;highlights&#8221;][vc_column][vc_column_text]<\/p>\n<h1 class=\"p1\">Unsere Highlights<\/h1>\n<p>[\/vc_column_text]<div class=\"wpb_text_image_column wpb_content_element \"><div class=\"wpb_wrapper\"><div class=\"row reverse middle-lg\"><div class=\"col-sm-6 col-xs-12\"><div class=\"picture_container\"><picture><source srcset=\"https:\/\/www.electrosuisse.ch\/wp-content\/uploads\/2025\/03\/electrosuisse_GB2024_FachForum-2-1-585x500.jpg\"><img decoding=\"async\" src=\"https:\/\/www.electrosuisse.ch\/wp-content\/uploads\/2025\/03\/electrosuisse_GB2024_FachForum-2-1-585x500.jpg\" alt=\"Wissensmanagement\" \/><\/picture><\/div><\/div><div class=\"col-sm-6 col-xs-12\"><h3>Wissensmanagement<\/h3><p>Um unser Wissen aktuell zu halten, veranstalten wir j\u00e4hrlich die interne Weiterbildungs- und Netzwerktagung \u00abFachForum\u00bb. Mitarbeitende k\u00f6nnen sich in mehreren Themenstr\u00e4ngen zu aktuellen technischen Themen informieren und ihre Erfahrungen in Workshops austauschen. Zus\u00e4tzlich untersuchen wir die M\u00f6glichkeiten der Digitalisierung zur Unterst\u00fctzung des Wissensmanagements mittels Aufbaus einer strukturierten Wissensdatenbank. Ziel ist, das Know-how konsequent zu pflegen und in unsere Dienstleistungen zu integrieren.<\/p>\n<div class=\"button button--normal\"><a href=\"https:\/\/www.linkedin.com\/posts\/electrosuisse-ag_electrosuisse-fachforum-activity-7252224005208698880--pcJ?utm_source=share&utm_medium=member_desktop&rcm=ACoAAA1jKgsB64d_PJMdUwBHoqGoN9y4u8jcSaY\">zum Video<\/a><\/div><\/div><\/div><\/div><\/div><div class=\"wpb_text_image_column wpb_content_element \"><div class=\"wpb_wrapper\"><div class=\"row middle-lg\"><div class=\"col-sm-6 col-xs-12\"><div class=\"picture_container\"><picture><source srcset=\"https:\/\/www.electrosuisse.ch\/wp-content\/uploads\/2025\/04\/electrosuisse_GB2024_electra_freisteller-1-585x500.webp\"><img decoding=\"async\" src=\"https:\/\/www.electrosuisse.ch\/wp-content\/uploads\/2025\/04\/electrosuisse_GB2024_electra_freisteller-1-585x500.webp\" alt=\"Lob f\u00fcr electra.ch\" \/><\/picture><\/div><\/div><div class=\"col-sm-6 col-xs-12\"><h3>Lob f\u00fcr electra.ch<\/h3><p>2024 sind sechs Ausgaben der neu lancierten Fachzeitschrift \u00abelectra.ch\u00bb erschienen. Die Zeitschrift f\u00fcr Elektrofachleute hat sich als wertvolles Informationsmagazin in der Branche etabliert. Wir freuen uns \u00fcber die zahlreichen positiven R\u00fcckmeldungen.<\/p>\n<\/div><\/div><\/div><\/div><div class=\"wpb_text_image_column wpb_content_element \"><div class=\"wpb_wrapper\"><div class=\"row reverse middle-lg\"><div class=\"col-sm-6 col-xs-12\"><div class=\"picture_container\"><picture><source srcset=\"https:\/\/www.electrosuisse.ch\/wp-content\/uploads\/2025\/04\/electrosuisse_GB2024_Bilder_Fehraltorf-1-585x500.webp\"><img decoding=\"async\" src=\"https:\/\/www.electrosuisse.ch\/wp-content\/uploads\/2025\/04\/electrosuisse_GB2024_Bilder_Fehraltorf-1-585x500.webp\" alt=\"Schnell laden in Fehraltorf\" \/><\/picture><\/div><\/div><div class=\"col-sm-6 col-xs-12\"><h3>Schnell laden in Fehraltorf<\/h3><p>Neben dem bestehenden Ladepark stehen an unserem Standort in Fehraltorf demn\u00e4chst insgesamt sieben Schnellladestationen verschiedener Hersteller zur Verf\u00fcgung. Damit sammeln wir weitere Erfahrungen, um unsere Kunden gezielt zu beraten. Dass Informationsbedarf rund um Ladeinfrastruktur besteht, zeigte das sehr gut besuchte e-mobile Lade Forum im M\u00e4rz 2024.<\/p>\n<\/div><\/div><\/div><\/div><div class=\"wpb_text_image_column wpb_content_element \"><div class=\"wpb_wrapper\"><div class=\"row middle-lg\"><div class=\"col-sm-6 col-xs-12\"><div class=\"picture_container\"><picture><source srcset=\"https:\/\/www.electrosuisse.ch\/wp-content\/uploads\/2025\/03\/electrosuisse_GB2024_smart-1-585x500.jpg\"><img decoding=\"async\" src=\"https:\/\/www.electrosuisse.ch\/wp-content\/uploads\/2025\/03\/electrosuisse_GB2024_smart-1-585x500.jpg\" alt=\"Smart Energy Party \u00aben fran\u00e7ais\u00bb\" \/><\/picture><\/div><\/div><div class=\"col-sm-6 col-xs-12\"><h3>Smart Energy Party \u00aben fran\u00e7ais\u00bb<\/h3><p>Keine Pr\u00e4sentationen zu Elektrotechnik oder Strom: An der Smart Energy Party haben solche Themen f\u00fcr einmal keinen Platz. Stattdessen gab es 2024 inspirierende Vortr\u00e4ge zu besonderen Lebensgeschichten, Musik und Unterhaltung \u2013 ein gelungener Anlass. Ganz besonders freut uns der Erfolg in der Westschweiz: Mit 300 G\u00e4sten \u00fcbertraf die erste Smart Energy Party in Ecublens unsere Erwartungen.<\/p>\n<div class=\"button button--normal\"><a href=\"https:\/\/www.linkedin.com\/posts\/electrosuisse-ag_smart-energy-party-romandie-2024-activity-7267282675802034176-mDx5?utm_source=share&utm_medium=member_desktop&rcm=ACoAAA1jKgsB64d_PJMdUwBHoqGoN9y4u8jcSaY\">zum Video<\/a><\/div><\/div><\/div><\/div><\/div><div class=\"wpb_text_image_column wpb_content_element \"><div class=\"wpb_wrapper\"><div class=\"row reverse middle-lg\"><div class=\"col-sm-6 col-xs-12\"><div class=\"picture_container\"><picture><source srcset=\"https:\/\/www.electrosuisse.ch\/wp-content\/uploads\/2025\/04\/electrosuisse_GB2024_Bilder_Lohnradar_retina-freisteller-2-585x500.webp\"><img decoding=\"async\" src=\"https:\/\/www.electrosuisse.ch\/wp-content\/uploads\/2025\/04\/electrosuisse_GB2024_Bilder_Lohnradar_retina-freisteller-2-585x500.webp\" alt=\"Lohnradar: Weiterbildung in Betriebswirtschaft zahlt sich aus\" \/><\/picture><\/div><\/div><div class=\"col-sm-6 col-xs-12\"><h3>Lohnradar: Weiterbildung in Betriebswirtschaft zahlt sich aus<\/h3><p>Die f\u00fcnfte Ausgabe des Lohnradars zeigt deutlich, dass sich Aus- und Weiterbildung sowie Berufserfahrung lohnen. Besonders ausgepr\u00e4gt sind die Vorteile einer betriebswirtschaftlichen Weiterbildung. Neben den aktuellen Zahlen zu den L\u00f6hnen in der Branche greift der Lohnradar Themen wie Wertsch\u00e4tzung und Transparenz im Umgang mit den Mitarbeiterinnen und Mitarbeiter sowie Internationalit\u00e4t auf.<\/p>\n<div class=\"button button--normal\"><a href=\"https:\/\/www.electrosuisse.ch\/de\/shop\/\" target=\"_blank\" rel=\"noopener\">zum Shop<\/a><\/div><\/div><\/div><\/div><\/div><div class=\"wpb_text_image_column wpb_content_element \"><div class=\"wpb_wrapper\"><div class=\"row middle-lg\"><div class=\"col-sm-6 col-xs-12\"><div class=\"picture_container\"><picture><source srcset=\"https:\/\/www.electrosuisse.ch\/wp-content\/uploads\/2025\/03\/electrosuisse_GB2024_Engineering-1-585x500.jpg\"><img decoding=\"async\" src=\"https:\/\/www.electrosuisse.ch\/wp-content\/uploads\/2025\/03\/electrosuisse_GB2024_Engineering-1-585x500.jpg\" alt=\"Engineering war auch 2024 gefragt\" \/><\/picture><\/div><\/div><div class=\"col-sm-6 col-xs-12\"><h3>Engineering war auch 2024 gefragt<\/h3><\/p>\n<p class=\"p1\">Das Engineering ist erneut gewachsen. 2024 befassten sich rund 20 Fachexperten mit spannenden Projekten in Bereichen wie erneuerbare Energien, Netzstabilisierung, Energieeffizienz, W\u00e4rme oder K\u00e4lte. Das Kundenportal haben wir weiter ausgebaut und mit neuen Dienstleistungen f\u00fcr Energieversorger erg\u00e4nzt.<\/p>\n<p>\n<\/div><\/div><\/div><\/div><div class=\"wpb_text_image_column wpb_content_element \"><div class=\"wpb_wrapper\"><div class=\"row reverse middle-lg\"><div class=\"col-sm-6 col-xs-12\"><div class=\"picture_container\"><picture><source srcset=\"https:\/\/www.electrosuisse.ch\/wp-content\/uploads\/2025\/03\/electrosuisse_GB2024_nin-1-585x500.jpg\"><img decoding=\"async\" src=\"https:\/\/www.electrosuisse.ch\/wp-content\/uploads\/2025\/03\/electrosuisse_GB2024_nin-1-585x500.jpg\" alt=\"NIN 2025 \u2013 ein starkes St\u00fcck Arbeit\" \/><\/picture><\/div><\/div><div class=\"col-sm-6 col-xs-12\"><h3>NIN 2025 \u2013 ein starkes St\u00fcck Arbeit<\/h3><p>Die Niederspannungs-Installationsnorm 2025, kurz NIN, ist ein umfassendes Werk. 2024 besch\u00e4ftigen wir uns intensiv mit der Entwicklung der Online-Applikation und aktualisierten die Dokumentationen. Nun steht die NIN auf einer neuen technischen Basis: Mit NIN Compact, der NIN Map und der Brosch\u00fcre \u00abEinblicke in die NIN\u00bb schaffen wir \u00dcbersicht \u00fcber das komplexe Werk. Zudem konnten wir an zahlreichen Anl\u00e4ssen \u00fcber die NIN 2025 informieren.<\/p>\n<div class=\"button button--normal\"><a href=\"https:\/\/www.electrosuisse.ch\/de\/shop\/\">zum Shop<\/a><\/div><\/div><\/div><\/div><\/div><div class=\"wpb_text_image_column wpb_content_element \"><div class=\"wpb_wrapper\"><div class=\"row middle-lg\"><div class=\"col-sm-6 col-xs-12\"><div class=\"picture_container\"><picture><source srcset=\"https:\/\/www.electrosuisse.ch\/wp-content\/uploads\/2025\/03\/electrosuisse_GB2024_ESTI-1-585x500.jpg\"><img decoding=\"async\" src=\"https:\/\/www.electrosuisse.ch\/wp-content\/uploads\/2025\/03\/electrosuisse_GB2024_ESTI-1-585x500.jpg\" alt=\"ESTI macht Verfahrensdauer transparent\" \/><\/picture><\/div><\/div><div class=\"col-sm-6 col-xs-12\"><h3>ESTI macht Verfahrensdauer transparent<\/h3><p>2024 bearbeitete das ESTI im Rahmen des Solarexpress 35 Projekte. Die Dauer aller Plangenehmigungsverfahren ist seit November online einsehbar. Die meisten Projekte konnten also rasch bearbeitet werden. Verz\u00f6gerungen gibt es in der Regel nur bei komplexen Projekten, wenn das ESTI auf die R\u00fcckmeldungen zahlreicher externer Stellen angewiesen ist.<br \/>\nDas ESTI wird als besondere Dienststelle (seit 1903) im Auftrag des Bundes von Electrosuisse gef\u00fchrt. Den ESTI-T\u00e4tigkeitsbericht finden Sie unter <strong><a href=\"https:\/\/www.esti.admin.ch\/de\/esti-startseite\" target=\"_blank\" rel=\"noopener\">www.esti.admin.ch<\/a>.<\/strong><\/p>\n<\/div><\/div><\/div><\/div>[\/vc_column][\/vc_row][vc_row el_id=&#8221;Kennzahlen&#8221;][vc_column][vc_column_text]<\/p>\n<h1 class=\"p1\">Zahlen und Fakten<\/h1>\n<p>[\/vc_column_text]<div class=\"wpb_counters_column wpb_content_element\"><div class=\"wpb_wrapper\"><div class=\"counters row\"><div class=\"counter js-counter col-lg-4 col-xs-6\"><div class=\"counter__content\"><div class=\"counter__number\" data-count=\"6800\">0<\/div><div class=\"counter__label\">Mitglieder (4300 Pers\u00f6nliche und 2500 Firmen)<\/div><\/div><\/div><div class=\"counter js-counter col-lg-4 col-xs-6\"><div class=\"counter__content\"><div class=\"counter__number\" data-count=\"1200\">0<\/div><div class=\"counter__label\">Normungsexperten in 110 technischen Gremien<\/div><\/div><\/div><div class=\"counter js-counter col-lg-4 col-xs-6\"><div class=\"counter__content\"><div class=\"counter__number\" data-count=\"27000\">0<\/div><div class=\"counter__label\">Teilnehmende an Fachtagungen und \u2011kursen oder Online-Foren (23300 vor Ort, 3700 Online)<\/div><\/div><\/div><div class=\"counter js-counter col-lg-4 col-xs-6\"><div class=\"counter__content\"><div class=\"counter__number\" data-count=\"640\">0<\/div><div class=\"counter__label\">Kunden nutzen das myElectrosuisse-Portal, um die Qualit\u00e4t ihrer Elektroinstallationen zu steuern und zu \u00fcberwachen<\/div><\/div><\/div><div class=\"counter js-counter col-lg-4 col-xs-6\"><div class=\"counter__content\"><div class=\"counter__number\" data-count=\"56.1\">0<\/div><div class=\"counter__label\">Mio. CHF Nettoerl\u00f6s aus Lieferungen und Leistungen<\/div><\/div><\/div><div class=\"counter js-counter col-lg-4 col-xs-6\"><div class=\"counter__content\"><div class=\"counter__number\" data-count=\"0.8\">0<\/div><div class=\"counter__label\">Mio. CHF Jahresgewinn<\/div><\/div><\/div><div class=\"counter js-counter col-lg-4 col-xs-6\"><div class=\"counter__content\"><div class=\"counter__number\" data-count=\"290\">0<\/div><div class=\"counter__label\">Mitarbeitende<\/div><\/div><\/div><\/div><\/div><\/div>[\/vc_column][\/vc_row][vc_row el_id=&#8221;Organisation&#8221;][vc_column][vc_column_text]<\/p>\n<h1 class=\"p1\">Organisation<\/h1>\n<p>[\/vc_column_text]<div class=\"wpb_buttons_column wpb_content_element\"><div class=\"wpb_wrapper\"><div class=\"button button--normal\"><a href=\"https:\/\/www.electrosuisse.ch\/de\/portraet\/organisation\/#vorstand\" target=\"_blank\" >Vorstand<\/a><\/div><div class=\"button button--normal\"><a href=\"https:\/\/www.electrosuisse.ch\/de\/portraet\/organisation\/#gl\" target=\"_blank\" >F\u00fchrungsteam<\/a><\/div><\/div><\/div>[\/vc_column][\/vc_row][vc_row el_id=&#8221;Download&#8221;][vc_column][vc_column_text css=&#8221;&#8221;]<\/p>\n<h2>Highlights 2024 herunterladen<\/h2>\n<p>[\/vc_column_text]<div class=\"wpb_document_column wpb_content_element\"><div class=\"wpb_wrapper\"><div class=\"document document--pdf\"><a href=\"https:\/\/www.electrosuisse.ch\/wp-content\/uploads\/2025\/07\/Electrosuisse_Jahreshighlights_2024_final_D.pdf\" target=\"_blank\">Highlights 2024<\/a><\/div><\/div><\/div>[\/vc_column][\/vc_row]<\/p>\n<\/div>","protected":false},"excerpt":{"rendered":"<p>[vc_row el_id=&#8221;Vorwort&#8221;][vc_column][vc_column_text] Vorwort [\/vc_column_text][\/vc_column][\/vc_row][vc_row el_id=&#8221;Unser Engagement&#8221;][vc_column][vc_column_text css=&#8221;&#8221;] Unser Engagement Als Fachorganisation f\u00fcr Elektro-, Energie- und Informationstechnik bieten wir unseren Mitgliedern ein breites Netzwerk, um wertvolle Kontakte zu kn\u00fcpfen und sich auszutauschen. Mit zahlreichen Branchen-Events, Tagungen, Online-Formaten und den Fachzeitschriften \u00abBulletin\u00bb und \u00abelectra.ch\u00bb sorgen wir f\u00fcr den Wissenstransfer aus der Wissenschaft in die Praxis. Wir bieten [&hellip;]<\/p>\n","protected":false},"author":2,"featured_media":0,"parent":0,"menu_order":16,"comment_status":"closed","ping_status":"closed","template":"","meta":{"_acf_changed":false,"_monsterinsights_skip_tracking":false,"_monsterinsights_sitenote_active":false,"_monsterinsights_sitenote_note":"","_monsterinsights_sitenote_category":0,"footnotes":""},"class_list":["post-38006","page","type-page","status-publish","hentry"],"acf":[],"yoast_head":"<!-- This site is optimized with the Yoast SEO Premium plugin v26.4 (Yoast SEO v27.0) - https:\/\/yoast.com\/product\/yoast-seo-premium-wordpress\/ -->\n<title>Electrosuisse Bericht 2024<\/title>\n<meta name=\"description\" content=\"Erfahren Sie mehr \u00fcber den Electrosuisse Bericht 2024 mit Details zu Fortschritten in der Elektrotechnologie, Branchenereignissen und Bildungsinitiativen.\" \/>\n<meta name=\"robots\" content=\"index, follow, max-snippet:-1, max-image-preview:large, max-video-preview:-1\" \/>\n<link rel=\"canonical\" href=\"https:\/\/www.electrosuisse.ch\/de\/report2024\/\" \/>\n<meta property=\"og:locale\" content=\"de_DE\" \/>\n<meta property=\"og:type\" content=\"article\" \/>\n<meta property=\"og:title\" content=\"Electrosuisse Bericht 2024\" \/>\n<meta property=\"og:description\" content=\"Erfahren Sie mehr \u00fcber den Electrosuisse Bericht 2024 mit Details zu Fortschritten in der Elektrotechnologie, Branchenereignissen und Bildungsinitiativen.\" \/>\n<meta property=\"og:url\" content=\"https:\/\/www.electrosuisse.ch\/de\/report2024\/\" \/>\n<meta property=\"og:site_name\" content=\"Electrosuisse\" \/>\n<meta property=\"article:modified_time\" content=\"2025-07-10T07:57:07+00:00\" \/>\n<meta property=\"og:image\" content=\"https:\/\/www.electrosuisse.ch\/wp-content\/uploads\/2022\/12\/Electrosuisse_Ueber_uns_1578x650.jpg\" \/>\n\t<meta property=\"og:image:width\" content=\"1578\" \/>\n\t<meta property=\"og:image:height\" content=\"650\" \/>\n\t<meta property=\"og:image:type\" content=\"image\/jpeg\" \/>\n<script type=\"application\/ld+json\" class=\"yoast-schema-graph\">{\"@context\":\"https:\/\/schema.org\",\"@graph\":[{\"@type\":\"WebPage\",\"@id\":\"https:\/\/www.electrosuisse.ch\/de\/report2024\/\",\"url\":\"https:\/\/www.electrosuisse.ch\/de\/report2024\/\",\"name\":\"Electrosuisse Bericht 2024\",\"isPartOf\":{\"@id\":\"https:\/\/www.electrosuisse.ch\/de\/#website\"},\"datePublished\":\"2025-03-27T15:42:01+00:00\",\"dateModified\":\"2025-07-10T07:57:07+00:00\",\"description\":\"Erfahren Sie mehr \u00fcber den Electrosuisse Bericht 2024 mit Details zu Fortschritten in der Elektrotechnologie, Branchenereignissen und Bildungsinitiativen.\",\"inLanguage\":\"de\",\"potentialAction\":[{\"@type\":\"ReadAction\",\"target\":[\"https:\/\/www.electrosuisse.ch\/de\/report2024\/\"]}]},{\"@type\":\"WebSite\",\"@id\":\"https:\/\/www.electrosuisse.ch\/de\/#website\",\"url\":\"https:\/\/www.electrosuisse.ch\/de\/\",\"name\":\"Electrosuisse\",\"description\":\"\",\"publisher\":{\"@id\":\"https:\/\/www.electrosuisse.ch\/de\/#organization\"},\"potentialAction\":[{\"@type\":\"SearchAction\",\"target\":{\"@type\":\"EntryPoint\",\"urlTemplate\":\"https:\/\/www.electrosuisse.ch\/de\/?s={search_term_string}\"},\"query-input\":{\"@type\":\"PropertyValueSpecification\",\"valueRequired\":true,\"valueName\":\"search_term_string\"}}],\"inLanguage\":\"de\"},{\"@type\":\"Organization\",\"@id\":\"https:\/\/www.electrosuisse.ch\/de\/#organization\",\"name\":\"Electrosuisse\",\"url\":\"https:\/\/www.electrosuisse.ch\/de\/\",\"logo\":{\"@type\":\"ImageObject\",\"inLanguage\":\"de\",\"@id\":\"https:\/\/www.electrosuisse.ch\/de\/#\/schema\/logo\/image\/\",\"url\":\"https:\/\/www.electrosuisse.ch\/wp-content\/uploads\/2025\/04\/Electrosuisse_Logo_696x696.png\",\"contentUrl\":\"https:\/\/www.electrosuisse.ch\/wp-content\/uploads\/2025\/04\/Electrosuisse_Logo_696x696.png\",\"width\":696,\"height\":696,\"caption\":\"Electrosuisse\"},\"image\":{\"@id\":\"https:\/\/www.electrosuisse.ch\/de\/#\/schema\/logo\/image\/\"},\"sameAs\":[\"https:\/\/www.linkedin.com\/company\/electrosuisse-ag\/posts\/?feedView=all\",\"https:\/\/www.instagram.com\/electrosuisse1889\/\",\"https:\/\/www.youtube.com\/channel\/UCoOxohMiVE0Gjcdis1L09zw\"],\"description\":\"Electrosuisse ist eine anerkannte und unabh\u00e4ngige Fachorganisation, die erstklassige Dienstleistungen und Produkte in den Bereichen Inspektion, Beratung, Pr\u00fcfung, Zertifizierung, Normung und Weiterbildung anbietet. Unsere Expertise umfasst Elektrotechnik, Elektromobilit\u00e4t, Energieberatung, Geb\u00e4udeautomation und Photovoltaik in der Schweiz. Durch die Veranstaltung etablierter Branchen-Events und Fachtagungen f\u00f6rdert Electrosuisse den Wissenstransfer und den fachlichen Austausch. Im Mittelpunkt unserer T\u00e4tigkeiten steht die F\u00f6rderung der sicheren, wirtschaftlichen und umweltgerechten Anwendung der Elektrotechnik.\"}]}<\/script>\n<!-- \/ Yoast SEO Premium plugin. -->","yoast_head_json":{"title":"Electrosuisse Bericht 2024","description":"Erfahren Sie mehr \u00fcber den Electrosuisse Bericht 2024 mit Details zu Fortschritten in der Elektrotechnologie, Branchenereignissen und Bildungsinitiativen.","robots":{"index":"index","follow":"follow","max-snippet":"max-snippet:-1","max-image-preview":"max-image-preview:large","max-video-preview":"max-video-preview:-1"},"canonical":"https:\/\/www.electrosuisse.ch\/de\/report2024\/","og_locale":"de_DE","og_type":"article","og_title":"Electrosuisse Bericht 2024","og_description":"Erfahren Sie mehr \u00fcber den Electrosuisse Bericht 2024 mit Details zu Fortschritten in der Elektrotechnologie, Branchenereignissen und Bildungsinitiativen.","og_url":"https:\/\/www.electrosuisse.ch\/de\/report2024\/","og_site_name":"Electrosuisse","article_modified_time":"2025-07-10T07:57:07+00:00","og_image":[{"width":1578,"height":650,"url":"https:\/\/www.electrosuisse.ch\/wp-content\/uploads\/2022\/12\/Electrosuisse_Ueber_uns_1578x650.jpg","type":"image\/jpeg"}],"schema":{"@context":"https:\/\/schema.org","@graph":[{"@type":"WebPage","@id":"https:\/\/www.electrosuisse.ch\/de\/report2024\/","url":"https:\/\/www.electrosuisse.ch\/de\/report2024\/","name":"Electrosuisse Bericht 2024","isPartOf":{"@id":"https:\/\/www.electrosuisse.ch\/de\/#website"},"datePublished":"2025-03-27T15:42:01+00:00","dateModified":"2025-07-10T07:57:07+00:00","description":"Erfahren Sie mehr \u00fcber den Electrosuisse Bericht 2024 mit Details zu Fortschritten in der Elektrotechnologie, Branchenereignissen und Bildungsinitiativen.","inLanguage":"de","potentialAction":[{"@type":"ReadAction","target":["https:\/\/www.electrosuisse.ch\/de\/report2024\/"]}]},{"@type":"WebSite","@id":"https:\/\/www.electrosuisse.ch\/de\/#website","url":"https:\/\/www.electrosuisse.ch\/de\/","name":"Electrosuisse","description":"","publisher":{"@id":"https:\/\/www.electrosuisse.ch\/de\/#organization"},"potentialAction":[{"@type":"SearchAction","target":{"@type":"EntryPoint","urlTemplate":"https:\/\/www.electrosuisse.ch\/de\/?s={search_term_string}"},"query-input":{"@type":"PropertyValueSpecification","valueRequired":true,"valueName":"search_term_string"}}],"inLanguage":"de"},{"@type":"Organization","@id":"https:\/\/www.electrosuisse.ch\/de\/#organization","name":"Electrosuisse","url":"https:\/\/www.electrosuisse.ch\/de\/","logo":{"@type":"ImageObject","inLanguage":"de","@id":"https:\/\/www.electrosuisse.ch\/de\/#\/schema\/logo\/image\/","url":"https:\/\/www.electrosuisse.ch\/wp-content\/uploads\/2025\/04\/Electrosuisse_Logo_696x696.png","contentUrl":"https:\/\/www.electrosuisse.ch\/wp-content\/uploads\/2025\/04\/Electrosuisse_Logo_696x696.png","width":696,"height":696,"caption":"Electrosuisse"},"image":{"@id":"https:\/\/www.electrosuisse.ch\/de\/#\/schema\/logo\/image\/"},"sameAs":["https:\/\/www.linkedin.com\/company\/electrosuisse-ag\/posts\/?feedView=all","https:\/\/www.instagram.com\/electrosuisse1889\/","https:\/\/www.youtube.com\/channel\/UCoOxohMiVE0Gjcdis1L09zw"],"description":"Electrosuisse ist eine anerkannte und unabh\u00e4ngige Fachorganisation, die erstklassige Dienstleistungen und Produkte in den Bereichen Inspektion, Beratung, Pr\u00fcfung, Zertifizierung, Normung und Weiterbildung anbietet. Unsere Expertise umfasst Elektrotechnik, Elektromobilit\u00e4t, Energieberatung, Geb\u00e4udeautomation und Photovoltaik in der Schweiz. Durch die Veranstaltung etablierter Branchen-Events und Fachtagungen f\u00f6rdert Electrosuisse den Wissenstransfer und den fachlichen Austausch. Im Mittelpunkt unserer T\u00e4tigkeiten steht die F\u00f6rderung der sicheren, wirtschaftlichen und umweltgerechten Anwendung der Elektrotechnik."}]}},"amp_enabled":true,"_links":{"self":[{"href":"https:\/\/www.electrosuisse.ch\/de\/wp-json\/wp\/v2\/pages\/38006","targetHints":{"allow":["GET"]}}],"collection":[{"href":"https:\/\/www.electrosuisse.ch\/de\/wp-json\/wp\/v2\/pages"}],"about":[{"href":"https:\/\/www.electrosuisse.ch\/de\/wp-json\/wp\/v2\/types\/page"}],"author":[{"embeddable":true,"href":"https:\/\/www.electrosuisse.ch\/de\/wp-json\/wp\/v2\/users\/2"}],"replies":[{"embeddable":true,"href":"https:\/\/www.electrosuisse.ch\/de\/wp-json\/wp\/v2\/comments?post=38006"}],"version-history":[{"count":25,"href":"https:\/\/www.electrosuisse.ch\/de\/wp-json\/wp\/v2\/pages\/38006\/revisions"}],"predecessor-version":[{"id":39562,"href":"https:\/\/www.electrosuisse.ch\/de\/wp-json\/wp\/v2\/pages\/38006\/revisions\/39562"}],"wp:attachment":[{"href":"https:\/\/www.electrosuisse.ch\/de\/wp-json\/wp\/v2\/media?parent=38006"}],"curies":[{"name":"wp","href":"https:\/\/api.w.org\/{rel}","templated":true}]}}