{"id":38,"date":"2018-06-24T11:08:37","date_gmt":"2018-06-24T09:08:37","guid":{"rendered":"https:\/\/www.electrosuisse.ch\/?page_id=38"},"modified":"2026-03-09T14:26:10","modified_gmt":"2026-03-09T13:26:10","slug":"nichtionisierende-strahlung","status":"publish","type":"page","link":"https:\/\/www.electrosuisse.ch\/de\/engineering\/nichtionisierende-strahlung\/","title":{"rendered":"Nichtionisierende Strahlung"},"content":{"rendered":"<div class=\"wpb-content-wrapper\"><p>[vc_row][vc_column][vc_column_text el_class=&#8221;lead&#8221;]Sobald sich Spannungen aufbauen und elektrischer Strom fliesst, entstehen elektrische und magnetische Felder. Wir sind t\u00e4glich und \u00fcberall technisch erzeugten elektromagnetischen Feldern ausgesetzt. Ein Grossteil dieser Felder wird durch den Gebrauch von elektronischen Ger\u00e4ten und elektrischen Anlagen selbst produziert.[\/vc_column_text]<div class=\"wpb_button_column wpb_content_element wpb_content_element--left\"><div class=\"wpb_wrapper\"><div class=\"button button--ghost\"><a href=\"https:\/\/www.admin.ch\/opc\/de\/classified-compilation\/19996141\/index.html\" target=\"_blank\" >Verordnung \u00fcber den Schutz von NISV<\/a><\/div><\/div><\/div>[\/vc_column][\/vc_row][vc_row el_id=&#8221;angebot&#8221;][vc_column][vc_column_text]<\/p>\n<h3>Unser Angebot<\/h3>\n<p>Wir beurteilen Ihr Umfeld auf den Einfluss von nichtionisierender Strahlung und berechnen, welchen Einfluss die bestehende Anlage oder der k\u00fcnftige Ausbau auf Ihr Umfeld hat. Diese Berechnungen k\u00f6nnen mittels Messungen verifiziert werden.\u00a0Die Berichte dienen Ihnen als Nachweis zur Einhaltung der Normen, beziehungsweise zum Ergreifen von Massnahmen, falls Sie diese Normen nicht einhalten k\u00f6nnen.[\/vc_column_text][vc_column_text css=&#8221;&#8221;]<\/p>\n<h3>Das Wichtigste in K\u00fcrze<\/h3>\n<ul>\n<li>Elektrische und magnetische Felder entstehen \u00fcberall dort, wo Strom fliesst und wir sind t\u00e4glich technisch erzeugten elektromagnetischen Feldern ausgesetzt.<\/li>\n<li>Ein Grossteil dieser Felder stammt von elektronischen Ger\u00e4ten und elektrischen Anlagen im Alltag.<\/li>\n<li>Electrosuisse analysiert die Auswirkungen bestehender oder geplanter Anlagen auf die Umgebung hinsichtlich nichtionisierender Strahlung.<\/li>\n<li>Die Berechnungen k\u00f6nnen durch Messungen verifiziert und in Berichten dokumentiert werden, als Nachweis zur Einhaltung gesetzlicher Normen.<\/li>\n<li>Die Analyse dient auch dem Gesundheitsschutz von Mitarbeitenden und Kunden durch gezielte Massnahmen.<\/li>\n<\/ul>\n<p>[\/vc_column_text][\/vc_column][\/vc_row][vc_row el_id=&#8221;kontakt&#8221;][vc_column][vc_column_text]<\/p>\n<h2>Kontakt<\/h2>\n<p>[\/vc_column_text]<div class=\"wpb_contact_column wpb_content_element wpb_contact_column--container\"><div class=\"wpb_wrapper\"><div class=\"contact_container_outer\"><div class=\"contact_container\"><div class=\"contact row middle-xs\"><div class=\"contact__img col-sm-5 col-xs-12\"><img decoding=\"async\" src=\"https:\/\/www.electrosuisse.ch\/wp-content\/uploads\/2024\/08\/StefanBaer_302x302.png\" alt=\"Stefan B\u00e4r - Teamleiter Engineering Ost\" \/><\/div><div class=\"contact__info col-sm-7 col-xs-12\"><p><b>Stefan B\u00e4r<\/b><br>Teamleiter Engineering Ost<\/p><div class=\"phone has-link\"><a href=\"tel:+41585951571\">+41 58 595 15 71<\/a><\/div><div class=\"mail has-link\"><a href=\"mailto:s&#116;&#x65;&#x66;&#x61;n&#46;&#x62;&#x61;&#x65;r&#64;&#x65;&#x6c;&#x65;c&#116;&#x72;&#x6f;&#x73;u&#105;&#x73;&#x73;&#x65;&#46;&#99;&#x68;\">&#x73;&#x74;&#101;&#102;a&#x6e;&#x2e;&#x62;&#97;er&#x40;&#x65;&#108;&#101;c&#x74;&#x72;&#x6f;&#115;ui&#x73;&#x73;&#101;&#46;c&#x68;<\/a><\/div><\/div><\/div><\/div><\/div><div class=\"contact_container_outer\"><div class=\"contact_container\"><div class=\"contact row middle-xs\"><div class=\"contact__img col-sm-5 col-xs-12\"><img decoding=\"async\" src=\"https:\/\/www.electrosuisse.ch\/wp-content\/uploads\/2025\/09\/Felix-Bigler_320x320.png\" alt=\"Felix Bigler - Teamleiter Engineering West\" \/><\/div><div class=\"contact__info col-sm-7 col-xs-12\"><p><b>Felix Bigler<\/b><br>Teamleiter Engineering West<\/p><div class=\"phone has-link\"><a href=\"tel:+41585951575\">+41 58 595 15 75<\/a><\/div><div class=\"mail has-link\"><a href=\"mailto:&#x66;&#x65;&#108;&#105;x&#x2e;&#x62;&#x69;&#103;le&#x72;&#x40;&#101;&#108;e&#x63;&#x74;&#x72;&#111;su&#x69;&#x73;&#115;&#101;&#46;&#x63;&#x68;\">&#x66;&#101;l&#x69;&#x78;&#46;b&#x69;&#x67;&#108;e&#x72;&#64;e&#x6c;&#x65;&#99;t&#x72;&#x6f;&#115;u&#x69;&#115;&#115;&#x65;&#x2e;&#99;h<\/a><\/div><\/div><\/div><\/div><\/div><div class=\"contact_container_outer\"><div class=\"contact_container\"><div class=\"contact row middle-xs\"><div class=\"contact__img col-sm-5 col-xs-12\"><img decoding=\"async\" src=\"\/wp-content\/themes\/SCHMUCKI_child\/img\/contact_placeholder.jpg\" alt=\"Beratung, Inspektion und Engineering\" \/><\/div><div class=\"contact__info col-sm-7 col-xs-12\"><p><b>Beratung, Inspektion und Engineering<\/b><br>Innendienst<\/p><div class=\"phone has-link\"><a href=\"tel:+41585951199\">+41 58 595 11 99<\/a><\/div><div class=\"mail has-link\"><a href=\"mailto:&#x62;&#x65;&#114;a&#x74;&#x75;&#110;&#103;&#64;&#x65;&#x6c;&#101;&#99;t&#x72;&#x6f;&#115;ui&#x73;&#x73;&#101;&#46;&#x63;&#x68; \">&#98;&#x65;&#x72;a&#116;&#x75;n&#103;&#x40;&#x65;&#108;&#x65;&#x63;t&#114;&#x6f;s&#117;&#x69;&#x73;&#115;&#x65;&#x2e;c&#104; <\/a><\/div><\/div><\/div><\/div><\/div><\/div><\/div>[\/vc_column][\/vc_row][vc_row el_id=&#8221;hinweis&#8221;][vc_column]<div class=\"wpb_text_image_column wpb_content_element \"><div class=\"wpb_wrapper\"><div class=\"row middle-lg\"><div class=\"col-sm-6 col-xs-12\"><div class=\"picture_container\"><picture><source srcset=\"https:\/\/www.electrosuisse.ch\/wp-content\/uploads\/2019\/06\/Electrosuisse_Broschuere_Spannungsfelder_Elektromagnetische_Felder-1-585x500.jpg\"><img decoding=\"async\" src=\"https:\/\/www.electrosuisse.ch\/wp-content\/uploads\/2019\/06\/Electrosuisse_Broschuere_Spannungsfelder_Elektromagnetische_Felder-1-585x500.jpg\" alt=\"\u00abSpannungsfelder\u00bb - Elektromagnetische Felder\" \/><\/picture><\/div><\/div><div class=\"col-sm-6 col-xs-12\"><h3>\u00abSpannungsfelder\u00bb - Elektromagnetische Felder<\/h3><p>\u00dcberall dort, wo Elektrizit\u00e4t genutzt wird, existieren elektromagnetische Felder (EMF).<\/p>\n<div class=\"button button--normal\"><a href=\"https:\/\/www.electrosuisse.ch\/wp-content\/uploads\/2019\/03\/Electrosuisse_EMF_Spannungsfelder_Broschuere.pdf\" target=\"_blank\" rel=\"noopener\">Brosch\u00fcre downloaden<\/a><\/div><\/div><\/div><\/div><\/div>[\/vc_column][\/vc_row][vc_row][vc_column][vc_row_inner][vc_column_inner][vc_column_text]<\/p>\n<h4>Erstellen von Rohranlagen<\/h4>\n<p>Werden Rohranlagen erstellt, bedarf es vorg\u00e4ngig einer beh\u00f6rdlichen Bewilligung. Der Einzug von Hochspannungskabeln in eine bestehende Rohranlage ist plangenehmigungspflichtig gem\u00e4ss Elektrizit\u00e4tsgesetz (<a href=\"https:\/\/www.admin.ch\/opc\/de\/classified-compilation\/19020010\/index.html\">EleG; SR 734.0<\/a>).[\/vc_column_text]<div class=\"wpb_button_column wpb_content_element wpb_content_element--left\"><div class=\"wpb_wrapper\"><div class=\"button button--ghost\"><a href=\"https:\/\/www.bulletin.ch\/erstellen-von-rohranlagen\" target=\"_blank\" >bulletin.ch Artikel lesen<\/a><\/div><\/div><\/div>[\/vc_column_inner][\/vc_row_inner][\/vc_column][\/vc_row][vc_row][vc_column]<div class=\"wpb_links_column wpb_content_element\"><div class=\"wpb_wrapper\"><div class=\"link\"><a href=\"https:\/\/www.bag.admin.ch\/de\/faktenblaetter-nis\" target=\"_blank\" >Elektromagnetische Felder (EMF), UV, Laser und Licht<\/a><\/div><div class=\"link\"><a href=\"https:\/\/www.metas.ch\/metas\/de\/home\/dok\/rechtliches\/messempfehlung-nisv.html\" target=\"_blank\" >Messen im Bereich der Verordnung \u00fcber den Schutz vor nichtionisierender Strahlung (NISV)<\/a><\/div><\/div><\/div>[\/vc_column][\/vc_row]<\/p>\n<\/div>","protected":false},"excerpt":{"rendered":"<p>[vc_row][vc_column][vc_column_text el_class=&#8221;lead&#8221;]Sobald sich Spannungen aufbauen und elektrischer Strom fliesst, entstehen elektrische und magnetische Felder. Wir sind t\u00e4glich und \u00fcberall technisch erzeugten elektromagnetischen Feldern ausgesetzt. Ein Grossteil dieser Felder wird durch den Gebrauch von elektronischen Ger\u00e4ten und elektrischen Anlagen selbst produziert.[\/vc_column_text][\/vc_column][\/vc_row][vc_row el_id=&#8221;angebot&#8221;][vc_column][vc_column_text] Unser Angebot Wir beurteilen Ihr Umfeld auf den Einfluss von nichtionisierender Strahlung und berechnen, [&hellip;]<\/p>\n","protected":false},"author":2,"featured_media":0,"parent":28,"menu_order":254,"comment_status":"closed","ping_status":"closed","template":"","meta":{"_acf_changed":false,"_monsterinsights_skip_tracking":false,"_monsterinsights_sitenote_active":false,"_monsterinsights_sitenote_note":"","_monsterinsights_sitenote_category":0,"footnotes":""},"class_list":["post-38","page","type-page","status-publish","hentry"],"acf":[],"yoast_head":"<!-- This site is optimized with the Yoast SEO Premium plugin v26.4 (Yoast SEO v27.0) - https:\/\/yoast.com\/product\/yoast-seo-premium-wordpress\/ -->\n<title>Nichtionisierende Strahlung<\/title>\n<meta name=\"description\" content=\"Eine Analyse elektromagnetischer Felder erm\u00f6glicht Ihnen, Massnahmen f\u00fcr die Gesundheit von Mitarbeitenden und Kunden zu ergreifen.\" \/>\n<meta name=\"robots\" content=\"index, follow, max-snippet:-1, max-image-preview:large, max-video-preview:-1\" \/>\n<link rel=\"canonical\" href=\"https:\/\/www.electrosuisse.ch\/de\/engineering\/nichtionisierende-strahlung\/\" \/>\n<meta property=\"og:locale\" content=\"de_DE\" \/>\n<meta property=\"og:type\" content=\"article\" \/>\n<meta property=\"og:title\" content=\"Nichtionisierende Strahlung\" \/>\n<meta property=\"og:description\" content=\"Eine Analyse elektromagnetischer Felder erm\u00f6glicht Ihnen, Massnahmen f\u00fcr die Gesundheit von Mitarbeitenden und Kunden zu ergreifen.\" \/>\n<meta property=\"og:url\" content=\"https:\/\/www.electrosuisse.ch\/de\/engineering\/nichtionisierende-strahlung\/\" \/>\n<meta property=\"og:site_name\" content=\"Electrosuisse\" \/>\n<meta property=\"article:modified_time\" content=\"2026-03-09T13:26:10+00:00\" \/>\n<meta property=\"og:image\" content=\"https:\/\/www.electrosuisse.ch\/wp-content\/uploads\/2019\/05\/Electrosuisse_nichtionisierende_Strahlung_astronomy-ball-bright-39561.jpg\" \/>\n\t<meta property=\"og:image:width\" content=\"1578\" \/>\n\t<meta property=\"og:image:height\" content=\"650\" \/>\n\t<meta property=\"og:image:type\" content=\"image\/jpeg\" \/>\n<script type=\"application\/ld+json\" class=\"yoast-schema-graph\">{\"@context\":\"https:\/\/schema.org\",\"@graph\":[{\"@type\":\"WebPage\",\"@id\":\"https:\/\/www.electrosuisse.ch\/de\/engineering\/nichtionisierende-strahlung\/\",\"url\":\"https:\/\/www.electrosuisse.ch\/de\/engineering\/nichtionisierende-strahlung\/\",\"name\":\"Nichtionisierende Strahlung\",\"isPartOf\":{\"@id\":\"https:\/\/www.electrosuisse.ch\/de\/#website\"},\"datePublished\":\"2018-06-24T09:08:37+00:00\",\"dateModified\":\"2026-03-09T13:26:10+00:00\",\"description\":\"Eine Analyse elektromagnetischer Felder erm\u00f6glicht Ihnen, Massnahmen f\u00fcr die Gesundheit von Mitarbeitenden und Kunden zu ergreifen.\",\"breadcrumb\":{\"@id\":\"https:\/\/www.electrosuisse.ch\/de\/engineering\/nichtionisierende-strahlung\/#breadcrumb\"},\"inLanguage\":\"de\",\"potentialAction\":[{\"@type\":\"ReadAction\",\"target\":[\"https:\/\/www.electrosuisse.ch\/de\/engineering\/nichtionisierende-strahlung\/\"]}]},{\"@type\":\"BreadcrumbList\",\"@id\":\"https:\/\/www.electrosuisse.ch\/de\/engineering\/nichtionisierende-strahlung\/#breadcrumb\",\"itemListElement\":[{\"@type\":\"ListItem\",\"position\":1,\"name\":\"Engineering\",\"item\":\"https:\/\/www.electrosuisse.ch\/de\/engineering\/\"},{\"@type\":\"ListItem\",\"position\":2,\"name\":\"Nichtionisierende Strahlung\"}]},{\"@type\":\"WebSite\",\"@id\":\"https:\/\/www.electrosuisse.ch\/de\/#website\",\"url\":\"https:\/\/www.electrosuisse.ch\/de\/\",\"name\":\"Electrosuisse\",\"description\":\"\",\"publisher\":{\"@id\":\"https:\/\/www.electrosuisse.ch\/de\/#organization\"},\"potentialAction\":[{\"@type\":\"SearchAction\",\"target\":{\"@type\":\"EntryPoint\",\"urlTemplate\":\"https:\/\/www.electrosuisse.ch\/de\/?s={search_term_string}\"},\"query-input\":{\"@type\":\"PropertyValueSpecification\",\"valueRequired\":true,\"valueName\":\"search_term_string\"}}],\"inLanguage\":\"de\"},{\"@type\":\"Organization\",\"@id\":\"https:\/\/www.electrosuisse.ch\/de\/#organization\",\"name\":\"Electrosuisse\",\"url\":\"https:\/\/www.electrosuisse.ch\/de\/\",\"logo\":{\"@type\":\"ImageObject\",\"inLanguage\":\"de\",\"@id\":\"https:\/\/www.electrosuisse.ch\/de\/#\/schema\/logo\/image\/\",\"url\":\"https:\/\/www.electrosuisse.ch\/wp-content\/uploads\/2025\/04\/Electrosuisse_Logo_696x696.png\",\"contentUrl\":\"https:\/\/www.electrosuisse.ch\/wp-content\/uploads\/2025\/04\/Electrosuisse_Logo_696x696.png\",\"width\":696,\"height\":696,\"caption\":\"Electrosuisse\"},\"image\":{\"@id\":\"https:\/\/www.electrosuisse.ch\/de\/#\/schema\/logo\/image\/\"},\"sameAs\":[\"https:\/\/www.linkedin.com\/company\/electrosuisse-ag\/posts\/?feedView=all\",\"https:\/\/www.instagram.com\/electrosuisse1889\/\",\"https:\/\/www.youtube.com\/channel\/UCoOxohMiVE0Gjcdis1L09zw\"],\"description\":\"Electrosuisse ist eine anerkannte und unabh\u00e4ngige Fachorganisation, die erstklassige Dienstleistungen und Produkte in den Bereichen Inspektion, Beratung, Pr\u00fcfung, Zertifizierung, Normung und Weiterbildung anbietet. Unsere Expertise umfasst Elektrotechnik, Elektromobilit\u00e4t, Energieberatung, Geb\u00e4udeautomation und Photovoltaik in der Schweiz. Durch die Veranstaltung etablierter Branchen-Events und Fachtagungen f\u00f6rdert Electrosuisse den Wissenstransfer und den fachlichen Austausch. Im Mittelpunkt unserer T\u00e4tigkeiten steht die F\u00f6rderung der sicheren, wirtschaftlichen und umweltgerechten Anwendung der Elektrotechnik.\"}]}<\/script>\n<!-- \/ Yoast SEO Premium plugin. -->","yoast_head_json":{"title":"Nichtionisierende Strahlung","description":"Eine Analyse elektromagnetischer Felder erm\u00f6glicht Ihnen, Massnahmen f\u00fcr die Gesundheit von Mitarbeitenden und Kunden zu ergreifen.","robots":{"index":"index","follow":"follow","max-snippet":"max-snippet:-1","max-image-preview":"max-image-preview:large","max-video-preview":"max-video-preview:-1"},"canonical":"https:\/\/www.electrosuisse.ch\/de\/engineering\/nichtionisierende-strahlung\/","og_locale":"de_DE","og_type":"article","og_title":"Nichtionisierende Strahlung","og_description":"Eine Analyse elektromagnetischer Felder erm\u00f6glicht Ihnen, Massnahmen f\u00fcr die Gesundheit von Mitarbeitenden und Kunden zu ergreifen.","og_url":"https:\/\/www.electrosuisse.ch\/de\/engineering\/nichtionisierende-strahlung\/","og_site_name":"Electrosuisse","article_modified_time":"2026-03-09T13:26:10+00:00","og_image":[{"width":1578,"height":650,"url":"https:\/\/www.electrosuisse.ch\/wp-content\/uploads\/2019\/05\/Electrosuisse_nichtionisierende_Strahlung_astronomy-ball-bright-39561.jpg","type":"image\/jpeg"}],"schema":{"@context":"https:\/\/schema.org","@graph":[{"@type":"WebPage","@id":"https:\/\/www.electrosuisse.ch\/de\/engineering\/nichtionisierende-strahlung\/","url":"https:\/\/www.electrosuisse.ch\/de\/engineering\/nichtionisierende-strahlung\/","name":"Nichtionisierende Strahlung","isPartOf":{"@id":"https:\/\/www.electrosuisse.ch\/de\/#website"},"datePublished":"2018-06-24T09:08:37+00:00","dateModified":"2026-03-09T13:26:10+00:00","description":"Eine Analyse elektromagnetischer Felder erm\u00f6glicht Ihnen, Massnahmen f\u00fcr die Gesundheit von Mitarbeitenden und Kunden zu ergreifen.","breadcrumb":{"@id":"https:\/\/www.electrosuisse.ch\/de\/engineering\/nichtionisierende-strahlung\/#breadcrumb"},"inLanguage":"de","potentialAction":[{"@type":"ReadAction","target":["https:\/\/www.electrosuisse.ch\/de\/engineering\/nichtionisierende-strahlung\/"]}]},{"@type":"BreadcrumbList","@id":"https:\/\/www.electrosuisse.ch\/de\/engineering\/nichtionisierende-strahlung\/#breadcrumb","itemListElement":[{"@type":"ListItem","position":1,"name":"Engineering","item":"https:\/\/www.electrosuisse.ch\/de\/engineering\/"},{"@type":"ListItem","position":2,"name":"Nichtionisierende Strahlung"}]},{"@type":"WebSite","@id":"https:\/\/www.electrosuisse.ch\/de\/#website","url":"https:\/\/www.electrosuisse.ch\/de\/","name":"Electrosuisse","description":"","publisher":{"@id":"https:\/\/www.electrosuisse.ch\/de\/#organization"},"potentialAction":[{"@type":"SearchAction","target":{"@type":"EntryPoint","urlTemplate":"https:\/\/www.electrosuisse.ch\/de\/?s={search_term_string}"},"query-input":{"@type":"PropertyValueSpecification","valueRequired":true,"valueName":"search_term_string"}}],"inLanguage":"de"},{"@type":"Organization","@id":"https:\/\/www.electrosuisse.ch\/de\/#organization","name":"Electrosuisse","url":"https:\/\/www.electrosuisse.ch\/de\/","logo":{"@type":"ImageObject","inLanguage":"de","@id":"https:\/\/www.electrosuisse.ch\/de\/#\/schema\/logo\/image\/","url":"https:\/\/www.electrosuisse.ch\/wp-content\/uploads\/2025\/04\/Electrosuisse_Logo_696x696.png","contentUrl":"https:\/\/www.electrosuisse.ch\/wp-content\/uploads\/2025\/04\/Electrosuisse_Logo_696x696.png","width":696,"height":696,"caption":"Electrosuisse"},"image":{"@id":"https:\/\/www.electrosuisse.ch\/de\/#\/schema\/logo\/image\/"},"sameAs":["https:\/\/www.linkedin.com\/company\/electrosuisse-ag\/posts\/?feedView=all","https:\/\/www.instagram.com\/electrosuisse1889\/","https:\/\/www.youtube.com\/channel\/UCoOxohMiVE0Gjcdis1L09zw"],"description":"Electrosuisse ist eine anerkannte und unabh\u00e4ngige Fachorganisation, die erstklassige Dienstleistungen und Produkte in den Bereichen Inspektion, Beratung, Pr\u00fcfung, Zertifizierung, Normung und Weiterbildung anbietet. Unsere Expertise umfasst Elektrotechnik, Elektromobilit\u00e4t, Energieberatung, Geb\u00e4udeautomation und Photovoltaik in der Schweiz. Durch die Veranstaltung etablierter Branchen-Events und Fachtagungen f\u00f6rdert Electrosuisse den Wissenstransfer und den fachlichen Austausch. Im Mittelpunkt unserer T\u00e4tigkeiten steht die F\u00f6rderung der sicheren, wirtschaftlichen und umweltgerechten Anwendung der Elektrotechnik."}]}},"amp_enabled":true,"_links":{"self":[{"href":"https:\/\/www.electrosuisse.ch\/de\/wp-json\/wp\/v2\/pages\/38","targetHints":{"allow":["GET"]}}],"collection":[{"href":"https:\/\/www.electrosuisse.ch\/de\/wp-json\/wp\/v2\/pages"}],"about":[{"href":"https:\/\/www.electrosuisse.ch\/de\/wp-json\/wp\/v2\/types\/page"}],"author":[{"embeddable":true,"href":"https:\/\/www.electrosuisse.ch\/de\/wp-json\/wp\/v2\/users\/2"}],"replies":[{"embeddable":true,"href":"https:\/\/www.electrosuisse.ch\/de\/wp-json\/wp\/v2\/comments?post=38"}],"version-history":[{"count":12,"href":"https:\/\/www.electrosuisse.ch\/de\/wp-json\/wp\/v2\/pages\/38\/revisions"}],"predecessor-version":[{"id":42442,"href":"https:\/\/www.electrosuisse.ch\/de\/wp-json\/wp\/v2\/pages\/38\/revisions\/42442"}],"up":[{"embeddable":true,"href":"https:\/\/www.electrosuisse.ch\/de\/wp-json\/wp\/v2\/pages\/28"}],"wp:attachment":[{"href":"https:\/\/www.electrosuisse.ch\/de\/wp-json\/wp\/v2\/media?parent=38"}],"curies":[{"name":"wp","href":"https:\/\/api.w.org\/{rel}","templated":true}]}}