{"id":34214,"date":"2024-02-22T09:33:51","date_gmt":"2024-02-22T08:33:51","guid":{"rendered":"https:\/\/www.electrosuisse.ch\/?page_id=34214"},"modified":"2025-11-27T09:45:45","modified_gmt":"2025-11-27T08:45:45","slug":"energiespeicherung","status":"publish","type":"page","link":"https:\/\/www.electrosuisse.ch\/de\/engineering\/energiespeicherung\/","title":{"rendered":"Energiespeicherung"},"content":{"rendered":"<div class=\"wpb-content-wrapper\"><p>[vc_row][vc_column][vc_column_text]Energiespeicher gewinnen in zahlreichen Anwendungsf\u00e4llen an Relevanz &#8211; sei es zur Erh\u00f6hung des Eigenverbrauchs, zur Optimierung der Netzstabilit\u00e4t oder zur Reduktion emissionsintensiver Energietr\u00e4ger. Politik, Energieversorger und Unternehmen stehen vor der Herausforderung, die Versorgung und den t\u00e4glichen Betrieb sicherzustellen und \u00fcbersch\u00fcssige Energie effizient zu speichern. Batteriespeicher, W\u00e4rmespeicher, K\u00e4ltespeicher, mechanische Speicher und chemische Energietr\u00e4ger bieten vielf\u00e4ltige L\u00f6sungsans\u00e4tze, die im Gesamtsystem f\u00fcr eine sinnvolle Energienutzung optimal kombiniert werden k\u00f6nnen. Aufgrund der hohen Energiedichte und dem damit einhergehenden Gefahrenpotenzial von grossen Energiespeichern, ist die Sicherheit von Anlagen, der Speicher und des Personals von zentraler Bedeutung. Je nach Technologie, Speichergr\u00f6sse und Nutzungsverhalten sind technische, bauliche, rechtliche und Verf\u00fcgbarkeitsaspekte zu ber\u00fccksichtigen.<\/p>\n<h3>Vorteile der Energiespeicherung<\/h3>\n<ul>\n<li>Erh\u00f6hung der Autarkie und Nutzung von Energie\u00fcbersch\u00fcssen<\/li>\n<li>Optimierung des Eigenverbrauchs und Kostensenkung<\/li>\n<li>Gew\u00e4hrleistung der Versorgungssicherheit, Netzstabilit\u00e4t und Netzqualit\u00e4t<\/li>\n<li>Vermeidung von Emissionen<\/li>\n<\/ul>\n<p>Ein durchdachtes Energiespeichersystem kann zur L\u00f6sung Ihrer individuellen Herausforderungen beitragen.[\/vc_column_text][\/vc_column][\/vc_row][vc_row el_id=&#8221;angebot&#8221;][vc_column][vc_column_text]<\/p>\n<h3>Unser Angebot<\/h3>\n<p>Wir erstellen f\u00fcr Ihre individuellen Anforderungen ein umfassendes Konzept zur effektiven Integration von Energiespeichern und begleiten Sie bei der Realisierung. Dabei arbeiten wir technologieoffen, interdisziplin\u00e4r und mit Blick auf ein sinnvolles Gesamtenergiekonzept. Eine fundierte Analyse der Umgebungsbedingungen und der Vergleich der einsetzbaren Technologien schaffen einen transparenten \u00dcberblick \u00fcber die M\u00f6glichkeiten und Chancen. Immer im Fokus: Funktionalit\u00e4t, Sicherheit, Machbarkeit, Gesetzeskonformit\u00e4t, Nachhaltigkeit und Wirtschaftlichkeit.<\/p>\n<h3><strong>Ihre Erfolge<\/strong><\/h3>\n<ul>\n<li>Einsatz funktionaler und verf\u00fcgbarer Technologien<\/li>\n<li>Massgeschneiderte und nachhaltige L\u00f6sungen<\/li>\n<li>Sicheres und gesetzeskonformes System<\/li>\n<li>Wirtschaftliche und strategische Klarheit<\/li>\n<\/ul>\n<h3>F\u00f6rderm\u00f6glichkeiten<\/h3>\n<p>Energiespeichertechnologien werden durch verschiedene Initiativen gef\u00f6rdert. Gerne kl\u00e4ren wir f\u00fcr Sie die F\u00f6rderm\u00f6glichkeiten ab.<\/p>\n<h3>Unsere Spezialisten<\/h3>\n<p>Als unabh\u00e4ngige Fachorganisation f\u00fcr Elektro-, Energie-, und Informationstechnik b\u00fcndeln wir die Kompetenzen aus unterschiedlichen Fachgebieten. Unsere Spezialisten aus den Bereichen Umwelt-, Energie-, Chemie-, Verfahrens-, HLK- und Elektrotechnik, Maschinenbau und Data Science arbeiten interdisziplin\u00e4r und zielorientiert an den L\u00f6sungen zu Ihren Herausforderungen. Wir unterst\u00fctzen Sie gerne auf dem Weg zu einem zukunftsf\u00e4higen Energiesystem, auch \u00fcber die Energiespeicherung hinaus.[\/vc_column_text][vc_column_text css=&#8221;&#8221;]<\/p>\n<h3>Das Wichtigste in K\u00fcrze<\/h3>\n<ul>\n<li>Energiespeicher sind entscheidend f\u00fcr die Erh\u00f6hung der Autarkie, die Nutzung von Energie\u00fcbersch\u00fcssen und die Reduktion emissionsintensiver Energietr\u00e4ger.<\/li>\n<li>Sie tragen zur Wirtschaftlichkeitsoptimierung, Netzstabilit\u00e4t, Versorgungssicherheit und Eigenverbrauchserh\u00f6hung bei, sowohl im Unternehmen als auch f\u00fcr Energieversorger.<\/li>\n<li>Es gibt verschiedene Speichertechnologien wie Batterie-, W\u00e4rme-, K\u00e4lte-, mechanische und chemische Speicher, die je nach Bedarf kombiniert werden k\u00f6nnen.<\/li>\n<li>Die Sicherheit von Anlagen, Speichern und Personal ist zentral. Abh\u00e4ngig von Technologie, Speichergr\u00f6sse und Nutzungsverhalten m\u00fcssen bauliche und rechtliche Aspekte ber\u00fccksichtigt werden.<\/li>\n<li>Ein durchdachtes Speichersystem hilft, individuelle Herausforderungen zu l\u00f6sen und bereitet auf Energiekostenschwankungen und Strommangellagen vor.<\/li>\n<li>Electrosuisse unterst\u00fctzt bei der Evaluierung und Auslegung zur sinnvollen Integration von Energiespeichersystemen.<\/li>\n<\/ul>\n<p>[\/vc_column_text][\/vc_column][\/vc_row][vc_row el_id=&#8221;kontakt&#8221;][vc_column][vc_column_text el_class=&#8221;lead&#8221;]<\/p>\n<h2>Kontakt<\/h2>\n<p>[\/vc_column_text]<div class=\"wpb_contact_column wpb_content_element wpb_contact_column--container\"><div class=\"wpb_wrapper\"><div class=\"contact_container_outer\"><div class=\"contact_container\"><div class=\"contact row middle-xs\"><div class=\"contact__img col-sm-5 col-xs-12\"><img decoding=\"async\" src=\"https:\/\/www.electrosuisse.ch\/wp-content\/uploads\/2024\/08\/StefanBaer_302x302.png\" alt=\"Stefan B\u00e4r - Teamleiter Engineering Ost\" \/><\/div><div class=\"contact__info col-sm-7 col-xs-12\"><p><b>Stefan B\u00e4r<\/b><br>Teamleiter Engineering Ost<\/p><div class=\"phone has-link\"><a href=\"tel:+41585951571\">+41 58 595 15 71<\/a><\/div><div class=\"mail has-link\"><a href=\"mailto:&#115;t&#x65;f&#x61;&#110;&#x2e;&#98;&#x61;&#101;r&#x40;e&#x6c;&#101;&#x63;&#116;&#x72;&#111;&#x73;&#117;i&#x73;s&#x65;&#46;&#x63;&#104;\">&#x73;&#x74;&#101;fa&#x6e;&#x2e;&#98;&#97;e&#x72;&#x40;&#101;&#108;e&#x63;&#x74;&#x72;&#111;su&#x69;&#x73;&#115;&#101;&#46;&#x63;&#x68;<\/a><\/div><\/div><\/div><\/div><\/div><div class=\"contact_container_outer\"><div class=\"contact_container\"><div class=\"contact row middle-xs\"><div class=\"contact__img col-sm-5 col-xs-12\"><img decoding=\"async\" src=\"https:\/\/www.electrosuisse.ch\/wp-content\/uploads\/2025\/09\/Felix-Bigler_320x320.png\" alt=\"Felix Bigler - Teamleiter Engineering West\" \/><\/div><div class=\"contact__info col-sm-7 col-xs-12\"><p><b>Felix Bigler<\/b><br>Teamleiter Engineering West<\/p><div class=\"phone has-link\"><a href=\"tel:+41585951575\">+41 58 595 15 75<\/a><\/div><div class=\"mail has-link\"><a href=\"mailto:&#x66;&#101;l&#x69;&#x78;&#46;b&#x69;&#x67;&#108;e&#x72;&#x40;&#101;l&#x65;&#x63;&#116;r&#x6f;&#115;&#117;i&#x73;&#115;e&#x2e;&#x63;&#104;\">&#102;&#x65;&#108;&#x69;&#120;&#x2e;&#98;&#x69;&#103;&#x6c;&#101;&#x72;&#64;&#x65;&#108;&#x65;&#99;&#x74;&#114;&#x6f;&#115;&#x75;&#105;&#x73;&#115;&#x65;&#46;&#x63;h<\/a><\/div><\/div><\/div><\/div><\/div><div class=\"contact_container_outer\"><div class=\"contact_container\"><div class=\"contact row middle-xs\"><div class=\"contact__img col-sm-5 col-xs-12\"><img decoding=\"async\" src=\"\/wp-content\/themes\/SCHMUCKI_child\/img\/contact_placeholder.jpg\" alt=\"Beratung, Inspektion und Engineering\" \/><\/div><div class=\"contact__info col-sm-7 col-xs-12\"><p><b>Beratung, Inspektion und Engineering<\/b><br>Innendienst<\/p><div class=\"phone has-link\"><a href=\"tel:+41585951199\">+41 58 595 11 99<\/a><\/div><div class=\"mail has-link\"><a href=\"mailto:&#x62;&#101;&#114;a&#x74;&#x75;&#110;g&#x40;&#x65;&#108;e&#x63;&#x74;&#114;o&#x73;&#x75;&#105;s&#x73;&#x65;&#46;c&#x68; \">bera&#116;&#117;&#110;&#103;&#64;&#101;&#108;&#x65;&#x63;&#x74;&#x72;&#x6f;&#x73;&#x75;&#x69;&#x73;se&#46;c&#104; <\/a><\/div><\/div><\/div><\/div><\/div><\/div><\/div>[\/vc_column][\/vc_row]<\/p>\n<\/div>","protected":false},"excerpt":{"rendered":"<p>[vc_row][vc_column][vc_column_text]Energiespeicher gewinnen in zahlreichen Anwendungsf\u00e4llen an Relevanz &#8211; sei es zur Erh\u00f6hung des Eigenverbrauchs, zur Optimierung der Netzstabilit\u00e4t oder zur Reduktion emissionsintensiver Energietr\u00e4ger. Politik, Energieversorger und Unternehmen stehen vor der Herausforderung, die Versorgung und den t\u00e4glichen Betrieb sicherzustellen und \u00fcbersch\u00fcssige Energie effizient zu speichern. Batteriespeicher, W\u00e4rmespeicher, K\u00e4ltespeicher, mechanische Speicher und chemische Energietr\u00e4ger bieten vielf\u00e4ltige L\u00f6sungsans\u00e4tze, [&hellip;]<\/p>\n","protected":false},"author":38,"featured_media":0,"parent":28,"menu_order":211,"comment_status":"closed","ping_status":"closed","template":"","meta":{"_acf_changed":false,"_monsterinsights_skip_tracking":false,"_monsterinsights_sitenote_active":false,"_monsterinsights_sitenote_note":"","_monsterinsights_sitenote_category":0,"footnotes":""},"class_list":["post-34214","page","type-page","status-publish","hentry"],"acf":[],"yoast_head":"<!-- This site is optimized with the Yoast SEO Premium plugin v26.4 (Yoast SEO v27.0) - https:\/\/yoast.com\/product\/yoast-seo-premium-wordpress\/ -->\n<title>Energiespeicherung - Electrosuisse<\/title>\n<meta name=\"description\" content=\"Im Fall einer Strommangellage tritt k\u00fcnftig OSTRAL in Kraft \u2013 wir helfen dabei, Ihre Energieversorgung entsprechend vorzubereiten.\" \/>\n<meta name=\"robots\" content=\"index, follow, max-snippet:-1, max-image-preview:large, max-video-preview:-1\" \/>\n<link rel=\"canonical\" href=\"https:\/\/www.electrosuisse.ch\/de\/engineering\/energiespeicherung\/\" \/>\n<meta property=\"og:locale\" content=\"de_DE\" \/>\n<meta property=\"og:type\" content=\"article\" \/>\n<meta property=\"og:title\" content=\"Energiespeicherung - Electrosuisse\" \/>\n<meta property=\"og:description\" content=\"Im Fall einer Strommangellage tritt k\u00fcnftig OSTRAL in Kraft \u2013 wir helfen dabei, Ihre Energieversorgung entsprechend vorzubereiten.\" \/>\n<meta property=\"og:url\" content=\"https:\/\/www.electrosuisse.ch\/de\/engineering\/energiespeicherung\/\" \/>\n<meta property=\"og:site_name\" content=\"Electrosuisse\" \/>\n<meta property=\"article:modified_time\" content=\"2025-11-27T08:45:45+00:00\" \/>\n<meta property=\"og:image\" content=\"https:\/\/www.electrosuisse.ch\/wp-content\/uploads\/2019\/04\/Electrosuisse_Energienutzungskonzept_iStock-491842814-e1554283006791.jpg\" \/>\n\t<meta property=\"og:image:width\" content=\"1578\" \/>\n\t<meta property=\"og:image:height\" content=\"650\" \/>\n\t<meta property=\"og:image:type\" content=\"image\/jpeg\" \/>\n<script type=\"application\/ld+json\" class=\"yoast-schema-graph\">{\"@context\":\"https:\/\/schema.org\",\"@graph\":[{\"@type\":\"WebPage\",\"@id\":\"https:\/\/www.electrosuisse.ch\/de\/engineering\/energiespeicherung\/\",\"url\":\"https:\/\/www.electrosuisse.ch\/de\/engineering\/energiespeicherung\/\",\"name\":\"Energiespeicherung - Electrosuisse\",\"isPartOf\":{\"@id\":\"https:\/\/www.electrosuisse.ch\/de\/#website\"},\"datePublished\":\"2024-02-22T08:33:51+00:00\",\"dateModified\":\"2025-11-27T08:45:45+00:00\",\"description\":\"Im Fall einer Strommangellage tritt k\u00fcnftig OSTRAL in Kraft \u2013 wir helfen dabei, Ihre Energieversorgung entsprechend vorzubereiten.\",\"breadcrumb\":{\"@id\":\"https:\/\/www.electrosuisse.ch\/de\/engineering\/energiespeicherung\/#breadcrumb\"},\"inLanguage\":\"de\",\"potentialAction\":[{\"@type\":\"ReadAction\",\"target\":[\"https:\/\/www.electrosuisse.ch\/de\/engineering\/energiespeicherung\/\"]}]},{\"@type\":\"BreadcrumbList\",\"@id\":\"https:\/\/www.electrosuisse.ch\/de\/engineering\/energiespeicherung\/#breadcrumb\",\"itemListElement\":[{\"@type\":\"ListItem\",\"position\":1,\"name\":\"Engineering\",\"item\":\"https:\/\/www.electrosuisse.ch\/de\/engineering\/\"},{\"@type\":\"ListItem\",\"position\":2,\"name\":\"Energiespeicherung\"}]},{\"@type\":\"WebSite\",\"@id\":\"https:\/\/www.electrosuisse.ch\/de\/#website\",\"url\":\"https:\/\/www.electrosuisse.ch\/de\/\",\"name\":\"Electrosuisse\",\"description\":\"\",\"publisher\":{\"@id\":\"https:\/\/www.electrosuisse.ch\/de\/#organization\"},\"potentialAction\":[{\"@type\":\"SearchAction\",\"target\":{\"@type\":\"EntryPoint\",\"urlTemplate\":\"https:\/\/www.electrosuisse.ch\/de\/?s={search_term_string}\"},\"query-input\":{\"@type\":\"PropertyValueSpecification\",\"valueRequired\":true,\"valueName\":\"search_term_string\"}}],\"inLanguage\":\"de\"},{\"@type\":\"Organization\",\"@id\":\"https:\/\/www.electrosuisse.ch\/de\/#organization\",\"name\":\"Electrosuisse\",\"url\":\"https:\/\/www.electrosuisse.ch\/de\/\",\"logo\":{\"@type\":\"ImageObject\",\"inLanguage\":\"de\",\"@id\":\"https:\/\/www.electrosuisse.ch\/de\/#\/schema\/logo\/image\/\",\"url\":\"https:\/\/www.electrosuisse.ch\/wp-content\/uploads\/2025\/04\/Electrosuisse_Logo_696x696.png\",\"contentUrl\":\"https:\/\/www.electrosuisse.ch\/wp-content\/uploads\/2025\/04\/Electrosuisse_Logo_696x696.png\",\"width\":696,\"height\":696,\"caption\":\"Electrosuisse\"},\"image\":{\"@id\":\"https:\/\/www.electrosuisse.ch\/de\/#\/schema\/logo\/image\/\"},\"sameAs\":[\"https:\/\/www.linkedin.com\/company\/electrosuisse-ag\/posts\/?feedView=all\",\"https:\/\/www.instagram.com\/electrosuisse1889\/\",\"https:\/\/www.youtube.com\/channel\/UCoOxohMiVE0Gjcdis1L09zw\"],\"description\":\"Electrosuisse ist eine anerkannte und unabh\u00e4ngige Fachorganisation, die erstklassige Dienstleistungen und Produkte in den Bereichen Inspektion, Beratung, Pr\u00fcfung, Zertifizierung, Normung und Weiterbildung anbietet. Unsere Expertise umfasst Elektrotechnik, Elektromobilit\u00e4t, Energieberatung, Geb\u00e4udeautomation und Photovoltaik in der Schweiz. Durch die Veranstaltung etablierter Branchen-Events und Fachtagungen f\u00f6rdert Electrosuisse den Wissenstransfer und den fachlichen Austausch. Im Mittelpunkt unserer T\u00e4tigkeiten steht die F\u00f6rderung der sicheren, wirtschaftlichen und umweltgerechten Anwendung der Elektrotechnik.\"}]}<\/script>\n<!-- \/ Yoast SEO Premium plugin. -->","yoast_head_json":{"title":"Energiespeicherung - Electrosuisse","description":"Im Fall einer Strommangellage tritt k\u00fcnftig OSTRAL in Kraft \u2013 wir helfen dabei, Ihre Energieversorgung entsprechend vorzubereiten.","robots":{"index":"index","follow":"follow","max-snippet":"max-snippet:-1","max-image-preview":"max-image-preview:large","max-video-preview":"max-video-preview:-1"},"canonical":"https:\/\/www.electrosuisse.ch\/de\/engineering\/energiespeicherung\/","og_locale":"de_DE","og_type":"article","og_title":"Energiespeicherung - Electrosuisse","og_description":"Im Fall einer Strommangellage tritt k\u00fcnftig OSTRAL in Kraft \u2013 wir helfen dabei, Ihre Energieversorgung entsprechend vorzubereiten.","og_url":"https:\/\/www.electrosuisse.ch\/de\/engineering\/energiespeicherung\/","og_site_name":"Electrosuisse","article_modified_time":"2025-11-27T08:45:45+00:00","og_image":[{"width":1578,"height":650,"url":"https:\/\/www.electrosuisse.ch\/wp-content\/uploads\/2019\/04\/Electrosuisse_Energienutzungskonzept_iStock-491842814-e1554283006791.jpg","type":"image\/jpeg"}],"schema":{"@context":"https:\/\/schema.org","@graph":[{"@type":"WebPage","@id":"https:\/\/www.electrosuisse.ch\/de\/engineering\/energiespeicherung\/","url":"https:\/\/www.electrosuisse.ch\/de\/engineering\/energiespeicherung\/","name":"Energiespeicherung - Electrosuisse","isPartOf":{"@id":"https:\/\/www.electrosuisse.ch\/de\/#website"},"datePublished":"2024-02-22T08:33:51+00:00","dateModified":"2025-11-27T08:45:45+00:00","description":"Im Fall einer Strommangellage tritt k\u00fcnftig OSTRAL in Kraft \u2013 wir helfen dabei, Ihre Energieversorgung entsprechend vorzubereiten.","breadcrumb":{"@id":"https:\/\/www.electrosuisse.ch\/de\/engineering\/energiespeicherung\/#breadcrumb"},"inLanguage":"de","potentialAction":[{"@type":"ReadAction","target":["https:\/\/www.electrosuisse.ch\/de\/engineering\/energiespeicherung\/"]}]},{"@type":"BreadcrumbList","@id":"https:\/\/www.electrosuisse.ch\/de\/engineering\/energiespeicherung\/#breadcrumb","itemListElement":[{"@type":"ListItem","position":1,"name":"Engineering","item":"https:\/\/www.electrosuisse.ch\/de\/engineering\/"},{"@type":"ListItem","position":2,"name":"Energiespeicherung"}]},{"@type":"WebSite","@id":"https:\/\/www.electrosuisse.ch\/de\/#website","url":"https:\/\/www.electrosuisse.ch\/de\/","name":"Electrosuisse","description":"","publisher":{"@id":"https:\/\/www.electrosuisse.ch\/de\/#organization"},"potentialAction":[{"@type":"SearchAction","target":{"@type":"EntryPoint","urlTemplate":"https:\/\/www.electrosuisse.ch\/de\/?s={search_term_string}"},"query-input":{"@type":"PropertyValueSpecification","valueRequired":true,"valueName":"search_term_string"}}],"inLanguage":"de"},{"@type":"Organization","@id":"https:\/\/www.electrosuisse.ch\/de\/#organization","name":"Electrosuisse","url":"https:\/\/www.electrosuisse.ch\/de\/","logo":{"@type":"ImageObject","inLanguage":"de","@id":"https:\/\/www.electrosuisse.ch\/de\/#\/schema\/logo\/image\/","url":"https:\/\/www.electrosuisse.ch\/wp-content\/uploads\/2025\/04\/Electrosuisse_Logo_696x696.png","contentUrl":"https:\/\/www.electrosuisse.ch\/wp-content\/uploads\/2025\/04\/Electrosuisse_Logo_696x696.png","width":696,"height":696,"caption":"Electrosuisse"},"image":{"@id":"https:\/\/www.electrosuisse.ch\/de\/#\/schema\/logo\/image\/"},"sameAs":["https:\/\/www.linkedin.com\/company\/electrosuisse-ag\/posts\/?feedView=all","https:\/\/www.instagram.com\/electrosuisse1889\/","https:\/\/www.youtube.com\/channel\/UCoOxohMiVE0Gjcdis1L09zw"],"description":"Electrosuisse ist eine anerkannte und unabh\u00e4ngige Fachorganisation, die erstklassige Dienstleistungen und Produkte in den Bereichen Inspektion, Beratung, Pr\u00fcfung, Zertifizierung, Normung und Weiterbildung anbietet. Unsere Expertise umfasst Elektrotechnik, Elektromobilit\u00e4t, Energieberatung, Geb\u00e4udeautomation und Photovoltaik in der Schweiz. Durch die Veranstaltung etablierter Branchen-Events und Fachtagungen f\u00f6rdert Electrosuisse den Wissenstransfer und den fachlichen Austausch. Im Mittelpunkt unserer T\u00e4tigkeiten steht die F\u00f6rderung der sicheren, wirtschaftlichen und umweltgerechten Anwendung der Elektrotechnik."}]}},"amp_enabled":true,"_links":{"self":[{"href":"https:\/\/www.electrosuisse.ch\/de\/wp-json\/wp\/v2\/pages\/34214","targetHints":{"allow":["GET"]}}],"collection":[{"href":"https:\/\/www.electrosuisse.ch\/de\/wp-json\/wp\/v2\/pages"}],"about":[{"href":"https:\/\/www.electrosuisse.ch\/de\/wp-json\/wp\/v2\/types\/page"}],"author":[{"embeddable":true,"href":"https:\/\/www.electrosuisse.ch\/de\/wp-json\/wp\/v2\/users\/38"}],"replies":[{"embeddable":true,"href":"https:\/\/www.electrosuisse.ch\/de\/wp-json\/wp\/v2\/comments?post=34214"}],"version-history":[{"count":8,"href":"https:\/\/www.electrosuisse.ch\/de\/wp-json\/wp\/v2\/pages\/34214\/revisions"}],"predecessor-version":[{"id":40525,"href":"https:\/\/www.electrosuisse.ch\/de\/wp-json\/wp\/v2\/pages\/34214\/revisions\/40525"}],"up":[{"embeddable":true,"href":"https:\/\/www.electrosuisse.ch\/de\/wp-json\/wp\/v2\/pages\/28"}],"wp:attachment":[{"href":"https:\/\/www.electrosuisse.ch\/de\/wp-json\/wp\/v2\/media?parent=34214"}],"curies":[{"name":"wp","href":"https:\/\/api.w.org\/{rel}","templated":true}]}}