{"id":34,"date":"2018-06-24T11:08:09","date_gmt":"2018-06-24T09:08:09","guid":{"rendered":"https:\/\/www.electrosuisse.ch\/?page_id=34"},"modified":"2026-03-24T14:23:20","modified_gmt":"2026-03-24T13:23:20","slug":"power-quality","status":"publish","type":"page","link":"https:\/\/www.electrosuisse.ch\/de\/engineering\/power-quality\/","title":{"rendered":"Power Quality"},"content":{"rendered":"<div class=\"wpb-content-wrapper\"><p>[vc_row][vc_column][vc_column_text el_class=&#8221;lead&#8221;]Die Netzqualit\u00e4t ist wesentlich. Elektrische Betriebsmittel d\u00fcrfen andere Anlagen oder Systeme nicht negativ beeinflussen oder die Stromversorgung im normalen Betrieb, einschliesslich Schaltvorg\u00e4nge, beeintr\u00e4chtigen.<\/p>\n<p>Kennt man die Auslastung des Netzes und die Abschaltbedingungen, k\u00f6nnen Netzanpassungen und Schutzeinrichtungen genau ausgelegt und Netzanschl\u00fcsse korrekt beurteilt werden.[\/vc_column_text][\/vc_column][\/vc_row][vc_row el_id=&#8221;angebot&#8221;][vc_column][vc_column_text]<\/p>\n<h3>Unser Angebot<\/h3>\n<p>Unsere Spezialisten unterst\u00fctzen Sie bei allen Netzst\u00f6rungsproblemen. Mit einer Beurteilung vor Ort und allf\u00e4lliger Langzeitmessung gehen wir den St\u00f6rungen auf den Grund. Die anschliessende Datenanalyse f\u00fchrt zu einer konkreten Handlungsempfehlung f\u00fcr Ihr Objekt.<\/p>\n<p>Analyse:<\/p>\n<ul>\n<li>des Leistungsfaktors cos(\u03c6)<\/li>\n<li>des Einschalt- oder Anlaufstroms<\/li>\n<li>der unsymmetrischen Last<\/li>\n<li>der Oberschwingungen (FFT-Analysen)<\/li>\n<li>der transienten \u00dcber- oder Unterspannungen<\/li>\n<li>der Strom- und Spannungsmessung h\u00f6herer Frequenzen<\/li>\n<\/ul>\n<p>[\/vc_column_text][vc_column_text css=&#8221;&#8221;]<\/p>\n<h3>Das Wichtigste in K\u00fcrze<\/h3>\n<ul>\n<li>Eine gute Netzqualit\u00e4t verhindert, dass elektrische Betriebsmittel andere Systeme st\u00f6ren oder die Stromversorgung beeintr\u00e4chtigen.<\/li>\n<li>Durch Kenntnis der Netzbelastung und Abschaltbedingungen k\u00f6nnen Netzanschl\u00fcsse und Schutzsysteme optimal ausgelegt werden.<\/li>\n<li>Electrosuisse bietet vor Ort Beurteilungen und Langzeitmessungen zur Identifikation und Analyse von Netzst\u00f6rungen und Optimierungspotenzialen.<\/li>\n<li>Analysiert werden u.a. Strom, Spannung, Oberschwingungen, Leistungsfaktor, Einschaltstrom, unsymmetrische Lasten, transiente Spannungsabweichungen und Spannungsqualit\u00e4t nach EN50160.<\/li>\n<li>Die Ergebnisse f\u00fchren zu konkreten Handlungsempfehlungen zur Verbesserung der Netzqualit\u00e4t f\u00fcr das jeweilige Objekt.<\/li>\n<\/ul>\n<p>[\/vc_column_text][\/vc_column][\/vc_row][vc_row el_id=&#8221;kontakt&#8221;][vc_column][vc_column_text]<\/p>\n<h2>Kontakt<\/h2>\n<p>[\/vc_column_text]<div class=\"wpb_contact_column wpb_content_element wpb_contact_column--container\"><div class=\"wpb_wrapper\"><div class=\"contact_container_outer\"><div class=\"contact_container\"><div class=\"contact row middle-xs\"><div class=\"contact__img col-sm-5 col-xs-12\"><img decoding=\"async\" src=\"https:\/\/www.electrosuisse.ch\/wp-content\/uploads\/2024\/08\/StefanBaer_302x302.png\" alt=\"Stefan B\u00e4r - Teamleiter Engineering Ost\" \/><\/div><div class=\"contact__info col-sm-7 col-xs-12\"><p><b>Stefan B\u00e4r<\/b><br>Teamleiter Engineering Ost<\/p><div class=\"phone has-link\"><a href=\"tel:+41585951571\">+41 58 595 15 71<\/a><\/div><div class=\"mail has-link\"><a href=\"mailto:&#115;&#x74;e&#102;&#x61;n&#46;&#x62;a&#x65;&#x72;&#64;&#x65;l&#101;&#x63;t&#114;&#x6f;s&#x75;&#x69;&#115;&#x73;&#x65;&#46;&#x63;h\">&#115;&#x74;e&#102;&#x61;n&#46;&#x62;a&#101;&#x72;&#64;&#101;&#x6c;e&#99;&#x74;r&#111;&#x73;u&#105;&#x73;s&#101;&#x2e;c&#104;<\/a><\/div><\/div><\/div><\/div><\/div><div class=\"contact_container_outer\"><div class=\"contact_container\"><div class=\"contact row middle-xs\"><div class=\"contact__img col-sm-5 col-xs-12\"><img decoding=\"async\" src=\"https:\/\/www.electrosuisse.ch\/wp-content\/uploads\/2025\/09\/Felix-Bigler_320x320.png\" alt=\"Felix Bigler - Teamleiter Engineering West\" \/><\/div><div class=\"contact__info col-sm-7 col-xs-12\"><p><b>Felix Bigler<\/b><br>Teamleiter Engineering West<\/p><div class=\"phone has-link\"><a href=\"tel:+41585951575\">+41 58 595 15 75<\/a><\/div><div class=\"mail has-link\"><a href=\"mailto:&#102;&#101;&#x6c;i&#120;&#x2e;&#x62;i&#103;&#x6c;&#x65;r&#64;&#x65;&#x6c;e&#99;&#x74;&#x72;o&#115;&#x75;&#x69;s&#115;&#x65;&#46;&#99;&#104;\">&#102;e&#x6c;i&#x78;&#46;&#x62;&#105;&#x67;&#108;e&#x72;&#64;&#x65;&#108;&#x65;&#99;&#x74;&#114;&#x6f;&#115;u&#x69;s&#x73;&#101;&#x2e;&#99;&#x68;<\/a><\/div><\/div><\/div><\/div><\/div><div class=\"contact_container_outer\"><div class=\"contact_container\"><div class=\"contact row middle-xs\"><div class=\"contact__img col-sm-5 col-xs-12\"><img decoding=\"async\" src=\"\/wp-content\/themes\/SCHMUCKI_child\/img\/contact_placeholder.jpg\" alt=\"Beratung, Inspektion und Engineering\" \/><\/div><div class=\"contact__info col-sm-7 col-xs-12\"><p><b>Beratung, Inspektion und Engineering<\/b><br>Innendienst<\/p><div class=\"phone has-link\"><a href=\"tel:+41585951199\">+41 58 595 11 99<\/a><\/div><div class=\"mail has-link\"><a href=\"mailto:&#98;&#x65;r&#97;&#x74;u&#110;&#x67;&#64;&#101;&#x6c;e&#99;&#x74;&#114;&#x6f;&#x73;&#117;&#x69;&#x73;&#115;&#x65;&#46;&#99;&#x68; \">&#98;&#101;&#x72;&#x61;&#116;&#117;&#x6e;&#x67;&#64;&#101;&#x6c;&#x65;&#99;&#116;&#x72;&#x6f;&#115;&#117;&#x69;&#x73;&#115;&#101;&#x2e;&#x63;&#104; <\/a><\/div><\/div><\/div><\/div><\/div><\/div><\/div>[\/vc_column][\/vc_row][vc_row el_id=&#8221;hinweis&#8221;][vc_column]<div class=\"wpb_text_image_column wpb_content_element \"><div class=\"wpb_wrapper\"><div class=\"row middle-lg\"><div class=\"col-sm-6 col-xs-12\"><div class=\"picture_container\"><picture><source srcset=\"https:\/\/www.electrosuisse.ch\/wp-content\/uploads\/2019\/03\/Electrosuisse_Berechnung_Taschenrechner_1598041-585x500.jpg\"><img decoding=\"async\" src=\"https:\/\/www.electrosuisse.ch\/wp-content\/uploads\/2019\/03\/Electrosuisse_Berechnung_Taschenrechner_1598041-585x500.jpg\" alt=\"Kurs Netzqualit\u00e4t in Niederspannungs-Installationsnetzen\" \/><\/picture><\/div><\/div><div class=\"col-sm-6 col-xs-12\"><h3>Kurs Netzqualit\u00e4t in Niederspannungs-Installationsnetzen<\/h3><p>Grundlagen der Normenreihe EN 61000 \u00fcber die Bedeutung der Netzqualit\u00e4t in Niederspannungsnetzen, Ursachen von Netzr\u00fcckwirkungen, Grenzwerten, Messungen und Interpretationen; Massnahmen zur Verbesserung der Netzqualit\u00e4t.<\/p>\n<div class=\"button button--normal\"><a href=\"https:\/\/shop.electrosuisse.ch\/de\/Netzqualitaet-_Power-Quality_-in-2267.html\" target=\"_blank\" rel=\"noopener\">Kursdetails<\/a><\/div><\/div><\/div><\/div><\/div>[\/vc_column][\/vc_row]<\/p>\n<\/div>","protected":false},"excerpt":{"rendered":"<p>[vc_row][vc_column][vc_column_text el_class=&#8221;lead&#8221;]Die Netzqualit\u00e4t ist wesentlich. Elektrische Betriebsmittel d\u00fcrfen andere Anlagen oder Systeme nicht negativ beeinflussen oder die Stromversorgung im normalen Betrieb, einschliesslich Schaltvorg\u00e4nge, beeintr\u00e4chtigen. Kennt man die Auslastung des Netzes und die Abschaltbedingungen, k\u00f6nnen Netzanpassungen und Schutzeinrichtungen genau ausgelegt und Netzanschl\u00fcsse korrekt beurteilt werden.[\/vc_column_text][\/vc_column][\/vc_row][vc_row el_id=&#8221;angebot&#8221;][vc_column][vc_column_text] Unser Angebot Unsere Spezialisten unterst\u00fctzen Sie bei allen Netzst\u00f6rungsproblemen. Mit [&hellip;]<\/p>\n","protected":false},"author":2,"featured_media":0,"parent":28,"menu_order":258,"comment_status":"closed","ping_status":"closed","template":"","meta":{"_acf_changed":false,"_monsterinsights_skip_tracking":false,"_monsterinsights_sitenote_active":false,"_monsterinsights_sitenote_note":"","_monsterinsights_sitenote_category":0,"footnotes":""},"class_list":["post-34","page","type-page","status-publish","hentry"],"acf":[],"yoast_head":"<!-- This site is optimized with the Yoast SEO Premium plugin v26.4 (Yoast SEO v27.0) - https:\/\/yoast.com\/product\/yoast-seo-premium-wordpress\/ -->\n<title>Netzqualit\u00e4t optimieren - Electrosuisse<\/title>\n<meta name=\"description\" content=\"Unsere Spezialisten gehen St\u00f6rungen auf den Grund und erstellen konkrete Handlungsempfehlungen f\u00fcr Ihr Objekt.\" \/>\n<meta name=\"robots\" content=\"index, follow, max-snippet:-1, max-image-preview:large, max-video-preview:-1\" \/>\n<link rel=\"canonical\" href=\"https:\/\/www.electrosuisse.ch\/de\/engineering\/power-quality\/\" \/>\n<meta property=\"og:locale\" content=\"de_DE\" \/>\n<meta property=\"og:type\" content=\"article\" \/>\n<meta property=\"og:title\" content=\"Netzqualit\u00e4t optimieren - Electrosuisse\" \/>\n<meta property=\"og:description\" content=\"Unsere Spezialisten gehen St\u00f6rungen auf den Grund und erstellen konkrete Handlungsempfehlungen f\u00fcr Ihr Objekt.\" \/>\n<meta property=\"og:url\" content=\"https:\/\/www.electrosuisse.ch\/de\/engineering\/power-quality\/\" \/>\n<meta property=\"og:site_name\" content=\"Electrosuisse\" \/>\n<meta property=\"article:modified_time\" content=\"2026-03-24T13:23:20+00:00\" \/>\n<meta property=\"og:image\" content=\"https:\/\/www.electrosuisse.ch\/wp-content\/uploads\/2019\/04\/Electrosuisse_Power_Quality_Netzqualitaet_iStock-588367166.jpg\" \/>\n\t<meta property=\"og:image:width\" content=\"1578\" \/>\n\t<meta property=\"og:image:height\" content=\"650\" \/>\n\t<meta property=\"og:image:type\" content=\"image\/jpeg\" \/>\n<script type=\"application\/ld+json\" class=\"yoast-schema-graph\">{\"@context\":\"https:\/\/schema.org\",\"@graph\":[{\"@type\":\"WebPage\",\"@id\":\"https:\/\/www.electrosuisse.ch\/de\/engineering\/power-quality\/\",\"url\":\"https:\/\/www.electrosuisse.ch\/de\/engineering\/power-quality\/\",\"name\":\"Netzqualit\u00e4t optimieren - Electrosuisse\",\"isPartOf\":{\"@id\":\"https:\/\/www.electrosuisse.ch\/de\/#website\"},\"datePublished\":\"2018-06-24T09:08:09+00:00\",\"dateModified\":\"2026-03-24T13:23:20+00:00\",\"description\":\"Unsere Spezialisten gehen St\u00f6rungen auf den Grund und erstellen konkrete Handlungsempfehlungen f\u00fcr Ihr Objekt.\",\"breadcrumb\":{\"@id\":\"https:\/\/www.electrosuisse.ch\/de\/engineering\/power-quality\/#breadcrumb\"},\"inLanguage\":\"de\",\"potentialAction\":[{\"@type\":\"ReadAction\",\"target\":[\"https:\/\/www.electrosuisse.ch\/de\/engineering\/power-quality\/\"]}]},{\"@type\":\"BreadcrumbList\",\"@id\":\"https:\/\/www.electrosuisse.ch\/de\/engineering\/power-quality\/#breadcrumb\",\"itemListElement\":[{\"@type\":\"ListItem\",\"position\":1,\"name\":\"Engineering\",\"item\":\"https:\/\/www.electrosuisse.ch\/de\/engineering\/\"},{\"@type\":\"ListItem\",\"position\":2,\"name\":\"Power Quality\"}]},{\"@type\":\"WebSite\",\"@id\":\"https:\/\/www.electrosuisse.ch\/de\/#website\",\"url\":\"https:\/\/www.electrosuisse.ch\/de\/\",\"name\":\"Electrosuisse\",\"description\":\"\",\"publisher\":{\"@id\":\"https:\/\/www.electrosuisse.ch\/de\/#organization\"},\"potentialAction\":[{\"@type\":\"SearchAction\",\"target\":{\"@type\":\"EntryPoint\",\"urlTemplate\":\"https:\/\/www.electrosuisse.ch\/de\/?s={search_term_string}\"},\"query-input\":{\"@type\":\"PropertyValueSpecification\",\"valueRequired\":true,\"valueName\":\"search_term_string\"}}],\"inLanguage\":\"de\"},{\"@type\":\"Organization\",\"@id\":\"https:\/\/www.electrosuisse.ch\/de\/#organization\",\"name\":\"Electrosuisse\",\"url\":\"https:\/\/www.electrosuisse.ch\/de\/\",\"logo\":{\"@type\":\"ImageObject\",\"inLanguage\":\"de\",\"@id\":\"https:\/\/www.electrosuisse.ch\/de\/#\/schema\/logo\/image\/\",\"url\":\"https:\/\/www.electrosuisse.ch\/wp-content\/uploads\/2025\/04\/Electrosuisse_Logo_696x696.png\",\"contentUrl\":\"https:\/\/www.electrosuisse.ch\/wp-content\/uploads\/2025\/04\/Electrosuisse_Logo_696x696.png\",\"width\":696,\"height\":696,\"caption\":\"Electrosuisse\"},\"image\":{\"@id\":\"https:\/\/www.electrosuisse.ch\/de\/#\/schema\/logo\/image\/\"},\"sameAs\":[\"https:\/\/www.linkedin.com\/company\/electrosuisse-ag\/posts\/?feedView=all\",\"https:\/\/www.instagram.com\/electrosuisse1889\/\",\"https:\/\/www.youtube.com\/channel\/UCoOxohMiVE0Gjcdis1L09zw\"],\"description\":\"Electrosuisse ist eine anerkannte und unabh\u00e4ngige Fachorganisation, die erstklassige Dienstleistungen und Produkte in den Bereichen Inspektion, Beratung, Pr\u00fcfung, Zertifizierung, Normung und Weiterbildung anbietet. Unsere Expertise umfasst Elektrotechnik, Elektromobilit\u00e4t, Energieberatung, Geb\u00e4udeautomation und Photovoltaik in der Schweiz. Durch die Veranstaltung etablierter Branchen-Events und Fachtagungen f\u00f6rdert Electrosuisse den Wissenstransfer und den fachlichen Austausch. Im Mittelpunkt unserer T\u00e4tigkeiten steht die F\u00f6rderung der sicheren, wirtschaftlichen und umweltgerechten Anwendung der Elektrotechnik.\"}]}<\/script>\n<!-- \/ Yoast SEO Premium plugin. -->","yoast_head_json":{"title":"Netzqualit\u00e4t optimieren - Electrosuisse","description":"Unsere Spezialisten gehen St\u00f6rungen auf den Grund und erstellen konkrete Handlungsempfehlungen f\u00fcr Ihr Objekt.","robots":{"index":"index","follow":"follow","max-snippet":"max-snippet:-1","max-image-preview":"max-image-preview:large","max-video-preview":"max-video-preview:-1"},"canonical":"https:\/\/www.electrosuisse.ch\/de\/engineering\/power-quality\/","og_locale":"de_DE","og_type":"article","og_title":"Netzqualit\u00e4t optimieren - Electrosuisse","og_description":"Unsere Spezialisten gehen St\u00f6rungen auf den Grund und erstellen konkrete Handlungsempfehlungen f\u00fcr Ihr Objekt.","og_url":"https:\/\/www.electrosuisse.ch\/de\/engineering\/power-quality\/","og_site_name":"Electrosuisse","article_modified_time":"2026-03-24T13:23:20+00:00","og_image":[{"width":1578,"height":650,"url":"https:\/\/www.electrosuisse.ch\/wp-content\/uploads\/2019\/04\/Electrosuisse_Power_Quality_Netzqualitaet_iStock-588367166.jpg","type":"image\/jpeg"}],"schema":{"@context":"https:\/\/schema.org","@graph":[{"@type":"WebPage","@id":"https:\/\/www.electrosuisse.ch\/de\/engineering\/power-quality\/","url":"https:\/\/www.electrosuisse.ch\/de\/engineering\/power-quality\/","name":"Netzqualit\u00e4t optimieren - Electrosuisse","isPartOf":{"@id":"https:\/\/www.electrosuisse.ch\/de\/#website"},"datePublished":"2018-06-24T09:08:09+00:00","dateModified":"2026-03-24T13:23:20+00:00","description":"Unsere Spezialisten gehen St\u00f6rungen auf den Grund und erstellen konkrete Handlungsempfehlungen f\u00fcr Ihr Objekt.","breadcrumb":{"@id":"https:\/\/www.electrosuisse.ch\/de\/engineering\/power-quality\/#breadcrumb"},"inLanguage":"de","potentialAction":[{"@type":"ReadAction","target":["https:\/\/www.electrosuisse.ch\/de\/engineering\/power-quality\/"]}]},{"@type":"BreadcrumbList","@id":"https:\/\/www.electrosuisse.ch\/de\/engineering\/power-quality\/#breadcrumb","itemListElement":[{"@type":"ListItem","position":1,"name":"Engineering","item":"https:\/\/www.electrosuisse.ch\/de\/engineering\/"},{"@type":"ListItem","position":2,"name":"Power Quality"}]},{"@type":"WebSite","@id":"https:\/\/www.electrosuisse.ch\/de\/#website","url":"https:\/\/www.electrosuisse.ch\/de\/","name":"Electrosuisse","description":"","publisher":{"@id":"https:\/\/www.electrosuisse.ch\/de\/#organization"},"potentialAction":[{"@type":"SearchAction","target":{"@type":"EntryPoint","urlTemplate":"https:\/\/www.electrosuisse.ch\/de\/?s={search_term_string}"},"query-input":{"@type":"PropertyValueSpecification","valueRequired":true,"valueName":"search_term_string"}}],"inLanguage":"de"},{"@type":"Organization","@id":"https:\/\/www.electrosuisse.ch\/de\/#organization","name":"Electrosuisse","url":"https:\/\/www.electrosuisse.ch\/de\/","logo":{"@type":"ImageObject","inLanguage":"de","@id":"https:\/\/www.electrosuisse.ch\/de\/#\/schema\/logo\/image\/","url":"https:\/\/www.electrosuisse.ch\/wp-content\/uploads\/2025\/04\/Electrosuisse_Logo_696x696.png","contentUrl":"https:\/\/www.electrosuisse.ch\/wp-content\/uploads\/2025\/04\/Electrosuisse_Logo_696x696.png","width":696,"height":696,"caption":"Electrosuisse"},"image":{"@id":"https:\/\/www.electrosuisse.ch\/de\/#\/schema\/logo\/image\/"},"sameAs":["https:\/\/www.linkedin.com\/company\/electrosuisse-ag\/posts\/?feedView=all","https:\/\/www.instagram.com\/electrosuisse1889\/","https:\/\/www.youtube.com\/channel\/UCoOxohMiVE0Gjcdis1L09zw"],"description":"Electrosuisse ist eine anerkannte und unabh\u00e4ngige Fachorganisation, die erstklassige Dienstleistungen und Produkte in den Bereichen Inspektion, Beratung, Pr\u00fcfung, Zertifizierung, Normung und Weiterbildung anbietet. Unsere Expertise umfasst Elektrotechnik, Elektromobilit\u00e4t, Energieberatung, Geb\u00e4udeautomation und Photovoltaik in der Schweiz. Durch die Veranstaltung etablierter Branchen-Events und Fachtagungen f\u00f6rdert Electrosuisse den Wissenstransfer und den fachlichen Austausch. Im Mittelpunkt unserer T\u00e4tigkeiten steht die F\u00f6rderung der sicheren, wirtschaftlichen und umweltgerechten Anwendung der Elektrotechnik."}]}},"amp_enabled":true,"_links":{"self":[{"href":"https:\/\/www.electrosuisse.ch\/de\/wp-json\/wp\/v2\/pages\/34","targetHints":{"allow":["GET"]}}],"collection":[{"href":"https:\/\/www.electrosuisse.ch\/de\/wp-json\/wp\/v2\/pages"}],"about":[{"href":"https:\/\/www.electrosuisse.ch\/de\/wp-json\/wp\/v2\/types\/page"}],"author":[{"embeddable":true,"href":"https:\/\/www.electrosuisse.ch\/de\/wp-json\/wp\/v2\/users\/2"}],"replies":[{"embeddable":true,"href":"https:\/\/www.electrosuisse.ch\/de\/wp-json\/wp\/v2\/comments?post=34"}],"version-history":[{"count":14,"href":"https:\/\/www.electrosuisse.ch\/de\/wp-json\/wp\/v2\/pages\/34\/revisions"}],"predecessor-version":[{"id":42195,"href":"https:\/\/www.electrosuisse.ch\/de\/wp-json\/wp\/v2\/pages\/34\/revisions\/42195"}],"up":[{"embeddable":true,"href":"https:\/\/www.electrosuisse.ch\/de\/wp-json\/wp\/v2\/pages\/28"}],"wp:attachment":[{"href":"https:\/\/www.electrosuisse.ch\/de\/wp-json\/wp\/v2\/media?parent=34"}],"curies":[{"name":"wp","href":"https:\/\/api.w.org\/{rel}","templated":true}]}}