{"id":31296,"date":"2023-06-28T07:34:46","date_gmt":"2023-06-28T05:34:46","guid":{"rendered":"https:\/\/www.electrosuisse.ch\/?page_id=31296"},"modified":"2025-11-27T09:34:01","modified_gmt":"2025-11-27T08:34:01","slug":"strom-und-energieeffizienz","status":"publish","type":"page","link":"https:\/\/www.electrosuisse.ch\/de\/engineering\/strom-und-energieeffizienz\/","title":{"rendered":"Strom- und Energieeffizienz"},"content":{"rendered":"<div class=\"wpb-content-wrapper\"><p>[vc_row][vc_column][vc_column_text el_class=&#8221;lead&#8221;]Der elektrische Energieverbrauch und dessen Optimierung bietet den idealen Einstiegspunkt, um sich mit Strom- und Energieeffizienzmassnahmen im Unternehmen zu besch\u00e4ftigen. Da der Stromverbrauch in der Schweiz rund ein Viertel der insgesamt verbrauchten Energie ausmacht und der gr\u00f6sste Anteil dessen auf den Verbrauch von Industrie, Gewerbe und Dienstleistungsunternehmen zur\u00fcckzuf\u00fchren ist, ist das Energie-Einsparpotenzial durch Effizienzmassnahmen in diesem Bereich enorm. Auch mit einer Heizungsumstellung, Prozessoptimierung oder im Rahmen einer Dekarbonisierungsstrategie lassen sich die ersten Schritte hin zu einem effizienteren Gesamtenergiesystem realisieren.[\/vc_column_text][vc_column_text]Kostenvorteile aufgrund steigender Energiepreise, Wettbewerbsf\u00e4higkeit und der Beitrag zu den Schweizer Klimaschutzzielen wurden bereits von vielen Unternehmen erkannt. Auch politisch wird das Thema stark diskutiert und wird auf lange Sicht den Schweizer Energiemarkt und die Dienstleistungen von Versorgungsunternehmen beeinflussen. F\u00fcr Energieversorgungsunternehmen bietet sich die Chance sich fr\u00fchzeitig auf diesen Trend vorzubereiten. Durch neue Serviceleistungen und die Schaffung von Transparenz im Bereich Strom- und Energieeffizienz gelingt es ihnen das Vertrauen zu ihren Kunden zu st\u00e4rken und ihre Kunden langfristig an sich zu binden.<\/p>\n<p>Sowohl f\u00fcr Industrieunternehmen als auch f\u00fcr EVUs ist die Umsetzung von Energieeffizienzmassnahmen bzw. von Effizienzdienstleistungen weiterhin Neuland. Bereits die Datenanalyse ist sehr aufw\u00e4ndig. Zus\u00e4tzlich m\u00fcssen oft komplexe Messungen vor Ort gemacht werden, um realistische und wirksame Massnahmen umsetzen zu k\u00f6nnen. Die daf\u00fcr n\u00f6tige Kompetenz aufzubauen, verschlingt Zeit und verursacht hohe Kosten. Um diese Herausforderungen zu meistern, lohnt es sich, einen erfahrenen Partner zur Seite zu haben, der sich mit den Themen Energie und Effizienz bestens auskennt: die Electrosuisse.[\/vc_column_text][\/vc_column][\/vc_row][vc_row el_id=&#8221;angebot&#8221;][vc_column][vc_column_text]<\/p>\n<h3>Unser Angebot<\/h3>\n<p>[\/vc_column_text][vc_column_text]Als unabh\u00e4ngige Fachorganisation in Sachen Energie unterst\u00fctzen wir Unternehmen dabei Strom- und Energieeffizienzmassnahmen umzusetzen und stehen auch Energieversorgungsunternehmen partnerschaftlich zur Seite, indem wir die Potenziale beim Kundenstamm analysieren und die n\u00f6tigen Massnahmen beim Endverbraucher umsetzen.<\/p>\n<p>Durch unsere versierte Einsch\u00e4tzung, zuverl\u00e4ssigen Messungen und daraus resultierenden Betriebs- und Energieverbrauchsanalysen, k\u00f6nnen Einsparungen zuverl\u00e4ssig nachgewiesen und Umsetzungskonzepte erstellt werden \u2013 und das, ohne Komforteinbussen beim Bez\u00fcger. Die Vorteile liegen auf der Hand: Unternehmen werden effizienter und Energieversorger haben keine zus\u00e4tzlichen Aufw\u00e4nde, m\u00fcssen keine Kapazit\u00e4ten schaffen und Know-how aufbauen, sondern k\u00f6nnen sich auf die Electrosuisse-Spezialisten verlassen. Dank jahrelanger Erfahrung auf diesem Gebiet k\u00f6nnen wir f\u00fcr jeden Betrieb die optimale Aussch\u00f6pfung des Effizienzsteigerungspotenzials garantieren und individuell angepasste Massnahmen vorschlagen, die realistisch und gewinnbringend sind.<\/p>\n<p>Zus\u00e4tzlich werden die Ergebnisse der Analyse und die getroffenen Massnahmen in einer transparenten Dokumentation aufbereitet, die ebenfalls f\u00fcr Zertifizierungen, Antr\u00e4ge, etc. verwendet werden kann. Unsere Methoden zur nachweislichen Effizienzsteigerung k\u00f6nnen wir auf das gesamte Energiesystems Ihres Unternehmens mit unterschiedlichsten Energietr\u00e4gern anwenden und gemeinsam eine ganzheitliche Optimierung umsetzen.\u00a0 Electrosuisse steht Ihnen gerne bei jedem Schritt der Effizienzsteigerung als kompetenter Partner zur Seite.[\/vc_column_text][vc_column_text css=&#8221;&#8221;]<\/p>\n<h3>Das Wichtigste in K\u00fcrze<\/h3>\n<ul>\n<li>Der Stromverbrauch macht rund ein Viertel des gesamten Energieverbrauchs in der Schweiz aus und steigt dank Elektrifizierung weiter an. Besonders in Industrie, Gewerbe und Dienstleistung wird elektrische Energie in grossen Mengen eingesetzt.<\/li>\n<li>Effizienzmassnahmen wie Heizungsumstellungen, Prozessoptimierungen oder Dekarbonisierungsstrategien bieten grosses Einsparpotenzial bei wirtschaftlicher Tragbarkeit.<\/li>\n<li>Unternehmen profitieren von Kostenvorteilen durch effizienteren Betrieb und Ressourceneinsatz, erh\u00f6hter Wettbewerbsf\u00e4higkeit und leisten einen Beitrag zu den Schweizer Klimazielen.<\/li>\n<li>Energieversorgungsunternehmen schaffen durch Effizienzmassnahmen bei Kunden Transparenz und st\u00e4rken Kundenbindung und Vertrauen.<\/li>\n<li>Electrosuisse unterst\u00fctzt Unternehmen und Energieversorger als unabh\u00e4ngige Fachorganisation bei der Umsetzung von Effizienzmassnahmen, von der Analyse bis zur Realisierung.<\/li>\n<\/ul>\n<p>[\/vc_column_text][\/vc_column][\/vc_row][vc_row el_id=&#8221;kontakt&#8221;][vc_column][vc_column_text]<\/p>\n<h2>Kontakt<\/h2>\n<p>[\/vc_column_text]<div class=\"wpb_contact_column wpb_content_element wpb_contact_column--container\"><div class=\"wpb_wrapper\"><div class=\"contact_container_outer\"><div class=\"contact_container\"><div class=\"contact row middle-xs\"><div class=\"contact__img col-sm-5 col-xs-12\"><img decoding=\"async\" src=\"https:\/\/www.electrosuisse.ch\/wp-content\/uploads\/2024\/08\/StefanBaer_302x302.png\" alt=\"Stefan B\u00e4r - Teamleiter Engineering Ost\" \/><\/div><div class=\"contact__info col-sm-7 col-xs-12\"><p><b>Stefan B\u00e4r<\/b><br>Teamleiter Engineering Ost<\/p><div class=\"phone has-link\"><a href=\"tel:+41585951571\">+41 58 595 15 71<\/a><\/div><div class=\"mail has-link\"><a href=\"mailto:ste&#102;&#97;&#110;&#x2e;&#x62;&#x61;&#x65;&#x72;&#x40;ele&#99;&#116;&#114;&#111;&#x73;&#x75;&#x69;&#x73;&#x73;&#x65;&#46;ch\">&#x73;&#x74;&#x65;&#102;&#97;n&#46;&#x62;&#x61;&#x65;&#114;&#64;el&#x65;&#x63;&#x74;&#114;&#111;su&#x69;&#x73;&#x73;&#101;&#46;ch<\/a><\/div><\/div><\/div><\/div><\/div><div class=\"contact_container_outer\"><div class=\"contact_container\"><div class=\"contact row middle-xs\"><div class=\"contact__img col-sm-5 col-xs-12\"><img decoding=\"async\" src=\"https:\/\/www.electrosuisse.ch\/wp-content\/uploads\/2025\/09\/Felix-Bigler_320x320.png\" alt=\"Felix Bigler - Teamleiter Engineering West\" \/><\/div><div class=\"contact__info col-sm-7 col-xs-12\"><p><b>Felix Bigler<\/b><br>Teamleiter Engineering West<\/p><div class=\"phone has-link\"><a href=\"tel:+41585951575\">+41 58 595 15 75<\/a><\/div><div class=\"mail has-link\"><a href=\"mailto:f&#101;&#x6c;&#x69;x&#46;&#98;&#x69;&#x67;l&#101;&#114;&#x40;&#x65;l&#101;&#x63;&#x74;&#x72;o&#115;&#x75;&#x69;s&#115;&#101;&#x2e;&#x63;h\">&#x66;&#x65;&#108;&#105;&#120;&#46;&#x62;&#x69;&#x67;&#108;&#101;r&#64;&#x65;&#x6c;&#x65;&#99;&#116;r&#x6f;&#x73;&#x75;&#105;&#115;&#115;e&#x2e;&#x63;&#x68;<\/a><\/div><\/div><\/div><\/div><\/div><div class=\"contact_container_outer\"><div class=\"contact_container\"><div class=\"contact row middle-xs\"><div class=\"contact__img col-sm-5 col-xs-12\"><img decoding=\"async\" src=\"\/wp-content\/themes\/SCHMUCKI_child\/img\/contact_placeholder.jpg\" alt=\"Beratung, Inspektion und Engineering\" \/><\/div><div class=\"contact__info col-sm-7 col-xs-12\"><p><b>Beratung, Inspektion und Engineering<\/b><br>Innendienst<\/p><div class=\"phone has-link\"><a href=\"tel:+41585951199\">+41 58 595 11 99<\/a><\/div><div class=\"mail has-link\"><a href=\"mailto:b&#101;&#114;&#x61;&#x74;&#x75;n&#103;&#64;&#x65;&#x6c;&#x65;ct&#114;&#x6f;&#x73;&#x75;is&#115;&#101;&#x2e;&#x63;&#x68; \">b&#101;&#114;&#97;&#x74;&#x75;&#x6e;g&#64;&#101;&#108;&#x65;&#x63;&#x74;&#x72;os&#117;&#105;&#x73;&#x73;&#x65;&#x2e;c&#104; <\/a><\/div><\/div><\/div><\/div><\/div><\/div><\/div>[\/vc_column][\/vc_row][vc_row disable_element=&#8221;yes&#8221; el_id=&#8221;reserve&#8221;][vc_column][vc_column_text]Als unabh\u00e4ngige Fachorganisation in Sachen Energie unterst\u00fctzen wir Unternehmen dabei Stromeffizienzmassnahmen umzusetzen und stehen auch Energieversorgungsunternehmen partnerschaftlich zur Seite, indem wir die Potenziale beim Kundenstamm analysieren und die n\u00f6tigen Massnahmen beim Endverbraucher umsetzen.<\/p>\n<p>Durch unsere versierte Einsch\u00e4tzung, zuverl\u00e4ssigen Messungen und daraus resultierenden Betriebs- und Energieverbrauchsanalysen, k\u00f6nnen Einsparungen zuverl\u00e4ssig nachgewiesen und Umsetzungskonzepte erstellt werden \u2013 und das, ohne Komforteinbussen beim Bez\u00fcger. Die Vorteile liegen auf der Hand: Unternehmen werden effizienter und Energieversorger haben keine zus\u00e4tzlichen Aufw\u00e4nde, m\u00fcssen keine Kapazit\u00e4ten schaffen und Know-how aufbauen, sondern k\u00f6nnen sich auf die Electrosuisse-Spezialisten verlassen. Dank jahrelanger Erfahrung auf diesem Gebiet k\u00f6nnen wir f\u00fcr jeden Betrieb die optimale Aussch\u00f6pfung des Effizienzsteigerungspotenzials garantieren und individuell angepasste Massnahmen vorschlagen, die realistisch und gewinnbringend sind.<\/p>\n<p>Zus\u00e4tzlich werden die Ergebnisse der Analyse und die getroffenen Massnahmen in einer transparenten Dokumentation aufbereitet, die ebenfalls f\u00fcr Zertifizierungen, Antr\u00e4ge, etc. verwendet werden kann. Unsere Methoden zur nachweislichen Effizienzsteigerung k\u00f6nnen wir auf das gesamte Energiesystems Ihres Unternehmens mit unterschiedlichsten Energietr\u00e4gern erweitern und gemeinsam eine ganzheitliche Optimierung umsetzen. Electrosuisse steht Ihnen gerne bei jedem Schritt der Effizienzsteigerung als kompetenter Partner zur Seite.<br \/>\n[\/vc_column_text][\/vc_column][\/vc_row]<\/p>\n<\/div>","protected":false},"excerpt":{"rendered":"<p>[vc_row][vc_column][vc_column_text el_class=&#8221;lead&#8221;]Der elektrische Energieverbrauch und dessen Optimierung bietet den idealen Einstiegspunkt, um sich mit Strom- und Energieeffizienzmassnahmen im Unternehmen zu besch\u00e4ftigen. Da der Stromverbrauch in der Schweiz rund ein Viertel der insgesamt verbrauchten Energie ausmacht und der gr\u00f6sste Anteil dessen auf den Verbrauch von Industrie, Gewerbe und Dienstleistungsunternehmen zur\u00fcckzuf\u00fchren ist, ist das Energie-Einsparpotenzial durch Effizienzmassnahmen [&hellip;]<\/p>\n","protected":false},"author":6,"featured_media":0,"parent":28,"menu_order":222,"comment_status":"closed","ping_status":"closed","template":"","meta":{"_acf_changed":false,"_monsterinsights_skip_tracking":false,"_monsterinsights_sitenote_active":false,"_monsterinsights_sitenote_note":"","_monsterinsights_sitenote_category":0,"footnotes":""},"class_list":["post-31296","page","type-page","status-publish","hentry"],"acf":[],"yoast_head":"<!-- This site is optimized with the Yoast SEO Premium plugin v26.4 (Yoast SEO v27.0) - https:\/\/yoast.com\/product\/yoast-seo-premium-wordpress\/ -->\n<title>Strom- und Energieeffizienz - Electrosuisse<\/title>\n<meta name=\"description\" content=\"Als unabh\u00e4ngige Fachorganisation unterst\u00fctzen wir Unternehmen dabei, Massnahmen betreffend Strom- und Energieeffizienz umzusetzen.\" \/>\n<meta name=\"robots\" content=\"index, follow, max-snippet:-1, max-image-preview:large, max-video-preview:-1\" \/>\n<link rel=\"canonical\" href=\"https:\/\/www.electrosuisse.ch\/de\/engineering\/strom-und-energieeffizienz\/\" \/>\n<meta property=\"og:locale\" content=\"de_DE\" \/>\n<meta property=\"og:type\" content=\"article\" \/>\n<meta property=\"og:title\" content=\"Strom- und Energieeffizienz - Electrosuisse\" \/>\n<meta property=\"og:description\" content=\"Als unabh\u00e4ngige Fachorganisation unterst\u00fctzen wir Unternehmen dabei, Massnahmen betreffend Strom- und Energieeffizienz umzusetzen.\" \/>\n<meta property=\"og:url\" content=\"https:\/\/www.electrosuisse.ch\/de\/engineering\/strom-und-energieeffizienz\/\" \/>\n<meta property=\"og:site_name\" content=\"Electrosuisse\" \/>\n<meta property=\"article:modified_time\" content=\"2025-11-27T08:34:01+00:00\" \/>\n<meta property=\"og:image\" content=\"https:\/\/www.electrosuisse.ch\/wp-content\/uploads\/2022\/12\/Electrosuisse_Ueber_uns_1578x650.jpg\" \/>\n\t<meta property=\"og:image:width\" content=\"1578\" \/>\n\t<meta property=\"og:image:height\" content=\"650\" \/>\n\t<meta property=\"og:image:type\" content=\"image\/jpeg\" \/>\n<script type=\"application\/ld+json\" class=\"yoast-schema-graph\">{\"@context\":\"https:\/\/schema.org\",\"@graph\":[{\"@type\":\"WebPage\",\"@id\":\"https:\/\/www.electrosuisse.ch\/de\/engineering\/strom-und-energieeffizienz\/\",\"url\":\"https:\/\/www.electrosuisse.ch\/de\/engineering\/strom-und-energieeffizienz\/\",\"name\":\"Strom- und Energieeffizienz - Electrosuisse\",\"isPartOf\":{\"@id\":\"https:\/\/www.electrosuisse.ch\/de\/#website\"},\"datePublished\":\"2023-06-28T05:34:46+00:00\",\"dateModified\":\"2025-11-27T08:34:01+00:00\",\"description\":\"Als unabh\u00e4ngige Fachorganisation unterst\u00fctzen wir Unternehmen dabei, Massnahmen betreffend Strom- und Energieeffizienz umzusetzen.\",\"breadcrumb\":{\"@id\":\"https:\/\/www.electrosuisse.ch\/de\/engineering\/strom-und-energieeffizienz\/#breadcrumb\"},\"inLanguage\":\"de\",\"potentialAction\":[{\"@type\":\"ReadAction\",\"target\":[\"https:\/\/www.electrosuisse.ch\/de\/engineering\/strom-und-energieeffizienz\/\"]}]},{\"@type\":\"BreadcrumbList\",\"@id\":\"https:\/\/www.electrosuisse.ch\/de\/engineering\/strom-und-energieeffizienz\/#breadcrumb\",\"itemListElement\":[{\"@type\":\"ListItem\",\"position\":1,\"name\":\"Engineering\",\"item\":\"https:\/\/www.electrosuisse.ch\/de\/engineering\/\"},{\"@type\":\"ListItem\",\"position\":2,\"name\":\"Strom- und Energieeffizienz\"}]},{\"@type\":\"WebSite\",\"@id\":\"https:\/\/www.electrosuisse.ch\/de\/#website\",\"url\":\"https:\/\/www.electrosuisse.ch\/de\/\",\"name\":\"Electrosuisse\",\"description\":\"\",\"publisher\":{\"@id\":\"https:\/\/www.electrosuisse.ch\/de\/#organization\"},\"potentialAction\":[{\"@type\":\"SearchAction\",\"target\":{\"@type\":\"EntryPoint\",\"urlTemplate\":\"https:\/\/www.electrosuisse.ch\/de\/?s={search_term_string}\"},\"query-input\":{\"@type\":\"PropertyValueSpecification\",\"valueRequired\":true,\"valueName\":\"search_term_string\"}}],\"inLanguage\":\"de\"},{\"@type\":\"Organization\",\"@id\":\"https:\/\/www.electrosuisse.ch\/de\/#organization\",\"name\":\"Electrosuisse\",\"url\":\"https:\/\/www.electrosuisse.ch\/de\/\",\"logo\":{\"@type\":\"ImageObject\",\"inLanguage\":\"de\",\"@id\":\"https:\/\/www.electrosuisse.ch\/de\/#\/schema\/logo\/image\/\",\"url\":\"https:\/\/www.electrosuisse.ch\/wp-content\/uploads\/2025\/04\/Electrosuisse_Logo_696x696.png\",\"contentUrl\":\"https:\/\/www.electrosuisse.ch\/wp-content\/uploads\/2025\/04\/Electrosuisse_Logo_696x696.png\",\"width\":696,\"height\":696,\"caption\":\"Electrosuisse\"},\"image\":{\"@id\":\"https:\/\/www.electrosuisse.ch\/de\/#\/schema\/logo\/image\/\"},\"sameAs\":[\"https:\/\/www.linkedin.com\/company\/electrosuisse-ag\/posts\/?feedView=all\",\"https:\/\/www.instagram.com\/electrosuisse1889\/\",\"https:\/\/www.youtube.com\/channel\/UCoOxohMiVE0Gjcdis1L09zw\"],\"description\":\"Electrosuisse ist eine anerkannte und unabh\u00e4ngige Fachorganisation, die erstklassige Dienstleistungen und Produkte in den Bereichen Inspektion, Beratung, Pr\u00fcfung, Zertifizierung, Normung und Weiterbildung anbietet. Unsere Expertise umfasst Elektrotechnik, Elektromobilit\u00e4t, Energieberatung, Geb\u00e4udeautomation und Photovoltaik in der Schweiz. Durch die Veranstaltung etablierter Branchen-Events und Fachtagungen f\u00f6rdert Electrosuisse den Wissenstransfer und den fachlichen Austausch. Im Mittelpunkt unserer T\u00e4tigkeiten steht die F\u00f6rderung der sicheren, wirtschaftlichen und umweltgerechten Anwendung der Elektrotechnik.\"}]}<\/script>\n<!-- \/ Yoast SEO Premium plugin. -->","yoast_head_json":{"title":"Strom- und Energieeffizienz - Electrosuisse","description":"Als unabh\u00e4ngige Fachorganisation unterst\u00fctzen wir Unternehmen dabei, Massnahmen betreffend Strom- und Energieeffizienz umzusetzen.","robots":{"index":"index","follow":"follow","max-snippet":"max-snippet:-1","max-image-preview":"max-image-preview:large","max-video-preview":"max-video-preview:-1"},"canonical":"https:\/\/www.electrosuisse.ch\/de\/engineering\/strom-und-energieeffizienz\/","og_locale":"de_DE","og_type":"article","og_title":"Strom- und Energieeffizienz - Electrosuisse","og_description":"Als unabh\u00e4ngige Fachorganisation unterst\u00fctzen wir Unternehmen dabei, Massnahmen betreffend Strom- und Energieeffizienz umzusetzen.","og_url":"https:\/\/www.electrosuisse.ch\/de\/engineering\/strom-und-energieeffizienz\/","og_site_name":"Electrosuisse","article_modified_time":"2025-11-27T08:34:01+00:00","og_image":[{"width":1578,"height":650,"url":"https:\/\/www.electrosuisse.ch\/wp-content\/uploads\/2022\/12\/Electrosuisse_Ueber_uns_1578x650.jpg","type":"image\/jpeg"}],"schema":{"@context":"https:\/\/schema.org","@graph":[{"@type":"WebPage","@id":"https:\/\/www.electrosuisse.ch\/de\/engineering\/strom-und-energieeffizienz\/","url":"https:\/\/www.electrosuisse.ch\/de\/engineering\/strom-und-energieeffizienz\/","name":"Strom- und Energieeffizienz - Electrosuisse","isPartOf":{"@id":"https:\/\/www.electrosuisse.ch\/de\/#website"},"datePublished":"2023-06-28T05:34:46+00:00","dateModified":"2025-11-27T08:34:01+00:00","description":"Als unabh\u00e4ngige Fachorganisation unterst\u00fctzen wir Unternehmen dabei, Massnahmen betreffend Strom- und Energieeffizienz umzusetzen.","breadcrumb":{"@id":"https:\/\/www.electrosuisse.ch\/de\/engineering\/strom-und-energieeffizienz\/#breadcrumb"},"inLanguage":"de","potentialAction":[{"@type":"ReadAction","target":["https:\/\/www.electrosuisse.ch\/de\/engineering\/strom-und-energieeffizienz\/"]}]},{"@type":"BreadcrumbList","@id":"https:\/\/www.electrosuisse.ch\/de\/engineering\/strom-und-energieeffizienz\/#breadcrumb","itemListElement":[{"@type":"ListItem","position":1,"name":"Engineering","item":"https:\/\/www.electrosuisse.ch\/de\/engineering\/"},{"@type":"ListItem","position":2,"name":"Strom- und Energieeffizienz"}]},{"@type":"WebSite","@id":"https:\/\/www.electrosuisse.ch\/de\/#website","url":"https:\/\/www.electrosuisse.ch\/de\/","name":"Electrosuisse","description":"","publisher":{"@id":"https:\/\/www.electrosuisse.ch\/de\/#organization"},"potentialAction":[{"@type":"SearchAction","target":{"@type":"EntryPoint","urlTemplate":"https:\/\/www.electrosuisse.ch\/de\/?s={search_term_string}"},"query-input":{"@type":"PropertyValueSpecification","valueRequired":true,"valueName":"search_term_string"}}],"inLanguage":"de"},{"@type":"Organization","@id":"https:\/\/www.electrosuisse.ch\/de\/#organization","name":"Electrosuisse","url":"https:\/\/www.electrosuisse.ch\/de\/","logo":{"@type":"ImageObject","inLanguage":"de","@id":"https:\/\/www.electrosuisse.ch\/de\/#\/schema\/logo\/image\/","url":"https:\/\/www.electrosuisse.ch\/wp-content\/uploads\/2025\/04\/Electrosuisse_Logo_696x696.png","contentUrl":"https:\/\/www.electrosuisse.ch\/wp-content\/uploads\/2025\/04\/Electrosuisse_Logo_696x696.png","width":696,"height":696,"caption":"Electrosuisse"},"image":{"@id":"https:\/\/www.electrosuisse.ch\/de\/#\/schema\/logo\/image\/"},"sameAs":["https:\/\/www.linkedin.com\/company\/electrosuisse-ag\/posts\/?feedView=all","https:\/\/www.instagram.com\/electrosuisse1889\/","https:\/\/www.youtube.com\/channel\/UCoOxohMiVE0Gjcdis1L09zw"],"description":"Electrosuisse ist eine anerkannte und unabh\u00e4ngige Fachorganisation, die erstklassige Dienstleistungen und Produkte in den Bereichen Inspektion, Beratung, Pr\u00fcfung, Zertifizierung, Normung und Weiterbildung anbietet. Unsere Expertise umfasst Elektrotechnik, Elektromobilit\u00e4t, Energieberatung, Geb\u00e4udeautomation und Photovoltaik in der Schweiz. Durch die Veranstaltung etablierter Branchen-Events und Fachtagungen f\u00f6rdert Electrosuisse den Wissenstransfer und den fachlichen Austausch. Im Mittelpunkt unserer T\u00e4tigkeiten steht die F\u00f6rderung der sicheren, wirtschaftlichen und umweltgerechten Anwendung der Elektrotechnik."}]}},"amp_enabled":true,"_links":{"self":[{"href":"https:\/\/www.electrosuisse.ch\/de\/wp-json\/wp\/v2\/pages\/31296","targetHints":{"allow":["GET"]}}],"collection":[{"href":"https:\/\/www.electrosuisse.ch\/de\/wp-json\/wp\/v2\/pages"}],"about":[{"href":"https:\/\/www.electrosuisse.ch\/de\/wp-json\/wp\/v2\/types\/page"}],"author":[{"embeddable":true,"href":"https:\/\/www.electrosuisse.ch\/de\/wp-json\/wp\/v2\/users\/6"}],"replies":[{"embeddable":true,"href":"https:\/\/www.electrosuisse.ch\/de\/wp-json\/wp\/v2\/comments?post=31296"}],"version-history":[{"count":13,"href":"https:\/\/www.electrosuisse.ch\/de\/wp-json\/wp\/v2\/pages\/31296\/revisions"}],"predecessor-version":[{"id":40516,"href":"https:\/\/www.electrosuisse.ch\/de\/wp-json\/wp\/v2\/pages\/31296\/revisions\/40516"}],"up":[{"embeddable":true,"href":"https:\/\/www.electrosuisse.ch\/de\/wp-json\/wp\/v2\/pages\/28"}],"wp:attachment":[{"href":"https:\/\/www.electrosuisse.ch\/de\/wp-json\/wp\/v2\/media?parent=31296"}],"curies":[{"name":"wp","href":"https:\/\/api.w.org\/{rel}","templated":true}]}}