{"id":30877,"date":"2023-05-24T08:51:16","date_gmt":"2023-05-24T06:51:16","guid":{"rendered":"https:\/\/www.electrosuisse.ch\/?page_id=30877"},"modified":"2026-02-12T10:53:34","modified_gmt":"2026-02-12T09:53:34","slug":"stromnetzanalyse","status":"publish","type":"page","link":"https:\/\/www.electrosuisse.ch\/de\/engineering\/stromnetzanalyse\/","title":{"rendered":"Stromnetzanalyse"},"content":{"rendered":"<div class=\"wpb-content-wrapper\"><p>[vc_row][vc_column][vc_column_text el_class=&#8221;teaser&#8221;]Die aktuellen Entwicklungen im Bereich der Energieversorgung und neue Nutzungsm\u00f6glichkeiten stellen das Energienetz vor grosse Herausforderungen. [\/vc_column_text][vc_column_text]Energieversorgungsunternehmen, Industrieunternehmen oder Grossverbraucher mit eigenem Arealnetz stehen vor der Schwierigkeit neue Komponenten ins Energiesystem einzubeziehen, Netzengp\u00e4sse zu verhindern und eine kontinuierlich gute Netzqualit\u00e4t sicherzustellen. Zudem gibt es sicherheitstechnische Anforderungen, die bei dem Betrieb von Stromnetzen eingehalten werden m\u00fcssen. Mit einem Digital Twin, der digitalen Simulation des Netzwerks, ist es m\u00f6glich gezielt auf diese Herausforderungen zu reagieren und fr\u00fchzeitig Engp\u00e4sse zu erkennen. Auch die Gew\u00e4hrleistung der Versorgungssicherheit ist mit dieser Methode m\u00f6glich. Hieraus l\u00e4sst sich die Strategie f\u00fcr die zuk\u00fcnftige Netzentwicklung ableiten.[\/vc_column_text][vc_column_text css=&#8221;&#8221;]<strong><span style=\"color: #83be26\">Das elektrische Netz \u2013 die Lebensader der Produktion<\/span><\/strong>[\/vc_column_text]<div class=\"wpb_document_column wpb_content_element\"><div class=\"wpb_wrapper\"><div class=\"document document--pdf\"><a href=\"https:\/\/www.electrosuisse.ch\/wp-content\/uploads\/2024\/11\/innovation_mem_2402_electrosuisse.pdf\" target=\"_blank\">Zum Artikel im Innovation MEM 2\/2024 \u00fcber das elektrische Netz<\/a><\/div><\/div><\/div>[\/vc_column][\/vc_row][vc_row el_id=&#8221;angebot&#8221;][vc_column][vc_column_text]<\/p>\n<h3>Unser Angebot<\/h3>\n<p>[\/vc_column_text][vc_column_text]Electrosuisse f\u00fchrt eine gesamtheitliche Stromnetzanalyse mit einem statischen Modell (NEPLAN) durch. Dabei k\u00f6nnen Laststr\u00f6me, Kurzschlussleistungen, Spannungsverl\u00e4ufe, Selektivit\u00e4t der Schutzorgane und St\u00f6rlichtbogenenergie berechnet und analysiert werden. Lastfl\u00fcsse und Netzengp\u00e4sse werden sowohl im Normalbetrieb als auch bei St\u00f6rfallszenarien visualisiert. Auf Basis der Netzberechnung erfolgt die Evaluierung und Pr\u00fcfung von Netzerweiterungen sowie Anschlussgesuchen f\u00fcr Photovoltaikanlagen, W\u00e4rmepumpen und Ladestationen. Mit einem Sicherheitskonzept kann die Stromnetzanalyse abgerundet und der weitere Betrieb des Areal- oder Verteilnetzes gew\u00e4hrleistet werden.<\/p>\n<p>F\u00fcr die weitere Netzentwicklung wird im n\u00e4chsten Schritt ein dynamisches Modell des Stromnetzes erstellt, der Digital Twin. Durch die Integration von Echtzeitdaten k\u00f6nnen m\u00f6gliche St\u00f6rf\u00e4lle im aktuellen Betriebszustand simuliert werden. F\u00fcr die Weiterentwicklung des Netzes k\u00f6nnen Analysen von verschiedenen Szenarien herangezogen werden. Der Einsatz neuer Technologien sowie die Absch\u00e4tzung der wirtschaftlichen, technischen und betrieblichen Auswirkungen werden in die langfristige Strategieentwicklung Ihres Energiesystems integriert.[\/vc_column_text][vc_column_text css=&#8221;&#8221;]<\/p>\n<h3>Das Wichtigste in K\u00fcrze<\/h3>\n<ul>\n<li>Die Stromnetzanalyse hilft Energieversorgern, Industrie und Grossverbrauchern, die Sicherheit ihres Netzes zu erh\u00f6hen, Engp\u00e4sse zu vermeiden, den Netzausbau zu planen, neue Anlagen zu integrieren und die Netzqualit\u00e4t langfristig zu sichern.<\/li>\n<li>Neue Nutzungsformen, Elektrifizierung und technologische Entwicklungen stellen das Stromnetz jedoch vor komplexe Herausforderungen.<\/li>\n<li>Sicherheitstechnische Anforderungen m\u00fcssen beim Betrieb von Stromnetzen konsequent eingehalten werden. Daf\u00fcr sorgen unter anderem St\u00f6rlichtbogenberechnungen, Sicherheitskonzepte, Kennzeichnungen und Schulungen.<\/li>\n<li>Mit einem digitalen Zwilling (Digital Twin) lassen sich Netzstrukturen simulieren, Engp\u00e4sse fr\u00fchzeitig erkennen und die Versorgungssicherheit gew\u00e4hrleisten.<\/li>\n<li>Electrosuisse unterst\u00fctzt Unternehmen und Energieversorger mit gezielten und umfassenden Analysen als Grundlage f\u00fcr strategische Entscheidungen bei der zuk\u00fcnftigen Netzentwicklung.<\/li>\n<\/ul>\n<p>[\/vc_column_text][\/vc_column][\/vc_row][vc_row el_id=&#8221;kontakt&#8221;][vc_column][vc_column_text]<\/p>\n<h2>Kontakt<\/h2>\n<p>[\/vc_column_text]<div class=\"wpb_contact_column wpb_content_element wpb_contact_column--container\"><div class=\"wpb_wrapper\"><div class=\"contact_container_outer\"><div class=\"contact_container\"><div class=\"contact row middle-xs\"><div class=\"contact__img col-sm-5 col-xs-12\"><img decoding=\"async\" src=\"https:\/\/www.electrosuisse.ch\/wp-content\/uploads\/2024\/08\/StefanBaer_302x302.png\" alt=\"Stefan B\u00e4r - Teamleiter Engineering Ost\" \/><\/div><div class=\"contact__info col-sm-7 col-xs-12\"><p><b>Stefan B\u00e4r<\/b><br>Teamleiter Engineering Ost<\/p><div class=\"phone has-link\"><a href=\"tel:+41585951571\">+41 58 595 15 71<\/a><\/div><div class=\"mail has-link\"><a href=\"mailto:&#x73;&#x74;&#x65;&#102;&#97;&#110;&#46;b&#x61;&#x65;&#x72;&#x40;&#101;&#108;ec&#x74;&#x72;&#x6f;&#x73;&#117;&#105;ss&#x65;&#x2e;&#x63;&#x68;\">&#115;&#x74;&#x65;f&#97;&#x6e;&#46;&#98;&#x61;e&#114;&#x40;e&#108;&#x65;&#x63;&#116;&#x72;&#x6f;s&#117;&#x69;s&#115;&#x65;&#46;&#99;&#x68;<\/a><\/div><\/div><\/div><\/div><\/div><div class=\"contact_container_outer\"><div class=\"contact_container\"><div class=\"contact row middle-xs\"><div class=\"contact__img col-sm-5 col-xs-12\"><img decoding=\"async\" src=\"https:\/\/www.electrosuisse.ch\/wp-content\/uploads\/2025\/09\/Felix-Bigler_320x320.png\" alt=\"Felix Bigler - Teamleiter Engineering West\" \/><\/div><div class=\"contact__info col-sm-7 col-xs-12\"><p><b>Felix Bigler<\/b><br>Teamleiter Engineering West<\/p><div class=\"phone has-link\"><a href=\"tel:+41585951575\">+41 58 595 15 75<\/a><\/div><div class=\"mail has-link\"><a href=\"mailto:f&#101;&#x6c;&#x69;x&#46;&#x62;&#x69;g&#108;&#101;&#x72;&#x40;e&#108;&#x65;&#x63;t&#114;&#x6f;&#x73;u&#105;&#115;&#x73;&#x65;&#46;&#99;&#x68;\">&#102;&#x65;&#x6c;i&#120;&#x2e;b&#105;&#x67;l&#101;&#x72;&#64;&#101;&#x6c;&#x65;&#99;&#x74;&#x72;o&#115;&#x75;i&#115;&#x73;e&#46;&#x63;&#x68;<\/a><\/div><\/div><\/div><\/div><\/div><div class=\"contact_container_outer\"><div class=\"contact_container\"><div class=\"contact row middle-xs\"><div class=\"contact__img col-sm-5 col-xs-12\"><img decoding=\"async\" src=\"https:\/\/www.electrosuisse.ch\/wp-content\/uploads\/2024\/07\/Hans-Matzner-3.jpg\" alt=\"Hans Matzner - Beratung und Engineering\" \/><\/div><div class=\"contact__info col-sm-7 col-xs-12\"><p><b>Hans Matzner<\/b><br>Beratung und Engineering<\/p><div class=\"phone has-link\"><a href=\"tel:+41585951563\">+41 58 595 15 63<\/a><\/div><div class=\"mail has-link\"><a href=\"mailto:&#104;&#x61;&#x6e;&#115;&#x2e;&#x6d;a&#x74;&#x7a;n&#101;&#x72;&#64;&#101;&#x6c;e&#99;&#x74;r&#111;&#x73;u&#105;&#x73;&#x73;&#101;&#x2e;&#x63;&#104;\">&#104;&#x61;n&#x73;&#46;&#109;&#x61;&#116;&#x7a;n&#101;&#x72;&#64;&#x65;l&#x65;&#x63;&#116;&#x72;o&#x73;u&#105;&#x73;&#115;&#x65;&#46;&#99;&#x68;<\/a><\/div><\/div><\/div><\/div><\/div><div class=\"contact_container_outer\"><div class=\"contact_container\"><div class=\"contact row middle-xs\"><div class=\"contact__img col-sm-5 col-xs-12\"><img decoding=\"async\" src=\"\/wp-content\/themes\/SCHMUCKI_child\/img\/contact_placeholder.jpg\" alt=\"Beratung, Inspektion und Engineering\" \/><\/div><div class=\"contact__info col-sm-7 col-xs-12\"><p><b>Beratung, Inspektion und Engineering<\/b><br>Innendienst<\/p><div class=\"phone has-link\"><a href=\"tel:+41585951199\">+41 58 595 11 99<\/a><\/div><div class=\"mail has-link\"><a href=\"mailto:&#98;&#x65;&#x72;a&#116;&#x75;&#x6e;g&#64;&#x65;l&#101;&#x63;&#x74;r&#111;&#x73;u&#105;&#x73;&#x73;e&#46;&#x63;&#x68; \">b&#101;&#114;&#x61;&#x74;u&#110;&#103;&#x40;&#x65;&#x6c;e&#99;&#116;&#x72;&#x6f;su&#105;&#x73;&#x73;&#x65;&#46;&#99;&#104; <\/a><\/div><\/div><\/div><\/div><\/div><\/div><\/div>[\/vc_column][\/vc_row]<\/p>\n<\/div>","protected":false},"excerpt":{"rendered":"<p>[vc_row][vc_column][vc_column_text el_class=&#8221;teaser&#8221;]Die aktuellen Entwicklungen im Bereich der Energieversorgung und neue Nutzungsm\u00f6glichkeiten stellen das Energienetz vor grosse Herausforderungen. [\/vc_column_text][vc_column_text]Energieversorgungsunternehmen, Industrieunternehmen oder Grossverbraucher mit eigenem Arealnetz stehen vor der Schwierigkeit neue Komponenten ins Energiesystem einzubeziehen, Netzengp\u00e4sse zu verhindern und eine kontinuierlich gute Netzqualit\u00e4t sicherzustellen. Zudem gibt es sicherheitstechnische Anforderungen, die bei dem Betrieb von Stromnetzen eingehalten werden [&hellip;]<\/p>\n","protected":false},"author":6,"featured_media":0,"parent":28,"menu_order":240,"comment_status":"closed","ping_status":"closed","template":"","meta":{"_acf_changed":false,"_monsterinsights_skip_tracking":false,"_monsterinsights_sitenote_active":false,"_monsterinsights_sitenote_note":"","_monsterinsights_sitenote_category":0,"footnotes":""},"class_list":["post-30877","page","type-page","status-publish","hentry"],"acf":[],"yoast_head":"<!-- This site is optimized with the Yoast SEO Premium plugin v26.4 (Yoast SEO v27.0) - https:\/\/yoast.com\/product\/yoast-seo-premium-wordpress\/ -->\n<title>Netzberechnung - Electrosuisse<\/title>\n<meta name=\"description\" content=\"Netzberechnung durch Electrosuisse f\u00fcr eine kontinuierlich gute Netzqualit\u00e4t und f\u00fcr die zuk\u00fcnftige Netzentwicklung.\" \/>\n<meta name=\"robots\" content=\"index, follow, max-snippet:-1, max-image-preview:large, max-video-preview:-1\" \/>\n<link rel=\"canonical\" href=\"https:\/\/www.electrosuisse.ch\/de\/engineering\/stromnetzanalyse\/\" \/>\n<meta property=\"og:locale\" content=\"de_DE\" \/>\n<meta property=\"og:type\" content=\"article\" \/>\n<meta property=\"og:title\" content=\"Netzberechnung - Electrosuisse\" \/>\n<meta property=\"og:description\" content=\"Netzberechnung durch Electrosuisse f\u00fcr eine kontinuierlich gute Netzqualit\u00e4t und f\u00fcr die zuk\u00fcnftige Netzentwicklung.\" \/>\n<meta property=\"og:url\" content=\"https:\/\/www.electrosuisse.ch\/de\/engineering\/stromnetzanalyse\/\" \/>\n<meta property=\"og:site_name\" content=\"Electrosuisse\" \/>\n<meta property=\"article:modified_time\" content=\"2026-02-12T09:53:34+00:00\" \/>\n<meta property=\"og:image\" content=\"https:\/\/www.electrosuisse.ch\/wp-content\/uploads\/2022\/12\/Electrosuisse_Ueber_uns_1578x650.jpg\" \/>\n\t<meta property=\"og:image:width\" content=\"1578\" \/>\n\t<meta property=\"og:image:height\" content=\"650\" \/>\n\t<meta property=\"og:image:type\" content=\"image\/jpeg\" \/>\n<script type=\"application\/ld+json\" class=\"yoast-schema-graph\">{\"@context\":\"https:\/\/schema.org\",\"@graph\":[{\"@type\":\"WebPage\",\"@id\":\"https:\/\/www.electrosuisse.ch\/de\/engineering\/stromnetzanalyse\/\",\"url\":\"https:\/\/www.electrosuisse.ch\/de\/engineering\/stromnetzanalyse\/\",\"name\":\"Netzberechnung - Electrosuisse\",\"isPartOf\":{\"@id\":\"https:\/\/www.electrosuisse.ch\/de\/#website\"},\"datePublished\":\"2023-05-24T06:51:16+00:00\",\"dateModified\":\"2026-02-12T09:53:34+00:00\",\"description\":\"Netzberechnung durch Electrosuisse f\u00fcr eine kontinuierlich gute Netzqualit\u00e4t und f\u00fcr die zuk\u00fcnftige Netzentwicklung.\",\"breadcrumb\":{\"@id\":\"https:\/\/www.electrosuisse.ch\/de\/engineering\/stromnetzanalyse\/#breadcrumb\"},\"inLanguage\":\"de\",\"potentialAction\":[{\"@type\":\"ReadAction\",\"target\":[\"https:\/\/www.electrosuisse.ch\/de\/engineering\/stromnetzanalyse\/\"]}]},{\"@type\":\"BreadcrumbList\",\"@id\":\"https:\/\/www.electrosuisse.ch\/de\/engineering\/stromnetzanalyse\/#breadcrumb\",\"itemListElement\":[{\"@type\":\"ListItem\",\"position\":1,\"name\":\"Engineering\",\"item\":\"https:\/\/www.electrosuisse.ch\/de\/engineering\/\"},{\"@type\":\"ListItem\",\"position\":2,\"name\":\"Stromnetzanalyse\"}]},{\"@type\":\"WebSite\",\"@id\":\"https:\/\/www.electrosuisse.ch\/de\/#website\",\"url\":\"https:\/\/www.electrosuisse.ch\/de\/\",\"name\":\"Electrosuisse\",\"description\":\"\",\"publisher\":{\"@id\":\"https:\/\/www.electrosuisse.ch\/de\/#organization\"},\"potentialAction\":[{\"@type\":\"SearchAction\",\"target\":{\"@type\":\"EntryPoint\",\"urlTemplate\":\"https:\/\/www.electrosuisse.ch\/de\/?s={search_term_string}\"},\"query-input\":{\"@type\":\"PropertyValueSpecification\",\"valueRequired\":true,\"valueName\":\"search_term_string\"}}],\"inLanguage\":\"de\"},{\"@type\":\"Organization\",\"@id\":\"https:\/\/www.electrosuisse.ch\/de\/#organization\",\"name\":\"Electrosuisse\",\"url\":\"https:\/\/www.electrosuisse.ch\/de\/\",\"logo\":{\"@type\":\"ImageObject\",\"inLanguage\":\"de\",\"@id\":\"https:\/\/www.electrosuisse.ch\/de\/#\/schema\/logo\/image\/\",\"url\":\"https:\/\/www.electrosuisse.ch\/wp-content\/uploads\/2025\/04\/Electrosuisse_Logo_696x696.png\",\"contentUrl\":\"https:\/\/www.electrosuisse.ch\/wp-content\/uploads\/2025\/04\/Electrosuisse_Logo_696x696.png\",\"width\":696,\"height\":696,\"caption\":\"Electrosuisse\"},\"image\":{\"@id\":\"https:\/\/www.electrosuisse.ch\/de\/#\/schema\/logo\/image\/\"},\"sameAs\":[\"https:\/\/www.linkedin.com\/company\/electrosuisse-ag\/posts\/?feedView=all\",\"https:\/\/www.instagram.com\/electrosuisse1889\/\",\"https:\/\/www.youtube.com\/channel\/UCoOxohMiVE0Gjcdis1L09zw\"],\"description\":\"Electrosuisse ist eine anerkannte und unabh\u00e4ngige Fachorganisation, die erstklassige Dienstleistungen und Produkte in den Bereichen Inspektion, Beratung, Pr\u00fcfung, Zertifizierung, Normung und Weiterbildung anbietet. Unsere Expertise umfasst Elektrotechnik, Elektromobilit\u00e4t, Energieberatung, Geb\u00e4udeautomation und Photovoltaik in der Schweiz. Durch die Veranstaltung etablierter Branchen-Events und Fachtagungen f\u00f6rdert Electrosuisse den Wissenstransfer und den fachlichen Austausch. Im Mittelpunkt unserer T\u00e4tigkeiten steht die F\u00f6rderung der sicheren, wirtschaftlichen und umweltgerechten Anwendung der Elektrotechnik.\"}]}<\/script>\n<!-- \/ Yoast SEO Premium plugin. -->","yoast_head_json":{"title":"Netzberechnung - Electrosuisse","description":"Netzberechnung durch Electrosuisse f\u00fcr eine kontinuierlich gute Netzqualit\u00e4t und f\u00fcr die zuk\u00fcnftige Netzentwicklung.","robots":{"index":"index","follow":"follow","max-snippet":"max-snippet:-1","max-image-preview":"max-image-preview:large","max-video-preview":"max-video-preview:-1"},"canonical":"https:\/\/www.electrosuisse.ch\/de\/engineering\/stromnetzanalyse\/","og_locale":"de_DE","og_type":"article","og_title":"Netzberechnung - Electrosuisse","og_description":"Netzberechnung durch Electrosuisse f\u00fcr eine kontinuierlich gute Netzqualit\u00e4t und f\u00fcr die zuk\u00fcnftige Netzentwicklung.","og_url":"https:\/\/www.electrosuisse.ch\/de\/engineering\/stromnetzanalyse\/","og_site_name":"Electrosuisse","article_modified_time":"2026-02-12T09:53:34+00:00","og_image":[{"width":1578,"height":650,"url":"https:\/\/www.electrosuisse.ch\/wp-content\/uploads\/2022\/12\/Electrosuisse_Ueber_uns_1578x650.jpg","type":"image\/jpeg"}],"schema":{"@context":"https:\/\/schema.org","@graph":[{"@type":"WebPage","@id":"https:\/\/www.electrosuisse.ch\/de\/engineering\/stromnetzanalyse\/","url":"https:\/\/www.electrosuisse.ch\/de\/engineering\/stromnetzanalyse\/","name":"Netzberechnung - Electrosuisse","isPartOf":{"@id":"https:\/\/www.electrosuisse.ch\/de\/#website"},"datePublished":"2023-05-24T06:51:16+00:00","dateModified":"2026-02-12T09:53:34+00:00","description":"Netzberechnung durch Electrosuisse f\u00fcr eine kontinuierlich gute Netzqualit\u00e4t und f\u00fcr die zuk\u00fcnftige Netzentwicklung.","breadcrumb":{"@id":"https:\/\/www.electrosuisse.ch\/de\/engineering\/stromnetzanalyse\/#breadcrumb"},"inLanguage":"de","potentialAction":[{"@type":"ReadAction","target":["https:\/\/www.electrosuisse.ch\/de\/engineering\/stromnetzanalyse\/"]}]},{"@type":"BreadcrumbList","@id":"https:\/\/www.electrosuisse.ch\/de\/engineering\/stromnetzanalyse\/#breadcrumb","itemListElement":[{"@type":"ListItem","position":1,"name":"Engineering","item":"https:\/\/www.electrosuisse.ch\/de\/engineering\/"},{"@type":"ListItem","position":2,"name":"Stromnetzanalyse"}]},{"@type":"WebSite","@id":"https:\/\/www.electrosuisse.ch\/de\/#website","url":"https:\/\/www.electrosuisse.ch\/de\/","name":"Electrosuisse","description":"","publisher":{"@id":"https:\/\/www.electrosuisse.ch\/de\/#organization"},"potentialAction":[{"@type":"SearchAction","target":{"@type":"EntryPoint","urlTemplate":"https:\/\/www.electrosuisse.ch\/de\/?s={search_term_string}"},"query-input":{"@type":"PropertyValueSpecification","valueRequired":true,"valueName":"search_term_string"}}],"inLanguage":"de"},{"@type":"Organization","@id":"https:\/\/www.electrosuisse.ch\/de\/#organization","name":"Electrosuisse","url":"https:\/\/www.electrosuisse.ch\/de\/","logo":{"@type":"ImageObject","inLanguage":"de","@id":"https:\/\/www.electrosuisse.ch\/de\/#\/schema\/logo\/image\/","url":"https:\/\/www.electrosuisse.ch\/wp-content\/uploads\/2025\/04\/Electrosuisse_Logo_696x696.png","contentUrl":"https:\/\/www.electrosuisse.ch\/wp-content\/uploads\/2025\/04\/Electrosuisse_Logo_696x696.png","width":696,"height":696,"caption":"Electrosuisse"},"image":{"@id":"https:\/\/www.electrosuisse.ch\/de\/#\/schema\/logo\/image\/"},"sameAs":["https:\/\/www.linkedin.com\/company\/electrosuisse-ag\/posts\/?feedView=all","https:\/\/www.instagram.com\/electrosuisse1889\/","https:\/\/www.youtube.com\/channel\/UCoOxohMiVE0Gjcdis1L09zw"],"description":"Electrosuisse ist eine anerkannte und unabh\u00e4ngige Fachorganisation, die erstklassige Dienstleistungen und Produkte in den Bereichen Inspektion, Beratung, Pr\u00fcfung, Zertifizierung, Normung und Weiterbildung anbietet. Unsere Expertise umfasst Elektrotechnik, Elektromobilit\u00e4t, Energieberatung, Geb\u00e4udeautomation und Photovoltaik in der Schweiz. Durch die Veranstaltung etablierter Branchen-Events und Fachtagungen f\u00f6rdert Electrosuisse den Wissenstransfer und den fachlichen Austausch. Im Mittelpunkt unserer T\u00e4tigkeiten steht die F\u00f6rderung der sicheren, wirtschaftlichen und umweltgerechten Anwendung der Elektrotechnik."}]}},"amp_enabled":true,"_links":{"self":[{"href":"https:\/\/www.electrosuisse.ch\/de\/wp-json\/wp\/v2\/pages\/30877","targetHints":{"allow":["GET"]}}],"collection":[{"href":"https:\/\/www.electrosuisse.ch\/de\/wp-json\/wp\/v2\/pages"}],"about":[{"href":"https:\/\/www.electrosuisse.ch\/de\/wp-json\/wp\/v2\/types\/page"}],"author":[{"embeddable":true,"href":"https:\/\/www.electrosuisse.ch\/de\/wp-json\/wp\/v2\/users\/6"}],"replies":[{"embeddable":true,"href":"https:\/\/www.electrosuisse.ch\/de\/wp-json\/wp\/v2\/comments?post=30877"}],"version-history":[{"count":23,"href":"https:\/\/www.electrosuisse.ch\/de\/wp-json\/wp\/v2\/pages\/30877\/revisions"}],"predecessor-version":[{"id":41903,"href":"https:\/\/www.electrosuisse.ch\/de\/wp-json\/wp\/v2\/pages\/30877\/revisions\/41903"}],"up":[{"embeddable":true,"href":"https:\/\/www.electrosuisse.ch\/de\/wp-json\/wp\/v2\/pages\/28"}],"wp:attachment":[{"href":"https:\/\/www.electrosuisse.ch\/de\/wp-json\/wp\/v2\/media?parent=30877"}],"curies":[{"name":"wp","href":"https:\/\/api.w.org\/{rel}","templated":true}]}}