{"id":30869,"date":"2023-05-23T09:57:35","date_gmt":"2023-05-23T07:57:35","guid":{"rendered":"https:\/\/www.electrosuisse.ch\/?page_id=30869"},"modified":"2025-11-27T09:31:14","modified_gmt":"2025-11-27T08:31:14","slug":"dekarbonisierung","status":"publish","type":"page","link":"https:\/\/www.electrosuisse.ch\/de\/engineering\/dekarbonisierung\/","title":{"rendered":"Dekarbonisierung"},"content":{"rendered":"<div class=\"wpb-content-wrapper\"><p>[vc_row][vc_column][vc_column_text el_class=&#8221;teaser&#8221;]Die Erreichung der Klimaziele fordert eine umfassende \u00f6kologische Modernisierung der Wirtschaft und eine Reduktion der Treibhausgase in der Industrie. Dabei ist die Optimierung der Energie- und Materialeffizienz nicht nur ein entscheidender Faktor bei der Erreichung von Umweltzielen, sondern essenziel f\u00fcr die internationale Wettbewerbsf\u00e4higkeit von Unternehmen.[\/vc_column_text][vc_column_text]Investitionen in Emissionsreduktionsmassnahmen f\u00fchren langfristig zu erheblichen Kosteneinsparungen auf betrieblicher Ebene, zum Beispiel durch niedrigeren Energie- und Materialverbrauch und verbesserte Prozessabl\u00e4ufe. Die Reduzierung der Emissionen im Betrieb und die Umstellung auf CO<sub>2<\/sub>-freie Technologien ist f\u00fcr das energie- und ressourcenintensive produzierende Gewerbe besonders lukrativ.<\/p>\n<p>Betrachtet man die gesamte Wertsch\u00f6pfungskette k\u00f6nnen die Emissionen laut Greenhouse Gas Protocol in drei Bereiche unterteilt werden \u2013 Scope 1, 2 und 3. Scope 1 bezeichnet die Freisetzung von Treibhausgasen im Unternehmen selbst. Sie entstehen zum Beispiel aus dem Verbrauch von Brennstoffen im Betrieb und der Nutzung von Unternehmensfahrzeugen. Scope 2 umfasst indirekte Emissionen durch eingekaufte Energie. Sie entstehen bei der Umwandlung der Prim\u00e4renergietr\u00e4ger zu Strom, Dampf, W\u00e4rme oder K\u00e4lte, welche im Prozess ben\u00f6tigt werden. Scope 3 betrifft indirekte Emissionen in der vor- oder nachgelagerten Lieferkette. Electrosuisse begleitet Unternehmen in der Umsetzung ihrer Net-Zero Strategie auf allen Ebenen. Wir bieten ganzheitliche, interdisziplin\u00e4re L\u00f6sungen und Massnahmen zur CO<sub>2<\/sub> Vermeidung in Ihrem Unternehmen an. Das gr\u00f6sste Potenzial f\u00fcr eine dauerhafte und zielbringende CO<sub>2<\/sub>-Reduzierung liegt in Scope 1 und 2, da diese direkt beeinflussbar sind.[\/vc_column_text][vc_column_text css=&#8221;&#8221;]<\/p>\n<h4>Dekarbonisierung als Chance<\/h4>\n<p>[\/vc_column_text]<div class=\"wpb_image_column wpb_content_element\"><div class=\"wpb_wrapper\"><div class=\"picture_container\"><picture style=\"width: 800px\"><source media=\"(min-width: 769px)\" srcset=\"https:\/\/www.electrosuisse.ch\/wp-content\/uploads\/2023\/10\/Infografik_Greenhouse_Gas_Protokoll_Screen_mit-Titel-und-Logo-1024x751.png\"><source media=\"(min-width: 415px)\" srcset=\"https:\/\/www.electrosuisse.ch\/wp-content\/uploads\/2023\/10\/Infografik_Greenhouse_Gas_Protokoll_Screen_mit-Titel-und-Logo-768x563.png\"><source media=\"(max-width: 414px)\" srcset=\"https:\/\/www.electrosuisse.ch\/wp-content\/uploads\/2023\/10\/Infografik_Greenhouse_Gas_Protokoll_Screen_mit-Titel-und-Logo-414x303.png 1x, https:\/\/www.electrosuisse.ch\/wp-content\/uploads\/2023\/10\/Infografik_Greenhouse_Gas_Protokoll_Screen_mit-Titel-und-Logo-768x563.png 2x\"><img decoding=\"async\" src=\"https:\/\/www.electrosuisse.ch\/wp-content\/uploads\/2023\/10\/Infografik_Greenhouse_Gas_Protokoll_Screen_mit-Titel-und-Logo-1024x751.png\" alt=\"Treibhausgase entlang der Wertsch\u00f6pfungskette\" \/><\/picture><\/div><\/div><\/div><div class=\"wpb_document_column wpb_content_element\"><div class=\"wpb_wrapper\"><div class=\"document document--pdf\"><a href=\"https:\/\/www.electrosuisse.ch\/wp-content\/uploads\/2024\/11\/energiezukunftschweiz_dekarbonisierung.pdf\" target=\"_blank\">Zum Artikel im Jahrbuch Energiezukunft Schweiz 2024 \u00fcber die Dekarbonisierung<\/a><\/div><\/div><\/div>[\/vc_column][\/vc_row][vc_row el_id=&#8221;angebot&#8221;][vc_column][vc_column_text]<\/p>\n<h3>Unser Angebot<\/h3>\n<p>[\/vc_column_text][vc_column_text css=&#8221;&#8221;]Electrosuisse f\u00fchrt eine ganzheitliche Systemanalyse unter Ber\u00fccksichtigung direkter und indirekter Emissionen (Scope 1, 2 und 3) ihres Betriebs durch. Eine fundierte Datenerfassung und -analyse, technisches Know-How sowie der Einsatz bew\u00e4hrter Methoden bilden die Grundlage f\u00fcr die Berechnung der CO<sub>2<\/sub>-Bilanz und der Erarbeitung eines Dekarbonisierungsplans. W\u00fcnschen Sie ein Vorgehen nach SBTi, so wenden wir auch diese Methode bei der Analyse und Strategieentwicklung an.<\/p>\n<p>Wir unterst\u00fctzen Sie vollumf\u00e4nglich bei der Schaffung von Transparenz in ihren Prozessen, damit Sie die richtige Entscheidungsgrundlage f\u00fcr die Weiterentwicklung Ihres Unternehmens haben. Mit der Erstellung der CO<sub>2<\/sub>\u00a0Bilanz und\/oder einem Dekarbonisierungsplan erhalten Sie eine \u00dcbersicht \u00fcber das technische und wirtschaftliche CO<sub>2<\/sub>-Verminderungspotenzial entlang der gesamten Wertsch\u00f6pfungskette. Gemeinsam ergreifen wir Massnahmen f\u00fcr eine dauerhafte Emissionsreduktion und Steigerung der Effizienz in Ihrem Unternehmen und begleiten Sie w\u00e4hrend der gesamten Umsetzungsphase.[\/vc_column_text][vc_column_text css=&#8221;&#8221;]<\/p>\n<h3>Das Wichtigste in K\u00fcrze<\/h3>\n<ul>\n<li>Dekarbonisierung bedeutet eine gezielte Reduktion von Treibhausgasemissionen und beinhaltet oft die \u00f6kologische Modernisierung der Industrie zur Erreichung der Klimaziele.<\/li>\n<li>Scope 1, 2 und 3 des Greenhouse Gas Protocol definieren direkte und indirekte Emissionen entlang der gesamten Wertsch\u00f6pfungskette.<\/li>\n<li>Besonders grosse und auch wirtschaftlich interessante Reduktionspotenziale liegen in Scope 1 und 2, da diese direkt durch Unternehmen beeinflussbar sind.<\/li>\n<li>Electrosuisse bietet ganzheitliche Analysen und Strategien zur CO\u2082-Vermeidung, inklusive CO\u2082-Bilanzierung und Dekarbonisierungspl\u00e4nen.<\/li>\n<li>Die Umsetzung erfolgt mit fundierter Datenerfassung, technischem Know-how und Methoden wie SBTi, begleitet durch Electrosuisse \u00fcber alle Projektphasen hinweg.<\/li>\n<\/ul>\n<p>[\/vc_column_text][\/vc_column][\/vc_row][vc_row el_id=&#8221;kontakt&#8221;][vc_column][vc_column_text]<\/p>\n<h2>Kontakt<\/h2>\n<p>[\/vc_column_text]<div class=\"wpb_contact_column wpb_content_element wpb_contact_column--container\"><div class=\"wpb_wrapper\"><div class=\"contact_container_outer\"><div class=\"contact_container\"><div class=\"contact row middle-xs\"><div class=\"contact__img col-sm-5 col-xs-12\"><img decoding=\"async\" src=\"https:\/\/www.electrosuisse.ch\/wp-content\/uploads\/2024\/08\/StefanBaer_302x302.png\" alt=\"Stefan B\u00e4r - Teamleiter Engineering Ost\" \/><\/div><div class=\"contact__info col-sm-7 col-xs-12\"><p><b>Stefan B\u00e4r<\/b><br>Teamleiter Engineering Ost<\/p><div class=\"phone has-link\"><a href=\"tel:+41585951571\">+41 58 595 15 71<\/a><\/div><div class=\"mail has-link\"><a href=\"mailto:&#x73;&#116;e&#x66;&#97;n&#x2e;&#x62;&#97;&#x65;&#x72;&#64;e&#x6c;&#101;c&#x74;&#x72;&#111;&#x73;&#x75;&#105;s&#x73;&#101;&#46;&#x63;&#x68;\">&#x73;&#116;&#101;f&#x61;&#x6e;&#46;b&#x61;&#x65;&#114;&#64;e&#x6c;&#101;&#99;t&#x72;&#x6f;&#115;u&#x69;&#x73;&#115;&#101;&#46;&#x63;&#x68;<\/a><\/div><\/div><\/div><\/div><\/div><div class=\"contact_container_outer\"><div class=\"contact_container\"><div class=\"contact row middle-xs\"><div class=\"contact__img col-sm-5 col-xs-12\"><img decoding=\"async\" src=\"https:\/\/www.electrosuisse.ch\/wp-content\/uploads\/2025\/09\/Felix-Bigler_320x320.png\" alt=\"Felix Bigler - Teamleiter Engineering West\" \/><\/div><div class=\"contact__info col-sm-7 col-xs-12\"><p><b>Felix Bigler<\/b><br>Teamleiter Engineering West<\/p><div class=\"phone has-link\"><a href=\"tel:+41585951575\">+41 58 595 15 75<\/a><\/div><div class=\"mail has-link\"><a href=\"mailto:&#x66;&#101;l&#x69;&#120;&#46;&#x62;&#105;g&#x6c;&#x65;&#114;&#x40;&#x65;&#108;e&#x63;&#116;r&#x6f;&#115;u&#x69;&#x73;&#115;&#x65;&#x2e;&#99;h\">fe&#108;&#105;&#120;&#46;&#x62;&#x69;&#x67;&#x6c;&#x65;r&#64;&#101;&#108;&#101;&#99;&#x74;&#x72;&#x6f;&#x73;&#x75;is&#115;&#101;&#46;&#99;&#x68;<\/a><\/div><\/div><\/div><\/div><\/div><div class=\"contact_container_outer\"><div class=\"contact_container\"><div class=\"contact row middle-xs\"><div class=\"contact__img col-sm-5 col-xs-12\"><img decoding=\"async\" src=\"\/wp-content\/themes\/SCHMUCKI_child\/img\/contact_placeholder.jpg\" alt=\"Beratung, Inspektion und Engineering\" \/><\/div><div class=\"contact__info col-sm-7 col-xs-12\"><p><b>Beratung, Inspektion und Engineering<\/b><br>Innendienst<\/p><div class=\"phone has-link\"><a href=\"tel:+41585951199\">+41 58 595 11 99<\/a><\/div><div class=\"mail has-link\"><a href=\"mailto:&#x62;&#101;r&#x61;&#x74;&#117;n&#x67;&#64;e&#x6c;&#x65;&#99;t&#x72;&#111;s&#x75;&#x69;&#115;s&#x65;&#x2e;&#99;&#x68; \">&#98;&#x65;&#114;&#x61;&#116;&#x75;n&#x67;&#64;&#x65;l&#101;&#x63;&#116;&#x72;&#111;&#x73;&#117;&#x69;s&#x73;e&#x2e;c&#104; <\/a><\/div><\/div><\/div><\/div><\/div><\/div><\/div>[\/vc_column][\/vc_row]<\/p>\n<\/div>","protected":false},"excerpt":{"rendered":"<p>[vc_row][vc_column][vc_column_text el_class=&#8221;teaser&#8221;]Die Erreichung der Klimaziele fordert eine umfassende \u00f6kologische Modernisierung der Wirtschaft und eine Reduktion der Treibhausgase in der Industrie. Dabei ist die Optimierung der Energie- und Materialeffizienz nicht nur ein entscheidender Faktor bei der Erreichung von Umweltzielen, sondern essenziel f\u00fcr die internationale Wettbewerbsf\u00e4higkeit von Unternehmen.[\/vc_column_text][vc_column_text]Investitionen in Emissionsreduktionsmassnahmen f\u00fchren langfristig zu erheblichen Kosteneinsparungen auf betrieblicher [&hellip;]<\/p>\n","protected":false},"author":6,"featured_media":0,"parent":28,"menu_order":249,"comment_status":"closed","ping_status":"closed","template":"","meta":{"_acf_changed":false,"_monsterinsights_skip_tracking":false,"_monsterinsights_sitenote_active":false,"_monsterinsights_sitenote_note":"","_monsterinsights_sitenote_category":0,"footnotes":""},"class_list":["post-30869","page","type-page","status-publish","hentry"],"acf":[],"yoast_head":"<!-- This site is optimized with the Yoast SEO Premium plugin v26.4 (Yoast SEO v27.0) - https:\/\/yoast.com\/product\/yoast-seo-premium-wordpress\/ -->\n<title>Dekarbonisierung<\/title>\n<meta name=\"description\" content=\"Electrosuisse hilft bei der Analysierung und Umsetzung f\u00fcr eine dauerhafte Emissionsreduktion und Steigerung der Effizienz im Unternehmen.\" \/>\n<meta name=\"robots\" content=\"index, follow, max-snippet:-1, max-image-preview:large, max-video-preview:-1\" \/>\n<link rel=\"canonical\" href=\"https:\/\/www.electrosuisse.ch\/de\/engineering\/dekarbonisierung\/\" \/>\n<meta property=\"og:locale\" content=\"de_DE\" \/>\n<meta property=\"og:type\" content=\"article\" \/>\n<meta property=\"og:title\" content=\"Dekarbonisierung\" \/>\n<meta property=\"og:description\" content=\"Electrosuisse hilft bei der Analysierung und Umsetzung f\u00fcr eine dauerhafte Emissionsreduktion und Steigerung der Effizienz im Unternehmen.\" \/>\n<meta property=\"og:url\" content=\"https:\/\/www.electrosuisse.ch\/de\/engineering\/dekarbonisierung\/\" \/>\n<meta property=\"og:site_name\" content=\"Electrosuisse\" \/>\n<meta property=\"article:modified_time\" content=\"2025-11-27T08:31:14+00:00\" \/>\n<meta property=\"og:image\" content=\"https:\/\/www.electrosuisse.ch\/wp-content\/uploads\/2022\/12\/Electrosuisse_Ueber_uns_1578x650.jpg\" \/>\n\t<meta property=\"og:image:width\" content=\"1578\" \/>\n\t<meta property=\"og:image:height\" content=\"650\" \/>\n\t<meta property=\"og:image:type\" content=\"image\/jpeg\" \/>\n<script type=\"application\/ld+json\" class=\"yoast-schema-graph\">{\"@context\":\"https:\/\/schema.org\",\"@graph\":[{\"@type\":\"WebPage\",\"@id\":\"https:\/\/www.electrosuisse.ch\/de\/engineering\/dekarbonisierung\/\",\"url\":\"https:\/\/www.electrosuisse.ch\/de\/engineering\/dekarbonisierung\/\",\"name\":\"Dekarbonisierung\",\"isPartOf\":{\"@id\":\"https:\/\/www.electrosuisse.ch\/de\/#website\"},\"datePublished\":\"2023-05-23T07:57:35+00:00\",\"dateModified\":\"2025-11-27T08:31:14+00:00\",\"description\":\"Electrosuisse hilft bei der Analysierung und Umsetzung f\u00fcr eine dauerhafte Emissionsreduktion und Steigerung der Effizienz im Unternehmen.\",\"breadcrumb\":{\"@id\":\"https:\/\/www.electrosuisse.ch\/de\/engineering\/dekarbonisierung\/#breadcrumb\"},\"inLanguage\":\"de\",\"potentialAction\":[{\"@type\":\"ReadAction\",\"target\":[\"https:\/\/www.electrosuisse.ch\/de\/engineering\/dekarbonisierung\/\"]}]},{\"@type\":\"BreadcrumbList\",\"@id\":\"https:\/\/www.electrosuisse.ch\/de\/engineering\/dekarbonisierung\/#breadcrumb\",\"itemListElement\":[{\"@type\":\"ListItem\",\"position\":1,\"name\":\"Engineering\",\"item\":\"https:\/\/www.electrosuisse.ch\/de\/engineering\/\"},{\"@type\":\"ListItem\",\"position\":2,\"name\":\"Dekarbonisierung\"}]},{\"@type\":\"WebSite\",\"@id\":\"https:\/\/www.electrosuisse.ch\/de\/#website\",\"url\":\"https:\/\/www.electrosuisse.ch\/de\/\",\"name\":\"Electrosuisse\",\"description\":\"\",\"publisher\":{\"@id\":\"https:\/\/www.electrosuisse.ch\/de\/#organization\"},\"potentialAction\":[{\"@type\":\"SearchAction\",\"target\":{\"@type\":\"EntryPoint\",\"urlTemplate\":\"https:\/\/www.electrosuisse.ch\/de\/?s={search_term_string}\"},\"query-input\":{\"@type\":\"PropertyValueSpecification\",\"valueRequired\":true,\"valueName\":\"search_term_string\"}}],\"inLanguage\":\"de\"},{\"@type\":\"Organization\",\"@id\":\"https:\/\/www.electrosuisse.ch\/de\/#organization\",\"name\":\"Electrosuisse\",\"url\":\"https:\/\/www.electrosuisse.ch\/de\/\",\"logo\":{\"@type\":\"ImageObject\",\"inLanguage\":\"de\",\"@id\":\"https:\/\/www.electrosuisse.ch\/de\/#\/schema\/logo\/image\/\",\"url\":\"https:\/\/www.electrosuisse.ch\/wp-content\/uploads\/2025\/04\/Electrosuisse_Logo_696x696.png\",\"contentUrl\":\"https:\/\/www.electrosuisse.ch\/wp-content\/uploads\/2025\/04\/Electrosuisse_Logo_696x696.png\",\"width\":696,\"height\":696,\"caption\":\"Electrosuisse\"},\"image\":{\"@id\":\"https:\/\/www.electrosuisse.ch\/de\/#\/schema\/logo\/image\/\"},\"sameAs\":[\"https:\/\/www.linkedin.com\/company\/electrosuisse-ag\/posts\/?feedView=all\",\"https:\/\/www.instagram.com\/electrosuisse1889\/\",\"https:\/\/www.youtube.com\/channel\/UCoOxohMiVE0Gjcdis1L09zw\"],\"description\":\"Electrosuisse ist eine anerkannte und unabh\u00e4ngige Fachorganisation, die erstklassige Dienstleistungen und Produkte in den Bereichen Inspektion, Beratung, Pr\u00fcfung, Zertifizierung, Normung und Weiterbildung anbietet. Unsere Expertise umfasst Elektrotechnik, Elektromobilit\u00e4t, Energieberatung, Geb\u00e4udeautomation und Photovoltaik in der Schweiz. Durch die Veranstaltung etablierter Branchen-Events und Fachtagungen f\u00f6rdert Electrosuisse den Wissenstransfer und den fachlichen Austausch. Im Mittelpunkt unserer T\u00e4tigkeiten steht die F\u00f6rderung der sicheren, wirtschaftlichen und umweltgerechten Anwendung der Elektrotechnik.\"}]}<\/script>\n<!-- \/ Yoast SEO Premium plugin. -->","yoast_head_json":{"title":"Dekarbonisierung","description":"Electrosuisse hilft bei der Analysierung und Umsetzung f\u00fcr eine dauerhafte Emissionsreduktion und Steigerung der Effizienz im Unternehmen.","robots":{"index":"index","follow":"follow","max-snippet":"max-snippet:-1","max-image-preview":"max-image-preview:large","max-video-preview":"max-video-preview:-1"},"canonical":"https:\/\/www.electrosuisse.ch\/de\/engineering\/dekarbonisierung\/","og_locale":"de_DE","og_type":"article","og_title":"Dekarbonisierung","og_description":"Electrosuisse hilft bei der Analysierung und Umsetzung f\u00fcr eine dauerhafte Emissionsreduktion und Steigerung der Effizienz im Unternehmen.","og_url":"https:\/\/www.electrosuisse.ch\/de\/engineering\/dekarbonisierung\/","og_site_name":"Electrosuisse","article_modified_time":"2025-11-27T08:31:14+00:00","og_image":[{"width":1578,"height":650,"url":"https:\/\/www.electrosuisse.ch\/wp-content\/uploads\/2022\/12\/Electrosuisse_Ueber_uns_1578x650.jpg","type":"image\/jpeg"}],"schema":{"@context":"https:\/\/schema.org","@graph":[{"@type":"WebPage","@id":"https:\/\/www.electrosuisse.ch\/de\/engineering\/dekarbonisierung\/","url":"https:\/\/www.electrosuisse.ch\/de\/engineering\/dekarbonisierung\/","name":"Dekarbonisierung","isPartOf":{"@id":"https:\/\/www.electrosuisse.ch\/de\/#website"},"datePublished":"2023-05-23T07:57:35+00:00","dateModified":"2025-11-27T08:31:14+00:00","description":"Electrosuisse hilft bei der Analysierung und Umsetzung f\u00fcr eine dauerhafte Emissionsreduktion und Steigerung der Effizienz im Unternehmen.","breadcrumb":{"@id":"https:\/\/www.electrosuisse.ch\/de\/engineering\/dekarbonisierung\/#breadcrumb"},"inLanguage":"de","potentialAction":[{"@type":"ReadAction","target":["https:\/\/www.electrosuisse.ch\/de\/engineering\/dekarbonisierung\/"]}]},{"@type":"BreadcrumbList","@id":"https:\/\/www.electrosuisse.ch\/de\/engineering\/dekarbonisierung\/#breadcrumb","itemListElement":[{"@type":"ListItem","position":1,"name":"Engineering","item":"https:\/\/www.electrosuisse.ch\/de\/engineering\/"},{"@type":"ListItem","position":2,"name":"Dekarbonisierung"}]},{"@type":"WebSite","@id":"https:\/\/www.electrosuisse.ch\/de\/#website","url":"https:\/\/www.electrosuisse.ch\/de\/","name":"Electrosuisse","description":"","publisher":{"@id":"https:\/\/www.electrosuisse.ch\/de\/#organization"},"potentialAction":[{"@type":"SearchAction","target":{"@type":"EntryPoint","urlTemplate":"https:\/\/www.electrosuisse.ch\/de\/?s={search_term_string}"},"query-input":{"@type":"PropertyValueSpecification","valueRequired":true,"valueName":"search_term_string"}}],"inLanguage":"de"},{"@type":"Organization","@id":"https:\/\/www.electrosuisse.ch\/de\/#organization","name":"Electrosuisse","url":"https:\/\/www.electrosuisse.ch\/de\/","logo":{"@type":"ImageObject","inLanguage":"de","@id":"https:\/\/www.electrosuisse.ch\/de\/#\/schema\/logo\/image\/","url":"https:\/\/www.electrosuisse.ch\/wp-content\/uploads\/2025\/04\/Electrosuisse_Logo_696x696.png","contentUrl":"https:\/\/www.electrosuisse.ch\/wp-content\/uploads\/2025\/04\/Electrosuisse_Logo_696x696.png","width":696,"height":696,"caption":"Electrosuisse"},"image":{"@id":"https:\/\/www.electrosuisse.ch\/de\/#\/schema\/logo\/image\/"},"sameAs":["https:\/\/www.linkedin.com\/company\/electrosuisse-ag\/posts\/?feedView=all","https:\/\/www.instagram.com\/electrosuisse1889\/","https:\/\/www.youtube.com\/channel\/UCoOxohMiVE0Gjcdis1L09zw"],"description":"Electrosuisse ist eine anerkannte und unabh\u00e4ngige Fachorganisation, die erstklassige Dienstleistungen und Produkte in den Bereichen Inspektion, Beratung, Pr\u00fcfung, Zertifizierung, Normung und Weiterbildung anbietet. Unsere Expertise umfasst Elektrotechnik, Elektromobilit\u00e4t, Energieberatung, Geb\u00e4udeautomation und Photovoltaik in der Schweiz. Durch die Veranstaltung etablierter Branchen-Events und Fachtagungen f\u00f6rdert Electrosuisse den Wissenstransfer und den fachlichen Austausch. Im Mittelpunkt unserer T\u00e4tigkeiten steht die F\u00f6rderung der sicheren, wirtschaftlichen und umweltgerechten Anwendung der Elektrotechnik."}]}},"amp_enabled":true,"_links":{"self":[{"href":"https:\/\/www.electrosuisse.ch\/de\/wp-json\/wp\/v2\/pages\/30869","targetHints":{"allow":["GET"]}}],"collection":[{"href":"https:\/\/www.electrosuisse.ch\/de\/wp-json\/wp\/v2\/pages"}],"about":[{"href":"https:\/\/www.electrosuisse.ch\/de\/wp-json\/wp\/v2\/types\/page"}],"author":[{"embeddable":true,"href":"https:\/\/www.electrosuisse.ch\/de\/wp-json\/wp\/v2\/users\/6"}],"replies":[{"embeddable":true,"href":"https:\/\/www.electrosuisse.ch\/de\/wp-json\/wp\/v2\/comments?post=30869"}],"version-history":[{"count":35,"href":"https:\/\/www.electrosuisse.ch\/de\/wp-json\/wp\/v2\/pages\/30869\/revisions"}],"predecessor-version":[{"id":40515,"href":"https:\/\/www.electrosuisse.ch\/de\/wp-json\/wp\/v2\/pages\/30869\/revisions\/40515"}],"up":[{"embeddable":true,"href":"https:\/\/www.electrosuisse.ch\/de\/wp-json\/wp\/v2\/pages\/28"}],"wp:attachment":[{"href":"https:\/\/www.electrosuisse.ch\/de\/wp-json\/wp\/v2\/media?parent=30869"}],"curies":[{"name":"wp","href":"https:\/\/api.w.org\/{rel}","templated":true}]}}