{"id":30689,"date":"2023-05-02T11:01:57","date_gmt":"2023-05-02T09:01:57","guid":{"rendered":"https:\/\/www.electrosuisse.ch\/?page_id=30689"},"modified":"2026-03-16T14:35:25","modified_gmt":"2026-03-16T13:35:25","slug":"e-mobilitaet-map","status":"publish","type":"page","link":"https:\/\/www.electrosuisse.ch\/de\/mobilitaet\/e-mobilitaet-map\/","title":{"rendered":"E-Mobilit\u00e4t \u2013 Map, Brosch\u00fcre und interaktives Tool"},"content":{"rendered":"<div class=\"wpb-content-wrapper\"><p>[vc_row][vc_column][vc_column_text css=&#8221;&#8221;]<\/p>\n<h2>Map, Brosch\u00fcre und interaktives Tool<\/h2>\n<p>Electrosuisse hat mit Unterst\u00fctzung von\u00a0<a href=\"https:\/\/www.energieschweiz.ch\/mobilitaet\/elektromobilitaet\/\" target=\"_blank\" rel=\"noopener\">EnergieSchweiz<\/a>\u00a0zum Thema Elektromobilit\u00e4t eine Map, eine begleitende Brosch\u00fcre und ein interaktives Tool zur Verkn\u00fcpfung der beiden Elemente entwickelt. Die Map bietet strukturierte Informationen und erm\u00f6glicht so die einfache Anwendung abstrakten Wissens auf konkrete Fragestellungen.<\/p>\n<p>Elf Unterkapitel zeigen auf, weshalb die Zukunft der Elektromobilit\u00e4t geh\u00f6rt: Es gibt keine Abgase, L\u00e4rmemissionen und Vibrationseffekte fallen weg. Zudem ist ein Elektroantrieb hinsichtlich Energiebedarf dreimal effizienter als ein konventioneller Antrieb. In Bremsphasen und beim Abw\u00e4rtsfahren wird Energie zur\u00fcckgewonnen. Schliesslich wird die Auswahl verf\u00fcgbarer Fahrzeuge auf dem Markt immer gr\u00f6sser.<\/p>\n<p>Die Gesamtbilanz der Umweltbelastung ist ab rund 10 000 km geringer als bei herk\u00f6mmlichen Antrieben. Auch werden mit h\u00f6chster Priorit\u00e4t Rohstoffe genutzt, welche \u00f6kologisch und sozial vertr\u00e4glich gewonnen werden.<\/p>\n<p>Die stetig wachsenden Ladekapazit\u00e4ten der einzelnen Fahrzeuge sowie ein immer dichteres Netz an Lades\u00e4ulen erm\u00f6glichen eine sorgenfreie Fahrt. Dabei kann bei Bedarf die Auslastung des Stromnetzes intelligent optimiert werden, was gerade bei Hausanschl\u00fcssen mit Ladebedarf f\u00fcr mehrere Elektrofahrzeuge ein Thema werden kann (Lademanagement). Ausserdem k\u00f6nnen Batterien von E-Mobilen einer zweiten Nutzung als Energiespeicher im Haushalt zugef\u00fchrt und anschliessend rezykliert werden.<\/p>\n<p>Einfach, g\u00fcnstig und effizient \u2013 so erkl\u00e4rt man den Antrieb der Zukunft![\/vc_column_text][vc_column_text]<strong>So kommen Sie zu Ihrer Map.<\/strong><br \/>\nDie Map und die Brosch\u00fcre stehen Ihnen kostenlos zum Download zur Verf\u00fcgung:[\/vc_column_text]<div class=\"wpb_document_column wpb_content_element\"><div class=\"wpb_wrapper\"><div class=\"document document--pdf\"><a href=\"https:\/\/www.electrosuisse.ch\/wp-content\/uploads\/2023\/05\/Electrosuisse_Artmap_emobile_d_1122.pdf\" target=\"_blank\" rel=\"noopener\">Artmap \u00abe-mobile\u00bb<\/a><\/div><\/div><\/div><div class=\"wpb_document_column wpb_content_element\"><div class=\"wpb_wrapper\"><div class=\"document document--pdf\"><a href=\"https:\/\/www.electrosuisse.ch\/wp-content\/uploads\/2023\/08\/Brosch_e_Mobile_de.pdf\" target=\"_blank\" rel=\"noopener\">Brosch\u00fcre \u00abE-Mobilit\u00e4t \u2013 Der Antrieb der Zukunft\u00bb<\/a><\/div><\/div><\/div>[vc_column_text]Im Shop finden Sie die Map auch in gedruckter Form (kostenpflichtig).<\/p>\n<p><a href=\"https:\/\/shop.electrosuisse.ch\/de\/DV-MAPEMOBIA3D-359329.html\" target=\"_blank\" rel=\"noopener\">Zur Map<\/a><\/p>\n<p>Weiterf\u00fchrende Informationen bietet Ihnen das interaktive Tool.<\/p>\n<p><a href=\"https:\/\/edu.electrosuisse.ch\/#doc\/60618\/1\" target=\"_blank\" rel=\"noopener\">Interaktives Tool<\/a>[\/vc_column_text][\/vc_column][\/vc_row]<\/p>\n<\/div>","protected":false},"excerpt":{"rendered":"<p>[vc_row][vc_column][vc_column_text css=&#8221;&#8221;] Map, Brosch\u00fcre und interaktives Tool Electrosuisse hat mit Unterst\u00fctzung von\u00a0EnergieSchweiz\u00a0zum Thema Elektromobilit\u00e4t eine Map, eine begleitende Brosch\u00fcre und ein interaktives Tool zur Verkn\u00fcpfung der beiden Elemente entwickelt. Die Map bietet strukturierte Informationen und erm\u00f6glicht so die einfache Anwendung abstrakten Wissens auf konkrete Fragestellungen. Elf Unterkapitel zeigen auf, weshalb die Zukunft der Elektromobilit\u00e4t geh\u00f6rt: [&hellip;]<\/p>\n","protected":false},"author":6,"featured_media":0,"parent":21746,"menu_order":87,"comment_status":"closed","ping_status":"closed","template":"","meta":{"_acf_changed":false,"_monsterinsights_skip_tracking":false,"_monsterinsights_sitenote_active":false,"_monsterinsights_sitenote_note":"","_monsterinsights_sitenote_category":0,"footnotes":""},"class_list":["post-30689","page","type-page","status-publish","hentry"],"acf":[],"yoast_head":"<!-- This site is optimized with the Yoast SEO Premium plugin v26.4 (Yoast SEO v27.0) - https:\/\/yoast.com\/product\/yoast-seo-premium-wordpress\/ -->\n<title>Art-Map E-Mobilit\u00e4t \u2013 Der Antrieb der Zukunft<\/title>\n<meta name=\"description\" content=\"Map, begleitende Brosch\u00fcre und ein interaktives Tool von Electrosuisse zum Thema Elektromobilit\u00e4t f\u00fcr eine einfache Anwendung abstrakten Wissens auf konkrete Fragestellungen.\" \/>\n<meta name=\"robots\" content=\"index, follow, max-snippet:-1, max-image-preview:large, max-video-preview:-1\" \/>\n<link rel=\"canonical\" href=\"https:\/\/www.electrosuisse.ch\/de\/mobilitaet\/e-mobilitaet-map\/\" \/>\n<meta property=\"og:locale\" content=\"de_DE\" \/>\n<meta property=\"og:type\" content=\"article\" \/>\n<meta property=\"og:title\" content=\"Art-Map E-Mobilit\u00e4t \u2013 Der Antrieb der Zukunft\" \/>\n<meta property=\"og:description\" content=\"Map, begleitende Brosch\u00fcre und ein interaktives Tool von Electrosuisse zum Thema Elektromobilit\u00e4t f\u00fcr eine einfache Anwendung abstrakten Wissens auf konkrete Fragestellungen.\" \/>\n<meta property=\"og:url\" content=\"https:\/\/www.electrosuisse.ch\/de\/mobilitaet\/e-mobilitaet-map\/\" \/>\n<meta property=\"og:site_name\" content=\"Electrosuisse\" \/>\n<meta property=\"article:modified_time\" content=\"2026-03-16T13:35:25+00:00\" \/>\n<meta property=\"og:image\" content=\"https:\/\/www.electrosuisse.ch\/wp-content\/uploads\/2023\/08\/Map_Emob_1660x470.jpg\" \/>\n\t<meta property=\"og:image:width\" content=\"1578\" \/>\n\t<meta property=\"og:image:height\" content=\"650\" \/>\n\t<meta property=\"og:image:type\" content=\"image\/jpeg\" \/>\n<script type=\"application\/ld+json\" class=\"yoast-schema-graph\">{\"@context\":\"https:\/\/schema.org\",\"@graph\":[{\"@type\":\"WebPage\",\"@id\":\"https:\/\/www.electrosuisse.ch\/de\/mobilitaet\/e-mobilitaet-map\/\",\"url\":\"https:\/\/www.electrosuisse.ch\/de\/mobilitaet\/e-mobilitaet-map\/\",\"name\":\"Art-Map E-Mobilit\u00e4t \u2013 Der Antrieb der Zukunft\",\"isPartOf\":{\"@id\":\"https:\/\/www.electrosuisse.ch\/de\/#website\"},\"datePublished\":\"2023-05-02T09:01:57+00:00\",\"dateModified\":\"2026-03-16T13:35:25+00:00\",\"description\":\"Map, begleitende Brosch\u00fcre und ein interaktives Tool von Electrosuisse zum Thema Elektromobilit\u00e4t f\u00fcr eine einfache Anwendung abstrakten Wissens auf konkrete Fragestellungen.\",\"breadcrumb\":{\"@id\":\"https:\/\/www.electrosuisse.ch\/de\/mobilitaet\/e-mobilitaet-map\/#breadcrumb\"},\"inLanguage\":\"de\",\"potentialAction\":[{\"@type\":\"ReadAction\",\"target\":[\"https:\/\/www.electrosuisse.ch\/de\/mobilitaet\/e-mobilitaet-map\/\"]}]},{\"@type\":\"BreadcrumbList\",\"@id\":\"https:\/\/www.electrosuisse.ch\/de\/mobilitaet\/e-mobilitaet-map\/#breadcrumb\",\"itemListElement\":[{\"@type\":\"ListItem\",\"position\":1,\"name\":\"Mobilit\u00e4t\",\"item\":\"https:\/\/www.electrosuisse.ch\/de\/mobilitaet\/\"},{\"@type\":\"ListItem\",\"position\":2,\"name\":\"E-Mobilit\u00e4t \u2013 Map, Brosch\u00fcre und interaktives Tool\"}]},{\"@type\":\"WebSite\",\"@id\":\"https:\/\/www.electrosuisse.ch\/de\/#website\",\"url\":\"https:\/\/www.electrosuisse.ch\/de\/\",\"name\":\"Electrosuisse\",\"description\":\"\",\"publisher\":{\"@id\":\"https:\/\/www.electrosuisse.ch\/de\/#organization\"},\"potentialAction\":[{\"@type\":\"SearchAction\",\"target\":{\"@type\":\"EntryPoint\",\"urlTemplate\":\"https:\/\/www.electrosuisse.ch\/de\/?s={search_term_string}\"},\"query-input\":{\"@type\":\"PropertyValueSpecification\",\"valueRequired\":true,\"valueName\":\"search_term_string\"}}],\"inLanguage\":\"de\"},{\"@type\":\"Organization\",\"@id\":\"https:\/\/www.electrosuisse.ch\/de\/#organization\",\"name\":\"Electrosuisse\",\"url\":\"https:\/\/www.electrosuisse.ch\/de\/\",\"logo\":{\"@type\":\"ImageObject\",\"inLanguage\":\"de\",\"@id\":\"https:\/\/www.electrosuisse.ch\/de\/#\/schema\/logo\/image\/\",\"url\":\"https:\/\/www.electrosuisse.ch\/wp-content\/uploads\/2025\/04\/Electrosuisse_Logo_696x696.png\",\"contentUrl\":\"https:\/\/www.electrosuisse.ch\/wp-content\/uploads\/2025\/04\/Electrosuisse_Logo_696x696.png\",\"width\":696,\"height\":696,\"caption\":\"Electrosuisse\"},\"image\":{\"@id\":\"https:\/\/www.electrosuisse.ch\/de\/#\/schema\/logo\/image\/\"},\"sameAs\":[\"https:\/\/www.linkedin.com\/company\/electrosuisse-ag\/posts\/?feedView=all\",\"https:\/\/www.instagram.com\/electrosuisse1889\/\",\"https:\/\/www.youtube.com\/channel\/UCoOxohMiVE0Gjcdis1L09zw\"],\"description\":\"Electrosuisse ist eine anerkannte und unabh\u00e4ngige Fachorganisation, die erstklassige Dienstleistungen und Produkte in den Bereichen Inspektion, Beratung, Pr\u00fcfung, Zertifizierung, Normung und Weiterbildung anbietet. Unsere Expertise umfasst Elektrotechnik, Elektromobilit\u00e4t, Energieberatung, Geb\u00e4udeautomation und Photovoltaik in der Schweiz. Durch die Veranstaltung etablierter Branchen-Events und Fachtagungen f\u00f6rdert Electrosuisse den Wissenstransfer und den fachlichen Austausch. Im Mittelpunkt unserer T\u00e4tigkeiten steht die F\u00f6rderung der sicheren, wirtschaftlichen und umweltgerechten Anwendung der Elektrotechnik.\"}]}<\/script>\n<!-- \/ Yoast SEO Premium plugin. -->","yoast_head_json":{"title":"Art-Map E-Mobilit\u00e4t \u2013 Der Antrieb der Zukunft","description":"Map, begleitende Brosch\u00fcre und ein interaktives Tool von Electrosuisse zum Thema Elektromobilit\u00e4t f\u00fcr eine einfache Anwendung abstrakten Wissens auf konkrete Fragestellungen.","robots":{"index":"index","follow":"follow","max-snippet":"max-snippet:-1","max-image-preview":"max-image-preview:large","max-video-preview":"max-video-preview:-1"},"canonical":"https:\/\/www.electrosuisse.ch\/de\/mobilitaet\/e-mobilitaet-map\/","og_locale":"de_DE","og_type":"article","og_title":"Art-Map E-Mobilit\u00e4t \u2013 Der Antrieb der Zukunft","og_description":"Map, begleitende Brosch\u00fcre und ein interaktives Tool von Electrosuisse zum Thema Elektromobilit\u00e4t f\u00fcr eine einfache Anwendung abstrakten Wissens auf konkrete Fragestellungen.","og_url":"https:\/\/www.electrosuisse.ch\/de\/mobilitaet\/e-mobilitaet-map\/","og_site_name":"Electrosuisse","article_modified_time":"2026-03-16T13:35:25+00:00","og_image":[{"width":1578,"height":650,"url":"https:\/\/www.electrosuisse.ch\/wp-content\/uploads\/2023\/08\/Map_Emob_1660x470.jpg","type":"image\/jpeg"}],"schema":{"@context":"https:\/\/schema.org","@graph":[{"@type":"WebPage","@id":"https:\/\/www.electrosuisse.ch\/de\/mobilitaet\/e-mobilitaet-map\/","url":"https:\/\/www.electrosuisse.ch\/de\/mobilitaet\/e-mobilitaet-map\/","name":"Art-Map E-Mobilit\u00e4t \u2013 Der Antrieb der Zukunft","isPartOf":{"@id":"https:\/\/www.electrosuisse.ch\/de\/#website"},"datePublished":"2023-05-02T09:01:57+00:00","dateModified":"2026-03-16T13:35:25+00:00","description":"Map, begleitende Brosch\u00fcre und ein interaktives Tool von Electrosuisse zum Thema Elektromobilit\u00e4t f\u00fcr eine einfache Anwendung abstrakten Wissens auf konkrete Fragestellungen.","breadcrumb":{"@id":"https:\/\/www.electrosuisse.ch\/de\/mobilitaet\/e-mobilitaet-map\/#breadcrumb"},"inLanguage":"de","potentialAction":[{"@type":"ReadAction","target":["https:\/\/www.electrosuisse.ch\/de\/mobilitaet\/e-mobilitaet-map\/"]}]},{"@type":"BreadcrumbList","@id":"https:\/\/www.electrosuisse.ch\/de\/mobilitaet\/e-mobilitaet-map\/#breadcrumb","itemListElement":[{"@type":"ListItem","position":1,"name":"Mobilit\u00e4t","item":"https:\/\/www.electrosuisse.ch\/de\/mobilitaet\/"},{"@type":"ListItem","position":2,"name":"E-Mobilit\u00e4t \u2013 Map, Brosch\u00fcre und interaktives Tool"}]},{"@type":"WebSite","@id":"https:\/\/www.electrosuisse.ch\/de\/#website","url":"https:\/\/www.electrosuisse.ch\/de\/","name":"Electrosuisse","description":"","publisher":{"@id":"https:\/\/www.electrosuisse.ch\/de\/#organization"},"potentialAction":[{"@type":"SearchAction","target":{"@type":"EntryPoint","urlTemplate":"https:\/\/www.electrosuisse.ch\/de\/?s={search_term_string}"},"query-input":{"@type":"PropertyValueSpecification","valueRequired":true,"valueName":"search_term_string"}}],"inLanguage":"de"},{"@type":"Organization","@id":"https:\/\/www.electrosuisse.ch\/de\/#organization","name":"Electrosuisse","url":"https:\/\/www.electrosuisse.ch\/de\/","logo":{"@type":"ImageObject","inLanguage":"de","@id":"https:\/\/www.electrosuisse.ch\/de\/#\/schema\/logo\/image\/","url":"https:\/\/www.electrosuisse.ch\/wp-content\/uploads\/2025\/04\/Electrosuisse_Logo_696x696.png","contentUrl":"https:\/\/www.electrosuisse.ch\/wp-content\/uploads\/2025\/04\/Electrosuisse_Logo_696x696.png","width":696,"height":696,"caption":"Electrosuisse"},"image":{"@id":"https:\/\/www.electrosuisse.ch\/de\/#\/schema\/logo\/image\/"},"sameAs":["https:\/\/www.linkedin.com\/company\/electrosuisse-ag\/posts\/?feedView=all","https:\/\/www.instagram.com\/electrosuisse1889\/","https:\/\/www.youtube.com\/channel\/UCoOxohMiVE0Gjcdis1L09zw"],"description":"Electrosuisse ist eine anerkannte und unabh\u00e4ngige Fachorganisation, die erstklassige Dienstleistungen und Produkte in den Bereichen Inspektion, Beratung, Pr\u00fcfung, Zertifizierung, Normung und Weiterbildung anbietet. Unsere Expertise umfasst Elektrotechnik, Elektromobilit\u00e4t, Energieberatung, Geb\u00e4udeautomation und Photovoltaik in der Schweiz. Durch die Veranstaltung etablierter Branchen-Events und Fachtagungen f\u00f6rdert Electrosuisse den Wissenstransfer und den fachlichen Austausch. Im Mittelpunkt unserer T\u00e4tigkeiten steht die F\u00f6rderung der sicheren, wirtschaftlichen und umweltgerechten Anwendung der Elektrotechnik."}]}},"amp_enabled":true,"_links":{"self":[{"href":"https:\/\/www.electrosuisse.ch\/de\/wp-json\/wp\/v2\/pages\/30689","targetHints":{"allow":["GET"]}}],"collection":[{"href":"https:\/\/www.electrosuisse.ch\/de\/wp-json\/wp\/v2\/pages"}],"about":[{"href":"https:\/\/www.electrosuisse.ch\/de\/wp-json\/wp\/v2\/types\/page"}],"author":[{"embeddable":true,"href":"https:\/\/www.electrosuisse.ch\/de\/wp-json\/wp\/v2\/users\/6"}],"replies":[{"embeddable":true,"href":"https:\/\/www.electrosuisse.ch\/de\/wp-json\/wp\/v2\/comments?post=30689"}],"version-history":[{"count":10,"href":"https:\/\/www.electrosuisse.ch\/de\/wp-json\/wp\/v2\/pages\/30689\/revisions"}],"predecessor-version":[{"id":42959,"href":"https:\/\/www.electrosuisse.ch\/de\/wp-json\/wp\/v2\/pages\/30689\/revisions\/42959"}],"up":[{"embeddable":true,"href":"https:\/\/www.electrosuisse.ch\/de\/wp-json\/wp\/v2\/pages\/21746"}],"wp:attachment":[{"href":"https:\/\/www.electrosuisse.ch\/de\/wp-json\/wp\/v2\/media?parent=30689"}],"curies":[{"name":"wp","href":"https:\/\/api.w.org\/{rel}","templated":true}]}}