{"id":29632,"date":"2023-03-22T09:20:58","date_gmt":"2023-03-22T08:20:58","guid":{"rendered":"https:\/\/www.electrosuisse.ch\/?page_id=29632"},"modified":"2026-04-09T13:41:41","modified_gmt":"2026-04-09T11:41:41","slug":"abonnemente","status":"publish","type":"page","link":"https:\/\/www.electrosuisse.ch\/de\/medien\/abonnemente\/","title":{"rendered":"Abonnemente"},"content":{"rendered":"<div class=\"wpb-content-wrapper\"><p>[vc_row][vc_column][vc_column_text]Verschaffen Sie sich Know-How mit einem Abonnement von Electrosuisse. Unsere vielf\u00e4ltigen Angebote vermitteln viel Wissen und unterst\u00fctzen Sie im gesch\u00e4ftlichen Alltag und bei der Ausbildung.[\/vc_column_text][\/vc_column][\/vc_row][vc_row el_id=&#8221;bulletin&#8221;][vc_column][vc_row_inner][vc_column_inner width=&#8221;1\/2&#8243;][vc_column_text css=&#8221;&#8221;]<\/p>\n<h4>Bulletin.ch<\/h4>\n<p>[\/vc_column_text]<div class=\"wpb_text_image_column wpb_text_image_column--below wpb_content_element \"><div class=\"wpb_wrapper\"><div class=\"picture_container\"><picture><source media=\"(min-width: 769px)\" srcset=\"https:\/\/www.electrosuisse.ch\/wp-content\/uploads\/2026\/02\/Mockup-A_360x360.jpg\"><source media=\"(min-width: 415px)\" srcset=\"https:\/\/www.electrosuisse.ch\/wp-content\/uploads\/2026\/02\/Mockup-A_360x360.jpg\"><source media=\"(max-width: 414px)\" srcset=\"https:\/\/www.electrosuisse.ch\/wp-content\/uploads\/2026\/02\/Mockup-A_360x360.jpg 1x, https:\/\/www.electrosuisse.ch\/wp-content\/uploads\/2026\/02\/Mockup-A_360x360.jpg 2x\"><img decoding=\"async\" src=\"https:\/\/www.electrosuisse.ch\/wp-content\/uploads\/2026\/02\/Mockup-A_360x360.jpg\" alt=\"bulletin \u2013 Fachwissen im Abonnement\" \/><\/picture><\/div><p>8 Ausgaben pro Jahr, thematische Schwerpunkte:<\/p>\n<ul>\n<li>Energienetze<\/li>\n<li>Mobilit\u00e4t<\/li>\n<li>IT f\u00fcr EVU<\/li>\n<li>Wasserkraft<\/li>\n<li>Smart Energy<\/li>\n<li>Erneuerbare Energien<\/li>\n<li>Energiespeicherung<\/li>\n<li>Energiezukunft<\/li>\n<\/ul>\n<p>Ob als Printausgabe oder online auf <a href=\"https:\/\/www.bulletin.ch\/\" target=\"_blank\" rel=\"noopener\">bulletin.ch<\/a>\u2013 die Fachzeitschrift f\u00fcr die Branche.<\/p>\n<\/div><\/div>[\/vc_column_inner][vc_column_inner width=&#8221;1\/2&#8243;][vc_column_text css=&#8221;&#8221;]<\/p>\n<h4>electra.ch<\/h4>\n<p>[\/vc_column_text]<div class=\"wpb_text_image_column wpb_text_image_column--below wpb_content_element \"><div class=\"wpb_wrapper\"><div class=\"picture_container\"><picture><source media=\"(min-width: 769px)\" srcset=\"https:\/\/www.electrosuisse.ch\/wp-content\/uploads\/2025\/07\/Electra-Medienuebersicht-360x360.png\"><source media=\"(min-width: 415px)\" srcset=\"https:\/\/www.electrosuisse.ch\/wp-content\/uploads\/2025\/07\/Electra-Medienuebersicht-768x768.png\"><source media=\"(max-width: 414px)\" srcset=\"https:\/\/www.electrosuisse.ch\/wp-content\/uploads\/2025\/07\/Electra-Medienuebersicht-414x414.png 1x, https:\/\/www.electrosuisse.ch\/wp-content\/uploads\/2025\/07\/Electra-Medienuebersicht-768x768.png 2x\"><img decoding=\"async\" src=\"https:\/\/www.electrosuisse.ch\/wp-content\/uploads\/2025\/07\/Electra-Medienuebersicht-360x360.png\" alt=\"electra.ch \u2013 Die Zeitschrift fu\u0308r Elektrofachleute\" \/><\/picture><\/div>\n<div class=\"wpb_text_column wpb_content_element is-visible\">\n<div class=\"wpb_wrapper\">\n<p>6 Ausgaben pro Jahr, thematische Schwerpunkte:<\/p>\n<ul>\n<li>Elektrotechnik<\/li>\n<li>Elektromobilit\u00e4t<\/li>\n<li>Smart Home &amp; Building<\/li>\n<li>Beleuchtungstechnik<\/li>\n<li>Erneuerbare Energien<\/li>\n<li>Sicherheit<\/li>\n<li>Bildung<\/li>\n<li>Normen<\/li>\n<\/ul>\n<\/div>\n<\/div>\n<div class=\"wpb_text_image_column wpb_text_image_column--below wpb_content_element is-visible\">\n<div class=\"wpb_wrapper\">\n<p>Ob als Printausgabe oder online auf\u00a0<a href=\"https:\/\/www.electra.ch\/\">electra.ch<\/a>\u00a0\u2013 die Fachzeitschrift f\u00fcr die Branche.<\/p>\n<\/div>\n<\/div>\n<p>\n<\/div><\/div>[\/vc_column_inner][\/vc_row_inner][\/vc_column][\/vc_row][vc_row el_id=&#8221;nin&#8221;][vc_column][vc_column_text css=&#8221;&#8221;]<\/p>\n<h3>NIN 2025 NIBT Abonnement<\/h3>\n<p>Das massgeschneiderte Web-Abo mit gezielter Suchfunktion, automatischen Updates und standortunabh\u00e4ngiger Nutzung.[\/vc_column_text][vc_column_text]<strong>Bestellung und Nutzung<\/strong><br \/>\nDie Nutzung des Online-Abos erfolgt auf der NIN-Web-Plattform. Das Abo kann auf unterschiedlichen Ger\u00e4ten (Desktop, Laptop, Tablet, Smartphone) genutzt werden.<br \/>\nPro Login (= E-Mail-Adresse) kann nur ein Online-Abo bestellt und genutzt werden. F\u00fcr die gleichzeitige Nutzung durch mehrere Benutzer m\u00fcssen mehrere Abos bestellt werden.[\/vc_column_text][vc_row_inner][vc_column_inner width=&#8221;1\/3&#8243;]<div class=\"wpb_pricetable_column wpb_content_element\"><div class=\"wpb_wrapper\"><div class=\"pricetable button_animation\"><a href=\"https:\/\/shop.electrosuisse.ch\/de\/DV-NIDAL-2549.html\" target=\"_blank\" rel=\"noopener\" class=\"full\">Jetzt abonnieren<\/a><div class=\"pricetable__header\"><div class=\"pricetable__title\">Light<\/div><div class=\"pricetable__price\"><span>CHF<\/span>140.00<\/div><div class=\"pricetable__info\"><p>Mitglieder-Preis: 119.00<br \/>\n(inkl. MwSt.\/Jahr)<\/p>\n<\/div><\/div><div class=\"pricetable__content\"><div class=\"pricetable__service\"><p>NIN Online NIBT<\/p>\n<\/div><div class=\"pricetable__service\"><p>ESTI Weisungen<\/p>\n<\/div><div class=\"pricetable__service\"><p>SNR 461439<\/p>\n<\/div><div class=\"pricetable__service\"><p>SNR 480761<\/p>\n<\/div><div class=\"pricetable__service pricetable__service--disable\"><p>NIN Multinorm<\/p>\n<\/div><div class=\"pricetable__service pricetable__service--disable\"><p>SNG 491000 Info-Abo<\/p>\n<\/div><div class=\"pricetable__service pricetable__service--disable\"><p>SN 414022<\/p>\n<\/div><div class=\"pricetable__service pricetable__service--disable\"><p>SN 414113<\/p>\n<\/div><div class=\"pricetable__service pricetable__service--disable\"><p>SNG 483755<\/p>\n<\/div><div class=\"pricetable__service pricetable__service--disable\"><p>SNG 482638<\/p>\n<\/div><div class=\"pricetable__service pricetable__service--disable\"><p>SNR 460712<\/p>\n<\/div><\/div><div class=\"button button--ghost\"><div>Jetzt abonnieren<\/div><\/div><\/div><\/div><\/div>[\/vc_column_inner][vc_column_inner width=&#8221;1\/3&#8243;]<div class=\"wpb_pricetable_column wpb_content_element\"><div class=\"wpb_wrapper\"><div class=\"pricetable button_animation\"><a href=\"https:\/\/shop.electrosuisse.ch\/de\/DV-NIDAS-2550.html\" target=\"_blank\" rel=\"noopener\" class=\"full\">Jetzt abonnieren<\/a><div class=\"pricetable__header\"><div class=\"pricetable__title\">Standard<\/div><div class=\"pricetable__price\"><span>CHF<\/span>330.00<\/div><div class=\"pricetable__info\"><p>Mitglieder-Preis CHF 280.50<br \/>\n(inkl. MwSt.\/Jahr)<\/p>\n<\/div><\/div><div class=\"pricetable__content\"><div class=\"pricetable__service\"><p>NIN Online NIBT<\/p>\n<\/div><div class=\"pricetable__service\"><p>ESTI Weisungen<\/p>\n<\/div><div class=\"pricetable__service\"><p>SNR 461439<\/p>\n<\/div><div class=\"pricetable__service\"><p>SNR 480761<\/p>\n<\/div><div class=\"pricetable__service\"><p>NIN Multinorm<\/p>\n<\/div><div class=\"pricetable__service\"><p>SNG 491000 Info-Abo<\/p>\n<\/div><div class=\"pricetable__service\"><p>SN 414022<\/p>\n<\/div><div class=\"pricetable__service\"><p>SN 414113<\/p>\n<\/div><div class=\"pricetable__service pricetable__service--disable\"><p>SNG 483755<\/p>\n<\/div><div class=\"pricetable__service pricetable__service--disable\"><p>SNG 482638<\/p>\n<\/div><div class=\"pricetable__service pricetable__service--disable\"><p>SNR 460712<\/p>\n<\/div><\/div><div class=\"button button--ghost\"><div>Jetzt abonnieren<\/div><\/div><\/div><\/div><\/div>[\/vc_column_inner][vc_column_inner width=&#8221;1\/3&#8243;]<div class=\"wpb_pricetable_column wpb_content_element\"><div class=\"wpb_wrapper\"><div class=\"pricetable button_animation\"><a href=\"https:\/\/shop.electrosuisse.ch\/de\/DV-NIDAC-2548.html\" target=\"_blank\" rel=\"noopener\" class=\"full\">Jetzt abonnieren<\/a><div class=\"pricetable__header\"><div class=\"pricetable__title\">Comfort<\/div><div class=\"pricetable__price\"><span>CHF<\/span>380.00<\/div><div class=\"pricetable__info\"><p>Mitglieder-Preis CHF 323.00<br \/>\n(inkl. MwSt.\/Jahr)<\/p>\n<\/div><\/div><div class=\"pricetable__content\"><div class=\"pricetable__service\"><p>NIN Online NIBT<\/p>\n<\/div><div class=\"pricetable__service\"><p>ESTI Weisungen<\/p>\n<\/div><div class=\"pricetable__service\"><p>SNR 461439<\/p>\n<\/div><div class=\"pricetable__service\"><p>SNR 480761<\/p>\n<\/div><div class=\"pricetable__service\"><p>NIN Multinorm<\/p>\n<\/div><div class=\"pricetable__service\"><p>SNG 491000 Info-Abo<\/p>\n<\/div><div class=\"pricetable__service\"><p>SN 414022<\/p>\n<\/div><div class=\"pricetable__service\"><p>SN 414113<\/p>\n<\/div><div class=\"pricetable__service\"><p>SNG 483755<\/p>\n<\/div><div class=\"pricetable__service\"><p>SNG 482638<\/p>\n<\/div><div class=\"pricetable__service\"><p>SNR 460712<\/p>\n<\/div><\/div><div class=\"button button--ghost\"><div>Jetzt abonnieren<\/div><\/div><\/div><\/div><\/div>[\/vc_column_inner][\/vc_row_inner][vc_column_text]<strong>Das Abonnement ist ein Jahresabonnement und wird ohne rechtzeitige K\u00fcndigung automatisch verl\u00e4ngert.<\/strong>[\/vc_column_text][vc_column_text]Weitere Angebote wie Bundles (Online und Ordner A4), nur Ordner A4, Compact (Ordner A5) oder Art-Maps zum Thema, finden Sie in unserem <a href=\"https:\/\/shop.electrosuisse.ch\/de\/normen-und-produkte\/produkte\/nin-produkte\/\" target=\"_blank\" rel=\"noopener\">Shop<\/a>.[\/vc_column_text][\/vc_column][\/vc_row][vc_row disable_element=&#8221;yes&#8221; el_id=&#8221;toolbox&#8221;][vc_column][vc_column_text css=&#8221;&#8221;]<\/p>\n<h3>Toolbox Abonnement<\/h3>\n<p>Mit der Toolbox stehen Ihnen verschiedene Tools kostenlos wie auch kostenpflichtig zur Verf\u00fcgung.[\/vc_column_text][vc_column_text]<strong>Bestellung und Nutzung<\/strong><br \/>\nDie Nutzung des Online-Abos erfolgt auf der Toolbox-Web-Plattform. Das Abo kann auf unterschiedlichen Ger\u00e4ten (Desktop, Laptop, Tablet, Smartphone) genutzt werden.<br \/>\nPro Login (= E-Mail-Adresse) kann nur ein Online-Abo bestellt und genutzt werden. F\u00fcr die gleichzeitige Nutzung durch mehrere Benutzer m\u00fcssen mehrere Abos bestellt werden.[\/vc_column_text][vc_row_inner][vc_column_inner width=&#8221;1\/3&#8243;]<div class=\"wpb_pricetable_column wpb_content_element\"><div class=\"wpb_wrapper\"><div class=\"pricetable button_animation\"><a href=\"https:\/\/shop.electrosuisse.ch\/de\/DV-TOOLBOXAP-55259.html\" target=\"_blank\" rel=\"noopener\" class=\"full\">Jetzt abonnieren<\/a><div class=\"pricetable__header\"><div class=\"pricetable__title\">f\u00fcr Fachpersonen<\/div><div class=\"pricetable__price\"><span>CHF<\/span>72.\u2014<\/div><div class=\"pricetable__info\"><p>Mitglieder-Preis CHF 61.20<br \/>\n(exkl. MwSt.\/Jahr)<\/p>\n<\/div><\/div><div class=\"pricetable__content\"><div class=\"pricetable__service\"><p>Belvoto<\/p>\n<\/div><div class=\"pricetable__service\"><p>Anlagenplanung<\/p>\n<\/div><div class=\"pricetable__service pricetable__service--disable\"><p>E-Learning<\/p>\n<\/div><div class=\"pricetable__service pricetable__service--disable\"><p>Pr\u00fcfungsgenerator<\/p>\n<\/div><div class=\"pricetable__service pricetable__service--disable\"><p>Klassenverwaltung<\/p>\n<\/div><div class=\"pricetable__service\"><p>NIN Historie<\/p>\n<\/div><div class=\"pricetable__service\"><p>Technikforum<\/p>\n<\/div><div class=\"pricetable__service\"><p>Infodossier<\/p>\n<\/div><\/div><div class=\"button button--ghost\"><div>Jetzt abonnieren<\/div><\/div><\/div><\/div><\/div>[\/vc_column_inner][vc_column_inner width=&#8221;1\/3&#8243;][\/vc_column_inner][vc_column_inner width=&#8221;1\/3&#8243;][\/vc_column_inner][\/vc_row_inner][vc_column_text]<strong>Das Abonnement ist ein Jahresabonnement und wird ohne rechtzeitige K\u00fcndigung automatisch verl\u00e4ngert.<\/strong>[\/vc_column_text][\/vc_column][\/vc_row][vc_row el_id=&#8221;sng&#8221;][vc_column][vc_column_text]<\/p>\n<h3>SNG 49100 Abonnement<\/h3>\n<p>Die SNG 491000 enth\u00e4lt Erkl\u00e4rungen und Beispiele aus der Praxis. Entscheide und Bestimmungen von Fachgremien und Beh\u00f6rden werden verst\u00e4ndlich erl\u00e4utert.[\/vc_column_text]<div class=\"wpb_text_image_column wpb_text_image_column--below wpb_content_element \"><div class=\"wpb_wrapper\"><div class=\"picture_container\"><picture><source media=\"(min-width: 769px)\" srcset=\"https:\/\/www.electrosuisse.ch\/wp-content\/uploads\/2023\/03\/WB-SNG491000OL_L_1-360x361.jpg\"><source media=\"(min-width: 415px)\" srcset=\"https:\/\/www.electrosuisse.ch\/wp-content\/uploads\/2023\/03\/WB-SNG491000OL_L_1-768x768.jpg\"><source media=\"(max-width: 414px)\" srcset=\"https:\/\/www.electrosuisse.ch\/wp-content\/uploads\/2023\/03\/WB-SNG491000OL_L_1-414x415.jpg 1x, https:\/\/www.electrosuisse.ch\/wp-content\/uploads\/2023\/03\/WB-SNG491000OL_L_1-768x768.jpg 2x\"><img decoding=\"async\" src=\"https:\/\/www.electrosuisse.ch\/wp-content\/uploads\/2023\/03\/WB-SNG491000OL_L_1-360x361.jpg\" alt=\"SNG 49100\" \/><\/picture><\/div>\n<ul>\n<li>Alle g\u00fcltigen Dokumente als pdf-Dateien zum Download<\/li>\n<li>Dreimal j\u00e4hrlich erg\u00e4nzt mit Updates und News<\/li>\n<li>Mit Login und Passwort gelangen Sie in das Kundenportal\u00a0<a href=\"https:\/\/my.electrosuisse.ch\/de\/login.htm\" target=\"_blank\" rel=\"noopener\">myElectrosuisse<\/a><\/li>\n<li>direkter Zugriff auf alle Informationen<\/li>\n<\/ul>\n<p>\n<\/div><\/div><div class=\"wpb_button_column wpb_content_element wpb_content_element--left\"><div class=\"wpb_wrapper\"><div class=\"button button--normal\"><a href=\"https:\/\/shop.electrosuisse.ch\/de\/WB-SNG491000OL-205.html\" target=\"_blank\" >Jetzt abonnieren<\/a><\/div><\/div><\/div>[vc_column_text]<strong>Das Abonnement ist ein Jahresabonnement und wird ohne rechtzeitige K\u00fcndigung automatisch verl\u00e4ngert.<\/strong>[\/vc_column_text]<div class=\"wpb_gap_column wpb_content_element\"><div class=\"wpb_wrapper\"><div class=\"gap gap--small\"><\/div><\/div><\/div>[vc_column_text]<\/p>\n<h3>SNG 491000 Abo Update<\/h3>\n<p>[\/vc_column_text]<div class=\"wpb_text_image_column wpb_text_image_column--below wpb_content_element \"><div class=\"wpb_wrapper\"><div class=\"picture_container\"><picture><source media=\"(min-width: 769px)\" srcset=\"https:\/\/www.electrosuisse.ch\/wp-content\/uploads\/2023\/06\/WB-SNG491000PD_L_1-1-360x466.jpg\"><source media=\"(min-width: 415px)\" srcset=\"https:\/\/www.electrosuisse.ch\/wp-content\/uploads\/2023\/06\/WB-SNG491000PD_L_1-1-594x768.jpg\"><source media=\"(max-width: 414px)\" srcset=\"https:\/\/www.electrosuisse.ch\/wp-content\/uploads\/2023\/06\/WB-SNG491000PD_L_1-1-414x535.jpg 1x, https:\/\/www.electrosuisse.ch\/wp-content\/uploads\/2023\/06\/WB-SNG491000PD_L_1-1-594x768.jpg 2x\"><img decoding=\"async\" src=\"https:\/\/www.electrosuisse.ch\/wp-content\/uploads\/2023\/06\/WB-SNG491000PD_L_1-1-360x466.jpg\" alt=\"SNG 491000 Abo Update\" \/><\/picture><\/div><p>Als Erg\u00e4nzung zum Ordner A4.<\/p>\n<p>Bleiben Sie auf dem aktuellsten Stand mit unserem Print-Lieferservice bei Updates der SNG 491000.<\/p>\n<\/div><\/div><div class=\"wpb_button_column wpb_content_element wpb_content_element--left\"><div class=\"wpb_wrapper\"><div class=\"button button--normal\"><a href=\"https:\/\/shop.electrosuisse.ch\/de\/WB-SNG491000PD-210.html\" target=\"_blank\" >Jetzt abonnieren<\/a><\/div><\/div><\/div>[vc_column_text]<strong>Das Abonnement ist ein Jahresabonnement und wird ohne rechtzeitige K\u00fcndigung automatisch verl\u00e4ngert.<\/strong>[\/vc_column_text][vc_column_text]Weitere Angebote zum Thema finden Sie in unserem <a href=\"https:\/\/shop.electrosuisse.ch\/de\/normen-und-produkte\/produkte\/sng-491000\/\" target=\"_blank\" rel=\"noopener\">Shop<\/a>.[\/vc_column_text][\/vc_column][\/vc_row]<\/p>\n<\/div>","protected":false},"excerpt":{"rendered":"<p>[vc_row][vc_column][vc_column_text]Verschaffen Sie sich Know-How mit einem Abonnement von Electrosuisse. Unsere vielf\u00e4ltigen Angebote vermitteln viel Wissen und unterst\u00fctzen Sie im gesch\u00e4ftlichen Alltag und bei der Ausbildung.[\/vc_column_text][\/vc_column][\/vc_row][vc_row el_id=&#8221;bulletin&#8221;][vc_column][vc_row_inner][vc_column_inner width=&#8221;1\/2&#8243;][vc_column_text css=&#8221;&#8221;] Bulletin.ch [\/vc_column_text][\/vc_column_inner][vc_column_inner width=&#8221;1\/2&#8243;][vc_column_text css=&#8221;&#8221;] electra.ch [\/vc_column_text][\/vc_column_inner][\/vc_row_inner][\/vc_column][\/vc_row][vc_row el_id=&#8221;nin&#8221;][vc_column][vc_column_text css=&#8221;&#8221;] NIN 2025 NIBT Abonnement Das massgeschneiderte Web-Abo mit gezielter Suchfunktion, automatischen Updates und standortunabh\u00e4ngiger Nutzung.[\/vc_column_text][vc_column_text]Bestellung und Nutzung Die Nutzung [&hellip;]<\/p>\n","protected":false},"author":6,"featured_media":0,"parent":193,"menu_order":60,"comment_status":"closed","ping_status":"closed","template":"","meta":{"_acf_changed":false,"_monsterinsights_skip_tracking":false,"_monsterinsights_sitenote_active":false,"_monsterinsights_sitenote_note":"","_monsterinsights_sitenote_category":0,"footnotes":""},"class_list":["post-29632","page","type-page","status-publish","hentry"],"acf":[],"yoast_head":"<!-- This site is optimized with the Yoast SEO Premium plugin v26.4 (Yoast SEO v27.0) - https:\/\/yoast.com\/product\/yoast-seo-premium-wordpress\/ -->\n<title>Abonnemente - Electrosuisse<\/title>\n<meta name=\"description\" content=\"Unsere vielf\u00e4ltigen Abonnemente vermitteln viel Wissen und unterst\u00fctzen Sie im gesch\u00e4ftlichen Alltag und bei der Ausbildung.\" \/>\n<meta name=\"robots\" content=\"index, follow, max-snippet:-1, max-image-preview:large, max-video-preview:-1\" \/>\n<link rel=\"canonical\" href=\"https:\/\/www.electrosuisse.ch\/de\/medien\/abonnemente\/\" \/>\n<meta property=\"og:locale\" content=\"de_DE\" \/>\n<meta property=\"og:type\" content=\"article\" \/>\n<meta property=\"og:title\" content=\"Abonnemente - Electrosuisse\" \/>\n<meta property=\"og:description\" content=\"Unsere vielf\u00e4ltigen Abonnemente vermitteln viel Wissen und unterst\u00fctzen Sie im gesch\u00e4ftlichen Alltag und bei der Ausbildung.\" \/>\n<meta property=\"og:url\" content=\"https:\/\/www.electrosuisse.ch\/de\/medien\/abonnemente\/\" \/>\n<meta property=\"og:site_name\" content=\"Electrosuisse\" \/>\n<meta property=\"article:modified_time\" content=\"2026-04-09T11:41:41+00:00\" \/>\n<meta property=\"og:image\" content=\"https:\/\/www.electrosuisse.ch\/wp-content\/uploads\/2026\/02\/Abonnemente_Uebersicht_2026_1660x470-1.jpg\" \/>\n\t<meta property=\"og:image:width\" content=\"1578\" \/>\n\t<meta property=\"og:image:height\" content=\"650\" \/>\n\t<meta property=\"og:image:type\" content=\"image\/jpeg\" \/>\n<script type=\"application\/ld+json\" class=\"yoast-schema-graph\">{\"@context\":\"https:\/\/schema.org\",\"@graph\":[{\"@type\":\"WebPage\",\"@id\":\"https:\/\/www.electrosuisse.ch\/de\/medien\/abonnemente\/\",\"url\":\"https:\/\/www.electrosuisse.ch\/de\/medien\/abonnemente\/\",\"name\":\"Abonnemente - Electrosuisse\",\"isPartOf\":{\"@id\":\"https:\/\/www.electrosuisse.ch\/de\/#website\"},\"datePublished\":\"2023-03-22T08:20:58+00:00\",\"dateModified\":\"2026-04-09T11:41:41+00:00\",\"description\":\"Unsere vielf\u00e4ltigen Abonnemente vermitteln viel Wissen und unterst\u00fctzen Sie im gesch\u00e4ftlichen Alltag und bei der Ausbildung.\",\"breadcrumb\":{\"@id\":\"https:\/\/www.electrosuisse.ch\/de\/medien\/abonnemente\/#breadcrumb\"},\"inLanguage\":\"de\",\"potentialAction\":[{\"@type\":\"ReadAction\",\"target\":[\"https:\/\/www.electrosuisse.ch\/de\/medien\/abonnemente\/\"]}]},{\"@type\":\"BreadcrumbList\",\"@id\":\"https:\/\/www.electrosuisse.ch\/de\/medien\/abonnemente\/#breadcrumb\",\"itemListElement\":[{\"@type\":\"ListItem\",\"position\":1,\"name\":\"Medien\",\"item\":\"https:\/\/www.electrosuisse.ch\/de\/medien\/\"},{\"@type\":\"ListItem\",\"position\":2,\"name\":\"Abonnemente\"}]},{\"@type\":\"WebSite\",\"@id\":\"https:\/\/www.electrosuisse.ch\/de\/#website\",\"url\":\"https:\/\/www.electrosuisse.ch\/de\/\",\"name\":\"Electrosuisse\",\"description\":\"\",\"publisher\":{\"@id\":\"https:\/\/www.electrosuisse.ch\/de\/#organization\"},\"potentialAction\":[{\"@type\":\"SearchAction\",\"target\":{\"@type\":\"EntryPoint\",\"urlTemplate\":\"https:\/\/www.electrosuisse.ch\/de\/?s={search_term_string}\"},\"query-input\":{\"@type\":\"PropertyValueSpecification\",\"valueRequired\":true,\"valueName\":\"search_term_string\"}}],\"inLanguage\":\"de\"},{\"@type\":\"Organization\",\"@id\":\"https:\/\/www.electrosuisse.ch\/de\/#organization\",\"name\":\"Electrosuisse\",\"url\":\"https:\/\/www.electrosuisse.ch\/de\/\",\"logo\":{\"@type\":\"ImageObject\",\"inLanguage\":\"de\",\"@id\":\"https:\/\/www.electrosuisse.ch\/de\/#\/schema\/logo\/image\/\",\"url\":\"https:\/\/www.electrosuisse.ch\/wp-content\/uploads\/2025\/04\/Electrosuisse_Logo_696x696.png\",\"contentUrl\":\"https:\/\/www.electrosuisse.ch\/wp-content\/uploads\/2025\/04\/Electrosuisse_Logo_696x696.png\",\"width\":696,\"height\":696,\"caption\":\"Electrosuisse\"},\"image\":{\"@id\":\"https:\/\/www.electrosuisse.ch\/de\/#\/schema\/logo\/image\/\"},\"sameAs\":[\"https:\/\/www.linkedin.com\/company\/electrosuisse-ag\/posts\/?feedView=all\",\"https:\/\/www.instagram.com\/electrosuisse1889\/\",\"https:\/\/www.youtube.com\/channel\/UCoOxohMiVE0Gjcdis1L09zw\"],\"description\":\"Electrosuisse ist eine anerkannte und unabh\u00e4ngige Fachorganisation, die erstklassige Dienstleistungen und Produkte in den Bereichen Inspektion, Beratung, Pr\u00fcfung, Zertifizierung, Normung und Weiterbildung anbietet. Unsere Expertise umfasst Elektrotechnik, Elektromobilit\u00e4t, Energieberatung, Geb\u00e4udeautomation und Photovoltaik in der Schweiz. Durch die Veranstaltung etablierter Branchen-Events und Fachtagungen f\u00f6rdert Electrosuisse den Wissenstransfer und den fachlichen Austausch. Im Mittelpunkt unserer T\u00e4tigkeiten steht die F\u00f6rderung der sicheren, wirtschaftlichen und umweltgerechten Anwendung der Elektrotechnik.\"}]}<\/script>\n<!-- \/ Yoast SEO Premium plugin. -->","yoast_head_json":{"title":"Abonnemente - Electrosuisse","description":"Unsere vielf\u00e4ltigen Abonnemente vermitteln viel Wissen und unterst\u00fctzen Sie im gesch\u00e4ftlichen Alltag und bei der Ausbildung.","robots":{"index":"index","follow":"follow","max-snippet":"max-snippet:-1","max-image-preview":"max-image-preview:large","max-video-preview":"max-video-preview:-1"},"canonical":"https:\/\/www.electrosuisse.ch\/de\/medien\/abonnemente\/","og_locale":"de_DE","og_type":"article","og_title":"Abonnemente - Electrosuisse","og_description":"Unsere vielf\u00e4ltigen Abonnemente vermitteln viel Wissen und unterst\u00fctzen Sie im gesch\u00e4ftlichen Alltag und bei der Ausbildung.","og_url":"https:\/\/www.electrosuisse.ch\/de\/medien\/abonnemente\/","og_site_name":"Electrosuisse","article_modified_time":"2026-04-09T11:41:41+00:00","og_image":[{"width":1578,"height":650,"url":"https:\/\/www.electrosuisse.ch\/wp-content\/uploads\/2026\/02\/Abonnemente_Uebersicht_2026_1660x470-1.jpg","type":"image\/jpeg"}],"schema":{"@context":"https:\/\/schema.org","@graph":[{"@type":"WebPage","@id":"https:\/\/www.electrosuisse.ch\/de\/medien\/abonnemente\/","url":"https:\/\/www.electrosuisse.ch\/de\/medien\/abonnemente\/","name":"Abonnemente - Electrosuisse","isPartOf":{"@id":"https:\/\/www.electrosuisse.ch\/de\/#website"},"datePublished":"2023-03-22T08:20:58+00:00","dateModified":"2026-04-09T11:41:41+00:00","description":"Unsere vielf\u00e4ltigen Abonnemente vermitteln viel Wissen und unterst\u00fctzen Sie im gesch\u00e4ftlichen Alltag und bei der Ausbildung.","breadcrumb":{"@id":"https:\/\/www.electrosuisse.ch\/de\/medien\/abonnemente\/#breadcrumb"},"inLanguage":"de","potentialAction":[{"@type":"ReadAction","target":["https:\/\/www.electrosuisse.ch\/de\/medien\/abonnemente\/"]}]},{"@type":"BreadcrumbList","@id":"https:\/\/www.electrosuisse.ch\/de\/medien\/abonnemente\/#breadcrumb","itemListElement":[{"@type":"ListItem","position":1,"name":"Medien","item":"https:\/\/www.electrosuisse.ch\/de\/medien\/"},{"@type":"ListItem","position":2,"name":"Abonnemente"}]},{"@type":"WebSite","@id":"https:\/\/www.electrosuisse.ch\/de\/#website","url":"https:\/\/www.electrosuisse.ch\/de\/","name":"Electrosuisse","description":"","publisher":{"@id":"https:\/\/www.electrosuisse.ch\/de\/#organization"},"potentialAction":[{"@type":"SearchAction","target":{"@type":"EntryPoint","urlTemplate":"https:\/\/www.electrosuisse.ch\/de\/?s={search_term_string}"},"query-input":{"@type":"PropertyValueSpecification","valueRequired":true,"valueName":"search_term_string"}}],"inLanguage":"de"},{"@type":"Organization","@id":"https:\/\/www.electrosuisse.ch\/de\/#organization","name":"Electrosuisse","url":"https:\/\/www.electrosuisse.ch\/de\/","logo":{"@type":"ImageObject","inLanguage":"de","@id":"https:\/\/www.electrosuisse.ch\/de\/#\/schema\/logo\/image\/","url":"https:\/\/www.electrosuisse.ch\/wp-content\/uploads\/2025\/04\/Electrosuisse_Logo_696x696.png","contentUrl":"https:\/\/www.electrosuisse.ch\/wp-content\/uploads\/2025\/04\/Electrosuisse_Logo_696x696.png","width":696,"height":696,"caption":"Electrosuisse"},"image":{"@id":"https:\/\/www.electrosuisse.ch\/de\/#\/schema\/logo\/image\/"},"sameAs":["https:\/\/www.linkedin.com\/company\/electrosuisse-ag\/posts\/?feedView=all","https:\/\/www.instagram.com\/electrosuisse1889\/","https:\/\/www.youtube.com\/channel\/UCoOxohMiVE0Gjcdis1L09zw"],"description":"Electrosuisse ist eine anerkannte und unabh\u00e4ngige Fachorganisation, die erstklassige Dienstleistungen und Produkte in den Bereichen Inspektion, Beratung, Pr\u00fcfung, Zertifizierung, Normung und Weiterbildung anbietet. Unsere Expertise umfasst Elektrotechnik, Elektromobilit\u00e4t, Energieberatung, Geb\u00e4udeautomation und Photovoltaik in der Schweiz. Durch die Veranstaltung etablierter Branchen-Events und Fachtagungen f\u00f6rdert Electrosuisse den Wissenstransfer und den fachlichen Austausch. Im Mittelpunkt unserer T\u00e4tigkeiten steht die F\u00f6rderung der sicheren, wirtschaftlichen und umweltgerechten Anwendung der Elektrotechnik."}]}},"amp_enabled":true,"_links":{"self":[{"href":"https:\/\/www.electrosuisse.ch\/de\/wp-json\/wp\/v2\/pages\/29632","targetHints":{"allow":["GET"]}}],"collection":[{"href":"https:\/\/www.electrosuisse.ch\/de\/wp-json\/wp\/v2\/pages"}],"about":[{"href":"https:\/\/www.electrosuisse.ch\/de\/wp-json\/wp\/v2\/types\/page"}],"author":[{"embeddable":true,"href":"https:\/\/www.electrosuisse.ch\/de\/wp-json\/wp\/v2\/users\/6"}],"replies":[{"embeddable":true,"href":"https:\/\/www.electrosuisse.ch\/de\/wp-json\/wp\/v2\/comments?post=29632"}],"version-history":[{"count":84,"href":"https:\/\/www.electrosuisse.ch\/de\/wp-json\/wp\/v2\/pages\/29632\/revisions"}],"predecessor-version":[{"id":43905,"href":"https:\/\/www.electrosuisse.ch\/de\/wp-json\/wp\/v2\/pages\/29632\/revisions\/43905"}],"up":[{"embeddable":true,"href":"https:\/\/www.electrosuisse.ch\/de\/wp-json\/wp\/v2\/pages\/193"}],"wp:attachment":[{"href":"https:\/\/www.electrosuisse.ch\/de\/wp-json\/wp\/v2\/media?parent=29632"}],"curies":[{"name":"wp","href":"https:\/\/api.w.org\/{rel}","templated":true}]}}